{"id":71864,"date":"2025-12-06T07:39:58","date_gmt":"2025-12-06T06:39:58","guid":{"rendered":"https:\/\/www.keturist.sk\/info\/?page_id=71864"},"modified":"2025-12-06T08:14:54","modified_gmt":"2025-12-06T07:14:54","slug":"obri-v-raji-v-hnilciku","status":"publish","type":"page","link":"https:\/\/www.keturist.sk\/info\/zaujimavosti\/obri-v-raji-v-hnilciku\/","title":{"rendered":"Obri v raji v Hnil\u010d\u00edku"},"content":{"rendered":"<a href=\"https:\/\/www.keturist.sk\/info\/\" class=\"su-button su-button-style-default\" style=\"color:#000000;background-color:#FFCF2F;border-color:#cca626;border-radius:5px\" target=\"_self\"><span style=\"color:#000000;padding:6px 16px;font-size:13px;line-height:20px;border-color:#ffde6e;border-radius:5px;text-shadow:none\"><i class=\"sui sui-arrow-right\" style=\"font-size:13px;color:#000000\"><\/i>  Spravodaj <\/span><\/a>\n<a href=\"https:\/\/www.keturist.sk\/info\/tipy-na-vylety\/\" class=\"su-button su-button-style-default\" style=\"color:#000000;background-color:#FFCF2F;border-color:#cca626;border-radius:5px\" target=\"_self\"><span style=\"color:#000000;padding:6px 16px;font-size:13px;line-height:20px;border-color:#ffde6e;border-radius:5px;text-shadow:none\"><i class=\"sui sui-arrow-right\" style=\"font-size:13px;color:#000000\"><\/i>  TIPY NA V\u00ddLETY <\/span><\/a>\n<a href=\"https:\/\/www.keturist.sk\/info\/zaujimavosti\/\" class=\"su-button su-button-style-default\" style=\"color:#000000;background-color:#FFCF2F;border-color:#cca626;border-radius:5px\" target=\"_self\"><span style=\"color:#000000;padding:6px 16px;font-size:13px;line-height:20px;border-color:#ffde6e;border-radius:5px;text-shadow:none\"><i class=\"sui sui-arrow-right\" style=\"font-size:13px;color:#000000\"><\/i>  Zauj\u00edmavosti <\/span><\/a>\n<div class=\"su-divider su-divider-style-default\" style=\"margin:15px 0;border-width:0px;border-color:#000000\"><\/div>\n<p><strong>Lokaliz\u00e1cia: <\/strong><a href=\"https:\/\/www.keturist.sk\/info\/okolite-hory\/volovske-vrchy\/\">Volovsk\u00e9 vrchy<\/a><\/p>\n<figure id=\"attachment_71875\" aria-describedby=\"caption-attachment-71875\" style=\"width: 900px\" class=\"wp-caption aligncenter\"><a href=\"https:\/\/www.keturist.sk\/info\/wp-content\/uploads\/2025\/12\/obri-hnilcik3.jpg\"><img loading=\"lazy\" decoding=\"async\" class=\"wp-image-71875\" src=\"https:\/\/www.keturist.sk\/info\/wp-content\/uploads\/2025\/12\/obri-hnilcik3-800x446.jpg\" alt=\"Obri v raji v Hnil\u010d\u00edku\" width=\"900\" height=\"502\" srcset=\"https:\/\/www.keturist.sk\/info\/wp-content\/uploads\/2025\/12\/obri-hnilcik3-800x446.jpg 800w, https:\/\/www.keturist.sk\/info\/wp-content\/uploads\/2025\/12\/obri-hnilcik3-270x151.jpg 270w, https:\/\/www.keturist.sk\/info\/wp-content\/uploads\/2025\/12\/obri-hnilcik3-768x429.jpg 768w, https:\/\/www.keturist.sk\/info\/wp-content\/uploads\/2025\/12\/obri-hnilcik3.jpg 1000w\" sizes=\"auto, (max-width: 900px) 100vw, 900px\" \/><\/a><figcaption id=\"caption-attachment-71875\" class=\"wp-caption-text\">Obri v raji v Hnil\u010d\u00edku<\/figcaption><\/figure>\n<div class=\"su-divider su-divider-style-default\" style=\"margin:15px 0;border-width:2px;border-color:#000000\"><\/div>\n<div class=\"su-divider su-divider-style-default\" style=\"margin:15px 0;border-width:2px;border-color:#000000\"><\/div>\n<h2 dir=\"auto\"><span style=\"color: #800000;\">Kde sa nach\u00e1dza turistick\u00e1 atrakcia &#8222;<strong>Obri v raji v Hnil\u010d\u00edku&#8220;<\/strong> ?<\/span><\/h2>\n<p dir=\"auto\"><strong>Obri v raji v Hnil\u010d\u00edku<\/strong> le\u017eia v srdci Spi\u0161a, presne na hranici N\u00e1rodn\u00e9ho parku Slovensk\u00fd raj a Volovsk\u00fdch vrchov. Tento magick\u00fd z\u00e1\u017eitkov\u00fd are\u00e1l vznikol v b\u00fdvalom kame\u0148olome v obci Hnil\u010d\u00edk a pon\u00faka jedine\u010dn\u00e9 spojenie pr\u00edrody, legiend a ban\u00edckej hist\u00f3rie.<\/p>\n<h2 dir=\"auto\"><span style=\"color: #800000;\">\u010co v\u0161etko m\u00f4\u017eete za\u017ei\u0165 v <strong>Obri v raji v Hnil\u010d\u00edku<\/strong>?<\/span><\/h2>\n<p dir=\"auto\">V srdci obce Hnil\u010d\u00edk sme premenili star\u00fd lom na magick\u00fd pr\u00edrodn\u00fd are\u00e1l pln\u00fd z\u00e1\u017eitkov pre rodiny, turistov a milovn\u00edkov pr\u00edrody. \u010cak\u00e1 v\u00e1s:<\/p>\n<ul dir=\"auto\">\n<li>ve\u013ek\u00fd dreven\u00fd <strong>obor<\/strong> na vyhliadke<\/li>\n<li>tematick\u00e1 <strong>Cesta obrov<\/strong><\/li>\n<li>panoramatick\u00e1 terasa s v\u00fdh\u013eadom na <strong>Spi\u0161sk\u00fd hrad<\/strong> a Levo\u010du<\/li>\n<li>lesn\u00e9 chodn\u00edky a relax pri jazierku<\/li>\n<li>detsk\u00e9 ihrisko s <strong>obrom Hnilkom<\/strong><\/li>\n<li>The Rock Caf\u00e9 \u2013 ob\u010derstvenie pri jazere<\/li>\n<li><strong>Dog friendly<\/strong> &amp; <strong>Bike friendly<\/strong> are\u00e1l<\/li>\n<\/ul>\n<p dir=\"auto\"><strong>Obri v raji v Hnil\u010d\u00edku<\/strong> je nov\u00fd z\u00e1\u017eitkov\u00fd pr\u00edrodn\u00fd park, ktor\u00fd sp\u00e1ja m\u00fdty o <strong>obroch<\/strong>, ban\u00edcku hist\u00f3riu Spi\u0161a a pokoj pr\u00edrody <strong>Slovensk\u00e9ho raja<\/strong> a <strong>Volovsk\u00fdch vrchov<\/strong>. Je ide\u00e1lny pre rodiny s de\u0165mi, turistov aj v\u0161etk\u00fdch, ktor\u00ed chc\u00fa spozna\u0165 nie\u010do v\u00fdnimo\u010dn\u00e9 a nov\u00e9.<\/p>\n<h2 dir=\"auto\"><span style=\"color: #800000;\">Ak\u00fd v\u00fdh\u013ead pon\u00faka vyhliadkov\u00e1 terasa v <strong>Obri v raji v Hnil\u010d\u00edku<\/strong>?<\/span><\/h2>\n<p dir=\"auto\">Na vrchole star\u00e9ho kame\u0148olomu stoj\u00ed vyhliadkov\u00e1 terasa, z ktorej sa otv\u00e1ra jeden z najkraj\u0161\u00edch v\u00fdh\u013eadov na celom Spi\u0161i. Uvid\u00edte odtia\u013e <strong>Spi\u0161sk\u00fd hrad<\/strong>, Levo\u010du, Volovsk\u00e9 vrchy aj doliny <strong>Slovensk\u00e9ho raja<\/strong> \u2013 krajinu, ktor\u00fa kedysi str\u00e1\u017eili <strong>obri<\/strong> a ban\u00edci, ktor\u00ed v jej srdci h\u013eadali \u017eelezo a me\u010f.<\/p>\n<p dir=\"auto\">Pod\u013ea legendy pr\u00e1ve tu spo\u010d\u00edva <strong>obor<\/strong>, dobr\u00fd str\u00e1\u017eca krajiny, ktor\u00fd svoj\u00edm telom kedysi zachr\u00e1nil ban\u00edkov pred zosuvom sk\u00e1l. Dnes tu jeho duch v\u00edta ka\u017ed\u00e9ho n\u00e1v\u0161tevn\u00edka, ktor\u00fd vyst\u00fapi na vrchol.<\/p>\n<h2 dir=\"auto\"><span style=\"color: #800000;\">Kde si odd\u00fdchnu\u0165 a dopria\u0165 si nie\u010do dobr\u00e9 v <strong>Obri v raji<\/strong>?<\/span><\/h2>\n<p dir=\"auto\">Po v\u00fdstupe si odd\u00fdchnite v The Rock Caf\u00e9, kde v\u00f4\u0148a k\u00e1vy a \u010derstv\u00e9ho pe\u010diva spl\u00fdva s v\u00f4\u0148ou lesa. Kaviare\u0148 je miestom, kde sa stret\u00e1vaj\u00fa turisti, cyklisti aj rodiny. S v\u00fdh\u013eadom na jazero si m\u00f4\u017eete vychutna\u0165 palacinky, croissant \u010di poctiv\u00fa k\u00e1vu \u2013 a na\u010derpa\u0165 energiu pred n\u00e1vratom do doliny.<\/p>\n<h2 dir=\"auto\"><span style=\"color: #800000;\">\u010co symbolizuje jazierko Raja v are\u00e1li <strong>Obri v raji v Hnil\u010d\u00edku<\/strong>?<\/span><\/h2>\n<p dir=\"auto\">V srdci are\u00e1lu sa trblieta jazierko Raja \u2013 vytvoren\u00e9 na mieste, kde pod\u013ea legendy plakalo diev\u010da Raja, ke\u010f stratilo svojho brata <strong>obra<\/strong>. Jej slzy sa vraj premenili na vodu, ktor\u00e1 nikdy nevysych\u00e1. Dnes jazierko odr\u00e1\u017ea nebo, stromy aj tv\u00e1re t\u00fdch, ktor\u00ed sa pri \u0148om zastavia a zapo\u010d\u00favaj\u00fa do ticha. Je to miesto pokoja, fotografie a oddychu \u2013 dokonal\u00e9 pre chv\u00ed\u013eu zastavenia na ceste za v\u00fdh\u013eadom.<\/p>\n<h2 dir=\"auto\"><span style=\"color: #800000;\">Pre\u010do by ste mali nav\u0161t\u00edvi\u0165 <strong>Obri v raji v Hnil\u010d\u00edku<\/strong>?<\/span><\/h2>\n<p dir=\"auto\">Z\u00e1\u017eitkov\u00fd lom <strong>Obri v raji v Hnil\u010d\u00edku<\/strong> nie je len atrakcia \u2013 je to \u017eiv\u00e9 rozpr\u00e1vanie o Spi\u0161i. O hrdosti ban\u00edckych obc\u00ed, o pr\u00e1ci, ktor\u00e1 formovala krajinu, o <strong>obroch<\/strong>, ktor\u00ed symbolizuj\u00fa silu, odvahu a pokoru. Miesto, kde sa minulos\u0165 stret\u00e1va so s\u00fa\u010dasnos\u0165ou, kde m\u00f4\u017eete v ka\u017edom kameni c\u00edti\u0165 dotyk hist\u00f3rie a v ka\u017edom l\u00fa\u010di svetla iskru nov\u00e9ho \u017eivota.<\/p>\n<h3 dir=\"auto\"><span style=\"color: #808000;\"><strong>Presn\u00e1 adresa a kontakt:<\/strong> <\/span><\/h3>\n<p dir=\"auto\"><strong>OBRI V RAJI Hnil\u010d\u00edk <\/strong><\/p>\n<p dir=\"auto\">204 053 33 Hnil\u010d\u00edk<\/p>\n<p dir=\"auto\">okres Spi\u0161sk\u00e1 Nov\u00e1 Ves, Slovensko<\/p>\n<p dir=\"auto\"><strong>GPS:<\/strong> 48.87257188764, 20.525135008159<\/p>\n<p dir=\"auto\"><strong>Web:<\/strong> <a href=\"https:\/\/obrivraji.com\/\" target=\"_blank\" rel=\"noopener noreferrer nofollow\">https:\/\/obrivraji.com\/<\/a><\/p>\n<h2><span style=\"color: #800000;\">Otv\u00e1racie hodiny a vstupn\u00e9<\/span><\/h2>\n<ul>\n<li><a href=\"https:\/\/www.keturist.sk\/info\/obri-v-raji-v-hnilciku-otvaracie-hodiny-a-vstupne\/\" target=\"_blank\" rel=\"nofollow noopener\">Obri v raji v Hnil\u010d\u00edku &#8211; otv\u00e1racie hodiny a vstupn\u00e9 (\u010d\u00edtaj viac&#8230;)<\/a><\/li>\n<\/ul>\n<h2><span style=\"color: #800000;\">Fotogal\u00e9ria<\/span><\/h2>\n<style type=\"text\/css\">\n#foogallery-gallery-71872 .fg-image { width: 200px; }<\/style>\n\t\t\t<div class=\"foogallery foogallery-container foogallery-carousel foogallery-lightbox-foogallery fg-carousel fg-ready fg-light fg-border-medium fg-round-small fg-shadow-medium fg-loading-default fg-loaded-fade-in fg-hover-semi-zoomed fg-hover-fade fg-hover-circle-plus2\" id=\"foogallery-gallery-71872\" data-foogallery=\"{&quot;item&quot;:{&quot;showCaptionTitle&quot;:true,&quot;showCaptionDescription&quot;:true},&quot;lazy&quot;:true,&quot;template&quot;:{&quot;maxItems&quot;:5,&quot;scale&quot;:0.11999999999999999555910790149937383830547332763671875,&quot;gutter&quot;:{&quot;min&quot;:-40,&quot;max&quot;:-20,&quot;unit&quot;:&quot;%&quot;},&quot;autoplay&quot;:{&quot;time&quot;:0,&quot;interaction&quot;:&quot;pause&quot;},&quot;centerOnClick&quot;:true,&quot;align&quot;:&quot;center&quot;,&quot;activePosition&quot;:&quot;center&quot;}}\" data-foogallery-lightbox=\"{&quot;thumbs&quot;:&quot;bottom&quot;,&quot;thumbsCaptions&quot;:false,&quot;thumbsBestFit&quot;:false,&quot;thumbsSmall&quot;:false,&quot;thumbsCaptionsAlign&quot;:&quot;default&quot;,&quot;info&quot;:&quot;bottom&quot;,&quot;infoVisible&quot;:true,&quot;infoOverlay&quot;:true,&quot;infoAlign&quot;:&quot;default&quot;,&quot;transition&quot;:&quot;fade&quot;,&quot;hoverButtons&quot;:false,&quot;fitMedia&quot;:false,&quot;noScrollbars&quot;:true,&quot;preserveButtonSpace&quot;:true,&quot;buttons&quot;:{&quot;fullscreen&quot;:true,&quot;info&quot;:true,&quot;thumbs&quot;:false},&quot;video&quot;:{&quot;autoPlay&quot;:true}}\" style=\"--fg-title-line-clamp: 1; --fg-description-line-clamp: 2;\" >\n\t<button type=\"button\" class=\"fg-carousel-prev\" title=\"Previous\"><\/button>\n\t<div class=\"fg-carousel-inner\">\n\t\t<div class=\"fg-carousel-center\"><\/div>\n\t\t<div class=\"fg-item fg-type-image fg-idle\"><figure class=\"fg-item-inner\"><a href=\"https:\/\/www.keturist.sk\/info\/wp-content\/uploads\/2025\/12\/obri-hnilcik2.jpg\" data-attachment-id=\"71873\" data-type=\"image\" class=\"fg-thumb\"><span class=\"fg-image-wrap\"><img decoding=\"async\" alt=\"Obri v raji v Hnil\u010d\u00edku\" width=\"200\" height=\"200\" class=\"skip-lazy fg-image\" data-src-fg=\"https:\/\/www.keturist.sk\/info\/wp-content\/uploads\/cache\/2025\/12\/obri-hnilcik2\/176283985.jpg\" src=\"data:image\/svg+xml,%3Csvg%20xmlns%3D%22http%3A%2F%2Fwww.w3.org%2F2000%2Fsvg%22%20width%3D%22200%22%20height%3D%22200%22%20viewBox%3D%220%200%20200%20200%22%3E%3C%2Fsvg%3E\" loading=\"eager\"><\/span><span class=\"fg-image-overlay\"><\/span><\/a><\/figure><div class=\"fg-loader\"><\/div><\/div><div class=\"fg-item fg-type-image fg-idle\"><figure class=\"fg-item-inner\"><a href=\"https:\/\/www.keturist.sk\/info\/wp-content\/uploads\/2025\/12\/obri-hnilcik1.jpg\" data-attachment-id=\"71866\" data-type=\"image\" class=\"fg-thumb\"><span class=\"fg-image-wrap\"><img decoding=\"async\" alt=\"Obri v raji v Hnil\u010d\u00edku\" width=\"200\" height=\"200\" class=\"skip-lazy fg-image\" data-src-fg=\"https:\/\/www.keturist.sk\/info\/wp-content\/uploads\/cache\/2025\/12\/obri-hnilcik1\/2656119862.jpg\" src=\"data:image\/svg+xml,%3Csvg%20xmlns%3D%22http%3A%2F%2Fwww.w3.org%2F2000%2Fsvg%22%20width%3D%22200%22%20height%3D%22200%22%20viewBox%3D%220%200%20200%20200%22%3E%3C%2Fsvg%3E\" loading=\"eager\"><\/span><span class=\"fg-image-overlay\"><\/span><\/a><\/figure><div class=\"fg-loader\"><\/div><\/div><div class=\"fg-item fg-type-image fg-idle\"><figure class=\"fg-item-inner\"><a href=\"https:\/\/www.keturist.sk\/info\/wp-content\/uploads\/2025\/12\/obri-hnilcik3.jpg\" data-attachment-id=\"71875\" data-type=\"image\" class=\"fg-thumb\"><span class=\"fg-image-wrap\"><img decoding=\"async\" alt=\"Obri v raji v Hnil\u010d\u00edku\" width=\"200\" height=\"200\" class=\"skip-lazy fg-image\" data-src-fg=\"https:\/\/www.keturist.sk\/info\/wp-content\/uploads\/cache\/2025\/12\/obri-hnilcik3\/497693496.jpg\" src=\"data:image\/svg+xml,%3Csvg%20xmlns%3D%22http%3A%2F%2Fwww.w3.org%2F2000%2Fsvg%22%20width%3D%22200%22%20height%3D%22200%22%20viewBox%3D%220%200%20200%20200%22%3E%3C%2Fsvg%3E\" loading=\"eager\"><\/span><span class=\"fg-image-overlay\"><\/span><\/a><\/figure><div class=\"fg-loader\"><\/div><\/div>\t<\/div>\n\t<div class=\"fg-carousel-bottom\"><\/div>\n\t<div class=\"fg-carousel-progress\"><\/div>\n\t<button type=\"button\" class=\"fg-carousel-next\" title=\"Next\"><\/button>\n<\/div>\n<h3><span style=\"color: #808000;\">Okolit\u00e9 Stredisk\u00e1 a centr\u00e1:<\/span><\/h3>\n<ul>\n<li><a href=\"https:\/\/www.keturist.sk\/info\/smer-volovske-vrchy\/obec-hnilcik\/\">Hnil\u010d\u00edk (\u010d\u00edtaj viac&#8230;)<\/a><\/li>\n<\/ul>\n<h2><span style=\"color: #800000;\">Mapy<\/span><\/h2>\n<p><strong>Vrstvy: <\/strong>Turistick\u00e1 mapa, Automapa, Cyklomapa, Ly\u017eiarska mapa, Satelitn\u00e1 mapa a OpenStreetMap.<\/p>\n<p><strong>Kliknut\u00edm na logo &#8222;Freemap.sk&#8220; sa V\u00e1m mapa zobraz\u00ed na celej ploche obrazovky.<\/strong><\/p>\n<p><iframe style=\"width: 800px; height: 500px; border: 0;\" src=\"https:\/\/www.freemap.sk\/?map=18\/48.872995\/20.524499&amp;info-point=48.872995\/20.524499,Obri v raji v Hnil\u010d\u00edku&amp;layers=X&amp;embed=search\" allowfullscreen=\"allowfullscreen\"><\/iframe><\/p>\n<h2><span style=\"color: #800000;\">Po\u010dasie<\/span><\/h2>\n<p><iframe style=\"width: 800px; height: 605px;\" src=\"https:\/\/www.meteoblue.com\/sk\/po%C4%8Dasie\/widget\/three\/hnil%c4%8d%c3%adk_slovensk%c3%a1-republika_724705?geoloc=fixed&amp;nocurrent=0&amp;noforecast=0&amp;days=5&amp;tempunit=CELSIUS&amp;windunit=KILOMETER_PER_HOUR&amp;layout=image\" frameborder=\"0\" scrolling=\"NO\" sandbox=\"allow-same-origin allow-scripts allow-popups allow-popups-to-escape-sandbox\"><\/iframe><\/p>\n<div><!-- DO NOT REMOVE THIS LINK --><a href=\"https:\/\/www.meteoblue.com\/sk\/po%C4%8Dasie\/predpove%C4%8F\/t%C3%BD%C5%BEde%C5%88\/hnil%c4%8d%c3%adk_slovensk%c3%a1-republika_724705?utm_source=weather_widget&amp;utm_medium=linkus&amp;utm_content=three&amp;utm_campaign=Weather%2BWidget\" target=\"_blank\" rel=\"noopener noreferrer\">meteoblue<\/a><\/div>\n","protected":false},"excerpt":{"rendered":"<p>Lokaliz\u00e1cia: Volovsk\u00e9 vrchy Kde sa nach\u00e1dza turistick\u00e1 atrakcia &#8222;Obri v raji v Hnil\u010d\u00edku&#8220; ? Obri v raji v Hnil\u010d\u00edku le\u017eia v srdci Spi\u0161a, presne na hranici N\u00e1rodn\u00e9ho parku Slovensk\u00fd raj [&hellip;]<\/p>\n","protected":false},"author":1,"featured_media":71866,"parent":260,"menu_order":0,"comment_status":"closed","ping_status":"closed","template":"","meta":{"_uag_custom_page_level_css":"","_monsterinsights_skip_tracking":false,"_monsterinsights_sitenote_active":false,"_monsterinsights_sitenote_note":"","_monsterinsights_sitenote_category":0,"footnotes":""},"class_list":["post-71864","page","type-page","status-publish","has-post-thumbnail","hentry"],"featured_image_src":"https:\/\/www.keturist.sk\/info\/wp-content\/uploads\/2025\/12\/obri-hnilcik1.jpg","featured_image_src_square":"https:\/\/www.keturist.sk\/info\/wp-content\/uploads\/2025\/12\/obri-hnilcik1.jpg","rbea_author_info":{"display_name":"admin","author_link":"https:\/\/www.keturist.sk\/info\/author\/admin\/"},"rbea_excerpt_info":"Lokaliz\u00e1cia: Volovsk\u00e9 vrchy Kde sa nach\u00e1dza turistick\u00e1 atrakcia &#8222;Obri v raji v Hnil\u010d\u00edku&#8220; ? Obri v raji v Hnil\u010d\u00edku le\u017eia v srdci Spi\u0161a, presne na hranici N\u00e1rodn\u00e9ho parku Slovensk\u00fd raj [&hellip;]","uagb_featured_image_src":{"full":["https:\/\/www.keturist.sk\/info\/wp-content\/uploads\/2025\/12\/obri-hnilcik1.jpg",1000,558,false],"thumbnail":["https:\/\/www.keturist.sk\/info\/wp-content\/uploads\/2025\/12\/obri-hnilcik1-270x151.jpg",270,151,true],"medium":["https:\/\/www.keturist.sk\/info\/wp-content\/uploads\/2025\/12\/obri-hnilcik1-800x446.jpg",800,446,true],"medium_large":["https:\/\/www.keturist.sk\/info\/wp-content\/uploads\/2025\/12\/obri-hnilcik1-768x429.jpg",768,429,true],"large":["https:\/\/www.keturist.sk\/info\/wp-content\/uploads\/2025\/12\/obri-hnilcik1.jpg",1000,558,false],"1536x1536":["https:\/\/www.keturist.sk\/info\/wp-content\/uploads\/2025\/12\/obri-hnilcik1.jpg",1000,558,false],"2048x2048":["https:\/\/www.keturist.sk\/info\/wp-content\/uploads\/2025\/12\/obri-hnilcik1.jpg",1000,558,false]},"uagb_author_info":{"display_name":"admin","author_link":"https:\/\/www.keturist.sk\/info\/author\/admin\/"},"uagb_comment_info":0,"uagb_excerpt":"Lokaliz\u00e1cia: Volovsk\u00e9 vrchy Kde sa nach\u00e1dza turistick\u00e1 atrakcia &#8222;Obri v raji v Hnil\u010d\u00edku&#8220; ? Obri v raji v Hnil\u010d\u00edku le\u017eia v srdci Spi\u0161a, presne na hranici N\u00e1rodn\u00e9ho parku Slovensk\u00fd raj [&hellip;]","_links":{"self":[{"href":"https:\/\/www.keturist.sk\/info\/wp-json\/wp\/v2\/pages\/71864","targetHints":{"allow":["GET"]}}],"collection":[{"href":"https:\/\/www.keturist.sk\/info\/wp-json\/wp\/v2\/pages"}],"about":[{"href":"https:\/\/www.keturist.sk\/info\/wp-json\/wp\/v2\/types\/page"}],"author":[{"embeddable":true,"href":"https:\/\/www.keturist.sk\/info\/wp-json\/wp\/v2\/users\/1"}],"replies":[{"embeddable":true,"href":"https:\/\/www.keturist.sk\/info\/wp-json\/wp\/v2\/comments?post=71864"}],"version-history":[{"count":9,"href":"https:\/\/www.keturist.sk\/info\/wp-json\/wp\/v2\/pages\/71864\/revisions"}],"predecessor-version":[{"id":71885,"href":"https:\/\/www.keturist.sk\/info\/wp-json\/wp\/v2\/pages\/71864\/revisions\/71885"}],"up":[{"embeddable":true,"href":"https:\/\/www.keturist.sk\/info\/wp-json\/wp\/v2\/pages\/260"}],"wp:featuredmedia":[{"embeddable":true,"href":"https:\/\/www.keturist.sk\/info\/wp-json\/wp\/v2\/media\/71866"}],"wp:attachment":[{"href":"https:\/\/www.keturist.sk\/info\/wp-json\/wp\/v2\/media?parent=71864"}],"curies":[{"name":"wp","href":"https:\/\/api.w.org\/{rel}","templated":true}]}}