{"id":707,"date":"2013-08-04T07:26:59","date_gmt":"2013-08-04T05:26:59","guid":{"rendered":"https:\/\/www.keturist.sk\/info\/?page_id=707"},"modified":"2021-11-14T08:44:27","modified_gmt":"2021-11-14T07:44:27","slug":"zoologicka-zahrada","status":"publish","type":"page","link":"https:\/\/www.keturist.sk\/info\/zaujimavosti\/zoologicka-zahrada\/","title":{"rendered":"Zoologick\u00e1 z\u00e1hrada"},"content":{"rendered":"<a href=\"https:\/\/www.keturist.sk\/info\/\" class=\"su-button su-button-style-default\" style=\"color:#000000;background-color:#FFCF2F;border-color:#cca626;border-radius:5px\" target=\"_self\"><span style=\"color:#000000;padding:6px 16px;font-size:13px;line-height:20px;border-color:#ffde6e;border-radius:5px;text-shadow:none\"><i class=\"sui sui-arrow-right\" style=\"font-size:13px;color:#000000\"><\/i>  Spravodaj <\/span><\/a>\n<a href=\"https:\/\/www.keturist.sk\/info\/tipy-na-vylety\/\" class=\"su-button su-button-style-default\" style=\"color:#000000;background-color:#FFCF2F;border-color:#cca626;border-radius:5px\" target=\"_self\"><span style=\"color:#000000;padding:6px 16px;font-size:13px;line-height:20px;border-color:#ffde6e;border-radius:5px;text-shadow:none\"><i class=\"sui sui-arrow-right\" style=\"font-size:13px;color:#000000\"><\/i>  TIPY NA V\u00ddLETY <\/span><\/a>\n<a href=\"https:\/\/www.keturist.sk\/info\/zaujimavosti\/\" class=\"su-button su-button-style-default\" style=\"color:#000000;background-color:#FFCF2F;border-color:#cca626;border-radius:5px\" target=\"_self\"><span style=\"color:#000000;padding:6px 16px;font-size:13px;line-height:20px;border-color:#ffde6e;border-radius:5px;text-shadow:none\"><i class=\"sui sui-arrow-right\" style=\"font-size:13px;color:#000000\"><\/i>  Zauj\u00edmavosti <\/span><\/a>\n<div class=\"su-divider su-divider-style-default\" style=\"margin:15px 0;border-width:0px;border-color:#000000\"><\/div>\n<strong>Lokaliz\u00e1cia: <\/strong><a href=\"https:\/\/www.keturist.sk\/info\/vseobecne-informacie\/\">Ko\u0161ice<\/a> &#8211; <a href=\"https:\/\/www.keturist.sk\/info\/okolite-hory\/cierna-hora\/\">\u010cierna hora<\/a> &#8211; <a href=\"https:\/\/www.keturist.sk\/info\/strediska-a-centra\/mc-kavecany-stredisko-hresna\/\">M\u010c Kave\u010dany<\/a><br \/>\n<div class=\"su-divider su-divider-style-default\" style=\"margin:15px 0;border-width:2px;border-color:#000000\"><\/div>\n<h3><span style=\"color: #808000;\">V\u0161eobecn\u00e9 inform\u00e1cie<\/span><\/h3>\n<p>Zoologick\u00e1 z\u00e1hrada, ktor\u00e1 sa nach\u00e1dza v mestskej \u010dasti <a href=\"https:\/\/www.keturist.sk\/info\/turisticke-vychodiska\/strediska-a-centra\/mc-kavecany-stredisko-hresna\/\">Kave\u010dany<\/a> bola postaven\u00e1 v roku 1986.<\/p>\n<figure id=\"attachment_37413\" aria-describedby=\"caption-attachment-37413\" style=\"width: 800px\" class=\"wp-caption aligncenter\"><a href=\"https:\/\/www.keturist.sk\/info\/wp-content\/uploads\/2020\/12\/zoo.jpg\"><img loading=\"lazy\" decoding=\"async\" class=\"wp-image-37413 size-full\" src=\"https:\/\/www.keturist.sk\/info\/wp-content\/uploads\/2020\/12\/zoo.jpg\" alt=\"\" width=\"800\" height=\"533\" srcset=\"https:\/\/www.keturist.sk\/info\/wp-content\/uploads\/2020\/12\/zoo.jpg 800w, https:\/\/www.keturist.sk\/info\/wp-content\/uploads\/2020\/12\/zoo-270x180.jpg 270w, https:\/\/www.keturist.sk\/info\/wp-content\/uploads\/2020\/12\/zoo-768x512.jpg 768w\" sizes=\"auto, (max-width: 800px) 100vw, 800px\" \/><\/a><figcaption id=\"caption-attachment-37413\" class=\"wp-caption-text\">Zoologick\u00e1 z\u00e1hrada v Ko\u0161iciach<\/figcaption><\/figure>\n<p>Jednou zo \u0161tyroch zoologick\u00fdch z\u00e1hrad na Slovensku je aj ZOO v Ko\u0161iciach.<\/p>\n<p>Patr\u00ed medzi najv\u00e4\u010d\u0161ie zoologick\u00e9 z\u00e1hrady v Eur\u00f3pe.<\/p>\n<p>M\u00e1 vybudovan\u00fd botanick\u00fd n\u00e1u\u010dn\u00fd chodn\u00edk a je zameran\u00e1 v preva\u017enej miere na euro\u00e1zijsk\u00fa faunu.<\/p>\n<p>Zvierat\u00e1 su tu chovan\u00e9 v priestoroch, ktor\u00e9 sa svojou ve\u013ekos\u0165ou a charakterom pribli\u017euj\u00fa pr\u00edrodn\u00fdm podmienkam.<\/p>\n<p>Pre deti s\u00fa k dispoz\u00edcii r\u00f4zne detsk\u00e9 ihrisk\u00e1 a pre n\u00e1v\u0161tevn\u00edkov sa tu konaj\u00fa r\u00f4zne kult\u00farne programy.<\/p>\n<p>Viac inform\u00e1ci\u00ed o ZOO Ko\u0161ice na <a href=\"http:\/\/www.zookosice.sk\/\" target=\"_self\" rel=\"noopener noreferrer\">www.zookosice.sk<\/a>.<\/p>\n<h3><span style=\"color: #808000;\">Bl\u00edzke stredisko, turistick\u00e9 centrum, obec alebo mesto:<\/span><\/h3>\n<ul>\n<li><span style=\"color: #808000;\"><a href=\"https:\/\/www.keturist.sk\/info\/strediska-a-centra\/mc-kavecany-stredisko-hresna\/\">M\u010c Kave\u010dany, stredisko Hre\u0161n\u00e1 (\u010d\u00edtaj viac&#8230;)<\/a><\/span><\/li>\n<\/ul>\n<h3><span style=\"color: #808000;\">Mapa<\/span><\/h3>\n<p><strong>Vrstvy: <\/strong>Turistick\u00e1 mapa, Automapa, Cyklomapa, Ly\u017eiarska mapa, Satelitn\u00e1 mapa a OpenStreetMap.<\/p>\n<p><strong>Kliknut\u00edm na logo &#8222;Freemap.sk&#8220; sa V\u00e1m mapa zobraz\u00ed na celej ploche obrazovky.<\/strong><\/p>\n<p><iframe style=\"width: 800px; height: 500px; border: 0;\" src=\"https:\/\/www.freemap.sk\/?map=16\/48.786820\/21.204171&amp;info-point=48.786820\/21.204171,Zoologick\u00e1 z\u00e1hrada&amp;layers=T&amp;embed=search\" allowfullscreen=\"allowfullscreen\"><\/iframe><\/p>\n<h3><span style=\"color: #808000;\">Po\u010dasie<\/span><\/h3>\n<p><iframe style=\"width: 800px; height: 608px;\" src=\"https:\/\/www.meteoblue.com\/sk\/po%C4%8Dasie\/widget\/three\/kave%c4%8dany_slovensk%c3%a1-republika_724516?geoloc=fixed&amp;nocurrent=0&amp;noforecast=0&amp;days=5&amp;tempunit=CELSIUS&amp;windunit=KILOMETER_PER_HOUR&amp;layout=image\" frameborder=\"0\" scrolling=\"NO\" sandbox=\"allow-same-origin allow-scripts allow-popups allow-popups-to-escape-sandbox\"><\/iframe><\/p>\n<div><!-- DO NOT REMOVE THIS LINK --><a href=\"https:\/\/www.meteoblue.com\/sk\/po%C4%8Dasie\/predpove%C4%8F\/t%C3%BD%C5%BEde%C5%88\/kave%c4%8dany_slovensk%c3%a1-republika_724516?utm_source=weather_widget&amp;utm_medium=linkus&amp;utm_content=three&amp;utm_campaign=Weather%2BWidget\" target=\"_blank\" rel=\"noopener noreferrer\">meteoblue<\/a><\/div>\n<p><strong>Zdroj inform\u00e1ci\u00ed : <\/strong><a href=\"http:\/\/www.zookosice.sk\" target=\"_blank\" rel=\"noopener noreferrer\">www.zookosice.sk<\/a><\/p>\n","protected":false},"excerpt":{"rendered":"<p>Lokaliz\u00e1cia: Ko\u0161ice &#8211; \u010cierna hora &#8211; M\u010c Kave\u010dany V\u0161eobecn\u00e9 inform\u00e1cie Zoologick\u00e1 z\u00e1hrada, ktor\u00e1 sa nach\u00e1dza v mestskej \u010dasti Kave\u010dany bola postaven\u00e1 v roku 1986. Jednou zo \u0161tyroch zoologick\u00fdch z\u00e1hrad na [&hellip;]<\/p>\n","protected":false},"author":1,"featured_media":0,"parent":260,"menu_order":0,"comment_status":"closed","ping_status":"closed","template":"","meta":{"_uag_custom_page_level_css":"","_monsterinsights_skip_tracking":false,"_monsterinsights_sitenote_active":false,"_monsterinsights_sitenote_note":"","_monsterinsights_sitenote_category":0,"footnotes":""},"class_list":["post-707","page","type-page","status-publish","hentry"],"featured_image_src":"","featured_image_src_square":false,"rbea_author_info":{"display_name":"admin","author_link":"https:\/\/www.keturist.sk\/info\/author\/admin\/"},"rbea_excerpt_info":"Lokaliz\u00e1cia: Ko\u0161ice &#8211; \u010cierna hora &#8211; M\u010c Kave\u010dany V\u0161eobecn\u00e9 inform\u00e1cie Zoologick\u00e1 z\u00e1hrada, ktor\u00e1 sa nach\u00e1dza v mestskej \u010dasti Kave\u010dany bola postaven\u00e1 v roku 1986. Jednou zo \u0161tyroch zoologick\u00fdch z\u00e1hrad na [&hellip;]","uagb_featured_image_src":{"full":false,"thumbnail":false,"medium":false,"medium_large":false,"large":false,"1536x1536":false,"2048x2048":false},"uagb_author_info":{"display_name":"admin","author_link":"https:\/\/www.keturist.sk\/info\/author\/admin\/"},"uagb_comment_info":0,"uagb_excerpt":"Lokaliz\u00e1cia: Ko\u0161ice &#8211; \u010cierna hora &#8211; M\u010c Kave\u010dany V\u0161eobecn\u00e9 inform\u00e1cie Zoologick\u00e1 z\u00e1hrada, ktor\u00e1 sa nach\u00e1dza v mestskej \u010dasti Kave\u010dany bola postaven\u00e1 v roku 1986. Jednou zo \u0161tyroch zoologick\u00fdch z\u00e1hrad na [&hellip;]","_links":{"self":[{"href":"https:\/\/www.keturist.sk\/info\/wp-json\/wp\/v2\/pages\/707","targetHints":{"allow":["GET"]}}],"collection":[{"href":"https:\/\/www.keturist.sk\/info\/wp-json\/wp\/v2\/pages"}],"about":[{"href":"https:\/\/www.keturist.sk\/info\/wp-json\/wp\/v2\/types\/page"}],"author":[{"embeddable":true,"href":"https:\/\/www.keturist.sk\/info\/wp-json\/wp\/v2\/users\/1"}],"replies":[{"embeddable":true,"href":"https:\/\/www.keturist.sk\/info\/wp-json\/wp\/v2\/comments?post=707"}],"version-history":[{"count":3,"href":"https:\/\/www.keturist.sk\/info\/wp-json\/wp\/v2\/pages\/707\/revisions"}],"predecessor-version":[{"id":43722,"href":"https:\/\/www.keturist.sk\/info\/wp-json\/wp\/v2\/pages\/707\/revisions\/43722"}],"up":[{"embeddable":true,"href":"https:\/\/www.keturist.sk\/info\/wp-json\/wp\/v2\/pages\/260"}],"wp:attachment":[{"href":"https:\/\/www.keturist.sk\/info\/wp-json\/wp\/v2\/media?parent=707"}],"curies":[{"name":"wp","href":"https:\/\/api.w.org\/{rel}","templated":true}]}}