{"id":6830,"date":"2014-05-04T07:29:51","date_gmt":"2014-05-04T05:29:51","guid":{"rendered":"https:\/\/www.keturist.sk\/info\/?page_id=6830"},"modified":"2021-07-21T15:40:15","modified_gmt":"2021-07-21T13:40:15","slug":"naucny-chodnik-marovka-bodo-lu","status":"publish","type":"page","link":"https:\/\/www.keturist.sk\/info\/aktivity\/naucny-chodnik-marovka-bodo-lu\/","title":{"rendered":"N\u00e1u\u010dn\u00fd chodn\u00edk Marovka \u2013 Bod\u00f3 l\u00faka"},"content":{"rendered":"<a href=\"https:\/\/www.keturist.sk\/info\/\" class=\"su-button su-button-style-default\" style=\"color:#000000;background-color:#FFCF2F;border-color:#cca626;border-radius:5px\" target=\"_self\"><span style=\"color:#000000;padding:6px 16px;font-size:13px;line-height:20px;border-color:#ffde6e;border-radius:5px;text-shadow:none\"><i class=\"sui sui-arrow-right\" style=\"font-size:13px;color:#000000\"><\/i>  Spravodaj <\/span><\/a><a href=\"https:\/\/www.keturist.sk\/info\/tipy-na-vylety\/\" class=\"su-button su-button-style-default\" style=\"color:#000000;background-color:#FFCF2F;border-color:#cca626;border-radius:5px\" target=\"_self\"><span style=\"color:#000000;padding:6px 16px;font-size:13px;line-height:20px;border-color:#ffde6e;border-radius:5px;text-shadow:none\"><i class=\"sui sui-arrow-right\" style=\"font-size:13px;color:#000000\"><\/i>  Tipy na v\u00fdlety <\/span><\/a>\n<div class=\"su-divider su-divider-style-default\" style=\"margin:15px 0;border-width:0px;border-color:#000000\"><\/div>\n<strong>Podkateg\u00f3ria: <\/strong> <a href=\"https:\/\/www.keturist.sk\/info\/aktivity\/naucne-chodniky\/\" class=\"su-button su-button-style-default\" style=\"color:#000000;background-color:#afd144;border-color:#8ca837;border-radius:5px\" target=\"_self\"><span style=\"color:#000000;padding:6px 16px;font-size:13px;line-height:20px;border-color:#c7df7d;border-radius:5px;text-shadow:none\"><i class=\"sui sui-arrow-right\" style=\"font-size:13px;color:#000000\"><\/i>  Nau\u010dn\u00e9 chodn\u00edky <\/span><\/a>\n<div class=\"su-divider su-divider-style-default\" style=\"margin:15px 0;border-width:0px;border-color:#000000\"><\/div>\n<p><strong>Lokaliz\u00e1cia: <\/strong><a href=\"https:\/\/www.keturist.sk\/info\/okolite-hory\/slanske-vrchy\/\">Slansk\u00e9 vrchy<\/a><br \/>\n<div class=\"su-divider su-divider-style-default\" style=\"margin:15px 0;border-width:2px;border-color:#000000\"><\/div>\n<h3><span style=\"color: #808000;\">V\u0161eobecn\u00e9 inform\u00e1cie<\/span><\/h3>\n<p><strong><span style=\"color: #000080;\">Oddychov\u00e9 body na N\u00e1u\u010dnom chodn\u00edku<\/span><br \/>\n<\/strong><\/p>\n<p>10 ks oddychov\u00fdch bodov na n\u00e1u\u010dnom chodn\u00edku<\/p>\n<figure id=\"attachment_36048\" aria-describedby=\"caption-attachment-36048\" style=\"width: 800px\" class=\"wp-caption aligncenter\"><a href=\"https:\/\/www.keturist.sk\/info\/wp-content\/uploads\/2020\/11\/chod.jpg\"><img loading=\"lazy\" decoding=\"async\" class=\"wp-image-36048 size-full\" src=\"https:\/\/www.keturist.sk\/info\/wp-content\/uploads\/2020\/11\/chod.jpg\" alt=\"\" width=\"800\" height=\"600\" srcset=\"https:\/\/www.keturist.sk\/info\/wp-content\/uploads\/2020\/11\/chod.jpg 800w, https:\/\/www.keturist.sk\/info\/wp-content\/uploads\/2020\/11\/chod-240x180.jpg 240w, https:\/\/www.keturist.sk\/info\/wp-content\/uploads\/2020\/11\/chod-768x576.jpg 768w\" sizes=\"auto, (max-width: 800px) 100vw, 800px\" \/><\/a><figcaption id=\"caption-attachment-36048\" class=\"wp-caption-text\">N\u00e1u\u010dn\u00fd chodn\u00edk Marovka \u2013 Bod\u00f3 l\u00faka<\/figcaption><\/figure>\n<p><strong>0. oddychov\u00fd bod \u010d. 0:<\/strong> s\u00faprava lesn\u00e9ho odpo\u010d\u00edvadla (4 x st\u00f4l, 8 x lavica, 2 x k\u00f4\u0161)<\/p>\n<p>Infocentrum a m\u00fazeum Slanec pr\u00edstre\u0161ok s informa\u010dnou tabu\u013eou<\/p>\n<p>k.\u00fa. Slanec informa\u010dn\u00e1 tabu\u013ea<\/p>\n<p>GPS s\u00faradnice: N 48\u00b063,540\u00b4, E 21\u00b047,847\u00b4 (presnos\u0165 s\u00faradn\u00edc: odch\u00fdlka ? m)<\/p>\n<p><strong>oddychov\u00fd bod \u010d. 1:<\/strong> s\u00faprava lesn\u00e9ho odpo\u010d\u00edvadla (2 x st\u00f4l, 4 x lavica, k\u00f4\u0161)<\/p>\n<p>Pod hradom pr\u00edstre\u0161ok s informa\u010dnou tabu\u013eou<\/p>\n<p>k.\u00fa. Slanec s\u00faprava na opekanie (3 x lavica, ohnisko, k\u00f4\u0161)<\/p>\n<p>GPS s\u00faradnice: N 48\u00b038,226\u00b4, E 21\u00b027,991\u00b4 (presnos\u0165 s\u00faradn\u00edc: odch\u00fdlka 9 m)<\/p>\n<p><strong>oddychov\u00fd bod \u010d. 2:<\/strong> s\u00faprava lesn\u00e9ho odpo\u010d\u00edvadla (2 x st\u00f4l, 4 x lavica, k\u00f4\u0161)<\/p>\n<p>Studni\u010dka J\u00f3ni informa\u010dn\u00e1 tabu\u013ea<\/p>\n<p>k.\u00fa. Slanec<\/p>\n<p>GPS s\u00faradnice: N 48\u00b038,015\u00b4, E 21\u00b027,454\u00b4 (presnos\u0165 s\u00faradn\u00edc: odch\u00fdlka 7 m)<\/p>\n<p><strong>oddychov\u00fd bod \u010d. 3:<\/strong> s\u00faprava lesn\u00e9ho odpo\u010d\u00edvadla (2 x st\u00f4l, 4 x lavica, k\u00f4\u0161)<\/p>\n<p>Kul\u010darov\u00e1 l\u00faka<\/p>\n<p>k.\u00fa. Slanec<\/p>\n<p>GPS s\u00faradnice: N 48\u00b037,121\u00b4, E 21\u00b027,120\u00b4 (presnos\u0165 s\u00faradn\u00edc: odch\u00fdlka 5 m)<\/p>\n<p><strong>oddychov\u00fd bod \u010d. 4:<\/strong> s\u00faprava lesn\u00e9ho odpo\u010d\u00edvadla (2 x st\u00f4l, 4 x lavica, k\u00f4\u0161)<\/p>\n<p>Marovka pr\u00edstre\u0161ok s informa\u010dnou tabu\u013eou<\/p>\n<p>k.\u00fa. Sk\u00e1ro\u0161 s\u00faprava na opekanie (3 x lavica, ohnisko, k\u00f4\u0161)<\/p>\n<p>GPS s\u00faradnice: N 48\u00b035,932\u00b4, E 21\u00b025,885\u00b4 (presnos\u0165 s\u00faradn\u00edc: odch\u00fdlka 7 m)<\/p>\n<p><strong>oddychov\u00fd bod \u010d. 5:<\/strong> s\u00faprava lesn\u00e9ho odpo\u010d\u00edvadla (2 x st\u00f4l, 4 x lavica, k\u00f4\u0161)<\/p>\n<p>Marock\u00e1 ho\u013ea informa\u010dn\u00e1 tabu\u013ea<\/p>\n<p>k.\u00fa. Sk\u00e1ro\u0161<\/p>\n<p>GPS s\u00faradnice: N 48\u00b035,270\u00b4, E 21\u00b027,095\u00b4 (presnos\u0165 s\u00faradn\u00edc: odch\u00fdlka 6 m)<\/p>\n<p><strong>oddychov\u00fd bod \u010d. 6:<\/strong> s\u00faprava lesn\u00e9ho odpo\u010d\u00edvadla (2 x st\u00f4l, 4 x lavica, k\u00f4\u0161)<\/p>\n<p>Loveck\u00e1 chata pod Mal\u00fdm Mili\u010dom pr\u00edstre\u0161ok s informa\u010dnou tabu\u013eou<\/p>\n<p>k.\u00fa. Sk\u00e1ro\u0161 s\u00faprava na opekanie (3 x lavica, ohnisko, k\u00f4\u0161)<\/p>\n<p>GPS s\u00faradnice: N 48\u00b034,988\u00b4, E 21\u00b027,985\u00b4 (presnos\u0165 s\u00faradn\u00edc: odch\u00fdlka 6 m)<\/p>\n<p><strong>oddychov\u00fd bod \u010d. 15:<\/strong> s\u00faprava lesn\u00e9ho odpo\u010d\u00edvadla (2 x st\u00f4l, 4 x lavica, k\u00f4\u0161)<\/p>\n<p>Studni\u010dka Bodn\u00e1rka pr\u00edstre\u0161ok s informa\u010dnou tabu\u013eou<\/p>\n<p>k.\u00fa. Slansk\u00e1 Huta s\u00faprava na opekanie (3 x lavica, ohnisko, k\u00f4\u0161)<\/p>\n<p>GPS s\u00faradnice: N 48\u00b033,870\u00b4, E 21\u00b029,631\u00b4 (presnos\u0165 s\u00faradn\u00edc: odch\u00fdlka 12 m)<\/p>\n<p><strong>oddychov\u00fd bod \u010d. 16:<\/strong> s\u00faprava lesn\u00e9ho odpo\u010d\u00edvadla (2 x st\u00f4l, 4 x lavica, k\u00f4\u0161)<\/p>\n<p>Jazero Izra s\u00faprava na opekanie (3 x lavica, ohnisko, k\u00f4\u0161)<\/p>\n<p>k.\u00fa. Slansk\u00e1 Huta informa\u010dn\u00e1 tabu\u013ea<\/p>\n<p>GPS s\u00faradnice: N 48\u00b034,278\u00b4, E 21\u00b029,654\u00b4 (presnos\u0165 s\u00faradn\u00edc: odch\u00fdlka 7 m)<\/p>\n<p><strong>oddychov\u00fd bod \u010d. 17:<\/strong> s\u00faprava lesn\u00e9ho odpo\u010d\u00edvadla (2 x st\u00f4l, 4 x lavica, k\u00f4\u0161)<\/p>\n<p>Ve\u013ek\u00e9 drevo s\u00faprava na opekanie (3 x lavica, ohnisko, k\u00f4\u0161)<\/p>\n<p>k.\u00fa. Slansk\u00e1 Huta informa\u010dn\u00e1 tabu\u013ea<\/p>\n<p>GPS s\u00faradnice: N 48\u00b034,856\u00b4, E 21\u00b028,942\u00b4 (presnos\u0165 s\u00faradn\u00edc: odch\u00fdlka 9 m)<\/p>\n<p><strong>oddychov\u00fd bod \u010d. 18:<\/strong> s\u00faprava lesn\u00e9ho odpo\u010d\u00edvadla (2 x st\u00f4l, 4 x lavica, k\u00f4\u0161)<\/p>\n<p>Ort\u00e1\u0161e informa\u010dn\u00e1 tabu\u013ea<\/p>\n<p>k.\u00fa. Sk\u00e1ro\u0161<\/p>\n<p>GPS s\u00faradnice: N 48\u00b035,813\u00b4, E 21\u00b026,864\u00b4 (presnos\u0165 s\u00faradn\u00edc: odch\u00fdlka 7 m)<\/p>\n<h3><span style=\"color: #808000;\">Bl\u00edzke stredisko, turistick\u00e9 centrum, obec alebo mesto:<\/span><\/h3>\n<ul>\n<li><a href=\"https:\/\/www.keturist.sk\/info\/smer-slanske-vrchy\/obec-slanec\/\">Obec Slanec (\u010d\u00edtaj viac\u2026)<\/a><\/li>\n<\/ul>\n<h3><span style=\"color: #808000;\">Mapa<\/span><\/h3>\n<p><a href=\"https:\/\/www.keturist.sk\/info\/wp-content\/uploads\/2014\/05\/slanec1.jpg\" target=\"_blank\" rel=\"noopener noreferrer\"><img loading=\"lazy\" decoding=\"async\" class=\"aligncenter wp-image-6804\" src=\"https:\/\/www.keturist.sk\/info\/wp-content\/uploads\/2014\/05\/slanec1.jpg\" alt=\"slanec\" width=\"800\" height=\"1599\" \/><\/a><\/p>\n<p><a href=\"https:\/\/www.keturist.sk\/info\/wp-content\/uploads\/2014\/05\/naucny-slanec-2.jpg\" target=\"_blank\" rel=\"noopener noreferrer\"><img loading=\"lazy\" decoding=\"async\" class=\"aligncenter wp-image-6812\" src=\"https:\/\/www.keturist.sk\/info\/wp-content\/uploads\/2014\/05\/naucny-slanec-2.jpg\" alt=\"naucny slanec 2\" width=\"800\" height=\"400\" \/><\/a><\/p>\n","protected":false},"excerpt":{"rendered":"<p>Podkateg\u00f3ria: Lokaliz\u00e1cia: Slansk\u00e9 vrchy V\u0161eobecn\u00e9 inform\u00e1cie Oddychov\u00e9 body na N\u00e1u\u010dnom chodn\u00edku 10 ks oddychov\u00fdch bodov na n\u00e1u\u010dnom chodn\u00edku 0. oddychov\u00fd bod \u010d. 0: s\u00faprava lesn\u00e9ho odpo\u010d\u00edvadla (4 x st\u00f4l, 8 [&hellip;]<\/p>\n","protected":false},"author":1,"featured_media":0,"parent":258,"menu_order":0,"comment_status":"closed","ping_status":"closed","template":"","meta":{"_uag_custom_page_level_css":"","_monsterinsights_skip_tracking":false,"_monsterinsights_sitenote_active":false,"_monsterinsights_sitenote_note":"","_monsterinsights_sitenote_category":0,"footnotes":""},"class_list":["post-6830","page","type-page","status-publish","hentry"],"featured_image_src":"","featured_image_src_square":false,"rbea_author_info":{"display_name":"admin","author_link":"https:\/\/www.keturist.sk\/info\/author\/admin\/"},"rbea_excerpt_info":"Podkateg\u00f3ria: Lokaliz\u00e1cia: Slansk\u00e9 vrchy V\u0161eobecn\u00e9 inform\u00e1cie Oddychov\u00e9 body na N\u00e1u\u010dnom chodn\u00edku 10 ks oddychov\u00fdch bodov na n\u00e1u\u010dnom chodn\u00edku 0. oddychov\u00fd bod \u010d. 0: s\u00faprava lesn\u00e9ho odpo\u010d\u00edvadla (4 x st\u00f4l, 8 [&hellip;]","uagb_featured_image_src":{"full":false,"thumbnail":false,"medium":false,"medium_large":false,"large":false,"1536x1536":false,"2048x2048":false},"uagb_author_info":{"display_name":"admin","author_link":"https:\/\/www.keturist.sk\/info\/author\/admin\/"},"uagb_comment_info":0,"uagb_excerpt":"Podkateg\u00f3ria: Lokaliz\u00e1cia: Slansk\u00e9 vrchy V\u0161eobecn\u00e9 inform\u00e1cie Oddychov\u00e9 body na N\u00e1u\u010dnom chodn\u00edku 10 ks oddychov\u00fdch bodov na n\u00e1u\u010dnom chodn\u00edku 0. oddychov\u00fd bod \u010d. 0: s\u00faprava lesn\u00e9ho odpo\u010d\u00edvadla (4 x st\u00f4l, 8 [&hellip;]","_links":{"self":[{"href":"https:\/\/www.keturist.sk\/info\/wp-json\/wp\/v2\/pages\/6830","targetHints":{"allow":["GET"]}}],"collection":[{"href":"https:\/\/www.keturist.sk\/info\/wp-json\/wp\/v2\/pages"}],"about":[{"href":"https:\/\/www.keturist.sk\/info\/wp-json\/wp\/v2\/types\/page"}],"author":[{"embeddable":true,"href":"https:\/\/www.keturist.sk\/info\/wp-json\/wp\/v2\/users\/1"}],"replies":[{"embeddable":true,"href":"https:\/\/www.keturist.sk\/info\/wp-json\/wp\/v2\/comments?post=6830"}],"version-history":[{"count":5,"href":"https:\/\/www.keturist.sk\/info\/wp-json\/wp\/v2\/pages\/6830\/revisions"}],"predecessor-version":[{"id":40768,"href":"https:\/\/www.keturist.sk\/info\/wp-json\/wp\/v2\/pages\/6830\/revisions\/40768"}],"up":[{"embeddable":true,"href":"https:\/\/www.keturist.sk\/info\/wp-json\/wp\/v2\/pages\/258"}],"wp:attachment":[{"href":"https:\/\/www.keturist.sk\/info\/wp-json\/wp\/v2\/media?parent=6830"}],"curies":[{"name":"wp","href":"https:\/\/api.w.org\/{rel}","templated":true}]}}