{"id":67394,"date":"2024-11-02T05:07:14","date_gmt":"2024-11-02T04:07:14","guid":{"rendered":"https:\/\/www.keturist.sk\/info\/?page_id=67394"},"modified":"2024-11-23T10:51:04","modified_gmt":"2024-11-23T09:51:04","slug":"naucny-chodnik-po-stopach-banictva-v-smolniku","status":"publish","type":"page","link":"https:\/\/www.keturist.sk\/info\/tipy-na-vylety\/naucne-chodniky\/naucny-chodnik-po-stopach-banictva-v-smolniku\/","title":{"rendered":"N\u00e1u\u010dn\u00fd chodn\u00edk \u201cPo stop\u00e1ch ban\u00edctva\u201d v Smoln\u00edku"},"content":{"rendered":"<a href=\"https:\/\/www.keturist.sk\/info\/\" class=\"su-button su-button-style-default\" style=\"color:#000000;background-color:#FFCF2F;border-color:#cca626;border-radius:5px\" target=\"_self\"><span style=\"color:#000000;padding:6px 16px;font-size:13px;line-height:20px;border-color:#ffde6e;border-radius:5px;text-shadow:none\"><i class=\"sui sui-arrow-right\" style=\"font-size:13px;color:#000000\"><\/i>  Spravodaj <\/span><\/a><a href=\"https:\/\/www.keturist.sk\/info\/tipy-na-vylety\/\" class=\"su-button su-button-style-default\" style=\"color:#000000;background-color:#FFCF2F;border-color:#cca626;border-radius:5px\" target=\"_self\"><span style=\"color:#000000;padding:6px 16px;font-size:13px;line-height:20px;border-color:#ffde6e;border-radius:5px;text-shadow:none\"><i class=\"sui sui-arrow-right\" style=\"font-size:13px;color:#000000\"><\/i>  Tipy na v\u00fdlety <\/span><\/a>\n<div class=\"su-divider su-divider-style-default\" style=\"margin:15px 0;border-width:0px;border-color:#000000\"><\/div>\n<strong>Podkateg\u00f3ria: <\/strong> <a href=\"https:\/\/www.keturist.sk\/info\/aktivity\/naucne-chodniky\/\" class=\"su-button su-button-style-default\" style=\"color:#000000;background-color:#afd144;border-color:#8ca837;border-radius:5px\" target=\"_self\"><span style=\"color:#000000;padding:6px 16px;font-size:13px;line-height:20px;border-color:#c7df7d;border-radius:5px;text-shadow:none\"><i class=\"sui sui-arrow-right\" style=\"font-size:13px;color:#000000\"><\/i>  Nau\u010dn\u00e9 chodn\u00edky <\/span><\/a>\n<div class=\"su-divider su-divider-style-default\" style=\"margin:15px 0;border-width:0px;border-color:#000000\"><\/div>\n<strong>Lokaliz\u00e1cia: <\/strong><a href=\"https:\/\/www.keturist.sk\/info\/okolite-hory\/volovske-vrchy\/\">Volovsk\u00e9 vrchy<\/a><br \/>\n<div class=\"su-divider su-divider-style-default\" style=\"margin:15px 0;border-width:2px;border-color:#000000\"><\/div>\n<h3><span style=\"color: #808000;\">V\u0161eobecn\u00e9 inform\u00e1cie<\/span><\/h3>\n<p>N\u00e1u\u010dn\u00fd chodn\u00edk sa nach\u00e1dza v katastri obc\u00ed Smoln\u00edk a Smoln\u00edcka Huta v okrese Gelnica.<\/p>\n<figure id=\"attachment_67537\" aria-describedby=\"caption-attachment-67537\" style=\"width: 1000px\" class=\"wp-caption aligncenter\"><a href=\"https:\/\/www.keturist.sk\/info\/wp-content\/uploads\/2024\/11\/Obr.-9-Haldy-a-vplyv-banictva-na-zivotne-prostredie.jpg\"><img loading=\"lazy\" decoding=\"async\" class=\"wp-image-67537 size-full\" src=\"https:\/\/www.keturist.sk\/info\/wp-content\/uploads\/2024\/11\/Obr.-9-Haldy-a-vplyv-banictva-na-zivotne-prostredie.jpg\" alt=\"\" width=\"1000\" height=\"751\" srcset=\"https:\/\/www.keturist.sk\/info\/wp-content\/uploads\/2024\/11\/Obr.-9-Haldy-a-vplyv-banictva-na-zivotne-prostredie.jpg 1000w, https:\/\/www.keturist.sk\/info\/wp-content\/uploads\/2024\/11\/Obr.-9-Haldy-a-vplyv-banictva-na-zivotne-prostredie-800x600.jpg 800w, https:\/\/www.keturist.sk\/info\/wp-content\/uploads\/2024\/11\/Obr.-9-Haldy-a-vplyv-banictva-na-zivotne-prostredie-240x180.jpg 240w, https:\/\/www.keturist.sk\/info\/wp-content\/uploads\/2024\/11\/Obr.-9-Haldy-a-vplyv-banictva-na-zivotne-prostredie-768x577.jpg 768w\" sizes=\"auto, (max-width: 1000px) 100vw, 1000px\" \/><\/a><figcaption id=\"caption-attachment-67537\" class=\"wp-caption-text\">N\u00e1u\u010dn\u00fd chodn\u00edk \u201cPo stop\u00e1ch ban\u00edctva\u201d v Smoln\u00edku<\/figcaption><\/figure>\n<p>Nadmorsk\u00e1 v\u00fd\u0161ka 561 m. n. m., ako aj obklopuj\u00face Volovsk\u00e9 vrchy Slovensk\u00e9ho rudohoria predur\u010dili Smoln\u00edku nevhodn\u00e9 podmienky na po\u013enohospod\u00e1rstvo.<\/p>\n<p>No svoje uplatnenie na\u0161iel v ban\u00edctve.<\/p>\n<figure id=\"attachment_67538\" aria-describedby=\"caption-attachment-67538\" style=\"width: 1000px\" class=\"wp-caption aligncenter\"><a href=\"https:\/\/www.keturist.sk\/info\/wp-content\/uploads\/2024\/11\/Obr.-6-Doprovodna-tematicka-znacka.jpg\"><img loading=\"lazy\" decoding=\"async\" class=\"wp-image-67538 size-full\" src=\"https:\/\/www.keturist.sk\/info\/wp-content\/uploads\/2024\/11\/Obr.-6-Doprovodna-tematicka-znacka.jpg\" alt=\"\" width=\"1000\" height=\"667\" srcset=\"https:\/\/www.keturist.sk\/info\/wp-content\/uploads\/2024\/11\/Obr.-6-Doprovodna-tematicka-znacka.jpg 1000w, https:\/\/www.keturist.sk\/info\/wp-content\/uploads\/2024\/11\/Obr.-6-Doprovodna-tematicka-znacka-800x534.jpg 800w, https:\/\/www.keturist.sk\/info\/wp-content\/uploads\/2024\/11\/Obr.-6-Doprovodna-tematicka-znacka-270x180.jpg 270w, https:\/\/www.keturist.sk\/info\/wp-content\/uploads\/2024\/11\/Obr.-6-Doprovodna-tematicka-znacka-768x512.jpg 768w\" sizes=\"auto, (max-width: 1000px) 100vw, 1000px\" \/><\/a><figcaption id=\"caption-attachment-67538\" class=\"wp-caption-text\">N\u00e1u\u010dn\u00fd chodn\u00edk \u201cPo stop\u00e1ch ban\u00edctva\u201d v Smoln\u00edku<\/figcaption><\/figure>\n<p>\u0164a\u017eba nerastn\u00fdch surov\u00edn po st\u00e1ro\u010dia \u017eivila mno\u017estvo ban\u00edkov a ich rodiny.<\/p>\n<p>A to nielen zo Smoln\u00edka, ale aj z okolit\u00fdch obc\u00ed.<\/p>\n<figure id=\"attachment_67539\" aria-describedby=\"caption-attachment-67539\" style=\"width: 1000px\" class=\"wp-caption aligncenter\"><a href=\"https:\/\/www.keturist.sk\/info\/wp-content\/uploads\/2024\/11\/Obr.-12-Portal-stolne-Karitas.jpg\"><img loading=\"lazy\" decoding=\"async\" class=\"wp-image-67539 size-full\" src=\"https:\/\/www.keturist.sk\/info\/wp-content\/uploads\/2024\/11\/Obr.-12-Portal-stolne-Karitas.jpg\" alt=\"\" width=\"1000\" height=\"667\" srcset=\"https:\/\/www.keturist.sk\/info\/wp-content\/uploads\/2024\/11\/Obr.-12-Portal-stolne-Karitas.jpg 1000w, https:\/\/www.keturist.sk\/info\/wp-content\/uploads\/2024\/11\/Obr.-12-Portal-stolne-Karitas-800x534.jpg 800w, https:\/\/www.keturist.sk\/info\/wp-content\/uploads\/2024\/11\/Obr.-12-Portal-stolne-Karitas-270x180.jpg 270w, https:\/\/www.keturist.sk\/info\/wp-content\/uploads\/2024\/11\/Obr.-12-Portal-stolne-Karitas-768x512.jpg 768w\" sizes=\"auto, (max-width: 1000px) 100vw, 1000px\" \/><\/a><figcaption id=\"caption-attachment-67539\" class=\"wp-caption-text\">N\u00e1u\u010dn\u00fd chodn\u00edk \u201cPo stop\u00e1ch ban\u00edctva\u201d v Smoln\u00edku &#8211; Poh\u013ead na vstupn\u00fd port\u00e1l do \u0161t\u00f4lne Karitas<\/figcaption><\/figure>\n<p>\u017divot tunaj\u0161\u00edch obyvate\u013eov nebol jednoduch\u00fd.<\/p>\n<p>Smoln\u00ed\u010dania za\u017eili roky ban\u00edckej sl\u00e1vy, po\u017eiare, epid\u00e9mie, vojny, zmeny re\u017eimu, rozkvet ale i \u00fapadok ru\u010dnej v\u00fdroby cig\u00e1r.<\/p>\n<figure id=\"attachment_67540\" aria-describedby=\"caption-attachment-67540\" style=\"width: 1000px\" class=\"wp-caption aligncenter\"><a href=\"https:\/\/www.keturist.sk\/info\/wp-content\/uploads\/2024\/11\/Obr.-5-Stolna-Karitas.jpg\"><img loading=\"lazy\" decoding=\"async\" class=\"wp-image-67540 size-full\" src=\"https:\/\/www.keturist.sk\/info\/wp-content\/uploads\/2024\/11\/Obr.-5-Stolna-Karitas.jpg\" alt=\"\" width=\"1000\" height=\"751\" srcset=\"https:\/\/www.keturist.sk\/info\/wp-content\/uploads\/2024\/11\/Obr.-5-Stolna-Karitas.jpg 1000w, https:\/\/www.keturist.sk\/info\/wp-content\/uploads\/2024\/11\/Obr.-5-Stolna-Karitas-800x600.jpg 800w, https:\/\/www.keturist.sk\/info\/wp-content\/uploads\/2024\/11\/Obr.-5-Stolna-Karitas-240x180.jpg 240w, https:\/\/www.keturist.sk\/info\/wp-content\/uploads\/2024\/11\/Obr.-5-Stolna-Karitas-768x577.jpg 768w\" sizes=\"auto, (max-width: 1000px) 100vw, 1000px\" \/><\/a><figcaption id=\"caption-attachment-67540\" class=\"wp-caption-text\">N\u00e1u\u010dn\u00fd chodn\u00edk \u201cPo stop\u00e1ch ban\u00edctva\u201d v Smoln\u00edku &#8211; \u0161t\u00f4l\u0148a Karitas<\/figcaption><\/figure>\n<p>Hoci mal v \u010dase svojho najv\u00e4\u010d\u0161ieho rozkvetu pod\u013ea dostupn\u00fdch zdrojov a\u017e 12 000 obyvate\u013eov, dnes tu m\u00e1 trval\u00fd pobyt sotva 1000 obyvate\u013eov.<\/p>\n<p>Prekr\u00e1sna pr\u00edroda, chladnej\u0161ia kl\u00edma a bohat\u00e1 hist\u00f3ria mu st\u00e1le dod\u00e1vaj\u00fa punc pr\u00ed\u0165a\u017elivosti.<\/p>\n<figure id=\"attachment_67541\" aria-describedby=\"caption-attachment-67541\" style=\"width: 1000px\" class=\"wp-caption aligncenter\"><a href=\"https:\/\/www.keturist.sk\/info\/wp-content\/uploads\/2024\/11\/Obr.-10-Kaplnka-sv.-Jozefa.jpg\"><img loading=\"lazy\" decoding=\"async\" class=\"wp-image-67541 size-full\" src=\"https:\/\/www.keturist.sk\/info\/wp-content\/uploads\/2024\/11\/Obr.-10-Kaplnka-sv.-Jozefa.jpg\" alt=\"\" width=\"1000\" height=\"667\" srcset=\"https:\/\/www.keturist.sk\/info\/wp-content\/uploads\/2024\/11\/Obr.-10-Kaplnka-sv.-Jozefa.jpg 1000w, https:\/\/www.keturist.sk\/info\/wp-content\/uploads\/2024\/11\/Obr.-10-Kaplnka-sv.-Jozefa-800x534.jpg 800w, https:\/\/www.keturist.sk\/info\/wp-content\/uploads\/2024\/11\/Obr.-10-Kaplnka-sv.-Jozefa-270x180.jpg 270w, https:\/\/www.keturist.sk\/info\/wp-content\/uploads\/2024\/11\/Obr.-10-Kaplnka-sv.-Jozefa-768x512.jpg 768w\" sizes=\"auto, (max-width: 1000px) 100vw, 1000px\" \/><\/a><figcaption id=\"caption-attachment-67541\" class=\"wp-caption-text\">N\u00e1u\u010dn\u00fd chodn\u00edk \u201cPo stop\u00e1ch ban\u00edctva\u201d v Smoln\u00edku &#8211; Kaplnka-sv.-Jozef<\/figcaption><\/figure>\n<p>N\u00e1u\u010dn\u00fd chodn\u00edk \u201ePo stop\u00e1ch ban\u00edctva\u201c chce uchova\u0165 \u010driepky z ban\u00edckej hist\u00f3rie pre \u010fal\u0161ie gener\u00e1cie a z\u00e1rove\u0148 sa s nimi chcel podeli\u0165 i s n\u00e1v\u0161tevn\u00edkmi obce.<\/p>\n<p>N\u00e1u\u010dn\u00fd chodn\u00edk vznikol pod z\u00e1\u0161titou Ban\u00edckeho spolku Bratstvo Smoln\u00edk \u2013 Smoln\u00edcka Huta.<\/p>\n<p>Jeho budovanie bolo realizovan\u00e9 aj v\u010faka finan\u010dnej podpore Nad\u00e1cia SPP.<\/p>\n<p>Obsahuje 6 zastaven\u00ed s informa\u010dn\u00fdmi tabu\u013eami t\u00e9matick\u00fd zameran\u00fdmi na zauj\u00edmav\u00e9 miesta spojen\u00e9 s bohatou hist\u00f3riou lok\u00e1lneho ban\u00edctva.<\/p>\n<p>Okruh za\u010d\u00edna a kon\u010d\u00ed na n\u00e1mest\u00ed v Smoln\u00edku, odkia\u013e je spojenie na medzimestk\u00fa dopravu (nach\u00e1dza sa tu zast\u00e1vka autobusov, obchody, obecn\u00fd \u00farad a \u010fal\u0161ie miestne expoz\u00edcie ban\u00edctva).<\/p>\n<p><strong>Legenda:<\/strong><\/p>\n<ol>\n<li>Zem ban\u00edkov (N\u00e1mestie v Smoln\u00edku)<\/li>\n<li>Ja som ban\u00edk, kto je viac? (Infodom\u010dek v Smoln\u00edku)<\/li>\n<li>Bansk\u00e1 kaplnka sv. Jozefa (Kaplnka sv. Jozefa Robotn\u00edka)<\/li>\n<li>Bansk\u00fd z\u00e1vod \u017dB Smoln\u00edk (B\u00fdval\u00fd z\u00e1vod \u017dB Smoln\u00edk)<\/li>\n<li>Smoln\u00edcke podzemie (\u0160t\u00f4l\u0148a Karitas)<\/li>\n<li>Ban\u00edctvo a \u017eivotn\u00e9 prostredie (Haldy)<\/li>\n<\/ol>\n<ul>\n<li>Vzdialenos\u0165: cca 5,5 km.<\/li>\n<\/ul>\n<ul>\n<li>\u010cas prechodu trasy: cca 90 \u2013 120 min\u00fat.<\/li>\n<\/ul>\n<ul>\n<li>Po\u010det zast\u00e1vok: 6.<\/li>\n<\/ul>\n<ul>\n<li>Typ chodn\u00edka: samoobslu\u017en\u00fd, okru\u017en\u00fd, obojsmern\u00fd, pe\u0161\u00ed, celoro\u010dn\u00fd.<\/li>\n<\/ul>\n<ul>\n<li>N\u00e1ro\u010dnos\u0165: nen\u00e1ro\u010dn\u00e1 a\u017e stredne n\u00e1ro\u010dn\u00e1 trasa.<\/li>\n<\/ul>\n<ul>\n<li>Zameranie chodn\u00edka: geovedn\u00e9, ban\u00edcke, historick\u00e9.<\/li>\n<\/ul>\n<ul>\n<li>Rok zalo\u017eenia: 2024.<\/li>\n<\/ul>\n<p>K n\u00e1u\u010dn\u00e9mu chodn\u00edku je vytvoren\u00e1 aj info str\u00e1nka <a href=\"http:\/\/www.postopachbanictva.sk\/\" target=\"_blank\" rel=\"noopener\">www.postopachbanictva.sk<\/a>, ktor\u00e1 mapuje priebeh pr\u00edprav chodn\u00edka, ako aj inform\u00e1cie o \u010fal\u0161\u00edch zauj\u00edmav\u00fdch miestach a ban\u00edckych lokalit\u00e1ch v Smoln\u00edku a v jeho okol\u00ed.<\/p>\n<p>Ak patr\u00edte k zvedavcom, ktor\u00fdch fascinuje ban\u00edctvo, ak radi spozn\u00e1vate zauj\u00edmav\u00e9 miesta, alebo ste len n\u00e1hodn\u00fdm pocestn\u00fdm, ste na spr\u00e1vnom mieste.<\/p>\n<p>Vykro\u010dte \u201ePo stop\u00e1ch ban\u00edctva\u201c a zozn\u00e1mte sa s \u010driepkami ban\u00edckej hist\u00f3rie Smoln\u00edka a jeho okolia.<\/p>\n<p>Ka\u017ed\u00fd n\u00e1v\u0161tevn\u00edk sa prechodu po n\u00e1u\u010dnom chodn\u00edku z\u00fa\u010dast\u0148uje na vlastn\u00fa zodpovednos\u0165.<\/p>\n<h3><span style=\"color: #808000;\">Mapy<\/span><\/h3>\n<p><strong>Vrstvy: <\/strong>Turistick\u00e1 mapa, Automapa, Cyklomapa, Ly\u017eiarska mapa, Satelitn\u00e1 mapa a OpenStreetMap.<\/p>\n<p><strong>Kliknut\u00edm na logo &#8222;Freemap.sk&#8220; sa V\u00e1m mapa zobraz\u00ed na celej ploche obrazovky.<\/strong><br \/>\n<iframe style=\"width: 800px; height: 500px; border: 0;\" src=\"https:\/\/www.freemap.sk\/?map=17\/48.735046\/20.754772&amp;info-point=48.735046\/20.754772,N\u00e1u\u010dn\u00fd chodn\u00edk \u201cPo stop\u00e1ch ban\u00edctva\u201d v Smoln\u00edku&amp;layers=X&amp;embed=search\" allowfullscreen=\"allowfullscreen\"><\/iframe><a href=\"https:\/\/www.keturist.sk\/info\/wp-content\/uploads\/2024\/11\/Obr.-1.-Mapa-chodnika.png\"><img loading=\"lazy\" decoding=\"async\" class=\"aligncenter wp-image-67542 size-full\" src=\"https:\/\/www.keturist.sk\/info\/wp-content\/uploads\/2024\/11\/Obr.-1.-Mapa-chodnika.png\" alt=\"\" width=\"1214\" height=\"552\" srcset=\"https:\/\/www.keturist.sk\/info\/wp-content\/uploads\/2024\/11\/Obr.-1.-Mapa-chodnika.png 1214w, https:\/\/www.keturist.sk\/info\/wp-content\/uploads\/2024\/11\/Obr.-1.-Mapa-chodnika-800x364.png 800w, https:\/\/www.keturist.sk\/info\/wp-content\/uploads\/2024\/11\/Obr.-1.-Mapa-chodnika-270x123.png 270w, https:\/\/www.keturist.sk\/info\/wp-content\/uploads\/2024\/11\/Obr.-1.-Mapa-chodnika-768x349.png 768w\" sizes=\"auto, (max-width: 1214px) 100vw, 1214px\" \/><\/a><\/p>\n<h3><span style=\"color: #808000;\">Po\u010dasie<\/span><\/h3>\n<p><iframe style=\"width: 800px; height: 609px;\" src=\"https:\/\/www.meteoblue.com\/sk\/po%C4%8Dasie\/widget\/three\/por%c3%a1%c4%8d_slovensk%c3%a1-republika_723839?geoloc=fixed&amp;nocurrent=0&amp;noforecast=0&amp;days=5&amp;tempunit=CELSIUS&amp;windunit=KILOMETER_PER_HOUR&amp;layout=image\" frameborder=\"0\" scrolling=\"NO\" sandbox=\"allow-same-origin allow-scripts allow-popups allow-popups-to-escape-sandbox\"><\/iframe><\/p>\n<div><!-- DO NOT REMOVE THIS LINK --><a href=\"https:\/\/www.meteoblue.com\/sk\/po%C4%8Dasie\/predpove%C4%8F\/t%C3%BD%C5%BEde%C5%88\/por%c3%a1%c4%8d_slovensk%c3%a1-republika_723839?utm_source=weather_widget&amp;utm_medium=linkus&amp;utm_content=three&amp;utm_campaign=Weather%2BWidget\" target=\"_blank\" rel=\"noopener noreferrer\">meteoblue<\/a><\/div>\n","protected":false},"excerpt":{"rendered":"<p>Podkateg\u00f3ria: Lokaliz\u00e1cia: Volovsk\u00e9 vrchy V\u0161eobecn\u00e9 inform\u00e1cie N\u00e1u\u010dn\u00fd chodn\u00edk sa nach\u00e1dza v katastri obc\u00ed Smoln\u00edk a Smoln\u00edcka Huta v okrese Gelnica. Nadmorsk\u00e1 v\u00fd\u0161ka 561 m. n. m., ako aj obklopuj\u00face Volovsk\u00e9 [&hellip;]<\/p>\n","protected":false},"author":1,"featured_media":0,"parent":40742,"menu_order":0,"comment_status":"closed","ping_status":"closed","template":"","meta":{"_uag_custom_page_level_css":"","_monsterinsights_skip_tracking":false,"_monsterinsights_sitenote_active":false,"_monsterinsights_sitenote_note":"","_monsterinsights_sitenote_category":0,"footnotes":""},"class_list":["post-67394","page","type-page","status-publish","hentry"],"featured_image_src":"","featured_image_src_square":false,"rbea_author_info":{"display_name":"admin","author_link":"https:\/\/www.keturist.sk\/info\/author\/admin\/"},"rbea_excerpt_info":"Podkateg\u00f3ria: Lokaliz\u00e1cia: Volovsk\u00e9 vrchy V\u0161eobecn\u00e9 inform\u00e1cie N\u00e1u\u010dn\u00fd chodn\u00edk sa nach\u00e1dza v katastri obc\u00ed Smoln\u00edk a Smoln\u00edcka Huta v okrese Gelnica. Nadmorsk\u00e1 v\u00fd\u0161ka 561 m. n. m., ako aj obklopuj\u00face Volovsk\u00e9 [&hellip;]","uagb_featured_image_src":{"full":false,"thumbnail":false,"medium":false,"medium_large":false,"large":false,"1536x1536":false,"2048x2048":false},"uagb_author_info":{"display_name":"admin","author_link":"https:\/\/www.keturist.sk\/info\/author\/admin\/"},"uagb_comment_info":0,"uagb_excerpt":"Podkateg\u00f3ria: Lokaliz\u00e1cia: Volovsk\u00e9 vrchy V\u0161eobecn\u00e9 inform\u00e1cie N\u00e1u\u010dn\u00fd chodn\u00edk sa nach\u00e1dza v katastri obc\u00ed Smoln\u00edk a Smoln\u00edcka Huta v okrese Gelnica. Nadmorsk\u00e1 v\u00fd\u0161ka 561 m. n. m., ako aj obklopuj\u00face Volovsk\u00e9 [&hellip;]","_links":{"self":[{"href":"https:\/\/www.keturist.sk\/info\/wp-json\/wp\/v2\/pages\/67394","targetHints":{"allow":["GET"]}}],"collection":[{"href":"https:\/\/www.keturist.sk\/info\/wp-json\/wp\/v2\/pages"}],"about":[{"href":"https:\/\/www.keturist.sk\/info\/wp-json\/wp\/v2\/types\/page"}],"author":[{"embeddable":true,"href":"https:\/\/www.keturist.sk\/info\/wp-json\/wp\/v2\/users\/1"}],"replies":[{"embeddable":true,"href":"https:\/\/www.keturist.sk\/info\/wp-json\/wp\/v2\/comments?post=67394"}],"version-history":[{"count":11,"href":"https:\/\/www.keturist.sk\/info\/wp-json\/wp\/v2\/pages\/67394\/revisions"}],"predecessor-version":[{"id":67543,"href":"https:\/\/www.keturist.sk\/info\/wp-json\/wp\/v2\/pages\/67394\/revisions\/67543"}],"up":[{"embeddable":true,"href":"https:\/\/www.keturist.sk\/info\/wp-json\/wp\/v2\/pages\/40742"}],"wp:attachment":[{"href":"https:\/\/www.keturist.sk\/info\/wp-json\/wp\/v2\/media?parent=67394"}],"curies":[{"name":"wp","href":"https:\/\/api.w.org\/{rel}","templated":true}]}}