{"id":64716,"date":"2024-01-26T10:00:23","date_gmt":"2024-01-26T09:00:23","guid":{"rendered":"https:\/\/www.keturist.sk\/info\/?page_id=64716"},"modified":"2026-01-06T15:05:20","modified_gmt":"2026-01-06T14:05:20","slug":"villa-sandy-v-mestskom-parku-v-kosiciach","status":"publish","type":"page","link":"https:\/\/www.keturist.sk\/info\/kam-za-pamiatkami\/kam-za-pamiatkami-smer-kosice\/historicke-centrum\/villa-sandy-v-mestskom-parku-v-kosiciach\/","title":{"rendered":"Villa Sandy v mestskom parku v Ko\u0161iciach"},"content":{"rendered":"<a href=\"https:\/\/www.keturist.sk\/info\/\" class=\"su-button su-button-style-default\" style=\"color:#000000;background-color:#FFCF2F;border-color:#cca626;border-radius:5px\" target=\"_self\"><span style=\"color:#000000;padding:6px 16px;font-size:13px;line-height:20px;border-color:#ffde6e;border-radius:5px;text-shadow:none\"><i class=\"sui sui-arrow-right\" style=\"font-size:13px;color:#000000\"><\/i>  Spravodaj <\/span><\/a>\n<a href=\"https:\/\/www.keturist.sk\/info\/tipy-na-vylety\/\" class=\"su-button su-button-style-default\" style=\"color:#000000;background-color:#FFCF2F;border-color:#cca626;border-radius:5px\" target=\"_self\"><span style=\"color:#000000;padding:6px 16px;font-size:13px;line-height:20px;border-color:#ffde6e;border-radius:5px;text-shadow:none\"><i class=\"sui sui-arrow-right\" style=\"font-size:13px;color:#000000\"><\/i>  TIPY NA V\u00ddLETY <\/span><\/a>\n<a href=\"https:\/\/www.keturist.sk\/info\/kam-za-pamiatkami\/\" class=\"su-button su-button-style-default\" style=\"color:#000000;background-color:#FFCF2F;border-color:#cca626;border-radius:5px\" target=\"_self\"><span style=\"color:#000000;padding:6px 16px;font-size:13px;line-height:20px;border-color:#ffde6e;border-radius:5px;text-shadow:none\"><i class=\"sui sui-arrow-right\" style=\"font-size:13px;color:#000000\"><\/i>  Kam za pamiatkami <\/span><\/a>\n<a href=\"https:\/\/www.keturist.sk\/info\/kam-za-pamiatkami\/kam-za-pamiatkami-smer-kosice\/\" class=\"su-button su-button-style-default\" style=\"color:#000000;background-color:#FFCF2F;border-color:#cca626;border-radius:5px\" target=\"_self\"><span style=\"color:#000000;padding:6px 16px;font-size:13px;line-height:20px;border-color:#ffde6e;border-radius:5px;text-shadow:none\"><i class=\"sui sui-arrow-right\" style=\"font-size:13px;color:#000000\"><\/i>  smer Ko\u0161ice <\/span><\/a>\n<div class=\"su-divider su-divider-style-default\" style=\"margin:15px 0;border-width:0px;border-color:#000000\"><\/div>\n<p><strong>Podkateg\u00f3ria: <\/strong> <a href=\"https:\/\/www.keturist.sk\/info\/kam-za-pamiatkami\/kam-za-pamiatkami-smer-kosice\/historicke-centrum\/\" class=\"su-button su-button-style-default\" style=\"color:#000000;background-color:#afd144;border-color:#8ca837;border-radius:5px\" target=\"_self\"><span style=\"color:#000000;padding:6px 16px;font-size:13px;line-height:20px;border-color:#c7df7d;border-radius:5px;text-shadow:none\"><i class=\"sui sui-arrow-right\" style=\"font-size:13px;color:#000000\"><\/i>  Historick\u00e9 centrum <\/span><\/a>\n<p><strong>Lokaliz\u00e1cia: <\/strong><a href=\"https:\/\/www.keturist.sk\/info\/vseobecne-informacie\/\">Ko\u0161ice<\/a> a <a href=\"https:\/\/www.keturist.sk\/info\/turisticke-vychodiska\/strediska-a-centra\/m\">M\u010c Star\u00e9 mesto<\/a><br \/>\n<div class=\"su-divider su-divider-style-default\" style=\"margin:15px 0;border-width:2px;border-color:#000000\"><\/div>\n<figure id=\"attachment_73105\" aria-describedby=\"caption-attachment-73105\" style=\"width: 900px\" class=\"wp-caption aligncenter\"><a href=\"https:\/\/www.keturist.sk\/info\/wp-content\/uploads\/2026\/01\/villa_sandy_new_home_slide03.jpg\"><img loading=\"lazy\" decoding=\"async\" class=\"wp-image-73105\" src=\"https:\/\/www.keturist.sk\/info\/wp-content\/uploads\/2026\/01\/villa_sandy_new_home_slide03-800x436.jpg\" alt=\"Villa Sandy v mestskom parku v Ko\u0161iciach\" width=\"900\" height=\"490\" srcset=\"https:\/\/www.keturist.sk\/info\/wp-content\/uploads\/2026\/01\/villa_sandy_new_home_slide03-800x436.jpg 800w, https:\/\/www.keturist.sk\/info\/wp-content\/uploads\/2026\/01\/villa_sandy_new_home_slide03-270x147.jpg 270w, https:\/\/www.keturist.sk\/info\/wp-content\/uploads\/2026\/01\/villa_sandy_new_home_slide03-768x419.jpg 768w, https:\/\/www.keturist.sk\/info\/wp-content\/uploads\/2026\/01\/villa_sandy_new_home_slide03.jpg 1000w\" sizes=\"auto, (max-width: 900px) 100vw, 900px\" \/><\/a><figcaption id=\"caption-attachment-73105\" class=\"wp-caption-text\">Villa Sandy v mestskom parku v Ko\u0161iciach<\/figcaption><\/figure>\n<div class=\"su-divider su-divider-style-default\" style=\"margin:15px 0;border-width:2px;border-color:#000000\"><\/div>\n<h2><span style=\"color: #800000;\">\u010co je Villa Sandy a ak\u00e1 je jej hist\u00f3ria?<\/span><\/h2>\n<p class=\"ds-markdown-paragraph\"><strong>Villa Sandy<\/strong>\u00a0je historick\u00e1 secesn\u00e1 budova v\u00a0<strong><a href=\"https:\/\/www.keturist.sk\/info\/zaujimavosti\/mestsky-park\/\" target=\"_blank\" rel=\"noopener\">Mestskom parku<\/a> v Ko\u0161iciach<\/strong>, p\u00f4vodne zn\u00e1ma ako\u00a0<strong>Kor\u010duliarsky pavil\u00f3n<\/strong>. Postavili ju v roku 1909 pod\u013ea n\u00e1vrhu architekta J\u00faliusa S\u00e1ndyho ako s\u00fa\u010das\u0165 \u0161portov\u00e9ho are\u00e1lu pre kor\u010du\u013eovanie, tenis a atletiku. T\u00e1to\u00a0<strong>N\u00e1rodn\u00e1 kult\u00farna pamiatka<\/strong>\u00a0bola v minulosti naz\u00fdvan\u00e1 aj ako Kor\u010duliarsky pavil\u00f3n.<\/p>\n<p class=\"ds-markdown-paragraph\">Budova\u00a0<strong>Kor\u010duliarskeho a tenisov\u00e9ho pavil\u00f3nu<\/strong>\u00a0v secesnom slohu bolo postaven\u00e1 v roku 1909 pod\u013ea projektu pre\u0161ovsk\u00e9ho rod\u00e1ka J\u00faliusa Sandyho pre\u00a0<strong>Ko\u0161ick\u00fd kor\u010duliarsky a tenisov\u00fd spolok<\/strong>. Pavil\u00f3n so \u0161iestimi tenisov\u00fdmi dvorcami tvoril vstup do viac\u00fa\u010delov\u00e9ho are\u00e1lu ur\u010den\u00e9ho pre kor\u010du\u013eovanie, tenis a \u013eahk\u00fa atletiku. Cel\u00fd objekt bol vyu\u017e\u00edvan\u00fd na tieto \u00fa\u010dely do druhej polovice 20. storo\u010dia.<\/p>\n<h2 class=\"ds-markdown-paragraph\"><span style=\"color: #800000;\">Ak\u00fd je \u0161ir\u0161\u00ed historick\u00fd kontext Villa Sandy?<\/span><\/h2>\n<p class=\"ds-markdown-paragraph\">Budova vznikla v obdob\u00ed, ke\u010f Mestsk\u00fd park (vtedy Sz\u00e9chenyiho sade) za\u010d\u00ednal sl\u00fa\u017ei\u0165 na \u0161portov\u00e9 aktivity;\u00a0<strong>Kor\u010duliarsky spolok<\/strong>\u00a0a\u00a0<strong>Ko\u0161ick\u00fd atletick\u00fd klub<\/strong>\u00a0ju vyu\u017e\u00edvali do druhej polovice 20. storo\u010dia. Ako jedna z prv\u00fdch\u00a0<strong>secesn\u00fdch stavieb v Ko\u0161iciach<\/strong>\u00a0sa vyzna\u010dovala unik\u00e1tnym dizajnom s pr\u00edrodn\u00fdmi mot\u00edvmi a sl\u00fa\u017eila ako klubov\u00e9 s\u00eddlo.<\/p>\n<p class=\"ds-markdown-paragraph\">V druhej polovici 20. storo\u010dia, pod vplyvom spolo\u010densk\u00fdch zmien (n\u00e1stupom socializmu),\u00a0<strong>pavil\u00f3n prestal sl\u00fa\u017ei\u0165<\/strong>\u00a0svojmu \u00fa\u010delu. V 70. rokoch 20. storo\u010dia pre\u0161la necitlivou prestavbou, ktor\u00e1 naru\u0161ila p\u00f4vodn\u00fd vzh\u013ead budovy.<\/p>\n<p class=\"ds-markdown-paragraph\">V roku 1998 bol asanovan\u00fd \u00fasek v\u00fdchodn\u00e9ho kr\u00eddla budovy a nahraden\u00fd dostavbou, ktor\u00e1 nere\u0161pektovala p\u00f4vodn\u00fd tvar a \u010dlenenie objektu. Stavba v centre mesta Ko\u0161ice n\u00e1sledne\u00a0<strong>ch\u00e1trala v zdevastovanom stave<\/strong>\u00a0pribli\u017ene do roku 2010.<\/p>\n<h2 class=\"ds-markdown-paragraph\"><span style=\"color: #800000;\">Ako prebiehala obnova a \u010do pon\u00faka Villa Sandy dnes?<\/span><\/h2>\n<p class=\"ds-markdown-paragraph\">Kompletn\u00e1 rekon\u0161trukcia pod doh\u013eadom pamiatkov\u00e9ho \u00faradu skon\u010dila v roku 2023, \u010d\u00edm sa budova stala dominantou luxusn\u00e9ho\u00a0<strong>5-hviezdi\u010dkov\u00e9ho rezortu Villa Sandy City Park Resort<\/strong>. V s\u00fa\u010dasnosti, po tejto\u00a0<strong>kompletnej obnove<\/strong>, je stavba verejne pr\u00edstupn\u00e1.<\/p>\n<p class=\"ds-markdown-paragraph\">Dnes pon\u00faka\u00a0<strong>ubytovanie<\/strong>\u00a0v podobe exkluz\u00edvneho hotela,\u00a0<strong>pr\u00e9miov\u00fa re\u0161taur\u00e1ciu SEVEN<\/strong>, kaviare\u0148, vinot\u00e9ku, sal\u00f3niky a <strong>tenisov\u00e9 dvorce s kor\u010duliarskym klziskom<\/strong>. Tento rezort citlivo sp\u00e1ja hist\u00f3riu s modernou architekt\u00farou a je otvoren\u00fd pre verejnos\u0165 od janu\u00e1ra 2024.<\/p>\n<h2><span style=\"color: #800000;\">Fotoal\u00e9ria<\/span><\/h2>\n<style type=\"text\/css\">\n#foogallery-gallery-73103 .fg-image { width: 200px; }<\/style>\n\t\t\t<div class=\"foogallery foogallery-container foogallery-carousel foogallery-lightbox-foogallery fg-carousel fg-ready fg-light fg-border-medium fg-round-small fg-shadow-medium fg-loading-default fg-loaded-fade-in fg-hover-semi-zoomed fg-hover-fade fg-hover-circle-plus2\" id=\"foogallery-gallery-73103\" data-foogallery=\"{&quot;item&quot;:{&quot;showCaptionTitle&quot;:true,&quot;showCaptionDescription&quot;:true},&quot;lazy&quot;:true,&quot;template&quot;:{&quot;maxItems&quot;:5,&quot;scale&quot;:0.11999999999999999555910790149937383830547332763671875,&quot;gutter&quot;:{&quot;min&quot;:-40,&quot;max&quot;:-20,&quot;unit&quot;:&quot;%&quot;},&quot;autoplay&quot;:{&quot;time&quot;:0,&quot;interaction&quot;:&quot;pause&quot;},&quot;centerOnClick&quot;:true,&quot;align&quot;:&quot;center&quot;,&quot;activePosition&quot;:&quot;center&quot;}}\" data-foogallery-lightbox=\"{&quot;thumbs&quot;:&quot;bottom&quot;,&quot;thumbsCaptions&quot;:false,&quot;thumbsBestFit&quot;:false,&quot;thumbsSmall&quot;:false,&quot;thumbsCaptionsAlign&quot;:&quot;default&quot;,&quot;info&quot;:&quot;bottom&quot;,&quot;infoVisible&quot;:true,&quot;infoOverlay&quot;:true,&quot;infoAlign&quot;:&quot;default&quot;,&quot;transition&quot;:&quot;fade&quot;,&quot;hoverButtons&quot;:false,&quot;fitMedia&quot;:false,&quot;noScrollbars&quot;:true,&quot;preserveButtonSpace&quot;:true,&quot;buttons&quot;:{&quot;fullscreen&quot;:true,&quot;info&quot;:true,&quot;thumbs&quot;:false},&quot;video&quot;:{&quot;autoPlay&quot;:true}}\" style=\"--fg-title-line-clamp: 1; --fg-description-line-clamp: 2;\" >\n\t<button type=\"button\" class=\"fg-carousel-prev\" title=\"Previous\"><\/button>\n\t<div class=\"fg-carousel-inner\">\n\t\t<div class=\"fg-carousel-center\"><\/div>\n\t\t<div class=\"fg-item fg-type-image fg-idle\"><figure class=\"fg-item-inner\"><a href=\"https:\/\/www.keturist.sk\/info\/wp-content\/uploads\/2026\/01\/villa_sandy_new_home_slide02.jpg\" data-caption-title=\"Villa Sandy v mestskom parku v Ko\u0161iciach\" data-caption-desc=\"Zdroj : https:\/\/www.villasandyresort.com\/\" data-attachment-id=\"73104\" data-type=\"image\" class=\"fg-thumb\"><span class=\"fg-image-wrap\"><img decoding=\"async\" alt=\"Villa Sandy v mestskom parku v Ko\u0161iciach\" title=\"Villa Sandy v mestskom parku v Ko\u0161iciach\" width=\"200\" height=\"200\" class=\"skip-lazy fg-image\" data-src-fg=\"https:\/\/www.keturist.sk\/info\/wp-content\/uploads\/cache\/2026\/01\/villa_sandy_new_home_slide02\/7991164.jpg\" src=\"data:image\/svg+xml,%3Csvg%20xmlns%3D%22http%3A%2F%2Fwww.w3.org%2F2000%2Fsvg%22%20width%3D%22200%22%20height%3D%22200%22%20viewBox%3D%220%200%20200%20200%22%3E%3C%2Fsvg%3E\" loading=\"eager\"><\/span><span class=\"fg-image-overlay\"><\/span><\/a><figcaption class=\"fg-caption\"><div class=\"fg-caption-inner\"><div class=\"fg-caption-title\">Villa Sandy v mestskom parku v Ko\u0161iciach<\/div><div class=\"fg-caption-desc\">Zdroj : https:\/\/www.villasandyresort.com\/<\/div><\/div><\/figcaption><\/figure><div class=\"fg-loader\"><\/div><\/div><div class=\"fg-item fg-type-image fg-idle\"><figure class=\"fg-item-inner\"><a href=\"https:\/\/www.keturist.sk\/info\/wp-content\/uploads\/2026\/01\/villa_sandy_new_home_slide03.jpg\" data-caption-title=\"Villa Sandy v mestskom parku v Ko\u0161iciach\" data-caption-desc=\"Zdroj : https:\/\/www.villasandyresort.com\/\" data-attachment-id=\"73105\" data-type=\"image\" class=\"fg-thumb\"><span class=\"fg-image-wrap\"><img decoding=\"async\" alt=\"Villa Sandy v mestskom parku v Ko\u0161iciach\" title=\"Villa Sandy v mestskom parku v Ko\u0161iciach\" width=\"200\" height=\"200\" class=\"skip-lazy fg-image\" data-src-fg=\"https:\/\/www.keturist.sk\/info\/wp-content\/uploads\/cache\/2026\/01\/villa_sandy_new_home_slide03\/4069720288.jpg\" src=\"data:image\/svg+xml,%3Csvg%20xmlns%3D%22http%3A%2F%2Fwww.w3.org%2F2000%2Fsvg%22%20width%3D%22200%22%20height%3D%22200%22%20viewBox%3D%220%200%20200%20200%22%3E%3C%2Fsvg%3E\" loading=\"eager\"><\/span><span class=\"fg-image-overlay\"><\/span><\/a><figcaption class=\"fg-caption\"><div class=\"fg-caption-inner\"><div class=\"fg-caption-title\">Villa Sandy v mestskom parku v Ko\u0161iciach<\/div><div class=\"fg-caption-desc\">Zdroj : https:\/\/www.villasandyresort.com\/<\/div><\/div><\/figcaption><\/figure><div class=\"fg-loader\"><\/div><\/div>\t<\/div>\n\t<div class=\"fg-carousel-bottom\"><\/div>\n\t<div class=\"fg-carousel-progress\"><\/div>\n\t<button type=\"button\" class=\"fg-carousel-next\" title=\"Next\"><\/button>\n<\/div>\n<h2><span style=\"color: #800000;\">Zauj\u00edmav\u00e9 odkazy<\/span><\/h2>\n<h3><span style=\"color: #808000;\">Kontakty<\/span><\/h3>\n<p><strong>VILLA SANDY City Park Resort Ko\u0161ice<\/strong><br \/>\nMestsk\u00fd park 7,<br \/>\nKo\u0161ice, 040 01, Slovakia<br \/>\n<strong>Web:<\/strong> <a href=\"https:\/\/www.villasandyresort.com\/\" target=\"_blank\" rel=\"noopener\">https:\/\/www.villasandyresort.com\/<\/a><\/p>\n<h3><span style=\"color: #808000;\">Bl\u00edzke stredisko, turistick\u00e9 centrum, obec alebo mesto:<\/span><\/h3>\n<ul>\n<li><a href=\"https:\/\/www.keturist.sk\/info\/strediska-a-centra\/mc-stare-mesto\/\">Ko\u0161ice &#8211; M\u010c Star\u00e9 mesto (\u010d\u00edtaj viac&#8230;)<\/a><\/li>\n<\/ul>\n<h2><span style=\"color: #800000;\">Mapy<\/span><\/h2>\n<p><strong>Vrstvy: <\/strong>Turistick\u00e1 mapa, Automapa, Cyklomapa, Ly\u017eiarska mapa, Satelitn\u00e1 mapa a OpenStreetMap.<\/p>\n<p><strong>Kliknut\u00edm na logo &#8222;Freemap.sk&#8220; sa V\u00e1m mapa zobraz\u00ed na celej ploche obrazovky.<\/strong><\/p>\n<p><iframe style=\"width: 900px; height: 500px; border: 0;\" src=\"https:\/\/www.freemap.sk\/?map=16\/48.722784\/21.263469&amp;info-point=48.722784\/21.263469,Villa Sandy&amp;layers=X&amp;embed=search\" allowfullscreen=\"allowfullscreen\"><span data-mce-type=\"bookmark\" style=\"display: inline-block; width: 0px; overflow: hidden; line-height: 0;\" class=\"mce_SELRES_start\">\ufeff<\/span><span data-mce-type=\"bookmark\" style=\"display: inline-block; width: 0px; overflow: hidden; line-height: 0;\" class=\"mce_SELRES_start\">\ufeff<\/span><\/iframe><\/p>\n<h3><span style=\"color: #808000;\">Po\u010dasie<\/span><\/h3>\n<p><iframe style=\"width: 900px; height: 607px;\" src=\"https:\/\/www.meteoblue.com\/sk\/po%C4%8Dasie\/widget\/three\/ko%c5%a1ice_slovensk%c3%a1-republika_724443?geoloc=fixed&amp;nocurrent=0&amp;noforecast=0&amp;days=5&amp;tempunit=CELSIUS&amp;windunit=KILOMETER_PER_HOUR&amp;layout=image\" frameborder=\"0\" scrolling=\"NO\" sandbox=\"allow-same-origin allow-scripts allow-popups allow-popups-to-escape-sandbox\"><\/iframe><\/p>\n<div><!-- DO NOT REMOVE THIS LINK --><a href=\"https:\/\/www.meteoblue.com\/sk\/po%C4%8Dasie\/predpove%C4%8F\/t%C3%BD%C5%BEde%C5%88\/ko%c5%a1ice_slovensk%c3%a1-republika_724443?utm_source=weather_widget&amp;utm_medium=linkus&amp;utm_content=three&amp;utm_campaign=Weather%2BWidget\" target=\"_blank\" rel=\"noopener noreferrer\">meteoblue<\/a><\/div>\n","protected":false},"excerpt":{"rendered":"<p>Podkateg\u00f3ria: Lokaliz\u00e1cia: Ko\u0161ice a M\u010c Star\u00e9 mesto \u010co je Villa Sandy a ak\u00e1 je jej hist\u00f3ria? Villa Sandy\u00a0je historick\u00e1 secesn\u00e1 budova v\u00a0Mestskom parku v Ko\u0161iciach, p\u00f4vodne zn\u00e1ma ako\u00a0Kor\u010duliarsky pavil\u00f3n. Postavili [&hellip;]<\/p>\n","protected":false},"author":1,"featured_media":73105,"parent":19646,"menu_order":0,"comment_status":"closed","ping_status":"closed","template":"","meta":{"_uag_custom_page_level_css":"","_monsterinsights_skip_tracking":false,"_monsterinsights_sitenote_active":false,"_monsterinsights_sitenote_note":"","_monsterinsights_sitenote_category":0,"footnotes":""},"class_list":["post-64716","page","type-page","status-publish","has-post-thumbnail","hentry"],"featured_image_src":"https:\/\/www.keturist.sk\/info\/wp-content\/uploads\/2026\/01\/villa_sandy_new_home_slide03.jpg","featured_image_src_square":"https:\/\/www.keturist.sk\/info\/wp-content\/uploads\/2026\/01\/villa_sandy_new_home_slide03.jpg","rbea_author_info":{"display_name":"admin","author_link":"https:\/\/www.keturist.sk\/info\/author\/admin\/"},"rbea_excerpt_info":"Podkateg\u00f3ria: Lokaliz\u00e1cia: Ko\u0161ice a M\u010c Star\u00e9 mesto \u010co je Villa Sandy a ak\u00e1 je jej hist\u00f3ria? Villa Sandy\u00a0je historick\u00e1 secesn\u00e1 budova v\u00a0Mestskom parku v Ko\u0161iciach, p\u00f4vodne zn\u00e1ma ako\u00a0Kor\u010duliarsky pavil\u00f3n. Postavili [&hellip;]","uagb_featured_image_src":{"full":["https:\/\/www.keturist.sk\/info\/wp-content\/uploads\/2026\/01\/villa_sandy_new_home_slide03.jpg",1000,545,false],"thumbnail":["https:\/\/www.keturist.sk\/info\/wp-content\/uploads\/2026\/01\/villa_sandy_new_home_slide03-270x147.jpg",270,147,true],"medium":["https:\/\/www.keturist.sk\/info\/wp-content\/uploads\/2026\/01\/villa_sandy_new_home_slide03-800x436.jpg",800,436,true],"medium_large":["https:\/\/www.keturist.sk\/info\/wp-content\/uploads\/2026\/01\/villa_sandy_new_home_slide03-768x419.jpg",768,419,true],"large":["https:\/\/www.keturist.sk\/info\/wp-content\/uploads\/2026\/01\/villa_sandy_new_home_slide03.jpg",1000,545,false],"1536x1536":["https:\/\/www.keturist.sk\/info\/wp-content\/uploads\/2026\/01\/villa_sandy_new_home_slide03.jpg",1000,545,false],"2048x2048":["https:\/\/www.keturist.sk\/info\/wp-content\/uploads\/2026\/01\/villa_sandy_new_home_slide03.jpg",1000,545,false]},"uagb_author_info":{"display_name":"admin","author_link":"https:\/\/www.keturist.sk\/info\/author\/admin\/"},"uagb_comment_info":0,"uagb_excerpt":"Podkateg\u00f3ria: Lokaliz\u00e1cia: Ko\u0161ice a M\u010c Star\u00e9 mesto \u010co je Villa Sandy a ak\u00e1 je jej hist\u00f3ria? Villa Sandy\u00a0je historick\u00e1 secesn\u00e1 budova v\u00a0Mestskom parku v Ko\u0161iciach, p\u00f4vodne zn\u00e1ma ako\u00a0Kor\u010duliarsky pavil\u00f3n. Postavili [&hellip;]","_links":{"self":[{"href":"https:\/\/www.keturist.sk\/info\/wp-json\/wp\/v2\/pages\/64716","targetHints":{"allow":["GET"]}}],"collection":[{"href":"https:\/\/www.keturist.sk\/info\/wp-json\/wp\/v2\/pages"}],"about":[{"href":"https:\/\/www.keturist.sk\/info\/wp-json\/wp\/v2\/types\/page"}],"author":[{"embeddable":true,"href":"https:\/\/www.keturist.sk\/info\/wp-json\/wp\/v2\/users\/1"}],"replies":[{"embeddable":true,"href":"https:\/\/www.keturist.sk\/info\/wp-json\/wp\/v2\/comments?post=64716"}],"version-history":[{"count":17,"href":"https:\/\/www.keturist.sk\/info\/wp-json\/wp\/v2\/pages\/64716\/revisions"}],"predecessor-version":[{"id":73108,"href":"https:\/\/www.keturist.sk\/info\/wp-json\/wp\/v2\/pages\/64716\/revisions\/73108"}],"up":[{"embeddable":true,"href":"https:\/\/www.keturist.sk\/info\/wp-json\/wp\/v2\/pages\/19646"}],"wp:featuredmedia":[{"embeddable":true,"href":"https:\/\/www.keturist.sk\/info\/wp-json\/wp\/v2\/media\/73105"}],"wp:attachment":[{"href":"https:\/\/www.keturist.sk\/info\/wp-json\/wp\/v2\/media?parent=64716"}],"curies":[{"name":"wp","href":"https:\/\/api.w.org\/{rel}","templated":true}]}}