{"id":62338,"date":"2023-12-07T17:13:17","date_gmt":"2023-12-07T16:13:17","guid":{"rendered":"https:\/\/www.keturist.sk\/info\/?page_id=62338"},"modified":"2023-12-12T18:38:32","modified_gmt":"2023-12-12T17:38:32","slug":"obec-borsa","status":"publish","type":"page","link":"https:\/\/www.keturist.sk\/info\/turisticke-vychodiska\/smer-dolny-zemplin\/obec-borsa\/","title":{"rendered":"Obec Bor\u0161a"},"content":{"rendered":"<a href=\"https:\/\/www.keturist.sk\/info\/\" class=\"su-button su-button-style-default\" style=\"color:#000000;background-color:#FFCF2F;border-color:#cca626;border-radius:5px\" target=\"_self\"><span style=\"color:#000000;padding:6px 16px;font-size:13px;line-height:20px;border-color:#ffde6e;border-radius:5px;text-shadow:none\"><i class=\"sui sui-arrow-right\" style=\"font-size:13px;color:#000000\"><\/i>  Spravodaj <\/span><\/a>\n<a href=\"https:\/\/www.keturist.sk\/info\/tipy-na-vylety\/\" class=\"su-button su-button-style-default\" style=\"color:#000000;background-color:#FFCF2F;border-color:#cca626;border-radius:5px\" target=\"_self\"><span style=\"color:#000000;padding:6px 16px;font-size:13px;line-height:20px;border-color:#ffde6e;border-radius:5px;text-shadow:none\"><i class=\"sui sui-arrow-right\" style=\"font-size:13px;color:#000000\"><\/i>  TIPY NA V\u00ddLETY <\/span><\/a>\n<a href=\"https:\/\/www.keturist.sk\/info\/turisticke-vychodiska\/\" class=\"su-button su-button-style-default\" style=\"color:#000000;background-color:#FFCF2F;border-color:#cca626;border-radius:5px\" target=\"_self\"><span style=\"color:#000000;padding:6px 16px;font-size:13px;line-height:20px;border-color:#ffde6e;border-radius:5px;text-shadow:none\"><i class=\"sui sui-arrow-right\" style=\"font-size:13px;color:#000000\"><\/i>  Turistick\u00e9 v\u00fdchodisk\u00e1 <\/span><\/a>\n<a href=\"https:\/\/www.keturist.sk\/info\/turisticke-vychodiska\/smer-dolny-zemplin\/\" class=\"su-button su-button-style-default\" style=\"color:#000000;background-color:#FFCF2F;border-color:#cca626;border-radius:5px\" target=\"_self\"><span style=\"color:#000000;padding:6px 16px;font-size:13px;line-height:20px;border-color:#ffde6e;border-radius:5px;text-shadow:none\"><i class=\"sui sui-arrow-right\" style=\"font-size:13px;color:#000000\"><\/i> Smer Doln\u00fd Zempl\u00edn <\/span><\/a>\n<div class=\"su-divider su-divider-style-default\" style=\"margin:15px 0;border-width:2px;border-color:#000000\"><\/div>\n<div class=\"su-accordion su-u-trim\">\n<div class=\"su-spoiler su-spoiler-style-fancy su-spoiler-icon-plus su-spoiler-closed\" data-scroll-offset=\"0\" data-anchor-in-url=\"no\"><div class=\"su-spoiler-title\" tabindex=\"0\" role=\"button\"><span class=\"su-spoiler-icon\"><\/span>Textov\u00e9 menu - Turistick\u00e9 v\u00fdchodisk\u00e1 - Smer Doln\u00fd Zempl\u00edn<\/div><div class=\"su-spoiler-content su-u-clearfix su-u-trim\">\n<code><div class=\"column-group columns-2\"><div class=\"column column-number-1 column-span-1\"><p><\/code><br \/>\n<strong>Mest\u00e1:<\/strong><br \/>\n<a href=\"https:\/\/www.keturist.sk\/info\/turisticke-vychodiska\/smer-dolny-zemplin\/mesto-kralovsky-chlmec\/\">Kr\u00e1\u013eovsk\u00fd Chlmec<\/a><br \/>\n<a href=\"https:\/\/www.keturist.sk\/info\/turisticke-vychodiska\/smer-dolny-zemplin\/mesto-michalovce\/\">Michalovce<\/a><br \/>\n<a href=\"https:\/\/www.keturist.sk\/info\/turisticke-vychodiska\/smer-dolny-zemplin\/mesto-trebisov\/\">Trebi\u0161ov<\/a><br \/>\n<strong>Obce:<\/strong><br \/>\n<a href=\"https:\/\/www.keturist.sk\/info\/turisticke-vychodiska\/smer-dolny-zemplin\/obec-cerhov\/\">\u010cerhov<\/a><br \/>\n<a href=\"https:\/\/www.keturist.sk\/info\/turisticke-vychodiska\/smer-dolny-zemplin\/obec-bara\/\">Bara<\/a><br \/>\n<a href=\"https:\/\/www.keturist.sk\/info\/turisticke-vychodiska\/smer-dolny-zemplin\/obec-borsa\/\">Bor\u0161a<\/a><\/p>\n<\/div><div class=\"column column-number-2 last column-span-1\"><p><a href=\"https:\/\/www.keturist.sk\/info\/turisticke-vychodiska\/smer-dolny-zemplin\/obec-kazimir\/\">Kazim\u00edr<\/a><br \/>\n<a href=\"https:\/\/www.keturist.sk\/info\/turisticke-vychodiska\/smer-dolny-zemplin\/obec-mala-trna\/\">Mal\u00e1 T\u0155\u0148a<\/a><br \/>\n<a href=\"https:\/\/www.keturist.sk\/info\/turisticke-vychodiska\/smer-dolny-zemplin\/obec-senne\/\">Senn\u00e9<\/a><br \/>\n<a href=\"https:\/\/www.keturist.sk\/info\/turisticke-vychodiska\/smer-dolny-zemplin\/obec-velky-kamenec\/\">Ve\u013ek\u00fd Kamenec<\/a><br \/>\n<a href=\"https:\/\/www.keturist.sk\/info\/turisticke-vychodiska\/smer-dolny-zemplin\/obec-velka-trna\/\">Ve\u013ek\u00e1 T\u0155\u0148a<\/a><br \/>\n<a href=\"https:\/\/www.keturist.sk\/info\/turisticke-vychodiska\/smer-dolny-zemplin\/obec-vinne\/\">Vinn\u00e9<\/a><br \/>\n<a href=\"https:\/\/www.keturist.sk\/info\/turisticke-vychodiska\/smer-dolny-zemplin\/obec-zemplin\/\">Zempl\u00edn<\/a><\/p>\n<\/div><\/div><\/div><\/div><\/div>\n<div class=\"su-divider su-divider-style-default\" style=\"margin:15px 0;border-width:2px;border-color:#000000\"><\/div>\n<h3><span style=\"color: #808000;\">V\u0161eobecn\u00e9 inform\u00e1cie<\/span><\/h3>\n<p>Obec Bor\u0161a sa nach\u00e1dza v ju\u017enej \u010dasti V\u00fdchodoslovenskej n\u00ed\u017einy.<\/p>\n<p>Bor\u0161a (ma\u010f. Borsi) je obec v okrese Trebi\u0161ov.<\/p>\n<p>Nadmorsk\u00e1 v\u00fd\u0161ka v strede obce je 101 m n. m., v chot\u00e1ri 94-182 m n. m.<\/p>\n<p>Obyvate\u013estvo obce je ma\u010farskej a slovenskej n\u00e1rodnosti.<\/p>\n<p>V obci sa nach\u00e1dza renesan\u010dn\u00fd ka\u0161tie\u013e, v ktorom sa narodil Franti\u0161ek II. R\u00e1koci.<\/p>\n<p>Bor\u0161a svoj\u00edm katastrom priamo hrani\u010d\u00ed s Ma\u010farskom.<\/p>\n<p>Nach\u00e1dza medzi hrani\u010dn\u00fdm priechodom do Ma\u010farska (Slovensk\u00fdm Nov\u00fdm Mestom) a dedinou Vini\u010dky.<\/p>\n<p>Streda nad Bodrogom je od Bor\u0161e vzdialen\u00e1 zhruba 3 km. Hrani\u010dn\u00fd priechod do Ma\u010farska je od obce vzdialen\u00fd 4 km.<\/p>\n<p>Pri obci sa nach\u00e1dza oblas\u0165 Les\u00edk pri Bor\u0161i, \u00fazemie eur\u00f3pskeho v\u00fdznamu s druh\u00fdm stup\u0148om ochrany.<\/p>\n<p>Cez obec pretek\u00e1 rieka Bodrog.<\/p>\n<h3><span style=\"color: #808000;\">Pamiatky<\/span><\/h3>\n<h4><span style=\"color: #800000;\">Reformovan\u00fd kostol<\/span><\/h4>\n<p>Reformovan\u00fd kostol je jednolo\u010fov\u00e1 rom\u00e1nska stavba s polkruhovou apsidou a malou stre\u0161nou ve\u017eou pravdepodobne z 12. storo\u010dia.<\/p>\n<p>P\u00f4vodn\u00fdm patroc\u00edniom bolo Nanebovzatia Panny M\u00e1rie.<\/p>\n<p>Je postaven\u00fd z charakteristick\u00fdch opracovan\u00fdch kamenn\u00fdch kv\u00e1drov, ktor\u00e9 s\u00fa \u010diasto\u010dne prezentovan\u00e9 na fas\u00e1de.<\/p>\n<p>Za\u010diatkom 16. storo\u010dia pre\u0161iel gotickou \u00fapravou.<\/p>\n<p>Od roku 1552 je kostol\u00edk reformovan\u00fd.<\/p>\n<p>Kostol postihli dva ni\u010div\u00e9 po\u017eiare, v rokoch 1865 a 1905, pri ktorom bola zni\u010den\u00e1 ved\u013ea stojaca dreven\u00e1 zvonica.<\/p>\n<p>Po obnove bola realizovan\u00e1 s\u00fa\u010dasn\u00e1 stre\u0161n\u00e1 zvonica.<\/p>\n<p>V interi\u00e9ri sa nach\u00e1dza dreven\u00e1 empora a kazate\u013enica umiestnen\u00e1 uprostred apsidy. Vo ve\u017ei sa nach\u00e1dza zvon z roku 1654 z dielne Geogia Wirda z Pre\u0161ova.<\/p>\n<h4><span style=\"color: #800000;\">R\u00edmskokatol\u00edcky kostol Nanebovzatia Panny M\u00e1rie<\/span><\/h4>\n<p>R\u00edmskokatol\u00edcky kostol je jednolo\u010fov\u00e1 neoklasicistick\u00e1 stavba s polkruhov\u00fdm ukon\u010den\u00edm presbyt\u00e9ria a predstavanou ve\u017eou z roku 1936.<\/p>\n<p>Fas\u00e1dy kostola s\u00fa \u010dlenen\u00e9 liz\u00e9nov\u00fdmi r\u00e1mami a polkruhovo ukon\u010den\u00fdmi oknami so \u0161ambr\u00e1nami.<\/p>\n<p>Ve\u017ea je ukon\u010den\u00e1 korunnou r\u00edmsou s ter\u010d\u00edkom a ihlancovou helmicou.<\/p>\n<h4><span style=\"color: #800000;\">Ka\u0161tie\u013e Franti\u0161ka II. R\u00e1kociho<\/span><\/h4>\n<p>R\u00e1kociovsk\u00fd ka\u0161tie\u013e je renesan\u010dn\u00e1 dvojpodla\u017en\u00e1 stavba na p\u00f4doryse p\u00edsmena U z druhej polovice 16. storo\u010dia.<\/p>\n<figure id=\"attachment_39944\" aria-describedby=\"caption-attachment-39944\" style=\"width: 800px\" class=\"wp-caption aligncenter\"><a href=\"https:\/\/www.keturist.sk\/info\/wp-content\/uploads\/2020\/05\/borda5.jpg\"><img loading=\"lazy\" decoding=\"async\" class=\"wp-image-39944 size-medium\" src=\"https:\/\/www.keturist.sk\/info\/wp-content\/uploads\/2020\/05\/borda5-800x534.jpg\" alt=\"\" width=\"800\" height=\"534\" srcset=\"https:\/\/www.keturist.sk\/info\/wp-content\/uploads\/2020\/05\/borda5-800x534.jpg 800w, https:\/\/www.keturist.sk\/info\/wp-content\/uploads\/2020\/05\/borda5-270x180.jpg 270w, https:\/\/www.keturist.sk\/info\/wp-content\/uploads\/2020\/05\/borda5-768x512.jpg 768w, https:\/\/www.keturist.sk\/info\/wp-content\/uploads\/2020\/05\/borda5.jpg 1000w\" sizes=\"auto, (max-width: 800px) 100vw, 800px\" \/><\/a><figcaption id=\"caption-attachment-39944\" class=\"wp-caption-text\">Ka\u0161tie\u013e Franti\u0161ka II. R\u00e1kociho v obci Bor\u0161a, Fotograf: Jozef Mare\u010dek (https:\/\/www.facebook.com\/jozef.marecek.94)<\/figcaption><\/figure>\n<p>Stoj\u00ed na mieste star\u0161ieho vodn\u00e9ho hradu.<\/p>\n<p>V roku 1676 sa tu narodilo sedmohradsk\u00e9 knie\u017ea Franti\u0161ek R\u00e1k\u00f3czi II.<\/p>\n<p><strong>Viac info o ka\u0161tieli:<\/strong><\/p>\n<ul>\n<li style=\"list-style-type: none;\">\n<ul>\n<li><a href=\"https:\/\/www.keturist.sk\/info\/kam-za-pamiatkami\/kam-za-pamiatkami-smer-zemplin\/hrady-a-kastiele\/kastiel-frantiska-ii-rakociho-v-obci-borsa\/\">Ka\u0161tie\u013e Franti\u0161ka II. R\u00e1kociho (viac info v novom okne&#8230;)<\/a><\/li>\n<\/ul>\n<\/li>\n<\/ul>\n<h3><span style=\"color: #808000;\">Chr\u00e1nen\u00fd are\u00e1l Bor\u0161iansky les<\/span><\/h3>\n<p>Bor\u0161iansky les sa nach\u00e1dza v juhov\u00fdchodnej \u010dasti intravil\u00e1nu obce Bor\u0161e.<\/p>\n<figure id=\"attachment_61908\" aria-describedby=\"caption-attachment-61908\" style=\"width: 800px\" class=\"wp-caption aligncenter\"><a href=\"https:\/\/www.keturist.sk\/info\/wp-content\/uploads\/2023\/12\/chodnik-borsa-mokrad.jpg\"><img loading=\"lazy\" decoding=\"async\" class=\"wp-image-61908 size-medium\" src=\"https:\/\/www.keturist.sk\/info\/wp-content\/uploads\/2023\/12\/chodnik-borsa-mokrad-800x534.jpg\" alt=\"\" width=\"800\" height=\"534\" srcset=\"https:\/\/www.keturist.sk\/info\/wp-content\/uploads\/2023\/12\/chodnik-borsa-mokrad-800x534.jpg 800w, https:\/\/www.keturist.sk\/info\/wp-content\/uploads\/2023\/12\/chodnik-borsa-mokrad-270x180.jpg 270w, https:\/\/www.keturist.sk\/info\/wp-content\/uploads\/2023\/12\/chodnik-borsa-mokrad-768x512.jpg 768w, https:\/\/www.keturist.sk\/info\/wp-content\/uploads\/2023\/12\/chodnik-borsa-mokrad.jpg 1000w\" sizes=\"auto, (max-width: 800px) 100vw, 800px\" \/><\/a><figcaption id=\"caption-attachment-61908\" class=\"wp-caption-text\">Chr\u00e1nen\u00fd are\u00e1l Bor\u0161iansky les, fotograf: Marcin\u010din Jozef<\/figcaption><\/figure>\n<p>Chr\u00e1nen\u00fdm prvkom je star\u00fd lu\u017en\u00fd les, ktor\u00fd je pozostatkom zalesnenia tejto oblasti v minulosti.<\/p>\n<p>Jeho v\u00fdchodnom okrajom prech\u00e1dza dreven\u00e1 l\u00e1vka, ktor\u00e1 je s\u00fa\u010das\u0165ou kr\u00e1tkeho n\u00e1u\u010dn\u00e9ho chodn\u00edka a je pre verejnos\u0165 pr\u00edstupn\u00e1.<\/p>\n<p><strong>Viac inform\u00e1ci\u00ed o chr\u00e1nenom are\u00e1li:<\/strong><\/p>\n<ul>\n<li><a href=\"https:\/\/www.keturist.sk\/info\/kam-do-prirody\/kam-do-prirody-smer-zemplin\/ochrana-prirody\/chraneny-areal-borsiansky-les\/\" target=\"_blank\" rel=\"noopener\">Chr\u00e1nen\u00fd are\u00e1l Bor\u0161iansky les (\u010d\u00edtaj viac v novom okne..)<\/a><\/li>\n<\/ul>\n<h3><span style=\"color: #808000;\">Vinohradn\u00edcka oblas\u0165 Tokaj<\/span><\/h3>\n<p>Vinohradn\u00edcka oblas\u0165 Tokaj je geograficky uzatvoren\u00e1 oblas\u0165 vinohradn\u00edctva a vin\u00e1rstva v povod\u00ed rieky <a href=\"https:\/\/www.keturist.sk\/info\/kam-do-prirody\/kam-do-prirody-smer-zemplin\/vodopady-jazierka-rieky\/rieka-bodrog\/\">Bodrog<\/a>, severne na Slovensku ohrani\u010den\u00e1 <a href=\"https:\/\/sk.wikipedia.org\/wiki\/Zempl%C3%ADnske_vrchy\" target=\"_blank\" rel=\"noopener\">Zempl\u00ednskymi vrchmi<\/a>, vrchom <strong>Rozh\u013ead\u0148a (469 m n.m.)<\/strong> a na juhu v Ma\u010farsku ohrani\u010den\u00e1 s\u00fatokom riek <a href=\"https:\/\/www.keturist.sk\/info\/kam-do-prirody\/kam-do-prirody-smer-zemplin\/vodopady-jazierka-rieky\/rieka-tisa\/\">Tisa<\/a> a <a href=\"https:\/\/www.keturist.sk\/info\/kam-do-prirody\/kam-do-prirody-smer-zemplin\/vodopady-jazierka-rieky\/rieka-bodrog\/\">Bodrog<\/a>.<\/p>\n<figure id=\"attachment_43798\" aria-describedby=\"caption-attachment-43798\" style=\"width: 800px\" class=\"wp-caption aligncenter\"><a href=\"https:\/\/www.keturist.sk\/info\/wp-content\/uploads\/2021\/11\/tokaj3.jpg\"><img loading=\"lazy\" decoding=\"async\" class=\"wp-image-43798 size-medium\" src=\"https:\/\/www.keturist.sk\/info\/wp-content\/uploads\/2021\/11\/tokaj3-800x534.jpg\" alt=\"\" width=\"800\" height=\"534\" srcset=\"https:\/\/www.keturist.sk\/info\/wp-content\/uploads\/2021\/11\/tokaj3-800x534.jpg 800w, https:\/\/www.keturist.sk\/info\/wp-content\/uploads\/2021\/11\/tokaj3-270x180.jpg 270w, https:\/\/www.keturist.sk\/info\/wp-content\/uploads\/2021\/11\/tokaj3-768x512.jpg 768w, https:\/\/www.keturist.sk\/info\/wp-content\/uploads\/2021\/11\/tokaj3.jpg 1000w\" sizes=\"auto, (max-width: 800px) 100vw, 800px\" \/><\/a><figcaption id=\"caption-attachment-43798\" class=\"wp-caption-text\">Vinohradn\u00edcka oblas\u0165 Tokaj, Fotograf: Jozef Mare\u010dek (https:\/\/www.facebook.com\/jozef.marecek.94)<\/figcaption><\/figure>\n<p>Je historickou aj teritori\u00e1lnou s\u00fa\u010das\u0165ou ve\u013ek\u00e9ho tokajsk\u00e9ho regi\u00f3nu, ktor\u00e9ho v\u00e4\u010d\u0161ia \u010das\u0165 sa rozprestiera na \u00fazem\u00ed Ma\u010farska (cca 5 000 ha).<\/p>\n<p>Na Slovensku je z\u00e1konom delimitovan\u00fdch 907 ha.<\/p>\n<p>Oblas\u0165 Tokaja, je zn\u00e1ma po celom svete najm\u00e4 v\u010faka odrode v\u00edna, ktor\u00fa ob\u013euboval u\u017e v 17. storo\u010d\u00ed aj \u013dudov\u00edt XIV. toto v\u00edno prv\u00fd kr\u00e1t vyrobil Sepsi Laczko Mat\u00e9 v roku 1650.<\/p>\n<p><strong>Viac info o Tokaji: <\/strong><\/p>\n<ul>\n<li><a href=\"https:\/\/www.keturist.sk\/info\/tipy-na-vylety\/vinna-turistika\/vinohradnicka-oblast-tokaj\/\" target=\"_blank\" rel=\"noopener\">Vinohradn\u00edcka oblas\u0165 Tokaj (\u010d\u00edtaj viac v novom okne&#8230;)<\/a><\/li>\n<\/ul>\n<h3><span style=\"color: #808000;\">Hist\u00f3ria<\/span><\/h3>\n<p>Os\u00eddlenie \u00fazemia sa pod\u013ea archeologick\u00fdch n\u00e1lezov via\u017ee k mlad\u0161ej dobe kamennej.<\/p>\n<p>Prv\u00e1 p\u00edsomn\u00e1 zmienka je z roku 1221 ako Borsi, z roku 1284 ako Borsi, z roku 1390 ako Borsy, z roku 1773 ako Borssa, z roku 1920 ako Bor\u0161a, ma\u010farsky Borsi.<\/p>\n<p>Patrila k hradu Blatn\u00fd Potok.<\/p>\n<p>V roku 1615 bola zemep\u00e1nmi rodina Lor\u00e1nt\u00edfyovcov, do 18. storo\u010dia R\u00e1k\u00f3cziovcov, 18. storo\u010d\u00ed Asprementovcov.<\/p>\n<p>V roku 1557 mala obec 4 porty, v roku 1715 mala 13 dom\u00e1cnost\u00ed, v roku 1787 mala 43 domov a 281 obyvate\u013eov, v roku 1828 mala 77 domov a 565 obyvate\u013eov.<\/p>\n<p>Tunaj\u0161ie majetky odk\u00fapil v roku 1892 od Sz\u00e9chyovcov Windischgr\u00e4tz.<\/p>\n<p>Obyvatelia sa zaoberali po\u013enohospod\u00e1rstvom a debn\u00e1rstvom.<\/p>\n<p>Za I. \u010cSR sa zamestnanie obyvate\u013eov nezmenilo.<\/p>\n<p>Obec bola v rokoch 1938-1944 pripojen\u00e1 k Ma\u010farsku.<\/p>\n<p>V rokoch 1947-1949 bola Bor\u0161a stavebn\u00fdm strediskom Trate dru\u017eby.<\/p>\n","protected":false},"excerpt":{"rendered":"<p>V\u0161eobecn\u00e9 inform\u00e1cie Obec Bor\u0161a sa nach\u00e1dza v ju\u017enej \u010dasti V\u00fdchodoslovenskej n\u00ed\u017einy. Bor\u0161a (ma\u010f. Borsi) je obec v okrese Trebi\u0161ov. Nadmorsk\u00e1 v\u00fd\u0161ka v strede obce je 101 m n. m., v [&hellip;]<\/p>\n","protected":false},"author":1,"featured_media":0,"parent":62309,"menu_order":0,"comment_status":"closed","ping_status":"closed","template":"","meta":{"_uag_custom_page_level_css":"","_monsterinsights_skip_tracking":false,"_monsterinsights_sitenote_active":false,"_monsterinsights_sitenote_note":"","_monsterinsights_sitenote_category":0,"footnotes":""},"class_list":["post-62338","page","type-page","status-publish","hentry"],"featured_image_src":"","featured_image_src_square":false,"rbea_author_info":{"display_name":"admin","author_link":"https:\/\/www.keturist.sk\/info\/author\/admin\/"},"rbea_excerpt_info":"V\u0161eobecn\u00e9 inform\u00e1cie Obec Bor\u0161a sa nach\u00e1dza v ju\u017enej \u010dasti V\u00fdchodoslovenskej n\u00ed\u017einy. Bor\u0161a (ma\u010f. Borsi) je obec v okrese Trebi\u0161ov. Nadmorsk\u00e1 v\u00fd\u0161ka v strede obce je 101 m n. m., v [&hellip;]","uagb_featured_image_src":{"full":false,"thumbnail":false,"medium":false,"medium_large":false,"large":false,"1536x1536":false,"2048x2048":false},"uagb_author_info":{"display_name":"admin","author_link":"https:\/\/www.keturist.sk\/info\/author\/admin\/"},"uagb_comment_info":0,"uagb_excerpt":"V\u0161eobecn\u00e9 inform\u00e1cie Obec Bor\u0161a sa nach\u00e1dza v ju\u017enej \u010dasti V\u00fdchodoslovenskej n\u00ed\u017einy. Bor\u0161a (ma\u010f. Borsi) je obec v okrese Trebi\u0161ov. Nadmorsk\u00e1 v\u00fd\u0161ka v strede obce je 101 m n. m., v [&hellip;]","_links":{"self":[{"href":"https:\/\/www.keturist.sk\/info\/wp-json\/wp\/v2\/pages\/62338","targetHints":{"allow":["GET"]}}],"collection":[{"href":"https:\/\/www.keturist.sk\/info\/wp-json\/wp\/v2\/pages"}],"about":[{"href":"https:\/\/www.keturist.sk\/info\/wp-json\/wp\/v2\/types\/page"}],"author":[{"embeddable":true,"href":"https:\/\/www.keturist.sk\/info\/wp-json\/wp\/v2\/users\/1"}],"replies":[{"embeddable":true,"href":"https:\/\/www.keturist.sk\/info\/wp-json\/wp\/v2\/comments?post=62338"}],"version-history":[{"count":12,"href":"https:\/\/www.keturist.sk\/info\/wp-json\/wp\/v2\/pages\/62338\/revisions"}],"predecessor-version":[{"id":62859,"href":"https:\/\/www.keturist.sk\/info\/wp-json\/wp\/v2\/pages\/62338\/revisions\/62859"}],"up":[{"embeddable":true,"href":"https:\/\/www.keturist.sk\/info\/wp-json\/wp\/v2\/pages\/62309"}],"wp:attachment":[{"href":"https:\/\/www.keturist.sk\/info\/wp-json\/wp\/v2\/media?parent=62338"}],"curies":[{"name":"wp","href":"https:\/\/api.w.org\/{rel}","templated":true}]}}