{"id":62333,"date":"2023-12-07T17:09:18","date_gmt":"2023-12-07T16:09:18","guid":{"rendered":"https:\/\/www.keturist.sk\/info\/?page_id=62333"},"modified":"2023-12-12T17:59:50","modified_gmt":"2023-12-12T16:59:50","slug":"obec-bara","status":"publish","type":"page","link":"https:\/\/www.keturist.sk\/info\/turisticke-vychodiska\/smer-dolny-zemplin\/obec-bara\/","title":{"rendered":"Obec Bara"},"content":{"rendered":"<a href=\"https:\/\/www.keturist.sk\/info\/\" class=\"su-button su-button-style-default\" style=\"color:#000000;background-color:#FFCF2F;border-color:#cca626;border-radius:5px\" target=\"_self\"><span style=\"color:#000000;padding:6px 16px;font-size:13px;line-height:20px;border-color:#ffde6e;border-radius:5px;text-shadow:none\"><i class=\"sui sui-arrow-right\" style=\"font-size:13px;color:#000000\"><\/i>  Spravodaj <\/span><\/a>\n<a href=\"https:\/\/www.keturist.sk\/info\/tipy-na-vylety\/\" class=\"su-button su-button-style-default\" style=\"color:#000000;background-color:#FFCF2F;border-color:#cca626;border-radius:5px\" target=\"_self\"><span style=\"color:#000000;padding:6px 16px;font-size:13px;line-height:20px;border-color:#ffde6e;border-radius:5px;text-shadow:none\"><i class=\"sui sui-arrow-right\" style=\"font-size:13px;color:#000000\"><\/i>  TIPY NA V\u00ddLETY <\/span><\/a>\n<a href=\"https:\/\/www.keturist.sk\/info\/turisticke-vychodiska\/\" class=\"su-button su-button-style-default\" style=\"color:#000000;background-color:#FFCF2F;border-color:#cca626;border-radius:5px\" target=\"_self\"><span style=\"color:#000000;padding:6px 16px;font-size:13px;line-height:20px;border-color:#ffde6e;border-radius:5px;text-shadow:none\"><i class=\"sui sui-arrow-right\" style=\"font-size:13px;color:#000000\"><\/i>  Turistick\u00e9 v\u00fdchodisk\u00e1 <\/span><\/a>\n<a href=\"https:\/\/www.keturist.sk\/info\/turisticke-vychodiska\/smer-dolny-zemplin\/\" class=\"su-button su-button-style-default\" style=\"color:#000000;background-color:#FFCF2F;border-color:#cca626;border-radius:5px\" target=\"_self\"><span style=\"color:#000000;padding:6px 16px;font-size:13px;line-height:20px;border-color:#ffde6e;border-radius:5px;text-shadow:none\"><i class=\"sui sui-arrow-right\" style=\"font-size:13px;color:#000000\"><\/i> Smer Doln\u00fd Zempl\u00edn <\/span><\/a>\n<div class=\"su-divider su-divider-style-default\" style=\"margin:15px 0;border-width:2px;border-color:#000000\"><\/div>\n<div class=\"su-accordion su-u-trim\">\n<div class=\"su-spoiler su-spoiler-style-fancy su-spoiler-icon-plus su-spoiler-closed\" data-scroll-offset=\"0\" data-anchor-in-url=\"no\"><div class=\"su-spoiler-title\" tabindex=\"0\" role=\"button\"><span class=\"su-spoiler-icon\"><\/span>Textov\u00e9 menu - Turistick\u00e9 v\u00fdchodisk\u00e1 - Smer Doln\u00fd Zempl\u00edn<\/div><div class=\"su-spoiler-content su-u-clearfix su-u-trim\">\n<code><div class=\"column-group columns-2\"><div class=\"column column-number-1 column-span-1\"><p><\/code><br \/>\n<strong>Mest\u00e1:<\/strong><br \/>\n<a href=\"https:\/\/www.keturist.sk\/info\/turisticke-vychodiska\/smer-dolny-zemplin\/mesto-kralovsky-chlmec\/\">Kr\u00e1\u013eovsk\u00fd Chlmec<\/a><br \/>\n<a href=\"https:\/\/www.keturist.sk\/info\/turisticke-vychodiska\/smer-dolny-zemplin\/mesto-michalovce\/\">Michalovce<\/a><br \/>\n<a href=\"https:\/\/www.keturist.sk\/info\/turisticke-vychodiska\/smer-dolny-zemplin\/mesto-trebisov\/\">Trebi\u0161ov<\/a><br \/>\n<strong>Obce:<\/strong><br \/>\n<a href=\"https:\/\/www.keturist.sk\/info\/turisticke-vychodiska\/smer-dolny-zemplin\/obec-cerhov\/\">\u010cerhov<\/a><br \/>\n<a href=\"https:\/\/www.keturist.sk\/info\/turisticke-vychodiska\/smer-dolny-zemplin\/obec-bara\/\">Bara<\/a><br \/>\n<a href=\"https:\/\/www.keturist.sk\/info\/turisticke-vychodiska\/smer-dolny-zemplin\/obec-borsa\/\">Bor\u0161a<\/a><\/p>\n<\/div><div class=\"column column-number-2 last column-span-1\"><p><a href=\"https:\/\/www.keturist.sk\/info\/turisticke-vychodiska\/smer-dolny-zemplin\/obec-kazimir\/\">Kazim\u00edr<\/a><br \/>\n<a href=\"https:\/\/www.keturist.sk\/info\/turisticke-vychodiska\/smer-dolny-zemplin\/obec-mala-trna\/\">Mal\u00e1 T\u0155\u0148a<\/a><br \/>\n<a href=\"https:\/\/www.keturist.sk\/info\/turisticke-vychodiska\/smer-dolny-zemplin\/obec-senne\/\">Senn\u00e9<\/a><br \/>\n<a href=\"https:\/\/www.keturist.sk\/info\/turisticke-vychodiska\/smer-dolny-zemplin\/obec-velky-kamenec\/\">Ve\u013ek\u00fd Kamenec<\/a><br \/>\n<a href=\"https:\/\/www.keturist.sk\/info\/turisticke-vychodiska\/smer-dolny-zemplin\/obec-velka-trna\/\">Ve\u013ek\u00e1 T\u0155\u0148a<\/a><br \/>\n<a href=\"https:\/\/www.keturist.sk\/info\/turisticke-vychodiska\/smer-dolny-zemplin\/obec-vinne\/\">Vinn\u00e9<\/a><br \/>\n<a href=\"https:\/\/www.keturist.sk\/info\/turisticke-vychodiska\/smer-dolny-zemplin\/obec-zemplin\/\">Zempl\u00edn<\/a><\/p>\n<\/div><\/div><\/div><\/div><\/div>\n<div class=\"su-divider su-divider-style-default\" style=\"margin:15px 0;border-width:2px;border-color:#000000\"><\/div>\n<h3><span style=\"color: #808000;\">V\u0161eobecn\u00e9 inform\u00e1cie<\/span><\/h3>\n<p>Bara (ma\u010f. B\u00e1ri) je obec na Slovensku v okrese Trebi\u0161ov.<\/p>\n<p>Dne\u0161n\u00e1 Obec Bara vznikla v r. 1960 zl\u00fa\u010den\u00edm obc\u00ed Mal\u00e1 a Ve\u013ek\u00e1 Bara.<\/p>\n<p>Le\u017e\u00ed na ju\u017enej \u010dasti V\u00fdchodoslovenskej n\u00ed\u017einy na juhoz\u00e1padnom \u00fap\u00e4t\u00ed Zempl\u00ednskych vrchov.<\/p>\n<p>Nadmorsk\u00e1 v\u00fd\u0161ka v strede obce je 180 m n. m. (Ve\u013ek\u00e1 Bara, 144 m n. m. Mal\u00e1 Bara), v chot\u00e1ri 110- 280 m n. m. <\/p>\n<p>Obec sa rozprestiera v zna\u010dne \u010dlenitom ter\u00e9ne a pretek\u00e1 \u0148ou <strong>Barsky potok<\/strong>, ktor\u00fd pramen\u00ed za obcou \u010cernochou a vlieva sa do <strong>Bor\u0161iansk\u00e9ho potoka<\/strong> pribli\u017ene 400 m na sever od obce <a href=\"https:\/\/www.keturist.sk\/info\/turisticke-vychodiska\/smer-dolny-zemplin\/obec-borsa\/\">Bor\u0161a<\/a>.<\/p>\n<p>Je s\u00fa\u010das\u0165ou tokajskej vinohradn\u00edckej oblasti.<\/p>\n<p>Vinohradn\u00edcka oblas\u0165 Tokaj na Slovensku je v s\u00fa\u010dasnosti pevne stanoven\u00e1 v rozlohe 907 ha v katastr\u00e1lnych \u00fazemiach obc\u00ed Bara, \u010cerhov, \u010cernochov, Mal\u00e1 T\u0155\u0148a, Slovensk\u00e9 Nov\u00e9 Mesto, Ve\u013ek\u00e1 T\u0155\u0148a a Vini\u010dky.<\/p>\n<h3><span style=\"color: #808000;\">Pamiatky<\/span><\/h3>\n<h4><span style=\"color: #800000;\">K\u00faria v \u010dasti Mal\u00e1 Bara<\/span><\/h4>\n<p>K\u00faria v Malej Bare p\u00f4vodne neskororenesan\u010dn\u00e1 z druhej polovice 17. storo\u010dia.<\/p>\n<p>V prvej polovici 19. storo\u010dia bola k\u00fara klasicistick\u00fd upraven\u00e1.<\/p>\n<h4><span style=\"color: #800000;\">Reformovan\u00fd kostol v \u010dasti Mal\u00e1 Bara<\/span><\/h4>\n<p>Reformovan\u00fd kostol v \u010dasti Mal\u00e1 Bara, jednolo\u010fov\u00e1 rom\u00e1nska stavba s polkruhovou apsidou a predstavanou ve\u017eou zo za\u010diatku 13. storo\u010dia.<\/p>\n<p>Tento kostol je chr\u00e1nenou kult\u00farnou pamiatkou.<\/p>\n<p>Kostol sa nach\u00e1dza na vyv\u00fd\u0161enine na v\u00fdchodnom okraji dediny.<\/p>\n<p>Najstar\u0161ia rom\u00e1nska \u010das\u0165 kostola je postaven\u00e1 z teh\u00e1l na kamennom z\u00e1klade.<\/p>\n<p>V 14. storo\u010d\u00ed bola roz\u0161\u00edren\u00e1 lo\u010f u\u017e v duchu gotiky a v 15. storo\u010d\u00ed bola pristavan\u00e1 z\u00e1padn\u00e1 ve\u017ea.<\/p>\n<p>Od polovice 17. storo\u010dia patr\u00ed kostol Reformovanej cirkvi.<\/p>\n<p>Interi\u00e9r lode je plochostrop\u00fd a nach\u00e1dza sa tu dreven\u00e1 empora a kazate\u013enica umiestnen\u00e1 napravo od v\u00ed\u0165azn\u00e9o obl\u00faka.<\/p>\n<p>Na ju\u017enej stene rom\u00e1nskej lode boli objaven\u00e9 zvy\u0161ky v\u00fdma\u013eby.<\/p>\n<p>Fas\u00e1dy kostola s\u00fa hladk\u00e9, \u010dlenen\u00e9 polkruhovo ukon\u010den\u00fdmi oknami v rom\u00e1nskej \u010dasti a oknami s lomen\u00fdm obl\u00fakom a kru\u017ebou v gotickej.<\/p>\n<p>Apsida je dekorovan\u00e1 obl\u00fa\u010dkov\u00fdm vlysom.<\/p>\n<p>Ve\u017ea je ukon\u010den\u00e1 ihlancovou helmicou.<\/p>\n<p>V podve\u017e\u00ed sa nach\u00e1dza gotick\u00fd port\u00e1l.<\/p>\n<h4><span style=\"color: #800000;\">Reformovan\u00fd kostol v \u010dasti Ve\u013ek\u00e1 Bara<\/span><\/h4>\n<p>Reformovan\u00fd kostol v \u010dasti Ve\u013ek\u00e1 Bara ja jednolo\u010fov\u00e1 klasicistick\u00e1 stavba s polkruhov\u00fdm z\u00e1verom a predstavanou ve\u017eou z rokov 1799-1801.<\/p>\n<p>Obnovou pre\u0161iel v roku 1890, ke\u010f bola pristavan\u00e1 ve\u017ea.<\/p>\n<p>Kostol m\u00e1 hladk\u00e9 fas\u00e1dy s polkruhovo ukon\u010den\u00fdmi oknami.<\/p>\n<p>Ve\u017ea je ukon\u010den\u00e1 ihlancovou helmicou.<\/p>\n<h3><span style=\"color: #808000;\">Vinohradn\u00edcka oblas\u0165 Tokaj<\/span><\/h3>\n<p>Vinohradn\u00edcka oblas\u0165 Tokaj je geograficky uzatvoren\u00e1 oblas\u0165 vinohradn\u00edctva a vin\u00e1rstva v povod\u00ed rieky <a href=\"https:\/\/www.keturist.sk\/info\/kam-do-prirody\/kam-do-prirody-smer-zemplin\/vodopady-jazierka-rieky\/rieka-bodrog\/\">Bodrog<\/a>, severne na Slovensku ohrani\u010den\u00e1 <a href=\"https:\/\/sk.wikipedia.org\/wiki\/Zempl%C3%ADnske_vrchy\" target=\"_blank\" rel=\"noopener\">Zempl\u00ednskymi vrchmi<\/a>, vrchom <strong>Rozh\u013ead\u0148a (469 m n.m.)<\/strong> a na juhu v Ma\u010farsku ohrani\u010den\u00e1 s\u00fatokom riek <a href=\"https:\/\/www.keturist.sk\/info\/kam-do-prirody\/kam-do-prirody-smer-zemplin\/vodopady-jazierka-rieky\/rieka-tisa\/\">Tisa<\/a> a <a href=\"https:\/\/www.keturist.sk\/info\/kam-do-prirody\/kam-do-prirody-smer-zemplin\/vodopady-jazierka-rieky\/rieka-bodrog\/\">Bodrog<\/a>.<\/p>\n<figure id=\"attachment_43798\" aria-describedby=\"caption-attachment-43798\" style=\"width: 800px\" class=\"wp-caption aligncenter\"><a href=\"https:\/\/www.keturist.sk\/info\/wp-content\/uploads\/2021\/11\/tokaj3.jpg\"><img loading=\"lazy\" decoding=\"async\" class=\"wp-image-43798 size-medium\" src=\"https:\/\/www.keturist.sk\/info\/wp-content\/uploads\/2021\/11\/tokaj3-800x534.jpg\" alt=\"\" width=\"800\" height=\"534\" srcset=\"https:\/\/www.keturist.sk\/info\/wp-content\/uploads\/2021\/11\/tokaj3-800x534.jpg 800w, https:\/\/www.keturist.sk\/info\/wp-content\/uploads\/2021\/11\/tokaj3-270x180.jpg 270w, https:\/\/www.keturist.sk\/info\/wp-content\/uploads\/2021\/11\/tokaj3-768x512.jpg 768w, https:\/\/www.keturist.sk\/info\/wp-content\/uploads\/2021\/11\/tokaj3.jpg 1000w\" sizes=\"auto, (max-width: 800px) 100vw, 800px\" \/><\/a><figcaption id=\"caption-attachment-43798\" class=\"wp-caption-text\">Vinohradn\u00edcka oblas\u0165 Tokaj, Fotograf: Jozef Mare\u010dek (https:\/\/www.facebook.com\/jozef.marecek.94)<\/figcaption><\/figure>\n<p>Je historickou aj teritori\u00e1lnou s\u00fa\u010das\u0165ou ve\u013ek\u00e9ho tokajsk\u00e9ho regi\u00f3nu, ktor\u00e9ho v\u00e4\u010d\u0161ia \u010das\u0165 sa rozprestiera na \u00fazem\u00ed Ma\u010farska (cca 5 000 ha).<\/p>\n<p>Na Slovensku je z\u00e1konom delimitovan\u00fdch 907 ha.<\/p>\n<p>Oblas\u0165 Tokaja, je zn\u00e1ma po celom svete najm\u00e4 v\u010faka odrode v\u00edna, ktor\u00fa ob\u013euboval u\u017e v 17. storo\u010d\u00ed aj \u013dudov\u00edt XIV. toto v\u00edno prv\u00fd kr\u00e1t vyrobil Sepsi Laczko Mat\u00e9 v roku 1650.<\/p>\n<p><strong>Viac info o Tokaji: <\/strong><\/p>\n<ul>\n<li><a href=\"https:\/\/www.keturist.sk\/info\/tipy-na-vylety\/vinna-turistika\/vinohradnicka-oblast-tokaj\/\" target=\"_blank\" rel=\"noopener\">Vinohradn\u00edcka oblas\u0165 Tokaj (\u010d\u00edtaj viac v novom okne&#8230;)<\/a><\/li>\n<\/ul>\n<h3><span style=\"color: #808000;\">Turizmus<\/span><\/h3>\n<h4><span style=\"color: #800000;\">Chateau Grand Bari<\/span><\/h4>\n<p>Chateau GRAND BARI je modern\u00e9 vin\u00e1rstvo p\u00f4sobiaca v tokajskej oblasti v obci Bara \u010das\u0165 Ve\u013ek\u00e1 Bara.<\/p>\n<figure id=\"attachment_62847\" aria-describedby=\"caption-attachment-62847\" style=\"width: 800px\" class=\"wp-caption aligncenter\"><a href=\"https:\/\/www.keturist.sk\/info\/wp-content\/uploads\/2023\/12\/grand-bari.jpg\"><img loading=\"lazy\" decoding=\"async\" class=\"wp-image-62847 size-medium\" src=\"https:\/\/www.keturist.sk\/info\/wp-content\/uploads\/2023\/12\/grand-bari-800x534.jpg\" alt=\"\" width=\"800\" height=\"534\" srcset=\"https:\/\/www.keturist.sk\/info\/wp-content\/uploads\/2023\/12\/grand-bari-800x534.jpg 800w, https:\/\/www.keturist.sk\/info\/wp-content\/uploads\/2023\/12\/grand-bari-270x180.jpg 270w, https:\/\/www.keturist.sk\/info\/wp-content\/uploads\/2023\/12\/grand-bari-768x512.jpg 768w, https:\/\/www.keturist.sk\/info\/wp-content\/uploads\/2023\/12\/grand-bari.jpg 1000w\" sizes=\"auto, (max-width: 800px) 100vw, 800px\" \/><\/a><figcaption id=\"caption-attachment-62847\" class=\"wp-caption-text\">Chateau Grand Bari, Fotograf: Jozef Mare\u010dek (https:\/\/www.facebook.com\/jozef.marecek.94)<\/figcaption><\/figure>\n<p>Taktie\u017e je luxusn\u00fdm komplexom s hotelom, v\u00ednnou produkciou, re\u0161taur\u00e1ciou a m\u00fazeom v jednom.<\/p>\n<p>Spracov\u00e1vaj\u00fa tu iba hrozno z vlastnej produkcie z odr\u00f4d ako je <strong>Furmint<\/strong>, <strong>Lipovina<\/strong> \u010di <strong>Mu\u0161k\u00e1t \u017dlt\u00fd<\/strong>, pri ktorom dok\u00e1\u017eu zabezpe\u010di\u0165 vysok\u00fa kvalitu a garantova\u0165 jeho p\u00f4vod.<\/p>\n<p>Spolo\u010dnos\u0165 Chateau GRAND BARI vlastn\u00ed pribli\u017ene 60 ha honov.<\/p>\n<p><strong>Viac info:<\/strong> <a href=\"https:\/\/www.grandbari.sk\/\" target=\"_blank\" rel=\"noopener\">Chateau GRAND BARI (\u010d\u00edtaj viac v novom okne&#8230;)<\/a><\/p>\n<h4><span style=\"color: #800000;\">Tokajsk\u00e9 dom\u010deky v korun\u00e1ch stromov s wellness<\/span><\/h4>\n<p>Ide o z\u00e1\u017eitkov\u00e9 celoro\u010dn\u00e9 ubytovanie v korun\u00e1ch stromov, ktor\u00e9 je sp\u00e4t\u00e9 s pr\u00edrodou v obci Bara \u010das\u0165 Mal\u00e1 Bara.<\/p>\n<figure id=\"attachment_62845\" aria-describedby=\"caption-attachment-62845\" style=\"width: 800px\" class=\"wp-caption aligncenter\"><a href=\"https:\/\/www.keturist.sk\/info\/wp-content\/uploads\/2023\/12\/mala-bara.jpg\"><img loading=\"lazy\" decoding=\"async\" class=\"wp-image-62845 size-medium\" src=\"https:\/\/www.keturist.sk\/info\/wp-content\/uploads\/2023\/12\/mala-bara-800x530.jpg\" alt=\"\" width=\"800\" height=\"530\" srcset=\"https:\/\/www.keturist.sk\/info\/wp-content\/uploads\/2023\/12\/mala-bara-800x530.jpg 800w, https:\/\/www.keturist.sk\/info\/wp-content\/uploads\/2023\/12\/mala-bara-270x180.jpg 270w, https:\/\/www.keturist.sk\/info\/wp-content\/uploads\/2023\/12\/mala-bara-768x508.jpg 768w, https:\/\/www.keturist.sk\/info\/wp-content\/uploads\/2023\/12\/mala-bara.jpg 1000w\" sizes=\"auto, (max-width: 800px) 100vw, 800px\" \/><\/a><figcaption id=\"caption-attachment-62845\" class=\"wp-caption-text\">Tokajsk\u00e9 dom\u010deky v korun\u00e1ch stromov s wellness, Fotograf: Jozef Mare\u010dek (https:\/\/www.facebook.com\/jozef.marecek.94)<\/figcaption><\/figure>\n<p>Komplex pozostav\u00e1 z dedinky v podobe piatich dom\u010dekov a wellnessu v korun\u00e1ch stromov, ktor\u00e1 je s\u00fa\u010das\u0165ou lesoparku Campingu Mal\u00e1 Bara.<\/p>\n<p><strong>Viac info:<\/strong> <a href=\"https:\/\/www.campingmalabara.sk\/\" target=\"_blank\" rel=\"noopener\">Tokajsk\u00e9 dom\u010deky v korun\u00e1ch stromov s wellness (\u010d\u00edtaj viac v novom okne&#8230;)<\/a><\/p>\n<h3><span style=\"color: #808000;\">Ubytovanie<\/span><\/h3>\n<ul>\n<li><a href=\"https:\/\/keturist.sk\/shop\/kategoria-produktu\/ubytovanie\/tokaj\/?v=13dd621f2711\" target=\"_blank\" rel=\"noopener\">Ubytovanie v Tokaji (\u010d\u00edtaj viac v novom okne)<\/a><\/li>\n<\/ul>\n<h3><span style=\"color: #808000;\">Stravovanie<\/span><\/h3>\n<ul>\n<li><a href=\"https:\/\/keturist.sk\/shop\/kategoria-produktu\/stravovanie\/tokaj-stra\/?v=13dd621f2711\" target=\"_blank\" rel=\"noopener\">Stravovanie v Tokaji (\u010d\u00edtaj viac v novom okne)<\/a><\/li>\n<\/ul>\n<h3><span style=\"color: #808000;\">Hist\u00f3ria<\/span><\/h3>\n<p>Obec vznikla v roku 1960 zl\u00fa\u010den\u00edm Malej a Ve\u013ekej Bary.<\/p>\n<p>Ako jednotn\u00e1 obec sa uv\u00e1dza u\u017e v roku 1296.<\/p>\n<p>Prv\u00e9 d\u00f4kazy o \u010dinnosti \u013eud\u00ed na tomto \u00fazem\u00ed poch\u00e1dzaj\u00fa z mlad\u0161ieho \u00faseku star\u0161ej doby kamennej.<\/p>\n<p>V tejto lokalite sa na\u0161li aj hrudy modelovacej hliny, ktor\u00e9 m\u00f4\u017eeme na z\u00e1klade doteraj\u0161ieho stavu poznania pova\u017eova\u0165 za najstar\u0161ie doklady o \u00famyselnom vypa\u013eovan\u00ed hliny na v\u00fdchode Slovenska.<\/p>\n<p>V tejto \u010dasti sa \u0165a\u017eil palcolit.<\/p>\n<p>K najstar\u0161\u00edm sa radia n\u00e1lezy keramiky s v\u00fdchodnou line\u00e1rnou keramikou.<\/p>\n<p>\u010ci\u017ee obyvatelia tejto obce okrem vinohradn\u00edctva sa zaoberali aj hrn\u010diarstvom.<\/p>\n<p><strong>Mal\u00e1 Bara<\/strong> obec dolo\u017een\u00e1 v roku 1296 ako Bary, z roku 1416 ako Kysbary, z roku 1808 ako Mal\u00e1 Bara, ma\u010farsky Kisb\u00e1ri.<\/p>\n<p>Bola majetkom zemanov a \u010dasto menila zemep\u00e1nov.<\/p>\n<p>V roku 1557 mala 1,5 porty, v roku 1712 mala 2 ob\u00fdvan\u00e9 a 6 opusten\u00fdch dom\u00e1cnosti a komora, v 19.-20. storo\u010d\u00ed gr\u00f3fka Vayov\u00e1.<\/p>\n<p>V roku 1787 mala obec 17 domov a 99 obyvate\u013eov, v roku 1828 mala 34 domov a 281 obyvate\u013eov.<\/p>\n<p>Za 1. \u010cSR po\u013enohospod\u00e1rska a vinohradn\u00edcka obec.<\/p>\n<p>V rokoch 1938-1944 bola pripojen\u00e1 k Ma\u010farsku.<\/p>\n<p><strong>Ve\u013ek\u00e1 Bara<\/strong> obec sa spom\u00edna od roku 1416 ako Nagbary, z roku 1808 ako Ve\u013ek\u00e1 Bara, ma\u010farsky Nagb\u00e1ri.<\/p>\n<p>Zalo\u017eili ju na z\u00e1kupnom pr\u00e1ve v chot\u00e1ri obce Mal\u00e1 Bara. Patrila L\u00f3nyayovcom a in\u00fdm, v 18. storo\u010d\u00ed Aspremontovcom a Kazinczyovcom.<\/p>\n<p>V roku 1557 mala 3, 5 porty, v roku 1715 mala 11 opusten\u00fdch a 12 ob\u00fdvan\u00fdch dom\u00e1cnosti, v roku 1787 mala 41 domov a 221 obyvate\u013eov, v roku 1828 mala 37 domov a 281 obyvate\u013eov.<\/p>\n<p>Zaoberali sa po\u013enohospod\u00e1rstvom, do 18. storo\u010dia vinohradn\u00edctvom.<\/p>\n<p>Za I. \u010cSR sa zamestnanie nezmenilo.<\/p>\n<p>V roku 1938-1944 pripojen\u00e1 k Ma\u010farsku.<\/p>\n<p>Po\u013enohospod\u00e1rske dru\u017estvo v Bare vzniklo v roku 1960, neskor\u0161ie sa spojilo s Po\u013enohospod\u00e1rskym dru\u017estvom v \u010cerchove.<\/p>\n<h3><span style=\"color: #808000;\">Mapy<\/span><\/h3>\n<p><strong>Vrstvy: <\/strong>Turistick\u00e1 mapa, Automapa, Cyklomapa, Ly\u017eiarska mapa, Satelitn\u00e1 mapa a OpenStreetMap.<\/p>\n<p><strong>Kliknut\u00edm na logo &#8222;Freemap.sk&#8220; sa V\u00e1m mapa zobraz\u00ed na celej ploche obrazovky.<\/strong><\/p>\n<p><iframe style=\"width: 800px; height: 500px; border: 0;\" src=\"https:\/\/www.freemap.sk\/?map=15\/48.424010\/21.721151&amp;&amp;info-point=48.424010\/21.721151&amp;,Obec Bara&amp;layers=T&amp;embed=search\" allowfullscreen=\"allowfullscreen\"><\/iframe><\/p>\n<h3><span style=\"color: #808000;\">Po\u010dasie<\/span><\/h3>\n<p><iframe style=\"width: 805px; height: 613px;\" src=\"https:\/\/www.meteoblue.com\/sk\/po%C4%8Dasie\/widget\/three\/ve%c4%bek%c3%a1-bara_slovensk%c3%a1-republika_723285?geoloc=fixed&amp;nocurrent=0&amp;noforecast=0&amp;days=7&amp;tempunit=CELSIUS&amp;windunit=KILOMETER_PER_HOUR&amp;layout=image\" frameborder=\"0\" scrolling=\"NO\" sandbox=\"allow-same-origin allow-scripts allow-popups allow-popups-to-escape-sandbox\"><\/iframe><\/p>\n<div><!-- DO NOT REMOVE THIS LINK --><a href=\"https:\/\/www.meteoblue.com\/sk\/po%C4%8Dasie\/t%C3%BD%C5%BEde%C5%88\/ve%c4%bek%c3%a1-bara_slovensk%c3%a1-republika_723285?utm_source=weather_widget&amp;utm_medium=linkus&amp;utm_content=three&amp;utm_campaign=Weather%2BWidget\" target=\"_blank\" rel=\"noopener\">meteoblue<\/a><\/div>\n","protected":false},"excerpt":{"rendered":"<p>V\u0161eobecn\u00e9 inform\u00e1cie Bara (ma\u010f. B\u00e1ri) je obec na Slovensku v okrese Trebi\u0161ov. Dne\u0161n\u00e1 Obec Bara vznikla v r. 1960 zl\u00fa\u010den\u00edm obc\u00ed Mal\u00e1 a Ve\u013ek\u00e1 Bara. Le\u017e\u00ed na ju\u017enej \u010dasti V\u00fdchodoslovenskej [&hellip;]<\/p>\n","protected":false},"author":1,"featured_media":0,"parent":62309,"menu_order":0,"comment_status":"closed","ping_status":"closed","template":"","meta":{"_uag_custom_page_level_css":"","_monsterinsights_skip_tracking":false,"_monsterinsights_sitenote_active":false,"_monsterinsights_sitenote_note":"","_monsterinsights_sitenote_category":0,"footnotes":""},"class_list":["post-62333","page","type-page","status-publish","hentry"],"featured_image_src":"","featured_image_src_square":false,"rbea_author_info":{"display_name":"admin","author_link":"https:\/\/www.keturist.sk\/info\/author\/admin\/"},"rbea_excerpt_info":"V\u0161eobecn\u00e9 inform\u00e1cie Bara (ma\u010f. B\u00e1ri) je obec na Slovensku v okrese Trebi\u0161ov. Dne\u0161n\u00e1 Obec Bara vznikla v r. 1960 zl\u00fa\u010den\u00edm obc\u00ed Mal\u00e1 a Ve\u013ek\u00e1 Bara. Le\u017e\u00ed na ju\u017enej \u010dasti V\u00fdchodoslovenskej [&hellip;]","uagb_featured_image_src":{"full":false,"thumbnail":false,"medium":false,"medium_large":false,"large":false,"1536x1536":false,"2048x2048":false},"uagb_author_info":{"display_name":"admin","author_link":"https:\/\/www.keturist.sk\/info\/author\/admin\/"},"uagb_comment_info":0,"uagb_excerpt":"V\u0161eobecn\u00e9 inform\u00e1cie Bara (ma\u010f. B\u00e1ri) je obec na Slovensku v okrese Trebi\u0161ov. Dne\u0161n\u00e1 Obec Bara vznikla v r. 1960 zl\u00fa\u010den\u00edm obc\u00ed Mal\u00e1 a Ve\u013ek\u00e1 Bara. Le\u017e\u00ed na ju\u017enej \u010dasti V\u00fdchodoslovenskej [&hellip;]","_links":{"self":[{"href":"https:\/\/www.keturist.sk\/info\/wp-json\/wp\/v2\/pages\/62333","targetHints":{"allow":["GET"]}}],"collection":[{"href":"https:\/\/www.keturist.sk\/info\/wp-json\/wp\/v2\/pages"}],"about":[{"href":"https:\/\/www.keturist.sk\/info\/wp-json\/wp\/v2\/types\/page"}],"author":[{"embeddable":true,"href":"https:\/\/www.keturist.sk\/info\/wp-json\/wp\/v2\/users\/1"}],"replies":[{"embeddable":true,"href":"https:\/\/www.keturist.sk\/info\/wp-json\/wp\/v2\/comments?post=62333"}],"version-history":[{"count":29,"href":"https:\/\/www.keturist.sk\/info\/wp-json\/wp\/v2\/pages\/62333\/revisions"}],"predecessor-version":[{"id":62850,"href":"https:\/\/www.keturist.sk\/info\/wp-json\/wp\/v2\/pages\/62333\/revisions\/62850"}],"up":[{"embeddable":true,"href":"https:\/\/www.keturist.sk\/info\/wp-json\/wp\/v2\/pages\/62309"}],"wp:attachment":[{"href":"https:\/\/www.keturist.sk\/info\/wp-json\/wp\/v2\/media?parent=62333"}],"curies":[{"name":"wp","href":"https:\/\/api.w.org\/{rel}","templated":true}]}}