{"id":62313,"date":"2023-12-07T16:36:36","date_gmt":"2023-12-07T15:36:36","guid":{"rendered":"https:\/\/www.keturist.sk\/info\/?page_id=62313"},"modified":"2023-12-12T13:15:29","modified_gmt":"2023-12-12T12:15:29","slug":"obec-cerhov","status":"publish","type":"page","link":"https:\/\/www.keturist.sk\/info\/turisticke-vychodiska\/smer-dolny-zemplin\/obec-cerhov\/","title":{"rendered":"Obec \u010cerhov"},"content":{"rendered":"<a href=\"https:\/\/www.keturist.sk\/info\/\" class=\"su-button su-button-style-default\" style=\"color:#000000;background-color:#FFCF2F;border-color:#cca626;border-radius:5px\" target=\"_self\"><span style=\"color:#000000;padding:6px 16px;font-size:13px;line-height:20px;border-color:#ffde6e;border-radius:5px;text-shadow:none\"><i class=\"sui sui-arrow-right\" style=\"font-size:13px;color:#000000\"><\/i>  Spravodaj <\/span><\/a>\n<a href=\"https:\/\/www.keturist.sk\/info\/tipy-na-vylety\/\" class=\"su-button su-button-style-default\" style=\"color:#000000;background-color:#FFCF2F;border-color:#cca626;border-radius:5px\" target=\"_self\"><span style=\"color:#000000;padding:6px 16px;font-size:13px;line-height:20px;border-color:#ffde6e;border-radius:5px;text-shadow:none\"><i class=\"sui sui-arrow-right\" style=\"font-size:13px;color:#000000\"><\/i>  TIPY NA V\u00ddLETY <\/span><\/a>\n<a href=\"https:\/\/www.keturist.sk\/info\/turisticke-vychodiska\/\" class=\"su-button su-button-style-default\" style=\"color:#000000;background-color:#FFCF2F;border-color:#cca626;border-radius:5px\" target=\"_self\"><span style=\"color:#000000;padding:6px 16px;font-size:13px;line-height:20px;border-color:#ffde6e;border-radius:5px;text-shadow:none\"><i class=\"sui sui-arrow-right\" style=\"font-size:13px;color:#000000\"><\/i>  Turistick\u00e9 v\u00fdchodisk\u00e1 <\/span><\/a>\n<a href=\"https:\/\/www.keturist.sk\/info\/turisticke-vychodiska\/smer-dolny-zemplin\/\" class=\"su-button su-button-style-default\" style=\"color:#000000;background-color:#FFCF2F;border-color:#cca626;border-radius:5px\" target=\"_self\"><span style=\"color:#000000;padding:6px 16px;font-size:13px;line-height:20px;border-color:#ffde6e;border-radius:5px;text-shadow:none\"><i class=\"sui sui-arrow-right\" style=\"font-size:13px;color:#000000\"><\/i> Smer Doln\u00fd Zempl\u00edn <\/span><\/a>\n<div class=\"su-divider su-divider-style-default\" style=\"margin:15px 0;border-width:2px;border-color:#000000\"><\/div>\n<div class=\"su-accordion su-u-trim\">\n<div class=\"su-spoiler su-spoiler-style-fancy su-spoiler-icon-plus su-spoiler-closed\" data-scroll-offset=\"0\" data-anchor-in-url=\"no\"><div class=\"su-spoiler-title\" tabindex=\"0\" role=\"button\"><span class=\"su-spoiler-icon\"><\/span>Textov\u00e9 menu - Turistick\u00e9 v\u00fdchodisk\u00e1 - Smer Doln\u00fd Zempl\u00edn<\/div><div class=\"su-spoiler-content su-u-clearfix su-u-trim\">\n<code><div class=\"column-group columns-2\"><div class=\"column column-number-1 column-span-1\"><p><\/code><br \/>\n<strong>Mest\u00e1:<\/strong><br \/>\n<a href=\"https:\/\/www.keturist.sk\/info\/turisticke-vychodiska\/smer-dolny-zemplin\/mesto-kralovsky-chlmec\/\">Kr\u00e1\u013eovsk\u00fd Chlmec<\/a><br \/>\n<a href=\"https:\/\/www.keturist.sk\/info\/turisticke-vychodiska\/smer-dolny-zemplin\/mesto-michalovce\/\">Michalovce<\/a><br \/>\n<a href=\"https:\/\/www.keturist.sk\/info\/turisticke-vychodiska\/smer-dolny-zemplin\/mesto-trebisov\/\">Trebi\u0161ov<\/a><br \/>\n<strong>Obce:<\/strong><br \/>\n<a href=\"https:\/\/www.keturist.sk\/info\/turisticke-vychodiska\/smer-dolny-zemplin\/obec-cerhov\/\">\u010cerhov<\/a><br \/>\n<a href=\"https:\/\/www.keturist.sk\/info\/turisticke-vychodiska\/smer-dolny-zemplin\/obec-bara\/\">Bara<\/a><br \/>\n<a href=\"https:\/\/www.keturist.sk\/info\/turisticke-vychodiska\/smer-dolny-zemplin\/obec-borsa\/\">Bor\u0161a<\/a><\/p>\n<\/div><div class=\"column column-number-2 last column-span-1\"><p><a href=\"https:\/\/www.keturist.sk\/info\/turisticke-vychodiska\/smer-dolny-zemplin\/obec-kazimir\/\">Kazim\u00edr<\/a><br \/>\n<a href=\"https:\/\/www.keturist.sk\/info\/turisticke-vychodiska\/smer-dolny-zemplin\/obec-mala-trna\/\">Mal\u00e1 T\u0155\u0148a<\/a><br \/>\n<a href=\"https:\/\/www.keturist.sk\/info\/turisticke-vychodiska\/smer-dolny-zemplin\/obec-senne\/\">Senn\u00e9<\/a><br \/>\n<a href=\"https:\/\/www.keturist.sk\/info\/turisticke-vychodiska\/smer-dolny-zemplin\/obec-velky-kamenec\/\">Ve\u013ek\u00fd Kamenec<\/a><br \/>\n<a href=\"https:\/\/www.keturist.sk\/info\/turisticke-vychodiska\/smer-dolny-zemplin\/obec-velka-trna\/\">Ve\u013ek\u00e1 T\u0155\u0148a<\/a><br \/>\n<a href=\"https:\/\/www.keturist.sk\/info\/turisticke-vychodiska\/smer-dolny-zemplin\/obec-vinicky\/\">Vini\u010dky<\/a><br \/>\n<a href=\"https:\/\/www.keturist.sk\/info\/turisticke-vychodiska\/smer-dolny-zemplin\/obec-vinne\/\">Vinn\u00e9<\/a><br \/>\n<a href=\"https:\/\/www.keturist.sk\/info\/turisticke-vychodiska\/smer-dolny-zemplin\/obec-zemplin\/\">Zempl\u00edn<\/a><\/p>\n<\/div><\/div><\/div><\/div><\/div>\n<div class=\"su-divider su-divider-style-default\" style=\"margin:15px 0;border-width:2px;border-color:#000000\"><\/div>\n<h3><span style=\"color: #808000;\">V\u0161eobecn\u00e9 inform\u00e1cie<\/span><\/h3>\n<p>\u010cerhov (v minulosti \u010cergov, ma\u010f. Cs\u00f6rg\u0151) je obec v okrese Trebi\u0161ov.<\/p>\n<figure id=\"attachment_62469\" aria-describedby=\"caption-attachment-62469\" style=\"width: 800px\" class=\"wp-caption aligncenter\"><a href=\"https:\/\/www.keturist.sk\/info\/wp-content\/uploads\/2023\/12\/cerhov1.jpg\"><img loading=\"lazy\" decoding=\"async\" class=\"wp-image-62469 size-medium\" src=\"https:\/\/www.keturist.sk\/info\/wp-content\/uploads\/2023\/12\/cerhov1-800x531.jpg\" alt=\"\" width=\"800\" height=\"531\" srcset=\"https:\/\/www.keturist.sk\/info\/wp-content\/uploads\/2023\/12\/cerhov1-800x531.jpg 800w, https:\/\/www.keturist.sk\/info\/wp-content\/uploads\/2023\/12\/cerhov1-270x180.jpg 270w, https:\/\/www.keturist.sk\/info\/wp-content\/uploads\/2023\/12\/cerhov1-768x510.jpg 768w, https:\/\/www.keturist.sk\/info\/wp-content\/uploads\/2023\/12\/cerhov1.jpg 1000w\" sizes=\"auto, (max-width: 800px) 100vw, 800px\" \/><\/a><figcaption id=\"caption-attachment-62469\" class=\"wp-caption-text\">Obec \u010cerhov, Fotograf: Jozef Mare\u010dek (https:\/\/www.facebook.com\/jozef.marecek.94)<\/figcaption><\/figure>\n<p>Obec je vstupnou br\u00e1nou do tokajskej oblasti.<\/p>\n<p>Chot\u00e1r obce sa rozprestiera na \u00farodnej n\u00ed\u017eine.<\/p>\n<figure id=\"attachment_62474\" aria-describedby=\"caption-attachment-62474\" style=\"width: 800px\" class=\"wp-caption aligncenter\"><a href=\"https:\/\/www.keturist.sk\/info\/wp-content\/uploads\/2023\/12\/cerhov3.jpg\"><img loading=\"lazy\" decoding=\"async\" class=\"wp-image-62474 size-medium\" src=\"https:\/\/www.keturist.sk\/info\/wp-content\/uploads\/2023\/12\/cerhov3-800x537.jpg\" alt=\"\" width=\"800\" height=\"537\" srcset=\"https:\/\/www.keturist.sk\/info\/wp-content\/uploads\/2023\/12\/cerhov3-800x537.jpg 800w, https:\/\/www.keturist.sk\/info\/wp-content\/uploads\/2023\/12\/cerhov3-268x180.jpg 268w, https:\/\/www.keturist.sk\/info\/wp-content\/uploads\/2023\/12\/cerhov3-768x515.jpg 768w, https:\/\/www.keturist.sk\/info\/wp-content\/uploads\/2023\/12\/cerhov3.jpg 1000w\" sizes=\"auto, (max-width: 800px) 100vw, 800px\" \/><\/a><figcaption id=\"caption-attachment-62474\" class=\"wp-caption-text\">Obec \u010cerhov, Fotograf: Jozef Mare\u010dek (https:\/\/www.facebook.com\/jozef.marecek.94)<\/figcaption><\/figure>\n<p>V chot\u00e1ri obce sa pestuj\u00fa v\u0161etky druhy obiln\u00edn, zemiaky, cukrov\u00e1 repa, tabak, kukurica, repka, slne\u010dnica, r\u00f4zne druhy zeleniny a ovocia.<\/p>\n<p>Nad dedinou s\u00fa rozsiahle vinice, kde sa pestuj\u00fa kvalitn\u00e9 odrody hrozna na v\u00fdrobu v\u00edna: Furmint, Lipovina, Mu\u0161k\u00e1t \u017elt\u00fd, Rizling.<\/p>\n<figure id=\"attachment_62475\" aria-describedby=\"caption-attachment-62475\" style=\"width: 800px\" class=\"wp-caption aligncenter\"><a href=\"https:\/\/www.keturist.sk\/info\/wp-content\/uploads\/2023\/12\/cerhov5.jpg\"><img loading=\"lazy\" decoding=\"async\" class=\"wp-image-62475 size-medium\" src=\"https:\/\/www.keturist.sk\/info\/wp-content\/uploads\/2023\/12\/cerhov5-800x531.jpg\" alt=\"\" width=\"800\" height=\"531\" srcset=\"https:\/\/www.keturist.sk\/info\/wp-content\/uploads\/2023\/12\/cerhov5-800x531.jpg 800w, https:\/\/www.keturist.sk\/info\/wp-content\/uploads\/2023\/12\/cerhov5-270x180.jpg 270w, https:\/\/www.keturist.sk\/info\/wp-content\/uploads\/2023\/12\/cerhov5-768x510.jpg 768w, https:\/\/www.keturist.sk\/info\/wp-content\/uploads\/2023\/12\/cerhov5.jpg 1000w\" sizes=\"auto, (max-width: 800px) 100vw, 800px\" \/><\/a><figcaption id=\"caption-attachment-62475\" class=\"wp-caption-text\">Obec \u010cerhov, Fotograf: Jozef Mare\u010dek (https:\/\/www.facebook.com\/jozef.marecek.94)<\/figcaption><\/figure>\n<p>T\u00e1to \u010das\u0165 chot\u00e1ra je s\u00fa\u010das\u0165ou spom\u00ednanej Tokajskej vinohradn\u00edckej oblasti.<\/p>\n<p>Obec m\u00e1 43 hekt\u00e1rov vin\u00edc a pribli\u017ene 20 vin\u00e1rov pestuj\u00facich hrozno a produkuj\u00facich v\u00edno.<\/p>\n<p>Typick\u00e9 odrody z tunaj\u0161\u00edch vinohradov s\u00fa furmint, lipovina a mu\u0161k\u00e1t \u017elt\u00fd.<\/p>\n<p>Vinohradn\u00edcka oblas\u0165 Tokaj na Slovensku je v s\u00fa\u010dasnosti pevne stanoven\u00e1 v rozlohe 907 ha v katastr\u00e1lnych \u00fazemiach obc\u00ed Bara, \u010cerhov, \u010cernochov, Mal\u00e1 T\u0155\u0148a, Slovensk\u00e9 Nov\u00e9 Mesto, Ve\u013ek\u00e1 T\u0155\u0148a a Vini\u010dky.<\/p>\n<p>Obcou pretek\u00e1 <strong>\u010cerhovsk\u00fd potok<\/strong>, ktor\u00fd pramen\u00ed pod vrchom <strong>Berecka (262 m n.m.)<\/strong> a vlieva sa do rieky <strong>Ro\u0148ava<\/strong> na slovensko-ma\u010farskej hranici.<\/p>\n<p>\u010cerhov je jedna z najstar\u0161\u00edch obc\u00ed b\u00fdvalej Zempl\u00ednskej \u017eupy.<\/p>\n<p>Pre milovn\u00edkov dobr\u00e9ho v\u00edna a tradi\u010dnej \u013eudovej kult\u00fary tu obec ka\u017edoro\u010dne organizuje v septembri tradi\u010dn\u00fd festival Tokajsk\u00e9 vinobranie.<\/p>\n<p>Medzi najv\u00fdznamnej\u0161ie pamiatky v obci patria kostol Narodenia Panny M\u00e1rie a neko\u013eko zachoval\u00fdch gazdovsk\u00fdch domov zo za\u010diatku 20. storo\u010dia.<\/p>\n<h4><span style=\"color: #800000;\">Dom trad\u00edci\u00ed <\/span><\/h4>\n<p>Mo\u017eno tu nav\u0161t\u00edvi\u0165 Dom trad\u00edci\u00ed s expoz\u00edciou gazdovskej izby, miestnych krojov a pracovn\u00fdch n\u00e1strojov.<\/p>\n<figure id=\"attachment_62481\" aria-describedby=\"caption-attachment-62481\" style=\"width: 800px\" class=\"wp-caption aligncenter\"><img loading=\"lazy\" decoding=\"async\" class=\"wp-image-62481 size-medium\" src=\"https:\/\/www.keturist.sk\/info\/wp-content\/uploads\/2023\/12\/dom-tradicii-cerhov1-800x534.jpg\" alt=\"\" width=\"800\" height=\"534\" srcset=\"https:\/\/www.keturist.sk\/info\/wp-content\/uploads\/2023\/12\/dom-tradicii-cerhov1-800x534.jpg 800w, https:\/\/www.keturist.sk\/info\/wp-content\/uploads\/2023\/12\/dom-tradicii-cerhov1-270x180.jpg 270w, https:\/\/www.keturist.sk\/info\/wp-content\/uploads\/2023\/12\/dom-tradicii-cerhov1-768x512.jpg 768w, https:\/\/www.keturist.sk\/info\/wp-content\/uploads\/2023\/12\/dom-tradicii-cerhov1.jpg 1000w\" sizes=\"auto, (max-width: 800px) 100vw, 800px\" \/><figcaption id=\"caption-attachment-62481\" class=\"wp-caption-text\">Dom trad\u00edci\u00ed v \u010cerhove, foto: www.cerhov.sk (FB)<\/figcaption><\/figure>\n<p>Pomocou expoz\u00edci\u00ed sa naskyt\u00e1 mo\u017enos\u0165 nahliadnutia do \u017eivota vinohradn\u00edckej obce, o\u017eivenia tradi\u010dn\u00fdch remesiel a uk\u00e1\u017eky zvykov a tradi\u010dnosti vidieckeho \u017eivota na Tokaji.<\/p>\n<p><strong>Adresa:<\/strong> Dom \u013eudov\u00fdch trad\u00edci\u00ed, Dlh\u00e1 230 \u010cerhov, <strong>Telef\u00f3n:<\/strong> +421 566 793 222, <strong>E-mail:<\/strong>starosta@cerhov.sk<\/p>\n<h4><span style=\"color: #800000;\">R\u00edmskokatol\u00edcky kostol Narodenia Panny M\u00e1rie<\/span><\/h4>\n<p>Kostol Narodenia Panny M\u00e1rie je\u00a0 jednolo\u010fov\u00e1 neskoroklasicistick\u00e1 stavba s polkruhov\u00fdm ukon\u010den\u00edm presbyt\u00e9ria a ve\u017eou tvoriacou s\u00fa\u010das\u0165 jej hmoty z roku 1858.<\/p>\n<p>Stoj\u00ed na mieste star\u0161ej stavby pravdepodobne zo 16. storo\u010dia.<\/p>\n<p>Priestor kostola je plochostrop\u00fd.<\/p>\n<p>V interi\u00e9ri sa nach\u00e1dza olt\u00e1r z doby vzniku kostola.<\/p>\n<p>\u010ealej je tu vo\u013en\u00fd obraz Vzkriesenie Lazara z roku 1871 od V. Klimkovicsa.<\/p>\n<p>Fas\u00e1dy kostola s polkruhovo ukon\u010den\u00fdmi oknami s\u00fa hladk\u00e9.<\/p>\n<p>Ve\u017ea je \u010dlenen\u00e1 liz\u00e9nov\u00fdm r\u00e1mom a ukon\u010den\u00e1 ihlancovou helmicou.<\/p>\n<h4><span style=\"color: #800000;\">Oddychov\u00e1 z\u00f3na so sochami a obecn\u00e1 pivnica<\/span><\/h4>\n<p>Nach\u00e1dza sa tu are\u00e1l sl\u00fa\u017eiaci ako oddychov\u00e1 z\u00f3na, ktor\u00fd pozost\u00e1va z obecnej pivnice, z amfite\u00e1tra s javiskom a plochou, z\u00a0 par\u010d\u00edka s jazierkom a dreven\u00fdmi sochami.<\/p>\n<figure id=\"attachment_62470\" aria-describedby=\"caption-attachment-62470\" style=\"width: 800px\" class=\"wp-caption aligncenter\"><a href=\"https:\/\/www.keturist.sk\/info\/wp-content\/uploads\/2023\/12\/cerhov2.jpg\"><img loading=\"lazy\" decoding=\"async\" class=\"wp-image-62470 size-medium\" src=\"https:\/\/www.keturist.sk\/info\/wp-content\/uploads\/2023\/12\/cerhov2-800x534.jpg\" alt=\"\" width=\"800\" height=\"534\" srcset=\"https:\/\/www.keturist.sk\/info\/wp-content\/uploads\/2023\/12\/cerhov2-800x534.jpg 800w, https:\/\/www.keturist.sk\/info\/wp-content\/uploads\/2023\/12\/cerhov2-270x180.jpg 270w, https:\/\/www.keturist.sk\/info\/wp-content\/uploads\/2023\/12\/cerhov2-768x512.jpg 768w, https:\/\/www.keturist.sk\/info\/wp-content\/uploads\/2023\/12\/cerhov2.jpg 1000w\" sizes=\"auto, (max-width: 800px) 100vw, 800px\" \/><\/a><figcaption id=\"caption-attachment-62470\" class=\"wp-caption-text\">Oddychov\u00e1 z\u00f3na so sochami a obecn\u00e1 pivnica v \u010cerhove s jazierkom, Fotograf: Jozef Mare\u010dek (https:\/\/www.facebook.com\/jozef.marecek.94)<\/figcaption><\/figure>\n<p>Stoj\u00ed tu aj plastika patr\u00f3na vinohradn\u00edkov sv. Urbana a taktie\u017e socha be\u017eca.<\/p>\n<p><strong>Viac inform\u00e1ci\u00ed o oddychovej z\u00f3ne:<\/strong><\/p>\n<ul>\n<li><a href=\"https:\/\/www.keturist.sk\/info\/tipy-na-vylety\/vinna-turistika\/vinohradnicka-oblast-tokaj\/oddychova-zona-so-sochami-a-obecna-pivnica\/\" target=\"_blank\" rel=\"noopener\">Oddychov\u00e1 z\u00f3na so sochami a obecn\u00e1 pivnica v \u010cerhove (\u010d\u00edtaj viac v novom okne&#8230; )<\/a><\/li>\n<\/ul>\n<h4><span style=\"color: #800000;\">M\u00fazeum roha\u010diek a kos\u00e1kov<\/span><\/h4>\n<p>V obci sa nach\u00e1dza M\u00fazeum roha\u010diek a kos\u00e1kov, ktor\u00e9 pon\u00faka prehliadku historick\u00fdch po\u013enohospod\u00e1rskych a starobyl\u00fdch n\u00e1strojov.<img loading=\"lazy\" decoding=\"async\" class=\"aligncenter wp-image-59442 size-medium\" src=\"https:\/\/www.keturist.sk\/info\/wp-content\/uploads\/2023\/09\/kosak2-800x430.jpg\" alt=\"\" width=\"800\" height=\"430\" srcset=\"https:\/\/www.keturist.sk\/info\/wp-content\/uploads\/2023\/09\/kosak2-800x430.jpg 800w, https:\/\/www.keturist.sk\/info\/wp-content\/uploads\/2023\/09\/kosak2-270x145.jpg 270w, https:\/\/www.keturist.sk\/info\/wp-content\/uploads\/2023\/09\/kosak2-768x412.jpg 768w, https:\/\/www.keturist.sk\/info\/wp-content\/uploads\/2023\/09\/kosak2.jpg 1000w\" sizes=\"auto, (max-width: 800px) 100vw, 800px\" \/><\/p>\n<p>Tieto n\u00e1stroje sa v minulosti pou\u017e\u00edvali na \u00fadr\u017ebu vinohradov, spracovanie hrozna po obera\u010dke a na v\u00fdrobu v\u00edn.<\/p>\n<p><strong>Viac info o m\u00fazeu:<\/strong><\/p>\n<ul>\n<li><a href=\"https:\/\/www.keturist.sk\/info\/sport-a-kultura\/muzea-kultura\/muzea\/muzeum-rohaciek-a-kosakov-cerhove\/\" target=\"_blank\" rel=\"noopener\">M\u00fazeum roha\u010diek a kos\u00e1kov \u010cerhove (\u010d\u00edtaj viac v novom okne&#8230;)<\/a><\/li>\n<\/ul>\n<h4><span style=\"color: #800000;\">Informa\u010dn\u00e9 centrum v \u010cerhove<\/span><\/h4>\n<p>P\u00f4sob\u00ed tokajsk\u00e9 informa\u010dn\u00e9 centrum, ktor\u00e9 pre turistov prev\u00e1dzkuje zdru\u017eenie Tokajsk\u00e1 v\u00ednna cesta.<\/p>\n<p>Budova stoj\u00ed v centre dediny pri Dome trad\u00edci\u00ed a cyklodepa ur\u010den\u00e9ho na oddych pre cykloturistov.<\/p>\n<p>Z\u00e1ujemcovia v infocentre m\u00f4\u017eu z\u00edska\u0165 inform\u00e1cie o pamiatkach, atrakci\u00e1ch a mo\u017enostiach v\u00ednneho turizmu v tokajskom regi\u00f3ne, ako aj o ubytovac\u00edch a stravovac\u00edch slu\u017eb\u00e1ch.<\/p>\n<p>Po telefonickej dohode si m\u00f4\u017eu po\u017ei\u010da\u0165 aj bicykle na cyklot\u00fary.<\/p>\n<h3><span style=\"color: #808000;\">Vinohradn\u00edcka oblas\u0165 Tokaj<\/span><\/h3>\n<p>Vinohradn\u00edcka oblas\u0165 Tokaj je geograficky uzatvoren\u00e1 oblas\u0165 vinohradn\u00edctva a vin\u00e1rstva v povod\u00ed rieky Bodrog, severne na Slovensku ohrani\u010den\u00e1 Zempl\u00ednskymi vrchmi, vrchom Rozh\u013ead\u0148a (469 m) a na juhu v Ma\u010farsku ohrani\u010den\u00e1 s\u00fatokom riek Tisa a Bodrog.<\/p>\n<figure id=\"attachment_43798\" aria-describedby=\"caption-attachment-43798\" style=\"width: 800px\" class=\"wp-caption aligncenter\"><a href=\"https:\/\/www.keturist.sk\/info\/wp-content\/uploads\/2021\/11\/tokaj3.jpg\"><img loading=\"lazy\" decoding=\"async\" class=\"wp-image-43798 size-medium\" src=\"https:\/\/www.keturist.sk\/info\/wp-content\/uploads\/2021\/11\/tokaj3-800x534.jpg\" alt=\"\" width=\"800\" height=\"534\" srcset=\"https:\/\/www.keturist.sk\/info\/wp-content\/uploads\/2021\/11\/tokaj3-800x534.jpg 800w, https:\/\/www.keturist.sk\/info\/wp-content\/uploads\/2021\/11\/tokaj3-270x180.jpg 270w, https:\/\/www.keturist.sk\/info\/wp-content\/uploads\/2021\/11\/tokaj3-768x512.jpg 768w, https:\/\/www.keturist.sk\/info\/wp-content\/uploads\/2021\/11\/tokaj3.jpg 1000w\" sizes=\"auto, (max-width: 800px) 100vw, 800px\" \/><\/a><figcaption id=\"caption-attachment-43798\" class=\"wp-caption-text\">Vinohradn\u00edcka oblas\u0165 Tokaj, Fotograf: Jozef Mare\u010dek (https:\/\/www.facebook.com\/jozef.marecek.94)<\/figcaption><\/figure>\n<p>Je historickou aj teritori\u00e1lnou s\u00fa\u010das\u0165ou ve\u013ek\u00e9ho tokajsk\u00e9ho regi\u00f3nu, ktor\u00e9ho v\u00e4\u010d\u0161ia \u010das\u0165 sa rozprestiera na \u00fazem\u00ed Ma\u010farska (cca 5 000 ha).<\/p>\n<p>Na Slovensku je z\u00e1konom delimitovan\u00fdch 907 ha.<\/p>\n<p>Oblas\u0165 Tokaja, je zn\u00e1ma po celom svete najm\u00e4 v\u010faka odrode v\u00edna, ktor\u00fa ob\u013euboval u\u017e v 17. storo\u010d\u00ed aj \u013dudov\u00edt XIV. toto v\u00edno prv\u00fd kr\u00e1t vyrobil Sepsi Laczko Mat\u00e9 v roku 1650.<\/p>\n<p><strong>Viac info o Tokaji: <\/strong><\/p>\n<ul>\n<li><a href=\"https:\/\/www.keturist.sk\/info\/tipy-na-vylety\/vinna-turistika\/vinohradnicka-oblast-tokaj\/\" target=\"_blank\" rel=\"noopener\">Vinohradn\u00edcka oblas\u0165 Tokaj (\u010d\u00edtaj viac v novom okne&#8230;)<\/a><\/li>\n<\/ul>\n<h3><span style=\"color: #808000;\">Hist\u00f3ria<\/span><\/h3>\n<p>Prv\u00e1 p\u00edsomn\u00e1 zmienka o obci poch\u00e1dza z roku 1076.<\/p>\n<p>P\u00f4vodne katol\u00edcku obec ovl\u00e1dli po\u010das reform\u00e1cie v rokoch 1598 \u2013 1646 evanjelick\u00ed reformovan\u00ed kazatelia.<\/p>\n<p>Po protihabsburgsk\u00fdch stavovsk\u00fdch povstaniach bola dedina spustnut\u00e1 a zanikla.<\/p>\n<p>U\u017e v druhej polovici 18. storo\u010dia existovali dve \u010dasti obce \u2013 Doln\u00fd a Horn\u00fd \u010cergov.<\/p>\n<h3><span style=\"color: #808000;\">Ubytovanie<\/span><\/h3>\n<ul>\n<li><a href=\"https:\/\/keturist.sk\/shop\/kategoria-produktu\/ubytovanie\/tokaj\/?v=13dd621f2711\" target=\"_blank\" rel=\"noopener\">Ubytovanie v Tokaji (\u010d\u00edtaj viac v novom okne)<\/a><\/li>\n<\/ul>\n<h3><span style=\"color: #808000;\">Stravovanie<\/span><\/h3>\n<ul>\n<li><a href=\"https:\/\/keturist.sk\/shop\/kategoria-produktu\/stravovanie\/tokaj-stra\/?v=13dd621f2711\" target=\"_blank\" rel=\"noopener\">Stravovanie v Tokaji (\u010d\u00edtaj viac v novom okne)<\/a><\/li>\n<\/ul>\n<h3><span style=\"color: #808000;\">Mapy<\/span><\/h3>\n<p><strong>Vrstvy: <\/strong>Turistick\u00e1 mapa, Automapa, Cyklomapa, Ly\u017eiarska mapa, Satelitn\u00e1 mapa a OpenStreetMap.<\/p>\n<p><strong>Kliknut\u00edm na logo &#8222;Freemap.sk&#8220; sa V\u00e1m mapa zobraz\u00ed na celej ploche obrazovky.<\/strong><\/p>\n<p><iframe style=\"width: 800px; height: 500px; border: 0;\" src=\"https:\/\/www.freemap.sk\/?map=15\/48.463325\/21.644236&amp;&amp;info-point=48.463325\/21.644236&amp;,Oddychov\u00e1 z\u00f3na so sochami a obecn\u00e1 pivnica&amp;layers=T&amp;embed=search\" allowfullscreen=\"allowfullscreen\"><\/iframe><\/p>\n<h3><span style=\"color: #808000;\">Po\u010dasie<\/span><\/h3>\n<p><iframe style=\"width: 805px; height: 611px;\" src=\"https:\/\/www.meteoblue.com\/sk\/po%C4%8Dasie\/widget\/three\/%c4%8cerhov_slovensk%c3%a1-republika_724996?geoloc=fixed&amp;nocurrent=0&amp;noforecast=0&amp;days=7&amp;tempunit=CELSIUS&amp;windunit=KILOMETER_PER_HOUR&amp;layout=image\" frameborder=\"0\" scrolling=\"NO\" sandbox=\"allow-same-origin allow-scripts allow-popups allow-popups-to-escape-sandbox\"><\/iframe><\/p>\n<div><!-- DO NOT REMOVE THIS LINK --><a href=\"https:\/\/www.meteoblue.com\/sk\/po%C4%8Dasie\/t%C3%BD%C5%BEde%C5%88\/%c4%8cerhov_slovensk%c3%a1-republika_724996?utm_source=weather_widget&amp;utm_medium=linkus&amp;utm_content=three&amp;utm_campaign=Weather%2BWidget\" target=\"_blank\" rel=\"noopener\">meteoblue<\/a><\/div>\n","protected":false},"excerpt":{"rendered":"<p>V\u0161eobecn\u00e9 inform\u00e1cie \u010cerhov (v minulosti \u010cergov, ma\u010f. Cs\u00f6rg\u0151) je obec v okrese Trebi\u0161ov. Obec je vstupnou br\u00e1nou do tokajskej oblasti. Chot\u00e1r obce sa rozprestiera na \u00farodnej n\u00ed\u017eine. V chot\u00e1ri obce [&hellip;]<\/p>\n","protected":false},"author":1,"featured_media":0,"parent":62309,"menu_order":0,"comment_status":"closed","ping_status":"closed","template":"","meta":{"_uag_custom_page_level_css":"","_monsterinsights_skip_tracking":false,"_monsterinsights_sitenote_active":false,"_monsterinsights_sitenote_note":"","_monsterinsights_sitenote_category":0,"footnotes":""},"class_list":["post-62313","page","type-page","status-publish","hentry"],"featured_image_src":"","featured_image_src_square":false,"rbea_author_info":{"display_name":"admin","author_link":"https:\/\/www.keturist.sk\/info\/author\/admin\/"},"rbea_excerpt_info":"V\u0161eobecn\u00e9 inform\u00e1cie \u010cerhov (v minulosti \u010cergov, ma\u010f. Cs\u00f6rg\u0151) je obec v okrese Trebi\u0161ov. Obec je vstupnou br\u00e1nou do tokajskej oblasti. Chot\u00e1r obce sa rozprestiera na \u00farodnej n\u00ed\u017eine. V chot\u00e1ri obce [&hellip;]","uagb_featured_image_src":{"full":false,"thumbnail":false,"medium":false,"medium_large":false,"large":false,"1536x1536":false,"2048x2048":false},"uagb_author_info":{"display_name":"admin","author_link":"https:\/\/www.keturist.sk\/info\/author\/admin\/"},"uagb_comment_info":0,"uagb_excerpt":"V\u0161eobecn\u00e9 inform\u00e1cie \u010cerhov (v minulosti \u010cergov, ma\u010f. Cs\u00f6rg\u0151) je obec v okrese Trebi\u0161ov. Obec je vstupnou br\u00e1nou do tokajskej oblasti. Chot\u00e1r obce sa rozprestiera na \u00farodnej n\u00ed\u017eine. V chot\u00e1ri obce [&hellip;]","_links":{"self":[{"href":"https:\/\/www.keturist.sk\/info\/wp-json\/wp\/v2\/pages\/62313","targetHints":{"allow":["GET"]}}],"collection":[{"href":"https:\/\/www.keturist.sk\/info\/wp-json\/wp\/v2\/pages"}],"about":[{"href":"https:\/\/www.keturist.sk\/info\/wp-json\/wp\/v2\/types\/page"}],"author":[{"embeddable":true,"href":"https:\/\/www.keturist.sk\/info\/wp-json\/wp\/v2\/users\/1"}],"replies":[{"embeddable":true,"href":"https:\/\/www.keturist.sk\/info\/wp-json\/wp\/v2\/comments?post=62313"}],"version-history":[{"count":53,"href":"https:\/\/www.keturist.sk\/info\/wp-json\/wp\/v2\/pages\/62313\/revisions"}],"predecessor-version":[{"id":62812,"href":"https:\/\/www.keturist.sk\/info\/wp-json\/wp\/v2\/pages\/62313\/revisions\/62812"}],"up":[{"embeddable":true,"href":"https:\/\/www.keturist.sk\/info\/wp-json\/wp\/v2\/pages\/62309"}],"wp:attachment":[{"href":"https:\/\/www.keturist.sk\/info\/wp-json\/wp\/v2\/media?parent=62313"}],"curies":[{"name":"wp","href":"https:\/\/api.w.org\/{rel}","templated":true}]}}