{"id":61892,"date":"2023-12-02T16:32:10","date_gmt":"2023-12-02T15:32:10","guid":{"rendered":"https:\/\/www.keturist.sk\/info\/?page_id=61892"},"modified":"2025-12-16T18:08:21","modified_gmt":"2025-12-16T17:08:21","slug":"chraneny-areal-borsiansky-les","status":"publish","type":"page","link":"https:\/\/www.keturist.sk\/info\/kam-do-prirody\/kam-do-prirody-smer-zemplin\/ochrana-prirody\/chraneny-areal-borsiansky-les\/","title":{"rendered":"Chr\u00e1nen\u00fd are\u00e1l Bor\u0161iansky les"},"content":{"rendered":"<a href=\"https:\/\/www.keturist.sk\/info\/\" class=\"su-button su-button-style-default\" style=\"color:#000000;background-color:#FFCF2F;border-color:#cca626;border-radius:5px\" target=\"_self\"><span style=\"color:#000000;padding:6px 16px;font-size:13px;line-height:20px;border-color:#ffde6e;border-radius:5px;text-shadow:none\"><i class=\"sui sui-arrow-right\" style=\"font-size:13px;color:#000000\"><\/i>  Spravodaj <\/span><\/a>\n<a href=\"https:\/\/www.keturist.sk\/info\/tipy-na-vylety\/\" class=\"su-button su-button-style-default\" style=\"color:#000000;background-color:#FFCF2F;border-color:#cca626;border-radius:5px\" target=\"_self\"><span style=\"color:#000000;padding:6px 16px;font-size:13px;line-height:20px;border-color:#ffde6e;border-radius:5px;text-shadow:none\"><i class=\"sui sui-arrow-right\" style=\"font-size:13px;color:#000000\"><\/i>  TIPY NA V\u00ddLETY <\/span><\/a>\n<a href=\"https:\/\/www.keturist.sk\/info\/kam-do-prirody\/\" class=\"su-button su-button-style-default\" style=\"color:#000000;background-color:#FFCF2F;border-color:#cca626;border-radius:5px\" target=\"_self\"><span style=\"color:#000000;padding:6px 16px;font-size:13px;line-height:20px;border-color:#ffde6e;border-radius:5px;text-shadow:none\"><i class=\"sui sui-arrow-right\" style=\"font-size:13px;color:#000000\"><\/i>  Kam do pr\u00edrody <\/span><\/a>\n<a href=\"https:\/\/www.keturist.sk\/info\/kam-do-prirody\/kam-do-prirody-smer-zemplin\/\" class=\"su-button su-button-style-default\" style=\"color:#000000;background-color:#FFCF2F;border-color:#cca626;border-radius:5px\" target=\"_self\"><span style=\"color:#000000;padding:6px 16px;font-size:13px;line-height:20px;border-color:#ffde6e;border-radius:5px;text-shadow:none\"><i class=\"sui sui-arrow-right\" style=\"font-size:13px;color:#000000\"><\/i>  Smer Doln\u00fd Zempl\u00edn <\/span><\/a>\n<div class=\"su-divider su-divider-style-default\" style=\"margin:15px 0;border-width:0px;border-color:#000000\"><\/div>\n<strong>Podkateg\u00f3ria: <\/strong> <a href=\"https:\/\/www.keturist.sk\/info\/kam-do-prirody\/kam-do-prirody-smer-zemplin\/ochrana-prirody\/\" class=\"su-button su-button-style-default\" style=\"color:#000000;background-color:#afd144;border-color:#8ca837;border-radius:5px\" target=\"_self\"><span style=\"color:#000000;padding:6px 16px;font-size:13px;line-height:20px;border-color:#c7df7d;border-radius:5px;text-shadow:none\"><i class=\"sui sui-arrow-right\" style=\"font-size:13px;color:#000000\"><\/i>  Ochrana pr\u00edrody <\/span><\/a>\n<p><strong>Lokaliz\u00e1cia: <\/strong><a href=\"https:\/\/www.keturist.sk\/info\/vseobecne-informacie\/zemplin\/\"> Doln\u00fd Zempl\u00edn<\/a><\/p>\n<div class=\"su-divider su-divider-style-default\" style=\"margin:15px 0;border-width:2px;border-color:#000000\"><\/div>\n<figure id=\"attachment_61910\" aria-describedby=\"caption-attachment-61910\" style=\"width: 900px\" class=\"wp-caption aligncenter\"><a href=\"https:\/\/www.keturist.sk\/info\/wp-content\/uploads\/2023\/12\/chodnik-borsa-mokrad-3.jpg\"><img loading=\"lazy\" decoding=\"async\" class=\"wp-image-61910\" src=\"https:\/\/www.keturist.sk\/info\/wp-content\/uploads\/2023\/12\/chodnik-borsa-mokrad-3-800x534.jpg\" alt=\"Chr\u00e1nen\u00fd are\u00e1l Bor\u0161iansky les\" width=\"900\" height=\"600\" srcset=\"https:\/\/www.keturist.sk\/info\/wp-content\/uploads\/2023\/12\/chodnik-borsa-mokrad-3-800x534.jpg 800w, https:\/\/www.keturist.sk\/info\/wp-content\/uploads\/2023\/12\/chodnik-borsa-mokrad-3-270x180.jpg 270w, https:\/\/www.keturist.sk\/info\/wp-content\/uploads\/2023\/12\/chodnik-borsa-mokrad-3-768x512.jpg 768w, https:\/\/www.keturist.sk\/info\/wp-content\/uploads\/2023\/12\/chodnik-borsa-mokrad-3.jpg 1000w\" sizes=\"auto, (max-width: 900px) 100vw, 900px\" \/><\/a><figcaption id=\"caption-attachment-61910\" class=\"wp-caption-text\">Chr\u00e1nen\u00fd are\u00e1l Bor\u0161iansky les, fotograf: Marcin\u010din Jozef<\/figcaption><\/figure>\n<div class=\"su-divider su-divider-style-default\" style=\"margin:15px 0;border-width:2px;border-color:#000000\"><\/div>\n<h2 class=\"ds-markdown-paragraph\"><span style=\"color: #800000;\">\u010co je to Chr\u00e1nen\u00fd are\u00e1l Bor\u0161iansky les a kde sa nach\u00e1dza?<\/span><\/h2>\n<p class=\"ds-markdown-paragraph\"><strong>Chr\u00e1nen\u00fd are\u00e1l Bor\u0161iansky les<\/strong>\u00a0je pr\u00edrodn\u00e1 rezerv\u00e1cia, ktor\u00e1 sa rozklad\u00e1 v juhov\u00fdchodnej \u010dasti obce Bor\u0161a v okrese Trebi\u0161ov.<\/p>\n<p class=\"ds-markdown-paragraph\">Nach\u00e1dza sa v tesnej bl\u00edzkosti v\u00fdznamnej historickej pamiatky, renesan\u010dn\u00e9ho ka\u0161tie\u013ea Franti\u0161ka II. R\u00e1kociho, v nadmorskej v\u00fd\u0161ke pribli\u017ene 100 metrov.<\/p>\n<h2 class=\"ds-markdown-paragraph\"><span style=\"color: #800000;\">Pre\u010do bol Bor\u0161iansky les vyhl\u00e1sen\u00fd za chr\u00e1nen\u00e9 \u00fazemie?<\/span><\/h2>\n<p class=\"ds-markdown-paragraph\">Tento <strong>chr\u00e1nen\u00fd are\u00e1l<\/strong>\u00a0bol ofici\u00e1lne vyhl\u00e1sen\u00fd v roku 2009 na rozlohe 7,93 hekt\u00e1ra. Je spravovan\u00fd organiz\u00e1ciou \u0160t\u00e1tna ochrana pr\u00edrody Latorica. Hlavn\u00fdm\u00a0<strong>\u00fa\u010delom ochrany<\/strong>\u00a0je zachovanie\u00a0<strong>biotopu eur\u00f3pskeho v\u00fdznamu<\/strong>.<\/p>\n<p class=\"ds-markdown-paragraph\">Konkr\u00e9tnym\u00a0<strong>predmetom ochrany<\/strong>\u00a0s\u00fa unik\u00e1tne\u00a0<strong>n\u00ed\u017einn\u00e9 lu\u017en\u00e9 lesy<\/strong>\u00a0typu v\u0155bovo-topo\u013eov\u00e9 a tie\u017e vz\u00e1cne\u00a0<strong>\u017eivo\u010d\u00ed\u0161ne druhy<\/strong>, ako s\u00fa\u00a0<strong>roh\u00e1\u010d oby\u010dajn\u00fd<\/strong>\u00a0(<em>Lucanus cervus<\/em>),\u00a0<strong>kor\u00fdtko rie\u010dne<\/strong>\u00a0(<em>Unio crassus<\/em>),\u00a0<strong>netopier brvit\u00fd<\/strong>\u00a0(<em>Myotis emarginatus<\/em>) a\u00a0<strong>kunka \u010dervenobruch\u00e1<\/strong>\u00a0(<em>Bombina bombina<\/em>).<\/p>\n<h2 class=\"ds-markdown-paragraph\"><span style=\"color: #800000;\">\u010co je najcennej\u0161ou hodnotou tohto chr\u00e1nen\u00e9ho are\u00e1lu?<\/span><\/h2>\n<p class=\"ds-markdown-paragraph\">Najv\u00e4\u010d\u0161\u00edm pokladom je <strong>star\u00fd lu\u017en\u00fd les<\/strong>, ktor\u00fd je vz\u00e1cnych pozostatkom p\u00f4vodn\u00e9ho zalesnenia tejto oblasti. \u00dazemie predstavuje\u00a0<strong>kombin\u00e1ciu m\u00e4kk\u00e9ho a tvrd\u00e9ho lu\u017en\u00e9ho lesa<\/strong>. D\u00f4le\u017eitou s\u00fa\u010das\u0165ou je aj\u00a0<strong>mal\u00e1 vodn\u00e1 plocha<\/strong>\u00a0(mokra\u010fov\u00fd biotop) s rozlohou 0,99 hekt\u00e1ra, ktor\u00e1 je obklopen\u00e1 porastom\u00a0<strong>lu\u017en\u00e9ho lesa<\/strong>.<\/p>\n<h2 class=\"ds-markdown-paragraph\"><span style=\"color: #800000;\">Ak\u00e1 je tamoj\u0161ia pr\u00edroda a rastlinstvo?<\/span><\/h2>\n<p class=\"ds-markdown-paragraph\">V <strong>bylinnej vrstve<\/strong>\u00a0dominuj\u00fa\u00a0<strong>hygrofiln\u00e9<\/strong>\u00a0(miluj\u00face vlhko) a\u00a0<strong>nitrofiln\u00e9<\/strong>\u00a0(vy\u017eaduj\u00face dus\u00edk) druhy rastl\u00edn. Typick\u00fdm znakom je vysok\u00e1 pokryvnos\u0165 a prevaha niektor\u00fdch r\u00fdchlo sa \u0161\u00edriacich dom\u00e1cich druhov, ako s\u00fa napr\u00edklad\u00a0<strong>\u017eih\u013eava dvojdom\u00e1<\/strong>\u00a0(<em>Urtica dioica<\/em>),\u00a0<strong>chrastnica trs\u0165ovn\u00edkovit\u00e1<\/strong>\u00a0(<em>Phalaroides arundinacea<\/em>) alebo\u00a0<strong>ostru\u017eina o\u017einov\u00e1<\/strong>\u00a0(<em>Rubus caesius<\/em>).<\/p>\n<h2 class=\"ds-markdown-paragraph\"><span style=\"color: #800000;\">Je Bor\u0161iansky les pr\u00edstupn\u00fd pre turistov?<\/span><\/h2>\n<p class=\"ds-markdown-paragraph\">\u00c1no, \u00fazemie je \u010diasto\u010dne spr\u00edstupnen\u00e9 verejnosti. Jeho v\u00fdchodn\u00fdm okrajom prech\u00e1dza <strong>dreven\u00e1 l\u00e1vka<\/strong>, ktor\u00e1 tvor\u00ed s\u00fa\u010das\u0165 kr\u00e1tkeho\u00a0<strong>n\u00e1u\u010dn\u00e9ho chodn\u00edka<\/strong>. T\u00e1to trasa pon\u00faka n\u00e1v\u0161tevn\u00edkom bezpe\u010dn\u00fd a p\u00fatav\u00fd sp\u00f4sob, ako spozna\u0165 t\u00fato cenn\u00fa lokalitu.<\/p>\n<h2><span style=\"color: #800000;\">Fotogal\u00e9ria<\/span><\/h2>\n<style type=\"text\/css\">\n#foogallery-gallery-72213 .fg-image { width: 200px; }<\/style>\n\t\t\t<div class=\"foogallery foogallery-container foogallery-carousel foogallery-lightbox-foogallery fg-carousel fg-ready fg-light fg-border-medium fg-round-small fg-shadow-medium fg-loading-default fg-loaded-fade-in fg-hover-semi-zoomed fg-hover-fade fg-hover-circle-plus2\" id=\"foogallery-gallery-72213\" data-foogallery=\"{&quot;item&quot;:{&quot;showCaptionTitle&quot;:true,&quot;showCaptionDescription&quot;:true},&quot;lazy&quot;:true,&quot;template&quot;:{&quot;maxItems&quot;:5,&quot;scale&quot;:0.11999999999999999555910790149937383830547332763671875,&quot;gutter&quot;:{&quot;min&quot;:-40,&quot;max&quot;:-20,&quot;unit&quot;:&quot;%&quot;},&quot;autoplay&quot;:{&quot;time&quot;:0,&quot;interaction&quot;:&quot;pause&quot;},&quot;centerOnClick&quot;:true,&quot;align&quot;:&quot;center&quot;,&quot;activePosition&quot;:&quot;center&quot;}}\" data-foogallery-lightbox=\"{&quot;thumbs&quot;:&quot;bottom&quot;,&quot;thumbsCaptions&quot;:false,&quot;thumbsBestFit&quot;:false,&quot;thumbsSmall&quot;:false,&quot;thumbsCaptionsAlign&quot;:&quot;default&quot;,&quot;info&quot;:&quot;bottom&quot;,&quot;infoVisible&quot;:true,&quot;infoOverlay&quot;:true,&quot;infoAlign&quot;:&quot;default&quot;,&quot;transition&quot;:&quot;fade&quot;,&quot;hoverButtons&quot;:false,&quot;fitMedia&quot;:false,&quot;noScrollbars&quot;:true,&quot;preserveButtonSpace&quot;:true,&quot;buttons&quot;:{&quot;fullscreen&quot;:true,&quot;info&quot;:true,&quot;thumbs&quot;:false},&quot;video&quot;:{&quot;autoPlay&quot;:true}}\" style=\"--fg-title-line-clamp: 1; --fg-description-line-clamp: 2;\" >\n\t<button type=\"button\" class=\"fg-carousel-prev\" title=\"Previous\"><\/button>\n\t<div class=\"fg-carousel-inner\">\n\t\t<div class=\"fg-carousel-center\"><\/div>\n\t\t<div class=\"fg-item fg-type-image fg-idle\"><figure class=\"fg-item-inner\"><a href=\"https:\/\/www.keturist.sk\/info\/wp-content\/uploads\/2023\/12\/chodnik-borsa-mokrad-2.jpg\" data-caption-title=\"Chr\u00e1nen\u00fd are\u00e1l Bor\u0161iansky les\" data-caption-desc=\"Chr\u00e1nen\u00fd are\u00e1l Bor\u0161iansky les, fotograf: Marcin\u010din Jozef\" data-attachment-id=\"61913\" data-type=\"image\" class=\"fg-thumb\"><span class=\"fg-image-wrap\"><img decoding=\"async\" alt=\"Chr\u00e1nen\u00fd are\u00e1l Bor\u0161iansky les\" title=\"Chr\u00e1nen\u00fd are\u00e1l Bor\u0161iansky les\" width=\"200\" height=\"200\" class=\"skip-lazy fg-image\" data-src-fg=\"https:\/\/www.keturist.sk\/info\/wp-content\/uploads\/cache\/2023\/12\/chodnik-borsa-mokrad-2\/2206727155.jpg\" src=\"data:image\/svg+xml,%3Csvg%20xmlns%3D%22http%3A%2F%2Fwww.w3.org%2F2000%2Fsvg%22%20width%3D%22200%22%20height%3D%22200%22%20viewBox%3D%220%200%20200%20200%22%3E%3C%2Fsvg%3E\" loading=\"eager\"><\/span><span class=\"fg-image-overlay\"><\/span><\/a><figcaption class=\"fg-caption\"><div class=\"fg-caption-inner\"><div class=\"fg-caption-title\">Chr\u00e1nen\u00fd are\u00e1l Bor\u0161iansky les<\/div><div class=\"fg-caption-desc\">Chr\u00e1nen\u00fd are\u00e1l Bor\u0161iansky les, fotograf: Marcin\u010din Jozef<\/div><\/div><\/figcaption><\/figure><div class=\"fg-loader\"><\/div><\/div><div class=\"fg-item fg-type-image fg-idle\"><figure class=\"fg-item-inner\"><a href=\"https:\/\/www.keturist.sk\/info\/wp-content\/uploads\/2023\/12\/chodnik-borsa-mokrad-5.jpg\" data-caption-title=\"Chr\u00e1nen\u00fd are\u00e1l Bor\u0161iansky les\" data-caption-desc=\"Chr\u00e1nen\u00fd are\u00e1l Bor\u0161iansky les, fotograf: Marcin\u010din Jozef\" data-attachment-id=\"61911\" data-type=\"image\" class=\"fg-thumb\"><span class=\"fg-image-wrap\"><img decoding=\"async\" alt=\"Chr\u00e1nen\u00fd are\u00e1l Bor\u0161iansky les\" title=\"Chr\u00e1nen\u00fd are\u00e1l Bor\u0161iansky les\" width=\"200\" height=\"200\" class=\"skip-lazy fg-image\" data-src-fg=\"https:\/\/www.keturist.sk\/info\/wp-content\/uploads\/cache\/2023\/12\/chodnik-borsa-mokrad-5\/3751625280.jpg\" src=\"data:image\/svg+xml,%3Csvg%20xmlns%3D%22http%3A%2F%2Fwww.w3.org%2F2000%2Fsvg%22%20width%3D%22200%22%20height%3D%22200%22%20viewBox%3D%220%200%20200%20200%22%3E%3C%2Fsvg%3E\" loading=\"eager\"><\/span><span class=\"fg-image-overlay\"><\/span><\/a><figcaption class=\"fg-caption\"><div class=\"fg-caption-inner\"><div class=\"fg-caption-title\">Chr\u00e1nen\u00fd are\u00e1l Bor\u0161iansky les<\/div><div class=\"fg-caption-desc\">Chr\u00e1nen\u00fd are\u00e1l Bor\u0161iansky les, fotograf: Marcin\u010din Jozef<\/div><\/div><\/figcaption><\/figure><div class=\"fg-loader\"><\/div><\/div><div class=\"fg-item fg-type-image fg-idle\"><figure class=\"fg-item-inner\"><a href=\"https:\/\/www.keturist.sk\/info\/wp-content\/uploads\/2023\/12\/chodnik-borsa-mokrad-3.jpg\" data-caption-title=\"Chr\u00e1nen\u00fd are\u00e1l Bor\u0161iansky les\" data-caption-desc=\"Chr\u00e1nen\u00fd are\u00e1l Bor\u0161iansky les, fotograf: Marcin\u010din Jozef\" data-attachment-id=\"61910\" data-type=\"image\" class=\"fg-thumb\"><span class=\"fg-image-wrap\"><img decoding=\"async\" alt=\"Chr\u00e1nen\u00fd are\u00e1l Bor\u0161iansky les\" title=\"Chr\u00e1nen\u00fd are\u00e1l Bor\u0161iansky les\" width=\"200\" height=\"200\" class=\"skip-lazy fg-image\" data-src-fg=\"https:\/\/www.keturist.sk\/info\/wp-content\/uploads\/cache\/2023\/12\/chodnik-borsa-mokrad-3\/1042419707.jpg\" src=\"data:image\/svg+xml,%3Csvg%20xmlns%3D%22http%3A%2F%2Fwww.w3.org%2F2000%2Fsvg%22%20width%3D%22200%22%20height%3D%22200%22%20viewBox%3D%220%200%20200%20200%22%3E%3C%2Fsvg%3E\" loading=\"eager\"><\/span><span class=\"fg-image-overlay\"><\/span><\/a><figcaption class=\"fg-caption\"><div class=\"fg-caption-inner\"><div class=\"fg-caption-title\">Chr\u00e1nen\u00fd are\u00e1l Bor\u0161iansky les<\/div><div class=\"fg-caption-desc\">Chr\u00e1nen\u00fd are\u00e1l Bor\u0161iansky les, fotograf: Marcin\u010din Jozef<\/div><\/div><\/figcaption><\/figure><div class=\"fg-loader\"><\/div><\/div><div class=\"fg-item fg-type-image fg-idle\"><figure class=\"fg-item-inner\"><a href=\"https:\/\/www.keturist.sk\/info\/wp-content\/uploads\/2023\/12\/chodnik-borsa-mokrad-4.jpg\" data-caption-title=\"Chr\u00e1nen\u00fd are\u00e1l Bor\u0161iansky les\" data-caption-desc=\"Chr\u00e1nen\u00fd are\u00e1l Bor\u0161iansky les, fotograf: Marcin\u010din Jozef\" data-attachment-id=\"61909\" data-type=\"image\" class=\"fg-thumb\"><span class=\"fg-image-wrap\"><img decoding=\"async\" alt=\"Chr\u00e1nen\u00fd are\u00e1l Bor\u0161iansky les\" title=\"Chr\u00e1nen\u00fd are\u00e1l Bor\u0161iansky les\" width=\"200\" height=\"200\" class=\"skip-lazy fg-image\" data-src-fg=\"https:\/\/www.keturist.sk\/info\/wp-content\/uploads\/cache\/2023\/12\/chodnik-borsa-mokrad-4\/3649882556.jpg\" src=\"data:image\/svg+xml,%3Csvg%20xmlns%3D%22http%3A%2F%2Fwww.w3.org%2F2000%2Fsvg%22%20width%3D%22200%22%20height%3D%22200%22%20viewBox%3D%220%200%20200%20200%22%3E%3C%2Fsvg%3E\" loading=\"eager\"><\/span><span class=\"fg-image-overlay\"><\/span><\/a><figcaption class=\"fg-caption\"><div class=\"fg-caption-inner\"><div class=\"fg-caption-title\">Chr\u00e1nen\u00fd are\u00e1l Bor\u0161iansky les<\/div><div class=\"fg-caption-desc\">Chr\u00e1nen\u00fd are\u00e1l Bor\u0161iansky les, fotograf: Marcin\u010din Jozef<\/div><\/div><\/figcaption><\/figure><div class=\"fg-loader\"><\/div><\/div><div class=\"fg-item fg-type-image fg-idle\"><figure class=\"fg-item-inner\"><a href=\"https:\/\/www.keturist.sk\/info\/wp-content\/uploads\/2023\/12\/chodnik-borsa-mokrad.jpg\" data-caption-title=\"Chr\u00e1nen\u00fd are\u00e1l Bor\u0161iansky les\" data-caption-desc=\"Chr\u00e1nen\u00fd are\u00e1l Bor\u0161iansky les, fotograf: Marcin\u010din Jozef\" data-attachment-id=\"61908\" data-type=\"image\" class=\"fg-thumb\"><span class=\"fg-image-wrap\"><img decoding=\"async\" alt=\"Chr\u00e1nen\u00fd are\u00e1l Bor\u0161iansky les\" title=\"Chr\u00e1nen\u00fd are\u00e1l Bor\u0161iansky les\" width=\"200\" height=\"200\" class=\"skip-lazy fg-image\" data-src-fg=\"https:\/\/www.keturist.sk\/info\/wp-content\/uploads\/cache\/2023\/12\/chodnik-borsa-mokrad\/600256737.jpg\" src=\"data:image\/svg+xml,%3Csvg%20xmlns%3D%22http%3A%2F%2Fwww.w3.org%2F2000%2Fsvg%22%20width%3D%22200%22%20height%3D%22200%22%20viewBox%3D%220%200%20200%20200%22%3E%3C%2Fsvg%3E\" loading=\"eager\"><\/span><span class=\"fg-image-overlay\"><\/span><\/a><figcaption class=\"fg-caption\"><div class=\"fg-caption-inner\"><div class=\"fg-caption-title\">Chr\u00e1nen\u00fd are\u00e1l Bor\u0161iansky les<\/div><div class=\"fg-caption-desc\">Chr\u00e1nen\u00fd are\u00e1l Bor\u0161iansky les, fotograf: Marcin\u010din Jozef<\/div><\/div><\/figcaption><\/figure><div class=\"fg-loader\"><\/div><\/div><div class=\"fg-item fg-type-image fg-idle\"><figure class=\"fg-item-inner\"><a href=\"https:\/\/www.keturist.sk\/info\/wp-content\/uploads\/2023\/12\/borsiansky-les.jpg\" data-caption-title=\"Chr\u00e1nen\u00fd are\u00e1l Bor\u0161iansky les\" data-caption-desc=\"Chr\u00e1nen\u00fd are\u00e1l Bor\u0161iansky les, fotograf: Marcin\u010din Jozef\" data-attachment-id=\"61906\" data-type=\"image\" class=\"fg-thumb\"><span class=\"fg-image-wrap\"><img decoding=\"async\" alt=\"Chr\u00e1nen\u00fd are\u00e1l Bor\u0161iansky les\" title=\"Chr\u00e1nen\u00fd are\u00e1l Bor\u0161iansky les\" width=\"200\" height=\"200\" class=\"skip-lazy fg-image\" data-src-fg=\"https:\/\/www.keturist.sk\/info\/wp-content\/uploads\/cache\/2023\/12\/borsiansky-les\/2497008183.jpg\" src=\"data:image\/svg+xml,%3Csvg%20xmlns%3D%22http%3A%2F%2Fwww.w3.org%2F2000%2Fsvg%22%20width%3D%22200%22%20height%3D%22200%22%20viewBox%3D%220%200%20200%20200%22%3E%3C%2Fsvg%3E\" loading=\"eager\"><\/span><span class=\"fg-image-overlay\"><\/span><\/a><figcaption class=\"fg-caption\"><div class=\"fg-caption-inner\"><div class=\"fg-caption-title\">Chr\u00e1nen\u00fd are\u00e1l Bor\u0161iansky les<\/div><div class=\"fg-caption-desc\">Chr\u00e1nen\u00fd are\u00e1l Bor\u0161iansky les, fotograf: Marcin\u010din Jozef<\/div><\/div><\/figcaption><\/figure><div class=\"fg-loader\"><\/div><\/div>\t<\/div>\n\t<div class=\"fg-carousel-bottom\"><\/div>\n\t<div class=\"fg-carousel-progress\"><\/div>\n\t<button type=\"button\" class=\"fg-carousel-next\" title=\"Next\"><\/button>\n<\/div>\n<h2><span style=\"color: #800000;\">Zauj\u00edmav\u00e9 odkazy<\/span><\/h2>\n<h3><span style=\"color: #808000;\">Bl\u00edzke stredisko, turistick\u00e9 centrum, obec alebo mesto:<\/span><\/h3>\n<ul>\n<li><a href=\"https:\/\/www.keturist.sk\/info\/turisticke-vychodiska\/smer-dolny-zemplin\/obec-borsa\/\">Bor\u0161a (\u010d\u00edtaj viac&#8230;)<\/a><\/li>\n<\/ul>\n<h2><span style=\"color: #800000;\">Mapy:<\/span><\/h2>\n<p><strong>Vrstvy: <\/strong>Turistick\u00e1 mapa, Automapa, Cyklomapa, Ly\u017eiarska mapa, Satelitn\u00e1 mapa a OpenStreetMap.<\/p>\n<p><strong>Kliknut\u00edm na logo &#8222;Freemap.sk&#8220; sa V\u00e1m mapa zobraz\u00ed na celej ploche obrazovky.<\/strong><\/p>\n<p><iframe style=\"width: 900px; height: 500px; border: 0;\" src=\"https:\/\/www.freemap.sk\/?map=15\/48.388062\/21.707810&amp;info-point=48.388062\/21.707810,Chr\u00e1nen\u00fd are\u00e1l Bor\u0161iansky les&amp;layers=X&amp;embed=search\" allowfullscreen=\"allowfullscreen\"><span data-mce-type=\"bookmark\" style=\"display: inline-block; width: 0px; overflow: hidden; line-height: 0;\" class=\"mce_SELRES_start\">\ufeff<\/span><span data-mce-type=\"bookmark\" style=\"display: inline-block; width: 0px; overflow: hidden; line-height: 0;\" class=\"mce_SELRES_start\">\ufeff<\/span><\/iframe><\/p>\n<h2><span style=\"color: #800000;\">Po\u010dasie<\/span><\/h2>\n<p><iframe style=\"width: 900px; height: 614px;\" src=\"https:\/\/www.meteoblue.com\/sk\/po%C4%8Dasie\/widget\/three\/bor%c5%a1a_slovensk%c3%a1-republika_725096?geoloc=fixed&amp;nocurrent=0&amp;noforecast=0&amp;days=7&amp;tempunit=CELSIUS&amp;windunit=KILOMETER_PER_HOUR&amp;layout=image\" frameborder=\"0\" scrolling=\"NO\" sandbox=\"allow-same-origin allow-scripts allow-popups allow-popups-to-escape-sandbox\"><\/iframe><\/p>\n<div><!-- DO NOT REMOVE THIS LINK --><a href=\"https:\/\/www.meteoblue.com\/sk\/po%C4%8Dasie\/t%C3%BD%C5%BEde%C5%88\/bor%c5%a1a_slovensk%c3%a1-republika_725096?utm_source=weather_widget&amp;utm_medium=linkus&amp;utm_content=three&amp;utm_campaign=Weather%2BWidget\" target=\"_blank\" rel=\"noopener\">meteoblue<\/a><\/div>\n","protected":false},"excerpt":{"rendered":"<p>Podkateg\u00f3ria: Lokaliz\u00e1cia: Doln\u00fd Zempl\u00edn \u010co je to Chr\u00e1nen\u00fd are\u00e1l Bor\u0161iansky les a kde sa nach\u00e1dza? Chr\u00e1nen\u00fd are\u00e1l Bor\u0161iansky les\u00a0je pr\u00edrodn\u00e1 rezerv\u00e1cia, ktor\u00e1 sa rozklad\u00e1 v juhov\u00fdchodnej \u010dasti obce Bor\u0161a v [&hellip;]<\/p>\n","protected":false},"author":1,"featured_media":61910,"parent":40815,"menu_order":0,"comment_status":"closed","ping_status":"closed","template":"","meta":{"_uag_custom_page_level_css":"","_monsterinsights_skip_tracking":false,"_monsterinsights_sitenote_active":false,"_monsterinsights_sitenote_note":"","_monsterinsights_sitenote_category":0,"footnotes":""},"class_list":["post-61892","page","type-page","status-publish","has-post-thumbnail","hentry"],"featured_image_src":"https:\/\/www.keturist.sk\/info\/wp-content\/uploads\/2023\/12\/chodnik-borsa-mokrad-3.jpg","featured_image_src_square":"https:\/\/www.keturist.sk\/info\/wp-content\/uploads\/2023\/12\/chodnik-borsa-mokrad-3.jpg","rbea_author_info":{"display_name":"admin","author_link":"https:\/\/www.keturist.sk\/info\/author\/admin\/"},"rbea_excerpt_info":"Podkateg\u00f3ria: Lokaliz\u00e1cia: Doln\u00fd Zempl\u00edn \u010co je to Chr\u00e1nen\u00fd are\u00e1l Bor\u0161iansky les a kde sa nach\u00e1dza? Chr\u00e1nen\u00fd are\u00e1l Bor\u0161iansky les\u00a0je pr\u00edrodn\u00e1 rezerv\u00e1cia, ktor\u00e1 sa rozklad\u00e1 v juhov\u00fdchodnej \u010dasti obce Bor\u0161a v [&hellip;]","uagb_featured_image_src":{"full":["https:\/\/www.keturist.sk\/info\/wp-content\/uploads\/2023\/12\/chodnik-borsa-mokrad-3.jpg",1000,667,false],"thumbnail":["https:\/\/www.keturist.sk\/info\/wp-content\/uploads\/2023\/12\/chodnik-borsa-mokrad-3-270x180.jpg",270,180,true],"medium":["https:\/\/www.keturist.sk\/info\/wp-content\/uploads\/2023\/12\/chodnik-borsa-mokrad-3-800x534.jpg",800,534,true],"medium_large":["https:\/\/www.keturist.sk\/info\/wp-content\/uploads\/2023\/12\/chodnik-borsa-mokrad-3-768x512.jpg",768,512,true],"large":["https:\/\/www.keturist.sk\/info\/wp-content\/uploads\/2023\/12\/chodnik-borsa-mokrad-3.jpg",1000,667,false],"1536x1536":["https:\/\/www.keturist.sk\/info\/wp-content\/uploads\/2023\/12\/chodnik-borsa-mokrad-3.jpg",1000,667,false],"2048x2048":["https:\/\/www.keturist.sk\/info\/wp-content\/uploads\/2023\/12\/chodnik-borsa-mokrad-3.jpg",1000,667,false]},"uagb_author_info":{"display_name":"admin","author_link":"https:\/\/www.keturist.sk\/info\/author\/admin\/"},"uagb_comment_info":0,"uagb_excerpt":"Podkateg\u00f3ria: Lokaliz\u00e1cia: Doln\u00fd Zempl\u00edn \u010co je to Chr\u00e1nen\u00fd are\u00e1l Bor\u0161iansky les a kde sa nach\u00e1dza? Chr\u00e1nen\u00fd are\u00e1l Bor\u0161iansky les\u00a0je pr\u00edrodn\u00e1 rezerv\u00e1cia, ktor\u00e1 sa rozklad\u00e1 v juhov\u00fdchodnej \u010dasti obce Bor\u0161a v [&hellip;]","_links":{"self":[{"href":"https:\/\/www.keturist.sk\/info\/wp-json\/wp\/v2\/pages\/61892","targetHints":{"allow":["GET"]}}],"collection":[{"href":"https:\/\/www.keturist.sk\/info\/wp-json\/wp\/v2\/pages"}],"about":[{"href":"https:\/\/www.keturist.sk\/info\/wp-json\/wp\/v2\/types\/page"}],"author":[{"embeddable":true,"href":"https:\/\/www.keturist.sk\/info\/wp-json\/wp\/v2\/users\/1"}],"replies":[{"embeddable":true,"href":"https:\/\/www.keturist.sk\/info\/wp-json\/wp\/v2\/comments?post=61892"}],"version-history":[{"count":23,"href":"https:\/\/www.keturist.sk\/info\/wp-json\/wp\/v2\/pages\/61892\/revisions"}],"predecessor-version":[{"id":72215,"href":"https:\/\/www.keturist.sk\/info\/wp-json\/wp\/v2\/pages\/61892\/revisions\/72215"}],"up":[{"embeddable":true,"href":"https:\/\/www.keturist.sk\/info\/wp-json\/wp\/v2\/pages\/40815"}],"wp:featuredmedia":[{"embeddable":true,"href":"https:\/\/www.keturist.sk\/info\/wp-json\/wp\/v2\/media\/61910"}],"wp:attachment":[{"href":"https:\/\/www.keturist.sk\/info\/wp-json\/wp\/v2\/media?parent=61892"}],"curies":[{"name":"wp","href":"https:\/\/api.w.org\/{rel}","templated":true}]}}