{"id":61846,"date":"2023-12-02T07:04:58","date_gmt":"2023-12-02T06:04:58","guid":{"rendered":"https:\/\/www.keturist.sk\/info\/?page_id=61846"},"modified":"2025-12-30T17:36:02","modified_gmt":"2025-12-30T16:36:02","slug":"jaskyna-knazovka","status":"publish","type":"page","link":"https:\/\/www.keturist.sk\/info\/kam-do-prirody\/kam-do-prirody-smer-volovske-vrchy\/jaskyne-a-priepasti\/jaskyna-knazovka\/","title":{"rendered":"Jasky\u0148a K\u0148azovka"},"content":{"rendered":"<a href=\"https:\/\/www.keturist.sk\/info\/\" class=\"su-button su-button-style-default\" style=\"color:#000000;background-color:#FFCF2F;border-color:#cca626;border-radius:5px\" target=\"_self\"><span style=\"color:#000000;padding:6px 16px;font-size:13px;line-height:20px;border-color:#ffde6e;border-radius:5px;text-shadow:none\"><i class=\"sui sui-arrow-right\" style=\"font-size:13px;color:#000000\"><\/i>  Spravodaj <\/span><\/a>\n<a href=\"https:\/\/www.keturist.sk\/info\/tipy-na-vylety\/\" class=\"su-button su-button-style-default\" style=\"color:#000000;background-color:#FFCF2F;border-color:#cca626;border-radius:5px\" target=\"_self\"><span style=\"color:#000000;padding:6px 16px;font-size:13px;line-height:20px;border-color:#ffde6e;border-radius:5px;text-shadow:none\"><i class=\"sui sui-arrow-right\" style=\"font-size:13px;color:#000000\"><\/i>  TIPY NA V\u00ddLETY <\/span><\/a>\n<a href=\"https:\/\/www.keturist.sk\/info\/kam-do-prirody\/\" class=\"su-button su-button-style-default\" style=\"color:#000000;background-color:#FFCF2F;border-color:#cca626;border-radius:5px\" target=\"_self\"><span style=\"color:#000000;padding:6px 16px;font-size:13px;line-height:20px;border-color:#ffde6e;border-radius:5px;text-shadow:none\"><i class=\"sui sui-arrow-right\" style=\"font-size:13px;color:#000000\"><\/i>  Kam do pr\u00edrody <\/span><\/a>\n<a href=\"https:\/\/www.keturist.sk\/info\/kam-do-prirody\/kam-do-prirody-smer-volovske-vrchy\/\" class=\"su-button su-button-style-default\" style=\"color:#000000;background-color:#FFCF2F;border-color:#cca626;border-radius:5px\" target=\"_self\"><span style=\"color:#000000;padding:6px 16px;font-size:13px;line-height:20px;border-color:#ffde6e;border-radius:5px;text-shadow:none\"><i class=\"sui sui-arrow-right\" style=\"font-size:13px;color:#000000\"><\/i>  Smer Volovsk\u00e9 vrchy <\/span><\/a>\n<div class=\"su-divider su-divider-style-default\" style=\"margin:15px 0;border-width:0px;border-color:#000000\"><\/div>\n<strong>Podkateg\u00f3ria: <\/strong> <a href=\"https:\/\/www.keturist.sk\/info\/kam-do-prirody\/kam-do-prirody-smer-volovske-vrchy\/jaskyne-a-priepasti\/\" class=\"su-button su-button-style-default\" style=\"color:#000000;background-color:#C5ED2C;border-color:#9ebe24;border-radius:5px\" target=\"_self\"><span style=\"color:#000000;padding:6px 16px;font-size:13px;line-height:20px;border-color:#d7f36c;border-radius:5px;text-shadow:none\"><i class=\"sui sui-arrow-right\" style=\"font-size:13px;color:#000000\"><\/i>  Jaskyne a priepasti <\/span><\/a>\n<p><strong>Lokaliz\u00e1cia: <\/strong><a href=\"https:\/\/www.keturist.sk\/info\/okolite-hory\/volovske-vrchy\/\">Volovsk\u00e9 vrchy<\/a><\/p>\n<div class=\"su-divider su-divider-style-default\" style=\"margin:15px 0;border-width:2px;border-color:#000000\"><\/div>\n<figure id=\"attachment_61863\" aria-describedby=\"caption-attachment-61863\" style=\"width: 900px\" class=\"wp-caption aligncenter\"><a href=\"https:\/\/www.keturist.sk\/info\/wp-content\/uploads\/2023\/12\/jaskyna-knazovka1.jpg\"><img loading=\"lazy\" decoding=\"async\" class=\"wp-image-61863\" src=\"https:\/\/www.keturist.sk\/info\/wp-content\/uploads\/2023\/12\/jaskyna-knazovka1-800x534.jpg\" alt=\"Jasky\u0148a K\u0148azovka\" width=\"900\" height=\"600\" srcset=\"https:\/\/www.keturist.sk\/info\/wp-content\/uploads\/2023\/12\/jaskyna-knazovka1-800x534.jpg 800w, https:\/\/www.keturist.sk\/info\/wp-content\/uploads\/2023\/12\/jaskyna-knazovka1-270x180.jpg 270w, https:\/\/www.keturist.sk\/info\/wp-content\/uploads\/2023\/12\/jaskyna-knazovka1-768x512.jpg 768w, https:\/\/www.keturist.sk\/info\/wp-content\/uploads\/2023\/12\/jaskyna-knazovka1.jpg 1000w\" sizes=\"auto, (max-width: 900px) 100vw, 900px\" \/><\/a><figcaption id=\"caption-attachment-61863\" class=\"wp-caption-text\">Jasky\u0148a K\u0148azovka<\/figcaption><\/figure>\n<div class=\"su-divider su-divider-style-default\" style=\"margin:15px 0;border-width:2px;border-color:#000000\"><\/div>\n<h2 class=\"ds-markdown-paragraph\"><span style=\"color: #800000;\">\u010co je Jasky\u0148a K\u0148azovka a kde ju n\u00e1jdete?<\/span><\/h2>\n<p class=\"ds-markdown-paragraph\"><strong>Jasky\u0148a K\u0148azovka<\/strong>\u00a0je fascinuj\u00faca pr\u00edrodn\u00e1 pamiatka nach\u00e1dzaj\u00faca sa pod vrchom K\u0148azovka (840 m n.m.) na planine Gamus. Pre turistov h\u013eadaj\u00facich autentick\u00fd z\u00e1\u017eitok v srdci pr\u00edrody je jej lok\u00e1cia ide\u00e1lna.<\/p>\n<h2 class=\"ds-markdown-paragraph\"><span style=\"color: #800000;\">Do akej oblasti patr\u00ed Jasky\u0148a K\u0148azovka?<\/span><\/h2>\n<p class=\"ds-markdown-paragraph\">Z geomorfologick\u00e9ho h\u013eadiska patr\u00ed <strong>Jasky\u0148a K\u0148azovka<\/strong>\u00a0do rozsiahlej oblasti Slovensk\u00e9ho rudohoria, konkr\u00e9tne do horsk\u00e9ho celku Volovsk\u00e9 vrchy, do podcelku Hnileck\u00e9 vrchy.<\/p>\n<h2 class=\"ds-markdown-paragraph\"><span style=\"color: #800000;\">Ako Jasky\u0148a K\u0148azovka vznikla?<\/span><\/h2>\n<p class=\"ds-markdown-paragraph\">Jej p\u00f4vod je rovnako p\u00fatav\u00fd ako jej vzh\u013ead. Vznikla ako <strong>kor\u00f3zna priepas\u0165ov\u00e1 jasky\u0148a<\/strong>\u00a0v star\u00fdch svetl\u00fdch triasov\u00fdch v\u00e1pencoch. Vytvorila ju rozp\u00fa\u0161\u0165acia \u010dinnos\u0165 zr\u00e1\u017ekovej vody, obohatenej oxidom uhli\u010dit\u00fdm (CO2).<\/p>\n<p class=\"ds-markdown-paragraph\">V pr\u00edpade tak\u00fdchto kor\u00f3znych jask\u00fd\u0148 proces kor\u00f3zie zvy\u010dajne postupuje po prirodzen\u00fdch puklin\u00e1ch a zlomoch, preto m\u00f4\u017ee \u00eds\u0165 o typ zlomovej alebo zlomovo-kor\u00f3znej jaskyne.<\/p>\n<h2 class=\"ds-markdown-paragraph\"><span style=\"color: #800000;\">Ako vyzer\u00e1 vstup do Jaskyne K\u0148azovka?<\/span><\/h2>\n<p class=\"ds-markdown-paragraph\">Vstupn\u00fd otvor do jaskyne m\u00e1 tvar nepravideln\u00e9ho obl\u00faka s v\u00fd\u0161kou pribli\u017ene 1,5 metra a \u0161\u00edrkou pribli\u017ene 1 meter.<\/p>\n<p class=\"ds-markdown-paragraph\">Ke\u010f\u017ee je t\u00e1to jasky\u0148a svoj\u00edm charakterom aj <strong>priepas\u0165ov\u00e1 jasky\u0148a<\/strong>, je tu nevyhnutn\u00e9 dodr\u017ea\u0165 mimoriadnu opatrnos\u0165:\u00a0<strong>POZOR, HROZ\u00cd NEBOZPE\u010cIE P\u00c1DU!<\/strong><\/p>\n<h2 class=\"ds-markdown-paragraph\"><span style=\"color: #800000;\">Ak\u00e9 s\u00fa z\u00e1kladn\u00e9 parametre Jaskyne K\u0148azovka?<\/span><\/h2>\n<p class=\"ds-markdown-paragraph\">Celkov\u00e1 d\u013a\u017eka jaskyne, ktor\u00e1 sa niekedy naz\u00fdva aj \u0160arkanova diera (pozor nem\u00e1 ni\u010d spolo\u010dn\u00e9 s ne\u010falekou <a href=\"https:\/\/www.keturist.sk\/info\/jaskyna-sarkanova-diera\/\">\u0160arkanovou dierou<\/a>), je pribli\u017ene 20 metrov. Le\u017e\u00ed v nadmorskej v\u00fd\u0161ke pribli\u017ene 730 metrov nad morom. Jej najv\u00fdraznej\u0161\u00edm pokladom bola kedysi bohat\u00e1 sintrov\u00e1 v\u00fdzdoba, ktor\u00e1 bola, \u017eia\u013e, v minulosti zna\u010dne po\u0161koden\u00e1 nezodpovedn\u00fdmi n\u00e1v\u0161tevn\u00edkmi.<\/p>\n<h2><span style=\"color: #800000;\">Fotogal\u00e9ria<\/span><\/h2>\n<style type=\"text\/css\">\n#foogallery-gallery-72706 .fg-image { width: 200px; }<\/style>\n\t\t\t<div class=\"foogallery foogallery-container foogallery-carousel foogallery-lightbox-foogallery fg-carousel fg-ready fg-light fg-border-medium fg-round-small fg-shadow-medium fg-loading-default fg-loaded-fade-in fg-hover-semi-zoomed fg-hover-fade fg-hover-circle-plus2\" id=\"foogallery-gallery-72706\" data-foogallery=\"{&quot;item&quot;:{&quot;showCaptionTitle&quot;:true,&quot;showCaptionDescription&quot;:true},&quot;lazy&quot;:true,&quot;template&quot;:{&quot;maxItems&quot;:5,&quot;scale&quot;:0.11999999999999999555910790149937383830547332763671875,&quot;gutter&quot;:{&quot;min&quot;:-40,&quot;max&quot;:-20,&quot;unit&quot;:&quot;%&quot;},&quot;autoplay&quot;:{&quot;time&quot;:0,&quot;interaction&quot;:&quot;pause&quot;},&quot;centerOnClick&quot;:true,&quot;align&quot;:&quot;center&quot;,&quot;activePosition&quot;:&quot;center&quot;}}\" data-foogallery-lightbox=\"{&quot;thumbs&quot;:&quot;bottom&quot;,&quot;thumbsCaptions&quot;:false,&quot;thumbsBestFit&quot;:false,&quot;thumbsSmall&quot;:false,&quot;thumbsCaptionsAlign&quot;:&quot;default&quot;,&quot;info&quot;:&quot;bottom&quot;,&quot;infoVisible&quot;:true,&quot;infoOverlay&quot;:true,&quot;infoAlign&quot;:&quot;default&quot;,&quot;transition&quot;:&quot;fade&quot;,&quot;hoverButtons&quot;:false,&quot;fitMedia&quot;:false,&quot;noScrollbars&quot;:true,&quot;preserveButtonSpace&quot;:true,&quot;buttons&quot;:{&quot;fullscreen&quot;:true,&quot;info&quot;:true,&quot;thumbs&quot;:false},&quot;video&quot;:{&quot;autoPlay&quot;:true}}\" style=\"--fg-title-line-clamp: 1; --fg-description-line-clamp: 2;\" >\n\t<button type=\"button\" class=\"fg-carousel-prev\" title=\"Previous\"><\/button>\n\t<div class=\"fg-carousel-inner\">\n\t\t<div class=\"fg-carousel-center\"><\/div>\n\t\t<div class=\"fg-item fg-type-image fg-idle\"><figure class=\"fg-item-inner\"><a href=\"https:\/\/www.keturist.sk\/info\/wp-content\/uploads\/2023\/12\/jaskyna-knazovka6.jpg\" data-caption-title=\"Jasky\u0148a K\u0148azovka\" data-caption-desc=\"fotograf: Marcin\u010din Jozef\" data-attachment-id=\"61867\" data-type=\"image\" class=\"fg-thumb\"><span class=\"fg-image-wrap\"><img decoding=\"async\" alt=\"Jasky\u0148a K\u0148azovka\" title=\"Jasky\u0148a K\u0148azovka\" width=\"200\" height=\"200\" class=\"skip-lazy fg-image\" data-src-fg=\"https:\/\/www.keturist.sk\/info\/wp-content\/uploads\/cache\/2023\/12\/jaskyna-knazovka6\/4238712891.jpg\" src=\"data:image\/svg+xml,%3Csvg%20xmlns%3D%22http%3A%2F%2Fwww.w3.org%2F2000%2Fsvg%22%20width%3D%22200%22%20height%3D%22200%22%20viewBox%3D%220%200%20200%20200%22%3E%3C%2Fsvg%3E\" loading=\"eager\"><\/span><span class=\"fg-image-overlay\"><\/span><\/a><figcaption class=\"fg-caption\"><div class=\"fg-caption-inner\"><div class=\"fg-caption-title\">Jasky\u0148a K\u0148azovka<\/div><div class=\"fg-caption-desc\">fotograf: Marcin\u010din Jozef<\/div><\/div><\/figcaption><\/figure><div class=\"fg-loader\"><\/div><\/div><div class=\"fg-item fg-type-image fg-idle\"><figure class=\"fg-item-inner\"><a href=\"https:\/\/www.keturist.sk\/info\/wp-content\/uploads\/2023\/12\/jaskyna-knazovka5.jpg\" data-caption-title=\"Jasky\u0148a K\u0148azovka\" data-caption-desc=\"fotograf: Marcin\u010din Jozef\" data-attachment-id=\"61866\" data-type=\"image\" class=\"fg-thumb\"><span class=\"fg-image-wrap\"><img decoding=\"async\" alt=\"Jasky\u0148a K\u0148azovka\" title=\"Jasky\u0148a K\u0148azovka\" width=\"200\" height=\"200\" class=\"skip-lazy fg-image\" data-src-fg=\"https:\/\/www.keturist.sk\/info\/wp-content\/uploads\/cache\/2023\/12\/jaskyna-knazovka5\/2593043124.jpg\" src=\"data:image\/svg+xml,%3Csvg%20xmlns%3D%22http%3A%2F%2Fwww.w3.org%2F2000%2Fsvg%22%20width%3D%22200%22%20height%3D%22200%22%20viewBox%3D%220%200%20200%20200%22%3E%3C%2Fsvg%3E\" loading=\"eager\"><\/span><span class=\"fg-image-overlay\"><\/span><\/a><figcaption class=\"fg-caption\"><div class=\"fg-caption-inner\"><div class=\"fg-caption-title\">Jasky\u0148a K\u0148azovka<\/div><div class=\"fg-caption-desc\">fotograf: Marcin\u010din Jozef<\/div><\/div><\/figcaption><\/figure><div class=\"fg-loader\"><\/div><\/div><div class=\"fg-item fg-type-image fg-idle\"><figure class=\"fg-item-inner\"><a href=\"https:\/\/www.keturist.sk\/info\/wp-content\/uploads\/2023\/12\/jaskyna-knazovka4.jpg\" data-caption-title=\"Jasky\u0148a K\u0148azovka\" data-caption-desc=\"fotograf: Marcin\u010din Jozef\" data-attachment-id=\"61865\" data-type=\"image\" class=\"fg-thumb\"><span class=\"fg-image-wrap\"><img decoding=\"async\" alt=\"Jasky\u0148a K\u0148azovka\" title=\"Jasky\u0148a K\u0148azovka\" width=\"200\" height=\"200\" class=\"skip-lazy fg-image\" data-src-fg=\"https:\/\/www.keturist.sk\/info\/wp-content\/uploads\/cache\/2023\/12\/jaskyna-knazovka4\/3459556650.jpg\" src=\"data:image\/svg+xml,%3Csvg%20xmlns%3D%22http%3A%2F%2Fwww.w3.org%2F2000%2Fsvg%22%20width%3D%22200%22%20height%3D%22200%22%20viewBox%3D%220%200%20200%20200%22%3E%3C%2Fsvg%3E\" loading=\"eager\"><\/span><span class=\"fg-image-overlay\"><\/span><\/a><figcaption class=\"fg-caption\"><div class=\"fg-caption-inner\"><div class=\"fg-caption-title\">Jasky\u0148a K\u0148azovka<\/div><div class=\"fg-caption-desc\">fotograf: Marcin\u010din Jozef<\/div><\/div><\/figcaption><\/figure><div class=\"fg-loader\"><\/div><\/div><div class=\"fg-item fg-type-image fg-idle\"><figure class=\"fg-item-inner\"><a href=\"https:\/\/www.keturist.sk\/info\/wp-content\/uploads\/2023\/12\/jaskyna-knazovka3.jpg\" data-caption-title=\"Jasky\u0148a K\u0148azovka\" data-caption-desc=\"fotograf: Marcin\u010din Jozef\" data-attachment-id=\"61864\" data-type=\"image\" class=\"fg-thumb\"><span class=\"fg-image-wrap\"><img decoding=\"async\" alt=\"Jasky\u0148a K\u0148azovka\" title=\"Jasky\u0148a K\u0148azovka\" width=\"200\" height=\"200\" class=\"skip-lazy fg-image\" data-src-fg=\"https:\/\/www.keturist.sk\/info\/wp-content\/uploads\/cache\/2023\/12\/jaskyna-knazovka3\/3003228467.jpg\" src=\"data:image\/svg+xml,%3Csvg%20xmlns%3D%22http%3A%2F%2Fwww.w3.org%2F2000%2Fsvg%22%20width%3D%22200%22%20height%3D%22200%22%20viewBox%3D%220%200%20200%20200%22%3E%3C%2Fsvg%3E\" loading=\"eager\"><\/span><span class=\"fg-image-overlay\"><\/span><\/a><figcaption class=\"fg-caption\"><div class=\"fg-caption-inner\"><div class=\"fg-caption-title\">Jasky\u0148a K\u0148azovka<\/div><div class=\"fg-caption-desc\">fotograf: Marcin\u010din Jozef<\/div><\/div><\/figcaption><\/figure><div class=\"fg-loader\"><\/div><\/div><div class=\"fg-item fg-type-image fg-idle\"><figure class=\"fg-item-inner\"><a href=\"https:\/\/www.keturist.sk\/info\/wp-content\/uploads\/2023\/12\/jaskyna-knazovka1.jpg\" data-caption-title=\"Jasky\u0148a K\u0148azovka\" data-caption-desc=\"fotograf: Marcin\u010din Jozef\" data-attachment-id=\"61863\" data-type=\"image\" class=\"fg-thumb\"><span class=\"fg-image-wrap\"><img decoding=\"async\" alt=\"Jasky\u0148a K\u0148azovka\" title=\"Jasky\u0148a K\u0148azovka\" width=\"200\" height=\"200\" class=\"skip-lazy fg-image\" data-src-fg=\"https:\/\/www.keturist.sk\/info\/wp-content\/uploads\/cache\/2023\/12\/jaskyna-knazovka1\/1837466383.jpg\" src=\"data:image\/svg+xml,%3Csvg%20xmlns%3D%22http%3A%2F%2Fwww.w3.org%2F2000%2Fsvg%22%20width%3D%22200%22%20height%3D%22200%22%20viewBox%3D%220%200%20200%20200%22%3E%3C%2Fsvg%3E\" loading=\"eager\"><\/span><span class=\"fg-image-overlay\"><\/span><\/a><figcaption class=\"fg-caption\"><div class=\"fg-caption-inner\"><div class=\"fg-caption-title\">Jasky\u0148a K\u0148azovka<\/div><div class=\"fg-caption-desc\">fotograf: Marcin\u010din Jozef<\/div><\/div><\/figcaption><\/figure><div class=\"fg-loader\"><\/div><\/div><div class=\"fg-item fg-type-image fg-idle\"><figure class=\"fg-item-inner\"><a href=\"https:\/\/www.keturist.sk\/info\/wp-content\/uploads\/2023\/12\/knazovka-luka2.jpg\" data-caption-title=\"K\u0148azovka (840 m n.m.) \u2013 vyhliadky Skalka a Skala\" data-caption-desc=\"K\u0148azovka (840 m n.m.), fotograf: Marcin\u010din Jozef\" data-attachment-id=\"61843\" data-type=\"image\" class=\"fg-thumb\"><span class=\"fg-image-wrap\"><img decoding=\"async\" alt=\"K\u0148azovka (840 m n.m.) \u2013 vyhliadky Skalka a Skala\" title=\"K\u0148azovka (840 m n.m.) \u2013 vyhliadky Skalka a Skala\" width=\"200\" height=\"200\" class=\"skip-lazy fg-image\" data-src-fg=\"https:\/\/www.keturist.sk\/info\/wp-content\/uploads\/cache\/2023\/12\/knazovka-luka2\/291573429.jpg\" src=\"data:image\/svg+xml,%3Csvg%20xmlns%3D%22http%3A%2F%2Fwww.w3.org%2F2000%2Fsvg%22%20width%3D%22200%22%20height%3D%22200%22%20viewBox%3D%220%200%20200%20200%22%3E%3C%2Fsvg%3E\" loading=\"eager\"><\/span><span class=\"fg-image-overlay\"><\/span><\/a><figcaption class=\"fg-caption\"><div class=\"fg-caption-inner\"><div class=\"fg-caption-title\">K\u0148azovka (840 m n.m.) \u2013 vyhliadky Skalka a Skala<\/div><div class=\"fg-caption-desc\">K\u0148azovka (840 m n.m.), fotograf: Marcin\u010din Jozef<\/div><\/div><\/figcaption><\/figure><div class=\"fg-loader\"><\/div><\/div><div class=\"fg-item fg-type-image fg-idle\"><figure class=\"fg-item-inner\"><a href=\"https:\/\/www.keturist.sk\/info\/wp-content\/uploads\/2023\/12\/utulna-dobreho-pastiera11.jpg\" data-caption-title=\"K\u0148azovka (840 m n.m.) \u2013 vyhliadky Skalka a Skala\" data-attachment-id=\"61840\" data-type=\"image\" class=\"fg-thumb\"><span class=\"fg-image-wrap\"><img decoding=\"async\" alt=\"K\u0148azovka (840 m n.m.) \u2013 vyhliadky Skalka a Skala\" title=\"K\u0148azovka (840 m n.m.) \u2013 vyhliadky Skalka a Skala\" width=\"200\" height=\"200\" class=\"skip-lazy fg-image\" data-src-fg=\"https:\/\/www.keturist.sk\/info\/wp-content\/uploads\/cache\/2023\/12\/utulna-dobreho-pastiera11\/244275284.jpg\" src=\"data:image\/svg+xml,%3Csvg%20xmlns%3D%22http%3A%2F%2Fwww.w3.org%2F2000%2Fsvg%22%20width%3D%22200%22%20height%3D%22200%22%20viewBox%3D%220%200%20200%20200%22%3E%3C%2Fsvg%3E\" loading=\"eager\"><\/span><span class=\"fg-image-overlay\"><\/span><\/a><figcaption class=\"fg-caption\"><div class=\"fg-caption-inner\"><div class=\"fg-caption-title\">K\u0148azovka (840 m n.m.) \u2013 vyhliadky Skalka a Skala<\/div><\/div><\/figcaption><\/figure><div class=\"fg-loader\"><\/div><\/div><div class=\"fg-item fg-type-image fg-idle\"><figure class=\"fg-item-inner\"><a href=\"https:\/\/www.keturist.sk\/info\/wp-content\/uploads\/2019\/01\/knazovka-socha.jpg\" data-caption-title=\"K\u0148azovka (840 m n.m.) \u2013 vyhliadky Skalka a Skala\" data-caption-desc=\"socha panny M\u00e1rie na K\u0148azovke \u2013 vyhliadke Skalka- Muro Miron Jesensky (www.eastern-slovakia.com)\" data-attachment-id=\"28479\" data-type=\"image\" class=\"fg-thumb\"><span class=\"fg-image-wrap\"><img decoding=\"async\" alt=\"K\u0148azovka (840 m n.m.) \u2013 vyhliadky Skalka a Skala\" title=\"K\u0148azovka (840 m n.m.) \u2013 vyhliadky Skalka a Skala\" width=\"200\" height=\"200\" class=\"skip-lazy fg-image\" data-src-fg=\"https:\/\/www.keturist.sk\/info\/wp-content\/uploads\/cache\/2019\/01\/knazovka-socha\/2695201993.jpg\" src=\"data:image\/svg+xml,%3Csvg%20xmlns%3D%22http%3A%2F%2Fwww.w3.org%2F2000%2Fsvg%22%20width%3D%22200%22%20height%3D%22200%22%20viewBox%3D%220%200%20200%20200%22%3E%3C%2Fsvg%3E\" loading=\"eager\"><\/span><span class=\"fg-image-overlay\"><\/span><\/a><figcaption class=\"fg-caption\"><div class=\"fg-caption-inner\"><div class=\"fg-caption-title\">K\u0148azovka (840 m n.m.) \u2013 vyhliadky Skalka a Skala<\/div><div class=\"fg-caption-desc\">socha panny M\u00e1rie na K\u0148azovke \u2013 vyhliadke Skalka- Muro Miron Jesensky (www.eastern-slovakia.com)<\/div><\/div><\/figcaption><\/figure><div class=\"fg-loader\"><\/div><\/div><div class=\"fg-item fg-type-image fg-idle\"><figure class=\"fg-item-inner\"><a href=\"https:\/\/www.keturist.sk\/info\/wp-content\/uploads\/2019\/01\/knazovka2-1.jpeg\" data-caption-title=\"\u00datulna Dobr\u00e9ho pastiera na K\u0148azovke\" data-attachment-id=\"27593\" data-type=\"image\" class=\"fg-thumb\"><span class=\"fg-image-wrap\"><img decoding=\"async\" alt=\"\u00datulna Dobr\u00e9ho pastiera na K\u0148azovke\" title=\"\u00datulna Dobr\u00e9ho pastiera na K\u0148azovke\" width=\"200\" height=\"200\" class=\"skip-lazy fg-image\" data-src-fg=\"https:\/\/www.keturist.sk\/info\/wp-content\/uploads\/cache\/2019\/01\/knazovka2-1\/2493213765.jpeg\" src=\"data:image\/svg+xml,%3Csvg%20xmlns%3D%22http%3A%2F%2Fwww.w3.org%2F2000%2Fsvg%22%20width%3D%22200%22%20height%3D%22200%22%20viewBox%3D%220%200%20200%20200%22%3E%3C%2Fsvg%3E\" loading=\"eager\"><\/span><span class=\"fg-image-overlay\"><\/span><\/a><figcaption class=\"fg-caption\"><div class=\"fg-caption-inner\"><div class=\"fg-caption-title\">\u00datulna Dobr\u00e9ho pastiera na K\u0148azovke<\/div><\/div><\/figcaption><\/figure><div class=\"fg-loader\"><\/div><\/div>\t<\/div>\n\t<div class=\"fg-carousel-bottom\"><\/div>\n\t<div class=\"fg-carousel-progress\"><\/div>\n\t<button type=\"button\" class=\"fg-carousel-next\" title=\"Next\"><\/button>\n<\/div>\n<h2><span style=\"color: #800000;\">Zauj\u00edmav\u00e9 odkazy<\/span><\/h2>\n<h3><span style=\"color: #808000;\">Okolit\u00e9 Stredisk\u00e1 a centr\u00e1:<\/span><\/h3>\n<ul>\n<li><a href=\"https:\/\/www.keturist.sk\/info\/smer-volovske-vrchy\/obec-olcnava\/\">Obec Olcnava (\u010d\u00edtaj viac&#8230;)<\/a><\/li>\n<\/ul>\n<h2><span style=\"color: #800000;\">Mapy<\/span><\/h2>\n<p><strong>Vrstvy: <\/strong>Turistick\u00e1 mapa, Automapa, Cyklomapa, Ly\u017eiarska mapa, Satelitn\u00e1 mapa a OpenStreetMap.<\/p>\n<p><strong>Kliknut\u00edm na logo &#8222;Freemap.sk&#8220; sa V\u00e1m mapa zobraz\u00ed na celej ploche obrazovky.<\/strong><\/p>\n<p><iframe style=\"width: 900px; height: 500px; border: 0;\" src=\"https:\/\/www.freemap.sk\/?map=15\/48.898045\/20.752015&amp;info-point=48.898045\/20.752015,K\u0148azovka (840 m n.m.)&amp;layers=X&amp;embed=search\" allowfullscreen=\"allowfullscreen\"><span data-mce-type=\"bookmark\" style=\"display: inline-block; width: 0px; overflow: hidden; line-height: 0;\" class=\"mce_SELRES_start\">\ufeff<\/span><span data-mce-type=\"bookmark\" style=\"display: inline-block; width: 0px; overflow: hidden; line-height: 0;\" class=\"mce_SELRES_start\">\ufeff<\/span><\/iframe><\/p>\n<h2><span style=\"color: #800000;\">Po\u010dasie<\/span><\/h2>\n<p><iframe style=\"width: 900px; height: 610px;\" src=\"https:\/\/www.meteoblue.com\/sk\/po%C4%8Dasie\/widget\/three\/48.91N20.736E692_Europe%2FBratislava?geoloc=fixed&amp;nocurrent=0&amp;noforecast=0&amp;days=5&amp;tempunit=CELSIUS&amp;windunit=KILOMETER_PER_HOUR&amp;layout=image\" frameborder=\"0\" scrolling=\"NO\" sandbox=\"allow-same-origin allow-scripts allow-popups allow-popups-to-escape-sandbox\"><\/iframe><\/p>\n<div><!-- DO NOT REMOVE THIS LINK --><a href=\"https:\/\/www.meteoblue.com\/sk\/po%C4%8Dasie\/predpove%C4%8F\/t%C3%BD%C5%BEde%C5%88\/48.91N20.736E692_Europe%2FBratislava?utm_source=weather_widget&amp;utm_medium=linkus&amp;utm_content=three&amp;utm_campaign=Weather%2BWidget\" target=\"_blank\" rel=\"noopener noreferrer\">meteoblue<\/a><\/div>\n","protected":false},"excerpt":{"rendered":"<p>Podkateg\u00f3ria: Lokaliz\u00e1cia: Volovsk\u00e9 vrchy \u010co je Jasky\u0148a K\u0148azovka a kde ju n\u00e1jdete? Jasky\u0148a K\u0148azovka\u00a0je fascinuj\u00faca pr\u00edrodn\u00e1 pamiatka nach\u00e1dzaj\u00faca sa pod vrchom K\u0148azovka (840 m n.m.) na planine Gamus. Pre turistov [&hellip;]<\/p>\n","protected":false},"author":1,"featured_media":61863,"parent":19232,"menu_order":0,"comment_status":"closed","ping_status":"closed","template":"","meta":{"_uag_custom_page_level_css":"","_monsterinsights_skip_tracking":false,"_monsterinsights_sitenote_active":false,"_monsterinsights_sitenote_note":"","_monsterinsights_sitenote_category":0,"footnotes":""},"class_list":["post-61846","page","type-page","status-publish","has-post-thumbnail","hentry"],"featured_image_src":"https:\/\/www.keturist.sk\/info\/wp-content\/uploads\/2023\/12\/jaskyna-knazovka1.jpg","featured_image_src_square":"https:\/\/www.keturist.sk\/info\/wp-content\/uploads\/2023\/12\/jaskyna-knazovka1.jpg","rbea_author_info":{"display_name":"admin","author_link":"https:\/\/www.keturist.sk\/info\/author\/admin\/"},"rbea_excerpt_info":"Podkateg\u00f3ria: Lokaliz\u00e1cia: Volovsk\u00e9 vrchy \u010co je Jasky\u0148a K\u0148azovka a kde ju n\u00e1jdete? Jasky\u0148a K\u0148azovka\u00a0je fascinuj\u00faca pr\u00edrodn\u00e1 pamiatka nach\u00e1dzaj\u00faca sa pod vrchom K\u0148azovka (840 m n.m.) na planine Gamus. Pre turistov [&hellip;]","uagb_featured_image_src":{"full":["https:\/\/www.keturist.sk\/info\/wp-content\/uploads\/2023\/12\/jaskyna-knazovka1.jpg",1000,667,false],"thumbnail":["https:\/\/www.keturist.sk\/info\/wp-content\/uploads\/2023\/12\/jaskyna-knazovka1-270x180.jpg",270,180,true],"medium":["https:\/\/www.keturist.sk\/info\/wp-content\/uploads\/2023\/12\/jaskyna-knazovka1-800x534.jpg",800,534,true],"medium_large":["https:\/\/www.keturist.sk\/info\/wp-content\/uploads\/2023\/12\/jaskyna-knazovka1-768x512.jpg",768,512,true],"large":["https:\/\/www.keturist.sk\/info\/wp-content\/uploads\/2023\/12\/jaskyna-knazovka1.jpg",1000,667,false],"1536x1536":["https:\/\/www.keturist.sk\/info\/wp-content\/uploads\/2023\/12\/jaskyna-knazovka1.jpg",1000,667,false],"2048x2048":["https:\/\/www.keturist.sk\/info\/wp-content\/uploads\/2023\/12\/jaskyna-knazovka1.jpg",1000,667,false]},"uagb_author_info":{"display_name":"admin","author_link":"https:\/\/www.keturist.sk\/info\/author\/admin\/"},"uagb_comment_info":0,"uagb_excerpt":"Podkateg\u00f3ria: Lokaliz\u00e1cia: Volovsk\u00e9 vrchy \u010co je Jasky\u0148a K\u0148azovka a kde ju n\u00e1jdete? Jasky\u0148a K\u0148azovka\u00a0je fascinuj\u00faca pr\u00edrodn\u00e1 pamiatka nach\u00e1dzaj\u00faca sa pod vrchom K\u0148azovka (840 m n.m.) na planine Gamus. Pre turistov [&hellip;]","_links":{"self":[{"href":"https:\/\/www.keturist.sk\/info\/wp-json\/wp\/v2\/pages\/61846","targetHints":{"allow":["GET"]}}],"collection":[{"href":"https:\/\/www.keturist.sk\/info\/wp-json\/wp\/v2\/pages"}],"about":[{"href":"https:\/\/www.keturist.sk\/info\/wp-json\/wp\/v2\/types\/page"}],"author":[{"embeddable":true,"href":"https:\/\/www.keturist.sk\/info\/wp-json\/wp\/v2\/users\/1"}],"replies":[{"embeddable":true,"href":"https:\/\/www.keturist.sk\/info\/wp-json\/wp\/v2\/comments?post=61846"}],"version-history":[{"count":15,"href":"https:\/\/www.keturist.sk\/info\/wp-json\/wp\/v2\/pages\/61846\/revisions"}],"predecessor-version":[{"id":72709,"href":"https:\/\/www.keturist.sk\/info\/wp-json\/wp\/v2\/pages\/61846\/revisions\/72709"}],"up":[{"embeddable":true,"href":"https:\/\/www.keturist.sk\/info\/wp-json\/wp\/v2\/pages\/19232"}],"wp:featuredmedia":[{"embeddable":true,"href":"https:\/\/www.keturist.sk\/info\/wp-json\/wp\/v2\/media\/61863"}],"wp:attachment":[{"href":"https:\/\/www.keturist.sk\/info\/wp-json\/wp\/v2\/media?parent=61846"}],"curies":[{"name":"wp","href":"https:\/\/api.w.org\/{rel}","templated":true}]}}