{"id":61461,"date":"2023-11-26T11:27:00","date_gmt":"2023-11-26T10:27:00","guid":{"rendered":"https:\/\/www.keturist.sk\/info\/?page_id=61461"},"modified":"2023-11-26T16:07:33","modified_gmt":"2023-11-26T15:07:33","slug":"banske-muzeum-v-poracskej-doline","status":"publish","type":"page","link":"https:\/\/www.keturist.sk\/info\/sport-a-kultura\/muzea-kultura\/muzea\/banske-muzeum-v-poracskej-doline\/","title":{"rendered":"Bansk\u00e9 m\u00fazeum v Por\u00e1\u010dskej doline"},"content":{"rendered":"<a href=\"https:\/\/www.keturist.sk\/info\/\" class=\"su-button su-button-style-default\" style=\"color:#000000;background-color:#FFCF2F;border-color:#cca626;border-radius:5px\" target=\"_self\"><span style=\"color:#000000;padding:6px 16px;font-size:13px;line-height:20px;border-color:#ffde6e;border-radius:5px;text-shadow:none\"><i class=\"sui sui-arrow-right\" style=\"font-size:13px;color:#000000\"><\/i>  Spravodaj <\/span><\/a>\n<a href=\"https:\/\/www.keturist.sk\/info\/sport-a-kultura\/\" class=\"su-button su-button-style-default\" style=\"color:#000000;background-color:#FFCF2F;border-color:#cca626;border-radius:5px\" target=\"_self\"><span style=\"color:#000000;padding:6px 16px;font-size:13px;line-height:20px;border-color:#ffde6e;border-radius:5px;text-shadow:none\"><i class=\"sui sui-arrow-right\" style=\"font-size:13px;color:#000000\"><\/i>  Aktivity, kult\u00fara, hist\u00f3ria&#8230; <\/span><\/a>\n<a href=\"https:\/\/www.keturist.sk\/info\/sport-a-kultura\/muzea-kultura\/\" class=\"su-button su-button-style-default\" style=\"color:#000000;background-color:#FFCF2F;border-color:#cca626;border-radius:5px\" target=\"_self\"><span style=\"color:#000000;padding:6px 16px;font-size:13px;line-height:20px;border-color:#ffde6e;border-radius:5px;text-shadow:none\"><i class=\"sui sui-arrow-right\" style=\"font-size:13px;color:#000000\"><\/i>  M\u00faze\u00e1, kult\u00fara&#8230; <\/span><\/a>\n<div class=\"su-divider su-divider-style-default\" style=\"margin:15px 0;border-width:0px;border-color:#000000\"><\/div>\n<p><strong>Podkateg\u00f3ria: <\/strong> <a href=\"https:\/\/www.keturist.sk\/info\/sport-a-kultura\/muzea-kultura\/muzea\/\" class=\"su-button su-button-style-default\" style=\"color:#000000;background-color:#afd144;border-color:#8ca837;border-radius:5px\" target=\"_self\"><span style=\"color:#000000;padding:6px 16px;font-size:13px;line-height:20px;border-color:#c7df7d;border-radius:5px;text-shadow:none\"><i class=\"sui sui-arrow-right\" style=\"font-size:13px;color:#000000\"><\/i>  M\u00faze\u00e1 <\/span><\/a>\n<p><strong>Lokaliz\u00e1cia: <\/strong><a href=\"https:\/\/www.keturist.sk\/info\/okolite-hory\/volovske-vrchy\/\">Volovsk\u00e9 vrchy<\/a><\/p>\n<div class=\"su-divider su-divider-style-default\" style=\"margin:15px 0;border-width:2px;border-color:#000000\"><\/div>\n<h3><span style=\"color: #808000;\">V\u0161eobecn\u00e9 inform\u00e1cie<\/span><\/h3>\n<p>Ban\u00edcke m\u00fazeum\u00a0 sa nach\u00e1dza v obci <a href=\"https:\/\/www.keturist.sk\/info\/turisticke-vychodiska\/smer-volovske-vrchy\/obec-porac\/\">Por\u00e1\u010d<\/a> na za\u010diatku <a href=\"https:\/\/www.keturist.sk\/info\/doliny\/poracska-dolina\/\">Por\u00e1\u010dskej doliny<\/a>.<\/p>\n<figure id=\"attachment_61476\" aria-describedby=\"caption-attachment-61476\" style=\"width: 800px\" class=\"wp-caption aligncenter\"><a href=\"https:\/\/www.keturist.sk\/info\/wp-content\/uploads\/2023\/11\/banicke-muzeum-porac.jpg\"><img loading=\"lazy\" decoding=\"async\" class=\"wp-image-61476 size-medium\" src=\"https:\/\/www.keturist.sk\/info\/wp-content\/uploads\/2023\/11\/banicke-muzeum-porac-800x534.jpg\" alt=\"\" width=\"800\" height=\"534\" srcset=\"https:\/\/www.keturist.sk\/info\/wp-content\/uploads\/2023\/11\/banicke-muzeum-porac-800x534.jpg 800w, https:\/\/www.keturist.sk\/info\/wp-content\/uploads\/2023\/11\/banicke-muzeum-porac-270x180.jpg 270w, https:\/\/www.keturist.sk\/info\/wp-content\/uploads\/2023\/11\/banicke-muzeum-porac-768x512.jpg 768w, https:\/\/www.keturist.sk\/info\/wp-content\/uploads\/2023\/11\/banicke-muzeum-porac.jpg 1000w\" sizes=\"auto, (max-width: 800px) 100vw, 800px\" \/><\/a><figcaption id=\"caption-attachment-61476\" class=\"wp-caption-text\">Bansk\u00e9 m\u00fazeum v Por\u00e1\u010dskej doline, fotograf: Marcin\u010din Jozef<\/figcaption><\/figure>\n<p>M\u00fazeum bolo otvoren\u00e9 v roku 2018 a prezentuje ban\u00edcku hist\u00f3riu spom\u00ednan\u00e9ho \u00fazemia.<\/p>\n<p>Spolu s nadv\u00e4zuj\u00facim <a href=\"https:\/\/www.keturist.sk\/info\/aktivity\/poracsky-banicky-chodnik\/\">n\u00e1u\u010dn\u00fdm ban\u00edckym chodn\u00edkom<\/a> pribli\u017euje zachovan\u00e9 technick\u00e9 pamiatky spojen\u00e9 s \u0165a\u017ebou nerastn\u00fdch surov\u00edn, najm\u00e4 medi a \u017eeleznej rudy.<\/p>\n<figure id=\"attachment_61479\" aria-describedby=\"caption-attachment-61479\" style=\"width: 800px\" class=\"wp-caption aligncenter\"><a href=\"https:\/\/www.keturist.sk\/info\/wp-content\/uploads\/2023\/11\/banicke-muzeum-porac-portal-bane44.jpg\"><img loading=\"lazy\" decoding=\"async\" class=\"wp-image-61479 size-medium\" src=\"https:\/\/www.keturist.sk\/info\/wp-content\/uploads\/2023\/11\/banicke-muzeum-porac-portal-bane44-800x534.jpg\" alt=\"\" width=\"800\" height=\"534\" srcset=\"https:\/\/www.keturist.sk\/info\/wp-content\/uploads\/2023\/11\/banicke-muzeum-porac-portal-bane44-800x534.jpg 800w, https:\/\/www.keturist.sk\/info\/wp-content\/uploads\/2023\/11\/banicke-muzeum-porac-portal-bane44-270x180.jpg 270w, https:\/\/www.keturist.sk\/info\/wp-content\/uploads\/2023\/11\/banicke-muzeum-porac-portal-bane44-768x512.jpg 768w, https:\/\/www.keturist.sk\/info\/wp-content\/uploads\/2023\/11\/banicke-muzeum-porac-portal-bane44.jpg 1000w\" sizes=\"auto, (max-width: 800px) 100vw, 800px\" \/><\/a><figcaption id=\"caption-attachment-61479\" class=\"wp-caption-text\">Bansk\u00e9 m\u00fazeum v Por\u00e1\u010dskej doline, fotograf: Marcin\u010din Jozef<\/figcaption><\/figure>\n<p>Pred <strong>\u0161t\u00f4l\u0148ou Pavol<\/strong> sa nach\u00e1dza tzv. \u201ezelen\u00e1 chata\u201c, ktor\u00e1 sl\u00fa\u017ei ako ml\u00e9 ban\u00edcke m\u00fazeum.<\/p>\n<p>O vstup do bansk\u00e9ho m\u00fazea treba po\u017eiada\u0165 na recepcii rekrea\u010dn\u00e9ho zariadenia <a href=\"https:\/\/www.poracpark.sk\/\" target=\"_blank\" rel=\"noopener\">hotel Por\u00e1\u010d Park<\/a>.<\/p>\n<figure id=\"attachment_61480\" aria-describedby=\"caption-attachment-61480\" style=\"width: 800px\" class=\"wp-caption aligncenter\"><a href=\"https:\/\/www.keturist.sk\/info\/wp-content\/uploads\/2023\/11\/banicke-muzeum-porac-portal-bane33.jpg\"><img loading=\"lazy\" decoding=\"async\" class=\"wp-image-61480 size-medium\" src=\"https:\/\/www.keturist.sk\/info\/wp-content\/uploads\/2023\/11\/banicke-muzeum-porac-portal-bane33-800x534.jpg\" alt=\"\" width=\"800\" height=\"534\" srcset=\"https:\/\/www.keturist.sk\/info\/wp-content\/uploads\/2023\/11\/banicke-muzeum-porac-portal-bane33-800x534.jpg 800w, https:\/\/www.keturist.sk\/info\/wp-content\/uploads\/2023\/11\/banicke-muzeum-porac-portal-bane33-270x180.jpg 270w, https:\/\/www.keturist.sk\/info\/wp-content\/uploads\/2023\/11\/banicke-muzeum-porac-portal-bane33-768x512.jpg 768w, https:\/\/www.keturist.sk\/info\/wp-content\/uploads\/2023\/11\/banicke-muzeum-porac-portal-bane33.jpg 1000w\" sizes=\"auto, (max-width: 800px) 100vw, 800px\" \/><\/a><figcaption id=\"caption-attachment-61480\" class=\"wp-caption-text\">Bansk\u00e9 m\u00fazeum v Por\u00e1\u010dskej doline, fotograf: Marcin\u010din Jozef<\/figcaption><\/figure>\n<p>S\u00fa\u010das\u0165ou prehliadky m\u00fazea je prezent\u00e1cia ban\u00edckych artefaktov nach\u00e1dzaj\u00facich sa vo vn\u00fatri s odborn\u00fdm v\u00fdkladom, prehliadka vonkaj\u0161\u00edch ban\u00edckych artefaktov nach\u00e1dzaj\u00facich sa pred m\u00fazeom a prehliadka <strong>\u0161t\u00f4lne Pavol<\/strong>.<\/p>\n<p>Od 15. storo\u010dia sa obyvatelia obce Por\u00e1\u010d zaoberali dob\u00fdvan\u00edm r\u00fad priamo vo svojom chot\u00e1ri.<\/p>\n<figure id=\"attachment_61481\" aria-describedby=\"caption-attachment-61481\" style=\"width: 800px\" class=\"wp-caption aligncenter\"><a href=\"https:\/\/www.keturist.sk\/info\/wp-content\/uploads\/2023\/11\/banicke-muzeum-porac-portal-bane.jpg\"><img loading=\"lazy\" decoding=\"async\" class=\"wp-image-61481 size-medium\" src=\"https:\/\/www.keturist.sk\/info\/wp-content\/uploads\/2023\/11\/banicke-muzeum-porac-portal-bane-800x534.jpg\" alt=\"\" width=\"800\" height=\"534\" srcset=\"https:\/\/www.keturist.sk\/info\/wp-content\/uploads\/2023\/11\/banicke-muzeum-porac-portal-bane-800x534.jpg 800w, https:\/\/www.keturist.sk\/info\/wp-content\/uploads\/2023\/11\/banicke-muzeum-porac-portal-bane-270x180.jpg 270w, https:\/\/www.keturist.sk\/info\/wp-content\/uploads\/2023\/11\/banicke-muzeum-porac-portal-bane-768x512.jpg 768w, https:\/\/www.keturist.sk\/info\/wp-content\/uploads\/2023\/11\/banicke-muzeum-porac-portal-bane.jpg 1000w\" sizes=\"auto, (max-width: 800px) 100vw, 800px\" \/><\/a><figcaption id=\"caption-attachment-61481\" class=\"wp-caption-text\">Bansk\u00e9 m\u00fazeum v Por\u00e1\u010dskej doline, fotograf: Marcin\u010din Jozef<\/figcaption><\/figure>\n<p>Popri medi sa tu \u0165a\u017eili vz\u00e1cne kovy zlato a me\u010f. O banskej \u010dinnosti sved\u010dia pozostatky v\u00fdroby ortuti z 15. storo\u010dia.<\/p>\n<p>Spo\u010diatku sa ruda-\u0161pad zbierala aj povrchovo.<\/p>\n<figure id=\"attachment_61482\" aria-describedby=\"caption-attachment-61482\" style=\"width: 800px\" class=\"wp-caption aligncenter\"><a href=\"https:\/\/www.keturist.sk\/info\/wp-content\/uploads\/2023\/11\/banicke-muzeum-porac-portal-bane2.jpg\"><img loading=\"lazy\" decoding=\"async\" class=\"wp-image-61482 size-medium\" src=\"https:\/\/www.keturist.sk\/info\/wp-content\/uploads\/2023\/11\/banicke-muzeum-porac-portal-bane2-800x534.jpg\" alt=\"\" width=\"800\" height=\"534\" srcset=\"https:\/\/www.keturist.sk\/info\/wp-content\/uploads\/2023\/11\/banicke-muzeum-porac-portal-bane2-800x534.jpg 800w, https:\/\/www.keturist.sk\/info\/wp-content\/uploads\/2023\/11\/banicke-muzeum-porac-portal-bane2-270x180.jpg 270w, https:\/\/www.keturist.sk\/info\/wp-content\/uploads\/2023\/11\/banicke-muzeum-porac-portal-bane2-768x512.jpg 768w, https:\/\/www.keturist.sk\/info\/wp-content\/uploads\/2023\/11\/banicke-muzeum-porac-portal-bane2.jpg 1000w\" sizes=\"auto, (max-width: 800px) 100vw, 800px\" \/><\/a><figcaption id=\"caption-attachment-61482\" class=\"wp-caption-text\">Bansk\u00e9 m\u00fazeum v Por\u00e1\u010dskej doline, fotograf: Marcin\u010din Jozef<\/figcaption><\/figure>\n<p>S n\u00e1stupom priemyselnej revol\u00facie st\u00fapol dopyt po \u017eeleznej rude, \u010doho n\u00e1sledkom je vznik por\u00e1\u010dsko-rudniansk\u00fdch \u0165a\u017eobn\u00fdch spolo\u010dnost\u00ed, ktor\u00fdch podielnikmi boli Mari\u00e1ssyovci a bohat\u00ed me\u0161\u0165ania.<\/p>\n<p>Na sklonku 19. storo\u010dia nast\u00e1va skuto\u010dn\u00fd rozmach \u0165a\u017eby r\u00fad a ortuti, ktor\u00fd sa strieda s \u00fapadkom po\u010das hospod\u00e1rskych kr\u00edz.<\/p>\n<figure id=\"attachment_61483\" aria-describedby=\"caption-attachment-61483\" style=\"width: 800px\" class=\"wp-caption aligncenter\"><a href=\"https:\/\/www.keturist.sk\/info\/wp-content\/uploads\/2023\/11\/banicke-muzeum-porac-portal-bane3.jpg\"><img loading=\"lazy\" decoding=\"async\" class=\"wp-image-61483 size-medium\" src=\"https:\/\/www.keturist.sk\/info\/wp-content\/uploads\/2023\/11\/banicke-muzeum-porac-portal-bane3-800x534.jpg\" alt=\"\" width=\"800\" height=\"534\" srcset=\"https:\/\/www.keturist.sk\/info\/wp-content\/uploads\/2023\/11\/banicke-muzeum-porac-portal-bane3-800x534.jpg 800w, https:\/\/www.keturist.sk\/info\/wp-content\/uploads\/2023\/11\/banicke-muzeum-porac-portal-bane3-270x180.jpg 270w, https:\/\/www.keturist.sk\/info\/wp-content\/uploads\/2023\/11\/banicke-muzeum-porac-portal-bane3-768x512.jpg 768w, https:\/\/www.keturist.sk\/info\/wp-content\/uploads\/2023\/11\/banicke-muzeum-porac-portal-bane3.jpg 1000w\" sizes=\"auto, (max-width: 800px) 100vw, 800px\" \/><\/a><figcaption id=\"caption-attachment-61483\" class=\"wp-caption-text\">Bansk\u00e9 m\u00fazeum v Por\u00e1\u010dskej doline, fotograf: Marcin\u010din Jozef<\/figcaption><\/figure>\n<p>Po\u010das II. svetovej vojny sa v\u00fdroba zv\u00fd\u0161ila a pracovalo sa na tri smeny.<\/p>\n<p>Po roku 1948 boli bane zn\u00e1rodnen\u00e9 a nastal ve\u013ek\u00fd rozmach ban\u00edctva.<\/p>\n<p>\u017delezorudn\u00e9 bane Rud\u0148any boli v b\u00fdvalom \u010ceskoslovensku najv\u00e4\u010d\u0161\u00edm podnikom na dob\u00fdvanie \u017eeleznej rudy a dod\u00e1vate\u013eom ortuti.<\/p>\n<p>Po roku 1991 doch\u00e1dza k \u00fatlmu banskej \u010dinnosti a v por\u00e1\u010dsko-rudnianskom rev\u00edry dnes pokra\u010duje iba \u0165a\u017eba barytu v bani Por\u00e1\u010d.<\/p>\n<p>Je to posledn\u00e1 \u010dinn\u00e1 hlbinn\u00e1 ba\u0148a na Spi\u0161i.<\/p>\n<h3><span style=\"color: #808000;\">Prev\u00e1dzkovate\u013e:<\/span><\/h3>\n<p>Tovari\u0161stvo Por\u00e1\u010dskeho ban\u00edctva o.z., Por\u00e1\u010d 447<br \/>\nwww.tovarisstvo.sk<\/p>\n<h3><span style=\"color: #808000;\">Kontakt:<\/span><\/h3>\n<p>Ing. Franti\u0161ek Pramuka<br \/>\nTel.: 0905 408 653<br \/>\nE-mail: tovaristvopb@gmail.com<\/p>\n<h3><span style=\"color: #808000;\">Otv\u00e1racia doba:<\/span><\/h3>\n<p>Sobota: 14.00 hod. \u2013 15.00 hod.<br \/>\nVstup skup\u00edn nad 10 os\u00f4b mimo otv\u00e1racej doby po dohode so sprievodcom m\u00fazea.<\/p>\n<h3><span style=\"color: #808000;\">Vstupn\u00e9:<\/span><\/h3>\n<p>Prehliadka m\u00fazea: 3,- \u20ac \/ 1 osoba \/ vstup<br \/>\nPrehliadka \u0161t\u00f4lne Peter: 2,- \u20ac \/ 1 osoba \/ vstup<br \/>\nPrehliadka m\u00fazea trv\u00e1 cca 30 min.<br \/>\nPrehliadka \u0161t\u00f4lne Peter trv\u00e1 cca 30 min.<\/p>\n<h3><span style=\"color: #808000;\">Okolit\u00e9 Stredisk\u00e1 a centr\u00e1<\/span><\/h3>\n<ul>\n<li><a href=\"https:\/\/www.keturist.sk\/info\/smer-volovske-vrchy\/obec-porac\/\">Obec Por\u00e1\u010d (\u010d\u00edtaj viac&#8230;)<\/a><\/li>\n<\/ul>\n<h3><span style=\"color: #808000;\">Mapy<\/span><\/h3>\n<p><strong>Vrstvy: <\/strong>Turistick\u00e1 mapa, Automapa, Cyklomapa, Ly\u017eiarska mapa, Satelitn\u00e1 mapa a OpenStreetMap.<\/p>\n<p><strong>Kliknut\u00edm na logo &#8222;Freemap.sk&#8220; sa V\u00e1m mapa zobraz\u00ed na celej ploche obrazovky.<\/strong><\/p>\n<h3><iframe style=\"width: 800px; height: 500px; border: 0;\" src=\"https:\/\/www.freemap.sk\/?map=14\/48.884007\/20.725343&amp;info-point=48.884007\/20.725343,Obec Por\u00e1\u010d&amp;layers=T&amp;embed=search\" allowfullscreen=\"allowfullscreen\"><\/iframe><br \/>\n<span style=\"color: #808000;\">Po\u010dasie<\/span><\/h3>\n<p><iframe style=\"width: 800px; height: 609px;\" src=\"https:\/\/www.meteoblue.com\/sk\/po%C4%8Dasie\/widget\/three\/por%c3%a1%c4%8d_slovensk%c3%a1-republika_723839?geoloc=fixed&amp;nocurrent=0&amp;noforecast=0&amp;days=5&amp;tempunit=CELSIUS&amp;windunit=KILOMETER_PER_HOUR&amp;layout=image\" frameborder=\"0\" scrolling=\"NO\" sandbox=\"allow-same-origin allow-scripts allow-popups allow-popups-to-escape-sandbox\"><\/iframe><\/p>\n<div><!-- DO NOT REMOVE THIS LINK --><a href=\"https:\/\/www.meteoblue.com\/sk\/po%C4%8Dasie\/predpove%C4%8F\/t%C3%BD%C5%BEde%C5%88\/por%c3%a1%c4%8d_slovensk%c3%a1-republika_723839?utm_source=weather_widget&amp;utm_medium=linkus&amp;utm_content=three&amp;utm_campaign=Weather%2BWidget\" target=\"_blank\" rel=\"noopener noreferrer\">meteoblue<\/a><\/div>\n<p><strong>Zdroj inform\u00e1ci\u00ed:<\/strong> <a href=\"https:\/\/www.porac.sk\/\" target=\"_blank\" rel=\"noopener\">https:\/\/www.porac.sk\/<\/a> a <a href=\"https:\/\/www.poracpark.sk\/\" target=\"_blank\" rel=\"noopener\">https:\/\/www.poracpark.sk\/<\/a><\/p>\n","protected":false},"excerpt":{"rendered":"<p>Podkateg\u00f3ria: Lokaliz\u00e1cia: Volovsk\u00e9 vrchy V\u0161eobecn\u00e9 inform\u00e1cie Ban\u00edcke m\u00fazeum\u00a0 sa nach\u00e1dza v obci Por\u00e1\u010d na za\u010diatku Por\u00e1\u010dskej doliny. M\u00fazeum bolo otvoren\u00e9 v roku 2018 a prezentuje ban\u00edcku hist\u00f3riu spom\u00ednan\u00e9ho \u00fazemia. Spolu [&hellip;]<\/p>\n","protected":false},"author":1,"featured_media":0,"parent":43427,"menu_order":0,"comment_status":"closed","ping_status":"closed","template":"","meta":{"_uag_custom_page_level_css":"","_monsterinsights_skip_tracking":false,"_monsterinsights_sitenote_active":false,"_monsterinsights_sitenote_note":"","_monsterinsights_sitenote_category":0,"footnotes":""},"class_list":["post-61461","page","type-page","status-publish","hentry"],"featured_image_src":"","featured_image_src_square":false,"rbea_author_info":{"display_name":"admin","author_link":"https:\/\/www.keturist.sk\/info\/author\/admin\/"},"rbea_excerpt_info":"Podkateg\u00f3ria: Lokaliz\u00e1cia: Volovsk\u00e9 vrchy V\u0161eobecn\u00e9 inform\u00e1cie Ban\u00edcke m\u00fazeum\u00a0 sa nach\u00e1dza v obci Por\u00e1\u010d na za\u010diatku Por\u00e1\u010dskej doliny. M\u00fazeum bolo otvoren\u00e9 v roku 2018 a prezentuje ban\u00edcku hist\u00f3riu spom\u00ednan\u00e9ho \u00fazemia. Spolu [&hellip;]","uagb_featured_image_src":{"full":false,"thumbnail":false,"medium":false,"medium_large":false,"large":false,"1536x1536":false,"2048x2048":false},"uagb_author_info":{"display_name":"admin","author_link":"https:\/\/www.keturist.sk\/info\/author\/admin\/"},"uagb_comment_info":0,"uagb_excerpt":"Podkateg\u00f3ria: Lokaliz\u00e1cia: Volovsk\u00e9 vrchy V\u0161eobecn\u00e9 inform\u00e1cie Ban\u00edcke m\u00fazeum\u00a0 sa nach\u00e1dza v obci Por\u00e1\u010d na za\u010diatku Por\u00e1\u010dskej doliny. M\u00fazeum bolo otvoren\u00e9 v roku 2018 a prezentuje ban\u00edcku hist\u00f3riu spom\u00ednan\u00e9ho \u00fazemia. Spolu [&hellip;]","_links":{"self":[{"href":"https:\/\/www.keturist.sk\/info\/wp-json\/wp\/v2\/pages\/61461","targetHints":{"allow":["GET"]}}],"collection":[{"href":"https:\/\/www.keturist.sk\/info\/wp-json\/wp\/v2\/pages"}],"about":[{"href":"https:\/\/www.keturist.sk\/info\/wp-json\/wp\/v2\/types\/page"}],"author":[{"embeddable":true,"href":"https:\/\/www.keturist.sk\/info\/wp-json\/wp\/v2\/users\/1"}],"replies":[{"embeddable":true,"href":"https:\/\/www.keturist.sk\/info\/wp-json\/wp\/v2\/comments?post=61461"}],"version-history":[{"count":21,"href":"https:\/\/www.keturist.sk\/info\/wp-json\/wp\/v2\/pages\/61461\/revisions"}],"predecessor-version":[{"id":61505,"href":"https:\/\/www.keturist.sk\/info\/wp-json\/wp\/v2\/pages\/61461\/revisions\/61505"}],"up":[{"embeddable":true,"href":"https:\/\/www.keturist.sk\/info\/wp-json\/wp\/v2\/pages\/43427"}],"wp:attachment":[{"href":"https:\/\/www.keturist.sk\/info\/wp-json\/wp\/v2\/media?parent=61461"}],"curies":[{"name":"wp","href":"https:\/\/api.w.org\/{rel}","templated":true}]}}