{"id":60668,"date":"2023-10-28T05:31:33","date_gmt":"2023-10-28T03:31:33","guid":{"rendered":"https:\/\/www.keturist.sk\/info\/?page_id=60668"},"modified":"2026-04-16T07:44:58","modified_gmt":"2026-04-16T05:44:58","slug":"3d-bludisko-na-alpinke-v-kosiciach","status":"publish","type":"page","link":"https:\/\/www.keturist.sk\/info\/zaujimavosti\/3d-bludisko-na-alpinke-v-kosiciach\/","title":{"rendered":"3D bludisko na Alpinke v Ko\u0161iciach"},"content":{"rendered":"<a href=\"https:\/\/www.keturist.sk\/info\/\" class=\"su-button su-button-style-default\" style=\"color:#000000;background-color:#FFCF2F;border-color:#cca626;border-radius:5px\" target=\"_self\"><span style=\"color:#000000;padding:6px 16px;font-size:13px;line-height:20px;border-color:#ffde6e;border-radius:5px;text-shadow:none\"><i class=\"sui sui-arrow-right\" style=\"font-size:13px;color:#000000\"><\/i>  Spravodaj <\/span><\/a>\n<a href=\"https:\/\/www.keturist.sk\/info\/tipy-na-vylety\/\" class=\"su-button su-button-style-default\" style=\"color:#000000;background-color:#FFCF2F;border-color:#cca626;border-radius:5px\" target=\"_self\"><span style=\"color:#000000;padding:6px 16px;font-size:13px;line-height:20px;border-color:#ffde6e;border-radius:5px;text-shadow:none\"><i class=\"sui sui-arrow-right\" style=\"font-size:13px;color:#000000\"><\/i>  TIPY NA V\u00ddLETY <\/span><\/a>\n<a href=\"https:\/\/www.keturist.sk\/info\/zaujimavosti\/\" class=\"su-button su-button-style-default\" style=\"color:#000000;background-color:#FFCF2F;border-color:#cca626;border-radius:5px\" target=\"_self\"><span style=\"color:#000000;padding:6px 16px;font-size:13px;line-height:20px;border-color:#ffde6e;border-radius:5px;text-shadow:none\"><i class=\"sui sui-arrow-right\" style=\"font-size:13px;color:#000000\"><\/i>  Zauj\u00edmavosti <\/span><\/a>\n<div class=\"su-divider su-divider-style-default\" style=\"margin:15px 0;border-width:0px;border-color:#000000\"><\/div>\n<strong>Lokaliz\u00e1cia: <\/strong><a href=\"https:\/\/www.keturist.sk\/info\/vseobecne-informacie\/\">Ko\u0161ice<\/a> &#8211; <a href=\"https:\/\/www.keturist.sk\/info\/okolite-hory\/cierna-hora\/\">\u010cierna hora<\/a> &#8211; <a href=\"https:\/\/www.keturist.sk\/info\/okolite-hory\/volovske-vrchy\/\">Volovsk\u00e9 vrchy<\/a> &#8211; <a href=\"https:\/\/www.keturist.sk\/info\/strediska-a-centra\/stredisko-alpinka\/\">Alpinka<\/a> &#8211; <a href=\"https:\/\/www.keturist.sk\/info\/strediska-a-centra\/stredisko-cermel\/\">\u010cerme\u013e<\/a><\/p>\n<div class=\"su-divider su-divider-style-default\" style=\"margin:15px 0;border-width:2px;border-color:#000000\"><\/div>\n<figure id=\"attachment_60666\" aria-describedby=\"caption-attachment-60666\" style=\"width: 900px\" class=\"wp-caption aligncenter\"><a href=\"https:\/\/www.keturist.sk\/info\/wp-content\/uploads\/2023\/10\/3d-bludisko.jpg\"><img loading=\"lazy\" decoding=\"async\" class=\"wp-image-60666\" src=\"https:\/\/www.keturist.sk\/info\/wp-content\/uploads\/2023\/10\/3d-bludisko-800x510.jpg\" alt=\"3D bludisko na Alpinke v Ko\u0161iciach\" width=\"900\" height=\"574\" srcset=\"https:\/\/www.keturist.sk\/info\/wp-content\/uploads\/2023\/10\/3d-bludisko-800x510.jpg 800w, https:\/\/www.keturist.sk\/info\/wp-content\/uploads\/2023\/10\/3d-bludisko-270x172.jpg 270w, https:\/\/www.keturist.sk\/info\/wp-content\/uploads\/2023\/10\/3d-bludisko-768x490.jpg 768w, https:\/\/www.keturist.sk\/info\/wp-content\/uploads\/2023\/10\/3d-bludisko.jpg 1000w\" sizes=\"auto, (max-width: 900px) 100vw, 900px\" \/><\/a><figcaption id=\"caption-attachment-60666\" class=\"wp-caption-text\">3D bludisko na Alpinke, Fotograf: https:\/\/www.alpinkakosice.sk\/<\/figcaption><\/figure>\n<div class=\"su-divider su-divider-style-default\" style=\"margin:15px 0;border-width:2px;border-color:#000000\"><\/div>\n<h2 data-path-to-node=\"1\"><span style=\"color: #800000;\">Straten\u00ed v dobrodru\u017estve, n\u00e1jden\u00ed v pohybe!<\/span><\/h2>\n<p data-path-to-node=\"2\">Predstavte si svet, kde <b data-path-to-node=\"2\" data-index-in-node=\"24\">gravit\u00e1cia neplat\u00ed<\/b> a va\u0161e kroky ved\u00fa cez <b data-path-to-node=\"2\" data-index-in-node=\"65\">tri poschodia<\/b> vzru\u0161uj\u00facich v\u00fdziev. Na ko\u0161ickej <b data-path-to-node=\"2\" data-index-in-node=\"112\">Alpinke<\/b> v\u00e1s \u010dak\u00e1 <b data-path-to-node=\"2\" data-index-in-node=\"129\">3D bludisko<\/b>, ktor\u00e9 sp\u00e1ja <b data-path-to-node=\"2\" data-index-in-node=\"154\">154 m\u00b2 lezeckej plochy<\/b> s bezpe\u010dn\u00fdm adrenal\u00ednom pre cel\u00fa rodinu. Prekonajte <b data-path-to-node=\"2\" data-index-in-node=\"229\">10 prek\u00e1\u017eok<\/b> a vr\u00e1\u0165te sa na zem s \u00fasmevom v\u010faka <b data-path-to-node=\"2\" data-index-in-node=\"276\">to\u010dit\u00e9mu toboganu<\/b> \u010di dr\u00f4ten\u00e9mu tunelu. Doprajte si <b data-path-to-node=\"2\" data-index-in-node=\"327\">akt\u00edvny relax<\/b> v srdci pr\u00edrody, kde sa z\u00e1bava stret\u00e1va so zdrav\u00fdm pohybom pre <b data-path-to-node=\"2\" data-index-in-node=\"404\">v\u0161etky vekov\u00e9 kateg\u00f3rie<\/b>!<\/p>\n<h2 class=\"ds-markdown-paragraph\"><span style=\"color: #800000;\">\u010co presne pon\u00faka 3D bludisko na Alpinke a ak\u00e9 s\u00fa jeho parametre?<\/span><\/h2>\n<p class=\"ds-markdown-paragraph\"><strong>3D bludisko na Alpinke<\/strong>\u00a0v Ko\u0161iciach je projekt zameran\u00fd na\u00a0<strong>akt\u00edvny relax a z\u00e1bavu pre n\u00e1v\u0161tevn\u00edkov v\u0161etk\u00fdch vekov\u00fdch kateg\u00f3ri\u00ed<\/strong>.<\/p>\n<p class=\"ds-markdown-paragraph\">Projekt pon\u00faka <strong>3D bludisko<\/strong>\u00a0rozlo\u017een\u00e9 v\u00a0<strong>troch v\u00fd\u0161kov\u00fdch \u00farovniach nad zemou<\/strong>. Celkov\u00e1\u00a0<strong>lezeck\u00e1 plocha dosahuje 154 m2<\/strong>\u00a0a syst\u00e9m zah\u0155\u0148a\u00a0<strong>10 prek\u00e1\u017eok<\/strong>\u00a0a\u00a0<strong>10 dom\u010dekov<\/strong>. K\u013e\u00fa\u010dov\u00fdmi atrakciami s\u00fa\u00a0<strong>dr\u00f4ten\u00fd tunel<\/strong>,\u00a0<strong>to\u010dit\u00fd tobogan<\/strong>\u00a0a\u00a0<strong>\u0161myk\u013eavka<\/strong>, ktor\u00e9 n\u00e1v\u0161tevn\u00edkov\u00a0<strong>bezpe\u010dne vr\u00e1tia nasp\u00e4\u0165 na zem<\/strong>.<\/p>\n<h2 class=\"ds-markdown-paragraph\"><span style=\"color: #800000;\">Pre koho je tento z\u00e1\u017eitok ur\u010den\u00fd a ak\u00fd je jeho cie\u013e?<\/span><\/h2>\n<p class=\"ds-markdown-paragraph\">Cie\u013eom projektu je <strong>zdrav\u00fd a akt\u00edvny pohyb<\/strong>\u00a0pre \u0161irok\u00e9 publikum. Bludisko je ur\u010den\u00e9 pre\u00a0<strong>n\u00e1v\u0161tevn\u00edkov z okolit\u00fdch regi\u00f3nov Slovenska<\/strong>, host\u00ed zo\u00a0<strong>zahrani\u010dia<\/strong>, ako aj pre\u00a0<strong>deti a rodi\u010dov mesta Ko\u0161ice<\/strong>.<\/p>\n<h2 class=\"ds-markdown-paragraph\"><span style=\"color: #800000;\">Kde sa nach\u00e1dza 3D bludisko na Alpinke?<\/span><\/h2>\n<p class=\"ds-markdown-paragraph\"><strong>Projekt je situovan\u00fd v are\u00e1li Alpinka<\/strong>, a to konkr\u00e9tne na\u00a0<strong>kone\u010dnej zast\u00e1vke Detskej historickej \u017eeleznice<\/strong>.<\/p>\n<h2 class=\"ds-markdown-paragraph\"><span style=\"color: #800000;\">Ako bol projekt financovan\u00fd?<\/span><\/h2>\n<p class=\"ds-markdown-paragraph\"><strong>Projekt bol spolufinancovan\u00fd Ko\u0161ick\u00fdm samospr\u00e1vnym krajom<\/strong>\u00a0a to z jeho rozvojov\u00e9ho programu\u00a0<strong>Terra Incognita<\/strong>.<\/p>\n<h2 class=\"ds-markdown-paragraph\"><span style=\"color: #800000;\">Kde n\u00e1jdem viac inform\u00e1ci\u00ed?<\/span><\/h2>\n<p class=\"ds-markdown-paragraph\">Aktu\u00e1lne inform\u00e1cie s\u00fa dostupn\u00e9 na webovej str\u00e1nke: <strong><a href=\"https:\/\/www.alpinkakosice.sk\/\" target=\"_blank\" rel=\"noopener noreferrer\">https:\/\/www.alpinkakosice.sk\/<\/a><\/strong><\/p>\n<h2 data-path-to-node=\"2\"><span style=\"color: #800000;\">Pre\u010do toto miesto jednoducho nem\u00f4\u017eete vynecha\u0165?<\/span><\/h2>\n<p data-path-to-node=\"3\"><em>Zabudnite na nudu pred obrazovkou a vyme\u0148te ju za <b data-path-to-node=\"3\" data-index-in-node=\"50\">vzdu\u0161n\u00e9 dobrodru\u017estvo<\/b>, ktor\u00e9 prever\u00ed va\u0161u obratnos\u0165 a vy\u010dar\u00ed \u00fasmev na tv\u00e1ri. <b data-path-to-node=\"3\" data-index-in-node=\"127\">3D bludisko na Alpinke<\/b> nie je len oby\u010dajn\u00e9 ihrisko \u2013 je to miesto, kde sa <b data-path-to-node=\"3\" data-index-in-node=\"201\">rodinn\u00e9 put\u00e1 upev\u0148uj\u00fa<\/b> pri spolo\u010dnom prekon\u00e1van\u00ed prek\u00e1\u017eok v korun\u00e1ch stromov. Pr\u00ed\u010fte si po svoju d\u00e1vku endorf\u00ednov tam, kde kon\u010dia ko\u013eajnice <b data-path-to-node=\"3\" data-index-in-node=\"340\">Detskej historickej \u017eeleznice<\/b> a za\u010d\u00edna skuto\u010dn\u00fd <b data-path-to-node=\"3\" data-index-in-node=\"388\">nezabudnute\u013en\u00fd z\u00e1\u017eitok<\/b>!<\/em><\/p>\n<h2><span style=\"color: #800000;\">Zauj\u00edmav\u00e9 odkazy<\/span><\/h2>\n<h3><span style=\"color: #808000;\">Bl\u00edzke stredisko, turistick\u00e9 centrum, obec alebo mesto:<\/span><\/h3>\n<ul>\n<li><a href=\"https:\/\/www.keturist.sk\/info\/strediska-a-centra\/stredisko-alpinka\/\">Strediska Alpinka (\u010d\u00edtaj viac v PDF&#8230;)<\/a><\/li>\n<\/ul>\n<h2><span style=\"color: #800000;\">Mapy<\/span><\/h2>\n<p><strong>Vrstvy: <\/strong>Turistick\u00e1 mapa, Automapa, Cyklomapa, Ly\u017eiarska mapa, Satelitn\u00e1 mapa a OpenStreetMap.<\/p>\n<p><strong>Kliknut\u00edm na logo &#8222;Freemap.sk&#8220; sa V\u00e1m mapa zobraz\u00ed na celej ploche obrazovky.<\/strong><\/p>\n<p><iframe style=\"width: 900px; height: 500px; border: 0;\" src=\"https:\/\/www.freemap.sk\/?map=15\/48.759478\/21.1838330&amp;info-point=48.759478\/21.183833,3D bludisko na Alpinke&amp;layers=X&amp;embed=search\" allowfullscreen=\"allowfullscreen\"><span data-mce-type=\"bookmark\" style=\"display: inline-block; width: 0px; overflow: hidden; line-height: 0;\" class=\"mce_SELRES_start\">\ufeff<\/span><span data-mce-type=\"bookmark\" style=\"display: inline-block; width: 0px; overflow: hidden; line-height: 0;\" class=\"mce_SELRES_start\">\ufeff<\/span><\/iframe><\/p>\n<h2><span style=\"color: #800000;\">Po\u010dasie<\/span><\/h2>\n<p><iframe style=\"width: 900px; height: 607px;\" src=\"https:\/\/www.meteoblue.com\/sk\/po%C4%8Dasie\/widget\/three\/ko%c5%a1ice_slovensk%c3%a1-republika_724443?geoloc=fixed&amp;nocurrent=0&amp;noforecast=0&amp;days=5&amp;tempunit=CELSIUS&amp;windunit=KILOMETER_PER_HOUR&amp;layout=image\" frameborder=\"0\" scrolling=\"NO\" sandbox=\"allow-same-origin allow-scripts allow-popups allow-popups-to-escape-sandbox\"><\/iframe><\/p>\n<div><!-- DO NOT REMOVE THIS LINK --><a href=\"https:\/\/www.meteoblue.com\/sk\/po%C4%8Dasie\/predpove%C4%8F\/t%C3%BD%C5%BEde%C5%88\/ko%c5%a1ice_slovensk%c3%a1-republika_724443?utm_source=weather_widget&amp;utm_medium=linkus&amp;utm_content=three&amp;utm_campaign=Weather%2BWidget\" target=\"_blank\" rel=\"noopener noreferrer\">meteoblue<\/a><\/div>\n","protected":false},"excerpt":{"rendered":"<p>Lokaliz\u00e1cia: Ko\u0161ice &#8211; \u010cierna hora &#8211; Volovsk\u00e9 vrchy &#8211; Alpinka &#8211; \u010cerme\u013e Straten\u00ed v dobrodru\u017estve, n\u00e1jden\u00ed v pohybe! Predstavte si svet, kde gravit\u00e1cia neplat\u00ed a va\u0161e kroky ved\u00fa cez tri [&hellip;]<\/p>\n","protected":false},"author":1,"featured_media":60666,"parent":260,"menu_order":0,"comment_status":"closed","ping_status":"closed","template":"","meta":{"_uag_custom_page_level_css":"","_monsterinsights_skip_tracking":false,"_monsterinsights_sitenote_active":false,"_monsterinsights_sitenote_note":"","_monsterinsights_sitenote_category":0,"footnotes":""},"class_list":["post-60668","page","type-page","status-publish","has-post-thumbnail","hentry"],"featured_image_src":"https:\/\/www.keturist.sk\/info\/wp-content\/uploads\/2023\/10\/3d-bludisko.jpg","featured_image_src_square":"https:\/\/www.keturist.sk\/info\/wp-content\/uploads\/2023\/10\/3d-bludisko.jpg","rbea_author_info":{"display_name":"admin","author_link":"https:\/\/www.keturist.sk\/info\/author\/admin\/"},"rbea_excerpt_info":"Lokaliz\u00e1cia: Ko\u0161ice &#8211; \u010cierna hora &#8211; Volovsk\u00e9 vrchy &#8211; Alpinka &#8211; \u010cerme\u013e Straten\u00ed v dobrodru\u017estve, n\u00e1jden\u00ed v pohybe! Predstavte si svet, kde gravit\u00e1cia neplat\u00ed a va\u0161e kroky ved\u00fa cez tri [&hellip;]","uagb_featured_image_src":{"full":["https:\/\/www.keturist.sk\/info\/wp-content\/uploads\/2023\/10\/3d-bludisko.jpg",1000,638,false],"thumbnail":["https:\/\/www.keturist.sk\/info\/wp-content\/uploads\/2023\/10\/3d-bludisko-270x172.jpg",270,172,true],"medium":["https:\/\/www.keturist.sk\/info\/wp-content\/uploads\/2023\/10\/3d-bludisko-800x510.jpg",800,510,true],"medium_large":["https:\/\/www.keturist.sk\/info\/wp-content\/uploads\/2023\/10\/3d-bludisko-768x490.jpg",768,490,true],"large":["https:\/\/www.keturist.sk\/info\/wp-content\/uploads\/2023\/10\/3d-bludisko.jpg",1000,638,false],"1536x1536":["https:\/\/www.keturist.sk\/info\/wp-content\/uploads\/2023\/10\/3d-bludisko.jpg",1000,638,false],"2048x2048":["https:\/\/www.keturist.sk\/info\/wp-content\/uploads\/2023\/10\/3d-bludisko.jpg",1000,638,false]},"uagb_author_info":{"display_name":"admin","author_link":"https:\/\/www.keturist.sk\/info\/author\/admin\/"},"uagb_comment_info":0,"uagb_excerpt":"Lokaliz\u00e1cia: Ko\u0161ice &#8211; \u010cierna hora &#8211; Volovsk\u00e9 vrchy &#8211; Alpinka &#8211; \u010cerme\u013e Straten\u00ed v dobrodru\u017estve, n\u00e1jden\u00ed v pohybe! Predstavte si svet, kde gravit\u00e1cia neplat\u00ed a va\u0161e kroky ved\u00fa cez tri [&hellip;]","_links":{"self":[{"href":"https:\/\/www.keturist.sk\/info\/wp-json\/wp\/v2\/pages\/60668","targetHints":{"allow":["GET"]}}],"collection":[{"href":"https:\/\/www.keturist.sk\/info\/wp-json\/wp\/v2\/pages"}],"about":[{"href":"https:\/\/www.keturist.sk\/info\/wp-json\/wp\/v2\/types\/page"}],"author":[{"embeddable":true,"href":"https:\/\/www.keturist.sk\/info\/wp-json\/wp\/v2\/users\/1"}],"replies":[{"embeddable":true,"href":"https:\/\/www.keturist.sk\/info\/wp-json\/wp\/v2\/comments?post=60668"}],"version-history":[{"count":8,"href":"https:\/\/www.keturist.sk\/info\/wp-json\/wp\/v2\/pages\/60668\/revisions"}],"predecessor-version":[{"id":75202,"href":"https:\/\/www.keturist.sk\/info\/wp-json\/wp\/v2\/pages\/60668\/revisions\/75202"}],"up":[{"embeddable":true,"href":"https:\/\/www.keturist.sk\/info\/wp-json\/wp\/v2\/pages\/260"}],"wp:featuredmedia":[{"embeddable":true,"href":"https:\/\/www.keturist.sk\/info\/wp-json\/wp\/v2\/media\/60666"}],"wp:attachment":[{"href":"https:\/\/www.keturist.sk\/info\/wp-json\/wp\/v2\/media?parent=60668"}],"curies":[{"name":"wp","href":"https:\/\/api.w.org\/{rel}","templated":true}]}}