{"id":59411,"date":"2023-09-06T21:02:46","date_gmt":"2023-09-06T19:02:46","guid":{"rendered":"https:\/\/www.keturist.sk\/info\/?page_id=59411"},"modified":"2025-12-30T17:23:41","modified_gmt":"2025-12-30T16:23:41","slug":"homolosova-jaskyna-jaskyna-homolosova-diera","status":"publish","type":"page","link":"https:\/\/www.keturist.sk\/info\/kam-do-prirody\/kam-do-prirody-smer-volovske-vrchy\/jaskyne-a-priepasti\/homolosova-jaskyna-jaskyna-homolosova-diera\/","title":{"rendered":"Homolo\u0161ova jasky\u0148a (Jasky\u0148a Homolo\u0161ova diera)"},"content":{"rendered":"<a href=\"https:\/\/www.keturist.sk\/info\/\" class=\"su-button su-button-style-default\" style=\"color:#000000;background-color:#FFCF2F;border-color:#cca626;border-radius:5px\" target=\"_self\"><span style=\"color:#000000;padding:6px 16px;font-size:13px;line-height:20px;border-color:#ffde6e;border-radius:5px;text-shadow:none\"><i class=\"sui sui-arrow-right\" style=\"font-size:13px;color:#000000\"><\/i>  Spravodaj <\/span><\/a>\n<a href=\"https:\/\/www.keturist.sk\/info\/tipy-na-vylety\/\" class=\"su-button su-button-style-default\" style=\"color:#000000;background-color:#FFCF2F;border-color:#cca626;border-radius:5px\" target=\"_self\"><span style=\"color:#000000;padding:6px 16px;font-size:13px;line-height:20px;border-color:#ffde6e;border-radius:5px;text-shadow:none\"><i class=\"sui sui-arrow-right\" style=\"font-size:13px;color:#000000\"><\/i>  TIPY NA V\u00ddLETY <\/span><\/a>\n<a href=\"https:\/\/www.keturist.sk\/info\/kam-do-prirody\/\" class=\"su-button su-button-style-default\" style=\"color:#000000;background-color:#FFCF2F;border-color:#cca626;border-radius:5px\" target=\"_self\"><span style=\"color:#000000;padding:6px 16px;font-size:13px;line-height:20px;border-color:#ffde6e;border-radius:5px;text-shadow:none\"><i class=\"sui sui-arrow-right\" style=\"font-size:13px;color:#000000\"><\/i>  Kam do pr\u00edrody <\/span><\/a>\n<a href=\"https:\/\/www.keturist.sk\/info\/kam-do-prirody\/kam-do-prirody-smer-volovske-vrchy\/\" class=\"su-button su-button-style-default\" style=\"color:#000000;background-color:#FFCF2F;border-color:#cca626;border-radius:5px\" target=\"_self\"><span style=\"color:#000000;padding:6px 16px;font-size:13px;line-height:20px;border-color:#ffde6e;border-radius:5px;text-shadow:none\"><i class=\"sui sui-arrow-right\" style=\"font-size:13px;color:#000000\"><\/i>  Smer Volovsk\u00e9 vrchy <\/span><\/a>\n<div class=\"su-divider su-divider-style-default\" style=\"margin:15px 0;border-width:0px;border-color:#000000\"><\/div>\n<strong>Podkateg\u00f3ria: <\/strong> <a href=\"https:\/\/www.keturist.sk\/info\/kam-do-prirody\/kam-do-prirody-smer-volovske-vrchy\/jaskyne-a-priepasti\/\" class=\"su-button su-button-style-default\" style=\"color:#000000;background-color:#C5ED2C;border-color:#9ebe24;border-radius:5px\" target=\"_self\"><span style=\"color:#000000;padding:6px 16px;font-size:13px;line-height:20px;border-color:#d7f36c;border-radius:5px;text-shadow:none\"><i class=\"sui sui-arrow-right\" style=\"font-size:13px;color:#000000\"><\/i>  Jaskyne a priepasti <\/span><\/a>\n<p><strong>Lokaliz\u00e1cia: <\/strong><a href=\"https:\/\/www.keturist.sk\/info\/okolite-hory\/volovske-vrchy\/\">Volovsk\u00e9 vrchy<\/a><\/p>\n<div class=\"su-divider su-divider-style-default\" style=\"margin:15px 0;border-width:2px;border-color:#000000\"><\/div>\n<figure id=\"attachment_59474\" aria-describedby=\"caption-attachment-59474\" style=\"width: 900px\" class=\"wp-caption aligncenter\"><a href=\"https:\/\/www.keturist.sk\/info\/wp-content\/uploads\/2023\/09\/Homolosova-diera3.jpg\"><img loading=\"lazy\" decoding=\"async\" class=\"wp-image-59474\" src=\"https:\/\/www.keturist.sk\/info\/wp-content\/uploads\/2023\/09\/Homolosova-diera3-800x534.jpg\" alt=\"Homolo\u0161ova jasky\u0148a (Jasky\u0148a Homolo\u0161ova diera)\" width=\"900\" height=\"600\" srcset=\"https:\/\/www.keturist.sk\/info\/wp-content\/uploads\/2023\/09\/Homolosova-diera3-800x534.jpg 800w, https:\/\/www.keturist.sk\/info\/wp-content\/uploads\/2023\/09\/Homolosova-diera3-270x180.jpg 270w, https:\/\/www.keturist.sk\/info\/wp-content\/uploads\/2023\/09\/Homolosova-diera3-768x512.jpg 768w, https:\/\/www.keturist.sk\/info\/wp-content\/uploads\/2023\/09\/Homolosova-diera3.jpg 1000w\" sizes=\"auto, (max-width: 900px) 100vw, 900px\" \/><\/a><figcaption id=\"caption-attachment-59474\" class=\"wp-caption-text\">Homolo\u0161ova jasky\u0148a (Jasky\u0148a Homolo\u0161ova diera), fotograf: Marcin\u010din Jozef<\/figcaption><\/figure>\n<div class=\"su-divider su-divider-style-default\" style=\"margin:15px 0;border-width:2px;border-color:#000000\"><\/div>\n<h2 class=\"ds-markdown-paragraph\"><span style=\"color: #800000;\">\u010co je Homolo\u0161ova jasky\u0148a a ak\u00e9 s\u00fa jej hlavn\u00e9 charakteristiky?<\/span><\/h2>\n<p class=\"ds-markdown-paragraph\"><strong>Homolo\u0161ova jasky\u0148a<\/strong>, zn\u00e1ma aj ako Homolo\u0161ova diera \u010di Vla\u0161sk\u00e1 diera, je pr\u00edrodn\u00e1 pamiatka nach\u00e1dzaj\u00faca sa v n\u00e1rodnej pr\u00edrodnej rezerv\u00e1cii \u010cerven\u00e9 skaly. Le\u017e\u00ed vo v\u00fd\u0161ke 785 m n.m. pod hrebe\u0148om planiny Galmus, pri okraji Por\u00e1\u010dskej doliny a nad b\u00fdvalou chatou \u010cierny bocian. T\u00e1to\u00a0<strong>kor\u00f3zna jasky\u0148a<\/strong>\u00a0m\u00e1 d\u013a\u017eku pribli\u017ene 91 metrov.<\/p>\n<h2 class=\"ds-markdown-paragraph\"><span style=\"color: #800000;\">Ako vyzer\u00e1 vstup do Homolo\u0161ovej jaskyne?<\/span><\/h2>\n<p class=\"ds-markdown-paragraph\">Vstupn\u00fd otvor jaskyne je orientovan\u00fd na juh a m\u00e1 v\u00fdrazn\u00fd tvar\u00a0<strong>gotick\u00e9ho lomen\u00e9ho obl\u00faka<\/strong>\u00a0s v\u00fd\u0161kou 3 m a \u0161\u00edrkou 3,5 m.<\/p>\n<h2 class=\"ds-markdown-paragraph\"><span style=\"color: #800000;\">\u010co je najvz\u00e1cnej\u0161ou, no aj najzranite\u013enej\u0161ou \u010drtou jaskyne?<\/span><\/h2>\n<p class=\"ds-markdown-paragraph\">Jasky\u0148a sa vyzna\u010duje bohatou\u00a0<strong>sintrovou v\u00fdzdobou<\/strong>, ktor\u00e1 bola v minulosti, \u017eia\u013e, zna\u010dne\u00a0<strong>po\u0161koden\u00e1 nevhodn\u00fdm spr\u00e1van\u00edm n\u00e1v\u0161tevn\u00edkov<\/strong>.<\/p>\n<h2 class=\"ds-markdown-paragraph\"><span style=\"color: #800000;\">Ak\u00e1 je vn\u00fatorn\u00e1 \u0161trukt\u00fara Homolo\u0161ovej jaskyne?<\/span><\/h2>\n<p class=\"ds-markdown-paragraph\">Jasky\u0148u tvoria dve\u00a0<strong>roz\u013eahl\u00e9 a \u0161irok\u00e9 chodby<\/strong>. Vstupn\u00e1 chodba, dlh\u00e1 pribli\u017ene 25 metrov, \u00fasti do hlavnej prie\u010dnej chodby.<\/p>\n<h2 class=\"ds-markdown-paragraph\"><span style=\"color: #800000;\">Ak\u00e9 archeologick\u00e9 a paleontologick\u00e9 n\u00e1lezy boli v jaskyni objaven\u00e9?<\/span><\/h2>\n<p class=\"ds-markdown-paragraph\">Po\u010das v\u00fdskumov bolo v\u00a0<strong>jaskyni n\u00e1jden\u00fdch ve\u013ea kostrov\u00fdch pozostatkov<\/strong>, predov\u0161etk\u00fdm\u00a0<strong>medve\u010fa jaskynn\u00e9ho<\/strong>\u00a0\u2013 Ursus speleus. Okrem toho bolo tu zisten\u00e9\u00a0<strong>os\u00eddlenie z obdobia neolitu<\/strong>\u00a0a tie\u017e zo\u00a0<strong>stredoveku<\/strong>.<\/p>\n<h2 class=\"ds-markdown-paragraph\"><span style=\"color: #800000;\">Je Homolo\u0161ova jasky\u0148a vo\u013ene pr\u00edstupn\u00e1 pre turistov?<\/span><\/h2>\n<p class=\"ds-markdown-paragraph\">Nie,\u00a0<strong>jasky\u0148a je pre verejnos\u0165 nepr\u00edstupn\u00e1<\/strong>. Nach\u00e1dza sa v \u00fazem\u00ed s najpr\u00edsnej\u0161\u00edm\u00a0<strong>5. stup\u0148om ochrany<\/strong>. Plat\u00ed tu absol\u00fatny\u00a0<strong>z\u00e1kaz pohybu mimo vyzna\u010den\u00e9ho turistick\u00e9ho alebo n\u00e1u\u010dn\u00e9ho chodn\u00edka<\/strong>\u00a0za hranicami zastavan\u00e9ho \u00fazemia obce. Rovnako je zak\u00e1zan\u00e9 vch\u00e1dza\u0165 s bicyklom na tieto pozemky mimo vymedzen\u00fdch ciest a cyklotr\u00e1s.<\/p>\n<h2 class=\"ds-markdown-paragraph\"><span style=\"color: #800000;\">Ako je mo\u017en\u00e9 z\u00edska\u0165 povolenie na vstup do tejto pr\u00edsne chr\u00e1nenej lokality?<\/span><\/h2>\n<p class=\"ds-markdown-paragraph\"><strong>Na vstup do pr\u00edrodnej rezerv\u00e1cie s 5. stup\u0148om ochrany je nutn\u00e9 z\u00edska\u0165 \u00faradn\u00fa v\u00fdnimku. <\/strong><\/p>\n<h3 class=\"ds-markdown-paragraph\"><span style=\"color: #808000;\">Postup je nasledovn\u00fd:<\/span><\/h3>\n<ol start=\"1\">\n<li>\n<p class=\"ds-markdown-paragraph\">Je potrebn\u00e9\u00a0<strong>poda\u0165 \u017eiados\u0165 na pr\u00edslu\u0161n\u00fd okresn\u00fd \u00farad<\/strong>\u00a0(odbor \u017eivotn\u00e9ho prostredia) o udelenie v\u00fdnimky z \u00fazemnej ochrany pod\u013ea platn\u00e9ho z\u00e1kona o ochrane pr\u00edrody a krajiny. \u017diados\u0165 mus\u00ed by\u0165\u00a0<strong>riadne od\u00f4vodnen\u00e1<\/strong>, s uveden\u00edm konkr\u00e9tnych d\u00f4vodov pre jej udelenie.<\/p>\n<\/li>\n<li>\n<p class=\"ds-markdown-paragraph\">Podanie sa\u00a0<strong>s poplatkami<\/strong>. Pre fyzick\u00fa osobu je spr\u00e1vny poplatok 10 Eur, pre pr\u00e1vnick\u00fa osobu 100 Eur, pod\u013ea z\u00e1kona o spr\u00e1vnych poplatkoch.<\/p>\n<\/li>\n<\/ol>\n<h2><span style=\"color: #800000;\">Fotogal\u00e9ria<\/span><\/h2>\n<style type=\"text\/css\">\n#foogallery-gallery-72704 .fg-image { width: 200px; }<\/style>\n\t\t\t<div class=\"foogallery foogallery-container foogallery-carousel foogallery-lightbox-foogallery fg-carousel fg-ready fg-light fg-border-medium fg-round-small fg-shadow-medium fg-loading-default fg-loaded-fade-in fg-hover-semi-zoomed fg-hover-fade fg-hover-circle-plus2\" id=\"foogallery-gallery-72704\" data-foogallery=\"{&quot;item&quot;:{&quot;showCaptionTitle&quot;:true,&quot;showCaptionDescription&quot;:true},&quot;lazy&quot;:true,&quot;template&quot;:{&quot;maxItems&quot;:5,&quot;scale&quot;:0.11999999999999999555910790149937383830547332763671875,&quot;gutter&quot;:{&quot;min&quot;:-40,&quot;max&quot;:-20,&quot;unit&quot;:&quot;%&quot;},&quot;autoplay&quot;:{&quot;time&quot;:0,&quot;interaction&quot;:&quot;pause&quot;},&quot;centerOnClick&quot;:true,&quot;align&quot;:&quot;center&quot;,&quot;activePosition&quot;:&quot;center&quot;}}\" data-foogallery-lightbox=\"{&quot;thumbs&quot;:&quot;bottom&quot;,&quot;thumbsCaptions&quot;:false,&quot;thumbsBestFit&quot;:false,&quot;thumbsSmall&quot;:false,&quot;thumbsCaptionsAlign&quot;:&quot;default&quot;,&quot;info&quot;:&quot;bottom&quot;,&quot;infoVisible&quot;:true,&quot;infoOverlay&quot;:true,&quot;infoAlign&quot;:&quot;default&quot;,&quot;transition&quot;:&quot;fade&quot;,&quot;hoverButtons&quot;:false,&quot;fitMedia&quot;:false,&quot;noScrollbars&quot;:true,&quot;preserveButtonSpace&quot;:true,&quot;buttons&quot;:{&quot;fullscreen&quot;:true,&quot;info&quot;:true,&quot;thumbs&quot;:false},&quot;video&quot;:{&quot;autoPlay&quot;:true}}\" style=\"--fg-title-line-clamp: 1; --fg-description-line-clamp: 2;\" >\n\t<button type=\"button\" class=\"fg-carousel-prev\" title=\"Previous\"><\/button>\n\t<div class=\"fg-carousel-inner\">\n\t\t<div class=\"fg-carousel-center\"><\/div>\n\t\t<div class=\"fg-item fg-type-image fg-idle\"><figure class=\"fg-item-inner\"><a href=\"https:\/\/www.keturist.sk\/info\/wp-content\/uploads\/2023\/09\/Homolosova-diera2.jpg\" data-caption-title=\"Homolo\u0161ova jasky\u0148a (Jasky\u0148a Homolo\u0161ova diera)\" data-caption-desc=\"Homolo\u0161ova jasky\u0148a (Jasky\u0148a Homolo\u0161ova diera), fotograf: Marcin\u010din Jozef\" data-attachment-id=\"59476\" data-type=\"image\" class=\"fg-thumb\"><span class=\"fg-image-wrap\"><img decoding=\"async\" alt=\"Homolo\u0161ova jasky\u0148a (Jasky\u0148a Homolo\u0161ova diera)\" title=\"Homolo\u0161ova jasky\u0148a (Jasky\u0148a Homolo\u0161ova diera)\" width=\"200\" height=\"200\" class=\"skip-lazy fg-image\" data-src-fg=\"https:\/\/www.keturist.sk\/info\/wp-content\/uploads\/cache\/2023\/09\/Homolosova-diera2\/3103742669.jpg\" src=\"data:image\/svg+xml,%3Csvg%20xmlns%3D%22http%3A%2F%2Fwww.w3.org%2F2000%2Fsvg%22%20width%3D%22200%22%20height%3D%22200%22%20viewBox%3D%220%200%20200%20200%22%3E%3C%2Fsvg%3E\" loading=\"eager\"><\/span><span class=\"fg-image-overlay\"><\/span><\/a><figcaption class=\"fg-caption\"><div class=\"fg-caption-inner\"><div class=\"fg-caption-title\">Homolo\u0161ova jasky\u0148a (Jasky\u0148a Homolo\u0161ova diera)<\/div><div class=\"fg-caption-desc\">Homolo\u0161ova jasky\u0148a (Jasky\u0148a Homolo\u0161ova diera), fotograf: Marcin\u010din Jozef<\/div><\/div><\/figcaption><\/figure><div class=\"fg-loader\"><\/div><\/div><div class=\"fg-item fg-type-image fg-idle\"><figure class=\"fg-item-inner\"><a href=\"https:\/\/www.keturist.sk\/info\/wp-content\/uploads\/2023\/09\/Homolosova-diera4.jpg\" data-caption-title=\"Homolo\u0161ova jasky\u0148a (Jasky\u0148a Homolo\u0161ova diera)\" data-caption-desc=\"Homolo\u0161ova jasky\u0148a (Jasky\u0148a Homolo\u0161ova diera), fotograf: Marcin\u010din Jozef\" data-attachment-id=\"59475\" data-type=\"image\" class=\"fg-thumb\"><span class=\"fg-image-wrap\"><img decoding=\"async\" alt=\"Homolo\u0161ova jasky\u0148a (Jasky\u0148a Homolo\u0161ova diera)\" title=\"Homolo\u0161ova jasky\u0148a (Jasky\u0148a Homolo\u0161ova diera)\" width=\"200\" height=\"200\" class=\"skip-lazy fg-image\" data-src-fg=\"https:\/\/www.keturist.sk\/info\/wp-content\/uploads\/cache\/2023\/09\/Homolosova-diera4\/3584087411.jpg\" src=\"data:image\/svg+xml,%3Csvg%20xmlns%3D%22http%3A%2F%2Fwww.w3.org%2F2000%2Fsvg%22%20width%3D%22200%22%20height%3D%22200%22%20viewBox%3D%220%200%20200%20200%22%3E%3C%2Fsvg%3E\" loading=\"eager\"><\/span><span class=\"fg-image-overlay\"><\/span><\/a><figcaption class=\"fg-caption\"><div class=\"fg-caption-inner\"><div class=\"fg-caption-title\">Homolo\u0161ova jasky\u0148a (Jasky\u0148a Homolo\u0161ova diera)<\/div><div class=\"fg-caption-desc\">Homolo\u0161ova jasky\u0148a (Jasky\u0148a Homolo\u0161ova diera), fotograf: Marcin\u010din Jozef<\/div><\/div><\/figcaption><\/figure><div class=\"fg-loader\"><\/div><\/div><div class=\"fg-item fg-type-image fg-idle\"><figure class=\"fg-item-inner\"><a href=\"https:\/\/www.keturist.sk\/info\/wp-content\/uploads\/2023\/09\/Homolosova-diera3.jpg\" data-caption-title=\"Homolo\u0161ova jasky\u0148a (Jasky\u0148a Homolo\u0161ova diera)\" data-caption-desc=\"Homolo\u0161ova jasky\u0148a (Jasky\u0148a Homolo\u0161ova diera), fotograf: Marcin\u010din Jozef\" data-attachment-id=\"59474\" data-type=\"image\" class=\"fg-thumb\"><span class=\"fg-image-wrap\"><img decoding=\"async\" alt=\"Homolo\u0161ova jasky\u0148a (Jasky\u0148a Homolo\u0161ova diera)\" title=\"Homolo\u0161ova jasky\u0148a (Jasky\u0148a Homolo\u0161ova diera)\" width=\"200\" height=\"200\" class=\"skip-lazy fg-image\" data-src-fg=\"https:\/\/www.keturist.sk\/info\/wp-content\/uploads\/cache\/2023\/09\/Homolosova-diera3\/2828390762.jpg\" src=\"data:image\/svg+xml,%3Csvg%20xmlns%3D%22http%3A%2F%2Fwww.w3.org%2F2000%2Fsvg%22%20width%3D%22200%22%20height%3D%22200%22%20viewBox%3D%220%200%20200%20200%22%3E%3C%2Fsvg%3E\" loading=\"eager\"><\/span><span class=\"fg-image-overlay\"><\/span><\/a><figcaption class=\"fg-caption\"><div class=\"fg-caption-inner\"><div class=\"fg-caption-title\">Homolo\u0161ova jasky\u0148a (Jasky\u0148a Homolo\u0161ova diera)<\/div><div class=\"fg-caption-desc\">Homolo\u0161ova jasky\u0148a (Jasky\u0148a Homolo\u0161ova diera), fotograf: Marcin\u010din Jozef<\/div><\/div><\/figcaption><\/figure><div class=\"fg-loader\"><\/div><\/div>\t<\/div>\n\t<div class=\"fg-carousel-bottom\"><\/div>\n\t<div class=\"fg-carousel-progress\"><\/div>\n\t<button type=\"button\" class=\"fg-carousel-next\" title=\"Next\"><\/button>\n<\/div>\n<h2><span style=\"color: #800000;\">Zauj\u00edmav\u00e9 odkazy<\/span><\/h2>\n<h3><span style=\"color: #808000;\">Okolit\u00e9 Stredisk\u00e1 a centr\u00e1:<\/span><\/h3>\n<ul>\n<li><a href=\"https:\/\/www.keturist.sk\/info\/smer-volovske-vrchy\/obec-porac\/\">Obec Por\u00e1\u010d (\u010d\u00edtaj viac&#8230;)<\/a><\/li>\n<\/ul>\n<ul>\n<li><a href=\"https:\/\/www.keturist.sk\/info\/smer-volovske-vrchy\/obec-slovinky\/\">Obec Slovinky (\u010d\u00edtaj viac&#8230;)<\/a><\/li>\n<\/ul>\n<h2><span style=\"color: #800000;\">Mapy<\/span><\/h2>\n<p><strong>Vrstvy: <\/strong>Turistick\u00e1 mapa, Automapa, Cyklomapa, Ly\u017eiarska mapa, Satelitn\u00e1 mapa a OpenStreetMap.<\/p>\n<p><strong>Kliknut\u00edm na logo &#8222;Freemap.sk&#8220; sa V\u00e1m mapa zobraz\u00ed na celej ploche obrazovky.<\/strong><\/p>\n<p><iframe style=\"width: 900px; height: 500px; border: 0;\" src=\"https:\/\/www.freemap.sk\/?map=13\/48.889614\/20.786929&amp;info-point=48.889614\/20.786929,Homolo\u0161ova jasky\u0148a&amp;layers=X&amp;embed=search\" allowfullscreen=\"allowfullscreen\"><span data-mce-type=\"bookmark\" style=\"display: inline-block; width: 0px; overflow: hidden; line-height: 0;\" class=\"mce_SELRES_start\">\ufeff<\/span><\/iframe><\/p>\n<h2><span style=\"color: #800000;\">Po\u010dasie<\/span><\/h2>\n<p><iframe style=\"width: 900px; height: 609px;\" src=\"https:\/\/www.meteoblue.com\/sk\/po%C4%8Dasie\/widget\/three\/por%c3%a1%c4%8d_slovensk%c3%a1-republika_723839?geoloc=fixed&amp;nocurrent=0&amp;noforecast=0&amp;days=5&amp;tempunit=CELSIUS&amp;windunit=KILOMETER_PER_HOUR&amp;layout=image\" frameborder=\"0\" scrolling=\"NO\" sandbox=\"allow-same-origin allow-scripts allow-popups allow-popups-to-escape-sandbox\"><\/iframe><\/p>\n<div><!-- DO NOT REMOVE THIS LINK --><a href=\"https:\/\/www.meteoblue.com\/sk\/po%C4%8Dasie\/predpove%C4%8F\/t%C3%BD%C5%BEde%C5%88\/por%c3%a1%c4%8d_slovensk%c3%a1-republika_723839?utm_source=weather_widget&amp;utm_medium=linkus&amp;utm_content=three&amp;utm_campaign=Weather%2BWidget\" target=\"_blank\" rel=\"noopener noreferrer\">meteoblue<\/a><\/div>\n<p>&nbsp;<\/p>\n","protected":false},"excerpt":{"rendered":"<p>Podkateg\u00f3ria: Lokaliz\u00e1cia: Volovsk\u00e9 vrchy \u010co je Homolo\u0161ova jasky\u0148a a ak\u00e9 s\u00fa jej hlavn\u00e9 charakteristiky? Homolo\u0161ova jasky\u0148a, zn\u00e1ma aj ako Homolo\u0161ova diera \u010di Vla\u0161sk\u00e1 diera, je pr\u00edrodn\u00e1 pamiatka nach\u00e1dzaj\u00faca sa v [&hellip;]<\/p>\n","protected":false},"author":1,"featured_media":59474,"parent":19232,"menu_order":0,"comment_status":"closed","ping_status":"closed","template":"","meta":{"_uag_custom_page_level_css":"","_monsterinsights_skip_tracking":false,"_monsterinsights_sitenote_active":false,"_monsterinsights_sitenote_note":"","_monsterinsights_sitenote_category":0,"footnotes":""},"class_list":["post-59411","page","type-page","status-publish","has-post-thumbnail","hentry"],"featured_image_src":"https:\/\/www.keturist.sk\/info\/wp-content\/uploads\/2023\/09\/Homolosova-diera3.jpg","featured_image_src_square":"https:\/\/www.keturist.sk\/info\/wp-content\/uploads\/2023\/09\/Homolosova-diera3.jpg","rbea_author_info":{"display_name":"admin","author_link":"https:\/\/www.keturist.sk\/info\/author\/admin\/"},"rbea_excerpt_info":"Podkateg\u00f3ria: Lokaliz\u00e1cia: Volovsk\u00e9 vrchy \u010co je Homolo\u0161ova jasky\u0148a a ak\u00e9 s\u00fa jej hlavn\u00e9 charakteristiky? Homolo\u0161ova jasky\u0148a, zn\u00e1ma aj ako Homolo\u0161ova diera \u010di Vla\u0161sk\u00e1 diera, je pr\u00edrodn\u00e1 pamiatka nach\u00e1dzaj\u00faca sa v [&hellip;]","uagb_featured_image_src":{"full":["https:\/\/www.keturist.sk\/info\/wp-content\/uploads\/2023\/09\/Homolosova-diera3.jpg",1000,667,false],"thumbnail":["https:\/\/www.keturist.sk\/info\/wp-content\/uploads\/2023\/09\/Homolosova-diera3-270x180.jpg",270,180,true],"medium":["https:\/\/www.keturist.sk\/info\/wp-content\/uploads\/2023\/09\/Homolosova-diera3-800x534.jpg",800,534,true],"medium_large":["https:\/\/www.keturist.sk\/info\/wp-content\/uploads\/2023\/09\/Homolosova-diera3-768x512.jpg",768,512,true],"large":["https:\/\/www.keturist.sk\/info\/wp-content\/uploads\/2023\/09\/Homolosova-diera3.jpg",1000,667,false],"1536x1536":["https:\/\/www.keturist.sk\/info\/wp-content\/uploads\/2023\/09\/Homolosova-diera3.jpg",1000,667,false],"2048x2048":["https:\/\/www.keturist.sk\/info\/wp-content\/uploads\/2023\/09\/Homolosova-diera3.jpg",1000,667,false]},"uagb_author_info":{"display_name":"admin","author_link":"https:\/\/www.keturist.sk\/info\/author\/admin\/"},"uagb_comment_info":0,"uagb_excerpt":"Podkateg\u00f3ria: Lokaliz\u00e1cia: Volovsk\u00e9 vrchy \u010co je Homolo\u0161ova jasky\u0148a a ak\u00e9 s\u00fa jej hlavn\u00e9 charakteristiky? Homolo\u0161ova jasky\u0148a, zn\u00e1ma aj ako Homolo\u0161ova diera \u010di Vla\u0161sk\u00e1 diera, je pr\u00edrodn\u00e1 pamiatka nach\u00e1dzaj\u00faca sa v [&hellip;]","_links":{"self":[{"href":"https:\/\/www.keturist.sk\/info\/wp-json\/wp\/v2\/pages\/59411","targetHints":{"allow":["GET"]}}],"collection":[{"href":"https:\/\/www.keturist.sk\/info\/wp-json\/wp\/v2\/pages"}],"about":[{"href":"https:\/\/www.keturist.sk\/info\/wp-json\/wp\/v2\/types\/page"}],"author":[{"embeddable":true,"href":"https:\/\/www.keturist.sk\/info\/wp-json\/wp\/v2\/users\/1"}],"replies":[{"embeddable":true,"href":"https:\/\/www.keturist.sk\/info\/wp-json\/wp\/v2\/comments?post=59411"}],"version-history":[{"count":13,"href":"https:\/\/www.keturist.sk\/info\/wp-json\/wp\/v2\/pages\/59411\/revisions"}],"predecessor-version":[{"id":72705,"href":"https:\/\/www.keturist.sk\/info\/wp-json\/wp\/v2\/pages\/59411\/revisions\/72705"}],"up":[{"embeddable":true,"href":"https:\/\/www.keturist.sk\/info\/wp-json\/wp\/v2\/pages\/19232"}],"wp:featuredmedia":[{"embeddable":true,"href":"https:\/\/www.keturist.sk\/info\/wp-json\/wp\/v2\/media\/59474"}],"wp:attachment":[{"href":"https:\/\/www.keturist.sk\/info\/wp-json\/wp\/v2\/media?parent=59411"}],"curies":[{"name":"wp","href":"https:\/\/api.w.org\/{rel}","templated":true}]}}