{"id":59270,"date":"2023-09-03T09:11:28","date_gmt":"2023-09-03T07:11:28","guid":{"rendered":"https:\/\/www.keturist.sk\/info\/?page_id=59270"},"modified":"2023-09-03T11:17:31","modified_gmt":"2023-09-03T09:17:31","slug":"naucny-chodnik-osobnosti-a-historia-kluknavy","status":"publish","type":"page","link":"https:\/\/www.keturist.sk\/info\/tipy-na-vylety\/naucne-chodniky\/naucny-chodnik-osobnosti-a-historia-kluknavy\/","title":{"rendered":"N\u00e1u\u010dn\u00fd chodn\u00edk \u2013 osobnost\u00ed a hist\u00f3ria Kluknavy"},"content":{"rendered":"<a href=\"https:\/\/www.keturist.sk\/info\/\" class=\"su-button su-button-style-default\" style=\"color:#000000;background-color:#FFCF2F;border-color:#cca626;border-radius:5px\" target=\"_self\"><span style=\"color:#000000;padding:6px 16px;font-size:13px;line-height:20px;border-color:#ffde6e;border-radius:5px;text-shadow:none\"><i class=\"sui sui-arrow-right\" style=\"font-size:13px;color:#000000\"><\/i>  Spravodaj <\/span><\/a><a href=\"https:\/\/www.keturist.sk\/info\/tipy-na-vylety\/\" class=\"su-button su-button-style-default\" style=\"color:#000000;background-color:#FFCF2F;border-color:#cca626;border-radius:5px\" target=\"_self\"><span style=\"color:#000000;padding:6px 16px;font-size:13px;line-height:20px;border-color:#ffde6e;border-radius:5px;text-shadow:none\"><i class=\"sui sui-arrow-right\" style=\"font-size:13px;color:#000000\"><\/i>  Tipy na v\u00fdlety <\/span><\/a>\n<div class=\"su-divider su-divider-style-default\" style=\"margin:15px 0;border-width:0px;border-color:#000000\"><\/div>\n<strong>Podkateg\u00f3ria: <\/strong> <a href=\"https:\/\/www.keturist.sk\/info\/aktivity\/naucne-chodniky\/\" class=\"su-button su-button-style-default\" style=\"color:#000000;background-color:#afd144;border-color:#8ca837;border-radius:5px\" target=\"_self\"><span style=\"color:#000000;padding:6px 16px;font-size:13px;line-height:20px;border-color:#c7df7d;border-radius:5px;text-shadow:none\"><i class=\"sui sui-arrow-right\" style=\"font-size:13px;color:#000000\"><\/i>  Nau\u010dn\u00e9 chodn\u00edky <\/span><\/a>\n<div class=\"su-divider su-divider-style-default\" style=\"margin:15px 0;border-width:0px;border-color:#000000\"><\/div>\n<strong>Lokaliz\u00e1cia: <\/strong><a href=\"https:\/\/www.keturist.sk\/info\/okolite-hory\/cierna-hora\/\">\u010cierna hora<\/a><br \/>\n<div class=\"su-divider su-divider-style-default\" style=\"margin:15px 0;border-width:2px;border-color:#000000\"><\/div>\n<h3><span style=\"color: #808000;\">V\u0161eobecn\u00e9 inform\u00e1cie<\/span><\/h3>\n<p>N\u00e1u\u010dn\u00fd chodn\u00edk &#8222;Hist\u00f3ria a osobnosti Kluknavy&#8220; prevedie n\u00e1v\u0161tevn\u00edkov cez najd\u00f4le\u017eitej\u0161ie zauj\u00edmavosti obce Kluknava.<\/p>\n<figure id=\"attachment_59288\" aria-describedby=\"caption-attachment-59288\" style=\"width: 800px\" class=\"wp-caption aligncenter\"><a href=\"https:\/\/www.keturist.sk\/info\/wp-content\/uploads\/2023\/09\/nch-kluknava1.jpg\"><img loading=\"lazy\" decoding=\"async\" class=\"wp-image-59288 size-medium\" src=\"https:\/\/www.keturist.sk\/info\/wp-content\/uploads\/2023\/09\/nch-kluknava1-800x600.jpg\" alt=\"\" width=\"800\" height=\"600\" srcset=\"https:\/\/www.keturist.sk\/info\/wp-content\/uploads\/2023\/09\/nch-kluknava1-800x600.jpg 800w, https:\/\/www.keturist.sk\/info\/wp-content\/uploads\/2023\/09\/nch-kluknava1-240x180.jpg 240w, https:\/\/www.keturist.sk\/info\/wp-content\/uploads\/2023\/09\/nch-kluknava1-768x576.jpg 768w, https:\/\/www.keturist.sk\/info\/wp-content\/uploads\/2023\/09\/nch-kluknava1.jpg 1000w\" sizes=\"auto, (max-width: 800px) 100vw, 800px\" \/><\/a><figcaption id=\"caption-attachment-59288\" class=\"wp-caption-text\">N\u00e1u\u010dn\u00fd chodn\u00edk \u2013 osobnost\u00ed a hist\u00f3ria Kluknavy, fotograf: Denisa Denisa Bia\u0142ko (https:\/\/www.facebook.com\/profile.php?id=713587511)<\/figcaption><\/figure>\n<p>Pozost\u00e1va zo 6 informa\u010dn\u00fdch panelov a je mo\u017en\u00e9 ho prejs\u0165 za 2,5 a\u017e 3 hodiny, preva\u017ene klesan\u00edm.<\/p>\n<p>Kruhov\u00e1 trasa o celkovej d\u013a\u017eke pribli\u017ene 7,5 km poukazuje na hist\u00f3riu obce a prezentuje v\u00fdznamn\u00e9 historick\u00e9 osobnosti p\u00f4sobiace v regi\u00f3ne, ako boli kr\u00e1\u013e J\u00e1n Z\u00e1po\u013esk\u00fd, arciknie\u017ea Friedrich Habsbursk\u00fd \u010di kardin\u00e1l Imrich \u010c\u00e1ki (Cs\u00e1ky).<\/p>\n<figure id=\"attachment_37014\" aria-describedby=\"caption-attachment-37014\" style=\"width: 800px\" class=\"wp-caption aligncenter\"><a href=\"https:\/\/www.keturist.sk\/info\/wp-content\/uploads\/2020\/12\/klunava-kastiel1.jpg\"><img loading=\"lazy\" decoding=\"async\" class=\"wp-image-37014 size-full\" src=\"https:\/\/www.keturist.sk\/info\/wp-content\/uploads\/2020\/12\/klunava-kastiel1.jpg\" alt=\"\" width=\"800\" height=\"450\" srcset=\"https:\/\/www.keturist.sk\/info\/wp-content\/uploads\/2020\/12\/klunava-kastiel1.jpg 800w, https:\/\/www.keturist.sk\/info\/wp-content\/uploads\/2020\/12\/klunava-kastiel1-270x152.jpg 270w, https:\/\/www.keturist.sk\/info\/wp-content\/uploads\/2020\/12\/klunava-kastiel1-768x432.jpg 768w\" sizes=\"auto, (max-width: 800px) 100vw, 800px\" \/><\/a><figcaption id=\"caption-attachment-37014\" class=\"wp-caption-text\">\u010c\u00e1kyovsk\u00fd ka\u0161tie\u013e v Kluknave<\/figcaption><\/figure>\n<p>N\u00e1u\u010dn\u00fd chodn\u00edk \u201eOsobnosti a hist\u00f3ria Kluknavy\u201c prech\u00e1dza aj popri v\u00fdznamn\u00fdch n\u00e1rodn\u00fdch kult\u00farnych pamiatkach (<a href=\"https:\/\/www.keturist.sk\/info\/dreveny-kryty-most-v-stefanskej-hute-kluknava\/\">Dreven\u00fd kryt\u00fd most v \u0160tefanskej Hute \u2013 Kluknava<\/a> a <a href=\"https:\/\/www.keturist.sk\/info\/kastiel-v-kluknave\/\">\u010c\u00e1kyovsk\u00fd ka\u0161tie\u013e<\/a>).<\/p>\n<p>Prev\u00fd\u0161enie chodn\u00edka medzi najvy\u0161\u0161\u00edm a najni\u017e\u0161\u00edm bodom je pribli\u017ene 210 metrov.<\/p>\n<figure id=\"attachment_36708\" aria-describedby=\"caption-attachment-36708\" style=\"width: 800px\" class=\"wp-caption aligncenter\"><a href=\"https:\/\/www.keturist.sk\/info\/wp-content\/uploads\/2020\/12\/most-kluknava2.jpg\"><img loading=\"lazy\" decoding=\"async\" class=\"wp-image-36708 size-medium\" src=\"https:\/\/www.keturist.sk\/info\/wp-content\/uploads\/2020\/12\/most-kluknava2-800x533.jpg\" alt=\"\" width=\"800\" height=\"533\" srcset=\"https:\/\/www.keturist.sk\/info\/wp-content\/uploads\/2020\/12\/most-kluknava2-800x533.jpg 800w, https:\/\/www.keturist.sk\/info\/wp-content\/uploads\/2020\/12\/most-kluknava2-270x180.jpg 270w, https:\/\/www.keturist.sk\/info\/wp-content\/uploads\/2020\/12\/most-kluknava2-768x512.jpg 768w, https:\/\/www.keturist.sk\/info\/wp-content\/uploads\/2020\/12\/most-kluknava2.jpg 900w\" sizes=\"auto, (max-width: 800px) 100vw, 800px\" \/><\/a><figcaption id=\"caption-attachment-36708\" class=\"wp-caption-text\">Dreven\u00fd kryt\u00fd most<\/figcaption><\/figure>\n<p>Informa\u010dn\u00e9 panely s\u00fa v slovenskom i v anglickom jazyku.<\/p>\n<p>Tento projekt sa zrealizoval za finan\u010dnej podpory Ko\u0161ick\u00e9ho samospr\u00e1vneho kraja programu Terra Incognita, ktor\u00fd poskytol dot\u00e1ciu vo v\u00fd\u0161ke 4 320 eur.<\/p>\n<p><a href=\"https:\/\/www.keturist.sk\/info\/wp-content\/uploads\/2023\/09\/nch-kluknava4.jpg\"><img loading=\"lazy\" decoding=\"async\" class=\"aligncenter wp-image-59291 size-medium\" src=\"https:\/\/www.keturist.sk\/info\/wp-content\/uploads\/2023\/09\/nch-kluknava4-800x518.jpg\" alt=\"\" width=\"800\" height=\"518\" srcset=\"https:\/\/www.keturist.sk\/info\/wp-content\/uploads\/2023\/09\/nch-kluknava4-800x518.jpg 800w, https:\/\/www.keturist.sk\/info\/wp-content\/uploads\/2023\/09\/nch-kluknava4-270x175.jpg 270w, https:\/\/www.keturist.sk\/info\/wp-content\/uploads\/2023\/09\/nch-kluknava4-768x497.jpg 768w, https:\/\/www.keturist.sk\/info\/wp-content\/uploads\/2023\/09\/nch-kluknava4.jpg 1000w\" sizes=\"auto, (max-width: 800px) 100vw, 800px\" \/><\/a><\/p>\n<p>Pridanou hodnotou je aj bohat\u00e1 biodiverzita Horn\u00e1dskej kotliny.<\/p>\n<h3><span style=\"color: #808000;\">Nau\u010dn\u00fd chodn\u00edk pozost\u00e1va z t\u00fdchto informa\u010dn\u00fdch panelov:<\/span><\/h3>\n<p><span style=\"color: #ff0000;\"><strong>Panel \u010d. 1:<\/strong> <\/span> Hist\u00f3ria obce<br \/>\n<strong><span style=\"color: #ff0000;\">Panel \u010d. 2:<\/span><\/strong> M\u00fdticke osobnosti<br \/>\n<strong><span style=\"color: #ff0000;\">Panel \u010d. 3:<\/span><\/strong> Runov\u00e9 p\u00edsmo<br \/>\n<strong><span style=\"color: #ff0000;\">Panel \u010d. 4:<\/span><\/strong> Dreven\u00fd most<br \/>\n<strong><span style=\"color: #ff0000;\">Panel \u010d. 5:<\/span><\/strong> Miestne lie\u010dite\u013estvo<br \/>\n<strong><span style=\"color: #ff0000;\">Panel \u010d. 6:<\/span><\/strong> Ka\u0161tie\u013e<\/p>\n<h3><span style=\"color: #808000;\">Bl\u00edzke stredisko, turistick\u00e9 centrum, obec alebo mesto:<\/span><\/h3>\n<ul>\n<li><a href=\"https:\/\/www.keturist.sk\/info\/smer-cierna-hora\/obec-kluknava\/\">Kluknava &#8211; \u0160tef\u00e1nska huta (\u010d\u00edtaj viac&#8230;)<\/a><\/li>\n<\/ul>\n<h3><span style=\"color: #808000;\">Mapy<\/span><\/h3>\n<p><strong>Vrstvy: <\/strong>Turistick\u00e1 mapa, Automapa, Cyklomapa, Ly\u017eiarska mapa, Satelitn\u00e1 mapa a OpenStreetMap.<\/p>\n<p><strong>Kliknut\u00edm na logo &#8222;Freemap.sk&#8220; sa V\u00e1m mapa zobraz\u00ed na celej ploche obrazovky.<\/strong><\/p>\n<p><iframe style=\"width: 800px; height: 600px; border: 0;\" src=\"https:\/\/www.freemap.sk\/?map=13\/48.923684\/20.930758&amp;info-point=48.923684\/20.930758,Obec Kluknava&amp;layers=T&amp;embed=search\" allowfullscreen=\"allowfullscreen\"><\/iframe><\/p>\n<h3><span style=\"color: #808000;\">Po\u010dasie<\/span><\/h3>\n<p><iframe style=\"width: 800px; height: 606px;\" src=\"https:\/\/www.meteoblue.com\/sk\/po%C4%8Dasie\/widget\/three\/kluknava_slovensk%c3%a1-republika_724491?geoloc=fixed&amp;nocurrent=0&amp;noforecast=0&amp;days=5&amp;tempunit=CELSIUS&amp;windunit=KILOMETER_PER_HOUR&amp;layout=image\" frameborder=\"0\" scrolling=\"NO\" sandbox=\"allow-same-origin allow-scripts allow-popups allow-popups-to-escape-sandbox\"><\/iframe><\/p>\n<div><!-- DO NOT REMOVE THIS LINK --><a href=\"https:\/\/www.meteoblue.com\/sk\/po%C4%8Dasie\/predpove%C4%8F\/t%C3%BD%C5%BEde%C5%88\/kluknava_slovensk%c3%a1-republika_724491?utm_source=weather_widget&amp;utm_medium=linkus&amp;utm_content=three&amp;utm_campaign=Weather%2BWidget\" target=\"_blank\" rel=\"noopener noreferrer\">meteoblue<\/a><\/div>\n","protected":false},"excerpt":{"rendered":"<p>Podkateg\u00f3ria: Lokaliz\u00e1cia: \u010cierna hora V\u0161eobecn\u00e9 inform\u00e1cie N\u00e1u\u010dn\u00fd chodn\u00edk &#8222;Hist\u00f3ria a osobnosti Kluknavy&#8220; prevedie n\u00e1v\u0161tevn\u00edkov cez najd\u00f4le\u017eitej\u0161ie zauj\u00edmavosti obce Kluknava. Pozost\u00e1va zo 6 informa\u010dn\u00fdch panelov a je mo\u017en\u00e9 ho prejs\u0165 za [&hellip;]<\/p>\n","protected":false},"author":1,"featured_media":0,"parent":40742,"menu_order":0,"comment_status":"closed","ping_status":"closed","template":"","meta":{"_uag_custom_page_level_css":"","_monsterinsights_skip_tracking":false,"_monsterinsights_sitenote_active":false,"_monsterinsights_sitenote_note":"","_monsterinsights_sitenote_category":0,"footnotes":""},"class_list":["post-59270","page","type-page","status-publish","hentry"],"featured_image_src":"","featured_image_src_square":false,"rbea_author_info":{"display_name":"admin","author_link":"https:\/\/www.keturist.sk\/info\/author\/admin\/"},"rbea_excerpt_info":"Podkateg\u00f3ria: Lokaliz\u00e1cia: \u010cierna hora V\u0161eobecn\u00e9 inform\u00e1cie N\u00e1u\u010dn\u00fd chodn\u00edk &#8222;Hist\u00f3ria a osobnosti Kluknavy&#8220; prevedie n\u00e1v\u0161tevn\u00edkov cez najd\u00f4le\u017eitej\u0161ie zauj\u00edmavosti obce Kluknava. Pozost\u00e1va zo 6 informa\u010dn\u00fdch panelov a je mo\u017en\u00e9 ho prejs\u0165 za [&hellip;]","uagb_featured_image_src":{"full":false,"thumbnail":false,"medium":false,"medium_large":false,"large":false,"1536x1536":false,"2048x2048":false},"uagb_author_info":{"display_name":"admin","author_link":"https:\/\/www.keturist.sk\/info\/author\/admin\/"},"uagb_comment_info":0,"uagb_excerpt":"Podkateg\u00f3ria: Lokaliz\u00e1cia: \u010cierna hora V\u0161eobecn\u00e9 inform\u00e1cie N\u00e1u\u010dn\u00fd chodn\u00edk &#8222;Hist\u00f3ria a osobnosti Kluknavy&#8220; prevedie n\u00e1v\u0161tevn\u00edkov cez najd\u00f4le\u017eitej\u0161ie zauj\u00edmavosti obce Kluknava. Pozost\u00e1va zo 6 informa\u010dn\u00fdch panelov a je mo\u017en\u00e9 ho prejs\u0165 za [&hellip;]","_links":{"self":[{"href":"https:\/\/www.keturist.sk\/info\/wp-json\/wp\/v2\/pages\/59270","targetHints":{"allow":["GET"]}}],"collection":[{"href":"https:\/\/www.keturist.sk\/info\/wp-json\/wp\/v2\/pages"}],"about":[{"href":"https:\/\/www.keturist.sk\/info\/wp-json\/wp\/v2\/types\/page"}],"author":[{"embeddable":true,"href":"https:\/\/www.keturist.sk\/info\/wp-json\/wp\/v2\/users\/1"}],"replies":[{"embeddable":true,"href":"https:\/\/www.keturist.sk\/info\/wp-json\/wp\/v2\/comments?post=59270"}],"version-history":[{"count":20,"href":"https:\/\/www.keturist.sk\/info\/wp-json\/wp\/v2\/pages\/59270\/revisions"}],"predecessor-version":[{"id":59293,"href":"https:\/\/www.keturist.sk\/info\/wp-json\/wp\/v2\/pages\/59270\/revisions\/59293"}],"up":[{"embeddable":true,"href":"https:\/\/www.keturist.sk\/info\/wp-json\/wp\/v2\/pages\/40742"}],"wp:attachment":[{"href":"https:\/\/www.keturist.sk\/info\/wp-json\/wp\/v2\/media?parent=59270"}],"curies":[{"name":"wp","href":"https:\/\/api.w.org\/{rel}","templated":true}]}}