{"id":542,"date":"2013-08-03T13:29:00","date_gmt":"2013-08-03T11:29:00","guid":{"rendered":"https:\/\/www.keturist.sk\/info\/?page_id=542"},"modified":"2026-01-13T17:44:41","modified_gmt":"2026-01-13T16:44:41","slug":"novy-tahanovsky-tunel","status":"publish","type":"page","link":"https:\/\/www.keturist.sk\/info\/kam-za-pamiatkami\/novy-tahanovsky-tunel\/","title":{"rendered":"Nov\u00fd \u0164ahanovsk\u00fd tunel"},"content":{"rendered":"<a href=\"https:\/\/www.keturist.sk\/info\/\" class=\"su-button su-button-style-default\" style=\"color:#000000;background-color:#FFCF2F;border-color:#cca626;border-radius:5px\" target=\"_self\"><span style=\"color:#000000;padding:6px 16px;font-size:13px;line-height:20px;border-color:#ffde6e;border-radius:5px;text-shadow:none\"><i class=\"sui sui-arrow-right\" style=\"font-size:13px;color:#000000\"><\/i>  Spravodaj <\/span><\/a>\n<a href=\"https:\/\/www.keturist.sk\/info\/tipy-na-vylety\/\" class=\"su-button su-button-style-default\" style=\"color:#000000;background-color:#FFCF2F;border-color:#cca626;border-radius:5px\" target=\"_self\"><span style=\"color:#000000;padding:6px 16px;font-size:13px;line-height:20px;border-color:#ffde6e;border-radius:5px;text-shadow:none\"><i class=\"sui sui-arrow-right\" style=\"font-size:13px;color:#000000\"><\/i>  TIPY NA V\u00ddLETY <\/span><\/a>\n<a href=\"https:\/\/www.keturist.sk\/info\/kam-za-pamiatkami\/\" class=\"su-button su-button-style-default\" style=\"color:#000000;background-color:#FFCF2F;border-color:#cca626;border-radius:5px\" target=\"_self\"><span style=\"color:#000000;padding:6px 16px;font-size:13px;line-height:20px;border-color:#ffde6e;border-radius:5px;text-shadow:none\"><i class=\"sui sui-arrow-right\" style=\"font-size:13px;color:#000000\"><\/i>  Kam za pamiatkami <\/span><\/a>\n<a href=\"https:\/\/www.keturist.sk\/info\/kam-za-pamiatkami\/kam-za-pamiatkami-smer-kosice\/\" class=\"su-button su-button-style-default\" style=\"color:#000000;background-color:#FFCF2F;border-color:#cca626;border-radius:5px\" target=\"_self\"><span style=\"color:#000000;padding:6px 16px;font-size:13px;line-height:20px;border-color:#ffde6e;border-radius:5px;text-shadow:none\"><i class=\"sui sui-arrow-right\" style=\"font-size:13px;color:#000000\"><\/i>  smer Ko\u0161ice <\/span><\/a>\n<div class=\"su-divider su-divider-style-default\" style=\"margin:15px 0;border-width:0px;border-color:#000000\"><\/div>\n<strong>Podkateg\u00f3ria: <\/strong> <a href=\"https:\/\/www.keturist.sk\/info\/kam-za-pamiatkami\/kam-za-pamiatkami-smer-kosice\/technicke-pamiatky\/\" class=\"su-button su-button-style-default\" style=\"color:#000000;background-color:#afd144;border-color:#8ca837;border-radius:5px\" target=\"_self\"><span style=\"color:#000000;padding:6px 16px;font-size:13px;line-height:20px;border-color:#c7df7d;border-radius:5px;text-shadow:none\"><i class=\"sui sui-arrow-right\" style=\"font-size:13px;color:#000000\"><\/i>  Technick\u00e9 pamiatky <\/span><\/a>\n<p><strong>Lokaliz\u00e1cia: <\/strong><a href=\"https:\/\/www.keturist.sk\/info\/vseobecne-informacie\/\">Ko\u0161ice<\/a> a <a href=\"https:\/\/www.keturist.sk\/info\/turisticke-vychodiska\/strediska-a-centra\/mc-tahanovce\/\">M\u010c \u0164ahanovce<\/a><br \/>\n<div class=\"su-divider su-divider-style-default\" style=\"margin:15px 0;border-width:2px;border-color:#000000\"><\/div>\n<figure id=\"attachment_34561\" aria-describedby=\"caption-attachment-34561\" style=\"width: 900px\" class=\"wp-caption aligncenter\"><a href=\"https:\/\/www.keturist.sk\/info\/wp-content\/uploads\/2020\/10\/novytunel.jpg\"><img loading=\"lazy\" decoding=\"async\" class=\"wp-image-34561\" src=\"https:\/\/www.keturist.sk\/info\/wp-content\/uploads\/2020\/10\/novytunel.jpg\" alt=\"Nov\u00fd \u0164ahanovsk\u00fd tunel\" width=\"900\" height=\"675\" srcset=\"https:\/\/www.keturist.sk\/info\/wp-content\/uploads\/2020\/10\/novytunel.jpg 800w, https:\/\/www.keturist.sk\/info\/wp-content\/uploads\/2020\/10\/novytunel-240x180.jpg 240w, https:\/\/www.keturist.sk\/info\/wp-content\/uploads\/2020\/10\/novytunel-768x576.jpg 768w\" sizes=\"auto, (max-width: 900px) 100vw, 900px\" \/><\/a><figcaption id=\"caption-attachment-34561\" class=\"wp-caption-text\">Nov\u00fd \u0164ahanovsk\u00fd tunel<\/figcaption><\/figure>\n<div class=\"su-divider su-divider-style-default\" style=\"margin:15px 0;border-width:2px;border-color:#000000\"><\/div>\n<h2 class=\"ds-markdown-paragraph\"><span style=\"color: #800000;\">Kde sa nach\u00e1dza Nov\u00fd \u0164ahanovsk\u00fd tunel a ak\u00e9 s\u00fa jeho z\u00e1kladn\u00e9 parametre?<\/span><\/h2>\n<p class=\"ds-markdown-paragraph\"><strong>Nov\u00fd \u0164ahanovsk\u00fd tunel<\/strong>\u00a0je 320 metrov dlh\u00fd \u017eelezni\u010dn\u00fd tunel. Nach\u00e1dza sa v konkr\u00e9tnom\u00a0<strong>tra\u0165ovom \u00faseku<\/strong>\u00a0medzi Ko\u0161icami-\u0164ahanovcami a stanicou\u00a0<strong>Dru\u017estevn\u00e1 nad Horn\u00e1dom<\/strong>. T\u00e1to dopravn\u00e1 infra\u0161trukt\u00fara bola vybudovan\u00e1 ako s\u00fa\u010das\u0165 strat\u00e9gie moderniz\u00e1cie a\u00a0<strong>zdvojko\u013eajnenia<\/strong>\u00a0hlavn\u00fdch tr\u00e1s.<\/p>\n<h2 class=\"ds-markdown-paragraph\"><span style=\"color: #800000;\">Pre\u010do a kedy bol Nov\u00fd \u0164ahanovsk\u00fd tunel postaven\u00fd?<\/span><\/h2>\n<p class=\"ds-markdown-paragraph\">Bol vybudovan\u00fd v r\u00e1mci v\u00fdznamn\u00e9ho projektu <strong>zdvojko\u013eajnenia<\/strong>\u00a0takzvanej Trate dru\u017eby. Pr\u00e1ce na\u00a0<strong>tuneli<\/strong>\u00a0sa za\u010dali v roku 1951.<\/p>\n<h2 class=\"ds-markdown-paragraph\"><span style=\"color: #800000;\">Kto je zodpovedn\u00fd za v\u00fdstavbu tohto tunela?<\/span><\/h2>\n<p class=\"ds-markdown-paragraph\">Samo <strong>razenie tunela<\/strong>\u00a0za\u010dal v febru\u00e1ri 1951 podnik Baraba Praha, pri\u010dom na \u0148om pracovali sk\u00fasen\u00ed\u00a0<strong>m\u00edneri<\/strong>\u00a0poch\u00e1dzaj\u00faci z Liptovskej \u013dubeli a Novej Bane.<\/p>\n<h2 class=\"ds-markdown-paragraph\"><span style=\"color: #800000;\">Ako prebiehal proces razenia?<\/span><\/h2>\n<p class=\"ds-markdown-paragraph\">Napriek tomu, \u017ee <strong>elektrifik\u00e1cia<\/strong>\u00a0v\u0161etk\u00fdch pr\u00e1c prebehla a\u017e v roku 1952, t\u00edm\u00a0<strong>\u0165ahanovsk\u00fdch tunel\u00e1rov<\/strong>\u00a0s\u00fa\u0165a\u017eil s kolegami z Ru\u017e\u00edna a podarilo sa im\u00a0<strong>prerazi\u0165<\/strong>\u00a0smerov\u00fa \u0161t\u00f4l\u0148u u\u017e 25. j\u00fana 1951 o 11:30.<\/p>\n<h2 class=\"ds-markdown-paragraph\"><span style=\"color: #800000;\">\u010co nasledovalo po prerazen\u00ed?<\/span><\/h2>\n<p class=\"ds-markdown-paragraph\">Po tomto \u00faspechu sa pr\u00e1ce \u010falej s\u00fastredili na fin\u00e1lne \u00fapravy. <strong>V\u00fdkop odpadov\u00e9ho kan\u00e1la<\/strong>\u00a0a v\u0161etky\u00a0<strong>beton\u00e1rske pr\u00e1ce<\/strong>\u00a0boli \u00faspe\u0161ne ukon\u010den\u00e9 4. okt\u00f3bra 1952. N\u00e1sledne v\u00a0<strong>tuneli<\/strong>\u00a0za\u010dal\u00a0<strong>proces izol\u00e1cie tunelovej r\u00fary<\/strong>.<\/p>\n<h2 class=\"ds-markdown-paragraph\"><span style=\"color: #800000;\">V \u010dom bol Nov\u00fd \u0164ahanovsk\u00fd tunel priekopn\u00edcky?<\/span><\/h2>\n<p class=\"ds-markdown-paragraph\">Tento <strong>tunel<\/strong>\u00a0bol prv\u00fdm tunelom v celej republike, ktor\u00fd sa\u00a0<strong>staval nov\u00fdm sp\u00f4sobom<\/strong>. T\u00e1to modern\u00e1 met\u00f3da spo\u010d\u00edvala v preveden\u00ed\u00a0<strong>izol\u00e1cie<\/strong>\u00a0a\u00a0<strong>obmurovky<\/strong>\u00a0priamo na l\u00edci rubov\u00e9ho muriva.<\/p>\n<h2 class=\"ds-markdown-paragraph\"><span style=\"color: #800000;\">Kto sa postaral o t\u00fato unik\u00e1tnu izol\u00e1ciu?<\/span><\/h2>\n<p class=\"ds-markdown-paragraph\">S <strong>izol\u00e1ciou tunelovej r\u00fary<\/strong>\u00a0za\u010dali \u0161pecialisti z podniku Stavomont\u00e1\u017ee Bratislava, z\u00e1vod Ko\u0161ice. Na stavbu dorazili 21. j\u00fala 1952, spustili pr\u00edpravn\u00e9 pr\u00e1ce a so samotnou\u00a0<strong>izol\u00e1ciou<\/strong>\u00a0za\u010dali 19. augusta 1952.<\/p>\n<h2 class=\"ds-markdown-paragraph\"><span style=\"color: #800000;\">Kedy bol tunel \u00faplne hotov\u00fd?<\/span><\/h2>\n<p class=\"ds-markdown-paragraph\">Napriek v\u0161etk\u00e9mu \u00fasiliu bol <strong>Nov\u00fd \u0164ahanovsk\u00fd tunel<\/strong>\u00a0definit\u00edvne a kompletne dokon\u010den\u00fd a\u017e v marci roku 1954, \u010d\u00edm sa uzavrela v\u00fdstavba tejto technickej pozoruhodnosti.<\/p>\n<h2><span style=\"color: #800000;\">Zauj\u00edmav\u00e9 odkazy<\/span><\/h2>\n<h3><span style=\"color: #808000;\">Bl\u00edzke stredisko, turistick\u00e9 centrum, obec alebo mesto:<\/span><\/h3>\n<ul>\n<li><a href=\"https:\/\/www.keturist.sk\/info\/strediska-a-centra\/mc-tahanovce\/\">M\u010c \u0164ahanovce (\u010d\u00edtaj viac&#8230;)<\/a><\/li>\n<\/ul>\n<h2><span style=\"color: #800000;\">Mapy<\/span><\/h2>\n<p><strong>Vrstvy: <\/strong>Turistick\u00e1 mapa, Automapa, Cyklomapa, Ly\u017eiarska mapa, Satelitn\u00e1 mapa a OpenStreetMap.<\/p>\n<p><strong>Kliknut\u00edm na logo &#8222;Freemap.sk&#8220; sa V\u00e1m mapa zobraz\u00ed na celej ploche obrazovky.<\/strong><\/p>\n<p><iframe style=\"width: 900px; height: 500px; border: 0;\" src=\"https:\/\/www.freemap.sk\/?map=14\/48.766514\/21.243482&amp;info-point=48.766514\/21.243482,Nov\u00fd \u0164ahanovsk\u00fd tunel&amp;layers=X&amp;embed=search\" allowfullscreen=\"allowfullscreen\"><span data-mce-type=\"bookmark\" style=\"display: inline-block; width: 0px; overflow: hidden; line-height: 0;\" class=\"mce_SELRES_start\">\ufeff<\/span><span data-mce-type=\"bookmark\" style=\"display: inline-block; width: 0px; overflow: hidden; line-height: 0;\" class=\"mce_SELRES_start\">\ufeff<\/span><\/iframe><\/p>\n<h2><span style=\"color: #800000;\">Po\u010dasie<\/span><\/h2>\n<p><iframe style=\"width: 900px; height: 607px;\" src=\"https:\/\/www.meteoblue.com\/sk\/po%C4%8Dasie\/widget\/three\/%c5%a5ahanovce_slovensk%c3%a1-republika_723404?geoloc=fixed&amp;nocurrent=0&amp;noforecast=0&amp;days=5&amp;tempunit=CELSIUS&amp;windunit=KILOMETER_PER_HOUR&amp;layout=image\" frameborder=\"0\" scrolling=\"NO\" sandbox=\"allow-same-origin allow-scripts allow-popups allow-popups-to-escape-sandbox\"><\/iframe><\/p>\n<div><!-- DO NOT REMOVE THIS LINK --><a href=\"https:\/\/www.meteoblue.com\/sk\/po%C4%8Dasie\/predpove%C4%8F\/t%C3%BD%C5%BEde%C5%88\/%c5%a5ahanovce_slovensk%c3%a1-republika_723404?utm_source=weather_widget&amp;utm_medium=linkus&amp;utm_content=three&amp;utm_campaign=Weather%2BWidget\" target=\"_blank\" rel=\"noopener noreferrer\">meteoblue<\/a><\/div>\n<p>&nbsp;<\/p>\n","protected":false},"excerpt":{"rendered":"<p>Podkateg\u00f3ria: Lokaliz\u00e1cia: Ko\u0161ice a M\u010c \u0164ahanovce Kde sa nach\u00e1dza Nov\u00fd \u0164ahanovsk\u00fd tunel a ak\u00e9 s\u00fa jeho z\u00e1kladn\u00e9 parametre? Nov\u00fd \u0164ahanovsk\u00fd tunel\u00a0je 320 metrov dlh\u00fd \u017eelezni\u010dn\u00fd tunel. Nach\u00e1dza sa v konkr\u00e9tnom\u00a0tra\u0165ovom [&hellip;]<\/p>\n","protected":false},"author":1,"featured_media":34561,"parent":51,"menu_order":0,"comment_status":"closed","ping_status":"closed","template":"","meta":{"_uag_custom_page_level_css":"","_monsterinsights_skip_tracking":false,"_monsterinsights_sitenote_active":false,"_monsterinsights_sitenote_note":"","_monsterinsights_sitenote_category":0,"footnotes":""},"class_list":["post-542","page","type-page","status-publish","has-post-thumbnail","hentry"],"featured_image_src":"https:\/\/www.keturist.sk\/info\/wp-content\/uploads\/2020\/10\/novytunel.jpg","featured_image_src_square":"https:\/\/www.keturist.sk\/info\/wp-content\/uploads\/2020\/10\/novytunel.jpg","rbea_author_info":{"display_name":"admin","author_link":"https:\/\/www.keturist.sk\/info\/author\/admin\/"},"rbea_excerpt_info":"Podkateg\u00f3ria: Lokaliz\u00e1cia: Ko\u0161ice a M\u010c \u0164ahanovce Kde sa nach\u00e1dza Nov\u00fd \u0164ahanovsk\u00fd tunel a ak\u00e9 s\u00fa jeho z\u00e1kladn\u00e9 parametre? Nov\u00fd \u0164ahanovsk\u00fd tunel\u00a0je 320 metrov dlh\u00fd \u017eelezni\u010dn\u00fd tunel. Nach\u00e1dza sa v konkr\u00e9tnom\u00a0tra\u0165ovom [&hellip;]","uagb_featured_image_src":{"full":["https:\/\/www.keturist.sk\/info\/wp-content\/uploads\/2020\/10\/novytunel.jpg",800,600,false],"thumbnail":["https:\/\/www.keturist.sk\/info\/wp-content\/uploads\/2020\/10\/novytunel-240x180.jpg",240,180,true],"medium":["https:\/\/www.keturist.sk\/info\/wp-content\/uploads\/2020\/10\/novytunel.jpg",800,600,false],"medium_large":["https:\/\/www.keturist.sk\/info\/wp-content\/uploads\/2020\/10\/novytunel-768x576.jpg",768,576,true],"large":["https:\/\/www.keturist.sk\/info\/wp-content\/uploads\/2020\/10\/novytunel.jpg",800,600,false],"1536x1536":["https:\/\/www.keturist.sk\/info\/wp-content\/uploads\/2020\/10\/novytunel.jpg",800,600,false],"2048x2048":["https:\/\/www.keturist.sk\/info\/wp-content\/uploads\/2020\/10\/novytunel.jpg",800,600,false]},"uagb_author_info":{"display_name":"admin","author_link":"https:\/\/www.keturist.sk\/info\/author\/admin\/"},"uagb_comment_info":0,"uagb_excerpt":"Podkateg\u00f3ria: Lokaliz\u00e1cia: Ko\u0161ice a M\u010c \u0164ahanovce Kde sa nach\u00e1dza Nov\u00fd \u0164ahanovsk\u00fd tunel a ak\u00e9 s\u00fa jeho z\u00e1kladn\u00e9 parametre? Nov\u00fd \u0164ahanovsk\u00fd tunel\u00a0je 320 metrov dlh\u00fd \u017eelezni\u010dn\u00fd tunel. Nach\u00e1dza sa v konkr\u00e9tnom\u00a0tra\u0165ovom [&hellip;]","_links":{"self":[{"href":"https:\/\/www.keturist.sk\/info\/wp-json\/wp\/v2\/pages\/542","targetHints":{"allow":["GET"]}}],"collection":[{"href":"https:\/\/www.keturist.sk\/info\/wp-json\/wp\/v2\/pages"}],"about":[{"href":"https:\/\/www.keturist.sk\/info\/wp-json\/wp\/v2\/types\/page"}],"author":[{"embeddable":true,"href":"https:\/\/www.keturist.sk\/info\/wp-json\/wp\/v2\/users\/1"}],"replies":[{"embeddable":true,"href":"https:\/\/www.keturist.sk\/info\/wp-json\/wp\/v2\/comments?post=542"}],"version-history":[{"count":5,"href":"https:\/\/www.keturist.sk\/info\/wp-json\/wp\/v2\/pages\/542\/revisions"}],"predecessor-version":[{"id":73318,"href":"https:\/\/www.keturist.sk\/info\/wp-json\/wp\/v2\/pages\/542\/revisions\/73318"}],"up":[{"embeddable":true,"href":"https:\/\/www.keturist.sk\/info\/wp-json\/wp\/v2\/pages\/51"}],"wp:featuredmedia":[{"embeddable":true,"href":"https:\/\/www.keturist.sk\/info\/wp-json\/wp\/v2\/media\/34561"}],"wp:attachment":[{"href":"https:\/\/www.keturist.sk\/info\/wp-json\/wp\/v2\/media?parent=542"}],"curies":[{"name":"wp","href":"https:\/\/api.w.org\/{rel}","templated":true}]}}