{"id":534,"date":"2013-08-03T13:19:11","date_gmt":"2013-08-03T11:19:11","guid":{"rendered":"https:\/\/www.keturist.sk\/info\/?page_id=534"},"modified":"2026-01-13T17:03:43","modified_gmt":"2026-01-13T16:03:43","slug":"cermelsky-vodovod","status":"publish","type":"page","link":"https:\/\/www.keturist.sk\/info\/kam-za-pamiatkami\/cermelsky-vodovod\/","title":{"rendered":"\u010cerme\u013esk\u00fd vodovod"},"content":{"rendered":"<a href=\"https:\/\/www.keturist.sk\/info\/\" class=\"su-button su-button-style-default\" style=\"color:#000000;background-color:#FFCF2F;border-color:#cca626;border-radius:5px\" target=\"_self\"><span style=\"color:#000000;padding:6px 16px;font-size:13px;line-height:20px;border-color:#ffde6e;border-radius:5px;text-shadow:none\"><i class=\"sui sui-arrow-right\" style=\"font-size:13px;color:#000000\"><\/i>  Spravodaj <\/span><\/a>\n<a href=\"https:\/\/www.keturist.sk\/info\/tipy-na-vylety\/\" class=\"su-button su-button-style-default\" style=\"color:#000000;background-color:#FFCF2F;border-color:#cca626;border-radius:5px\" target=\"_self\"><span style=\"color:#000000;padding:6px 16px;font-size:13px;line-height:20px;border-color:#ffde6e;border-radius:5px;text-shadow:none\"><i class=\"sui sui-arrow-right\" style=\"font-size:13px;color:#000000\"><\/i>  TIPY NA V\u00ddLETY <\/span><\/a>\n<a href=\"https:\/\/www.keturist.sk\/info\/kam-za-pamiatkami\/\" class=\"su-button su-button-style-default\" style=\"color:#000000;background-color:#FFCF2F;border-color:#cca626;border-radius:5px\" target=\"_self\"><span style=\"color:#000000;padding:6px 16px;font-size:13px;line-height:20px;border-color:#ffde6e;border-radius:5px;text-shadow:none\"><i class=\"sui sui-arrow-right\" style=\"font-size:13px;color:#000000\"><\/i>  Kam za pamiatkami <\/span><\/a>\n<a href=\"https:\/\/www.keturist.sk\/info\/kam-za-pamiatkami\/kam-za-pamiatkami-smer-kosice\/\" class=\"su-button su-button-style-default\" style=\"color:#000000;background-color:#FFCF2F;border-color:#cca626;border-radius:5px\" target=\"_self\"><span style=\"color:#000000;padding:6px 16px;font-size:13px;line-height:20px;border-color:#ffde6e;border-radius:5px;text-shadow:none\"><i class=\"sui sui-arrow-right\" style=\"font-size:13px;color:#000000\"><\/i>  smer Ko\u0161ice <\/span><\/a>\n<div class=\"su-divider su-divider-style-default\" style=\"margin:15px 0;border-width:0px;border-color:#000000\"><\/div>\n<p><strong>Podkateg\u00f3ria: <\/strong> <a href=\"https:\/\/www.keturist.sk\/info\/kam-za-pamiatkami\/kam-za-pamiatkami-smer-kosice\/technicke-pamiatky\/\" class=\"su-button su-button-style-default\" style=\"color:#000000;background-color:#afd144;border-color:#8ca837;border-radius:5px\" target=\"_self\"><span style=\"color:#000000;padding:6px 16px;font-size:13px;line-height:20px;border-color:#c7df7d;border-radius:5px;text-shadow:none\"><i class=\"sui sui-arrow-right\" style=\"font-size:13px;color:#000000\"><\/i>  Technick\u00e9 pamiatky <\/span><\/a>\n<p><strong>Lokaliz\u00e1cia: <\/strong><a href=\"https:\/\/www.keturist.sk\/info\/vseobecne-informacie\/\">Ko\u0161ice<\/a> a <a href=\"https:\/\/www.keturist.sk\/info\/doliny\/cermelska-dolina\/\">\u010cerme\u013esk\u00e1 dolina<\/a>.<\/p>\n<div class=\"su-divider su-divider-style-default\" style=\"margin:15px 0;border-width:2px;border-color:#000000\"><\/div>\n<figure id=\"attachment_34556\" aria-describedby=\"caption-attachment-34556\" style=\"width: 900px\" class=\"wp-caption aligncenter\"><a href=\"https:\/\/www.keturist.sk\/info\/wp-content\/uploads\/2020\/10\/vodovod.jpg\"><img loading=\"lazy\" decoding=\"async\" class=\"wp-image-34556\" title=\"Chl\u00f3rov\u0148a a vyrovn\u00e1vacia n\u00e1dr\u017e vodovodu v \u010cermeli\" src=\"https:\/\/www.keturist.sk\/info\/wp-content\/uploads\/2020\/10\/vodovod.jpg\" alt=\"Chl\u00f3rov\u0148a a vyrovn\u00e1vacia n\u00e1dr\u017e vodovodu v \u010cermeli\" width=\"900\" height=\"675\" srcset=\"https:\/\/www.keturist.sk\/info\/wp-content\/uploads\/2020\/10\/vodovod.jpg 800w, https:\/\/www.keturist.sk\/info\/wp-content\/uploads\/2020\/10\/vodovod-240x180.jpg 240w, https:\/\/www.keturist.sk\/info\/wp-content\/uploads\/2020\/10\/vodovod-768x576.jpg 768w\" sizes=\"auto, (max-width: 900px) 100vw, 900px\" \/><\/a><figcaption id=\"caption-attachment-34556\" class=\"wp-caption-text\">Chl\u00f3rov\u0148a a vyrovn\u00e1vacia n\u00e1dr\u017e vodovodu v \u010cermeli<\/figcaption><\/figure>\n<div class=\"su-divider su-divider-style-default\" style=\"margin:15px 0;border-width:2px;border-color:#000000\"><\/div>\n<h2 class=\"ds-markdown-paragraph\"><span style=\"color: #800000;\">\u010co je \u010cerme\u013esk\u00fd vodovod a kde ho n\u00e1jdete?<\/span><\/h2>\n<p class=\"ds-markdown-paragraph\"><strong>\u010cerme\u013esk\u00fd vodovod<\/strong>\u00a0sa nach\u00e1dza v kr\u00e1snom prostred\u00ed\u00a0<a href=\"https:\/\/www.keturist.sk\/info\/turisticke-vychodiska\/strediska-a-centra\/stredisko-cermel\/\"><strong>\u010cerme\u013eskej doliny<\/strong><\/a>. T\u00e1to\u00a0<strong>storo\u010dn\u00e1 technick\u00e1 pamiatka<\/strong>\u00a0sl\u00fa\u017ei mestu Ko\u0161ice u\u017e viac ako 100 rokov.<\/p>\n<h2 class=\"ds-markdown-paragraph\"><span style=\"color: #800000;\">Kedy a pre\u010do bol \u010cerme\u013esk\u00fd vodovod postaven\u00fd?<\/span><\/h2>\n<p class=\"ds-markdown-paragraph\">S v\u00fdstavbou <strong>vodovodn\u00e9ho syst\u00e9mu<\/strong>\u00a0sa za\u010dalo v apr\u00edli 1905 a pr\u00e1ce boli dokon\u010den\u00e9 v novembri 1911. V tom \u010dase malo mesto Ko\u0161ice pribli\u017ene 40 000 obyvate\u013eov. Do postavenia tohto\u00a0<strong>vodovodu<\/strong>\u00a0bolo mesto z\u00e1sobovan\u00e9 vodou v\u00fdlu\u010dne zo studn\u00ed okolo rieky Horn\u00e1d. Riaden\u00edm v\u00fdstavby a prev\u00e1dzky bol poveren\u00fd Ing. Gabriel G\u00f6nd\u00f6r.<\/p>\n<h2 class=\"ds-markdown-paragraph\"><span style=\"color: #800000;\">Ako funguje a z \u010doho \u010derp\u00e1 vodu \u010cerme\u013esk\u00fd vodovod?<\/span><\/h2>\n<p class=\"ds-markdown-paragraph\"><strong>Zdrojom vody<\/strong>\u00a0s\u00fa \u010dist\u00e9\u00a0<strong>horsk\u00e9 pramene<\/strong>\u00a0z\u00a0<strong>\u010cerme\u013esk\u00e9ho \u00fadolia<\/strong> a jeho pri\u013eahl\u00fdch dol\u00edn. K t\u00fdmto prame\u0148om boli vybudovan\u00e9 podzemn\u00e9 zbera\u010de s 215 bet\u00f3nov\u00fdmi \u0161achtami, ktor\u00e9 sa n\u00e1sledne spojili do jedn\u00e9ho ve\u013ek\u00e9ho zbera\u010da. <strong>Vodovod<\/strong>\u00a0dodnes funguje bez v\u00e1\u017enej\u0161\u00edch por\u00fach.<\/p>\n<h2 class=\"ds-markdown-paragraph\"><span style=\"color: #800000;\">Ak\u00e9 technick\u00e9 zariadenia s\u00fa s\u00fa\u010das\u0165ou vodovodu?<\/span><\/h2>\n<p class=\"ds-markdown-paragraph\">Po\u010das v\u00fdstavby boli postaven\u00e9 dve <strong>vodovodn\u00e9 str\u00e1\u017enice<\/strong>. Pri prvej z nich vybudovali\u00a0<strong>preru\u0161ovaciu a mern\u00fa komoru<\/strong>. V roku 1938 bola na tejto preru\u0161ovacej komore zriaden\u00e1\u00a0<strong>chl\u00f3rovacia stanica<\/strong>. V s\u00fa\u010dasnosti je neoddelite\u013enou s\u00fa\u010das\u0165ou syst\u00e9mu\u00a0<strong>vod\u00e1re\u0148<\/strong>\u00a0s preru\u0161ovacou n\u00e1dr\u017eou, \u010derpadlom a chl\u00f3rov\u0148ou, ktor\u00e1 sa nach\u00e1dza pri zast\u00e1vke detskej \u017eelezni\u010dky naz\u00fdvanej &#8222;Vpred&#8220;.\u00a0<strong>Chl\u00f3rovacia stanica<\/strong>\u00a0m\u00e1 charakteristick\u00e9 kovan\u00e9 oplotenie a v jej bl\u00edzkosti sa za cestou nach\u00e1dza parkovisko a ohnisk\u00e1.<\/p>\n<h2 class=\"ds-markdown-paragraph\"><span style=\"color: #800000;\">Je mo\u017en\u00e9 vidie\u0165 stopy po tomto historickom syst\u00e9me dodnes?<\/span><\/h2>\n<p class=\"ds-markdown-paragraph\">\u00c1no, <strong>dodnes funk\u010dn\u00e9<\/strong>\u00a0s\u00fa u\u017e spom\u00ednan\u00e9\u00a0<strong>z\u00e1chytn\u00e9 bet\u00f3nov\u00e9 \u0161achty<\/strong>\u00a0s typick\u00fdmi modr\u00fdmi kovov\u00fdmi poklopmi, ktor\u00e9 mo\u017eno vidie\u0165 po celej\u00a0<a href=\"https:\/\/www.keturist.sk\/info\/turisticke-vychodiska\/strediska-a-centra\/stredisko-cermel\/\"><strong>\u010cerme\u013eskej doline<\/strong><\/a>.\u00a0<strong>\u010cerme\u013esk\u00fd vodovod<\/strong>\u00a0je dnes legit\u00edmne pova\u017eovan\u00fd za\u00a0<strong>najstar\u0161iu funguj\u00facu technick\u00fa pamiatku<\/strong>\u00a0v tomto \u00fadol\u00ed.<\/p>\n<h2><span style=\"color: #800000;\">Fotogal\u00e9ria<\/span><\/h2>\n<style type=\"text\/css\">\n#foogallery-gallery-73313 .fg-image { width: 200px; }<\/style>\n\t\t\t<div class=\"foogallery foogallery-container foogallery-carousel foogallery-lightbox-foogallery fg-carousel fg-ready fg-light fg-border-medium fg-round-small fg-shadow-medium fg-loading-default fg-loaded-fade-in fg-hover-semi-zoomed fg-hover-fade fg-hover-circle-plus2\" id=\"foogallery-gallery-73313\" data-foogallery=\"{&quot;item&quot;:{&quot;showCaptionTitle&quot;:true,&quot;showCaptionDescription&quot;:true},&quot;lazy&quot;:true,&quot;template&quot;:{&quot;maxItems&quot;:5,&quot;scale&quot;:0.11999999999999999555910790149937383830547332763671875,&quot;gutter&quot;:{&quot;min&quot;:-40,&quot;max&quot;:-20,&quot;unit&quot;:&quot;%&quot;},&quot;autoplay&quot;:{&quot;time&quot;:0,&quot;interaction&quot;:&quot;pause&quot;},&quot;centerOnClick&quot;:true,&quot;align&quot;:&quot;center&quot;,&quot;activePosition&quot;:&quot;center&quot;}}\" data-foogallery-lightbox=\"{&quot;thumbs&quot;:&quot;bottom&quot;,&quot;thumbsCaptions&quot;:false,&quot;thumbsBestFit&quot;:false,&quot;thumbsSmall&quot;:false,&quot;thumbsCaptionsAlign&quot;:&quot;default&quot;,&quot;info&quot;:&quot;bottom&quot;,&quot;infoVisible&quot;:true,&quot;infoOverlay&quot;:true,&quot;infoAlign&quot;:&quot;default&quot;,&quot;transition&quot;:&quot;fade&quot;,&quot;hoverButtons&quot;:false,&quot;fitMedia&quot;:false,&quot;noScrollbars&quot;:true,&quot;preserveButtonSpace&quot;:true,&quot;buttons&quot;:{&quot;fullscreen&quot;:true,&quot;info&quot;:true,&quot;thumbs&quot;:false},&quot;video&quot;:{&quot;autoPlay&quot;:true}}\" style=\"--fg-title-line-clamp: 1; --fg-description-line-clamp: 2;\" >\n\t<button type=\"button\" class=\"fg-carousel-prev\" title=\"Previous\"><\/button>\n\t<div class=\"fg-carousel-inner\">\n\t\t<div class=\"fg-carousel-center\"><\/div>\n\t\t<div class=\"fg-item fg-type-image fg-idle\"><figure class=\"fg-item-inner\"><a href=\"https:\/\/www.keturist.sk\/info\/wp-content\/uploads\/2021\/01\/vodovod.jpg\" data-caption-title=\"\u010cerme\u013esk\u00fd vodovod\" data-attachment-id=\"37609\" data-type=\"image\" class=\"fg-thumb\"><span class=\"fg-image-wrap\"><img decoding=\"async\" alt=\"\u010cerme\u013esk\u00fd vodovod\" title=\"\u010cerme\u013esk\u00fd vodovod\" width=\"200\" height=\"200\" class=\"skip-lazy fg-image\" data-src-fg=\"https:\/\/www.keturist.sk\/info\/wp-content\/uploads\/cache\/2021\/01\/vodovod\/63222779.jpg\" src=\"data:image\/svg+xml,%3Csvg%20xmlns%3D%22http%3A%2F%2Fwww.w3.org%2F2000%2Fsvg%22%20width%3D%22200%22%20height%3D%22200%22%20viewBox%3D%220%200%20200%20200%22%3E%3C%2Fsvg%3E\" loading=\"eager\"><\/span><span class=\"fg-image-overlay\"><\/span><\/a><figcaption class=\"fg-caption\"><div class=\"fg-caption-inner\"><div class=\"fg-caption-title\">\u010cerme\u013esk\u00fd vodovod<\/div><\/div><\/figcaption><\/figure><div class=\"fg-loader\"><\/div><\/div><div class=\"fg-item fg-type-image fg-idle\"><figure class=\"fg-item-inner\"><a href=\"https:\/\/www.keturist.sk\/info\/wp-content\/uploads\/2020\/12\/vodovod.jpg\" data-caption-title=\"Chl\u00f3rov\u0148a a vyrovn\u00e1vacia n\u00e1dr\u017e vodovodu v \u010cermeli\" data-attachment-id=\"36685\" data-type=\"image\" class=\"fg-thumb\"><span class=\"fg-image-wrap\"><img decoding=\"async\" alt=\"Chl\u00f3rov\u0148a a vyrovn\u00e1vacia n\u00e1dr\u017e vodovodu v \u010cermeli\" title=\"Chl\u00f3rov\u0148a a vyrovn\u00e1vacia n\u00e1dr\u017e vodovodu v \u010cermeli\" width=\"200\" height=\"200\" class=\"skip-lazy fg-image\" data-src-fg=\"https:\/\/www.keturist.sk\/info\/wp-content\/uploads\/cache\/2020\/12\/vodovod\/1719332433.jpg\" src=\"data:image\/svg+xml,%3Csvg%20xmlns%3D%22http%3A%2F%2Fwww.w3.org%2F2000%2Fsvg%22%20width%3D%22200%22%20height%3D%22200%22%20viewBox%3D%220%200%20200%20200%22%3E%3C%2Fsvg%3E\" loading=\"eager\"><\/span><span class=\"fg-image-overlay\"><\/span><\/a><figcaption class=\"fg-caption\"><div class=\"fg-caption-inner\"><div class=\"fg-caption-title\">Chl\u00f3rov\u0148a a vyrovn\u00e1vacia n\u00e1dr\u017e vodovodu v \u010cermeli<\/div><\/div><\/figcaption><\/figure><div class=\"fg-loader\"><\/div><\/div>\t<\/div>\n\t<div class=\"fg-carousel-bottom\"><\/div>\n\t<div class=\"fg-carousel-progress\"><\/div>\n\t<button type=\"button\" class=\"fg-carousel-next\" title=\"Next\"><\/button>\n<\/div>\n<h2><span style=\"color: #800000;\">Zauj\u00edmav\u00e9 odkazy<\/span><\/h2>\n<h3><span style=\"color: #808000;\">Bl\u00edzke stredisko, turistick\u00e9 centrum, obec alebo mesto:<\/span><\/h3>\n<ul>\n<li><a href=\"https:\/\/www.keturist.sk\/info\/strediska-a-centra\/stredisko-alpinka\/\">Stredisko Ko\u0161ice &#8211; Alpinka (\u010d\u00edtaj viac&#8230;)<\/a><\/li>\n<\/ul>\n<ul>\n<li><a href=\"https:\/\/www.keturist.sk\/info\/strediska-a-centra\/stredisko-cermel\/\">Stredisko Ko\u0161ice &#8211; \u010cerme\u013e &#8211; \u010cerme\u013esk\u00e9 \u00fadolie (\u010d\u00edtaj viac&#8230;)<\/a><\/li>\n<\/ul>\n<h2><span style=\"color: #800000;\">Mapy<\/span><\/h2>\n<p><strong>Vrstvy: <\/strong>Turistick\u00e1 mapa, Automapa, Cyklomapa, Ly\u017eiarska mapa, Satelitn\u00e1 mapa a OpenStreetMap.<\/p>\n<p><strong>Kliknut\u00edm na logo &#8222;Freemap.sk&#8220; sa V\u00e1m mapa zobraz\u00ed na celej ploche obrazovky.<\/strong><\/p>\n<p><iframe style=\"width: 900px; height: 500px; border: 0;\" src=\"https:\/\/www.freemap.sk\/?map=12\/48.771238\/21.169109&amp;info-point=48.771238\/21.169109,\u010cerme\u013esk\u00fd vodovod&amp;layers=X&amp;embed=search\" allowfullscreen=\"allowfullscreen\"><span data-mce-type=\"bookmark\" style=\"display: inline-block; width: 0px; overflow: hidden; line-height: 0;\" class=\"mce_SELRES_start\">\ufeff<\/span><\/iframe><\/p>\n<h2><span style=\"color: #800000;\">Po\u010dasie<\/span><\/h2>\n<p><iframe style=\"width: 900px; height: 605px;\" src=\"https:\/\/www.meteoblue.com\/sk\/po%C4%8Dasie\/widget\/three\/48.769N21.172E360_Europe%2FBratislava?geoloc=fixed&amp;nocurrent=0&amp;noforecast=0&amp;days=5&amp;tempunit=CELSIUS&amp;windunit=KILOMETER_PER_HOUR&amp;layout=image\" frameborder=\"0\" scrolling=\"NO\" sandbox=\"allow-same-origin allow-scripts allow-popups allow-popups-to-escape-sandbox\"><\/iframe><\/p>\n<div><!-- DO NOT REMOVE THIS LINK --><a href=\"https:\/\/www.meteoblue.com\/sk\/po%C4%8Dasie\/predpove%C4%8F\/t%C3%BD%C5%BEde%C5%88\/48.769N21.172E360_Europe%2FBratislava?utm_source=weather_widget&amp;utm_medium=linkus&amp;utm_content=three&amp;utm_campaign=Weather%2BWidget\" target=\"_blank\" rel=\"noopener noreferrer\">meteoblue<\/a><\/div>\n","protected":false},"excerpt":{"rendered":"<p>Podkateg\u00f3ria: Lokaliz\u00e1cia: Ko\u0161ice a \u010cerme\u013esk\u00e1 dolina. \u010co je \u010cerme\u013esk\u00fd vodovod a kde ho n\u00e1jdete? \u010cerme\u013esk\u00fd vodovod\u00a0sa nach\u00e1dza v kr\u00e1snom prostred\u00ed\u00a0\u010cerme\u013eskej doliny. T\u00e1to\u00a0storo\u010dn\u00e1 technick\u00e1 pamiatka\u00a0sl\u00fa\u017ei mestu Ko\u0161ice u\u017e viac ako 100 [&hellip;]<\/p>\n","protected":false},"author":1,"featured_media":36685,"parent":51,"menu_order":0,"comment_status":"closed","ping_status":"closed","template":"","meta":{"_uag_custom_page_level_css":"","_monsterinsights_skip_tracking":false,"_monsterinsights_sitenote_active":false,"_monsterinsights_sitenote_note":"","_monsterinsights_sitenote_category":0,"footnotes":""},"class_list":["post-534","page","type-page","status-publish","has-post-thumbnail","hentry"],"featured_image_src":"https:\/\/www.keturist.sk\/info\/wp-content\/uploads\/2020\/12\/vodovod.jpg","featured_image_src_square":"https:\/\/www.keturist.sk\/info\/wp-content\/uploads\/2020\/12\/vodovod.jpg","rbea_author_info":{"display_name":"admin","author_link":"https:\/\/www.keturist.sk\/info\/author\/admin\/"},"rbea_excerpt_info":"Podkateg\u00f3ria: Lokaliz\u00e1cia: Ko\u0161ice a \u010cerme\u013esk\u00e1 dolina. \u010co je \u010cerme\u013esk\u00fd vodovod a kde ho n\u00e1jdete? \u010cerme\u013esk\u00fd vodovod\u00a0sa nach\u00e1dza v kr\u00e1snom prostred\u00ed\u00a0\u010cerme\u013eskej doliny. T\u00e1to\u00a0storo\u010dn\u00e1 technick\u00e1 pamiatka\u00a0sl\u00fa\u017ei mestu Ko\u0161ice u\u017e viac ako 100 [&hellip;]","uagb_featured_image_src":{"full":["https:\/\/www.keturist.sk\/info\/wp-content\/uploads\/2020\/12\/vodovod.jpg",800,600,false],"thumbnail":["https:\/\/www.keturist.sk\/info\/wp-content\/uploads\/2020\/12\/vodovod-240x180.jpg",240,180,true],"medium":["https:\/\/www.keturist.sk\/info\/wp-content\/uploads\/2020\/12\/vodovod.jpg",800,600,false],"medium_large":["https:\/\/www.keturist.sk\/info\/wp-content\/uploads\/2020\/12\/vodovod-768x576.jpg",768,576,true],"large":["https:\/\/www.keturist.sk\/info\/wp-content\/uploads\/2020\/12\/vodovod.jpg",800,600,false],"1536x1536":["https:\/\/www.keturist.sk\/info\/wp-content\/uploads\/2020\/12\/vodovod.jpg",800,600,false],"2048x2048":["https:\/\/www.keturist.sk\/info\/wp-content\/uploads\/2020\/12\/vodovod.jpg",800,600,false]},"uagb_author_info":{"display_name":"admin","author_link":"https:\/\/www.keturist.sk\/info\/author\/admin\/"},"uagb_comment_info":0,"uagb_excerpt":"Podkateg\u00f3ria: Lokaliz\u00e1cia: Ko\u0161ice a \u010cerme\u013esk\u00e1 dolina. \u010co je \u010cerme\u013esk\u00fd vodovod a kde ho n\u00e1jdete? \u010cerme\u013esk\u00fd vodovod\u00a0sa nach\u00e1dza v kr\u00e1snom prostred\u00ed\u00a0\u010cerme\u013eskej doliny. T\u00e1to\u00a0storo\u010dn\u00e1 technick\u00e1 pamiatka\u00a0sl\u00fa\u017ei mestu Ko\u0161ice u\u017e viac ako 100 [&hellip;]","_links":{"self":[{"href":"https:\/\/www.keturist.sk\/info\/wp-json\/wp\/v2\/pages\/534","targetHints":{"allow":["GET"]}}],"collection":[{"href":"https:\/\/www.keturist.sk\/info\/wp-json\/wp\/v2\/pages"}],"about":[{"href":"https:\/\/www.keturist.sk\/info\/wp-json\/wp\/v2\/types\/page"}],"author":[{"embeddable":true,"href":"https:\/\/www.keturist.sk\/info\/wp-json\/wp\/v2\/users\/1"}],"replies":[{"embeddable":true,"href":"https:\/\/www.keturist.sk\/info\/wp-json\/wp\/v2\/comments?post=534"}],"version-history":[{"count":6,"href":"https:\/\/www.keturist.sk\/info\/wp-json\/wp\/v2\/pages\/534\/revisions"}],"predecessor-version":[{"id":73314,"href":"https:\/\/www.keturist.sk\/info\/wp-json\/wp\/v2\/pages\/534\/revisions\/73314"}],"up":[{"embeddable":true,"href":"https:\/\/www.keturist.sk\/info\/wp-json\/wp\/v2\/pages\/51"}],"wp:featuredmedia":[{"embeddable":true,"href":"https:\/\/www.keturist.sk\/info\/wp-json\/wp\/v2\/media\/36685"}],"wp:attachment":[{"href":"https:\/\/www.keturist.sk\/info\/wp-json\/wp\/v2\/media?parent=534"}],"curies":[{"name":"wp","href":"https:\/\/api.w.org\/{rel}","templated":true}]}}