{"id":53086,"date":"2022-12-10T04:44:56","date_gmt":"2022-12-10T03:44:56","guid":{"rendered":"https:\/\/www.keturist.sk\/info\/?page_id=53086"},"modified":"2022-12-30T05:22:48","modified_gmt":"2022-12-30T04:22:48","slug":"prezi-dobrodruzstvo-v-zakutiach-sterminy-nad-hamriskami-v-obci-rejdova","status":"publish","type":"page","link":"https:\/\/www.keturist.sk\/info\/tipy-na-vylety\/naucne-chodniky\/prezi-dobrodruzstvo-v-zakutiach-sterminy-nad-hamriskami-v-obci-rejdova\/","title":{"rendered":"Pre\u017ei dobrodru\u017estvo v z\u00e1kutiach Sterminy nad Hamriskami v obci Rejdov\u00e1"},"content":{"rendered":"<a href=\"https:\/\/www.keturist.sk\/info\/\" class=\"su-button su-button-style-default\" style=\"color:#000000;background-color:#FFCF2F;border-color:#cca626;border-radius:5px\" target=\"_self\"><span style=\"color:#000000;padding:6px 16px;font-size:13px;line-height:20px;border-color:#ffde6e;border-radius:5px;text-shadow:none\"><i class=\"sui sui-arrow-right\" style=\"font-size:13px;color:#000000\"><\/i>  Spravodaj <\/span><\/a><a href=\"https:\/\/www.keturist.sk\/info\/tipy-na-vylety\/\" class=\"su-button su-button-style-default\" style=\"color:#000000;background-color:#FFCF2F;border-color:#cca626;border-radius:5px\" target=\"_self\"><span style=\"color:#000000;padding:6px 16px;font-size:13px;line-height:20px;border-color:#ffde6e;border-radius:5px;text-shadow:none\"><i class=\"sui sui-arrow-right\" style=\"font-size:13px;color:#000000\"><\/i>  Tipy na v\u00fdlety <\/span><\/a>\n<div class=\"su-divider su-divider-style-default\" style=\"margin:15px 0;border-width:0px;border-color:#000000\"><\/div>\n<strong>Podkateg\u00f3ria: <\/strong> <a href=\"https:\/\/www.keturist.sk\/info\/aktivity\/naucne-chodniky\/\" class=\"su-button su-button-style-default\" style=\"color:#000000;background-color:#afd144;border-color:#8ca837;border-radius:5px\" target=\"_self\"><span style=\"color:#000000;padding:6px 16px;font-size:13px;line-height:20px;border-color:#c7df7d;border-radius:5px;text-shadow:none\"><i class=\"sui sui-arrow-right\" style=\"font-size:13px;color:#000000\"><\/i>  Nau\u010dn\u00e9 chodn\u00edky <\/span><\/a>\n<div class=\"su-divider su-divider-style-default\" style=\"margin:15px 0;border-width:0px;border-color:#000000\"><\/div>\n<strong>Lokaliz\u00e1cia: <\/strong><a href=\"https:\/\/www.keturist.sk\/info\/okolite-hory\/volovske-vrchy\/\">Volovsk\u00e9 vrchy<\/a><br \/>\n<div class=\"su-divider su-divider-style-default\" style=\"margin:15px 0;border-width:2px;border-color:#000000\"><\/div>\n<h3><span style=\"color: #808000;\">V\u0161eobecn\u00e9 inform\u00e1cie<\/span><\/h3>\n<p>Vybudovan\u00fd z\u00e1\u017eitkov\u00fd chodn\u00edk v celkovej d\u013a\u017eke 3 km dostupn\u00fd pre pe\u0161\u00edch turistov i cykloturistov sa nach\u00e1dza v extravil\u00e1ne obce Rejdov\u00e1.<\/p>\n<figure id=\"attachment_53150\" aria-describedby=\"caption-attachment-53150\" style=\"width: 800px\" class=\"wp-caption aligncenter\"><a href=\"https:\/\/www.keturist.sk\/info\/wp-content\/uploads\/2022\/12\/rejdova8.jpg\"><img loading=\"lazy\" decoding=\"async\" class=\"wp-image-53150 size-medium\" src=\"https:\/\/www.keturist.sk\/info\/wp-content\/uploads\/2022\/12\/rejdova8-800x600.jpg\" alt=\"\" width=\"800\" height=\"600\" srcset=\"https:\/\/www.keturist.sk\/info\/wp-content\/uploads\/2022\/12\/rejdova8-800x600.jpg 800w, https:\/\/www.keturist.sk\/info\/wp-content\/uploads\/2022\/12\/rejdova8-240x180.jpg 240w, https:\/\/www.keturist.sk\/info\/wp-content\/uploads\/2022\/12\/rejdova8-768x576.jpg 768w, https:\/\/www.keturist.sk\/info\/wp-content\/uploads\/2022\/12\/rejdova8.jpg 1000w\" sizes=\"auto, (max-width: 800px) 100vw, 800px\" \/><\/a><figcaption id=\"caption-attachment-53150\" class=\"wp-caption-text\">Pre\u017ei dobrodru\u017estvo v z\u00e1kutiach Sterminy nad Hamriskami v obci Rejdov\u00e1<\/figcaption><\/figure>\n<p>Hlavn\u00fdm z\u00e1merom tohto n\u00e1u\u010dn\u00e9ho chodn\u00edka je prinies\u0165 n\u00e1v\u0161tevn\u00edkom nezabudnute\u013en\u00fd z\u00e1\u017eitok s cie\u013eom vytvorenia nov\u00e9ho produktu ekoturizmu na \u00fazem\u00ed obce, ale aj cel\u00e9ho Horn\u00e9ho Gemera.<\/p>\n<p>V r\u00e1mci projektu ide o prepojenie mesta Dob\u0161in\u00e1 a obce Vy\u0161n\u00e1 Slan\u00e1 n\u00e1u\u010dn\u00fdm chodn\u00edkom.<\/p>\n<figure id=\"attachment_53149\" aria-describedby=\"caption-attachment-53149\" style=\"width: 800px\" class=\"wp-caption aligncenter\"><a href=\"https:\/\/www.keturist.sk\/info\/wp-content\/uploads\/2022\/12\/rejdova7.jpg\"><img loading=\"lazy\" decoding=\"async\" class=\"wp-image-53149 size-medium\" src=\"https:\/\/www.keturist.sk\/info\/wp-content\/uploads\/2022\/12\/rejdova7-800x600.jpg\" alt=\"\" width=\"800\" height=\"600\" srcset=\"https:\/\/www.keturist.sk\/info\/wp-content\/uploads\/2022\/12\/rejdova7-800x600.jpg 800w, https:\/\/www.keturist.sk\/info\/wp-content\/uploads\/2022\/12\/rejdova7-240x180.jpg 240w, https:\/\/www.keturist.sk\/info\/wp-content\/uploads\/2022\/12\/rejdova7-768x576.jpg 768w, https:\/\/www.keturist.sk\/info\/wp-content\/uploads\/2022\/12\/rejdova7.jpg 1000w\" sizes=\"auto, (max-width: 800px) 100vw, 800px\" \/><\/a><figcaption id=\"caption-attachment-53149\" class=\"wp-caption-text\">Pre\u017ei dobrodru\u017estvo v z\u00e1kutiach Sterminy nad Hamriskami v obci Rejdov\u00e1<\/figcaption><\/figure>\n<p>S\u00fa\u010das\u0165ou n\u00e1u\u010dn\u00e9ho chodn\u00edka s\u00fa dve informa\u010dn\u00e9 tabule s inform\u00e1ciami o chodn\u00edku a ban\u00edckou hist\u00f3riou obce.<\/p>\n<p>Je tu in\u0161talovan\u00fdch 7 nosn\u00fdch prvkov poskytuj\u00facich pre n\u00e1v\u0161tevn\u00edkov z\u00e1\u017eitkov\u00fa formu tr\u00e1venia vo\u013en\u00e9ho \u010dasu (hojda\u010dka s v\u00fdh\u013eadom, chodn\u00edk medzi stromami, dreven\u00e9 \u0161lap\u00e1ky, lezeck\u00e1 stena, lavi\u010dka &#8222;Prak&#8220;, lesn\u00e1 \u0161m\u00fdka\u010dka, dreven\u00e9 hrazdy s doskokmi zvierat).<\/p>\n<figure id=\"attachment_53148\" aria-describedby=\"caption-attachment-53148\" style=\"width: 800px\" class=\"wp-caption aligncenter\"><a href=\"https:\/\/www.keturist.sk\/info\/wp-content\/uploads\/2022\/12\/rejdova6.jpg\"><img loading=\"lazy\" decoding=\"async\" class=\"wp-image-53148 size-medium\" src=\"https:\/\/www.keturist.sk\/info\/wp-content\/uploads\/2022\/12\/rejdova6-800x534.jpg\" alt=\"\" width=\"800\" height=\"534\" srcset=\"https:\/\/www.keturist.sk\/info\/wp-content\/uploads\/2022\/12\/rejdova6-800x534.jpg 800w, https:\/\/www.keturist.sk\/info\/wp-content\/uploads\/2022\/12\/rejdova6-270x180.jpg 270w, https:\/\/www.keturist.sk\/info\/wp-content\/uploads\/2022\/12\/rejdova6-768x512.jpg 768w, https:\/\/www.keturist.sk\/info\/wp-content\/uploads\/2022\/12\/rejdova6.jpg 1000w\" sizes=\"auto, (max-width: 800px) 100vw, 800px\" \/><\/a><figcaption id=\"caption-attachment-53148\" class=\"wp-caption-text\">Pre\u017ei dobrodru\u017estvo v z\u00e1kutiach Sterminy nad Hamriskami v obci Rejdov\u00e1<\/figcaption><\/figure>\n<p>Taktie\u017e tu boli osaden\u00e9 dve dreven\u00e9 lavi\u010dky, vybudovan\u00fd dreven\u00e9ho pr\u00edstre\u0161ku s otvoren\u00fdm ohniskom.<\/p>\n<p>Na hrebeni sa nach\u00e1dza panoramatick\u00e1 mapa s ozna\u010den\u00edm n\u00e1zvov vrchov a lokal\u00edt.<\/p>\n<figure id=\"attachment_53147\" aria-describedby=\"caption-attachment-53147\" style=\"width: 800px\" class=\"wp-caption aligncenter\"><a href=\"https:\/\/www.keturist.sk\/info\/wp-content\/uploads\/2022\/12\/rejdova5.jpg\"><img loading=\"lazy\" decoding=\"async\" class=\"wp-image-53147 size-medium\" src=\"https:\/\/www.keturist.sk\/info\/wp-content\/uploads\/2022\/12\/rejdova5-800x534.jpg\" alt=\"\" width=\"800\" height=\"534\" srcset=\"https:\/\/www.keturist.sk\/info\/wp-content\/uploads\/2022\/12\/rejdova5-800x534.jpg 800w, https:\/\/www.keturist.sk\/info\/wp-content\/uploads\/2022\/12\/rejdova5-270x180.jpg 270w, https:\/\/www.keturist.sk\/info\/wp-content\/uploads\/2022\/12\/rejdova5-768x513.jpg 768w, https:\/\/www.keturist.sk\/info\/wp-content\/uploads\/2022\/12\/rejdova5.jpg 1000w\" sizes=\"auto, (max-width: 800px) 100vw, 800px\" \/><\/a><figcaption id=\"caption-attachment-53147\" class=\"wp-caption-text\">Pre\u017ei dobrodru\u017estvo v z\u00e1kutiach Sterminy nad Hamriskami v obci Rejdov\u00e1<\/figcaption><\/figure>\n<p>S\u00fa\u010das\u0165ou n\u00e1u\u010dn\u00e9ho chodn\u00edka s\u00fa aj dve stanovi\u0161tia s mo\u017enos\u0165ou prehliadky dom\u00e1cich zvierat (kozy, ovce, zajace, sliepky &#8230;).<\/p>\n<p>Z\u00e1\u017eitkov\u00fd chodn\u00edk je pr\u00edstupn\u00fd celoro\u010dne, odpor\u00fa\u010dame v\u0161ak jeho n\u00e1v\u0161tevu od 1.apr\u00edla do 30.novembra.<\/p>\n<figure id=\"attachment_53146\" aria-describedby=\"caption-attachment-53146\" style=\"width: 800px\" class=\"wp-caption aligncenter\"><a href=\"https:\/\/www.keturist.sk\/info\/wp-content\/uploads\/2022\/12\/rejdova4.jpg\"><img loading=\"lazy\" decoding=\"async\" class=\"wp-image-53146 size-medium\" src=\"https:\/\/www.keturist.sk\/info\/wp-content\/uploads\/2022\/12\/rejdova4-800x600.jpg\" alt=\"\" width=\"800\" height=\"600\" srcset=\"https:\/\/www.keturist.sk\/info\/wp-content\/uploads\/2022\/12\/rejdova4-800x600.jpg 800w, https:\/\/www.keturist.sk\/info\/wp-content\/uploads\/2022\/12\/rejdova4-240x180.jpg 240w, https:\/\/www.keturist.sk\/info\/wp-content\/uploads\/2022\/12\/rejdova4-768x576.jpg 768w, https:\/\/www.keturist.sk\/info\/wp-content\/uploads\/2022\/12\/rejdova4.jpg 1000w\" sizes=\"auto, (max-width: 800px) 100vw, 800px\" \/><\/a><figcaption id=\"caption-attachment-53146\" class=\"wp-caption-text\">Pre\u017ei dobrodru\u017estvo v z\u00e1kutiach Sterminy nad Hamriskami v obci Rejdov\u00e1<\/figcaption><\/figure>\n<p>Projekt pon\u00faka v\u00fdborne prepojenie miestnej komunity a spojenie agroturistiky, rodinnej turistiky, ekoturistiky.<\/p>\n<figure id=\"attachment_53145\" aria-describedby=\"caption-attachment-53145\" style=\"width: 800px\" class=\"wp-caption aligncenter\"><a href=\"https:\/\/www.keturist.sk\/info\/wp-content\/uploads\/2022\/12\/rejdova3.jpg\"><img loading=\"lazy\" decoding=\"async\" class=\"wp-image-53145 size-medium\" src=\"https:\/\/www.keturist.sk\/info\/wp-content\/uploads\/2022\/12\/rejdova3-800x600.jpg\" alt=\"\" width=\"800\" height=\"600\" srcset=\"https:\/\/www.keturist.sk\/info\/wp-content\/uploads\/2022\/12\/rejdova3-800x600.jpg 800w, https:\/\/www.keturist.sk\/info\/wp-content\/uploads\/2022\/12\/rejdova3-240x180.jpg 240w, https:\/\/www.keturist.sk\/info\/wp-content\/uploads\/2022\/12\/rejdova3-768x576.jpg 768w, https:\/\/www.keturist.sk\/info\/wp-content\/uploads\/2022\/12\/rejdova3.jpg 1000w\" sizes=\"auto, (max-width: 800px) 100vw, 800px\" \/><\/a><figcaption id=\"caption-attachment-53145\" class=\"wp-caption-text\">Pre\u017ei dobrodru\u017estvo v z\u00e1kutiach Sterminy nad Hamriskami v obci Rejdov\u00e1<\/figcaption><\/figure>\n<p>Taktie\u017e zabezpe\u010duje aj previazanos\u0165 na miestne gastroslu\u017eby i produkty samostatne hospod\u00e1riacich ro\u013en\u00edkov , remeseln\u00edkov i soci\u00e1lneho podniku Rejdovka s.r.o., ktor\u00e9 umo\u017enia n\u00e1v\u0161tevn\u00edkom ochutna\u0165 tradi\u010dn\u00e9 miestne \u0161peciality, \u010di zak\u00fapi\u0165 \u013eudov\u00e9 v\u00fdrobky z dreva, ko\u017ee, textilu a pod.<\/p>\n<figure id=\"attachment_53144\" aria-describedby=\"caption-attachment-53144\" style=\"width: 800px\" class=\"wp-caption aligncenter\"><a href=\"https:\/\/www.keturist.sk\/info\/wp-content\/uploads\/2022\/12\/rejdova2.jpg\"><img loading=\"lazy\" decoding=\"async\" class=\"wp-image-53144 size-medium\" src=\"https:\/\/www.keturist.sk\/info\/wp-content\/uploads\/2022\/12\/rejdova2-800x534.jpg\" alt=\"\" width=\"800\" height=\"534\" srcset=\"https:\/\/www.keturist.sk\/info\/wp-content\/uploads\/2022\/12\/rejdova2-800x534.jpg 800w, https:\/\/www.keturist.sk\/info\/wp-content\/uploads\/2022\/12\/rejdova2-270x180.jpg 270w, https:\/\/www.keturist.sk\/info\/wp-content\/uploads\/2022\/12\/rejdova2-768x512.jpg 768w, https:\/\/www.keturist.sk\/info\/wp-content\/uploads\/2022\/12\/rejdova2.jpg 1000w\" sizes=\"auto, (max-width: 800px) 100vw, 800px\" \/><\/a><figcaption id=\"caption-attachment-53144\" class=\"wp-caption-text\">Pre\u017ei dobrodru\u017estvo v z\u00e1kutiach Sterminy nad Hamriskami v obci Rejdov\u00e1<\/figcaption><\/figure>\n<p>N\u00e1v\u0161tevn\u00edk tak m\u00f4\u017ee str\u00e1vi\u0165 v\u00a0 obci kompletn\u00fd z\u00e1\u017eitkov\u00fd de\u0148 str\u00e1ven\u00fd v lone pr\u00edrody i typicky vidieckej obci s mno\u017estvom zachovan\u00fdch prvkov \u013eudovej architekt\u00fary.<\/p>\n<h3><span style=\"color: #808000;\">Nau\u010dn\u00fd chodn\u00edk pozost\u00e1va z desiatich stanov\u00ed\u0161\u0165 :<\/span><\/h3>\n<p>1. Info tabu\u013ea so z\u00e1kladn\u00fdmi inform\u00e1ciami o chodn\u00edku, parkovisko &#8211; pri miestnom amfite\u00e1tri<\/p>\n<p>2. Chov hospod\u00e1rskych zvierat<\/p>\n<p>3. Nadrozmern\u00e1 hojda\u010dka s v\u00fdh\u013eadom na dedinu<\/p>\n<p>4. Pozostatky bansk\u00fdch h\u00e1ld &#8211; info tabu\u013ea<\/p>\n<p>5. Dreven\u00fd alt\u00e1nok s poseden\u00edm a ohniskom, panoramatick\u00e1 mapa, hrav\u00e1 l\u00e1vka medzi stromami<\/p>\n<p>6. Nadrozmern\u00e1 \u0161m\u00fdka\u010dka<\/p>\n<p>7. Chodn\u00edk z p\u0148ov<\/p>\n<p>8. Lezeck\u00e1 stena<\/p>\n<p>9. Lavi\u010dka &#8222;PRAK&#8220;<\/p>\n<p>10. Dreven\u00e9 hrazdy zn\u00e1zor\u0148uj\u00face v\u00fdskok zvierat z miesta<\/p>\n<p>11. Oce\u013eov\u00e9 l\u00e1vky a stup\u00e1ky<\/p>\n<figure id=\"attachment_53143\" aria-describedby=\"caption-attachment-53143\" style=\"width: 800px\" class=\"wp-caption aligncenter\"><a href=\"https:\/\/www.keturist.sk\/info\/wp-content\/uploads\/2022\/12\/rejdova1.jpg\"><img loading=\"lazy\" decoding=\"async\" class=\"wp-image-53143 size-medium\" src=\"https:\/\/www.keturist.sk\/info\/wp-content\/uploads\/2022\/12\/rejdova1-800x534.jpg\" alt=\"\" width=\"800\" height=\"534\" srcset=\"https:\/\/www.keturist.sk\/info\/wp-content\/uploads\/2022\/12\/rejdova1-800x534.jpg 800w, https:\/\/www.keturist.sk\/info\/wp-content\/uploads\/2022\/12\/rejdova1-270x180.jpg 270w, https:\/\/www.keturist.sk\/info\/wp-content\/uploads\/2022\/12\/rejdova1-768x512.jpg 768w, https:\/\/www.keturist.sk\/info\/wp-content\/uploads\/2022\/12\/rejdova1.jpg 1000w\" sizes=\"auto, (max-width: 800px) 100vw, 800px\" \/><\/a><figcaption id=\"caption-attachment-53143\" class=\"wp-caption-text\">Pre\u017ei dobrodru\u017estvo v z\u00e1kutiach Sterminy nad Hamriskami v obci Rejdov\u00e1<\/figcaption><\/figure>\n<p>Projekt bol spolufinancovan\u00fd Ko\u0161ick\u00fdm samospr\u00e1vnym krajom z programu Terra Incognita.<\/p>\n<p><strong>Spr\u00e1vca :<\/strong> Obec Rejdov\u00e1, 049 26 Rejdov\u00e1 47<\/p>\n<h3><span style=\"color: #808000;\">Bl\u00edzke stredisko, turistick\u00e9 centrum, obec alebo mesto:<\/span><\/h3>\n<ul>\n<li><a href=\"https:\/\/www.rejdova.sk\/\" target=\"_blank\" rel=\"noopener\">Obec Rejdov\u00e1 (\u010d\u00edtaj viac&#8230;)<\/a><\/li>\n<\/ul>\n<h3><span style=\"color: #808000;\">Mapy<\/span><\/h3>\n<p><strong>Vrstvy: <\/strong>Turistick\u00e1 mapa, Automapa, Cyklomapa, Ly\u017eiarska mapa, Satelitn\u00e1 mapa a OpenStreetMap.<\/p>\n<p><strong>Kliknut\u00edm na logo &#8222;Freemap.sk&#8220; sa V\u00e1m mapa zobraz\u00ed na celej ploche obrazovky.<\/strong><\/p>\n<p><iframe style=\"width: 800px; height: 500px; border: 0;\" src=\"https:\/\/www.freemap.sk\/?map=13\/48.797027\/20.289688&amp;&amp;info-point=48.797027\/20.289688&amp;,Obec Rejdov\u00e1&amp;layers=T&amp;embed=search\" allowfullscreen=\"allowfullscreen\"><\/iframe><\/p>\n<h3><span style=\"color: #808000;\">Po\u010dasie<\/span><\/h3>\n<p><iframe style=\"width: 805px; height: 632px;\" src=\"https:\/\/www.meteoblue.com\/sk\/po%C4%8Dasie\/widget\/three\/rejdov%c3%a1_slovensk%c3%a1-republika_723760?geoloc=fixed&amp;nocurrent=0&amp;noforecast=0&amp;days=7&amp;tempunit=CELSIUS&amp;windunit=KILOMETER_PER_HOUR&amp;layout=image\" frameborder=\"0\" scrolling=\"NO\" sandbox=\"allow-same-origin allow-scripts allow-popups allow-popups-to-escape-sandbox\"><\/iframe><\/p>\n<div><!-- DO NOT REMOVE THIS LINK --><a href=\"https:\/\/www.meteoblue.com\/sk\/po%C4%8Dasie\/t%C3%BD%C5%BEde%C5%88\/rejdov%c3%a1_slovensk%c3%a1-republika_723760?utm_source=weather_widget&amp;utm_medium=linkus&amp;utm_content=three&amp;utm_campaign=Weather%2BWidget\" target=\"_blank\" rel=\"noopener\">meteoblue<\/a><\/div>\n<p><strong>Zdroj inform\u00e1ci\u00ed + foto:<\/strong> <a href=\"https:\/\/www.rejdova.sk\/\" target=\"_blank\" rel=\"noopener\">https:\/\/www.rejdova.sk\/<\/a><\/p>\n","protected":false},"excerpt":{"rendered":"<p>Podkateg\u00f3ria: Lokaliz\u00e1cia: Volovsk\u00e9 vrchy V\u0161eobecn\u00e9 inform\u00e1cie Vybudovan\u00fd z\u00e1\u017eitkov\u00fd chodn\u00edk v celkovej d\u013a\u017eke 3 km dostupn\u00fd pre pe\u0161\u00edch turistov i cykloturistov sa nach\u00e1dza v extravil\u00e1ne obce Rejdov\u00e1. Hlavn\u00fdm z\u00e1merom tohto n\u00e1u\u010dn\u00e9ho [&hellip;]<\/p>\n","protected":false},"author":1,"featured_media":0,"parent":40742,"menu_order":0,"comment_status":"closed","ping_status":"closed","template":"","meta":{"_uag_custom_page_level_css":"","_monsterinsights_skip_tracking":false,"_monsterinsights_sitenote_active":false,"_monsterinsights_sitenote_note":"","_monsterinsights_sitenote_category":0,"footnotes":""},"class_list":["post-53086","page","type-page","status-publish","hentry"],"featured_image_src":"","featured_image_src_square":false,"rbea_author_info":{"display_name":"admin","author_link":"https:\/\/www.keturist.sk\/info\/author\/admin\/"},"rbea_excerpt_info":"Podkateg\u00f3ria: Lokaliz\u00e1cia: Volovsk\u00e9 vrchy V\u0161eobecn\u00e9 inform\u00e1cie Vybudovan\u00fd z\u00e1\u017eitkov\u00fd chodn\u00edk v celkovej d\u013a\u017eke 3 km dostupn\u00fd pre pe\u0161\u00edch turistov i cykloturistov sa nach\u00e1dza v extravil\u00e1ne obce Rejdov\u00e1. Hlavn\u00fdm z\u00e1merom tohto n\u00e1u\u010dn\u00e9ho [&hellip;]","uagb_featured_image_src":{"full":false,"thumbnail":false,"medium":false,"medium_large":false,"large":false,"1536x1536":false,"2048x2048":false},"uagb_author_info":{"display_name":"admin","author_link":"https:\/\/www.keturist.sk\/info\/author\/admin\/"},"uagb_comment_info":0,"uagb_excerpt":"Podkateg\u00f3ria: Lokaliz\u00e1cia: Volovsk\u00e9 vrchy V\u0161eobecn\u00e9 inform\u00e1cie Vybudovan\u00fd z\u00e1\u017eitkov\u00fd chodn\u00edk v celkovej d\u013a\u017eke 3 km dostupn\u00fd pre pe\u0161\u00edch turistov i cykloturistov sa nach\u00e1dza v extravil\u00e1ne obce Rejdov\u00e1. Hlavn\u00fdm z\u00e1merom tohto n\u00e1u\u010dn\u00e9ho [&hellip;]","_links":{"self":[{"href":"https:\/\/www.keturist.sk\/info\/wp-json\/wp\/v2\/pages\/53086","targetHints":{"allow":["GET"]}}],"collection":[{"href":"https:\/\/www.keturist.sk\/info\/wp-json\/wp\/v2\/pages"}],"about":[{"href":"https:\/\/www.keturist.sk\/info\/wp-json\/wp\/v2\/types\/page"}],"author":[{"embeddable":true,"href":"https:\/\/www.keturist.sk\/info\/wp-json\/wp\/v2\/users\/1"}],"replies":[{"embeddable":true,"href":"https:\/\/www.keturist.sk\/info\/wp-json\/wp\/v2\/comments?post=53086"}],"version-history":[{"count":24,"href":"https:\/\/www.keturist.sk\/info\/wp-json\/wp\/v2\/pages\/53086\/revisions"}],"predecessor-version":[{"id":53554,"href":"https:\/\/www.keturist.sk\/info\/wp-json\/wp\/v2\/pages\/53086\/revisions\/53554"}],"up":[{"embeddable":true,"href":"https:\/\/www.keturist.sk\/info\/wp-json\/wp\/v2\/pages\/40742"}],"wp:attachment":[{"href":"https:\/\/www.keturist.sk\/info\/wp-json\/wp\/v2\/media?parent=53086"}],"curies":[{"name":"wp","href":"https:\/\/api.w.org\/{rel}","templated":true}]}}