{"id":5274,"date":"2014-02-02T10:01:11","date_gmt":"2014-02-02T08:01:11","guid":{"rendered":"https:\/\/www.keturist.sk\/info\/?page_id=5274"},"modified":"2021-11-18T18:14:56","modified_gmt":"2021-11-18T17:14:56","slug":"obec-budimir","status":"publish","type":"page","link":"https:\/\/www.keturist.sk\/info\/turisticke-vychodiska\/smer-kosicka-kotlina\/obec-budimir\/","title":{"rendered":"Obec Budim\u00edr"},"content":{"rendered":"<a href=\"https:\/\/www.keturist.sk\/info\/\" class=\"su-button su-button-style-default\" style=\"color:#000000;background-color:#FFCF2F;border-color:#cca626;border-radius:5px\" target=\"_self\"><span style=\"color:#000000;padding:6px 16px;font-size:13px;line-height:20px;border-color:#ffde6e;border-radius:5px;text-shadow:none\"><i class=\"sui sui-arrow-right\" style=\"font-size:13px;color:#000000\"><\/i>  Spravodaj <\/span><\/a>\n<a href=\"https:\/\/www.keturist.sk\/info\/tipy-na-vylety\/\" class=\"su-button su-button-style-default\" style=\"color:#000000;background-color:#FFCF2F;border-color:#cca626;border-radius:5px\" target=\"_self\"><span style=\"color:#000000;padding:6px 16px;font-size:13px;line-height:20px;border-color:#ffde6e;border-radius:5px;text-shadow:none\"><i class=\"sui sui-arrow-right\" style=\"font-size:13px;color:#000000\"><\/i>  TIPY NA V\u00ddLETY <\/span><\/a>\n<a href=\"https:\/\/www.keturist.sk\/info\/turisticke-vychodiska\/\" class=\"su-button su-button-style-default\" style=\"color:#000000;background-color:#FFCF2F;border-color:#cca626;border-radius:5px\" target=\"_self\"><span style=\"color:#000000;padding:6px 16px;font-size:13px;line-height:20px;border-color:#ffde6e;border-radius:5px;text-shadow:none\"><i class=\"sui sui-arrow-right\" style=\"font-size:13px;color:#000000\"><\/i>  Turistick\u00e9 v\u00fdchodisk\u00e1 <\/span><\/a>\n<a href=\"https:\/\/www.keturist.sk\/info\/turisticke-vychodiska\/smer-kosicka-kotlina\/\" class=\"su-button su-button-style-default\" style=\"color:#000000;background-color:#FFCF2F;border-color:#cca626;border-radius:5px\" target=\"_self\"><span style=\"color:#000000;padding:6px 16px;font-size:13px;line-height:20px;border-color:#ffde6e;border-radius:5px;text-shadow:none\"><i class=\"sui sui-arrow-right\" style=\"font-size:13px;color:#000000\"><\/i>  Smer Ko\u0161ick\u00e1 kotlina <\/span><\/a>\n<div class=\"su-divider su-divider-style-default\" style=\"margin:15px 0;border-width:2px;border-color:#000000\"><\/div>\n<div class=\"su-accordion su-u-trim\">\n<div class=\"su-spoiler su-spoiler-style-fancy su-spoiler-icon-plus su-spoiler-closed\" data-scroll-offset=\"0\" data-anchor-in-url=\"no\"><div class=\"su-spoiler-title\" tabindex=\"0\" role=\"button\"><span class=\"su-spoiler-icon\"><\/span>Textov\u00e9 menu - Turistick\u00e9 v\u00fdchodisk\u00e1 - Ko\u0161ick\u00e1 kotlina<\/div><div class=\"su-spoiler-content su-u-clearfix su-u-trim\">\n<code><div class=\"column-group columns-2\"><div class=\"column column-number-1 column-span-1\"><p><\/code><\/p>\n<p><strong>Obce:<\/strong><br \/>\n<a href=\"https:\/\/www.keturist.sk\/info\/smer-kosicka-kotlina\/obec-budimir\/\">Budim\u00edr (\u010d\u00edtaj viac&#8230;)<\/a><br \/>\n<a href=\"https:\/\/www.keturist.sk\/info\/turisticke-vychodiska\/smer-kosicka-kotlina\/obec-herlany\/\">Her\u013eany (\u010d\u00edtaj viac&#8230;)<\/a><br \/>\n<a href=\"https:\/\/www.keturist.sk\/info\/turisticke-vychodiska\/smer-kosicka-kotlina\/obec-nizna-mysla\/\">Ni\u017en\u00e1 My\u0161\u013ea (\u010d\u00edtaj viac&#8230;)<\/a><\/p>\n<\/div><div class=\"column column-number-2 last column-span-1\"><p><a href=\"https:\/\/www.keturist.sk\/info\/smer-kosicka-kotlina\/obec-rozhanovce\/\">Rozhanovce (\u010d\u00edtaj viac&#8230;)<\/a><br \/>\n<a href=\"https:\/\/www.keturist.sk\/info\/turisticke-vychodiska\/smer-kosicka-kotlina\/obec-ruskov\/\">Ruskov (\u010d\u00edtaj viac&#8230;)<\/a><br \/>\n<a href=\"https:\/\/www.keturist.sk\/info\/turisticke-vychodiska\/smer-kosicka-kotlina\/obec-skaros\/\">Sk\u00e1ro\u0161 (\u010d\u00edtaj viac&#8230;)<\/a><br \/>\n<a href=\"https:\/\/www.keturist.sk\/info\/turisticke-vychodiska\/smer-kosicka-kotlina\/obec-vysna-mysla\/\">Vy\u0161n\u00e1 My\u0161\u013ea (\u010d\u00edtaj viac&#8230;)<\/a><\/p>\n<\/div><\/div><\/div><\/div><\/div>\n<div class=\"su-divider su-divider-style-default\" style=\"margin:15px 0;border-width:2px;border-color:#000000\"><\/div>\n<h3><span style=\"color: #808000;\">V\u0161eobecn\u00e9 inform\u00e1cie<\/span><\/h3>\n<p>Obec Budim\u00edr le\u017e\u00ed v\u00a0centr\u00e1lnej \u010dasti <a href=\"https:\/\/www.keturist.sk\/info\/kam-do-prirody\/kosicka-kotlina\/\">Ko\u0161ickej kotliny<\/a>, pribli\u017ene 10 km SV od mesta <a href=\"https:\/\/www.keturist.sk\/info\/vseobecne-informacie\/mesto-kosice\/\">Ko\u0161ice<\/a> smerom na mesto <strong>Pre\u0161ov<\/strong>.<\/p>\n<figure id=\"attachment_37271\" aria-describedby=\"caption-attachment-37271\" style=\"width: 800px\" class=\"wp-caption aligncenter\"><a href=\"https:\/\/www.keturist.sk\/info\/wp-content\/uploads\/2020\/12\/budimir21.jpg\"><img loading=\"lazy\" decoding=\"async\" class=\"wp-image-37271 size-full\" src=\"https:\/\/www.keturist.sk\/info\/wp-content\/uploads\/2020\/12\/budimir21.jpg\" alt=\"\" width=\"800\" height=\"533\" srcset=\"https:\/\/www.keturist.sk\/info\/wp-content\/uploads\/2020\/12\/budimir21.jpg 800w, https:\/\/www.keturist.sk\/info\/wp-content\/uploads\/2020\/12\/budimir21-270x180.jpg 270w, https:\/\/www.keturist.sk\/info\/wp-content\/uploads\/2020\/12\/budimir21-768x512.jpg 768w\" sizes=\"auto, (max-width: 800px) 100vw, 800px\" \/><\/a><figcaption id=\"caption-attachment-37271\" class=\"wp-caption-text\">Klasicistick\u00fd ka\u0161tie\u013e v Budum\u00edre &#8211; M\u00fazeum historick\u00fdch hod\u00edn<\/figcaption><\/figure>\n<p>Rovinat\u00fa vn\u00fatorn\u00fa \u010das\u0165 kotliny tvoria \u0161irok\u00e9 rie\u010dne nivy <strong>Torysy<\/strong> a\u00a0<strong>Ol\u0161avy<\/strong>, ktor\u00e1 po obvode prech\u00e1dza do pahorkatiny.<\/p>\n<p>Katastrom obce prech\u00e1dza v\u00a0jej v\u00fdchodnej \u010dasti dia\u013enica D1 (E 50) medzi mestami <a href=\"https:\/\/www.keturist.sk\/info\/vseobecne-informacie\/mesto-kosice\/\">Ko\u0161ice<\/a> &#8211; <strong>Pre\u0161ov<\/strong>.<\/p>\n<figure id=\"attachment_33280\" aria-describedby=\"caption-attachment-33280\" style=\"width: 800px\" class=\"wp-caption aligncenter\"><a href=\"https:\/\/www.keturist.sk\/info\/wp-content\/uploads\/2020\/06\/budimir-kostol.jpg\"><img loading=\"lazy\" decoding=\"async\" class=\"wp-image-33280 size-medium\" src=\"https:\/\/www.keturist.sk\/info\/wp-content\/uploads\/2020\/06\/budimir-kostol-800x600.jpg\" alt=\"\" width=\"800\" height=\"600\" srcset=\"https:\/\/www.keturist.sk\/info\/wp-content\/uploads\/2020\/06\/budimir-kostol-800x600.jpg 800w, https:\/\/www.keturist.sk\/info\/wp-content\/uploads\/2020\/06\/budimir-kostol-240x180.jpg 240w, https:\/\/www.keturist.sk\/info\/wp-content\/uploads\/2020\/06\/budimir-kostol-768x576.jpg 768w, https:\/\/www.keturist.sk\/info\/wp-content\/uploads\/2020\/06\/budimir-kostol.jpg 1000w\" sizes=\"auto, (max-width: 800px) 100vw, 800px\" \/><\/a><figcaption id=\"caption-attachment-33280\" class=\"wp-caption-text\">R\u00edmskokatol\u00edcky kostol, Fotograf: Ing. Zuzana K\u0161en\u017eighov\u00e1<\/figcaption><\/figure>\n<p>Nadmorsk\u00e1 v\u00fd\u0161ka v strede obce je 209 m n. m., 200-400 v chot\u00e1ri.<\/p>\n<p>Budim\u00edr vznikol spojen\u00edm dvoch p\u00f4vodn\u00fdch \u010dast\u00ed Budim\u00edra a to <strong>Ve\u013ek\u00e9ho Budim\u00edra<\/strong> a\u00a0<strong>Mal\u00e9ho Budim\u00edra<\/strong>.<\/p>\n<p>Obec je bohat\u00e1 na historick\u00e9 pamiatky.<\/p>\n<figure id=\"attachment_33211\" aria-describedby=\"caption-attachment-33211\" style=\"width: 800px\" class=\"wp-caption aligncenter\"><a href=\"https:\/\/www.keturist.sk\/info\/wp-content\/uploads\/2020\/06\/zeliarsky1.jpg\"><img loading=\"lazy\" decoding=\"async\" class=\"wp-image-33211 size-medium\" src=\"https:\/\/www.keturist.sk\/info\/wp-content\/uploads\/2020\/06\/zeliarsky1-800x450.jpg\" alt=\"\" width=\"800\" height=\"450\" srcset=\"https:\/\/www.keturist.sk\/info\/wp-content\/uploads\/2020\/06\/zeliarsky1-800x450.jpg 800w, https:\/\/www.keturist.sk\/info\/wp-content\/uploads\/2020\/06\/zeliarsky1-270x152.jpg 270w, https:\/\/www.keturist.sk\/info\/wp-content\/uploads\/2020\/06\/zeliarsky1-768x432.jpg 768w, https:\/\/www.keturist.sk\/info\/wp-content\/uploads\/2020\/06\/zeliarsky1-1200x675.jpg 1200w, https:\/\/www.keturist.sk\/info\/wp-content\/uploads\/2020\/06\/zeliarsky1.jpg 1440w\" sizes=\"auto, (max-width: 800px) 100vw, 800px\" \/><\/a><figcaption id=\"caption-attachment-33211\" class=\"wp-caption-text\">\u017deliarsky dom v Budim\u00edre, Fotograf: Ing. Zuzana K\u0161en\u017eighov\u00e1<\/figcaption><\/figure>\n<p>Nach\u00e1dzaj\u00fa sa tu n\u00e1rodn\u00e9 kult\u00farne pamiatky evidovan\u00e9 v\u00a0\u00dastrednom zozname pamiatkov\u00e9ho fondu SR, ako aj archeologick\u00e9 n\u00e1lezisk\u00e1.<\/p>\n<p>V\u00a0 obci Budim\u00edr sa nach\u00e1dzaj\u00fa dva ka\u0161tiele a jedna <a href=\"https:\/\/www.keturist.sk\/info\/kam-za-pamiatkami\/kam-za-pamiatkami-kosicka-kotlina\/panska-kuria-budimir\/\">k\u00faria<\/a>.<\/p>\n<p>Obe honosn\u00e9 pansk\u00e9 s\u00eddla ob\u00fdvali \u0161\u013eachtick\u00e9 rodiny <strong>Ujh\u00e1zyovcov<\/strong>.<\/p>\n<p>Star\u0161\u00ed <a href=\"https:\/\/www.keturist.sk\/info\/rokokovo-klasicisticky-kastiel-v-budimire\/\">rokokovo-klasicistick\u00fd ka\u0161tie\u013e<\/a>\u00a0 je v jadre pevn\u00f4stkou z 15.storo\u010dia.<\/p>\n<figure id=\"attachment_33254\" aria-describedby=\"caption-attachment-33254\" style=\"width: 800px\" class=\"wp-caption aligncenter\"><a href=\"https:\/\/www.keturist.sk\/info\/wp-content\/uploads\/2020\/06\/budimir-kastiel.jpg\"><img loading=\"lazy\" decoding=\"async\" class=\"wp-image-33254 size-medium\" src=\"https:\/\/www.keturist.sk\/info\/wp-content\/uploads\/2020\/06\/budimir-kastiel-800x521.jpg\" alt=\"\" width=\"800\" height=\"521\" srcset=\"https:\/\/www.keturist.sk\/info\/wp-content\/uploads\/2020\/06\/budimir-kastiel-800x521.jpg 800w, https:\/\/www.keturist.sk\/info\/wp-content\/uploads\/2020\/06\/budimir-kastiel-270x176.jpg 270w, https:\/\/www.keturist.sk\/info\/wp-content\/uploads\/2020\/06\/budimir-kastiel-768x500.jpg 768w, https:\/\/www.keturist.sk\/info\/wp-content\/uploads\/2020\/06\/budimir-kastiel.jpg 1000w\" sizes=\"auto, (max-width: 800px) 100vw, 800px\" \/><\/a><figcaption id=\"caption-attachment-33254\" class=\"wp-caption-text\">Star\u0161\u00ed ka\u0161tie\u013e (Flori\u00e1n)- Fotograf: Ing. Zuzana K\u0161en\u017eighov\u00e1<\/figcaption><\/figure>\n<p>Bol postaven\u00fd ako neskorogotick\u00e9 p\u00e1nske s\u00eddlo.<\/p>\n<p>Tento p\u00f4vodne hr\u00e1dok\u00a0 bol v roku 1561 prestavan\u00fd a upraven\u00fd na ka\u0161tie\u013e.<\/p>\n<p>V druhej polovici 18. storo\u010dia tento ka\u0161tie\u013e znovu prestavali a upravili v rokokovo-klasicistickom slohu.<\/p>\n<p>V s\u00fa\u010dasnosti je na 1. poschod\u00ed ka\u0161tie\u013ea Flori\u00e1n umiestnen\u00e9 <a href=\"https:\/\/www.keturist.sk\/info\/sluzby-2\/informacne-centra\/obecne-informacne-centrum-obic-budimir\/\">Obecn\u00e9 informa\u010dn\u00e9 centrum (OBIC) Budim\u00edr<\/a>.<\/p>\n<p>Oproti ka\u0161tie\u013eu sa nach\u00e1dza historick\u00e1 s\u00fdpka, ktor\u00e1 sl\u00fa\u017ei ako sklad staro\u017eitnost\u00ed spolo\u010dnosti LinArt, ktor\u00e1 tu ka\u017ed\u00fa 3. sobotu v\u00a0mesiaci organizuje jednu z najv\u00e4\u010d\u0161\u00edch b\u00farz staro\u017eitnost\u00ed na Slovensku.<\/p>\n<p>Druh\u00fd je <a href=\"https:\/\/www.keturist.sk\/info\/klasicisticky-kastiel-v-budumire-vysunuta-expozicia-stm-v-kosiciach\/\">klasicistick\u00fd ka\u0161tie\u013e<\/a> je vysunutou expoz\u00edciou <strong>STM<\/strong> v Ko\u0161iciach.<\/p>\n<p>V s\u00fa\u010dastnosti je tu expoz\u00edcia historick\u00fdch hod\u00edn s vybranou kolekciou expon\u00e1tovhod\u00edn zo zbierkov\u00e9ho fondu <strong>Slovensk\u00e9ho technick\u00e9ho m\u00fazea<\/strong> a <strong>V\u00fdchodoslovensk\u00e9ho m\u00fazea<\/strong> v Ko\u0161iciach.<\/p>\n<p>In\u0161talovan\u00e1 je v niekdaj\u0161ej reprezenta\u010dnej miestnosti ka\u0161tie\u013ea.<\/p>\n<p>K \u010fal\u0161\u00edm v\u00fdznamn\u00fdm pamiatk\u00e1m obce patria:<\/p>\n<p><strong>1.)<\/strong> P\u00f4vodne ranogotick\u00fd <strong>farsk\u00fd kostol Pov\u00fd\u0161enia sv. Kr\u00ed\u017ea<\/strong> z\u00a0druhej polovice 15. storo\u010dia, v\u00a020. storo\u010d\u00ed neoklasicisticky upraven\u00fd.<br \/>\n<strong>2.)<\/strong> Star\u00fd <strong><a href=\"https:\/\/www.keturist.sk\/info\/kam-za-pamiatkami\/kam-za-pamiatkami-kosicka-kotlina\/zeliarsky-dom-v-budimire\/\">\u017eeliarsky dom\u010dek<\/a><\/strong> zo za\u010diatku 19. storo\u010dia, ktor\u00fd v s\u00fa\u010dastnosti sl\u00fa\u017ei ako obecn\u00e9 m\u00fazeum. V interi\u00e9ri domu sa okrem dobov\u00e9ho zariadenia nach\u00e1dza aj zbierka r\u00f4zneho gazdovsk\u00e9ho n\u00e1radia a n\u00e1\u010dinia \u2013 k\u00fadele, keramika, rezb\u00e1rske v\u00fdrobky, konsk\u00e9 postroje, zvonce, tk\u00e1\u010dske a kov\u00e1\u010dske v\u00fdrobky a pod.<br \/>\n<strong>3.)<\/strong> <a href=\"https:\/\/www.keturist.sk\/info\/kam-za-pamiatkami\/kam-za-pamiatkami-kosicka-kotlina\/panska-kuria-budimir\/\"><strong>Pansk\u00e1 k\u00faria<\/strong><\/a> z\u00a0prvej polovice 17. storo\u010dia postaven\u00e1 v\u00a0neskororenesa\u010dnom slohu v\u00a019. storo\u010d\u00ed prestavan\u00e1 do klasicistickej podoby.<br \/>\n<strong>4.)<\/strong> <strong>S\u00fdpka<\/strong> postaven\u00e1 v\u00a018. storo\u010d\u00ed.<br \/>\n<strong>5.)<\/strong> <strong>Evanjelick\u00fd kostol<\/strong> p\u00f4vodne postaven\u00fd ako krypta evanjelickej vetvy rodiny Ujh\u00e1zyovcov z\u00a0konca 18. storo\u010dia.<\/p>\n<p>Z archeologick\u00fdch n\u00e1lez\u00edsk s\u00fa na \u00fazem\u00ed katastra obce Budim\u00edr evidovan\u00e9 nasleduj\u00face archeologick\u00e9 pamiatky:<\/p>\n<p><strong>1.)<\/strong> <strong>Farsk\u00e9 role <\/strong>\u2013 ju\u017ene od budov ZS zisten\u00e9 os\u00eddlenie z\u00a0doby bronzovej (g\u00e1lska kult\u00fara), v\u010dasn\u00e9ho stredoveku (8. \u2013 9. stor.) a\u00a0neskor\u00e9ho stredoveku zo 13. \u2013 15. storo\u010dia.<br \/>\n<strong>2.)<\/strong> <strong>Star\u00fd ka\u0161tie\u013e<\/strong> \u2013 archeologick\u00fdm v\u00fdskumom zisten\u00e1 gotick\u00e1 stavba. V\u00a0okol\u00ed zachyten\u00e9 s\u00eddliskov\u00e9 objekty zo 14. \u2013 15. storo\u010dia.<br \/>\n<strong>3.)<\/strong> <strong>Ka\u0165ov<\/strong> \u2013 povrchov\u00fdm prieskumom zisten\u00e9 os\u00eddlenie z\u00a0neolitu (bukovsk\u00e1 kult\u00fara), eneolitu, mlad\u0161ej doby r\u00edmskej a\u00a0stredoveku.<br \/>\n<strong>4.)<\/strong> <strong>Kostol<\/strong> \u2013 v\u00a0bl\u00edzkosti ka\u0161tie\u013ea \u2013 sond\u00e1\u017enym v\u00fdskumom zisten\u00e9 gotick\u00e9 z\u00e1klady, stopy renesan\u010dn\u00fdch a\u00a0barokov\u00fdch prestavieb.<br \/>\n<strong>5.)<\/strong> <strong>Mohylov\u00fd n\u00e1syp <\/strong>\u2013 poloha vy\u0161n\u00e9 cesty.<br \/>\n<strong>6.)<\/strong> <strong>Osada z\u00a0doby r\u00edmskej <\/strong>\u2013 severne od obce na pravostrannej terase Torysy.<br \/>\n<strong>7.)<\/strong> <strong>Os\u00eddlenie z\u00a0doby \u017eeleznej a\u00a0r\u00edmskej <\/strong>\u2013 medzi cestou z\u00a0Budim\u00edra do Beniakoviec.<\/p>\n<p>Obec usporiad\u00e1va ka\u017edoro\u010dne podujatie <strong>Budim\u00edrsky polmarat\u00f3n<\/strong>.<\/p>\n<h3><span style=\"color: #808000;\">Hist\u00f3ria<\/span><\/h3>\n<p>Prv\u00e1 p\u00edsomn\u00e1 zmienka o obci Budim\u00edr poch\u00e1dza z roku 1289.<\/p>\n<figure id=\"attachment_37262\" aria-describedby=\"caption-attachment-37262\" style=\"width: 800px\" class=\"wp-caption aligncenter\"><a href=\"https:\/\/www.keturist.sk\/info\/wp-content\/uploads\/2020\/12\/budimir11.jpg\"><img loading=\"lazy\" decoding=\"async\" class=\"wp-image-37262 size-full\" src=\"https:\/\/www.keturist.sk\/info\/wp-content\/uploads\/2020\/12\/budimir11.jpg\" alt=\"\" width=\"800\" height=\"533\" srcset=\"https:\/\/www.keturist.sk\/info\/wp-content\/uploads\/2020\/12\/budimir11.jpg 800w, https:\/\/www.keturist.sk\/info\/wp-content\/uploads\/2020\/12\/budimir11-270x180.jpg 270w, https:\/\/www.keturist.sk\/info\/wp-content\/uploads\/2020\/12\/budimir11-768x512.jpg 768w\" sizes=\"auto, (max-width: 800px) 100vw, 800px\" \/><\/a><figcaption id=\"caption-attachment-37262\" class=\"wp-caption-text\">Rokokovo-klasicistick\u00fd ka\u0161tie\u013e v Budim\u00edre pred rekon\u0161trukciou<\/figcaption><\/figure>\n<p>Pod\u013ea desiatkov\u00e9ho registra z roku 1565 v Budim\u00edre \u017eio 23 sedliakov a dvaja \u017eeliari, z ktor\u00fdch mali \u0161tyria osobn\u00e9 men\u00e1 slovensk\u00e9ho p\u00f4vodu, desiati osobn\u00e9 men\u00e1 ma\u010farsk\u00e9ho p\u00f4vodu a desiati osobn\u00e9 men\u00e1 neist\u00e9ho p\u00f4vodu.<\/p>\n<p>V druhej polovici 16. storo\u010dia bol teda Budim\u00edr dedinou so zmie\u0161an\u00fdm obyvate\u013estvom s ma\u010farskou v\u00e4\u010d\u0161inou.<\/p>\n<p>To mohlo by\u0165 sp\u00f4soben\u00e9 aj t\u00fdm, \u017ee pr\u00e1ve v tom \u010dase utekalo mnoho Ma\u010farov pred tureck\u00fdmi vojskami z juhu na sever.<\/p>\n<p>Ich pr\u00edliv e\u0161te v\u00fdraznej\u0161ie zma\u010farizoval Ko\u0161ice, ale poma\u010far\u010dili aj \u0164ahanovce, Ko\u0161ick\u00fa Nov\u00fa Ves, Beniakovcea Ra\u0161ov\u00edk.<\/p>\n<p>Pod\u013ea s\u00fapisu z roku 1715 bolo v Budim\u00edre 11 poddan\u00fdch, z ktor\u00fdch osem mali men\u00e1 slovensk\u00e9ho p\u00f4vodu.<\/p>\n<p>S\u00fapis z roku 1758 ud\u00e1va, \u017ee zo \u0161iestich poddan\u00fdch malo p\u00e4\u0165 osobn\u00e9 men\u00e1 slovensk\u00e9ho p\u00f4vodu.<\/p>\n<p>Teda v 18. storo\u010d\u00ed to bola u\u017e preva\u017ene slovensk\u00e1 dedina, lexik\u00f3n z roku 1773 ud\u00e1va, \u017ee sa tu rozr\u00e1valo preva\u017ene po slovensky.<\/p>\n<p>V roku 1786 je Budim\u00edr dokonca uv\u00e1dzan\u00fd ako slovensk\u00e9 meste\u010dko.<\/p>\n<p>Za\u010diatkom 19. storo\u010dia postavili v Budim\u00edre liehovar.<\/p>\n<h3><span style=\"color: #808000;\">Pamiatky <\/span><\/h3>\n<ul>\n<li><a href=\"https:\/\/www.keturist.sk\/info\/kam-za-pamiatkami\/kam-za-pamiatkami-kosicka-kotlina\/zeliarsky-dom-v-budimire\/\">\u017deliarsky dom v Budim\u00edre (\u010d\u00edtaj viac&#8230;)<\/a><\/li>\n<\/ul>\n<ul>\n<li><a href=\"https:\/\/www.keturist.sk\/info\/rokokovo-klasicisticky-kastiel-v-budimire\/\">Rokokovo-klasicistick\u00fd ka\u0161tie\u013e v Budim\u00edre (\u010d\u00edtaj viac&#8230;)<\/a><\/li>\n<\/ul>\n<ul>\n<li><a href=\"https:\/\/www.keturist.sk\/info\/klasicisticky-kastiel-v-budumire-vysunuta-expozicia-stm-v-kosiciach\/\">Klasicistick\u00fd ka\u0161tie\u013e v Budum\u00edre \u2013 M\u00fazeum historick\u00fdch hod\u00edn (\u010d\u00edtaj viac&#8230;)<\/a><\/li>\n<\/ul>\n<ul>\n<li><a href=\"https:\/\/www.keturist.sk\/info\/kam-za-pamiatkami\/kam-za-pamiatkami-kosicka-kotlina\/panska-kuria-budimir\/\">Pansk\u00e1 k\u00faria Budim\u00edr (\u010d\u00edtaj viac&#8230;)<\/a><\/li>\n<\/ul>\n<h3><span style=\"color: #808000;\">M\u00faze\u00e1<\/span><\/h3>\n<ul>\n<li><a href=\"https:\/\/www.keturist.sk\/info\/muzea-kultura\/klasicisticky-kastiel-v-budumire-muzeum-historickych-hodin\/\">Klasicistick\u00fd ka\u0161tie\u013e v Budum\u00edre \u2013 M\u00fazeum historick\u00fdch hod\u00edn (\u010d\u00edtaj viac&#8230;)<\/a><\/li>\n<\/ul>\n<ul>\n<li><a href=\"https:\/\/www.keturist.sk\/info\/kam-za-pamiatkami\/kam-za-pamiatkami-kosicka-kotlina\/zeliarsky-dom-v-budimire\/\">\u017deliarsky dom v Budim\u00edre &#8211; m\u00fazeum (\u010d\u00edtaj viac&#8230;)<\/a><\/li>\n<\/ul>\n<p><strong>M\u00fazeum historick\u00fdch hod\u00edn<\/strong><br \/>\nBudim\u00edr 25,<br \/>\n044 43 Obec Budim\u00edr<br \/>\n<strong>Tel.:<\/strong> +421 <i>55<\/i> 695 82 94<br \/>\n<strong>Mobil:<\/strong> +421 <i>918<\/i> 965 700<br \/>\n<strong>E-mail:<\/strong> <a href=\"mailto:stmke@stm-ke.sk\" target=\"_blank\" rel=\"noopener noreferrer\">stmke@stm-ke.sk<\/a><br \/>\n<strong>Web:<\/strong> <a href=\"http:\/\/www.stm-ke.sk\" target=\"_blank\" rel=\"noopener noreferrer\">www.stm-ke.sk<\/a><\/p>\n<p><strong>\u017deliarsky dom v Budim\u00edre<\/strong><br \/>\nBudim\u00edr<br \/>\n04443 Budim\u00edr<\/p>\n<p><strong>Mobil:<\/strong> 0904 219 386<br \/>\n<strong>E-mail:<\/strong> <a href=\"mailto:zuzana.jedinakova@yahoo.com\" target=\"_blank\" rel=\"noopener noreferrer\">zuzana.jedinakova@yahoo.com<\/a><br \/>\n<strong>Facebook<\/strong>: <a href=\"https:\/\/www.facebook.com\/zeliarskydombudimir\/\" target=\"_blank\" rel=\"noopener noreferrer\">https:\/\/www.facebook.com\/zeliarskydombudimir\/<\/a><\/p>\n<h3><span style=\"color: #808000;\">Informa\u010dn\u00e9 centrum<\/span><\/h3>\n<ul>\n<li><a href=\"https:\/\/www.keturist.sk\/info\/sluzby-2\/informacne-centra\/obecne-informacne-centrum-obic-budimir\/\">Obecn\u00e9 informa\u010dn\u00e9 centrum (OBIC) Budim\u00edr (\u010d\u00edtaj viac&#8230;)<\/a><\/li>\n<\/ul>\n<p>OBIC, s. r. o.<br \/>\nBudim\u00edr 156<br \/>\n044 43 Budim\u00edr<\/p>\n<p><strong>Prev\u00e1dzka:<\/strong> Budim\u00edr 22 (Star\u0161\u00ed ka\u0161tie\u013e Flori\u00e1n na Paradnom dvore)<\/p>\n<p><strong>Web:<\/strong><br \/>\n<strong>E-mail:<\/strong> <a href=\"mailto:info@obic.sk\" target=\"_blank\" rel=\"noopener noreferrer\">info@obic.sk<\/a><br \/>\n<strong>Facebook:<\/strong> <a href=\"https:\/\/www.facebook.com\/OBIC22\/\" target=\"_blank\" rel=\"noopener noreferrer\">Obecn\u00e9 informa\u010dn\u00e9 centrum Budim\u00edr<\/a><br \/>\n<strong>Instagram:<\/strong> obic.sk<\/p>\n<p><strong>Zodpovedn\u00e1 osoba:<\/strong><br \/>\nIng. Zuzana K\u0161en\u017eighov\u00e1<br \/>\n<strong>E-mail:<\/strong> <a href=\"mailto:zuzana.ksenzighova@gmail.com\" target=\"_blank\" rel=\"noopener noreferrer\">zuzana.ksenzighova@gmail.com<\/a><br \/>\n<strong>Mob.:<\/strong> 0904 219\u00a0386<\/p>\n<h3><span style=\"color: #808000;\">Mapy<\/span><\/h3>\n<p><strong>Vrstvy: <\/strong>Turistick\u00e1 mapa, Automapa, Cyklomapa, Ly\u017eiarska mapa, Satelitn\u00e1 mapa a OpenStreetMap.<\/p>\n<p><strong>Kliknut\u00edm na logo &#8222;Freemap.sk&#8220; sa V\u00e1m mapa zobraz\u00ed na celej ploche obrazovky.<\/strong><\/p>\n<p><iframe style=\"width: 800px; height: 500px; border: 0;\" src=\"https:\/\/www.freemap.sk\/?map=14\/48.798779\/21.305151&amp;info-point=48.798779\/21.305151,Obec Budim\u00edr&amp;layers=T&amp;embed=search\" allowfullscreen=\"allowfullscreen\"><\/iframe><\/p>\n<h3><span style=\"color: #808000;\">Po\u010dasie<\/span><\/h3>\n<p><iframe style=\"width: 805px; height: 620px;\" src=\"https:\/\/www.meteoblue.com\/sk\/po%C4%8Dasie\/widget\/three\/budim%c3%adr_slovensko_725056?geoloc=fixed&amp;nocurrent=0&amp;noforecast=0&amp;days=7&amp;tempunit=CELSIUS&amp;windunit=KILOMETER_PER_HOUR&amp;layout=image\" frameborder=\"0\" scrolling=\"NO\" sandbox=\"allow-same-origin allow-scripts allow-popups allow-popups-to-escape-sandbox\"><\/iframe><\/p>\n<div><!-- DO NOT REMOVE THIS LINK --><a href=\"https:\/\/www.meteoblue.com\/sk\/po%C4%8Dasie\/t%C3%BD%C5%BEde%C5%88\/budim%c3%adr_slovensko_725056?utm_source=weather_widget&amp;utm_medium=linkus&amp;utm_content=three&amp;utm_campaign=Weather%2BWidget\" target=\"_blank\" rel=\"noopener noreferrer\">meteoblue<\/a><\/div>\n","protected":false},"excerpt":{"rendered":"<p>V\u0161eobecn\u00e9 inform\u00e1cie Obec Budim\u00edr le\u017e\u00ed v\u00a0centr\u00e1lnej \u010dasti Ko\u0161ickej kotliny, pribli\u017ene 10 km SV od mesta Ko\u0161ice smerom na mesto Pre\u0161ov. Rovinat\u00fa vn\u00fatorn\u00fa \u010das\u0165 kotliny tvoria \u0161irok\u00e9 rie\u010dne nivy Torysy a\u00a0Ol\u0161avy, [&hellip;]<\/p>\n","protected":false},"author":1,"featured_media":0,"parent":1785,"menu_order":0,"comment_status":"closed","ping_status":"closed","template":"","meta":{"_uag_custom_page_level_css":"","_monsterinsights_skip_tracking":false,"_monsterinsights_sitenote_active":false,"_monsterinsights_sitenote_note":"","_monsterinsights_sitenote_category":0,"footnotes":""},"class_list":["post-5274","page","type-page","status-publish","hentry"],"featured_image_src":"","featured_image_src_square":false,"rbea_author_info":{"display_name":"admin","author_link":"https:\/\/www.keturist.sk\/info\/author\/admin\/"},"rbea_excerpt_info":"V\u0161eobecn\u00e9 inform\u00e1cie Obec Budim\u00edr le\u017e\u00ed v\u00a0centr\u00e1lnej \u010dasti Ko\u0161ickej kotliny, pribli\u017ene 10 km SV od mesta Ko\u0161ice smerom na mesto Pre\u0161ov. Rovinat\u00fa vn\u00fatorn\u00fa \u010das\u0165 kotliny tvoria \u0161irok\u00e9 rie\u010dne nivy Torysy a\u00a0Ol\u0161avy, [&hellip;]","uagb_featured_image_src":{"full":false,"thumbnail":false,"medium":false,"medium_large":false,"large":false,"1536x1536":false,"2048x2048":false},"uagb_author_info":{"display_name":"admin","author_link":"https:\/\/www.keturist.sk\/info\/author\/admin\/"},"uagb_comment_info":0,"uagb_excerpt":"V\u0161eobecn\u00e9 inform\u00e1cie Obec Budim\u00edr le\u017e\u00ed v\u00a0centr\u00e1lnej \u010dasti Ko\u0161ickej kotliny, pribli\u017ene 10 km SV od mesta Ko\u0161ice smerom na mesto Pre\u0161ov. Rovinat\u00fa vn\u00fatorn\u00fa \u010das\u0165 kotliny tvoria \u0161irok\u00e9 rie\u010dne nivy Torysy a\u00a0Ol\u0161avy, [&hellip;]","_links":{"self":[{"href":"https:\/\/www.keturist.sk\/info\/wp-json\/wp\/v2\/pages\/5274","targetHints":{"allow":["GET"]}}],"collection":[{"href":"https:\/\/www.keturist.sk\/info\/wp-json\/wp\/v2\/pages"}],"about":[{"href":"https:\/\/www.keturist.sk\/info\/wp-json\/wp\/v2\/types\/page"}],"author":[{"embeddable":true,"href":"https:\/\/www.keturist.sk\/info\/wp-json\/wp\/v2\/users\/1"}],"replies":[{"embeddable":true,"href":"https:\/\/www.keturist.sk\/info\/wp-json\/wp\/v2\/comments?post=5274"}],"version-history":[{"count":18,"href":"https:\/\/www.keturist.sk\/info\/wp-json\/wp\/v2\/pages\/5274\/revisions"}],"predecessor-version":[{"id":43964,"href":"https:\/\/www.keturist.sk\/info\/wp-json\/wp\/v2\/pages\/5274\/revisions\/43964"}],"up":[{"embeddable":true,"href":"https:\/\/www.keturist.sk\/info\/wp-json\/wp\/v2\/pages\/1785"}],"wp:attachment":[{"href":"https:\/\/www.keturist.sk\/info\/wp-json\/wp\/v2\/media?parent=5274"}],"curies":[{"name":"wp","href":"https:\/\/api.w.org\/{rel}","templated":true}]}}