{"id":49239,"date":"2022-06-23T11:32:14","date_gmt":"2022-06-23T09:32:14","guid":{"rendered":"https:\/\/www.keturist.sk\/info\/?page_id=49239"},"modified":"2026-05-03T06:33:17","modified_gmt":"2026-05-03T04:33:17","slug":"drezinovy-oval-na-alpinke","status":"publish","type":"page","link":"https:\/\/www.keturist.sk\/info\/zaujimavosti\/drezinovy-oval-na-alpinke\/","title":{"rendered":"Drezinov\u00fd ov\u00e1l na Alpinke"},"content":{"rendered":"<a href=\"https:\/\/www.keturist.sk\/info\/\" class=\"su-button su-button-style-default\" style=\"color:#000000;background-color:#FFCF2F;border-color:#cca626;border-radius:5px\" target=\"_self\"><span style=\"color:#000000;padding:6px 16px;font-size:13px;line-height:20px;border-color:#ffde6e;border-radius:5px;text-shadow:none\"><i class=\"sui sui-arrow-right\" style=\"font-size:13px;color:#000000\"><\/i>  Spravodaj <\/span><\/a>\n<a href=\"https:\/\/www.keturist.sk\/info\/tipy-na-vylety\/\" class=\"su-button su-button-style-default\" style=\"color:#000000;background-color:#FFCF2F;border-color:#cca626;border-radius:5px\" target=\"_self\"><span style=\"color:#000000;padding:6px 16px;font-size:13px;line-height:20px;border-color:#ffde6e;border-radius:5px;text-shadow:none\"><i class=\"sui sui-arrow-right\" style=\"font-size:13px;color:#000000\"><\/i>  TIPY NA V\u00ddLETY <\/span><\/a>\n<a href=\"https:\/\/www.keturist.sk\/info\/zaujimavosti\/\" class=\"su-button su-button-style-default\" style=\"color:#000000;background-color:#FFCF2F;border-color:#cca626;border-radius:5px\" target=\"_self\"><span style=\"color:#000000;padding:6px 16px;font-size:13px;line-height:20px;border-color:#ffde6e;border-radius:5px;text-shadow:none\"><i class=\"sui sui-arrow-right\" style=\"font-size:13px;color:#000000\"><\/i>  Zauj\u00edmavosti <\/span><\/a>\n<div class=\"su-divider su-divider-style-default\" style=\"margin:15px 0;border-width:0px;border-color:#000000\"><\/div>\n<strong>Lokaliz\u00e1cia: <\/strong><a href=\"https:\/\/www.keturist.sk\/info\/vseobecne-informacie\/\">Ko\u0161ice<\/a> &#8211; <a href=\"https:\/\/www.keturist.sk\/info\/okolite-hory\/cierna-hora\/\">\u010cierna hora<\/a> &#8211; <a href=\"https:\/\/www.keturist.sk\/info\/okolite-hory\/volovske-vrchy\/\">Volovsk\u00e9 vrchy<\/a> &#8211; <a href=\"https:\/\/www.keturist.sk\/info\/strediska-a-centra\/stredisko-alpinka\/\">Alpinka<\/a> &#8211; <a href=\"https:\/\/www.keturist.sk\/info\/strediska-a-centra\/stredisko-cermel\/\">\u010cerme\u013e<\/a><\/p>\n<div class=\"su-divider su-divider-style-default\" style=\"margin:15px 0;border-width:2px;border-color:#000000\"><\/div>\n<figure id=\"attachment_49256\" aria-describedby=\"caption-attachment-49256\" style=\"width: 900px\" class=\"wp-caption aligncenter\"><a href=\"https:\/\/www.keturist.sk\/info\/wp-content\/uploads\/2022\/06\/drezinovy-oval-1.jpg\"><img loading=\"lazy\" decoding=\"async\" class=\"wp-image-49256\" src=\"https:\/\/www.keturist.sk\/info\/wp-content\/uploads\/2022\/06\/drezinovy-oval-1-800x600.jpg\" alt=\"Drezinov\u00fd ov\u00e1l na Alpinke\" width=\"900\" height=\"675\" srcset=\"https:\/\/www.keturist.sk\/info\/wp-content\/uploads\/2022\/06\/drezinovy-oval-1-800x600.jpg 800w, https:\/\/www.keturist.sk\/info\/wp-content\/uploads\/2022\/06\/drezinovy-oval-1-240x180.jpg 240w, https:\/\/www.keturist.sk\/info\/wp-content\/uploads\/2022\/06\/drezinovy-oval-1-768x576.jpg 768w, https:\/\/www.keturist.sk\/info\/wp-content\/uploads\/2022\/06\/drezinovy-oval-1-1200x900.jpg 1200w, https:\/\/www.keturist.sk\/info\/wp-content\/uploads\/2022\/06\/drezinovy-oval-1.jpg 1440w\" sizes=\"auto, (max-width: 900px) 100vw, 900px\" \/><\/a><figcaption id=\"caption-attachment-49256\" class=\"wp-caption-text\">Drezinov\u00fd ov\u00e1l na Alpinke , zdroj foto: Detsk\u00e1 \u017eeleznica<\/figcaption><\/figure>\n<div class=\"su-divider su-divider-style-default\" style=\"margin:15px 0;border-width:2px;border-color:#000000\"><\/div>\n<div class=\"container\">\n<div id=\"model-response-message-contentr_0f65d37a3cde29a2\" class=\"markdown markdown-main-panel stronger enable-updated-hr-color\" dir=\"ltr\" aria-live=\"off\" aria-busy=\"false\">\n<h2 data-path-to-node=\"1\"><span style=\"color: #800000;\">Z\u00e1\u017eitok na ko\u013eajniciach: Jedin\u00fd drezinov\u00fd ov\u00e1l na Slovensku!<\/span><\/h2>\n<p data-path-to-node=\"2\">Objavte v ko\u0161ickom \u010cermeli <b data-path-to-node=\"2\" data-index-in-node=\"27\">svetov\u00fd unik\u00e1t<\/b>, kde sa v\u010faka <b data-path-to-node=\"2\" data-index-in-node=\"56\">vlastnej sile<\/b> stanete p\u00e1nmi ko\u013eajn\u00edc na 300 metrov dlhom okruhu. T\u00e1to <b data-path-to-node=\"2\" data-index-in-node=\"126\">ekologick\u00e1 atrakcia<\/b> pon\u00faka bezpe\u010dn\u00fa jazdu na cyklo-drezin\u00e1ch pre rodiny aj nad\u0161encov hist\u00f3rie priamo v srdci pr\u00edrody. Za\u017eite pocit star\u00fdch \u017eelezni\u010diarov a vysk\u00fa\u0161ajte si <b data-path-to-node=\"2\" data-index-in-node=\"295\">netradi\u010dn\u00fd pohyb<\/b>, ktor\u00fd inde v na\u0161ej krajine nen\u00e1jdete. Sta\u010d\u00ed nasadn\u00fa\u0165 a u\u017ei\u0165 si <b data-path-to-node=\"2\" data-index-in-node=\"376\">nezabudnute\u013en\u00e9 dobrodru\u017estvo<\/b> na historickom banskom rozchode!<\/p>\n<\/div>\n<\/div>\n<h2><span style=\"color: #800000;\">\u010co je to\u00a0<strong>Drezinov\u00fd ov\u00e1l<\/strong>\u00a0a pre\u010do je unik\u00e1tnou turistickou atrakciou v Ko\u0161iciach?<\/span><\/h2>\n<p class=\"ds-markdown-paragraph\"><strong>Drezinov\u00fd ov\u00e1l<\/strong>\u00a0je prv\u00e1 a jedin\u00e1 atrakcia tohto druhu na Slovensku. Nach\u00e1dza sa na kone\u010dnej stanici Ko\u0161ickej detskej historickej \u017eeleznice, ktor\u00e1 prem\u00e1va z \u010cerme\u013ea na Alpinku a sp\u00e4\u0165.<\/p>\n<h2><span style=\"color: #800000;\">Ak\u00e9 s\u00fa technick\u00e9 parametre a p\u00f4vod\u00a0<strong>Drezinov\u00e9ho ov\u00e1lu<\/strong>?<\/span><\/h2>\n<p class=\"ds-markdown-paragraph\">Ov\u00e1l m\u00e1 pribli\u017en\u00fa d\u013a\u017eku 300 metrov a m\u00e1 tzv.\u00a0<strong>bansk\u00fd rozchod<\/strong>\u00a0s rozmerom 600 mm. Autorom tohto projektu a turistick\u00e9ho l\u00e1kadla je \u013dubom\u00edr Lehotsk\u00fd, predseda OZ Detsk\u00e1 historick\u00e1 \u017eeleznica v Ko\u0161iciach. Prv\u00fd a jedin\u00fd\u00a0<strong>drezinov\u00fd ov\u00e1l<\/strong>\u00a0na Slovensku bol sl\u00e1vnostne otvoren\u00fd po\u010das osl\u00e1v D\u0148a det\u00ed 4. 6. 2022. Projekt bol zrealizovan\u00fd s finan\u010dnou podporou Ko\u0161ick\u00e9ho samospr\u00e1vneho kraja cez program Terra Incognita.<\/p>\n<h2><span style=\"color: #800000;\">Ko\u013eko\u00a0<strong>drez\u00edn<\/strong>\u00a0je k dispoz\u00edcii a ako funguj\u00fa?<\/span><\/h2>\n<p class=\"ds-markdown-paragraph\">N\u00e1v\u0161tevn\u00edk tu m\u00e1 k dispoz\u00edcii\u00a0<strong>3 dreziny<\/strong>, ktor\u00e9 poh\u00e1\u0148aj\u00fa cestuj\u00faci\u00a0<strong>vlastnou silou<\/strong>\u00a0a rovnako si sami reguluj\u00fa r\u00fdchlos\u0165. T\u00e1to \u010diasto\u010dne mobiln\u00e1 atrakcia pozost\u00e1va z\u00a0<strong>ko\u013eajovej dr\u00e1hy<\/strong>\u00a0(ko\u013eajn\u00edce, upevnen\u00e9 na dreven\u00fdch podvaloch), umiestnenej na z\u013eahka upravenom ter\u00e9ne, vyrovnanom \u0161trkom. Jej s\u00fa\u010das\u0165ou je v\u00fdhybka i depo pre uskladnenie drez\u00edn.<\/p>\n<h2><span style=\"color: #800000;\">Pre\u010do je\u00a0<strong>Drezinov\u00fd ov\u00e1l<\/strong>\u00a0atrakt\u00edvnou s\u00fa\u010das\u0165ou turistickej infra\u0161trukt\u00fary?<\/span><\/h2>\n<p class=\"ds-markdown-paragraph\"><strong>Drezinov\u00fd ov\u00e1l<\/strong>\u00a0vhodne zapadol u\u017e do existuj\u00facej turistickej infra\u0161trukt\u00fary 10 km dlh\u00e9ho \u00fadolia, kde prem\u00e1va unik\u00e1tna historick\u00e1\u00a0<strong>detsk\u00e1 \u00fazkorozchodn\u00e1 \u017eeleznica<\/strong>\u00a0s najstar\u0161\u00edm funk\u010dn\u00fdm\u00a0<strong>parn\u00fdm ru\u0161\u0148om<\/strong>\u00a0v EU.<\/p>\n<p class=\"ds-markdown-paragraph\">Tento projekt je maxim\u00e1lne\u00a0<strong>ekologick\u00fd<\/strong>, energeticky nez\u00e1visl\u00fd, podporuj\u00faci\u00a0<strong>ekoturizmus<\/strong>\u00a0s vysokou pridanou hodnotou rekre\u00e1cie a pohybu \u013eud\u00ed na zdravom vzduchu. Atrakt\u00edvne a bezpe\u010dn\u00e9\u00a0<strong>dreziny<\/strong>\u00a0(cyklo a p\u00e1kov\u00e9) s\u00fa toti\u017e na \u013eudsk\u00fd pohon.<\/p>\n<h2><span style=\"color: #800000;\">Ak\u00e1 je kapacita atrakcie a pre koho je vhodn\u00e1?<\/span><\/h2>\n<p class=\"ds-markdown-paragraph\">Na dr\u00e1he sa bude do bud\u00facna pohybova\u0165\u00a0<strong>6 cyklo<\/strong>\u00a0pr\u00edp\u00e1dne\u00a0<strong>p\u00e1kov\u00fdch drez\u00edn<\/strong>, ka\u017ed\u00e1 pre cca 2 &#8211; 4 osoby. Spolu sa tak na dr\u00e1he bude m\u00f4c\u0165 v jednom momente pohybova\u0165 a\u017e 20 n\u00e1v\u0161tevn\u00edkov.<\/p>\n<p class=\"ds-markdown-paragraph\"><strong>Ko\u013eajnicov\u00e1 dr\u00e1ha<\/strong>\u00a0umo\u017e\u0148uje jednoduch\u00fd pohyb a prin\u00e1\u0161a nev\u0161edn\u00fd z\u00e1\u017eitok z cyklo a\u00a0<strong>drez\u00ednovej jazdy<\/strong>\u00a0v nezvy\u010dajn\u00fdch podmienkach &#8211; na ko\u013eajniciach. Dreziny s\u00fa v\u010faka svojmu prevodu bezpe\u010dn\u00e9, umo\u017e\u0148uj\u00fa z\u00e1\u017eitok z jazdy pre mal\u00fdch i ve\u013ek\u00fdch n\u00e1v\u0161tevn\u00edkov.<\/p>\n<h2><span style=\"color: #800000;\">Kedy je\u00a0<strong>Drezinov\u00fd ov\u00e1l<\/strong>\u00a0v prev\u00e1dzke a kto ho obsluhuje?<\/span><\/h2>\n<p class=\"ds-markdown-paragraph\"><strong>Dreziny<\/strong>\u00a0obsluhuj\u00fa a po\u017ei\u010diavaj\u00fa vy\u0161kolen\u00ed pracovn\u00edci v be\u017en\u00fdch otv\u00e1rac\u00edch hodin\u00e1ch, adekv\u00e1tnych pre turistick\u00e9 atrakcie v hlavnej sez\u00f3ne ka\u017ed\u00fd de\u0148. Za ist\u00fdch podmienok je mo\u017en\u00e1 prev\u00e1dzka aj v zime.<\/p>\n<h2><span style=\"color: #800000;\">\u010co je to vlastne\u00a0<strong>drezina<\/strong>\u00a0a ak\u00fd je jej p\u00f4vod?<\/span><\/h2>\n<p class=\"ds-markdown-paragraph\"><strong>Drezina<\/strong>\u00a0je \u013eahk\u00e9 ko\u013eajov\u00e9 vozidlo, ktor\u00e9 sl\u00fa\u017ei na dopravu nieko\u013ek\u00fdch pasa\u017eierov v\u00e4\u010d\u0161inou na slu\u017eobn\u00e9 \u00fa\u010dely.<\/p>\n<p class=\"ds-markdown-paragraph\">M\u00f4\u017ee by\u0165 poh\u00e1\u0148an\u00e9 mechanicky\u00a0<strong>silou svalov<\/strong>\u00a0alebo je vybaven\u00e9 motorom. N\u00e1zov je odvoden\u00fd z mena vyn\u00e1lezcu Karla Draisa, kon\u0161trukt\u00e9ra cestn\u00e9ho jednostopov\u00e9ho odr\u00e1\u017eadla nazvan\u00e9ho Laufmaschine alebo\u00a0<strong>draisina<\/strong>, predchodcu dne\u0161n\u00fdch bicyklov.<\/p>\n<p class=\"ds-markdown-paragraph\">Dreziny boli roben\u00e9 na princ\u00edpe bicyklov, motocyklov alebo automobilov.<\/p>\n<p class=\"ds-markdown-paragraph\">Existovali aj dreziny postaven\u00e9 ako jednoduch\u00fd voz s k\u013eukou a dvojzvratnou p\u00e1kou (pumpovacia drezina \u2013 obdoba princ\u00edpu star\u00fdch ru\u010dn\u00fdch hasi\u010dsk\u00fdch strieka\u010diek).<\/p>\n<p><strong>Viac info o projekte:<\/strong> <a href=\"https:\/\/www.detskazeleznica.sk\/\" target=\"_blank\" rel=\"noopener\">https:\/\/www.detskazeleznica.sk\/<\/a><\/p>\n<h2 data-path-to-node=\"1\"><span style=\"color: #800000;\">Nezabudnute\u013en\u00e1 jazda \u010dak\u00e1: \u0160liapnite do ped\u00e1lov hist\u00f3rie!<\/span><\/h2>\n<p data-path-to-node=\"2\">Neost\u00e1vajte len pri \u010d\u00edtan\u00ed a pr\u00ed\u010fte si na vlastnej ko\u017ei vysk\u00fa\u0161a\u0165 t\u00fato <b data-path-to-node=\"2\" data-index-in-node=\"70\">unik\u00e1tnu atrakciu<\/b>, ktor\u00e1 sp\u00e1ja pohyb na \u010derstvom vzduchu s k\u00fazlom \u017eeleznice. \u010ci u\u017e h\u013ead\u00e1te <b data-path-to-node=\"2\" data-index-in-node=\"161\">rodinn\u00fd v\u00fdlet<\/b> alebo netradi\u010dn\u00fd relax, <b data-path-to-node=\"2\" data-index-in-node=\"199\">Drezinov\u00fd ov\u00e1l na Alpinke<\/b> je miestom, kde sa z\u00e1bava stret\u00e1va s ekol\u00f3giou. Rezervujte si svoj \u010das v ko\u0161ickom \u00fadol\u00ed a odneste si <b data-path-to-node=\"2\" data-index-in-node=\"326\">autentick\u00fd z\u00e1\u017eitok<\/b>, ktor\u00fd v\u00e1s vr\u00e1ti do \u010dias sl\u00e1vnych vyn\u00e1lezov. <b data-path-to-node=\"2\" data-index-in-node=\"390\">Va\u0161a jazda<\/b> na jedinej dr\u00e1he svojho druhu na Slovensku za\u010d\u00edna pr\u00e1ve teraz!<\/p>\n<h2><span style=\"color: #800000;\">Fotogal\u00e9ria<\/span><\/h2>\n<style type=\"text\/css\">\n#foogallery-gallery-72593 .fg-image { width: 200px; }<\/style>\n\t\t\t<div class=\"foogallery foogallery-container foogallery-carousel foogallery-lightbox-foogallery fg-carousel fg-ready fg-light fg-border-medium fg-round-small fg-shadow-medium fg-loading-default fg-loaded-fade-in fg-hover-semi-zoomed fg-hover-fade fg-hover-circle-plus2\" id=\"foogallery-gallery-72593\" data-foogallery=\"{&quot;item&quot;:{&quot;showCaptionTitle&quot;:true,&quot;showCaptionDescription&quot;:true},&quot;lazy&quot;:true,&quot;template&quot;:{&quot;maxItems&quot;:5,&quot;scale&quot;:0.11999999999999999555910790149937383830547332763671875,&quot;gutter&quot;:{&quot;min&quot;:-40,&quot;max&quot;:-20,&quot;unit&quot;:&quot;%&quot;},&quot;autoplay&quot;:{&quot;time&quot;:0,&quot;interaction&quot;:&quot;pause&quot;},&quot;centerOnClick&quot;:true,&quot;align&quot;:&quot;center&quot;,&quot;activePosition&quot;:&quot;center&quot;}}\" data-foogallery-lightbox=\"{&quot;thumbs&quot;:&quot;bottom&quot;,&quot;thumbsCaptions&quot;:false,&quot;thumbsBestFit&quot;:false,&quot;thumbsSmall&quot;:false,&quot;thumbsCaptionsAlign&quot;:&quot;default&quot;,&quot;info&quot;:&quot;bottom&quot;,&quot;infoVisible&quot;:true,&quot;infoOverlay&quot;:true,&quot;infoAlign&quot;:&quot;default&quot;,&quot;transition&quot;:&quot;fade&quot;,&quot;hoverButtons&quot;:false,&quot;fitMedia&quot;:false,&quot;noScrollbars&quot;:true,&quot;preserveButtonSpace&quot;:true,&quot;buttons&quot;:{&quot;fullscreen&quot;:true,&quot;info&quot;:true,&quot;thumbs&quot;:false},&quot;video&quot;:{&quot;autoPlay&quot;:true}}\" style=\"--fg-title-line-clamp: 1; --fg-description-line-clamp: 2;\" >\n\t<button type=\"button\" class=\"fg-carousel-prev\" title=\"Previous\"><\/button>\n\t<div class=\"fg-carousel-inner\">\n\t\t<div class=\"fg-carousel-center\"><\/div>\n\t\t<div class=\"fg-item fg-type-image fg-idle\"><figure class=\"fg-item-inner\"><a href=\"https:\/\/www.keturist.sk\/info\/wp-content\/uploads\/2022\/06\/drezinovy-oval2.jpg\" data-caption-title=\"Drezinov\u00fd ov\u00e1l na Alpinke\" data-caption-desc=\"Drezinov\u00fd ov\u00e1l na Alpinke , zdroj foto: Detsk\u00e1 \u017eeleznica\" data-attachment-id=\"49266\" data-type=\"image\" class=\"fg-thumb\"><span class=\"fg-image-wrap\"><img decoding=\"async\" alt=\"Drezinov\u00fd ov\u00e1l na Alpinke\" title=\"Drezinov\u00fd ov\u00e1l na Alpinke\" width=\"200\" height=\"200\" class=\"skip-lazy fg-image\" data-src-fg=\"https:\/\/www.keturist.sk\/info\/wp-content\/uploads\/cache\/2022\/06\/drezinovy-oval2\/3122986293.jpg\" src=\"data:image\/svg+xml,%3Csvg%20xmlns%3D%22http%3A%2F%2Fwww.w3.org%2F2000%2Fsvg%22%20width%3D%22200%22%20height%3D%22200%22%20viewBox%3D%220%200%20200%20200%22%3E%3C%2Fsvg%3E\" loading=\"eager\"><\/span><span class=\"fg-image-overlay\"><\/span><\/a><figcaption class=\"fg-caption\"><div class=\"fg-caption-inner\"><div class=\"fg-caption-title\">Drezinov\u00fd ov\u00e1l na Alpinke<\/div><div class=\"fg-caption-desc\">Drezinov\u00fd ov\u00e1l na Alpinke , zdroj foto: Detsk\u00e1 \u017eeleznica<\/div><\/div><\/figcaption><\/figure><div class=\"fg-loader\"><\/div><\/div><div class=\"fg-item fg-type-image fg-idle\"><figure class=\"fg-item-inner\"><a href=\"https:\/\/www.keturist.sk\/info\/wp-content\/uploads\/2022\/06\/WebKRT_KosickeDreziny_1-1-1024x403-1.jpg\" data-caption-title=\"Drezinov\u00fd ov\u00e1l na Alpinke\" data-caption-desc=\"Drezinov\u00fd ov\u00e1l na Alpinke , zdroj foto: Detsk\u00e1 \u017eeleznica\" data-attachment-id=\"49277\" data-type=\"image\" class=\"fg-thumb\"><span class=\"fg-image-wrap\"><img decoding=\"async\" alt=\"Drezinov\u00fd ov\u00e1l na Alpinke\" title=\"Drezinov\u00fd ov\u00e1l na Alpinke\" width=\"200\" height=\"200\" class=\"skip-lazy fg-image\" data-src-fg=\"https:\/\/www.keturist.sk\/info\/wp-content\/uploads\/cache\/2022\/06\/WebKRT_KosickeDreziny_1-1-1024x403-1\/552515339.jpg\" src=\"data:image\/svg+xml,%3Csvg%20xmlns%3D%22http%3A%2F%2Fwww.w3.org%2F2000%2Fsvg%22%20width%3D%22200%22%20height%3D%22200%22%20viewBox%3D%220%200%20200%20200%22%3E%3C%2Fsvg%3E\" loading=\"eager\"><\/span><span class=\"fg-image-overlay\"><\/span><\/a><figcaption class=\"fg-caption\"><div class=\"fg-caption-inner\"><div class=\"fg-caption-title\">Drezinov\u00fd ov\u00e1l na Alpinke<\/div><div class=\"fg-caption-desc\">Drezinov\u00fd ov\u00e1l na Alpinke , zdroj foto: Detsk\u00e1 \u017eeleznica<\/div><\/div><\/figcaption><\/figure><div class=\"fg-loader\"><\/div><\/div><div class=\"fg-item fg-type-image fg-idle\"><figure class=\"fg-item-inner\"><a href=\"https:\/\/www.keturist.sk\/info\/wp-content\/uploads\/2022\/06\/drezinovy-oval-1.jpg\" data-caption-title=\"Drezinov\u00fd ov\u00e1l na Alpinke\" data-caption-desc=\"Drezinov\u00fd ov\u00e1l na Alpinke , zdroj foto: Detsk\u00e1 \u017eeleznica\" data-attachment-id=\"49256\" data-type=\"image\" class=\"fg-thumb\"><span class=\"fg-image-wrap\"><img decoding=\"async\" alt=\"Drezinov\u00fd ov\u00e1l na Alpinke\" title=\"Drezinov\u00fd ov\u00e1l na Alpinke\" width=\"200\" height=\"200\" class=\"skip-lazy fg-image\" data-src-fg=\"https:\/\/www.keturist.sk\/info\/wp-content\/uploads\/cache\/2022\/06\/drezinovy-oval-1\/2890193772.jpg\" src=\"data:image\/svg+xml,%3Csvg%20xmlns%3D%22http%3A%2F%2Fwww.w3.org%2F2000%2Fsvg%22%20width%3D%22200%22%20height%3D%22200%22%20viewBox%3D%220%200%20200%20200%22%3E%3C%2Fsvg%3E\" loading=\"eager\"><\/span><span class=\"fg-image-overlay\"><\/span><\/a><figcaption class=\"fg-caption\"><div class=\"fg-caption-inner\"><div class=\"fg-caption-title\">Drezinov\u00fd ov\u00e1l na Alpinke<\/div><div class=\"fg-caption-desc\">Drezinov\u00fd ov\u00e1l na Alpinke , zdroj foto: Detsk\u00e1 \u017eeleznica<\/div><\/div><\/figcaption><\/figure><div class=\"fg-loader\"><\/div><\/div><div class=\"fg-item fg-type-image fg-idle\"><figure class=\"fg-item-inner\"><a href=\"https:\/\/www.keturist.sk\/info\/wp-content\/uploads\/2022\/06\/drezinovy-oval.jpg\" data-caption-title=\"Drezinov\u00fd ov\u00e1l na Alpinke\" data-caption-desc=\"Drezinov\u00fd ov\u00e1l na Alpinke , zdroj foto: Detsk\u00e1 \u017eeleznica\" data-attachment-id=\"48749\" data-type=\"image\" class=\"fg-thumb\"><span class=\"fg-image-wrap\"><img decoding=\"async\" alt=\"Drezinov\u00fd ov\u00e1l na Alpinke\" title=\"Drezinov\u00fd ov\u00e1l na Alpinke\" width=\"200\" height=\"200\" class=\"skip-lazy fg-image\" data-src-fg=\"https:\/\/www.keturist.sk\/info\/wp-content\/uploads\/cache\/2022\/06\/drezinovy-oval\/933425827.jpg\" src=\"data:image\/svg+xml,%3Csvg%20xmlns%3D%22http%3A%2F%2Fwww.w3.org%2F2000%2Fsvg%22%20width%3D%22200%22%20height%3D%22200%22%20viewBox%3D%220%200%20200%20200%22%3E%3C%2Fsvg%3E\" loading=\"eager\"><\/span><span class=\"fg-image-overlay\"><\/span><\/a><figcaption class=\"fg-caption\"><div class=\"fg-caption-inner\"><div class=\"fg-caption-title\">Drezinov\u00fd ov\u00e1l na Alpinke<\/div><div class=\"fg-caption-desc\">Drezinov\u00fd ov\u00e1l na Alpinke , zdroj foto: Detsk\u00e1 \u017eeleznica<\/div><\/div><\/figcaption><\/figure><div class=\"fg-loader\"><\/div><\/div><div class=\"fg-item fg-type-image fg-idle\"><figure class=\"fg-item-inner\"><a href=\"https:\/\/www.keturist.sk\/info\/wp-content\/uploads\/2022\/02\/drezinA.jpg\" data-caption-title=\"Drezinov\u00fd ov\u00e1l na Alpinke\" data-caption-desc=\"Drezinov\u00fd ov\u00e1l na Alpinke , zdroj foto: Detsk\u00e1 \u017eeleznica\" data-attachment-id=\"47056\" data-type=\"image\" class=\"fg-thumb\"><span class=\"fg-image-wrap\"><img decoding=\"async\" alt=\"Drezinov\u00fd ov\u00e1l na Alpinke\" title=\"Drezinov\u00fd ov\u00e1l na Alpinke\" width=\"200\" height=\"200\" class=\"skip-lazy fg-image\" data-src-fg=\"https:\/\/www.keturist.sk\/info\/wp-content\/uploads\/cache\/2022\/02\/drezinA\/599855023.jpg\" src=\"data:image\/svg+xml,%3Csvg%20xmlns%3D%22http%3A%2F%2Fwww.w3.org%2F2000%2Fsvg%22%20width%3D%22200%22%20height%3D%22200%22%20viewBox%3D%220%200%20200%20200%22%3E%3C%2Fsvg%3E\" loading=\"eager\"><\/span><span class=\"fg-image-overlay\"><\/span><\/a><figcaption class=\"fg-caption\"><div class=\"fg-caption-inner\"><div class=\"fg-caption-title\">Drezinov\u00fd ov\u00e1l na Alpinke<\/div><div class=\"fg-caption-desc\">Drezinov\u00fd ov\u00e1l na Alpinke , zdroj foto: Detsk\u00e1 \u017eeleznica<\/div><\/div><\/figcaption><\/figure><div class=\"fg-loader\"><\/div><\/div>\t<\/div>\n\t<div class=\"fg-carousel-bottom\"><\/div>\n\t<div class=\"fg-carousel-progress\"><\/div>\n\t<button type=\"button\" class=\"fg-carousel-next\" title=\"Next\"><\/button>\n<\/div>\n<h2><span style=\"color: #800000;\">Zauj\u00edmav\u00e9 odkazy<\/span><\/h2>\n<h3><span style=\"color: #808000;\">Cestovn\u00fd poriadok a aktu\u00e1lne otv\u00e1racie hodiny<\/span><\/h3>\n<ul>\n<li><a href=\"https:\/\/www.detskazeleznica.sk\/\" target=\"_blank\" rel=\"noopener\">Cestovn\u00fd poriadok a aktu\u00e1lne otv\u00e1racie hodiny (\u010d\u00edtaj viac&#8230;)<\/a><\/li>\n<\/ul>\n<h3><span style=\"color: #808000;\">Bl\u00edzke stredisko, turistick\u00e9 centrum, obec alebo mesto:<\/span><\/h3>\n<ul>\n<li><a href=\"https:\/\/www.keturist.sk\/info\/strediska-a-centra\/stredisko-cermel\/\">Stredisko \u010cerme\u013e (\u010d\u00edtaj viac&#8230;)<\/a><\/li>\n<\/ul>\n<ul>\n<li><a href=\"https:\/\/www.keturist.sk\/info\/strediska-a-centra\/stredisko-alpinka\/\">Stredisko Alpinka (\u010d\u00edtaj viac&#8230;)<\/a><\/li>\n<\/ul>\n<h2><span style=\"color: #800000;\">Mapy<\/span><\/h2>\n<p><strong>Vrstvy: <\/strong>Turistick\u00e1 mapa, Automapa, Cyklomapa, Ly\u017eiarska mapa, Satelitn\u00e1 mapa a OpenStreetMap.<\/p>\n<p><strong>Kliknut\u00edm na logo &#8222;Freemap.sk&#8220; sa V\u00e1m mapa zobraz\u00ed na celej ploche obrazovky.<\/strong><\/p>\n<p><iframe style=\"width: 900px; height: 500px; border: 0;\" src=\"https:\/\/www.freemap.sk\/?map=12\/48.771238\/21.169109&amp;info-point=48.771238\/21.169109,\u010cerme\u013esk\u00e1 dolina (\u010cerme\u013esk\u00e9 \u00fadolie)&amp;layers=X&amp;embed=search\" allowfullscreen=\"allowfullscreen\"><span data-mce-type=\"bookmark\" style=\"display: inline-block; width: 0px; overflow: hidden; line-height: 0;\" class=\"mce_SELRES_start\">\ufeff<\/span><span data-mce-type=\"bookmark\" style=\"display: inline-block; width: 0px; overflow: hidden; line-height: 0;\" class=\"mce_SELRES_start\">\ufeff<\/span><\/iframe><\/p>\n<h2><span style=\"color: #800000;\">Po\u010dasie<\/span><\/h2>\n<p><iframe style=\"width: 900px; height: 605px;\" src=\"https:\/\/www.meteoblue.com\/sk\/po%C4%8Dasie\/widget\/three\/48.769N21.172E360_Europe%2FBratislava?geoloc=fixed&amp;nocurrent=0&amp;noforecast=0&amp;days=5&amp;tempunit=CELSIUS&amp;windunit=KILOMETER_PER_HOUR&amp;layout=image\" frameborder=\"0\" scrolling=\"NO\" sandbox=\"allow-same-origin allow-scripts allow-popups allow-popups-to-escape-sandbox\"><\/iframe><\/p>\n<div><!-- DO NOT REMOVE THIS LINK --><a href=\"https:\/\/www.meteoblue.com\/sk\/po%C4%8Dasie\/predpove%C4%8F\/t%C3%BD%C5%BEde%C5%88\/48.769N21.172E360_Europe%2FBratislava?utm_source=weather_widget&amp;utm_medium=linkus&amp;utm_content=three&amp;utm_campaign=Weather%2BWidget\" target=\"_blank\" rel=\"noopener noreferrer\">meteoblue<\/a><\/div>\n","protected":false},"excerpt":{"rendered":"<p>Lokaliz\u00e1cia: Ko\u0161ice &#8211; \u010cierna hora &#8211; Volovsk\u00e9 vrchy &#8211; Alpinka &#8211; \u010cerme\u013e Z\u00e1\u017eitok na ko\u013eajniciach: Jedin\u00fd drezinov\u00fd ov\u00e1l na Slovensku! Objavte v ko\u0161ickom \u010cermeli svetov\u00fd unik\u00e1t, kde sa v\u010faka vlastnej [&hellip;]<\/p>\n","protected":false},"author":1,"featured_media":49256,"parent":260,"menu_order":0,"comment_status":"closed","ping_status":"closed","template":"","meta":{"_uag_custom_page_level_css":"","_monsterinsights_skip_tracking":false,"_monsterinsights_sitenote_active":false,"_monsterinsights_sitenote_note":"","_monsterinsights_sitenote_category":0,"footnotes":""},"class_list":["post-49239","page","type-page","status-publish","has-post-thumbnail","hentry"],"featured_image_src":"https:\/\/www.keturist.sk\/info\/wp-content\/uploads\/2022\/06\/drezinovy-oval-1.jpg","featured_image_src_square":"https:\/\/www.keturist.sk\/info\/wp-content\/uploads\/2022\/06\/drezinovy-oval-1.jpg","rbea_author_info":{"display_name":"admin","author_link":"https:\/\/www.keturist.sk\/info\/author\/admin\/"},"rbea_excerpt_info":"Lokaliz\u00e1cia: Ko\u0161ice &#8211; \u010cierna hora &#8211; Volovsk\u00e9 vrchy &#8211; Alpinka &#8211; \u010cerme\u013e Z\u00e1\u017eitok na ko\u013eajniciach: Jedin\u00fd drezinov\u00fd ov\u00e1l na Slovensku! Objavte v ko\u0161ickom \u010cermeli svetov\u00fd unik\u00e1t, kde sa v\u010faka vlastnej [&hellip;]","uagb_featured_image_src":{"full":["https:\/\/www.keturist.sk\/info\/wp-content\/uploads\/2022\/06\/drezinovy-oval-1.jpg",1440,1080,false],"thumbnail":["https:\/\/www.keturist.sk\/info\/wp-content\/uploads\/2022\/06\/drezinovy-oval-1-240x180.jpg",240,180,true],"medium":["https:\/\/www.keturist.sk\/info\/wp-content\/uploads\/2022\/06\/drezinovy-oval-1-800x600.jpg",800,600,true],"medium_large":["https:\/\/www.keturist.sk\/info\/wp-content\/uploads\/2022\/06\/drezinovy-oval-1-768x576.jpg",768,576,true],"large":["https:\/\/www.keturist.sk\/info\/wp-content\/uploads\/2022\/06\/drezinovy-oval-1.jpg",1440,1080,false],"1536x1536":["https:\/\/www.keturist.sk\/info\/wp-content\/uploads\/2022\/06\/drezinovy-oval-1.jpg",1440,1080,false],"2048x2048":["https:\/\/www.keturist.sk\/info\/wp-content\/uploads\/2022\/06\/drezinovy-oval-1.jpg",1440,1080,false]},"uagb_author_info":{"display_name":"admin","author_link":"https:\/\/www.keturist.sk\/info\/author\/admin\/"},"uagb_comment_info":0,"uagb_excerpt":"Lokaliz\u00e1cia: Ko\u0161ice &#8211; \u010cierna hora &#8211; Volovsk\u00e9 vrchy &#8211; Alpinka &#8211; \u010cerme\u013e Z\u00e1\u017eitok na ko\u013eajniciach: Jedin\u00fd drezinov\u00fd ov\u00e1l na Slovensku! Objavte v ko\u0161ickom \u010cermeli svetov\u00fd unik\u00e1t, kde sa v\u010faka vlastnej [&hellip;]","_links":{"self":[{"href":"https:\/\/www.keturist.sk\/info\/wp-json\/wp\/v2\/pages\/49239","targetHints":{"allow":["GET"]}}],"collection":[{"href":"https:\/\/www.keturist.sk\/info\/wp-json\/wp\/v2\/pages"}],"about":[{"href":"https:\/\/www.keturist.sk\/info\/wp-json\/wp\/v2\/types\/page"}],"author":[{"embeddable":true,"href":"https:\/\/www.keturist.sk\/info\/wp-json\/wp\/v2\/users\/1"}],"replies":[{"embeddable":true,"href":"https:\/\/www.keturist.sk\/info\/wp-json\/wp\/v2\/comments?post=49239"}],"version-history":[{"count":22,"href":"https:\/\/www.keturist.sk\/info\/wp-json\/wp\/v2\/pages\/49239\/revisions"}],"predecessor-version":[{"id":75726,"href":"https:\/\/www.keturist.sk\/info\/wp-json\/wp\/v2\/pages\/49239\/revisions\/75726"}],"up":[{"embeddable":true,"href":"https:\/\/www.keturist.sk\/info\/wp-json\/wp\/v2\/pages\/260"}],"wp:featuredmedia":[{"embeddable":true,"href":"https:\/\/www.keturist.sk\/info\/wp-json\/wp\/v2\/media\/49256"}],"wp:attachment":[{"href":"https:\/\/www.keturist.sk\/info\/wp-json\/wp\/v2\/media?parent=49239"}],"curies":[{"name":"wp","href":"https:\/\/api.w.org\/{rel}","templated":true}]}}