{"id":48902,"date":"2022-06-10T07:12:40","date_gmt":"2022-06-10T05:12:40","guid":{"rendered":"https:\/\/www.keturist.sk\/info\/?page_id=48902"},"modified":"2022-06-11T07:56:25","modified_gmt":"2022-06-11T05:56:25","slug":"malohoresske-vinne-pivnice","status":"publish","type":"page","link":"https:\/\/www.keturist.sk\/info\/tipy-na-vylety\/vinna-turistika\/vychodoslovenska-vinohradnicka-oblast\/malohoresske-vinne-pivnice\/","title":{"rendered":"Malohore\u0161sk\u00e9 v\u00ednne pivnice"},"content":{"rendered":"<a href=\"https:\/\/www.keturist.sk\/info\/\" class=\"su-button su-button-style-default\" style=\"color:#000000;background-color:#FFCF2F;border-color:#cca626;border-radius:5px\" target=\"_self\"><span style=\"color:#000000;padding:6px 16px;font-size:13px;line-height:20px;border-color:#ffde6e;border-radius:5px;text-shadow:none\"><i class=\"sui sui-arrow-right\" style=\"font-size:13px;color:#000000\"><\/i>  Spravodaj <\/span><\/a>\n<a href=\"https:\/\/www.keturist.sk\/info\/tipy-na-vylety\/\" class=\"su-button su-button-style-default\" style=\"color:#000000;background-color:#FFCF2F;border-color:#cca626;border-radius:5px\" target=\"_self\"><span style=\"color:#000000;padding:6px 16px;font-size:13px;line-height:20px;border-color:#ffde6e;border-radius:5px;text-shadow:none\"><i class=\"sui sui-arrow-right\" style=\"font-size:13px;color:#000000\"><\/i>  TIPY NA V\u00ddLETY <\/span><\/a>\n<a href=\"https:\/\/www.keturist.sk\/info\/tipy-na-vylety\/vinna-turistika\/\" class=\"su-button su-button-style-default\" style=\"color:#000000;background-color:#FFCF2F;border-color:#cca626;border-radius:5px\" target=\"_self\"><span style=\"color:#000000;padding:6px 16px;font-size:13px;line-height:20px;border-color:#ffde6e;border-radius:5px;text-shadow:none\"><i class=\"sui sui-arrow-right\" style=\"font-size:13px;color:#000000\"><\/i>  V\u00ednna a pivn\u00e1 turistika <\/span><\/a>\n<a href=\"https:\/\/www.keturist.sk\/info\/tipy-na-vylety\/vinna-turistika\/vychodoslovenska-vinohradnicka-oblast\/\" class=\"su-button su-button-style-default\" style=\"color:#000000;background-color:#FFCF2F;border-color:#cca626;border-radius:5px\" target=\"_self\"><span style=\"color:#000000;padding:6px 16px;font-size:13px;line-height:20px;border-color:#ffde6e;border-radius:5px;text-shadow:none\"><i class=\"sui sui-arrow-right\" style=\"font-size:13px;color:#000000\"><\/i>  V\u00fdchodoslovensk\u00e1 vinohradn\u00edcka oblas\u0165 <\/span><\/a>\n<div class=\"su-divider su-divider-style-default\" style=\"margin:15px 0;border-width:2px;border-color:#000000\"><\/div>\n<a href=\"https:\/\/www.keturist.sk\/info\/\" class=\"su-button su-button-style-default\" style=\"color:#000000;background-color:#FFCF2F;border-color:#cca626;border-radius:5px\" target=\"_self\"><span style=\"color:#000000;padding:6px 16px;font-size:13px;line-height:20px;border-color:#ffde6e;border-radius:5px;text-shadow:none\"><i class=\"sui sui-arrow-right\" style=\"font-size:13px;color:#000000\"><\/i>  Spravodaj <\/span><\/a>\n<a href=\"https:\/\/www.keturist.sk\/info\/tipy-na-vylety\/\" class=\"su-button su-button-style-default\" style=\"color:#000000;background-color:#FFCF2F;border-color:#cca626;border-radius:5px\" target=\"_self\"><span style=\"color:#000000;padding:6px 16px;font-size:13px;line-height:20px;border-color:#ffde6e;border-radius:5px;text-shadow:none\"><i class=\"sui sui-arrow-right\" style=\"font-size:13px;color:#000000\"><\/i>  TIPY NA V\u00ddLETY <\/span><\/a>\n<a href=\"https:\/\/www.keturist.sk\/info\/zaujimavosti\/\" class=\"su-button su-button-style-default\" style=\"color:#000000;background-color:#FFCF2F;border-color:#cca626;border-radius:5px\" target=\"_self\"><span style=\"color:#000000;padding:6px 16px;font-size:13px;line-height:20px;border-color:#ffde6e;border-radius:5px;text-shadow:none\"><i class=\"sui sui-arrow-right\" style=\"font-size:13px;color:#000000\"><\/i>  Zauj\u00edmavosti <\/span><\/a>\n<div class=\"su-divider su-divider-style-default\" style=\"margin:15px 0;border-width:0px;border-color:#000000\"><\/div>\n<strong>Lokaliz\u00e1cia: <\/strong> <a href=\"https:\/\/www.keturist.sk\/info\/vseobecne-informacie\/zemplin\/\">Doln\u00fd Zempl\u00edn<\/a><\/p>\n<div class=\"su-divider su-divider-style-default\" style=\"margin:15px 0;border-width:2px;border-color:#000000\"><\/div>\n<h3><span style=\"color: #808000;\">V\u0161eobecn\u00e9 inform\u00e1cie<\/span><\/h3>\n<p>V\u00ednna pivnica je priestor ur\u010den\u00fd na skladovanie v\u00edna vo f\u013ea\u0161iach, sudoch alebo menej \u010dastej\u0161ie v demi\u017e\u00f3noch.<\/p>\n<figure id=\"attachment_48955\" aria-describedby=\"caption-attachment-48955\" style=\"width: 800px\" class=\"wp-caption aligncenter\"><a href=\"https:\/\/www.keturist.sk\/info\/wp-content\/uploads\/2022\/06\/maly-hores-pivnice1.jpg\"><img loading=\"lazy\" decoding=\"async\" class=\"wp-image-48955 size-medium\" src=\"https:\/\/www.keturist.sk\/info\/wp-content\/uploads\/2022\/06\/maly-hores-pivnice1-800x534.jpg\" alt=\"\" width=\"800\" height=\"534\" srcset=\"https:\/\/www.keturist.sk\/info\/wp-content\/uploads\/2022\/06\/maly-hores-pivnice1-800x534.jpg 800w, https:\/\/www.keturist.sk\/info\/wp-content\/uploads\/2022\/06\/maly-hores-pivnice1-270x180.jpg 270w, https:\/\/www.keturist.sk\/info\/wp-content\/uploads\/2022\/06\/maly-hores-pivnice1-768x512.jpg 768w, https:\/\/www.keturist.sk\/info\/wp-content\/uploads\/2022\/06\/maly-hores-pivnice1.jpg 1000w\" sizes=\"auto, (max-width: 800px) 100vw, 800px\" \/><\/a><figcaption id=\"caption-attachment-48955\" class=\"wp-caption-text\">Malohore\u0161sk\u00e9 v\u00ednne pivnice, Fotograf: Jozef Mare\u010dek (https:\/\/www.facebook.com\/jozef.marecek.94)<\/figcaption><\/figure>\n<p>Obec Mal\u00fd Hore\u0161 je zn\u00e1ma komplexom v\u00ednnych pivni\u010diek, ktor\u00e9 patria do V\u00fdchodoslovenskej vinohradn\u00edckej oblasti a Kr\u00e1\u013eovskochlmeck\u00e9ho raj\u00f3nu.<\/p>\n<p>Ide o v\u00ednne pivnice hlavne zo 16. storo\u010dia ( dokonca v niektor\u00fdch pr\u00edpadoch aj zo 13.storo\u010dia), ktor\u00e9 sa nach\u00e1dzaj\u00fa priamo v ag\u00e1tovom h\u00e1ji.<\/p>\n<figure id=\"attachment_48956\" aria-describedby=\"caption-attachment-48956\" style=\"width: 800px\" class=\"wp-caption aligncenter\"><a href=\"https:\/\/www.keturist.sk\/info\/wp-content\/uploads\/2022\/06\/maly-hores-pivnice2.jpg\"><img loading=\"lazy\" decoding=\"async\" class=\"wp-image-48956 size-medium\" src=\"https:\/\/www.keturist.sk\/info\/wp-content\/uploads\/2022\/06\/maly-hores-pivnice2-800x534.jpg\" alt=\"\" width=\"800\" height=\"534\" srcset=\"https:\/\/www.keturist.sk\/info\/wp-content\/uploads\/2022\/06\/maly-hores-pivnice2-800x534.jpg 800w, https:\/\/www.keturist.sk\/info\/wp-content\/uploads\/2022\/06\/maly-hores-pivnice2-270x180.jpg 270w, https:\/\/www.keturist.sk\/info\/wp-content\/uploads\/2022\/06\/maly-hores-pivnice2-768x512.jpg 768w, https:\/\/www.keturist.sk\/info\/wp-content\/uploads\/2022\/06\/maly-hores-pivnice2.jpg 1000w\" sizes=\"auto, (max-width: 800px) 100vw, 800px\" \/><\/a><figcaption id=\"caption-attachment-48956\" class=\"wp-caption-text\">Malohore\u0161sk\u00e9 v\u00ednne pivnice, Fotograf: Jozef Mare\u010dek (https:\/\/www.facebook.com\/jozef.marecek.94)<\/figcaption><\/figure>\n<p>N\u00e1jdeme v \u0148om pribli\u017ene 360 pivn\u00edc vyh\u013aben\u00fdch do tufu a andezitu so vstupn\u00fdmi port\u00e1lmi, ktor\u00fdch je pribli\u017ene 80.<\/p>\n<p>Jeden pivni\u010dn\u00fd vstupn\u00fd port\u00e1l vedie z pravidla do viacer\u00fdch pivn\u00edc (od 3. do 10.).<\/p>\n<figure id=\"attachment_48957\" aria-describedby=\"caption-attachment-48957\" style=\"width: 800px\" class=\"wp-caption aligncenter\"><a href=\"https:\/\/www.keturist.sk\/info\/wp-content\/uploads\/2022\/06\/maly-hores-pivnice3.jpg\"><img loading=\"lazy\" decoding=\"async\" class=\"wp-image-48957 size-medium\" src=\"https:\/\/www.keturist.sk\/info\/wp-content\/uploads\/2022\/06\/maly-hores-pivnice3-800x534.jpg\" alt=\"\" width=\"800\" height=\"534\" srcset=\"https:\/\/www.keturist.sk\/info\/wp-content\/uploads\/2022\/06\/maly-hores-pivnice3-800x534.jpg 800w, https:\/\/www.keturist.sk\/info\/wp-content\/uploads\/2022\/06\/maly-hores-pivnice3-270x180.jpg 270w, https:\/\/www.keturist.sk\/info\/wp-content\/uploads\/2022\/06\/maly-hores-pivnice3-768x512.jpg 768w, https:\/\/www.keturist.sk\/info\/wp-content\/uploads\/2022\/06\/maly-hores-pivnice3.jpg 1000w\" sizes=\"auto, (max-width: 800px) 100vw, 800px\" \/><\/a><figcaption id=\"caption-attachment-48957\" class=\"wp-caption-text\">Malohore\u0161sk\u00e9 v\u00ednne pivnice, Fotograf: Jozef Mare\u010dek (https:\/\/www.facebook.com\/jozef.marecek.94)<\/figcaption><\/figure>\n<p>Najstar\u0161ie pivnice s\u00fa tesan\u00e9 do usadenej sope\u010dn\u00e9ho p\u00f4vodu horniny naz\u00fdvanej ako tuf.<\/p>\n<p>Tuf je vulkanick\u00fd sediment a usaden\u00e1 hornina vulkanick\u00e9ho p\u00f4vodu, zlo\u017een\u00e1 z jemnozrnn\u00fdch sope\u010dn\u00fdch vyvrhl\u00edn, hlavne sope\u010dn\u00e9ho popola a prachu pr\u00edpadne pemzy.<\/p>\n<figure id=\"attachment_48958\" aria-describedby=\"caption-attachment-48958\" style=\"width: 800px\" class=\"wp-caption aligncenter\"><a href=\"https:\/\/www.keturist.sk\/info\/wp-content\/uploads\/2022\/06\/maly-hores-pivnice4.jpg\"><img loading=\"lazy\" decoding=\"async\" class=\"wp-image-48958 size-medium\" src=\"https:\/\/www.keturist.sk\/info\/wp-content\/uploads\/2022\/06\/maly-hores-pivnice4-800x534.jpg\" alt=\"\" width=\"800\" height=\"534\" srcset=\"https:\/\/www.keturist.sk\/info\/wp-content\/uploads\/2022\/06\/maly-hores-pivnice4-800x534.jpg 800w, https:\/\/www.keturist.sk\/info\/wp-content\/uploads\/2022\/06\/maly-hores-pivnice4-270x180.jpg 270w, https:\/\/www.keturist.sk\/info\/wp-content\/uploads\/2022\/06\/maly-hores-pivnice4-768x512.jpg 768w, https:\/\/www.keturist.sk\/info\/wp-content\/uploads\/2022\/06\/maly-hores-pivnice4.jpg 1000w\" sizes=\"auto, (max-width: 800px) 100vw, 800px\" \/><\/a><figcaption id=\"caption-attachment-48958\" class=\"wp-caption-text\">Malohore\u0161sk\u00e9 v\u00ednne pivnice, Fotograf: Jozef Mare\u010dek (https:\/\/www.facebook.com\/jozef.marecek.94)<\/figcaption><\/figure>\n<p>V tufov\u00fdch pivniciach je najlep\u0161ia kl\u00edma pre v\u00edno, kde cel\u00fd rok sa tu dr\u017e\u00ed stabiln\u00e1 teplota, \u010do napom\u00e1ha k dokonal\u00e9mu zretiu tohto alkoholick\u00e9ho n\u00e1poja.<\/p>\n<p>V 13. storo\u010d\u00ed sl\u00fa\u017eili tieto podzemn\u00e9 priestory vyh\u013aben\u00e9 do tufu ako \u00fato\u010disko pred Mongolsk\u00fdm vp\u00e1dom, a\u017e postupne pri\u0161li na to, \u017ee v priestoroch, ktor\u00e9 maj\u00fa stabiln\u00fdch 10 a\u017e 12\u00b0C a vysok\u00fa vlhkos\u0165 (pribli\u017ene 90 %), dozrieva mimoriadne kvalitn\u00e9 v\u00edno.<\/p>\n<figure id=\"attachment_48959\" aria-describedby=\"caption-attachment-48959\" style=\"width: 800px\" class=\"wp-caption aligncenter\"><a href=\"https:\/\/www.keturist.sk\/info\/wp-content\/uploads\/2022\/06\/maly-hores-pivnice5.jpg\"><img loading=\"lazy\" decoding=\"async\" class=\"wp-image-48959 size-medium\" src=\"https:\/\/www.keturist.sk\/info\/wp-content\/uploads\/2022\/06\/maly-hores-pivnice5-800x534.jpg\" alt=\"\" width=\"800\" height=\"534\" srcset=\"https:\/\/www.keturist.sk\/info\/wp-content\/uploads\/2022\/06\/maly-hores-pivnice5-800x534.jpg 800w, https:\/\/www.keturist.sk\/info\/wp-content\/uploads\/2022\/06\/maly-hores-pivnice5-270x180.jpg 270w, https:\/\/www.keturist.sk\/info\/wp-content\/uploads\/2022\/06\/maly-hores-pivnice5-768x512.jpg 768w, https:\/\/www.keturist.sk\/info\/wp-content\/uploads\/2022\/06\/maly-hores-pivnice5.jpg 1000w\" sizes=\"auto, (max-width: 800px) 100vw, 800px\" \/><\/a><figcaption id=\"caption-attachment-48959\" class=\"wp-caption-text\">Malohore\u0161sk\u00e9 v\u00ednne pivnice, Fotograf: Jozef Mare\u010dek (https:\/\/www.facebook.com\/jozef.marecek.94)<\/figcaption><\/figure>\n<p>Mongolsk\u00fd (nespr\u00e1vne tat\u00e1rsky) vp\u00e1d do Uhorska bol vp\u00e1d mongolsk\u00fdch vojsk na \u00fazemie Uhorsk\u00e9ho kr\u00e1\u013eovstva v rokoch 1241 \u2013 1242.<\/p>\n<p>Nesk\u00f4r sa za\u010dali stava\u0165 andezitom vystu\u017een\u00e9 pivnice.<\/p>\n<figure id=\"attachment_48960\" aria-describedby=\"caption-attachment-48960\" style=\"width: 800px\" class=\"wp-caption aligncenter\"><a href=\"https:\/\/www.keturist.sk\/info\/wp-content\/uploads\/2022\/06\/maly-hores-pivnice6.jpg\"><img loading=\"lazy\" decoding=\"async\" class=\"wp-image-48960 size-medium\" src=\"https:\/\/www.keturist.sk\/info\/wp-content\/uploads\/2022\/06\/maly-hores-pivnice6-800x534.jpg\" alt=\"\" width=\"800\" height=\"534\" srcset=\"https:\/\/www.keturist.sk\/info\/wp-content\/uploads\/2022\/06\/maly-hores-pivnice6-800x534.jpg 800w, https:\/\/www.keturist.sk\/info\/wp-content\/uploads\/2022\/06\/maly-hores-pivnice6-270x180.jpg 270w, https:\/\/www.keturist.sk\/info\/wp-content\/uploads\/2022\/06\/maly-hores-pivnice6-768x512.jpg 768w, https:\/\/www.keturist.sk\/info\/wp-content\/uploads\/2022\/06\/maly-hores-pivnice6.jpg 1000w\" sizes=\"auto, (max-width: 800px) 100vw, 800px\" \/><\/a><figcaption id=\"caption-attachment-48960\" class=\"wp-caption-text\">Malohore\u0161sk\u00e9 v\u00ednne pivnice, Fotograf: Jozef Mare\u010dek (https:\/\/www.facebook.com\/jozef.marecek.94)<\/figcaption><\/figure>\n<p>Obec Mal\u00fd Hore\u0161 ka\u017edoro\u010dne v m\u00e1ji pripravuje akciu zn\u00e1mu ako \u201eV\u00f4\u0148a ag\u00e1tu\u201c.<\/p>\n<p>Podujatie programu Ko\u0161ick\u00e9ho samospr\u00e1vneho kraja <a href=\"https:\/\/www.terraincognita.sk\/\" target=\"_blank\" rel=\"noopener\">Terra Incognita<\/a>, ktor\u00e9 sa organizuje v \u010dase kvitnutia ag\u00e1tu.<\/p>\n<figure id=\"attachment_48961\" aria-describedby=\"caption-attachment-48961\" style=\"width: 800px\" class=\"wp-caption aligncenter\"><a href=\"https:\/\/www.keturist.sk\/info\/wp-content\/uploads\/2022\/06\/maly-hores-pivnice7.jpg\"><img loading=\"lazy\" decoding=\"async\" class=\"wp-image-48961 size-medium\" src=\"https:\/\/www.keturist.sk\/info\/wp-content\/uploads\/2022\/06\/maly-hores-pivnice7-800x534.jpg\" alt=\"\" width=\"800\" height=\"534\" srcset=\"https:\/\/www.keturist.sk\/info\/wp-content\/uploads\/2022\/06\/maly-hores-pivnice7-800x534.jpg 800w, https:\/\/www.keturist.sk\/info\/wp-content\/uploads\/2022\/06\/maly-hores-pivnice7-270x180.jpg 270w, https:\/\/www.keturist.sk\/info\/wp-content\/uploads\/2022\/06\/maly-hores-pivnice7-768x512.jpg 768w, https:\/\/www.keturist.sk\/info\/wp-content\/uploads\/2022\/06\/maly-hores-pivnice7.jpg 1000w\" sizes=\"auto, (max-width: 800px) 100vw, 800px\" \/><\/a><figcaption id=\"caption-attachment-48961\" class=\"wp-caption-text\">Malohore\u0161sk\u00e9 v\u00ednne pivnice, Fotograf: Jozef Mare\u010dek (https:\/\/www.facebook.com\/jozef.marecek.94)<\/figcaption><\/figure>\n<p>N\u00e1v\u0161tevn\u00edci podujatia tu m\u00f4\u017eu ochutna\u0165 desiatky degusta\u010dn\u00fdch vzoriek od miestnych lok\u00e1lnych producentov.<\/p>\n<p>\u00da\u010dastn\u00edci podujatia m\u00f4\u017eu nielen degustova\u0165 v\u00edno z tejto oblasti, ale prezrie\u0165 si aj samotn\u00e9 tufov\u00e9 a andezitov\u00e9 pivnice.<\/p>\n<figure id=\"attachment_48962\" aria-describedby=\"caption-attachment-48962\" style=\"width: 800px\" class=\"wp-caption aligncenter\"><a href=\"https:\/\/www.keturist.sk\/info\/wp-content\/uploads\/2022\/06\/maly-hores-pivnice8.jpg\"><img loading=\"lazy\" decoding=\"async\" class=\"wp-image-48962 size-medium\" src=\"https:\/\/www.keturist.sk\/info\/wp-content\/uploads\/2022\/06\/maly-hores-pivnice8-800x534.jpg\" alt=\"\" width=\"800\" height=\"534\" srcset=\"https:\/\/www.keturist.sk\/info\/wp-content\/uploads\/2022\/06\/maly-hores-pivnice8-800x534.jpg 800w, https:\/\/www.keturist.sk\/info\/wp-content\/uploads\/2022\/06\/maly-hores-pivnice8-270x180.jpg 270w, https:\/\/www.keturist.sk\/info\/wp-content\/uploads\/2022\/06\/maly-hores-pivnice8-768x512.jpg 768w, https:\/\/www.keturist.sk\/info\/wp-content\/uploads\/2022\/06\/maly-hores-pivnice8.jpg 1000w\" sizes=\"auto, (max-width: 800px) 100vw, 800px\" \/><\/a><figcaption id=\"caption-attachment-48962\" class=\"wp-caption-text\">Malohore\u0161sk\u00e9 v\u00ednne pivnice, Fotograf: Jozef Mare\u010dek (https:\/\/www.facebook.com\/jozef.marecek.94)<\/figcaption><\/figure>\n<p><a href=\"https:\/\/www.terraincognita.sk\/\" target=\"_blank\" rel=\"noopener\">Terra Incognita<\/a> \u2013 Ko\u0161ick\u00fd kraj je dlhodob\u00fd dota\u010dn\u00fd program Ko\u0161ick\u00e9ho samospr\u00e1vneho kraja s cie\u013eom podpory cestovn\u00e9ho ruchu v kraji.<\/p>\n<p>Snahou programu je zv\u00fd\u0161i\u0165 kvalitu \u017eivota a n\u00e1v\u0161tevnosti Ko\u0161ick\u00e9ho kraja prostredn\u00edctvom rozvoja kult\u00fary, \u0161portu a vo\u013eno\u010dasov\u00fdch aktiv\u00edt a cestovn\u00e9ho ruchu.<\/p>\n<h3><span style=\"color: #808000;\">Okolit\u00e9 Stredisk\u00e1 a centr\u00e1:<\/span><\/h3>\n<ul>\n<li>Obec Mal\u00fd Hore\u0161 (\u010d\u00edtaj viac&#8230;)<\/li>\n<\/ul>\n<h3><span style=\"color: #808000;\">Mapy<\/span><\/h3>\n<p><strong>Vrstvy: <\/strong>Turistick\u00e1 mapa, Automapa, Cyklomapa, Ly\u017eiarska mapa, Satelitn\u00e1 mapa a OpenStreetMap.<\/p>\n<p><strong>Kliknut\u00edm na logo &#8222;Freemap.sk&#8220; sa V\u00e1m mapa zobraz\u00ed na celej ploche obrazovky.<\/strong><\/p>\n<p><iframe style=\"width: 800px; height: 500px; border: 0;\" src=\"https:\/\/www.freemap.sk\/?map=13\/48.404331\/21.951290&amp;info-point=48.404331\/21.951290,Malohore\u0161sk\u00e9 v\u00ednne pivnice&amp;layers=T&amp;embed=search\" allowfullscreen=\"allowfullscreen\"><\/iframe><\/p>\n<h3><span style=\"color: #808000;\">Po\u010dasie<\/span><\/h3>\n<p><iframe style=\"width: 805px; height: 623px;\" src=\"https:\/\/www.meteoblue.com\/sk\/po%C4%8Dasie\/widget\/three\/mal%c3%bd-hore%c5%a1_slovensk%c3%a1-republika_724194?geoloc=fixed&amp;nocurrent=0&amp;noforecast=0&amp;days=7&amp;tempunit=CELSIUS&amp;windunit=KILOMETER_PER_HOUR&amp;layout=image\" frameborder=\"0\" scrolling=\"NO\" sandbox=\"allow-same-origin allow-scripts allow-popups allow-popups-to-escape-sandbox\"><\/iframe><\/p>\n<div><!-- DO NOT REMOVE THIS LINK --><a href=\"https:\/\/www.meteoblue.com\/sk\/po%C4%8Dasie\/t%C3%BD%C5%BEde%C5%88\/mal%c3%bd-hore%c5%a1_slovensk%c3%a1-republika_724194?utm_source=weather_widget&amp;utm_medium=linkus&amp;utm_content=three&amp;utm_campaign=Weather%2BWidget\" target=\"_blank\" rel=\"noopener\">meteoblue<\/a><\/div>\n","protected":false},"excerpt":{"rendered":"<p>Lokaliz\u00e1cia: Doln\u00fd Zempl\u00edn V\u0161eobecn\u00e9 inform\u00e1cie V\u00ednna pivnica je priestor ur\u010den\u00fd na skladovanie v\u00edna vo f\u013ea\u0161iach, sudoch alebo menej \u010dastej\u0161ie v demi\u017e\u00f3noch. Obec Mal\u00fd Hore\u0161 je zn\u00e1ma komplexom v\u00ednnych pivni\u010diek, ktor\u00e9 [&hellip;]<\/p>\n","protected":false},"author":1,"featured_media":0,"parent":41088,"menu_order":0,"comment_status":"closed","ping_status":"closed","template":"","meta":{"_uag_custom_page_level_css":"","_monsterinsights_skip_tracking":false,"_monsterinsights_sitenote_active":false,"_monsterinsights_sitenote_note":"","_monsterinsights_sitenote_category":0,"footnotes":""},"class_list":["post-48902","page","type-page","status-publish","hentry"],"featured_image_src":"","featured_image_src_square":false,"rbea_author_info":{"display_name":"admin","author_link":"https:\/\/www.keturist.sk\/info\/author\/admin\/"},"rbea_excerpt_info":"Lokaliz\u00e1cia: Doln\u00fd Zempl\u00edn V\u0161eobecn\u00e9 inform\u00e1cie V\u00ednna pivnica je priestor ur\u010den\u00fd na skladovanie v\u00edna vo f\u013ea\u0161iach, sudoch alebo menej \u010dastej\u0161ie v demi\u017e\u00f3noch. Obec Mal\u00fd Hore\u0161 je zn\u00e1ma komplexom v\u00ednnych pivni\u010diek, ktor\u00e9 [&hellip;]","uagb_featured_image_src":{"full":false,"thumbnail":false,"medium":false,"medium_large":false,"large":false,"1536x1536":false,"2048x2048":false},"uagb_author_info":{"display_name":"admin","author_link":"https:\/\/www.keturist.sk\/info\/author\/admin\/"},"uagb_comment_info":0,"uagb_excerpt":"Lokaliz\u00e1cia: Doln\u00fd Zempl\u00edn V\u0161eobecn\u00e9 inform\u00e1cie V\u00ednna pivnica je priestor ur\u010den\u00fd na skladovanie v\u00edna vo f\u013ea\u0161iach, sudoch alebo menej \u010dastej\u0161ie v demi\u017e\u00f3noch. Obec Mal\u00fd Hore\u0161 je zn\u00e1ma komplexom v\u00ednnych pivni\u010diek, ktor\u00e9 [&hellip;]","_links":{"self":[{"href":"https:\/\/www.keturist.sk\/info\/wp-json\/wp\/v2\/pages\/48902","targetHints":{"allow":["GET"]}}],"collection":[{"href":"https:\/\/www.keturist.sk\/info\/wp-json\/wp\/v2\/pages"}],"about":[{"href":"https:\/\/www.keturist.sk\/info\/wp-json\/wp\/v2\/types\/page"}],"author":[{"embeddable":true,"href":"https:\/\/www.keturist.sk\/info\/wp-json\/wp\/v2\/users\/1"}],"replies":[{"embeddable":true,"href":"https:\/\/www.keturist.sk\/info\/wp-json\/wp\/v2\/comments?post=48902"}],"version-history":[{"count":40,"href":"https:\/\/www.keturist.sk\/info\/wp-json\/wp\/v2\/pages\/48902\/revisions"}],"predecessor-version":[{"id":48975,"href":"https:\/\/www.keturist.sk\/info\/wp-json\/wp\/v2\/pages\/48902\/revisions\/48975"}],"up":[{"embeddable":true,"href":"https:\/\/www.keturist.sk\/info\/wp-json\/wp\/v2\/pages\/41088"}],"wp:attachment":[{"href":"https:\/\/www.keturist.sk\/info\/wp-json\/wp\/v2\/media?parent=48902"}],"curies":[{"name":"wp","href":"https:\/\/api.w.org\/{rel}","templated":true}]}}