{"id":469,"date":"2013-08-03T12:05:02","date_gmt":"2013-08-03T10:05:02","guid":{"rendered":"https:\/\/www.keturist.sk\/info\/?page_id=469"},"modified":"2026-01-10T07:28:23","modified_gmt":"2026-01-10T06:28:23","slug":"kostol-sv-ladislava-v-mc-kosickej-novej-vsi","status":"publish","type":"page","link":"https:\/\/www.keturist.sk\/info\/kam-za-pamiatkami\/kostol-sv-ladislava-v-mc-kosickej-novej-vsi\/","title":{"rendered":"Kostol sv. Ladislava v Ko\u0161ickej Novej Vsi"},"content":{"rendered":"<a href=\"https:\/\/www.keturist.sk\/info\/\" class=\"su-button su-button-style-default\" style=\"color:#000000;background-color:#FFCF2F;border-color:#cca626;border-radius:5px\" target=\"_self\"><span style=\"color:#000000;padding:6px 16px;font-size:13px;line-height:20px;border-color:#ffde6e;border-radius:5px;text-shadow:none\"><i class=\"sui sui-arrow-right\" style=\"font-size:13px;color:#000000\"><\/i>  Spravodaj <\/span><\/a>\n<a href=\"https:\/\/www.keturist.sk\/info\/tipy-na-vylety\/\" class=\"su-button su-button-style-default\" style=\"color:#000000;background-color:#FFCF2F;border-color:#cca626;border-radius:5px\" target=\"_self\"><span style=\"color:#000000;padding:6px 16px;font-size:13px;line-height:20px;border-color:#ffde6e;border-radius:5px;text-shadow:none\"><i class=\"sui sui-arrow-right\" style=\"font-size:13px;color:#000000\"><\/i>  TIPY NA V\u00ddLETY <\/span><\/a>\n<a href=\"https:\/\/www.keturist.sk\/info\/kam-za-pamiatkami\/\" class=\"su-button su-button-style-default\" style=\"color:#000000;background-color:#FFCF2F;border-color:#cca626;border-radius:5px\" target=\"_self\"><span style=\"color:#000000;padding:6px 16px;font-size:13px;line-height:20px;border-color:#ffde6e;border-radius:5px;text-shadow:none\"><i class=\"sui sui-arrow-right\" style=\"font-size:13px;color:#000000\"><\/i>  Kam za pamiatkami <\/span><\/a>\n<a href=\"https:\/\/www.keturist.sk\/info\/kam-za-pamiatkami\/kam-za-pamiatkami-smer-kosice\/\" class=\"su-button su-button-style-default\" style=\"color:#000000;background-color:#FFCF2F;border-color:#cca626;border-radius:5px\" target=\"_self\"><span style=\"color:#000000;padding:6px 16px;font-size:13px;line-height:20px;border-color:#ffde6e;border-radius:5px;text-shadow:none\"><i class=\"sui sui-arrow-right\" style=\"font-size:13px;color:#000000\"><\/i>  smer Ko\u0161ice <\/span><\/a>\n<div class=\"su-divider su-divider-style-default\" style=\"margin:15px 0;border-width:0px;border-color:#000000\"><\/div>\n<p><strong>Podkateg\u00f3ria: <\/strong> <a href=\"https:\/\/www.keturist.sk\/info\/kam-za-pamiatkami\/kam-za-pamiatkami-smer-kosice\/nabozenske-pamiatky\/\" class=\"su-button su-button-style-default\" style=\"color:#000000;background-color:#afd144;border-color:#8ca837;border-radius:5px\" target=\"_self\"><span style=\"color:#000000;padding:6px 16px;font-size:13px;line-height:20px;border-color:#c7df7d;border-radius:5px;text-shadow:none\"><i class=\"sui sui-arrow-right\" style=\"font-size:13px;color:#000000\"><\/i>  N\u00e1bo\u017eensk\u00e9 pamiatky <\/span><\/a>\n<p><strong>Lokaliz\u00e1cia: <\/strong><a href=\"https:\/\/www.keturist.sk\/info\/vseobecne-informacie\/\">Ko\u0161ice<\/a><br \/>\n<div class=\"su-divider su-divider-style-default\" style=\"margin:15px 0;border-width:2px;border-color:#000000\"><\/div>\n<figure id=\"attachment_37816\" aria-describedby=\"caption-attachment-37816\" style=\"width: 900px\" class=\"wp-caption aligncenter\"><a href=\"https:\/\/www.keturist.sk\/info\/wp-content\/uploads\/2021\/01\/kosicka-nova-ves.jpg\"><img loading=\"lazy\" decoding=\"async\" class=\"wp-image-37816\" src=\"https:\/\/www.keturist.sk\/info\/wp-content\/uploads\/2021\/01\/kosicka-nova-ves.jpg\" alt=\"Kostol sv. Ladislava v Ko\u0161ickej Novej Vsi\" width=\"900\" height=\"586\" srcset=\"https:\/\/www.keturist.sk\/info\/wp-content\/uploads\/2021\/01\/kosicka-nova-ves.jpg 800w, https:\/\/www.keturist.sk\/info\/wp-content\/uploads\/2021\/01\/kosicka-nova-ves-270x176.jpg 270w, https:\/\/www.keturist.sk\/info\/wp-content\/uploads\/2021\/01\/kosicka-nova-ves-768x500.jpg 768w\" sizes=\"auto, (max-width: 900px) 100vw, 900px\" \/><\/a><figcaption id=\"caption-attachment-37816\" class=\"wp-caption-text\">Kostol sv. Ladislava v Ko\u0161ickej Novej Vsi<\/figcaption><\/figure>\n<div class=\"su-divider su-divider-style-default\" style=\"margin:15px 0;border-width:2px;border-color:#000000\"><\/div>\n<div class=\"ds-message _63c77b1\">\n<div class=\"ds-markdown\">\n<p class=\"ds-markdown-paragraph\"><strong>Kostol sv. Ladislava v Ko\u0161ickej Novej Vsi<\/strong>\u00a0je fascinuj\u00facou historickou pamiatkou. Jeho pr\u00edbeh je bohat\u00fd na udalosti a\u00a0<strong>architektonick\u00e9 zvraty<\/strong>.<\/p>\n<h2 class=\"ds-markdown-paragraph\"><span style=\"color: #800000;\">Ak\u00e9ho je kostol p\u00f4vodu a komu je zasv\u00e4ten\u00fd?<\/span><\/h2>\n<p class=\"ds-markdown-paragraph\">Tento <strong>gotick\u00fd kostol<\/strong>\u00a0poch\u00e1dza z polovice 15. storo\u010dia. Bol zasv\u00e4ten\u00fd sv.\u00a0<strong>Ladislavovi<\/strong>, uhorsk\u00e9mu kr\u00e1\u013eovi.<\/p>\n<h2 class=\"ds-markdown-paragraph\"><span style=\"color: #800000;\">Pre\u0161iel kostol nejak\u00fdmi \u00fapravami?<\/span><\/h2>\n<p class=\"ds-markdown-paragraph\">\u00c1no, jeho hist\u00f3ria je \u017eiv\u00e1. Pod\u013ea z\u00e1znamov z arch\u00edvu miestneho farsk\u00e9ho \u00faradu bol <strong>kostol<\/strong>\u00a0v roku 1510 opravovan\u00fd. K \u010fal\u0161\u00edm v\u00fdznamn\u00fdm \u00faprav\u00e1m do\u0161lo v rokoch 1864 a 1885.<\/p>\n<h2 class=\"ds-markdown-paragraph\"><span style=\"color: #800000;\">Kedy do\u0161lo k najv\u00fdraznej\u0161ej prestavbe kostola?<\/span><\/h2>\n<p class=\"ds-markdown-paragraph\">Z\u00e1sadn\u00e1 prestavba pri\u0161la v roku 1925 pod\u013ea projektu ko\u0161ick\u00e9ho stavite\u013ea J\u00faliusa Wirtha. P\u00f4vodn\u00fd <strong>gotick\u00fd objekt<\/strong>\u00a0bol takmer cel\u00fd prestavan\u00fd.<\/p>\n<h2 class=\"ds-markdown-paragraph\"><span style=\"color: #800000;\">\u010co sa zachovalo z p\u00f4vodn\u00e9ho gotick\u00e9ho kostola?<\/span><\/h2>\n<p class=\"ds-markdown-paragraph\">Z p\u00f4vodnej <strong>gotickej stavby<\/strong>\u00a0ponechali len \u010das\u0165\u00a0<strong>presbyt\u00e9ria<\/strong>\u00a0na v\u00fdchodnej strane novostavby, ako aj cenn\u00fd\u00a0<strong>neskorogotick\u00fd port\u00e1l<\/strong>\u00a0s pret\u00ednav\u00fdmi pr\u00fatmi z \u010dias okolo roku 1510.<\/p>\n<h2 class=\"ds-markdown-paragraph\"><span style=\"color: #800000;\">Ak\u00fd m\u00e1 novostavba charakter a ak\u00e9 \u0161t\u00fdly na nej mo\u017eno vidie\u0165?<\/span><\/h2>\n<p class=\"ds-markdown-paragraph\"><strong>Novostavba<\/strong>\u00a0m\u00e1\u00a0<strong>centr\u00e1lny charakter<\/strong>. Na jej fas\u00e1de a ve\u017ei sa v\u0161ak zachovali zauj\u00edmav\u00e9\u00a0<strong>novorom\u00e1nske prvky<\/strong>.<\/p>\n<h2 class=\"ds-markdown-paragraph\"><span style=\"color: #800000;\">\u010co sa stalo s kostolom po\u010das reform\u00e1cie?<\/span><\/h2>\n<p class=\"ds-markdown-paragraph\">V obdob\u00ed <strong>reform\u00e1cie kostol<\/strong>\u00a0nevyu\u017e\u00edvan\u00fd ch\u00e1tral.<\/p>\n<h2 class=\"ds-markdown-paragraph\"><span style=\"color: #800000;\">Ak\u00e9 umeleck\u00e9 predmety a zariadenie mo\u017eno v kostole vidie\u0165?<\/span><\/h2>\n<p class=\"ds-markdown-paragraph\">Ke\u010f sa <strong>kostol<\/strong>\u00a0po polovici 18. storo\u010dia dostal znovu do u\u017e\u00edvania katol\u00edkov, z\u00edskal nov\u00e9 zariadenie. Z tohto obdobia poch\u00e1dza hodnotn\u00fd\u00a0<strong>zavesen\u00fd obraz sv. J\u00e1na Nepomuck\u00e9ho<\/strong>\u00a0z druhej polovice 18. storo\u010dia, ktor\u00fd m\u00e1\u00a0<strong>dreven\u00e9 rokokov\u00e9 or\u00e1movanie<\/strong>. Rovnako z druhej polovice 18. storo\u010dia je\u00a0<strong>kalich<\/strong>\u00a0s dekorom rokajov\u00fdch kartu\u0161\u00ed. Mimoriadne cenn\u00fdm predmetom je\u00a0<strong>zvon<\/strong>\u00a0datovan\u00fd u\u017e rokom 1494.<\/p>\n<h2 class=\"ds-markdown-paragraph\"><span style=\"color: #800000;\">Kde sa presne Kostol sv. Ladislava nach\u00e1dza?<\/span><\/h2>\n<p class=\"ds-markdown-paragraph\"><strong>Kostol sv. Ladislava<\/strong>\u00a0sa nach\u00e1dza v\u00a0<strong>Ko\u0161ickej Novej Vsi<\/strong>, ktor\u00e1 je\u00a0<strong>mestskou \u010das\u0165ou Ko\u0161\u00edc<\/strong>\u00a0(ofici\u00e1lne Ko\u0161ice \u2013 mestsk\u00e1 \u010das\u0165 Ko\u0161ick\u00e1 Nov\u00e1 Ves, tie\u017e Ko\u0161ice-Ko\u0161ick\u00e1 Nov\u00e1 Ves). V s\u00fa\u010dasnosti patr\u00ed do\u00a0<strong>Ko\u0161ick\u00e9ho kraja<\/strong>\u00a0a le\u017e\u00ed vo\u00a0<strong>v\u00fdchodnej \u010dasti mesta Ko\u0161ice<\/strong>.<\/p>\n<\/div>\n<\/div>\n<h2><span style=\"color: #800000;\">Zauj\u00edmav\u00e9 odkazy<\/span><\/h2>\n<h3><span style=\"color: #808000;\">Bl\u00edzke stredisko, turistick\u00e9 centrum, obec alebo mesto:<\/span><\/h3>\n<ul>\n<li><a href=\"https:\/\/www.keturist.sk\/info\/turisticke-vychodiska\/strediska-a-centra\/mc-stare-mesto\/\" target=\"_blank\" rel=\"noopener noreferrer\">Ko\u0161ice &#8211; M\u010c Star\u00e9 mesto (\u010d\u00edtaj viac&#8230;)<\/a><\/li>\n<\/ul>\n<h2><span style=\"color: #800000;\">Mapy<\/span><\/h2>\n<p><strong>Vrstvy: <\/strong>Turistick\u00e1 mapa, Automapa, Cyklomapa, Ly\u017eiarska mapa, Satelitn\u00e1 mapa a OpenStreetMap.<\/p>\n<p><strong>Kliknut\u00edm na logo &#8222;Freemap.sk&#8220; sa V\u00e1m mapa zobraz\u00ed na celej ploche obrazovky.<\/strong><\/p>\n<p><iframe style=\"width: 900px; height: 500px; border: 0;\" src=\"https:\/\/www.freemap.sk\/?map=15\/48.729374\/21.300623&amp;info-point=48.729374\/21.300623,Kostol sv. Ladislava&amp;layers=X&amp;embed=search\" allowfullscreen=\"allowfullscreen\"><span data-mce-type=\"bookmark\" style=\"display: inline-block; width: 0px; overflow: hidden; line-height: 0;\" class=\"mce_SELRES_start\">\ufeff<\/span><\/iframe><\/p>\n<h2><span style=\"color: #800000;\">Po\u010dasie<\/span><\/h2>\n<p><iframe style=\"width: 900px; height: 600px;\" src=\"https:\/\/www.meteoblue.com\/sk\/po%C4%8Dasie\/widget\/three\/ko%c5%a1ick%c3%a1-nov%c3%a1-ves_slovensk%c3%a1-republika_724439?geoloc=fixed&amp;nocurrent=0&amp;noforecast=0&amp;days=5&amp;tempunit=CELSIUS&amp;windunit=KILOMETER_PER_HOUR&amp;layout=image\" frameborder=\"0\" scrolling=\"NO\" sandbox=\"allow-same-origin allow-scripts allow-popups allow-popups-to-escape-sandbox\"><\/iframe><\/p>\n<div><!-- DO NOT REMOVE THIS LINK --><a href=\"https:\/\/www.meteoblue.com\/sk\/po%C4%8Dasie\/predpove%C4%8F\/t%C3%BD%C5%BEde%C5%88\/ko%c5%a1ick%c3%a1-nov%c3%a1-ves_slovensk%c3%a1-republika_724439?utm_source=weather_widget&amp;utm_medium=linkus&amp;utm_content=three&amp;utm_campaign=Weather%2BWidget\" target=\"_blank\" rel=\"noopener\">meteoblue<\/a><\/div>\n","protected":false},"excerpt":{"rendered":"<p>Podkateg\u00f3ria: Lokaliz\u00e1cia: Ko\u0161ice Kostol sv. Ladislava v Ko\u0161ickej Novej Vsi\u00a0je fascinuj\u00facou historickou pamiatkou. Jeho pr\u00edbeh je bohat\u00fd na udalosti a\u00a0architektonick\u00e9 zvraty. Ak\u00e9ho je kostol p\u00f4vodu a komu je zasv\u00e4ten\u00fd? Tento [&hellip;]<\/p>\n","protected":false},"author":1,"featured_media":37816,"parent":51,"menu_order":0,"comment_status":"closed","ping_status":"closed","template":"","meta":{"_uag_custom_page_level_css":"","_monsterinsights_skip_tracking":false,"_monsterinsights_sitenote_active":false,"_monsterinsights_sitenote_note":"","_monsterinsights_sitenote_category":0,"footnotes":""},"class_list":["post-469","page","type-page","status-publish","has-post-thumbnail","hentry"],"featured_image_src":"https:\/\/www.keturist.sk\/info\/wp-content\/uploads\/2021\/01\/kosicka-nova-ves.jpg","featured_image_src_square":"https:\/\/www.keturist.sk\/info\/wp-content\/uploads\/2021\/01\/kosicka-nova-ves.jpg","rbea_author_info":{"display_name":"admin","author_link":"https:\/\/www.keturist.sk\/info\/author\/admin\/"},"rbea_excerpt_info":"Podkateg\u00f3ria: Lokaliz\u00e1cia: Ko\u0161ice Kostol sv. Ladislava v Ko\u0161ickej Novej Vsi\u00a0je fascinuj\u00facou historickou pamiatkou. Jeho pr\u00edbeh je bohat\u00fd na udalosti a\u00a0architektonick\u00e9 zvraty. Ak\u00e9ho je kostol p\u00f4vodu a komu je zasv\u00e4ten\u00fd? Tento [&hellip;]","uagb_featured_image_src":{"full":["https:\/\/www.keturist.sk\/info\/wp-content\/uploads\/2021\/01\/kosicka-nova-ves.jpg",800,521,false],"thumbnail":["https:\/\/www.keturist.sk\/info\/wp-content\/uploads\/2021\/01\/kosicka-nova-ves-270x176.jpg",270,176,true],"medium":["https:\/\/www.keturist.sk\/info\/wp-content\/uploads\/2021\/01\/kosicka-nova-ves.jpg",800,521,false],"medium_large":["https:\/\/www.keturist.sk\/info\/wp-content\/uploads\/2021\/01\/kosicka-nova-ves-768x500.jpg",768,500,true],"large":["https:\/\/www.keturist.sk\/info\/wp-content\/uploads\/2021\/01\/kosicka-nova-ves.jpg",800,521,false],"1536x1536":["https:\/\/www.keturist.sk\/info\/wp-content\/uploads\/2021\/01\/kosicka-nova-ves.jpg",800,521,false],"2048x2048":["https:\/\/www.keturist.sk\/info\/wp-content\/uploads\/2021\/01\/kosicka-nova-ves.jpg",800,521,false]},"uagb_author_info":{"display_name":"admin","author_link":"https:\/\/www.keturist.sk\/info\/author\/admin\/"},"uagb_comment_info":0,"uagb_excerpt":"Podkateg\u00f3ria: Lokaliz\u00e1cia: Ko\u0161ice Kostol sv. Ladislava v Ko\u0161ickej Novej Vsi\u00a0je fascinuj\u00facou historickou pamiatkou. Jeho pr\u00edbeh je bohat\u00fd na udalosti a\u00a0architektonick\u00e9 zvraty. Ak\u00e9ho je kostol p\u00f4vodu a komu je zasv\u00e4ten\u00fd? Tento [&hellip;]","_links":{"self":[{"href":"https:\/\/www.keturist.sk\/info\/wp-json\/wp\/v2\/pages\/469","targetHints":{"allow":["GET"]}}],"collection":[{"href":"https:\/\/www.keturist.sk\/info\/wp-json\/wp\/v2\/pages"}],"about":[{"href":"https:\/\/www.keturist.sk\/info\/wp-json\/wp\/v2\/types\/page"}],"author":[{"embeddable":true,"href":"https:\/\/www.keturist.sk\/info\/wp-json\/wp\/v2\/users\/1"}],"replies":[{"embeddable":true,"href":"https:\/\/www.keturist.sk\/info\/wp-json\/wp\/v2\/comments?post=469"}],"version-history":[{"count":5,"href":"https:\/\/www.keturist.sk\/info\/wp-json\/wp\/v2\/pages\/469\/revisions"}],"predecessor-version":[{"id":73243,"href":"https:\/\/www.keturist.sk\/info\/wp-json\/wp\/v2\/pages\/469\/revisions\/73243"}],"up":[{"embeddable":true,"href":"https:\/\/www.keturist.sk\/info\/wp-json\/wp\/v2\/pages\/51"}],"wp:featuredmedia":[{"embeddable":true,"href":"https:\/\/www.keturist.sk\/info\/wp-json\/wp\/v2\/media\/37816"}],"wp:attachment":[{"href":"https:\/\/www.keturist.sk\/info\/wp-json\/wp\/v2\/media?parent=469"}],"curies":[{"name":"wp","href":"https:\/\/api.w.org\/{rel}","templated":true}]}}