{"id":44429,"date":"2021-12-02T17:28:09","date_gmt":"2021-12-02T16:28:09","guid":{"rendered":"https:\/\/www.keturist.sk\/info\/?page_id=44429"},"modified":"2026-03-14T07:40:12","modified_gmt":"2026-03-14T06:40:12","slug":"banicke-ludove-domy-spisskeho-typu-v-medzeve","status":"publish","type":"page","link":"https:\/\/www.keturist.sk\/info\/kam-za-pamiatkami\/kam-za-pamiatkami-smer-volovske-vrchy\/banicke-ludove-domy-spisskeho-typu-v-medzeve\/","title":{"rendered":"\u013dudov\u00e1 architekt\u00fara v Medzeve"},"content":{"rendered":"<a href=\"https:\/\/www.keturist.sk\/info\/\" class=\"su-button su-button-style-default\" style=\"color:#000000;background-color:#FFCF2F;border-color:#cca626;border-radius:5px\" target=\"_self\"><span style=\"color:#000000;padding:6px 16px;font-size:13px;line-height:20px;border-color:#ffde6e;border-radius:5px;text-shadow:none\"><i class=\"sui sui-arrow-right\" style=\"font-size:13px;color:#000000\"><\/i>  Spravodaj <\/span><\/a>\n<a href=\"https:\/\/www.keturist.sk\/info\/tipy-na-vylety\/\" class=\"su-button su-button-style-default\" style=\"color:#000000;background-color:#FFCF2F;border-color:#cca626;border-radius:5px\" target=\"_self\"><span style=\"color:#000000;padding:6px 16px;font-size:13px;line-height:20px;border-color:#ffde6e;border-radius:5px;text-shadow:none\"><i class=\"sui sui-arrow-right\" style=\"font-size:13px;color:#000000\"><\/i>  TIPY NA V\u00ddLETY <\/span><\/a>\n<a href=\"https:\/\/www.keturist.sk\/info\/kam-za-pamiatkami\/\" class=\"su-button su-button-style-default\" style=\"color:#000000;background-color:#FFCF2F;border-color:#cca626;border-radius:5px\" target=\"_self\"><span style=\"color:#000000;padding:6px 16px;font-size:13px;line-height:20px;border-color:#ffde6e;border-radius:5px;text-shadow:none\"><i class=\"sui sui-arrow-right\" style=\"font-size:13px;color:#000000\"><\/i>  Kam za pamiatkami <\/span><\/a>\n<a href=\"https:\/\/www.keturist.sk\/info\/kam-za-pamiatkami\/kam-za-pamiatkami-smer-volovske-vrchy\/\" class=\"su-button su-button-style-default\" style=\"color:#000000;background-color:#FFCF2F;border-color:#cca626;border-radius:5px\" target=\"_self\"><span style=\"color:#000000;padding:6px 16px;font-size:13px;line-height:20px;border-color:#ffde6e;border-radius:5px;text-shadow:none\"><i class=\"sui sui-arrow-right\" style=\"font-size:13px;color:#000000\"><\/i>  smer Volovsk\u00e9 vrchy <\/span><\/a>\n<div class=\"su-divider su-divider-style-default\" style=\"margin:15px 0;border-width:0px;border-color:#000000\"><\/div>\n<strong>Podkateg\u00f3ria: <\/strong> <a href=\"https:\/\/www.keturist.sk\/info\/kam-za-pamiatkami\/kam-za-pamiatkami-smer-volovske-vrchy\/ludova-architektura\/\" class=\"su-button su-button-style-default\" style=\"color:#000000;background-color:#afd144;border-color:#8ca837;border-radius:5px\" target=\"_self\"><span style=\"color:#000000;padding:6px 16px;font-size:13px;line-height:20px;border-color:#c7df7d;border-radius:5px;text-shadow:none\"><i class=\"sui sui-arrow-right\" style=\"font-size:13px;color:#000000\"><\/i>  \u013dudov\u00e1 architekt\u00fara <\/span><\/a>\n<p><strong>Lokaliz\u00e1cia: <\/strong><a href=\"https:\/\/www.keturist.sk\/info\/okolite-hory\/volovske-vrchy\/\">Volovsk\u00e9 vrchy<\/a><\/p>\n<div class=\"su-divider su-divider-style-default\" style=\"margin:15px 0;border-width:2px;border-color:#000000\"><\/div>\n<figure id=\"attachment_29476\" aria-describedby=\"caption-attachment-29476\" style=\"width: 900px\" class=\"wp-caption aligncenter\"><a href=\"https:\/\/www.slovensky-kras.eu\/info\/wp-content\/uploads\/2026\/03\/medzev-1.jpeg\" target=\"_blank\" rel=\"noopener\"><img loading=\"lazy\" decoding=\"async\" class=\"wp-image-29476\" src=\"https:\/\/www.slovensky-kras.eu\/info\/wp-content\/uploads\/2026\/03\/medzev-1.jpeg\" alt=\"\u013dudov\u00e1 architekt\u00fara meste Medzev - ban\u00edcky dom\" width=\"900\" height=\"502\" \/><\/a><figcaption id=\"caption-attachment-29476\" class=\"wp-caption-text\">\u013dudov\u00e1 architekt\u00fara meste Medzev &#8211; ban\u00edcky dom<\/figcaption><\/figure>\n<div class=\"su-divider su-divider-style-default\" style=\"margin:15px 0;border-width:2px;border-color:#000000\"><\/div>\n<h2 data-path-to-node=\"2\"><span style=\"color: #800000;\">\u013dudov\u00e1 architekt\u00fara v meste Medzev: Odha\u013ete tajomstvo troch okien a nemeck\u00fdch h\u00e1mrov!<\/span><\/h2>\n<h3 data-path-to-node=\"3\"><span style=\"color: #808000;\">Po\u010dujete ten kovov\u00fd zvuk hist\u00f3rie? Vst\u00fapte do mesta, kde kamenn\u00e9 br\u00e1ny rozpr\u00e1vaj\u00fa pr\u00edbehy bohat\u00fdch h\u00e1morn\u00edkov!<\/span><\/h3>\n<p data-path-to-node=\"4\">Zatvorte o\u010di a predstavte si v\u00f4\u0148u \u010derstvo vykutej ocele mie\u0161aj\u00facu sa s v\u00f4\u0148ou kvetov v \u0161paletov\u00fdch okn\u00e1ch. Kr\u00e1\u010date ulicami, kde ka\u017ed\u00e1 jedna fas\u00e1da s tromi oknami nie je n\u00e1hoda, ale podpis nemeck\u00fdch kolonistov, ktor\u00ed pred st\u00e1ro\u010diami premenili divok\u00fa pr\u00edrodu na prekvitaj\u00face centrum remesla.<\/p>\n<p data-path-to-node=\"5\">V Medzeve hist\u00f3ria nie je zavret\u00e1 v m\u00fazeu \u2013 ona tu \u017eije v podobe mas\u00edvnych obl\u00fakov\u00fdch br\u00e1n, ktor\u00fdmi kedysi prech\u00e1dzali vozy nalo\u017een\u00e9 \u017eelezom. <b data-path-to-node=\"5\" data-index-in-node=\"142\">\u013dudov\u00e1 architekt\u00fara v meste Medzev<\/b> v\u00e1s vtiahne do sveta, kde sa bohatstvo meralo silou h\u00e1mra a kr\u00e1sou ru\u010dne tesan\u00e9ho krovu.<\/p>\n<p data-path-to-node=\"6\">Ak h\u013ead\u00e1te miesto, kde sa abovsk\u00e1 \u017eivelnos\u0165 sp\u00e1ja s nemeckou prec\u00edznos\u0165ou, Medzev je va\u0161ou \u010fal\u0161ou povinnou zast\u00e1vkou. Sta\u010d\u00ed jeden poh\u013ead na ornament\u00e1lne prie\u010delia a pochop\u00edte, \u017ee ste na\u0161li skuto\u010dn\u00fd poklad Abova.<\/p>\n<h2 dir=\"auto\"><span style=\"color: #800000;\">\u010co je to \u013eudov\u00e1 architekt\u00fara v meste Medzev?<\/span><\/h2>\n<p dir=\"auto\"><strong>\u013dudov\u00e1 architekt\u00fara v meste Medzev<\/strong> predstavuje fascinuj\u00faci mix nemeck\u00e9ho koloniza\u010dn\u00e9ho dedi\u010dstva Spi\u0161a a Abova, ktor\u00fd l\u00e1ka cestovate\u013eov h\u013eadaj\u00facich autentick\u00e9 Slovensko. Objavte \u010daro zachoval\u00fdch <strong>\u013eudov\u00fdch domov<\/strong> spi\u0161sk\u00e9ho typu, abovsko-gemersk\u00fdch stavieb a tradi\u010dn\u00fdch hospod\u00e1rskych objektov.<\/p>\n<h1 dir=\"auto\"><span style=\"color: #808000;\">\u013dudov\u00e9 domy spi\u0161sk\u00e9ho typu<\/span><\/h1>\n<h2 dir=\"auto\"><span style=\"color: #800000;\">Ak\u00e9 s\u00fa hlavn\u00e9 znaky \u013eudov\u00fdch domov spi\u0161sk\u00e9ho typu v Medzeve?<\/span><\/h2>\n<p dir=\"auto\">Pre medzevsk\u00e9 <strong>\u013eudov\u00e9 domy<\/strong> je typick\u00e9, \u017ee domy mali v prednej \u010dasti tri, niekedy aj \u0161tyri okn\u00e1, \u010do je v\u0161eobecne charakteristick\u00e9 pre nemeck\u00e9 os\u00eddlenie. Tak\u00e9to domy prevl\u00e1dali hlavne na \u00fazem\u00ed Spi\u0161a, kde sa od 13. storo\u010dia us\u00e1dzali tzv. spi\u0161sk\u00ed Nemci. Mimo Spi\u0161a sa tak\u00e9to domy stavali aj v obciach Vy\u0161n\u00fd Medzev, Ni\u017en\u00fd Medzev a \u0160t\u00f3s, kde taktie\u017e \u017eili nemeck\u00ed kolonisti.<\/p>\n<p dir=\"auto\">Murovan\u00e9 domy tohto typu sa zachovali a\u017e do dne\u0161n\u00fdch \u010dias. Dreven\u00e9 zrubov\u00e9 stavby preva\u017eovali e\u0161te v druhej polovici 19. storo\u010dia. Spom\u00ednan\u00e9 zrubov\u00e9 <strong>\u013eudov\u00e9 domy<\/strong> sa v obci nezachovali (niektor\u00e9 pretrvali len do druhej polovice 20. storo\u010dia).<\/p>\n<h2 dir=\"auto\"><span style=\"color: #800000;\">Ak\u00fa strechu mali tradi\u010dn\u00e9 spi\u0161sk\u00e9 \u013eudov\u00e9 domy v Medzeve?<\/span><\/h2>\n<p dir=\"auto\">Hlavn\u00fdm znakom t\u00fdchto domov v 18. a\u017e 19. storo\u010d\u00ed bola sedlov\u00e1 strecha s vysok\u00fdm doskov\u00fdm \u0161t\u00edtom alebo sedlov\u00e1 strecha s podlomenicou. Strie\u0161ka na spodnej \u010dasti \u0161t\u00edtu, naz\u00fdvan\u00e1 ako podlomenica, chr\u00e1nila hlavn\u00fa fas\u00e1du pred da\u017e\u010fom. V 20. storo\u010d\u00ed sa za\u010dala pou\u017e\u00edva\u0165 valbov\u00e1 strecha. Krov bol tvoren\u00fd z ru\u010dne tesan\u00fdch tr\u00e1mov a do 20. storo\u010dia boli strechy pokryt\u00e9 \u0161ind\u013eovou krytinou. Potom sa za\u010dali vyu\u017e\u00edva\u0165 p\u00e1len\u00e9 krytiny, bridlicov\u00e9 krytiny, krytiny z eternitu a plechov\u00e9 p\u00e1sy.<\/p>\n<h2 dir=\"auto\"><span style=\"color: #800000;\">Kto vlastnil murovan\u00e9 spi\u0161sk\u00e9 \u013eudov\u00e9 domy a ako boli zariaden\u00e9?<\/span><\/h2>\n<p dir=\"auto\">Murovan\u00e9 domy vlastnili bohat\u0161\u00ed gazdovia alebo majitelia h\u00e1mrov a ban\u00ed. Ako materi\u00e1l sa pou\u017e\u00edvali kamene z okolia a p\u00e1len\u00e9 tehly. Pre tieto domy bola typick\u00e1 ve\u013ek\u00e1 zastre\u0161en\u00e1 rovn\u00e1 alebo obl\u00fakov\u00e1 br\u00e1na. Pre tieto domy platilo, \u017ee vpredu sa nach\u00e1dzali dve ve\u013ek\u00e9 izby, alebo jedna ve\u013ek\u00e1 a jedna \u00fazka izba, ktor\u00e1 je typick\u00e1 pre nemeck\u00fa architekt\u00faru. Potom nasledovala priestrann\u00e1 kuchy\u0148a a za \u0148ou nasledovala zadn\u00e1 izba, komora a hospod\u00e1rske budovy. Hospod\u00e1rska \u010das\u0165 bola zhotoven\u00e1 z nep\u00e1len\u00fdch teh\u00e1l, kame\u0148a a dreva.<\/p>\n<h1 dir=\"auto\"><span style=\"color: #808000;\">Murovan\u00e9 domy \u013eudovej architekt\u00fary z oblasti Abova<\/span><\/h1>\n<h2 dir=\"auto\"><span style=\"color: #800000;\">Ak\u00e9 abovsko-gemersk\u00e9 \u013eudov\u00e9 domy n\u00e1jdete v Medzeve?<\/span><\/h2>\n<p dir=\"auto\">V obci sa zachovali aj murovan\u00e9 domy, ktor\u00e9 s\u00fa typick\u00e9 pre oblas\u0165 ju\u017en\u00e9ho Spi\u0161a, Gemera, Malohotu a Abova. Spom\u00ednan\u00e9 objekty predstavuj\u00fa typick\u00fa <strong>\u013eudov\u00fa architekt\u00faru<\/strong> sedliackych domov z konca 19. storo\u010dia a\u017e zo za\u010diatku 20. storo\u010dia.<\/p>\n<h2 dir=\"auto\"><span style=\"color: #800000;\">\u010c\u00edm s\u00fa v\u00fdnimo\u010dn\u00e9 okn\u00e1 na t\u00fdchto domoch?<\/span><\/h2>\n<p dir=\"auto\">Niektor\u00e9 domy maj\u00fa e\u0161te dodnes zdoben\u00e9, vyrez\u00e1van\u00e9 p\u00f4vodn\u00e9 okn\u00e1 a to bu\u010f \u0161paletov\u00e9 alebo kastlov\u00e9. \u0160paletov\u00e9 a kastlov\u00e9 okn\u00e1 s\u00fa dvojdielne okn\u00e1, ktor\u00e9 maj\u00fa vonkaj\u0161ie aj vn\u00fatorn\u00e9 kr\u00eddla a medzi nimi je \u010das\u0165 okenn\u00e9ho v\u00fdklenku (\u0161paleta). Pri kastlov\u00fdch okn\u00e1ch sa otv\u00e1raj\u00fa vonkaj\u0161ie kr\u00eddla dovn\u00fatra, pri \u0161paletov\u00fdch von. \u0160paletov\u00e9 (skrinkov\u00e9) okn\u00e1 maj\u00fa z\u00e1sadn\u00fa v\u00fdhodu vo vyu\u017eite\u013enosti medziokenn\u00e9ho priestoru, napr\u00edklad na kvety.<\/p>\n<h2 dir=\"auto\"><span style=\"color: #800000;\">Ako vyzerali interi\u00e9ry a dispoz\u00edcie abovsk\u00fdch \u013eudov\u00fdch domov?<\/span><\/h2>\n<p dir=\"auto\">V izb\u00e1ch bola hlinen\u00e1 podlaha vymazan\u00e1 blatom s plevami. Dvojpriestorov\u00fd dom pozost\u00e1val z jednej izby a pitvora. S\u00fa\u010das\u0165ou pitvora mohla by\u0165 aj tzv. pitvorov\u00e1 kom\u00f4rka, ktor\u00e1 vznikla predelen\u00edm priestoru pozd\u013a\u017enou prie\u010dkou zo zadn\u00e9ho priestoru (vznikol tak tret\u00ed priestor).<\/p>\n<p dir=\"auto\">Trojpriestorov\u00fd dom pozost\u00e1val z izby \u2013 pitvora (bud\u00faca kuchy\u0148a) \u2013 komora, s raden\u00edm do h\u013abky pozemku alebo miestami aj s orient\u00e1ciou pozd\u013a\u017e ulice. Vstupn\u00fdm priestorom bol pitvor s pecou a otvoren\u00fdm ohniskom, z ktor\u00e9ho dym vych\u00e1dzal na povalu. Z pitvora sa vch\u00e1dzalo do prednej izby a do komory.<\/p>\n<p dir=\"auto\">Za\u010diatkom 20. storo\u010dia bolo zau\u017e\u00edvan\u00e9 stavanie domov so \u0161tvordielnym priestorov\u00fdm \u010dlenen\u00edm (predn\u00e1 izba \u2013 kuchy\u0148a \u2013 zadn\u00e1 izba \u2013 komora). Potom nasledovali hospod\u00e1rske budovy. Na niektor\u00fdch domoch sa zachovala aj ornament\u00e1lna v\u00fdzdoba prie\u010delia.<\/p>\n<h1 dir=\"auto\"><span style=\"color: #808000;\">Hospod\u00e1rske stavby<\/span><\/h1>\n<h2 dir=\"auto\"><span style=\"color: #800000;\">Ak\u00e9 hospod\u00e1rske stavby dop\u013a\u0148ali tradi\u010dn\u00e9 medzevsk\u00e9 gazdovstv\u00e1?<\/span><\/h2>\n<p dir=\"auto\">V obci sa zachovali stavebn\u00e9 objekty ur\u010den\u00e9 pre hospod\u00e1rsku \u010dinnos\u0165 jej obyvate\u013eov (stodola, senn\u00edk, pivnica, ma\u0161ta\u013e, chliev, kur\u00edn, v\u010del\u00edn, k\u00f4l\u0148a, voziare\u0148, stud\u0148a a udiare\u0148).<\/p>\n<h1 dir=\"auto\"><span style=\"color: #808000;\">Z\u00e1ver<\/span><\/h1>\n<h2 data-path-to-node=\"37\"><span style=\"color: #800000;\">\u017div\u00e1 kronika vytesan\u00e1 do kame\u0148a<\/span><\/h2>\n<p data-path-to-node=\"38\">N\u00e1v\u0161teva Medzeva nie je len o pozeran\u00ed na star\u00e9 budovy, je to ponorenie sa do soci\u00e1lnej hierarchie vtedaj\u0161ej doby. <b data-path-to-node=\"38\" data-index-in-node=\"115\">\u013dudov\u00e1 architekt\u00fara<\/b> tu odr\u00e1\u017ea technologick\u00fd pokrok, od ru\u010dne tesan\u00fdch tr\u00e1mov a\u017e po zlo\u017eit\u00e9 kach\u013eov\u00e9 pece. Rozdiely medzi <b data-path-to-node=\"38\" data-index-in-node=\"236\">spi\u0161sk\u00fdm<\/b> a <b data-path-to-node=\"38\" data-index-in-node=\"247\">abovsk\u00fdm typom domu<\/b> v\u00e1m odhalia, ako sa tu mie\u0161ali kult\u00fary a ako sa remeseln\u00e9 majstrovstvo h\u00e1morn\u00edkov pretavilo aj do estetiky ich obydl\u00ed. Objavte detaily, ako s\u00fa <b data-path-to-node=\"38\" data-index-in-node=\"410\">podlomenice<\/b> \u010di <b data-path-to-node=\"38\" data-index-in-node=\"425\">ornament\u00e1lne v\u00fdzdoby<\/b>, ktor\u00e9 robia z ka\u017ed\u00e9ho domu unik\u00e1tny artefakt.<\/p>\n<h2><span style=\"color: #800000;\">Fotogal\u00e9ria<\/span><\/h2>\n<style type=\"text\/css\">\n#foogallery-gallery-74386 .fg-image { width: 200px; }<\/style>\n\t\t\t<div class=\"foogallery foogallery-container foogallery-carousel foogallery-lightbox-foogallery fg-carousel fg-ready fg-light fg-border-medium fg-round-small fg-shadow-medium fg-loading-default fg-loaded-fade-in fg-hover-semi-zoomed fg-hover-fade fg-hover-circle-plus2\" id=\"foogallery-gallery-74386\" data-foogallery=\"{&quot;item&quot;:{&quot;showCaptionTitle&quot;:true,&quot;showCaptionDescription&quot;:true},&quot;lazy&quot;:true,&quot;template&quot;:{&quot;maxItems&quot;:5,&quot;scale&quot;:0.11999999999999999555910790149937383830547332763671875,&quot;gutter&quot;:{&quot;min&quot;:-40,&quot;max&quot;:-20,&quot;unit&quot;:&quot;%&quot;},&quot;autoplay&quot;:{&quot;time&quot;:0,&quot;interaction&quot;:&quot;pause&quot;},&quot;centerOnClick&quot;:true,&quot;align&quot;:&quot;center&quot;,&quot;activePosition&quot;:&quot;center&quot;}}\" data-foogallery-lightbox=\"{&quot;thumbs&quot;:&quot;bottom&quot;,&quot;thumbsCaptions&quot;:false,&quot;thumbsBestFit&quot;:false,&quot;thumbsSmall&quot;:false,&quot;thumbsCaptionsAlign&quot;:&quot;default&quot;,&quot;info&quot;:&quot;bottom&quot;,&quot;infoVisible&quot;:true,&quot;infoOverlay&quot;:true,&quot;infoAlign&quot;:&quot;default&quot;,&quot;transition&quot;:&quot;fade&quot;,&quot;hoverButtons&quot;:false,&quot;fitMedia&quot;:false,&quot;noScrollbars&quot;:true,&quot;preserveButtonSpace&quot;:true,&quot;buttons&quot;:{&quot;fullscreen&quot;:true,&quot;info&quot;:true,&quot;thumbs&quot;:false},&quot;video&quot;:{&quot;autoPlay&quot;:true}}\" style=\"--fg-title-line-clamp: 1; --fg-description-line-clamp: 2;\" >\n\t<button type=\"button\" class=\"fg-carousel-prev\" title=\"Previous\"><\/button>\n\t<div class=\"fg-carousel-inner\">\n\t\t<div class=\"fg-carousel-center\"><\/div>\n\t\t<div class=\"fg-item fg-type-image fg-idle\"><figure class=\"fg-item-inner\"><a href=\"https:\/\/www.keturist.sk\/info\/wp-content\/uploads\/2026\/03\/medzev-suster.jpeg\" data-caption-title=\"\u013dudov\u00e1 architekt\u00fara meste Medzev\" data-attachment-id=\"74387\" data-type=\"image\" class=\"fg-thumb\"><span class=\"fg-image-wrap\"><img decoding=\"async\" alt=\"\u013dudov\u00e1 architekt\u00fara meste Medzev\" title=\"\u013dudov\u00e1 architekt\u00fara meste Medzev\" width=\"200\" height=\"200\" class=\"skip-lazy fg-image\" data-src-fg=\"https:\/\/www.keturist.sk\/info\/wp-content\/uploads\/cache\/2026\/03\/medzev-suster\/2011007148.jpeg\" src=\"data:image\/svg+xml,%3Csvg%20xmlns%3D%22http%3A%2F%2Fwww.w3.org%2F2000%2Fsvg%22%20width%3D%22200%22%20height%3D%22200%22%20viewBox%3D%220%200%20200%20200%22%3E%3C%2Fsvg%3E\" loading=\"eager\"><\/span><span class=\"fg-image-overlay\"><\/span><\/a><figcaption class=\"fg-caption\"><div class=\"fg-caption-inner\"><div class=\"fg-caption-title\">\u013dudov\u00e1 architekt\u00fara meste Medzev<\/div><\/div><\/figcaption><\/figure><div class=\"fg-loader\"><\/div><\/div><div class=\"fg-item fg-type-image fg-idle\"><figure class=\"fg-item-inner\"><a href=\"https:\/\/www.keturist.sk\/info\/wp-content\/uploads\/2026\/03\/medzev2.jpeg\" data-caption-title=\"\u013dudov\u00e1 architekt\u00fara meste Medzev\" data-attachment-id=\"74388\" data-type=\"image\" class=\"fg-thumb\"><span class=\"fg-image-wrap\"><img decoding=\"async\" alt=\"\u013dudov\u00e1 architekt\u00fara meste Medzev\" title=\"\u013dudov\u00e1 architekt\u00fara meste Medzev\" width=\"200\" height=\"200\" class=\"skip-lazy fg-image\" data-src-fg=\"https:\/\/www.keturist.sk\/info\/wp-content\/uploads\/cache\/2026\/03\/medzev2\/659454996.jpeg\" src=\"data:image\/svg+xml,%3Csvg%20xmlns%3D%22http%3A%2F%2Fwww.w3.org%2F2000%2Fsvg%22%20width%3D%22200%22%20height%3D%22200%22%20viewBox%3D%220%200%20200%20200%22%3E%3C%2Fsvg%3E\" loading=\"eager\"><\/span><span class=\"fg-image-overlay\"><\/span><\/a><figcaption class=\"fg-caption\"><div class=\"fg-caption-inner\"><div class=\"fg-caption-title\">\u013dudov\u00e1 architekt\u00fara meste Medzev<\/div><\/div><\/figcaption><\/figure><div class=\"fg-loader\"><\/div><\/div><div class=\"fg-item fg-type-image fg-idle\"><figure class=\"fg-item-inner\"><a href=\"https:\/\/www.keturist.sk\/info\/wp-content\/uploads\/2026\/03\/medzev-1.jpeg\" data-caption-title=\"\u013dudov\u00e1 architekt\u00fara meste Medzev\" data-attachment-id=\"74389\" data-type=\"image\" class=\"fg-thumb\"><span class=\"fg-image-wrap\"><img decoding=\"async\" alt=\"\u013dudov\u00e1 architekt\u00fara meste Medzev\" title=\"\u013dudov\u00e1 architekt\u00fara meste Medzev\" width=\"200\" height=\"200\" class=\"skip-lazy fg-image\" data-src-fg=\"https:\/\/www.keturist.sk\/info\/wp-content\/uploads\/cache\/2026\/03\/medzev-1\/742066732.jpeg\" src=\"data:image\/svg+xml,%3Csvg%20xmlns%3D%22http%3A%2F%2Fwww.w3.org%2F2000%2Fsvg%22%20width%3D%22200%22%20height%3D%22200%22%20viewBox%3D%220%200%20200%20200%22%3E%3C%2Fsvg%3E\" loading=\"eager\"><\/span><span class=\"fg-image-overlay\"><\/span><\/a><figcaption class=\"fg-caption\"><div class=\"fg-caption-inner\"><div class=\"fg-caption-title\">\u013dudov\u00e1 architekt\u00fara meste Medzev<\/div><\/div><\/figcaption><\/figure><div class=\"fg-loader\"><\/div><\/div>\t<\/div>\n\t<div class=\"fg-carousel-bottom\"><\/div>\n\t<div class=\"fg-carousel-progress\"><\/div>\n\t<button type=\"button\" class=\"fg-carousel-next\" title=\"Next\"><\/button>\n<\/div>\n<h3><span style=\"color: #808000;\">Bl\u00edzke stredisko, turistick\u00e9 centrum, obec alebo mesto<\/span><\/h3>\n<ul>\n<li><a href=\"http:\/\/www.slovensky-kras.eu\/info\/strediska-a-centra\/mesto-medzev\/\" target=\"_blank\" rel=\"noopener\">Mesto Medzev (\u010d\u00edtaj viac&#8230;)<\/a><\/li>\n<\/ul>\n<h2><span style=\"color: #800000;\">Mapy<\/span><\/h2>\n<p><strong>Vrstvy: <\/strong>Turistick\u00e1 mapa, Automapa, Cyklomapa, Ly\u017eiarska mapa, Satelitn\u00e1 mapa a OpenStreetMap.<\/p>\n<p><strong>Kliknut\u00edm na logo &#8222;Freemap.sk&#8220; sa V\u00e1m mapa zobraz\u00ed na celej ploche obrazovky.<\/strong><\/p>\n<p><iframe style=\"width: 900px; height: 600px; border: 0;\" src=\"https:\/\/www.freemap.sk\/?map=14\/48.700790\/20.892434&amp;info-point=48.700790\/20.892434,Mesto Medzev&amp;layers=X&amp;embed=search\" allowfullscreen=\"allowfullscreen\"><span data-mce-type=\"bookmark\" style=\"display: inline-block; width: 0px; overflow: hidden; line-height: 0;\" class=\"mce_SELRES_start\">\ufeff<\/span><\/iframe><\/p>\n<h2><span style=\"color: #800000;\">Po\u010dasie<\/span><\/h2>\n<p><iframe style=\"width: 900px; height: 600px;\" src=\"https:\/\/www.meteoblue.com\/sk\/po%C4%8Dasie\/widget\/three\/medzev_slovensk%c3%a1-republika_724159?geoloc=fixed&amp;nocurrent=0&amp;noforecast=0&amp;days=6&amp;tempunit=CELSIUS&amp;windunit=KILOMETER_PER_HOUR&amp;layout=image\" frameborder=\"0\" scrolling=\"NO\" sandbox=\"allow-same-origin allow-scripts allow-popups allow-popups-to-escape-sandbox\"><span data-mce-type=\"bookmark\" style=\"display: inline-block; width: 0px; overflow: hidden; line-height: 0;\" class=\"mce_SELRES_start\">\ufeff<\/span><\/iframe><\/p>\n<div><!-- DO NOT REMOVE THIS LINK --><a href=\"https:\/\/www.meteoblue.com\/sk\/po%C4%8Dasie\/predpove%C4%8F\/t%C3%BD%C5%BEde%C5%88\/medzev_slovensk%c3%a1-republika_724159?utm_source=weather_widget&amp;utm_medium=linkus&amp;utm_content=three&amp;utm_campaign=Weather%2BWidget\" target=\"_blank\" rel=\"noopener noreferrer\">meteoblue<\/a><\/div>\n","protected":false},"excerpt":{"rendered":"<p>Podkateg\u00f3ria: Lokaliz\u00e1cia: Volovsk\u00e9 vrchy \u013dudov\u00e1 architekt\u00fara v meste Medzev: Odha\u013ete tajomstvo troch okien a nemeck\u00fdch h\u00e1mrov! Po\u010dujete ten kovov\u00fd zvuk hist\u00f3rie? Vst\u00fapte do mesta, kde kamenn\u00e9 br\u00e1ny rozpr\u00e1vaj\u00fa pr\u00edbehy bohat\u00fdch [&hellip;]<\/p>\n","protected":false},"author":1,"featured_media":74389,"parent":11613,"menu_order":0,"comment_status":"closed","ping_status":"closed","template":"","meta":{"_uag_custom_page_level_css":"","_monsterinsights_skip_tracking":false,"_monsterinsights_sitenote_active":false,"_monsterinsights_sitenote_note":"","_monsterinsights_sitenote_category":0,"footnotes":""},"class_list":["post-44429","page","type-page","status-publish","has-post-thumbnail","hentry"],"featured_image_src":"https:\/\/www.keturist.sk\/info\/wp-content\/uploads\/2026\/03\/medzev-1.jpeg","featured_image_src_square":"https:\/\/www.keturist.sk\/info\/wp-content\/uploads\/2026\/03\/medzev-1.jpeg","rbea_author_info":{"display_name":"admin","author_link":"https:\/\/www.keturist.sk\/info\/author\/admin\/"},"rbea_excerpt_info":"Podkateg\u00f3ria: Lokaliz\u00e1cia: Volovsk\u00e9 vrchy \u013dudov\u00e1 architekt\u00fara v meste Medzev: Odha\u013ete tajomstvo troch okien a nemeck\u00fdch h\u00e1mrov! Po\u010dujete ten kovov\u00fd zvuk hist\u00f3rie? Vst\u00fapte do mesta, kde kamenn\u00e9 br\u00e1ny rozpr\u00e1vaj\u00fa pr\u00edbehy bohat\u00fdch [&hellip;]","uagb_featured_image_src":{"full":["https:\/\/www.keturist.sk\/info\/wp-content\/uploads\/2026\/03\/medzev-1.jpeg",1376,768,false],"thumbnail":["https:\/\/www.keturist.sk\/info\/wp-content\/uploads\/2026\/03\/medzev-1-270x151.jpeg",270,151,true],"medium":["https:\/\/www.keturist.sk\/info\/wp-content\/uploads\/2026\/03\/medzev-1-800x447.jpeg",800,447,true],"medium_large":["https:\/\/www.keturist.sk\/info\/wp-content\/uploads\/2026\/03\/medzev-1-768x429.jpeg",768,429,true],"large":["https:\/\/www.keturist.sk\/info\/wp-content\/uploads\/2026\/03\/medzev-1.jpeg",1376,768,false],"1536x1536":["https:\/\/www.keturist.sk\/info\/wp-content\/uploads\/2026\/03\/medzev-1.jpeg",1376,768,false],"2048x2048":["https:\/\/www.keturist.sk\/info\/wp-content\/uploads\/2026\/03\/medzev-1.jpeg",1376,768,false]},"uagb_author_info":{"display_name":"admin","author_link":"https:\/\/www.keturist.sk\/info\/author\/admin\/"},"uagb_comment_info":0,"uagb_excerpt":"Podkateg\u00f3ria: Lokaliz\u00e1cia: Volovsk\u00e9 vrchy \u013dudov\u00e1 architekt\u00fara v meste Medzev: Odha\u013ete tajomstvo troch okien a nemeck\u00fdch h\u00e1mrov! Po\u010dujete ten kovov\u00fd zvuk hist\u00f3rie? Vst\u00fapte do mesta, kde kamenn\u00e9 br\u00e1ny rozpr\u00e1vaj\u00fa pr\u00edbehy bohat\u00fdch [&hellip;]","_links":{"self":[{"href":"https:\/\/www.keturist.sk\/info\/wp-json\/wp\/v2\/pages\/44429","targetHints":{"allow":["GET"]}}],"collection":[{"href":"https:\/\/www.keturist.sk\/info\/wp-json\/wp\/v2\/pages"}],"about":[{"href":"https:\/\/www.keturist.sk\/info\/wp-json\/wp\/v2\/types\/page"}],"author":[{"embeddable":true,"href":"https:\/\/www.keturist.sk\/info\/wp-json\/wp\/v2\/users\/1"}],"replies":[{"embeddable":true,"href":"https:\/\/www.keturist.sk\/info\/wp-json\/wp\/v2\/comments?post=44429"}],"version-history":[{"count":11,"href":"https:\/\/www.keturist.sk\/info\/wp-json\/wp\/v2\/pages\/44429\/revisions"}],"predecessor-version":[{"id":74391,"href":"https:\/\/www.keturist.sk\/info\/wp-json\/wp\/v2\/pages\/44429\/revisions\/74391"}],"up":[{"embeddable":true,"href":"https:\/\/www.keturist.sk\/info\/wp-json\/wp\/v2\/pages\/11613"}],"wp:featuredmedia":[{"embeddable":true,"href":"https:\/\/www.keturist.sk\/info\/wp-json\/wp\/v2\/media\/74389"}],"wp:attachment":[{"href":"https:\/\/www.keturist.sk\/info\/wp-json\/wp\/v2\/media?parent=44429"}],"curies":[{"name":"wp","href":"https:\/\/api.w.org\/{rel}","templated":true}]}}