{"id":43462,"date":"2021-11-07T07:37:07","date_gmt":"2021-11-07T06:37:07","guid":{"rendered":"https:\/\/www.keturist.sk\/info\/?page_id=43462"},"modified":"2021-11-29T11:48:23","modified_gmt":"2021-11-29T10:48:23","slug":"galerie-a-divadla","status":"publish","type":"page","link":"https:\/\/www.keturist.sk\/info\/sport-a-kultura\/muzea-kultura\/galerie-a-divadla\/","title":{"rendered":"Gal\u00e9rie a divadl\u00e1"},"content":{"rendered":"<a href=\"https:\/\/www.keturist.sk\/info\/\" class=\"su-button su-button-style-default\" style=\"color:#000000;background-color:#FFCF2F;border-color:#cca626;border-radius:5px\" target=\"_self\"><span style=\"color:#000000;padding:6px 16px;font-size:13px;line-height:20px;border-color:#ffde6e;border-radius:5px;text-shadow:none\"><i class=\"sui sui-arrow-right\" style=\"font-size:13px;color:#000000\"><\/i>  Spravodaj <\/span><\/a>\n<a href=\"https:\/\/www.keturist.sk\/info\/sport-a-kultura\/\" class=\"su-button su-button-style-default\" style=\"color:#000000;background-color:#FFCF2F;border-color:#cca626;border-radius:5px\" target=\"_self\"><span style=\"color:#000000;padding:6px 16px;font-size:13px;line-height:20px;border-color:#ffde6e;border-radius:5px;text-shadow:none\"><i class=\"sui sui-arrow-right\" style=\"font-size:13px;color:#000000\"><\/i>  Aktivity a kult\u00fara <\/span><\/a>\n<a href=\"https:\/\/www.keturist.sk\/info\/muzea-kultura\/\" class=\"su-button su-button-style-default\" style=\"color:#000000;background-color:#FFCF2F;border-color:#cca626;border-radius:5px\" target=\"_self\"><span style=\"color:#000000;padding:6px 16px;font-size:13px;line-height:20px;border-color:#ffde6e;border-radius:5px;text-shadow:none\"><i class=\"sui sui-arrow-right\" style=\"font-size:13px;color:#000000\"><\/i>  M\u00faze\u00e1, kult\u00fara&#8230; <\/span><\/a>\n<div class=\"su-divider su-divider-style-default\" style=\"margin:15px 0;border-width:2px;border-color:#000000\"><\/div>\n<h3><span style=\"color: #808000;\">Gal\u00e9rie<\/span><\/h3>\n<ul>\n<li><a href=\"http:\/\/www.vsg.sk\/\" target=\"_blank\" rel=\"noopener noreferrer\">V\u00fdchodoslovensk\u00e1 gal\u00e9ria Ko\u0161ice (Link&#8230;)<\/a><\/li>\n<\/ul>\n<ul>\n<li>Gal\u00e9ria J\u00faliusa Jakobyho (\u010d\u00edtaj viac&#8230;)<\/li>\n<\/ul>\n<h3><span style=\"color: #808000;\">Divadl\u00e1<\/span><\/h3>\n<ul>\n<li><a href=\"http:\/\/www.sdke.sk\/\" target=\"_blank\" rel=\"noopener noreferrer\">\u0160t\u00e1tne divadlo Ko\u0161ice (Link&#8230;)<\/a><\/li>\n<\/ul>\n<ul>\n<li><a href=\"http:\/\/www.bdke.sk\/\" target=\"_blank\" rel=\"noopener noreferrer\">B\u00e1bkov\u00e9 divadlo v Ko\u0161iciach (Link&#8230;)<\/a><\/li>\n<\/ul>\n<ul>\n<li><a href=\"http:\/\/www.staromestske-divadlo.sk\/\" target=\"_blank\" rel=\"noopener noreferrer\">Staromestsk\u00e9 divadlo Ko\u0161ice (Link&#8230;)<\/a><\/li>\n<\/ul>\n<ul>\n<li><a href=\"http:\/\/naperone.sk\/sk\" target=\"_blank\" rel=\"noopener noreferrer\">Divadlo na per\u00f3ne (Link&#8230;)<\/a><\/li>\n<\/ul>\n<ul>\n<li><a href=\"http:\/\/www.plaszky.host.sk\/\" target=\"_blank\" rel=\"noopener noreferrer\">Divadlo v kufri (Tom\u00e1\u0161 Plaszky) (Link&#8230;)<\/a><\/li>\n<\/ul>\n<ul>\n<li><a href=\"http:\/\/www.divadlocassia.sk\/\" target=\"_blank\" rel=\"noopener noreferrer\">Divadlo CASSIA Ko\u0161ice (Link&#8230;)<\/a><\/li>\n<\/ul>\n<ul>\n<li><a href=\"http:\/\/www.romathan.sk\/sk\/\" target=\"_blank\" rel=\"noopener noreferrer\">Divadlo ROMATHAN Ko\u0161ice (Link&#8230;)<\/a><\/li>\n<\/ul>\n<ul>\n<li><a href=\"http:\/\/www.thaliaszinhaz.sk\/new\/\" target=\"_blank\" rel=\"noopener noreferrer\">Divadlo THALIA Ko\u0161ice (Link&#8230;)<\/a><\/li>\n<\/ul>\n<p><strong><br \/>\nWesternov\u00e9 divadl\u00e1<\/strong><\/p>\n<ul>\n<li><a href=\"http:\/\/www.wad.wbl.sk\/\" target=\"_blank\" rel=\"noopener noreferrer\">WESTERNOV\u00c9O AK\u010cN\u00c9 DIVADLO (Link&#8230;)<\/a><\/li>\n<\/ul>\n<p><strong>\u0160erm<\/strong><\/p>\n<ul>\n<li><a href=\"http:\/\/www.viacassa.eu\/\" target=\"_blank\" rel=\"noopener noreferrer\">SPOLO\u010cNOS\u0164 VIA CASSA &#8211; Zdru\u017eenie priate\u013eov hist\u00f3rie, vojenstva, \u0161ermu a pouli\u010dn\u00e9ho divadla (Link&#8230;)<\/a><\/li>\n<\/ul>\n","protected":false},"excerpt":{"rendered":"<p>Gal\u00e9rie V\u00fdchodoslovensk\u00e1 gal\u00e9ria Ko\u0161ice (Link&#8230;) Gal\u00e9ria J\u00faliusa Jakobyho (\u010d\u00edtaj viac&#8230;) Divadl\u00e1 \u0160t\u00e1tne divadlo Ko\u0161ice (Link&#8230;) B\u00e1bkov\u00e9 divadlo v Ko\u0161iciach (Link&#8230;) Staromestsk\u00e9 divadlo Ko\u0161ice (Link&#8230;) Divadlo na per\u00f3ne (Link&#8230;) Divadlo v [&hellip;]<\/p>\n","protected":false},"author":1,"featured_media":0,"parent":43425,"menu_order":0,"comment_status":"closed","ping_status":"closed","template":"","meta":{"_uag_custom_page_level_css":"","_monsterinsights_skip_tracking":false,"_monsterinsights_sitenote_active":false,"_monsterinsights_sitenote_note":"","_monsterinsights_sitenote_category":0,"footnotes":""},"class_list":["post-43462","page","type-page","status-publish","hentry"],"featured_image_src":"","featured_image_src_square":false,"rbea_author_info":{"display_name":"admin","author_link":"https:\/\/www.keturist.sk\/info\/author\/admin\/"},"rbea_excerpt_info":"Gal\u00e9rie V\u00fdchodoslovensk\u00e1 gal\u00e9ria Ko\u0161ice (Link&#8230;) Gal\u00e9ria J\u00faliusa Jakobyho (\u010d\u00edtaj viac&#8230;) Divadl\u00e1 \u0160t\u00e1tne divadlo Ko\u0161ice (Link&#8230;) B\u00e1bkov\u00e9 divadlo v Ko\u0161iciach (Link&#8230;) Staromestsk\u00e9 divadlo Ko\u0161ice (Link&#8230;) Divadlo na per\u00f3ne (Link&#8230;) Divadlo v [&hellip;]","uagb_featured_image_src":{"full":false,"thumbnail":false,"medium":false,"medium_large":false,"large":false,"1536x1536":false,"2048x2048":false},"uagb_author_info":{"display_name":"admin","author_link":"https:\/\/www.keturist.sk\/info\/author\/admin\/"},"uagb_comment_info":0,"uagb_excerpt":"Gal\u00e9rie V\u00fdchodoslovensk\u00e1 gal\u00e9ria Ko\u0161ice (Link&#8230;) Gal\u00e9ria J\u00faliusa Jakobyho (\u010d\u00edtaj viac&#8230;) Divadl\u00e1 \u0160t\u00e1tne divadlo Ko\u0161ice (Link&#8230;) B\u00e1bkov\u00e9 divadlo v Ko\u0161iciach (Link&#8230;) Staromestsk\u00e9 divadlo Ko\u0161ice (Link&#8230;) Divadlo na per\u00f3ne (Link&#8230;) Divadlo v [&hellip;]","_links":{"self":[{"href":"https:\/\/www.keturist.sk\/info\/wp-json\/wp\/v2\/pages\/43462","targetHints":{"allow":["GET"]}}],"collection":[{"href":"https:\/\/www.keturist.sk\/info\/wp-json\/wp\/v2\/pages"}],"about":[{"href":"https:\/\/www.keturist.sk\/info\/wp-json\/wp\/v2\/types\/page"}],"author":[{"embeddable":true,"href":"https:\/\/www.keturist.sk\/info\/wp-json\/wp\/v2\/users\/1"}],"replies":[{"embeddable":true,"href":"https:\/\/www.keturist.sk\/info\/wp-json\/wp\/v2\/comments?post=43462"}],"version-history":[{"count":4,"href":"https:\/\/www.keturist.sk\/info\/wp-json\/wp\/v2\/pages\/43462\/revisions"}],"predecessor-version":[{"id":44238,"href":"https:\/\/www.keturist.sk\/info\/wp-json\/wp\/v2\/pages\/43462\/revisions\/44238"}],"up":[{"embeddable":true,"href":"https:\/\/www.keturist.sk\/info\/wp-json\/wp\/v2\/pages\/43425"}],"wp:attachment":[{"href":"https:\/\/www.keturist.sk\/info\/wp-json\/wp\/v2\/media?parent=43462"}],"curies":[{"name":"wp","href":"https:\/\/api.w.org\/{rel}","templated":true}]}}