{"id":434,"date":"2013-08-03T06:33:43","date_gmt":"2013-08-03T04:33:43","guid":{"rendered":"https:\/\/www.keturist.sk\/info\/?page_id=434"},"modified":"2026-01-08T07:59:05","modified_gmt":"2026-01-08T06:59:05","slug":"synagoga-na-zvonarskej-ulici","status":"publish","type":"page","link":"https:\/\/www.keturist.sk\/info\/kam-za-pamiatkami\/synagoga-na-zvonarskej-ulici\/","title":{"rendered":"Ortodoxn\u00e1 synag\u00f3ga na Zvon\u00e1rskej ulici"},"content":{"rendered":"<a href=\"https:\/\/www.keturist.sk\/info\/\" class=\"su-button su-button-style-default\" style=\"color:#000000;background-color:#FFCF2F;border-color:#cca626;border-radius:5px\" target=\"_self\"><span style=\"color:#000000;padding:6px 16px;font-size:13px;line-height:20px;border-color:#ffde6e;border-radius:5px;text-shadow:none\"><i class=\"sui sui-arrow-right\" style=\"font-size:13px;color:#000000\"><\/i>  Spravodaj <\/span><\/a>\n<a href=\"https:\/\/www.keturist.sk\/info\/tipy-na-vylety\/\" class=\"su-button su-button-style-default\" style=\"color:#000000;background-color:#FFCF2F;border-color:#cca626;border-radius:5px\" target=\"_self\"><span style=\"color:#000000;padding:6px 16px;font-size:13px;line-height:20px;border-color:#ffde6e;border-radius:5px;text-shadow:none\"><i class=\"sui sui-arrow-right\" style=\"font-size:13px;color:#000000\"><\/i>  TIPY NA V\u00ddLETY <\/span><\/a>\n<a href=\"https:\/\/www.keturist.sk\/info\/kam-za-pamiatkami\/\" class=\"su-button su-button-style-default\" style=\"color:#000000;background-color:#FFCF2F;border-color:#cca626;border-radius:5px\" target=\"_self\"><span style=\"color:#000000;padding:6px 16px;font-size:13px;line-height:20px;border-color:#ffde6e;border-radius:5px;text-shadow:none\"><i class=\"sui sui-arrow-right\" style=\"font-size:13px;color:#000000\"><\/i>  Kam za pamiatkami <\/span><\/a>\n<a href=\"https:\/\/www.keturist.sk\/info\/kam-za-pamiatkami\/kam-za-pamiatkami-smer-kosice\/\" class=\"su-button su-button-style-default\" style=\"color:#000000;background-color:#FFCF2F;border-color:#cca626;border-radius:5px\" target=\"_self\"><span style=\"color:#000000;padding:6px 16px;font-size:13px;line-height:20px;border-color:#ffde6e;border-radius:5px;text-shadow:none\"><i class=\"sui sui-arrow-right\" style=\"font-size:13px;color:#000000\"><\/i>  smer Ko\u0161ice <\/span><\/a>\n<div class=\"su-divider su-divider-style-default\" style=\"margin:15px 0;border-width:0px;border-color:#000000\"><\/div>\n<p><strong>Podkateg\u00f3ria: <\/strong> <a href=\"https:\/\/www.keturist.sk\/info\/kam-za-pamiatkami\/kam-za-pamiatkami-smer-kosice\/nabozenske-pamiatky-historicke-centrum\/\" class=\"su-button su-button-style-default\" style=\"color:#000000;background-color:#afd144;border-color:#8ca837;border-radius:5px\" target=\"_self\"><span style=\"color:#000000;padding:6px 16px;font-size:13px;line-height:20px;border-color:#c7df7d;border-radius:5px;text-shadow:none\"><i class=\"sui sui-arrow-right\" style=\"font-size:13px;color:#000000\"><\/i>  N\u00e1bo\u017eensk\u00e9 pamiatky &#8211; historick\u00e9 centrum <\/span><\/a>\n<div class=\"su-divider su-divider-style-default\" style=\"margin:15px 0;border-width:0px;border-color:#000000\"><\/div>\n<strong>Lokaliz\u00e1cia: <\/strong><a href=\"https:\/\/www.keturist.sk\/info\/vseobecne-informacie\/\">Ko\u0161ice<\/a> a <a href=\"https:\/\/www.keturist.sk\/info\/turisticke-vychodiska\/strediska-a-centra\/mc-stare-mesto\/\">M\u010c Star\u00e9 mesto<\/a><br \/>\n<div class=\"su-divider su-divider-style-default\" style=\"margin:15px 0;border-width:2px;border-color:#000000\"><\/div>\n<figure id=\"attachment_37756\" aria-describedby=\"caption-attachment-37756\" style=\"width: 900px\" class=\"wp-caption aligncenter\"><a href=\"https:\/\/www.keturist.sk\/info\/wp-content\/uploads\/2021\/01\/synagoga.jpg\"><img loading=\"lazy\" decoding=\"async\" class=\"wp-image-37756\" src=\"https:\/\/www.keturist.sk\/info\/wp-content\/uploads\/2021\/01\/synagoga.jpg\" alt=\"Ortodoxn\u00e1 synag\u00f3ga na Zvon\u00e1rskej ulici\" width=\"900\" height=\"675\" srcset=\"https:\/\/www.keturist.sk\/info\/wp-content\/uploads\/2021\/01\/synagoga.jpg 800w, https:\/\/www.keturist.sk\/info\/wp-content\/uploads\/2021\/01\/synagoga-240x180.jpg 240w, https:\/\/www.keturist.sk\/info\/wp-content\/uploads\/2021\/01\/synagoga-768x576.jpg 768w\" sizes=\"auto, (max-width: 900px) 100vw, 900px\" \/><\/a><figcaption id=\"caption-attachment-37756\" class=\"wp-caption-text\">Ortodoxn\u00e1 synag\u00f3ga na Zvon\u00e1rskej ulici<\/figcaption><\/figure>\n<div class=\"su-divider su-divider-style-default\" style=\"margin:15px 0;border-width:2px;border-color:#000000\"><\/div>\n<h2 class=\"ds-markdown-paragraph\"><span style=\"color: #800000;\">\u010co je Ortodoxn\u00e1 synag\u00f3ga na Zvon\u00e1rskej ulici a ak\u00e1 je jej hist\u00f3ria?<\/span><\/h2>\n<p class=\"ds-markdown-paragraph\"><strong>Ortodoxn\u00e1 synag\u00f3ga na Zvon\u00e1rskej ulici v Ko\u0161iciach<\/strong>\u00a0dnes sl\u00fa\u017ei ako\u00a0<strong>kult\u00farne a pam\u00e4\u0165ov\u00e9 miesto<\/strong>. Postaven\u00e1 v roku 1899, je\u00a0<strong>najstar\u0161ou synag\u00f3gou v meste<\/strong>\u00a0a\u00a0<strong>n\u00e1rodnou kult\u00farnou pamiatkou<\/strong>. P\u00f4vodne bola postaven\u00e1 v roku 1883 na mieste starej malej modlitebne a jej prestavbu v roku 1899 viedol stavite\u013e\u00a0<strong>J\u00e1n Balogh<\/strong>. T\u00e1to\u00a0<strong>n\u00e1rodn\u00e1 kult\u00farna pamiatka<\/strong>\u00a0je z\u00e1rove\u0148 pova\u017eovan\u00e1 za jednu z\u00a0<strong>najkraj\u0161\u00edch \u017eidovsk\u00fdch pamiatok na Slovensku<\/strong>.<\/p>\n<h2 class=\"ds-markdown-paragraph\"><span style=\"color: #800000;\">Ako vyzer\u00e1 interi\u00e9r a \u010d\u00edm je unik\u00e1tny?<\/span><\/h2>\n<p class=\"ds-markdown-paragraph\"><strong>Interi\u00e9r<\/strong>\u00a0synag\u00f3gy je bohato zdoben\u00fd\u00a0<strong>n\u00e1stenn\u00fdmi ma\u013ebami v maurskom \u0161t\u00fdle<\/strong>. Tvor\u00ed ho\u00a0<strong>halov\u00fd priestor<\/strong>\u00a0\u010dlenen\u00fd\u00a0<strong>liatinov\u00fdmi st\u013apmi<\/strong>, ktor\u00e9 nes\u00fa\u00a0<strong>dreven\u00e9 empory<\/strong>. Z\u00a0<strong>p\u00f4vodn\u00e9ho vybavenia<\/strong>\u00a0sa zachovali\u00a0<strong>\u017eensk\u00e1 gal\u00e9ria<\/strong>\u00a0na liatinov\u00fdch st\u013apoch,\u00a0<strong>sv\u00e4tost\u00e1nok<\/strong>\u00a0a niektor\u00e9 \u010fal\u0161ie prvky\u00a0<strong>mobili\u00e1ru<\/strong>.\u00a0<strong>Vn\u00fatro<\/strong>\u00a0je tradi\u010dne rozdelen\u00e9 na pr\u00edzemie pre mu\u017eov a poschodie pre \u017eeny.<\/p>\n<h2 class=\"ds-markdown-paragraph\"><span style=\"color: #800000;\">\u010co sa dialo so synag\u00f3gou v 20. storo\u010d\u00ed?<\/span><\/h2>\n<p class=\"ds-markdown-paragraph\">V 50. rokoch 20. storo\u010dia tu bol zriaden\u00fd <strong>sklad kn\u00edh \u0161t\u00e1tnej vedeckej kni\u017enice<\/strong>. To malo za n\u00e1sledok\u00a0<strong>v\u00e1\u017ene po\u0161kodenie<\/strong>\u00a0a hlavne\u00a0<strong>devast\u00e1ciu tejto pamiatky<\/strong>.\u00a0<strong>Imobili\u00e1r<\/strong>\u00a0synag\u00f3gy bol rozkradnut\u00fd alebo tot\u00e1lne zdevastovan\u00fd. Odstr\u00e1nen\u00e9 boli aj dreven\u00e9 lavice.\u00a0<strong>Vedeck\u00e1 kni\u017enica<\/strong>\u00a0vyu\u017e\u00edvala nevhodne t\u00fato pamiatku a\u017e do roku 1995.<\/p>\n<h2 class=\"ds-markdown-paragraph\"><span style=\"color: #800000;\">Ak\u00e9 je s\u00fa\u010dasn\u00e9 vyu\u017eitie synag\u00f3gy?<\/span><\/h2>\n<p class=\"ds-markdown-paragraph\">V s\u00fa\u010dasnosti <strong>synag\u00f3ga funguje ako m\u00fazeum \u017eidovskej kult\u00fary<\/strong>\u00a0pred druhou svetovou vojnou na v\u00fdchodnom Slovensku a pripom\u00edna\u00a0<strong>obete holokaustu<\/strong>. V\u00a0<strong>interi\u00e9ri<\/strong>\u00a0s\u00fa zve\u010dnen\u00e9 men\u00e1 odvle\u010den\u00fdch a zavra\u017eden\u00fdch ob\u010danov v\u00a0<strong>koncentra\u010dn\u00fdch t\u00e1boroch<\/strong>. Pravidelne sa tu konaj\u00fa\u00a0<strong>v\u00fdstavy, koncerty, festivaly a kult\u00farne podujatia<\/strong>\u00a0v spolupr\u00e1ci s in\u0161tit\u00faciami ako\u00a0<strong>Slovensk\u00e1 filharm\u00f3nia<\/strong>.\u00a0<strong>Synag\u00f3ga<\/strong>\u00a0je zaraden\u00e1 do projektu\u00a0<strong>Eur\u00f3pske cesty \u017eidovsk\u00e9ho kult\u00farneho dedi\u010dstva<\/strong>.<\/p>\n<h2 class=\"ds-markdown-paragraph\"><span style=\"color: #800000;\">Ak\u00fd je aktu\u00e1lny stav synag\u00f3gy a ako ju mo\u017eno nav\u0161t\u00edvi\u0165?<\/span><\/h2>\n<p class=\"ds-markdown-paragraph\"><strong>Synag\u00f3ga<\/strong>\u00a0\u010dak\u00e1 na\u00a0<strong>komplexn\u00fa rekon\u0161trukciu<\/strong>\u00a0a jej\u00a0<strong>interi\u00e9r je \u010diasto\u010dne po\u0161koden\u00fd<\/strong>, no priestory sa priebe\u017ene udr\u017eiavaj\u00fa pre\u00a0<strong>kult\u00farne \u00fa\u010dely<\/strong>. Pre be\u017en\u00fa verejnos\u0165 je zvy\u010dajne zatvoren\u00e1, konaj\u00fa sa v nej v\u0161ak\u00a0<strong>v\u00fdstavy<\/strong>\u00a0a\u00a0<strong>prehliadky s\u00fa mo\u017en\u00e9 na objedn\u00e1vku<\/strong>\u00a0cez\u00a0<strong>\u017didovsk\u00fa n\u00e1bo\u017eensk\u00fa obec Ko\u0161ice<\/strong>.<\/p>\n<h3><span style=\"color: #808000;\">Kontakt<\/span><\/h3>\n<p class=\"ds-markdown-paragraph\"><strong>Zvon\u00e1rska 130\/5,\u00a0<\/strong><br \/>\n<strong>Ko\u0161ice-Star\u00e9 Mesto<\/strong>.<\/p>\n<p><strong>Web:<\/strong> <a href=\"https:\/\/www.kehilakosice.sk\/\" target=\"_blank\" rel=\"noopener\">https:\/\/www.kehilakosice.sk\/<\/a><\/p>\n<h2><span style=\"color: #800000;\">Zauj\u00edmav\u00e9 odkazy<\/span><\/h2>\n<h3><span style=\"color: #808000;\">Bl\u00edzke stredisko, turistick\u00e9 centrum, obec alebo mesto:<\/span><\/h3>\n<ul>\n<li><a href=\"https:\/\/www.keturist.sk\/info\/strediska-a-centra\/mc-stare-mesto\/\">Ko\u0161ice &#8211; M\u010c Star\u00e9 mesto (\u010d\u00edtaj viac&#8230;)<\/a><\/li>\n<\/ul>\n<h2><span style=\"color: #800000;\">Mapy<\/span><\/h2>\n<p><strong>Vrstvy: <\/strong>Turistick\u00e1 mapa, Automapa, Cyklomapa, Ly\u017eiarska mapa, Satelitn\u00e1 mapa a OpenStreetMap.<\/p>\n<p><strong>Kliknut\u00edm na logo &#8222;Freemap.sk&#8220; sa V\u00e1m mapa zobraz\u00ed na celej ploche obrazovky.<\/strong><\/p>\n<p><iframe style=\"width: 900px; height: 500px; border: 0;\" src=\"https:\/\/www.freemap.sk\/?map=16\/48.718991\/21.260208&amp;info-point=48.718991\/21.260208,Ortodoxn\u00e1 synag\u00f3ga na Zvon\u00e1rskej ulici&amp;layers=X&amp;embed=search\" allowfullscreen=\"allowfullscreen\"><span data-mce-type=\"bookmark\" style=\"display: inline-block; width: 0px; overflow: hidden; line-height: 0;\" class=\"mce_SELRES_start\">\ufeff<\/span><\/iframe><\/p>\n<h2><span style=\"color: #800000;\">Po\u010dasie<\/span><\/h2>\n<p><iframe style=\"width: 900px; height: 600px;\" src=\"https:\/\/www.meteoblue.com\/sk\/po%C4%8Dasie\/widget\/three\/ko%c5%a1ice_slovensk%c3%a1-republika_724443?geoloc=fixed&amp;nocurrent=0&amp;noforecast=0&amp;days=5&amp;tempunit=CELSIUS&amp;windunit=KILOMETER_PER_HOUR&amp;layout=image\" frameborder=\"0\" scrolling=\"NO\" sandbox=\"allow-same-origin allow-scripts allow-popups allow-popups-to-escape-sandbox\"><\/iframe><\/p>\n<div><!-- DO NOT REMOVE THIS LINK --><a href=\"https:\/\/www.meteoblue.com\/sk\/po%C4%8Dasie\/predpove%C4%8F\/t%C3%BD%C5%BEde%C5%88\/ko%c5%a1ice_slovensk%c3%a1-republika_724443?utm_source=weather_widget&amp;utm_medium=linkus&amp;utm_content=three&amp;utm_campaign=Weather%2BWidget\" target=\"_blank\" rel=\"noopener\">meteoblue<\/a><\/div>\n","protected":false},"excerpt":{"rendered":"<p>Podkateg\u00f3ria: Lokaliz\u00e1cia: Ko\u0161ice a M\u010c Star\u00e9 mesto \u010co je Ortodoxn\u00e1 synag\u00f3ga na Zvon\u00e1rskej ulici a ak\u00e1 je jej hist\u00f3ria? Ortodoxn\u00e1 synag\u00f3ga na Zvon\u00e1rskej ulici v Ko\u0161iciach\u00a0dnes sl\u00fa\u017ei ako\u00a0kult\u00farne a pam\u00e4\u0165ov\u00e9 [&hellip;]<\/p>\n","protected":false},"author":1,"featured_media":37756,"parent":51,"menu_order":0,"comment_status":"closed","ping_status":"closed","template":"","meta":{"_uag_custom_page_level_css":"","_monsterinsights_skip_tracking":false,"_monsterinsights_sitenote_active":false,"_monsterinsights_sitenote_note":"","_monsterinsights_sitenote_category":0,"footnotes":""},"class_list":["post-434","page","type-page","status-publish","has-post-thumbnail","hentry"],"featured_image_src":"https:\/\/www.keturist.sk\/info\/wp-content\/uploads\/2021\/01\/synagoga.jpg","featured_image_src_square":"https:\/\/www.keturist.sk\/info\/wp-content\/uploads\/2021\/01\/synagoga.jpg","rbea_author_info":{"display_name":"admin","author_link":"https:\/\/www.keturist.sk\/info\/author\/admin\/"},"rbea_excerpt_info":"Podkateg\u00f3ria: Lokaliz\u00e1cia: Ko\u0161ice a M\u010c Star\u00e9 mesto \u010co je Ortodoxn\u00e1 synag\u00f3ga na Zvon\u00e1rskej ulici a ak\u00e1 je jej hist\u00f3ria? Ortodoxn\u00e1 synag\u00f3ga na Zvon\u00e1rskej ulici v Ko\u0161iciach\u00a0dnes sl\u00fa\u017ei ako\u00a0kult\u00farne a pam\u00e4\u0165ov\u00e9 [&hellip;]","uagb_featured_image_src":{"full":["https:\/\/www.keturist.sk\/info\/wp-content\/uploads\/2021\/01\/synagoga.jpg",800,600,false],"thumbnail":["https:\/\/www.keturist.sk\/info\/wp-content\/uploads\/2021\/01\/synagoga-240x180.jpg",240,180,true],"medium":["https:\/\/www.keturist.sk\/info\/wp-content\/uploads\/2021\/01\/synagoga.jpg",800,600,false],"medium_large":["https:\/\/www.keturist.sk\/info\/wp-content\/uploads\/2021\/01\/synagoga-768x576.jpg",768,576,true],"large":["https:\/\/www.keturist.sk\/info\/wp-content\/uploads\/2021\/01\/synagoga.jpg",800,600,false],"1536x1536":["https:\/\/www.keturist.sk\/info\/wp-content\/uploads\/2021\/01\/synagoga.jpg",800,600,false],"2048x2048":["https:\/\/www.keturist.sk\/info\/wp-content\/uploads\/2021\/01\/synagoga.jpg",800,600,false]},"uagb_author_info":{"display_name":"admin","author_link":"https:\/\/www.keturist.sk\/info\/author\/admin\/"},"uagb_comment_info":0,"uagb_excerpt":"Podkateg\u00f3ria: Lokaliz\u00e1cia: Ko\u0161ice a M\u010c Star\u00e9 mesto \u010co je Ortodoxn\u00e1 synag\u00f3ga na Zvon\u00e1rskej ulici a ak\u00e1 je jej hist\u00f3ria? Ortodoxn\u00e1 synag\u00f3ga na Zvon\u00e1rskej ulici v Ko\u0161iciach\u00a0dnes sl\u00fa\u017ei ako\u00a0kult\u00farne a pam\u00e4\u0165ov\u00e9 [&hellip;]","_links":{"self":[{"href":"https:\/\/www.keturist.sk\/info\/wp-json\/wp\/v2\/pages\/434","targetHints":{"allow":["GET"]}}],"collection":[{"href":"https:\/\/www.keturist.sk\/info\/wp-json\/wp\/v2\/pages"}],"about":[{"href":"https:\/\/www.keturist.sk\/info\/wp-json\/wp\/v2\/types\/page"}],"author":[{"embeddable":true,"href":"https:\/\/www.keturist.sk\/info\/wp-json\/wp\/v2\/users\/1"}],"replies":[{"embeddable":true,"href":"https:\/\/www.keturist.sk\/info\/wp-json\/wp\/v2\/comments?post=434"}],"version-history":[{"count":5,"href":"https:\/\/www.keturist.sk\/info\/wp-json\/wp\/v2\/pages\/434\/revisions"}],"predecessor-version":[{"id":73176,"href":"https:\/\/www.keturist.sk\/info\/wp-json\/wp\/v2\/pages\/434\/revisions\/73176"}],"up":[{"embeddable":true,"href":"https:\/\/www.keturist.sk\/info\/wp-json\/wp\/v2\/pages\/51"}],"wp:featuredmedia":[{"embeddable":true,"href":"https:\/\/www.keturist.sk\/info\/wp-json\/wp\/v2\/media\/37756"}],"wp:attachment":[{"href":"https:\/\/www.keturist.sk\/info\/wp-json\/wp\/v2\/media?parent=434"}],"curies":[{"name":"wp","href":"https:\/\/api.w.org\/{rel}","templated":true}]}}