{"id":42346,"date":"2021-10-02T10:05:53","date_gmt":"2021-10-02T08:05:53","guid":{"rendered":"https:\/\/www.keturist.sk\/info\/?page_id=42346"},"modified":"2021-10-05T06:28:27","modified_gmt":"2021-10-05T04:28:27","slug":"ostatne-pamiatky","status":"publish","type":"page","link":"https:\/\/www.keturist.sk\/info\/kam-za-pamiatkami\/kam-za-pamiatkami-smer-zemplin\/ostatne-pamiatky\/","title":{"rendered":"Ostatn\u00e9 pamiatky"},"content":{"rendered":"<a href=\"https:\/\/www.keturist.sk\/info\/\" class=\"su-button su-button-style-default\" style=\"color:#000000;background-color:#FFCF2F;border-color:#cca626;border-radius:5px\" target=\"_self\"><span style=\"color:#000000;padding:6px 16px;font-size:13px;line-height:20px;border-color:#ffde6e;border-radius:5px;text-shadow:none\"><i class=\"sui sui-arrow-right\" style=\"font-size:13px;color:#000000\"><\/i>  Spravodaj <\/span><\/a>\n<a href=\"https:\/\/www.keturist.sk\/info\/tipy-na-vylety\/\" class=\"su-button su-button-style-default\" style=\"color:#000000;background-color:#FFCF2F;border-color:#cca626;border-radius:5px\" target=\"_self\"><span style=\"color:#000000;padding:6px 16px;font-size:13px;line-height:20px;border-color:#ffde6e;border-radius:5px;text-shadow:none\"><i class=\"sui sui-arrow-right\" style=\"font-size:13px;color:#000000\"><\/i>  TIPY NA V\u00ddLETY <\/span><\/a>\n<a href=\"https:\/\/www.keturist.sk\/info\/kam-za-pamiatkami\/\" class=\"su-button su-button-style-default\" style=\"color:#000000;background-color:#FFCF2F;border-color:#cca626;border-radius:5px\" target=\"_self\"><span style=\"color:#000000;padding:6px 16px;font-size:13px;line-height:20px;border-color:#ffde6e;border-radius:5px;text-shadow:none\"><i class=\"sui sui-arrow-right\" style=\"font-size:13px;color:#000000\"><\/i>  Kam za pamiatkami <\/span><\/a>\n<a href=\"https:\/\/www.keturist.sk\/info\/kam-za-pamiatkami\/kam-za-pamiatkami-smer-zemplin\/\" class=\"su-button su-button-style-default\" style=\"color:#000000;background-color:#FFCF2F;border-color:#cca626;border-radius:5px\" target=\"_self\"><span style=\"color:#000000;padding:6px 16px;font-size:13px;line-height:20px;border-color:#ffde6e;border-radius:5px;text-shadow:none\"><i class=\"sui sui-arrow-right\" style=\"font-size:13px;color:#000000\"><\/i>  smer Doln\u00fd Zempl\u00edn <\/span><\/a>\n<div class=\"su-divider su-divider-style-default\" style=\"margin:15px 0;border-width:0px;border-color:#000000\"><\/div>\n<p><strong>Podkateg\u00f3ria: <\/strong> <a href=\"https:\/\/www.keturist.sk\/info\/kam-za-pamiatkami\/kam-za-pamiatkami-smer-zemplin\/ostatne-pamiatky\/\" class=\"su-button su-button-style-default\" style=\"color:#000000;background-color:#afd144;border-color:#8ca837;border-radius:5px\" target=\"_self\"><span style=\"color:#000000;padding:6px 16px;font-size:13px;line-height:20px;border-color:#c7df7d;border-radius:5px;text-shadow:none\"><i class=\"sui sui-arrow-right\" style=\"font-size:13px;color:#000000\"><\/i>  Ostatn\u00e9 pamiatky<br \/>\n<\/span><\/a>\n<div class=\"su-divider su-divider-style-default\" style=\"margin:15px 0;border-width:3px;border-color:#000000\"><\/div>\n<div id=\"metaslider-id-42409\" style=\"max-width: 800px; margin: 0 auto;\" class=\"ml-slider-3-108-0 metaslider metaslider-flex metaslider-42409 ml-slider ms-theme-default nav-hidden\" role=\"region\" aria-label=\"Mari\u00e1nske s\u00faso\u0161ie v Trebi\u0161ove\" data-height=\"250\" data-width=\"800\">\n    <div id=\"metaslider_container_42409\">\n        <div id=\"metaslider_42409\" class=\"flexslider\">\n            <ul class='slides'>\n                <li style=\"display: block; width: 100%;\" class=\"slide-42410 ms-image \" aria-roledescription=\"slide\" data-date=\"2021-10-03 06:02:39\" data-filename=\"morovy-stlp-trebisov-800x250.jpg\" data-slide-type=\"image\"><a href=\"https:\/\/www.keturist.sk\/info\/kam-za-pamiatkami\/kam-za-pamiatkami-smer-zemplin\/ostatne-pamiatky\/marianske-susosie-v-trebisove\/\" target=\"_self\" aria-label=\"View Slide Details\" class=\"metaslider_image_link\"><img loading=\"lazy\" decoding=\"async\" src=\"https:\/\/www.keturist.sk\/info\/wp-content\/uploads\/2021\/10\/morovy-stlp-trebisov-800x250.jpg\" height=\"250\" width=\"800\" alt=\"Mari\u00e1nske s\u00faso\u0161ie v Trebi\u0161ove\" class=\"slider-42409 slide-42410 msDefaultImage\" title=\"Mari\u00e1nske s\u00faso\u0161ie v Trebi\u0161ove\" \/><\/a><div class=\"caption-wrap\"><div class=\"caption\"><b><a href=\"https:\/\/www.keturist.sk\/info\/kam-za-pamiatkami\/kam-za-pamiatkami-smer-zemplin\/ostatne-pamiatky\/marianske-susosie-v-trebisove\/\"><span style=\"color:#FFFF00;\">Mari\u00e1nske s\u00faso\u0161ie v Trebi\u0161ove<\/span><\/a><\/b><\/div><\/div><\/li>\n            <\/ul>\n        <\/div>\n        \n    <\/div>\n<\/div>\n<div id=\"metaslider-id-42561\" style=\"max-width: 800px; margin: 0 auto;\" class=\"ml-slider-3-108-0 metaslider metaslider-flex metaslider-42561 ml-slider ms-theme-default nav-hidden nav-hidden\" role=\"region\" aria-label=\"Mauz\u00f3leum J\u00faliusa Andr\u00e1\u0161iho v Trebi\u0161ove\" data-height=\"250\" data-width=\"800\">\n    <div id=\"metaslider_container_42561\">\n        <div id=\"metaslider_42561\" class=\"flexslider\">\n            <ul class='slides'>\n                <li style=\"display: block; width: 100%;\" class=\"slide-42562 ms-image \" aria-roledescription=\"slide\" data-date=\"2021-10-05 06:26:54\" data-filename=\"mauzoleum0-800x250.jpg\" data-slide-type=\"image\"><a href=\"https:\/\/www.keturist.sk\/info\/kam-za-pamiatkami\/kam-za-pamiatkami-smer-zemplin\/ostatne-pamiatky\/mauzoleum-juliusa-andrasiho-v-trebisove\/\" target=\"_self\" aria-label=\"View Slide Details\" class=\"metaslider_image_link\"><img loading=\"lazy\" decoding=\"async\" src=\"https:\/\/www.keturist.sk\/info\/wp-content\/uploads\/2021\/10\/mauzoleum0-800x250.jpg\" height=\"250\" width=\"800\" alt=\"Mauz\u00f3leum J\u00faliusa Andr\u00e1\u0161iho v Trebi\u0161ove\" class=\"slider-42561 slide-42562 msDefaultImage\" title=\"Mauz\u00f3leum J\u00faliusa Andr\u00e1\u0161iho v Trebi\u0161ove\" \/><\/a><div class=\"caption-wrap\"><div class=\"caption\"><b><a href=\"https:\/\/www.keturist.sk\/info\/kam-za-pamiatkami\/kam-za-pamiatkami-smer-zemplin\/ostatne-pamiatky\/mauzoleum-juliusa-andrasiho-v-trebisove\/\"><span style=\"color:#FFFF00;\">Mauz\u00f3leum J\u00faliusa Andr\u00e1\u0161iho v Trebi\u0161ove<\/span><\/a><\/b><\/div><\/div><\/li>\n            <\/ul>\n        <\/div>\n        \n    <\/div>\n<\/div>\n<div class=\"su-divider su-divider-style-default\" style=\"margin:15px 0;border-width:3px;border-color:#000000\"><\/div>\n","protected":false},"excerpt":{"rendered":"<p>Podkateg\u00f3ria:<\/p>\n","protected":false},"author":1,"featured_media":0,"parent":39938,"menu_order":0,"comment_status":"closed","ping_status":"closed","template":"","meta":{"_uag_custom_page_level_css":"","_monsterinsights_skip_tracking":false,"_monsterinsights_sitenote_active":false,"_monsterinsights_sitenote_note":"","_monsterinsights_sitenote_category":0,"footnotes":""},"class_list":["post-42346","page","type-page","status-publish","hentry"],"featured_image_src":"","featured_image_src_square":false,"rbea_author_info":{"display_name":"admin","author_link":"https:\/\/www.keturist.sk\/info\/author\/admin\/"},"rbea_excerpt_info":"Podkateg\u00f3ria:","uagb_featured_image_src":{"full":false,"thumbnail":false,"medium":false,"medium_large":false,"large":false,"1536x1536":false,"2048x2048":false},"uagb_author_info":{"display_name":"admin","author_link":"https:\/\/www.keturist.sk\/info\/author\/admin\/"},"uagb_comment_info":0,"uagb_excerpt":"Podkateg\u00f3ria:","_links":{"self":[{"href":"https:\/\/www.keturist.sk\/info\/wp-json\/wp\/v2\/pages\/42346","targetHints":{"allow":["GET"]}}],"collection":[{"href":"https:\/\/www.keturist.sk\/info\/wp-json\/wp\/v2\/pages"}],"about":[{"href":"https:\/\/www.keturist.sk\/info\/wp-json\/wp\/v2\/types\/page"}],"author":[{"embeddable":true,"href":"https:\/\/www.keturist.sk\/info\/wp-json\/wp\/v2\/users\/1"}],"replies":[{"embeddable":true,"href":"https:\/\/www.keturist.sk\/info\/wp-json\/wp\/v2\/comments?post=42346"}],"version-history":[{"count":6,"href":"https:\/\/www.keturist.sk\/info\/wp-json\/wp\/v2\/pages\/42346\/revisions"}],"predecessor-version":[{"id":42563,"href":"https:\/\/www.keturist.sk\/info\/wp-json\/wp\/v2\/pages\/42346\/revisions\/42563"}],"up":[{"embeddable":true,"href":"https:\/\/www.keturist.sk\/info\/wp-json\/wp\/v2\/pages\/39938"}],"wp:attachment":[{"href":"https:\/\/www.keturist.sk\/info\/wp-json\/wp\/v2\/media?parent=42346"}],"curies":[{"name":"wp","href":"https:\/\/api.w.org\/{rel}","templated":true}]}}