{"id":41920,"date":"2021-09-15T06:14:40","date_gmt":"2021-09-15T04:14:40","guid":{"rendered":"https:\/\/www.keturist.sk\/info\/?page_id=41920"},"modified":"2025-07-04T06:10:03","modified_gmt":"2025-07-04T04:10:03","slug":"plavajuca-fontana","status":"publish","type":"page","link":"https:\/\/www.keturist.sk\/info\/zaujimavosti\/plavajuca-fontana\/","title":{"rendered":"Pl\u00e1vaj\u00faca font\u00e1na v Ko\u0161iciach"},"content":{"rendered":"<a href=\"https:\/\/www.keturist.sk\/info\/\" class=\"su-button su-button-style-default\" style=\"color:#000000;background-color:#FFCF2F;border-color:#cca626;border-radius:5px\" target=\"_self\"><span style=\"color:#000000;padding:6px 16px;font-size:13px;line-height:20px;border-color:#ffde6e;border-radius:5px;text-shadow:none\"><i class=\"sui sui-arrow-right\" style=\"font-size:13px;color:#000000\"><\/i>  Spravodaj <\/span><\/a>\n<a href=\"https:\/\/www.keturist.sk\/info\/tipy-na-vylety\/\" class=\"su-button su-button-style-default\" style=\"color:#000000;background-color:#FFCF2F;border-color:#cca626;border-radius:5px\" target=\"_self\"><span style=\"color:#000000;padding:6px 16px;font-size:13px;line-height:20px;border-color:#ffde6e;border-radius:5px;text-shadow:none\"><i class=\"sui sui-arrow-right\" style=\"font-size:13px;color:#000000\"><\/i>  TIPY NA V\u00ddLETY <\/span><\/a>\n<a href=\"https:\/\/www.keturist.sk\/info\/zaujimavosti\/\" class=\"su-button su-button-style-default\" style=\"color:#000000;background-color:#FFCF2F;border-color:#cca626;border-radius:5px\" target=\"_self\"><span style=\"color:#000000;padding:6px 16px;font-size:13px;line-height:20px;border-color:#ffde6e;border-radius:5px;text-shadow:none\"><i class=\"sui sui-arrow-right\" style=\"font-size:13px;color:#000000\"><\/i>  Zauj\u00edmavosti <\/span><\/a>\n<div class=\"su-divider su-divider-style-default\" style=\"margin:15px 0;border-width:0px;border-color:#000000\"><\/div>\n<strong>Lokaliz\u00e1cia: <\/strong><a href=\"https:\/\/www.keturist.sk\/info\/vseobecne-informacie\/\">Ko\u0161ice<\/a> &#8211; <a href=\"https:\/\/www.keturist.sk\/info\/strediska-a-centra\/mc-stare-mesto\/\">M\u010c Star\u00e9 mesto<\/a><\/p>\n<div class=\"su-divider su-divider-style-default\" style=\"margin:15px 0;border-width:2px;border-color:#000000\"><\/div>\n<h3><span style=\"color: #808000;\">V\u0161eobecn\u00e9 inform\u00e1cie<\/span><\/h3>\n<p>Pl\u00e1vaj\u00faca font\u00e1na sa nach\u00e1dza v <a href=\"https:\/\/www.keturist.sk\/info\/strediska-a-centra\/mc-stare-mesto\/\">M\u010c Star\u00e9 mesto<\/a> a ne\u010faleko \u017eelezni\u010dnej stanice mesta Ko\u0161ice.<\/p>\n<figure id=\"attachment_41931\" aria-describedby=\"caption-attachment-41931\" style=\"width: 800px\" class=\"wp-caption aligncenter\"><a href=\"https:\/\/www.keturist.sk\/info\/wp-content\/uploads\/2021\/09\/plavajuca-fontana1.jpg\"><img loading=\"lazy\" decoding=\"async\" class=\"wp-image-41931 size-medium\" src=\"https:\/\/www.keturist.sk\/info\/wp-content\/uploads\/2021\/09\/plavajuca-fontana1-800x534.jpg\" alt=\"\" width=\"800\" height=\"534\" srcset=\"https:\/\/www.keturist.sk\/info\/wp-content\/uploads\/2021\/09\/plavajuca-fontana1-800x534.jpg 800w, https:\/\/www.keturist.sk\/info\/wp-content\/uploads\/2021\/09\/plavajuca-fontana1-270x180.jpg 270w, https:\/\/www.keturist.sk\/info\/wp-content\/uploads\/2021\/09\/plavajuca-fontana1-768x512.jpg 768w, https:\/\/www.keturist.sk\/info\/wp-content\/uploads\/2021\/09\/plavajuca-fontana1.jpg 1000w\" sizes=\"auto, (max-width: 800px) 100vw, 800px\" \/><\/a><figcaption id=\"caption-attachment-41931\" class=\"wp-caption-text\">Pl\u00e1vaj\u00faca Font\u00e1na, Fotograf: Jozef Mare\u010dek (https:\/\/www.facebook.com\/jozef.marecek.94)<\/figcaption><\/figure>\n<p>Je naz\u00fdvan\u00e1 aj ako Font\u00e1na v mestskom parku a je s\u00fa\u010das\u0165ou Mestsk\u00e9ho parku.<\/p>\n<p>Hist\u00f3ria pl\u00e1vaj\u00facej font\u00e1ny sa za\u010d\u00edna u\u017e v 90-tych rokov, kedy na n\u00e1vrh Profesora Ing. arch. Petra P\u00e1sztora bola vybudovan\u00e1 vodn\u00e1 plocha font\u00e1ny s pot\u00f4\u010dikom a s \u0148ou s\u00favisiace prvky parku ako napr\u00edklad lavi\u010dky, m\u00fariky, cesty a podobne.<\/p>\n<p>Cel\u00e1 z\u00f3na bola ur\u010den\u00e1 na oddych a pre rekre\u00e1ciu ob\u010danov a n\u00e1v\u0161tevn\u00edkov mesta.<\/p>\n<p>P\u00f4vodn\u00e1 font\u00e1na obsahovala dva jednoduch\u00e9 okruhy, ktor\u00e9 vodu chrlili do v\u00fd\u0161ky 5-tich metrov a vo ve\u010dern\u00fdch hodin\u00e1ch bola nasvieten\u00e1 \u0161tyrmi bielymi reflektormi.<\/p>\n<figure id=\"attachment_41933\" aria-describedby=\"caption-attachment-41933\" style=\"width: 800px\" class=\"wp-caption aligncenter\"><a href=\"https:\/\/www.keturist.sk\/info\/wp-content\/uploads\/2021\/09\/plavajuca-fontana3.jpg\"><img loading=\"lazy\" decoding=\"async\" class=\"wp-image-41933 size-medium\" src=\"https:\/\/www.keturist.sk\/info\/wp-content\/uploads\/2021\/09\/plavajuca-fontana3-800x534.jpg\" alt=\"\" width=\"800\" height=\"534\" srcset=\"https:\/\/www.keturist.sk\/info\/wp-content\/uploads\/2021\/09\/plavajuca-fontana3-800x534.jpg 800w, https:\/\/www.keturist.sk\/info\/wp-content\/uploads\/2021\/09\/plavajuca-fontana3-270x180.jpg 270w, https:\/\/www.keturist.sk\/info\/wp-content\/uploads\/2021\/09\/plavajuca-fontana3-768x512.jpg 768w, https:\/\/www.keturist.sk\/info\/wp-content\/uploads\/2021\/09\/plavajuca-fontana3.jpg 1000w\" sizes=\"auto, (max-width: 800px) 100vw, 800px\" \/><\/a><figcaption id=\"caption-attachment-41933\" class=\"wp-caption-text\">Pl\u00e1vaj\u00faca Font\u00e1na, Fotograf: Jozef Mare\u010dek (https:\/\/www.facebook.com\/jozef.marecek.94)<\/figcaption><\/figure>\n<p>V r\u00e1mci revitaliz\u00e1cie parku po\u010das EHMK v roku 2012 a\u017e 2013 sa samotn\u00e1 font\u00e1na, ako aj jej okolie, premenilo do s\u00fa\u010dasnej podoby.<\/p>\n<p>Po\u010das rekon\u0161trukcie parku sa osadil pl\u00e1vaj\u00faci pont\u00f3n font\u00e1ny, 30 kusov priamych, 4 rota\u010dn\u00e9 a jedno premietacie \u010derpadlo.<\/p>\n<figure id=\"attachment_42053\" aria-describedby=\"caption-attachment-42053\" style=\"width: 800px\" class=\"wp-caption aligncenter\"><a href=\"https:\/\/www.keturist.sk\/info\/wp-content\/uploads\/2021\/09\/plavaj-fontana11.jpg\"><img loading=\"lazy\" decoding=\"async\" class=\"wp-image-42053 size-medium\" src=\"https:\/\/www.keturist.sk\/info\/wp-content\/uploads\/2021\/09\/plavaj-fontana11-800x534.jpg\" alt=\"\" width=\"800\" height=\"534\" srcset=\"https:\/\/www.keturist.sk\/info\/wp-content\/uploads\/2021\/09\/plavaj-fontana11-800x534.jpg 800w, https:\/\/www.keturist.sk\/info\/wp-content\/uploads\/2021\/09\/plavaj-fontana11-270x180.jpg 270w, https:\/\/www.keturist.sk\/info\/wp-content\/uploads\/2021\/09\/plavaj-fontana11-768x512.jpg 768w, https:\/\/www.keturist.sk\/info\/wp-content\/uploads\/2021\/09\/plavaj-fontana11.jpg 1000w\" sizes=\"auto, (max-width: 800px) 100vw, 800px\" \/><\/a><figcaption id=\"caption-attachment-42053\" class=\"wp-caption-text\">Pl\u00e1vaj\u00faca Font\u00e1na, Fotograf: Jozef Mare\u010dek (https:\/\/www.facebook.com\/jozef.marecek.94)<\/figcaption><\/figure>\n<p>Celkovo osvet\u013euje font\u00e1nu a\u017e 38 kusov reflektorov.<\/p>\n<p>Pribudlo ozvu\u010denie a projektor.<\/p>\n<figure id=\"attachment_42054\" aria-describedby=\"caption-attachment-42054\" style=\"width: 800px\" class=\"wp-caption aligncenter\"><a href=\"https:\/\/www.keturist.sk\/info\/wp-content\/uploads\/2021\/09\/plavaj-fontana12.jpg\"><img loading=\"lazy\" decoding=\"async\" class=\"wp-image-42054 size-medium\" src=\"https:\/\/www.keturist.sk\/info\/wp-content\/uploads\/2021\/09\/plavaj-fontana12-800x534.jpg\" alt=\"\" width=\"800\" height=\"534\" srcset=\"https:\/\/www.keturist.sk\/info\/wp-content\/uploads\/2021\/09\/plavaj-fontana12-800x534.jpg 800w, https:\/\/www.keturist.sk\/info\/wp-content\/uploads\/2021\/09\/plavaj-fontana12-270x180.jpg 270w, https:\/\/www.keturist.sk\/info\/wp-content\/uploads\/2021\/09\/plavaj-fontana12-768x512.jpg 768w, https:\/\/www.keturist.sk\/info\/wp-content\/uploads\/2021\/09\/plavaj-fontana12.jpg 1000w\" sizes=\"auto, (max-width: 800px) 100vw, 800px\" \/><\/a><figcaption id=\"caption-attachment-42054\" class=\"wp-caption-text\">Pl\u00e1vaj\u00faca Font\u00e1na, Fotograf: Jozef Mare\u010dek (https:\/\/www.facebook.com\/jozef.marecek.94)<\/figcaption><\/figure>\n<p>Pl\u00e1vaj\u00faca font\u00e1na sa tak stala jedinou multimedi\u00e1lnou font\u00e1nou v r\u00e1mci b\u00fdval\u00e9ho \u010ceskoslovenska.<\/p>\n<p>Najbli\u017e\u0161ia podobn\u00e1 font\u00e1na sa nach\u00e1dza v Krakove, alebo Budape\u0161ti.<\/p>\n<p>Font\u00e1na je \u0161peci\u00e1lna v tom, \u017ee umo\u017e\u0148uje programovanie jednotliv\u00fdch sc\u00e9n, v\u00fd\u0161ky v\u00fdstreku vody, alebo jednotliv\u00fdch farieb osvetlenia.<\/p>\n<p>V roku 2021 sa vykonala jej celkov\u00e1 kontrola pred sez\u00f3nou, kedy sa rozhodol jej spr\u00e1vca Spr\u00e1va Mestskej Zelene Ko\u0161ice, \u017ee sa vykon\u00e1 aj jej oprava, kedy sa vymen\u00ed 15 z celkovo 35-tich \u010derpadiel.<\/p>\n<p>Zauj\u00edmavos\u0165ou je aj mo\u017enos\u0165 projekcie na vodn\u00fa clonu, kedy vodn\u00fd l\u00fa\u010d pomocou projektora premieta r\u00f4zny obsah prezentuj\u00faci Ko\u0161ice, atrakcie a mno\u017estvo \u010fal\u0161ieho.<\/p>\n<p>Na vodnej clone dok\u00e1\u017ee premieta\u0165 videoprojekcie aj filmy.<\/p>\n<p>Taktie\u017e si tu m\u00f4\u017eete da\u0165 zahra\u0165 vami vybran\u00fa piese\u0148 z playlistu.<\/p>\n<p><strong>Zoznam playlistu:<\/strong> <a href=\"https:\/\/open.spotify.com\/playlist\/7EyK2gDrBLhaGQLJSJoiIw\" target=\"_blank\" rel=\"noopener\">https:\/\/open.spotify.com\/playlist\/7EyK2gDrBLhaGQLJSJoiIw<\/a><\/p>\n<h3><span style=\"color: #808000;\">Bl\u00edzke stredisko, turistick\u00e9 centrum, obec alebo mesto:<\/span><\/h3>\n<ul>\n<li><a href=\"https:\/\/www.keturist.sk\/info\/strediska-a-centra\/mc-stare-mesto\/\">Ko\u0161ice &#8211; M\u010c Star\u00e9 mesto (\u010d\u00edtaj viac&#8230;)<\/a><\/li>\n<\/ul>\n<h3><span style=\"color: #808000;\">Mapy<\/span><\/h3>\n<p><strong>Vrstvy: <\/strong>Turistick\u00e1 mapa, Automapa, Cyklomapa, Ly\u017eiarska mapa, Satelitn\u00e1 mapa a OpenStreetMap.<\/p>\n<p><strong>Kliknut\u00edm na logo &#8222;Freemap.sk&#8220; sa V\u00e1m mapa zobraz\u00ed na celej ploche obrazovky.<\/strong><\/p>\n<p><iframe style=\"width: 800px; height: 500px; border: 0;\" src=\"https:\/\/www.freemap.sk\/?map=15\/48.724016\/21.265574&amp;info-point=48.724016\/21.265574,Pl\u00e1vaj\u00faca Font\u00e1na&amp;layers=T&amp;embed=search\" allowfullscreen=\"allowfullscreen\"><span data-mce-type=\"bookmark\" style=\"display: inline-block; width: 0px; overflow: hidden; line-height: 0;\" class=\"mce_SELRES_start\">\ufeff<\/span><\/iframe><\/p>\n<h3><span style=\"color: #808000;\">Po\u010dasie<\/span><\/h3>\n<p><iframe style=\"width: 800px; height: 605px;\" src=\"https:\/\/www.meteoblue.com\/sk\/po%C4%8Dasie\/widget\/three\/ko%c5%a1ice_slovensk%c3%a1-republika_724443?geoloc=fixed&amp;nocurrent=0&amp;noforecast=0&amp;days=5&amp;tempunit=CELSIUS&amp;windunit=KILOMETER_PER_HOUR&amp;layout=image\" frameborder=\"0\" scrolling=\"NO\" sandbox=\"allow-same-origin allow-scripts allow-popups allow-popups-to-escape-sandbox\"><\/iframe><\/p>\n<div><!-- DO NOT REMOVE THIS LINK --><a href=\"https:\/\/www.meteoblue.com\/sk\/po%C4%8Dasie\/predpove%C4%8F\/t%C3%BD%C5%BEde%C5%88\/ko%c5%a1ice_slovensk%c3%a1-republika_724443?utm_source=weather_widget&amp;utm_medium=linkus&amp;utm_content=three&amp;utm_campaign=Weather%2BWidget\" target=\"_blank\" rel=\"noopener noreferrer\">meteoblue<\/a><\/div>\n<p><strong>Zdroj info text a foto:<\/strong> <a href=\"https:\/\/plavajuca-fontana.sk\/\" target=\"_blank\" rel=\"noopener\">https:\/\/plavajuca-fontana.sk\/<\/a><\/p>\n","protected":false},"excerpt":{"rendered":"<p>Lokaliz\u00e1cia: Ko\u0161ice &#8211; M\u010c Star\u00e9 mesto V\u0161eobecn\u00e9 inform\u00e1cie Pl\u00e1vaj\u00faca font\u00e1na sa nach\u00e1dza v M\u010c Star\u00e9 mesto a ne\u010faleko \u017eelezni\u010dnej stanice mesta Ko\u0161ice. Je naz\u00fdvan\u00e1 aj ako Font\u00e1na v mestskom parku [&hellip;]<\/p>\n","protected":false},"author":1,"featured_media":0,"parent":260,"menu_order":0,"comment_status":"closed","ping_status":"closed","template":"","meta":{"_uag_custom_page_level_css":"","_monsterinsights_skip_tracking":false,"_monsterinsights_sitenote_active":false,"_monsterinsights_sitenote_note":"","_monsterinsights_sitenote_category":0,"footnotes":""},"class_list":["post-41920","page","type-page","status-publish","hentry"],"featured_image_src":"","featured_image_src_square":false,"rbea_author_info":{"display_name":"admin","author_link":"https:\/\/www.keturist.sk\/info\/author\/admin\/"},"rbea_excerpt_info":"Lokaliz\u00e1cia: Ko\u0161ice &#8211; M\u010c Star\u00e9 mesto V\u0161eobecn\u00e9 inform\u00e1cie Pl\u00e1vaj\u00faca font\u00e1na sa nach\u00e1dza v M\u010c Star\u00e9 mesto a ne\u010faleko \u017eelezni\u010dnej stanice mesta Ko\u0161ice. Je naz\u00fdvan\u00e1 aj ako Font\u00e1na v mestskom parku [&hellip;]","uagb_featured_image_src":{"full":false,"thumbnail":false,"medium":false,"medium_large":false,"large":false,"1536x1536":false,"2048x2048":false},"uagb_author_info":{"display_name":"admin","author_link":"https:\/\/www.keturist.sk\/info\/author\/admin\/"},"uagb_comment_info":0,"uagb_excerpt":"Lokaliz\u00e1cia: Ko\u0161ice &#8211; M\u010c Star\u00e9 mesto V\u0161eobecn\u00e9 inform\u00e1cie Pl\u00e1vaj\u00faca font\u00e1na sa nach\u00e1dza v M\u010c Star\u00e9 mesto a ne\u010faleko \u017eelezni\u010dnej stanice mesta Ko\u0161ice. Je naz\u00fdvan\u00e1 aj ako Font\u00e1na v mestskom parku [&hellip;]","_links":{"self":[{"href":"https:\/\/www.keturist.sk\/info\/wp-json\/wp\/v2\/pages\/41920","targetHints":{"allow":["GET"]}}],"collection":[{"href":"https:\/\/www.keturist.sk\/info\/wp-json\/wp\/v2\/pages"}],"about":[{"href":"https:\/\/www.keturist.sk\/info\/wp-json\/wp\/v2\/types\/page"}],"author":[{"embeddable":true,"href":"https:\/\/www.keturist.sk\/info\/wp-json\/wp\/v2\/users\/1"}],"replies":[{"embeddable":true,"href":"https:\/\/www.keturist.sk\/info\/wp-json\/wp\/v2\/comments?post=41920"}],"version-history":[{"count":18,"href":"https:\/\/www.keturist.sk\/info\/wp-json\/wp\/v2\/pages\/41920\/revisions"}],"predecessor-version":[{"id":56379,"href":"https:\/\/www.keturist.sk\/info\/wp-json\/wp\/v2\/pages\/41920\/revisions\/56379"}],"up":[{"embeddable":true,"href":"https:\/\/www.keturist.sk\/info\/wp-json\/wp\/v2\/pages\/260"}],"wp:attachment":[{"href":"https:\/\/www.keturist.sk\/info\/wp-json\/wp\/v2\/media?parent=41920"}],"curies":[{"name":"wp","href":"https:\/\/api.w.org\/{rel}","templated":true}]}}