{"id":41088,"date":"2021-08-08T11:34:37","date_gmt":"2021-08-08T09:34:37","guid":{"rendered":"https:\/\/www.keturist.sk\/info\/?page_id=41088"},"modified":"2026-05-04T15:13:18","modified_gmt":"2026-05-04T13:13:18","slug":"vychodoslovenska-vinohradnicka-oblast","status":"publish","type":"page","link":"https:\/\/www.keturist.sk\/info\/tipy-na-vylety\/gastroturizmus-v-kosickom-kraji\/vychodoslovenska-vinohradnicka-oblast\/","title":{"rendered":"V\u00fdchodoslovensk\u00e1 vinohradn\u00edcka oblas\u0165"},"content":{"rendered":"<a href=\"https:\/\/www.keturist.sk\/info\/\" class=\"su-button su-button-style-default\" style=\"color:#000000;background-color:#FFCF2F;border-color:#cca626;border-radius:5px\" target=\"_self\"><span style=\"color:#000000;padding:6px 16px;font-size:13px;line-height:20px;border-color:#ffde6e;border-radius:5px;text-shadow:none\"><i class=\"sui sui-arrow-right\" style=\"font-size:13px;color:#000000\"><\/i>  Spravodaj <\/span><\/a>\n<a href=\"https:\/\/www.keturist.sk\/info\/tipy-na-vylety\/\" class=\"su-button su-button-style-default\" style=\"color:#000000;background-color:#FFCF2F;border-color:#cca626;border-radius:5px\" target=\"_self\"><span style=\"color:#000000;padding:6px 16px;font-size:13px;line-height:20px;border-color:#ffde6e;border-radius:5px;text-shadow:none\"><i class=\"sui sui-arrow-right\" style=\"font-size:13px;color:#000000\"><\/i>  TIPY NA V\u00ddLETY <\/span><\/a>\n<a href=\"https:\/\/www.keturist.sk\/info\/tipy-na-vylety\/gastroturizmus\/\" class=\"su-button su-button-style-default\" style=\"color:#000000;background-color:#FFCF2F;border-color:#cca626;border-radius:5px\" target=\"_self\"><span style=\"color:#000000;padding:6px 16px;font-size:13px;line-height:20px;border-color:#ffde6e;border-radius:5px;text-shadow:none\"><i class=\"sui sui-arrow-right\" style=\"font-size:13px;color:#000000\"><\/i>  Gastroturizmus <\/span><\/a>\n<div class=\"su-divider su-divider-style-default\" style=\"margin:15px 0;border-width:2px;border-color:#000000\"><\/div>\n<figure id=\"attachment_75805\" aria-describedby=\"caption-attachment-75805\" style=\"width: 900px\" class=\"wp-caption aligncenter\"><a href=\"https:\/\/www.keturist.sk\/info\/wp-content\/uploads\/2026\/05\/vinohrad-tibava.jpeg\"><img loading=\"lazy\" decoding=\"async\" class=\"wp-image-75805\" src=\"https:\/\/www.keturist.sk\/info\/wp-content\/uploads\/2026\/05\/vinohrad-tibava-800x447.jpeg\" alt=\"V\u00fdchodoslovensk\u00e1 vinohradn\u00edcka oblas\u0165\" width=\"900\" height=\"502\" srcset=\"https:\/\/www.keturist.sk\/info\/wp-content\/uploads\/2026\/05\/vinohrad-tibava-800x447.jpeg 800w, https:\/\/www.keturist.sk\/info\/wp-content\/uploads\/2026\/05\/vinohrad-tibava-270x151.jpeg 270w, https:\/\/www.keturist.sk\/info\/wp-content\/uploads\/2026\/05\/vinohrad-tibava-768x429.jpeg 768w, https:\/\/www.keturist.sk\/info\/wp-content\/uploads\/2026\/05\/vinohrad-tibava.jpeg 1376w\" sizes=\"auto, (max-width: 900px) 100vw, 900px\" \/><\/a><figcaption id=\"caption-attachment-75805\" class=\"wp-caption-text\">V\u00fdchodoslovensk\u00e1 vinohradn\u00edcka oblas\u0165 &#8211; vinohrad Tibava<\/figcaption><\/figure>\n<div class=\"su-divider su-divider-style-default\" style=\"margin:15px 0;border-width:2px;border-color:#000000\"><\/div>\n<h2 data-path-to-node=\"0\"><span style=\"color: #800000;\">Kde za\u017ei\u0165 najsevernej\u0161ie dobrodru\u017estvo chut\u00ed a v\u00edna na Slovensku?<\/span><\/h2>\n<p data-path-to-node=\"1\"><b data-path-to-node=\"1\" data-index-in-node=\"0\">V\u00fdchodoslovensk\u00e1 vinohradn\u00edcka oblas\u0165<\/b> predstavuje fascinuj\u00facu mozaiku chut\u00ed a hist\u00f3rie, ktor\u00fa jednoducho mus\u00edte objavi\u0165. Ak h\u013ead\u00e1te <b data-path-to-node=\"1\" data-index-in-node=\"132\">4 unik\u00e1tne raj\u00f3ny<\/b>, medzi ktor\u00e9 patria <b data-path-to-node=\"1\" data-index-in-node=\"170\">Kr\u00e1\u013eovsk\u00fd Chlmec<\/b>, <b data-path-to-node=\"1\" data-index-in-node=\"188\">Michalovce<\/b>, <b data-path-to-node=\"1\" data-index-in-node=\"200\">Moldava<\/b> a <b data-path-to-node=\"1\" data-index-in-node=\"210\">Sobrance<\/b>, ste na spr\u00e1vnom mieste. Pon\u00fakame v\u00e1m <b data-path-to-node=\"1\" data-index-in-node=\"257\">kvalitn\u00e9 v\u00edna z Tibavy<\/b> aj n\u00e1v\u0161tevu <b data-path-to-node=\"1\" data-index-in-node=\"292\">najsevernej\u0161\u00edch vinohradov na Slovensku<\/b>, \u010do je kombin\u00e1cia priam ide\u00e1lna pre v\u0161etk\u00fdch <b data-path-to-node=\"1\" data-index-in-node=\"377\">milovn\u00edkov v\u00edna a hist\u00f3rie<\/b>.<\/p>\n<h2 data-path-to-node=\"3\"><span style=\"color: #800000;\">Ako sa \u010dlen\u00ed V\u00fdchodoslovensk\u00e1 vinohradn\u00edcka oblas\u0165 a ktor\u00e9 raj\u00f3ny ju tvoria?<\/span><\/h2>\n<p data-path-to-node=\"4\"><b data-path-to-node=\"4\" data-index-in-node=\"0\">V\u00fdchodoslovensk\u00e1 vinohradn\u00edcka oblas\u0165<\/b> sa vn\u00fatorne del\u00ed na \u0161tyri \u0161pecifick\u00e9 <b data-path-to-node=\"4\" data-index-in-node=\"75\">vinohradn\u00edcke raj\u00f3ny<\/b>. Do tejto \u0161trukt\u00fary patr\u00ed <b data-path-to-node=\"4\" data-index-in-node=\"122\">Kr\u00e1\u013eovochlmeck\u00fd vinohradn\u00edcky raj\u00f3n<\/b>, <b data-path-to-node=\"4\" data-index-in-node=\"159\">Michalovsk\u00fd vinohradn\u00edcky raj\u00f3n<\/b>, <b data-path-to-node=\"4\" data-index-in-node=\"192\">Moldavsk\u00fd vinohradn\u00edcky raj\u00f3n<\/b> a <b data-path-to-node=\"4\" data-index-in-node=\"224\">Sobransk\u00fd vinohradn\u00edcky raj\u00f3n<\/b>. Tieto administrat\u00edvne celky spolo\u010dne definuj\u00fa charakter vin\u00e1rstva na v\u00fdchode krajiny.<\/p>\n<h2 data-path-to-node=\"6\"><span style=\"color: #800000;\">Kde presne sa nach\u00e1dza t\u00e1to vin\u00e1rska oblas\u0165 a ak\u00e9 historick\u00e9 regi\u00f3ny zasahuje?<\/span><\/h2>\n<p data-path-to-node=\"7\">Geograficky <b data-path-to-node=\"7\" data-index-in-node=\"12\">V\u00fdchodoslovensk\u00e1 vinohradn\u00edcka oblas\u0165<\/b> zaber\u00e1 tri separ\u00e1tne \u00fazemia situovan\u00e9 na juhu a v\u00fdchode <b data-path-to-node=\"7\" data-index-in-node=\"106\">Ko\u0161ick\u00e9ho kraja<\/b>. Svoj\u00edm rozsahom zasahuje do v\u00fdznamn\u00e9ho historick\u00e9ho dedi\u010dstva, konkr\u00e9tne na \u00fazemie troch tradi\u010dn\u00fdch regi\u00f3nov: <b data-path-to-node=\"7\" data-index-in-node=\"233\">Zempl\u00edn<\/b>, <b data-path-to-node=\"7\" data-index-in-node=\"242\">Abov<\/b> a <b data-path-to-node=\"7\" data-index-in-node=\"249\">Tur\u0148a<\/b>.<\/p>\n<h2 data-path-to-node=\"9\"><span style=\"color: #800000;\">Ak\u00e1 je hist\u00f3ria miestnej v\u00fdsadby a ovplyv\u0148uje vek vin\u00edc kvalitu produkcie?<\/span><\/h2>\n<p data-path-to-node=\"10\">Je zauj\u00edmav\u00fdm faktom, \u017ee v\u00e4\u010d\u0161ina tunaj\u0161\u00edch <b data-path-to-node=\"10\" data-index-in-node=\"43\">vinohradov<\/b> bola vysaden\u00e1 a\u017e v obdob\u00ed <b data-path-to-node=\"10\" data-index-in-node=\"80\">socializmu<\/b>. Av\u0161ak ani tento historick\u00fd kontext ni\u010d nemen\u00ed na skuto\u010dnosti, \u017ee <b data-path-to-node=\"10\" data-index-in-node=\"157\">produkty<\/b> poch\u00e1dzaj\u00face z tejto oblasti s\u00fa <b data-path-to-node=\"10\" data-index-in-node=\"198\">naozaj kvalitn\u00e9<\/b>. Miestni vin\u00e1ri dok\u00e1zali, \u017ee poctiv\u00e9 remeslo prekon\u00e1va \u010dasov\u00e9 epochy.<\/p>\n<h2 data-path-to-node=\"12\"><span style=\"color: #800000;\">Ktor\u00e9 konkr\u00e9tne v\u00edna z tejto oblasti dosiahli svetov\u00fa prest\u00ed\u017e?<\/span><\/h2>\n<p data-path-to-node=\"13\">Zvl\u00e1\u0161\u0165 v\u00fdznamn\u00e9 a uzn\u00e1van\u00e9 postavenie dosiahli legend\u00e1rne <a href=\"https:\/\/www.tibava.sk\/\" target=\"_blank\" rel=\"noopener\"><b data-path-to-node=\"13\" data-index-in-node=\"58\">tibavsk\u00e9 v\u00edna<\/b><\/a>. Tie s\u00fa vyr\u00e1ban\u00e9 z hrozna dopestovan\u00e9ho vo <b data-path-to-node=\"13\" data-index-in-node=\"115\">viniciach pri Tibave a Sobranciach<\/b>, ktor\u00e9 sa rozprestieraj\u00fa na slne\u010dn\u00fdch ju\u017en\u00fdch svahoch <b data-path-to-node=\"13\" data-index-in-node=\"204\">Vihorlatsk\u00fdch vrchov<\/b>.<\/p>\n<h2 data-path-to-node=\"15\"><span style=\"color: #800000;\">Kde n\u00e1jdete najsevernej\u0161ie polo\u017een\u00e9 vinice v r\u00e1mci cel\u00e9ho Slovenska?<\/span><\/h2>\n<p data-path-to-node=\"16\">Pr\u00e1ve v tomto regi\u00f3ne sa nach\u00e1dzaj\u00fa <b data-path-to-node=\"16\" data-index-in-node=\"36\">najsevernej\u0161ie situovan\u00e9 vinohrady na Slovensku<\/b>. Ich unik\u00e1tnu polohu m\u00f4\u017eete obdivova\u0165 v katastr\u00e1lnom \u00fazem\u00ed obce <b data-path-to-node=\"16\" data-index-in-node=\"148\">Brekov<\/b>, kde vini\u010d stato\u010dne \u010del\u00ed drsnej\u0161\u00edm podmienkam.<\/p>\n<h2 data-path-to-node=\"18\"><span style=\"color: #800000;\">Pre\u010do je V\u00fdchodoslovensk\u00e1 vinohradn\u00edcka oblas\u0165 pova\u017eovan\u00e1 za skryt\u00fd klenot?<\/span><\/h2>\n<p data-path-to-node=\"19\">Napriek tomu, \u017ee v\u00e4\u010d\u0161ina jej vin\u00edc bola vysaden\u00e1 v \u00e9re socializmu, <b data-path-to-node=\"19\" data-index-in-node=\"67\">V\u00fdchodoslovensk\u00e1 vinohradn\u00edcka oblas\u0165<\/b> si vybudovala mimoriadne <b data-path-to-node=\"19\" data-index-in-node=\"130\">siln\u00fa reput\u00e1ciu<\/b> v\u010faka v\u00fdrobe <b data-path-to-node=\"19\" data-index-in-node=\"159\">kvalitn\u00fdch v\u00edn<\/b>. Svojimi \u0161tyrmi raj\u00f3nmi \u2013 <b data-path-to-node=\"19\" data-index-in-node=\"200\">Kr\u00e1\u013eovochlmeck\u00fdm<\/b>, <b data-path-to-node=\"19\" data-index-in-node=\"218\">Michalovsk\u00fdm<\/b>, <b data-path-to-node=\"19\" data-index-in-node=\"232\">Moldavsk\u00fdm<\/b> a <b data-path-to-node=\"19\" data-index-in-node=\"245\">Sobransk\u00fdm<\/b> \u2013 pon\u00faka nesmierne rozmanit\u00e9 <b data-path-to-node=\"19\" data-index-in-node=\"285\">terroir<\/b>.<\/p>\n<p data-path-to-node=\"19\">Tento pojem p\u00f4vodne vo Franc\u00fazsku ozna\u010doval geografick\u00fa jedine\u010dnos\u0165 v\u00edna, k\u00e1vy a \u010daju. Oblas\u0165 produkuje <b data-path-to-node=\"19\" data-index-in-node=\"398\">v\u00fdnimo\u010dn\u00e9 v\u00edna<\/b>, medzi ktor\u00e9 sa radia aj mimoriadne ob\u013e\u00faben\u00e9 <b data-path-to-node=\"19\" data-index-in-node=\"458\">tibavsk\u00e9 v\u00edna<\/b>. T\u00e1to lokalita, zasahuj\u00faca do troch historick\u00fdch celkov (<b data-path-to-node=\"19\" data-index-in-node=\"529\">Zempl\u00edn<\/b>, <b data-path-to-node=\"19\" data-index-in-node=\"538\">Abov<\/b>, <b data-path-to-node=\"19\" data-index-in-node=\"544\">Tur\u0148a<\/b>), predstavuje nielen najsevernej\u0161iu vinohradn\u00edcku z\u00f3nu v krajine, ale aj <b data-path-to-node=\"19\" data-index-in-node=\"623\">skryt\u00fd poklad<\/b> pre milovn\u00edkov autenticity a <b data-path-to-node=\"19\" data-index-in-node=\"666\">vysokej kvality v\u00fdchodoslovensk\u00fdch v\u00edn<\/b>.<\/p>\n<h2 data-path-to-node=\"21\"><span style=\"color: #800000;\">Tekut\u00e9 zlato spod Vihorlatu: Pre\u010do sem vyrazi\u0165 hne\u010f teraz?<\/span><\/h2>\n<p data-path-to-node=\"22\"><em>N\u00e1v\u0161teva tohto regi\u00f3nu v\u00e1m pon\u00fakne unik\u00e1tnu mo\u017enos\u0165 ochutna\u0165 v\u00edna, ktor\u00e9 v sebe nes\u00fa silu vulkanick\u00e9ho podlo\u017eia a odhodlanie severn\u00fdch pestovate\u013eov. Objav\u00edte tu symbi\u00f3zu trad\u00edcie troch regi\u00f3nov, ktor\u00e1 sa prelieva do poh\u00e1rov s nezamenite\u013en\u00fdm charakterom. <b data-path-to-node=\"22\" data-index-in-node=\"254\">V\u00fdchodoslovensk\u00e1 vinohradn\u00edcka oblas\u0165<\/b> nie je len o \u010d\u00edslach a map\u00e1ch, ale o skuto\u010dn\u00fdch pr\u00edbehoch vin\u00e1rov z <b data-path-to-node=\"22\" data-index-in-node=\"360\">Tibavy<\/b> \u010di <b data-path-to-node=\"22\" data-index-in-node=\"370\">Brekova<\/b>. Za\u017eijete tu pohostinnos\u0165, ktor\u00e1 je rovnako hrejiv\u00e1 ako slnko nad ju\u017en\u00fdmi svahmi <b data-path-to-node=\"22\" data-index-in-node=\"459\">Vihorlatu<\/b>. Odnesiete si nielen chu\u0165ov\u00fd z\u00e1\u017eitok z <b data-path-to-node=\"22\" data-index-in-node=\"508\">kvalitn\u00e9ho v\u00edna<\/b>, ale aj poznanie o unik\u00e1tnom slovenskom <b data-path-to-node=\"22\" data-index-in-node=\"564\">terroir<\/b>, ktor\u00e9 inde nen\u00e1jdete.<\/em><\/p>\n<h2><span style=\"color: #800000;\">V\u00ednne pivnice a vinot\u00e9ky:<\/span><\/h2>\n<div class=\"su-divider su-divider-style-default\" style=\"margin:15px 0;border-width:0px;border-color:#000000\"><\/div>\n<div id=\"metaslider-id-49682\" style=\"max-width: 800px; margin: 0 auto;\" class=\"ml-slider-3-108-0 metaslider metaslider-flex metaslider-49682 ml-slider ms-theme-default nav-hidden\" role=\"region\" aria-label=\"Tufov\u00e9 pivnice v Strede nad Bodrogom\" data-height=\"250\" data-width=\"800\">\n    <div id=\"metaslider_container_49682\">\n        <div id=\"metaslider_49682\" class=\"flexslider\">\n            <ul class='slides'>\n                <li style=\"display: block; width: 100%;\" class=\"slide-49690 ms-image \" aria-roledescription=\"slide\" data-date=\"2022-07-07 13:44:15\" data-filename=\"tufove-streda2-800x250.jpg\" data-slide-type=\"image\"><a href=\"https:\/\/www.keturist.sk\/info\/tipy-na-vylety\/gastroturizmus-v-kosickom-kraji\/vychodoslovenska-vinohradnicka-oblast\/tufove-pivnice-v-strede-nad-bodrogom\/\" target=\"_self\" aria-label=\"View Slide Details\" class=\"metaslider_image_link\"><img loading=\"lazy\" decoding=\"async\" src=\"https:\/\/www.keturist.sk\/info\/wp-content\/uploads\/2022\/07\/tufove-streda2-800x250.jpg\" height=\"250\" width=\"800\" alt=\"Tufov\u00e9 pivnice v Strede nad Bodrogom\" class=\"slider-49682 slide-49690 msDefaultImage\" title=\"Tufov\u00e9 pivnice v Strede nad Bodrogom\" \/><\/a><div class=\"caption-wrap\"><div class=\"caption\"><div><strong><a href=\"https:\/\/www.keturist.sk\/info\/tipy-na-vylety\/gastroturizmus-v-kosickom-kraji\/vychodoslovenska-vinohradnicka-oblast\/tufove-pivnice-v-strede-nad-bodrogom\/\"><span style=\"color:#ffff00;\">Tufov\u00e9 pivnice v Strede nad Bodrogom <\/span><\/a><\/strong><\/div><\/div><\/div><\/li>\n            <\/ul>\n        <\/div>\n        \n    <\/div>\n<\/div><div id=\"metaslider-id-48971\" style=\"max-width: 800px; margin: 0 auto;\" class=\"ml-slider-3-108-0 metaslider metaslider-flex metaslider-48971 ml-slider ms-theme-default nav-hidden nav-hidden\" role=\"region\" aria-label=\"Malohore\u0161sk\u00e9 v\u00ednne pivnice\" data-height=\"250\" data-width=\"800\">\n    <div id=\"metaslider_container_48971\">\n        <div id=\"metaslider_48971\" class=\"flexslider\">\n            <ul class='slides'>\n                <li style=\"display: block; width: 100%;\" class=\"slide-48972 ms-image \" aria-roledescription=\"slide\" data-date=\"2022-06-11 07:51:35\" data-filename=\"maly-hores-pivnice5-800x250.jpg\" data-slide-type=\"image\"><a href=\"https:\/\/www.keturist.sk\/info\/tipy-na-vylety\/gastroturizmus-v-kosickom-kraji\/vychodoslovenska-vinohradnicka-oblast\/malohoresske-vinne-pivnice\/\" target=\"_self\" aria-label=\"View Slide Details\" class=\"metaslider_image_link\"><img loading=\"lazy\" decoding=\"async\" src=\"https:\/\/www.keturist.sk\/info\/wp-content\/uploads\/2022\/06\/maly-hores-pivnice5-800x250.jpg\" height=\"250\" width=\"800\" alt=\"Malohore\u0161sk\u00e9 v\u00ednne pivnice\" class=\"slider-48971 slide-48972 msDefaultImage\" title=\"Malohore\u0161sk\u00e9 v\u00ednne pivnice\" \/><\/a><div class=\"caption-wrap\"><div class=\"caption\"><div><strong><a href=\"https:\/\/www.keturist.sk\/info\/tipy-na-vylety\/vinna-turistika\/vychodoslovenska-vinohradnicka-oblast\/malohoresske-vinne-pivnice\/\"><span style=\"color:#ffff00;\">Malohore\u0161sk\u00e9 v\u00ednne pivnice<\/span><\/a><\/strong><\/div><\/div><\/div><\/li>\n            <\/ul>\n        <\/div>\n        \n    <\/div>\n<\/div><div id=\"metaslider-id-41172\" style=\"max-width: 800px; margin: 0 auto;\" class=\"ml-slider-3-108-0 metaslider metaslider-flex metaslider-41172 ml-slider ms-theme-default nav-hidden nav-hidden nav-hidden\" role=\"region\" aria-label=\"Pivnica Tibava\" data-height=\"250\" data-width=\"800\">\n    <div id=\"metaslider_container_41172\">\n        <div id=\"metaslider_41172\" class=\"flexslider\">\n            <ul class='slides'>\n                <li style=\"display: block; width: 100%;\" class=\"slide-41174 ms-image \" aria-roledescription=\"slide\" data-date=\"2021-08-11 09:04:25\" data-filename=\"tibava.jpg\" data-slide-type=\"image\"><a href=\"https:\/\/www.tibava.sk\/\" target=\"_blank\" aria-label=\"View Slide Details\" class=\"metaslider_image_link\" rel=\"noopener\"><img loading=\"lazy\" decoding=\"async\" src=\"https:\/\/www.keturist.sk\/info\/wp-content\/uploads\/2020\/05\/tibava.jpg\" height=\"250\" width=\"800\" alt=\"\" class=\"slider-41172 slide-41174 msDefaultImage\" title=\"tibava\" \/><\/a><div class=\"caption-wrap\"><div class=\"caption\"><b><a href=\"https:\/\/www.tibava.sk\/\" target=\"_blank\" rel=\"noreferrer noopener\"><span style=\"color:#FFFF00;\">Pivnica Tibava\n<\/span><\/a><\/b><\/div><\/div><\/li>\n            <\/ul>\n        <\/div>\n        \n    <\/div>\n<\/div><div id=\"metaslider-id-43299\" style=\"max-width: 800px; margin: 0 auto;\" class=\"ml-slider-3-108-0 metaslider metaslider-flex metaslider-43299 ml-slider ms-theme-default nav-hidden nav-hidden nav-hidden nav-hidden\" role=\"region\" aria-label=\"Pivnica Orechov\u00e1\" data-height=\"250\" data-width=\"800\">\n    <div id=\"metaslider_container_43299\">\n        <div id=\"metaslider_43299\" class=\"flexslider\">\n            <ul class='slides'>\n                <li style=\"display: block; width: 100%;\" class=\"slide-43302 ms-image \" aria-roledescription=\"slide\" data-date=\"2021-10-30 05:42:13\" data-filename=\"pivnica-orechova-sudy-pivnica-orechova.jpg\" data-slide-type=\"image\"><a href=\"https:\/\/pivnicaorechova.sk\/\" target=\"_blank\" aria-label=\"View Slide Details\" class=\"metaslider_image_link\" rel=\"noopener\"><img loading=\"lazy\" decoding=\"async\" src=\"https:\/\/www.keturist.sk\/info\/wp-content\/uploads\/2020\/05\/pivnica-orechova-sudy-pivnica-orechova.jpg\" height=\"250\" width=\"800\" alt=\"\" class=\"slider-43299 slide-43302 msDefaultImage\" title=\"pivnica-orechova-sudy-pivnica-orechova\" \/><\/a><div class=\"caption-wrap\"><div class=\"caption\"><b><a href=\"https:\/\/pivnicaorechova.sk\/\" target=\"_blank\" rel=\"noreferrer noopener\"><span style=\"color:#FFFF00;\">Pivnica Orechov\u00e1\n<\/span><\/a><\/b><\/div><\/div><\/li>\n            <\/ul>\n        <\/div>\n        \n    <\/div>\n<\/div>\n<div class=\"su-divider su-divider-style-default\" style=\"margin:15px 0;border-width:2px;border-color:#000000\"><\/div>\n<p>&nbsp;<\/p>\n","protected":false},"excerpt":{"rendered":"<p>Kde za\u017ei\u0165 najsevernej\u0161ie dobrodru\u017estvo chut\u00ed a v\u00edna na Slovensku? V\u00fdchodoslovensk\u00e1 vinohradn\u00edcka oblas\u0165 predstavuje fascinuj\u00facu mozaiku chut\u00ed a hist\u00f3rie, ktor\u00fa jednoducho mus\u00edte objavi\u0165. Ak h\u013ead\u00e1te 4 unik\u00e1tne raj\u00f3ny, medzi ktor\u00e9 patria [&hellip;]<\/p>\n","protected":false},"author":1,"featured_media":75805,"parent":41020,"menu_order":0,"comment_status":"closed","ping_status":"closed","template":"","meta":{"_uag_custom_page_level_css":"","_monsterinsights_skip_tracking":false,"_monsterinsights_sitenote_active":false,"_monsterinsights_sitenote_note":"","_monsterinsights_sitenote_category":0,"footnotes":""},"class_list":["post-41088","page","type-page","status-publish","has-post-thumbnail","hentry"],"featured_image_src":"https:\/\/www.keturist.sk\/info\/wp-content\/uploads\/2026\/05\/vinohrad-tibava.jpeg","featured_image_src_square":"https:\/\/www.keturist.sk\/info\/wp-content\/uploads\/2026\/05\/vinohrad-tibava.jpeg","rbea_author_info":{"display_name":"admin","author_link":"https:\/\/www.keturist.sk\/info\/author\/admin\/"},"rbea_excerpt_info":"Kde za\u017ei\u0165 najsevernej\u0161ie dobrodru\u017estvo chut\u00ed a v\u00edna na Slovensku? V\u00fdchodoslovensk\u00e1 vinohradn\u00edcka oblas\u0165 predstavuje fascinuj\u00facu mozaiku chut\u00ed a hist\u00f3rie, ktor\u00fa jednoducho mus\u00edte objavi\u0165. Ak h\u013ead\u00e1te 4 unik\u00e1tne raj\u00f3ny, medzi ktor\u00e9 patria [&hellip;]","uagb_featured_image_src":{"full":["https:\/\/www.keturist.sk\/info\/wp-content\/uploads\/2026\/05\/vinohrad-tibava.jpeg",1376,768,false],"thumbnail":["https:\/\/www.keturist.sk\/info\/wp-content\/uploads\/2026\/05\/vinohrad-tibava-270x151.jpeg",270,151,true],"medium":["https:\/\/www.keturist.sk\/info\/wp-content\/uploads\/2026\/05\/vinohrad-tibava-800x447.jpeg",800,447,true],"medium_large":["https:\/\/www.keturist.sk\/info\/wp-content\/uploads\/2026\/05\/vinohrad-tibava-768x429.jpeg",768,429,true],"large":["https:\/\/www.keturist.sk\/info\/wp-content\/uploads\/2026\/05\/vinohrad-tibava.jpeg",1376,768,false],"1536x1536":["https:\/\/www.keturist.sk\/info\/wp-content\/uploads\/2026\/05\/vinohrad-tibava.jpeg",1376,768,false],"2048x2048":["https:\/\/www.keturist.sk\/info\/wp-content\/uploads\/2026\/05\/vinohrad-tibava.jpeg",1376,768,false]},"uagb_author_info":{"display_name":"admin","author_link":"https:\/\/www.keturist.sk\/info\/author\/admin\/"},"uagb_comment_info":0,"uagb_excerpt":"Kde za\u017ei\u0165 najsevernej\u0161ie dobrodru\u017estvo chut\u00ed a v\u00edna na Slovensku? V\u00fdchodoslovensk\u00e1 vinohradn\u00edcka oblas\u0165 predstavuje fascinuj\u00facu mozaiku chut\u00ed a hist\u00f3rie, ktor\u00fa jednoducho mus\u00edte objavi\u0165. Ak h\u013ead\u00e1te 4 unik\u00e1tne raj\u00f3ny, medzi ktor\u00e9 patria [&hellip;]","_links":{"self":[{"href":"https:\/\/www.keturist.sk\/info\/wp-json\/wp\/v2\/pages\/41088","targetHints":{"allow":["GET"]}}],"collection":[{"href":"https:\/\/www.keturist.sk\/info\/wp-json\/wp\/v2\/pages"}],"about":[{"href":"https:\/\/www.keturist.sk\/info\/wp-json\/wp\/v2\/types\/page"}],"author":[{"embeddable":true,"href":"https:\/\/www.keturist.sk\/info\/wp-json\/wp\/v2\/users\/1"}],"replies":[{"embeddable":true,"href":"https:\/\/www.keturist.sk\/info\/wp-json\/wp\/v2\/comments?post=41088"}],"version-history":[{"count":20,"href":"https:\/\/www.keturist.sk\/info\/wp-json\/wp\/v2\/pages\/41088\/revisions"}],"predecessor-version":[{"id":75808,"href":"https:\/\/www.keturist.sk\/info\/wp-json\/wp\/v2\/pages\/41088\/revisions\/75808"}],"up":[{"embeddable":true,"href":"https:\/\/www.keturist.sk\/info\/wp-json\/wp\/v2\/pages\/41020"}],"wp:featuredmedia":[{"embeddable":true,"href":"https:\/\/www.keturist.sk\/info\/wp-json\/wp\/v2\/media\/75805"}],"wp:attachment":[{"href":"https:\/\/www.keturist.sk\/info\/wp-json\/wp\/v2\/media?parent=41088"}],"curies":[{"name":"wp","href":"https:\/\/api.w.org\/{rel}","templated":true}]}}