{"id":41026,"date":"2021-08-04T16:15:38","date_gmt":"2021-08-04T14:15:38","guid":{"rendered":"https:\/\/www.keturist.sk\/info\/?page_id=41026"},"modified":"2025-03-16T08:32:06","modified_gmt":"2025-03-16T07:32:06","slug":"vinohradnicka-oblast-tokaj","status":"publish","type":"page","link":"https:\/\/www.keturist.sk\/info\/tipy-na-vylety\/vinna-turistika\/vinohradnicka-oblast-tokaj\/","title":{"rendered":"Vinohradn\u00edcka oblas\u0165 Tokaj"},"content":{"rendered":"<a href=\"https:\/\/www.keturist.sk\/info\/\" class=\"su-button su-button-style-default\" style=\"color:#000000;background-color:#FFCF2F;border-color:#cca626;border-radius:5px\" target=\"_self\"><span style=\"color:#000000;padding:6px 16px;font-size:13px;line-height:20px;border-color:#ffde6e;border-radius:5px;text-shadow:none\"><i class=\"sui sui-arrow-right\" style=\"font-size:13px;color:#000000\"><\/i>  Spravodaj <\/span><\/a>\n<a href=\"https:\/\/www.keturist.sk\/info\/tipy-na-vylety\/\" class=\"su-button su-button-style-default\" style=\"color:#000000;background-color:#FFCF2F;border-color:#cca626;border-radius:5px\" target=\"_self\"><span style=\"color:#000000;padding:6px 16px;font-size:13px;line-height:20px;border-color:#ffde6e;border-radius:5px;text-shadow:none\"><i class=\"sui sui-arrow-right\" style=\"font-size:13px;color:#000000\"><\/i>  TIPY NA V\u00ddLETY <\/span><\/a>\n<a href=\"https:\/\/www.keturist.sk\/info\/tipy-na-vylety\/vinna-turistika\/\" class=\"su-button su-button-style-default\" style=\"color:#000000;background-color:#FFCF2F;border-color:#cca626;border-radius:5px\" target=\"_self\"><span style=\"color:#000000;padding:6px 16px;font-size:13px;line-height:20px;border-color:#ffde6e;border-radius:5px;text-shadow:none\"><i class=\"sui sui-arrow-right\" style=\"font-size:13px;color:#000000\"><\/i>  Gastro, liehovary, v\u00ednna a pivn\u00e1 turistika <\/span><\/a>\n<div class=\"su-divider su-divider-style-default\" style=\"margin:15px 0;border-width:2px;border-color:#000000\"><\/div>\n<p>Vinohradn\u00edcka oblas\u0165 Tokaj je unik\u00e1tna vini\u010dn\u00e1 oblas\u0165 na Slovensku a v Ma\u010farsku, zn\u00e1ma v\u00fdrobou pr\u00edrodne sladk\u00fdch v\u00edn. Objavte hist\u00f3riu, tradi\u010dn\u00e9 odrody ako Furmint a Lipovina, a jedine\u010dn\u00e9 tokajsk\u00e9 v\u00edna ako samorodn\u00e9, v\u00fdber \u010di esencia. Pozrite si fotografie od Jozefa Mare\u010dka a dozviete sa viac o tejto malebnej oblasti.<\/p>\n<h3><span style=\"color: #808000;\">V\u0161eobecn\u00e9 inform\u00e1cie<\/span><\/h3>\n<p>Vinohradn\u00edcka oblas\u0165 Tokaj je geograficky uzatvoren\u00e1 oblas\u0165 vinohradn\u00edctva a vin\u00e1rstva v povod\u00ed rieky <a href=\"https:\/\/www.keturist.sk\/info\/kam-do-prirody\/kam-do-prirody-smer-zemplin\/vodopady-jazierka-rieky\/rieka-bodrog\/\">Bodrog<\/a>, severne na Slovensku ohrani\u010den\u00e1 <a href=\"https:\/\/sk.wikipedia.org\/wiki\/Zempl%C3%ADnske_vrchy\" target=\"_blank\" rel=\"noopener\">Zempl\u00ednskymi vrchmi<\/a>, vrchom <strong>Rozh\u013ead\u0148a (469 m n.m.)<\/strong> a na juhu v Ma\u010farsku ohrani\u010den\u00e1 s\u00fatokom riek <a href=\"https:\/\/www.keturist.sk\/info\/kam-do-prirody\/kam-do-prirody-smer-zemplin\/vodopady-jazierka-rieky\/rieka-tisa\/\">Tisa<\/a> a <a href=\"https:\/\/www.keturist.sk\/info\/kam-do-prirody\/kam-do-prirody-smer-zemplin\/vodopady-jazierka-rieky\/rieka-bodrog\/\">Bodrog<\/a>.<\/p>\n<figure id=\"attachment_43798\" aria-describedby=\"caption-attachment-43798\" style=\"width: 800px\" class=\"wp-caption aligncenter\"><a href=\"https:\/\/www.keturist.sk\/info\/wp-content\/uploads\/2021\/11\/tokaj3.jpg\"><img loading=\"lazy\" decoding=\"async\" class=\"wp-image-43798 size-medium\" src=\"https:\/\/www.keturist.sk\/info\/wp-content\/uploads\/2021\/11\/tokaj3-800x534.jpg\" alt=\"\" width=\"800\" height=\"534\" srcset=\"https:\/\/www.keturist.sk\/info\/wp-content\/uploads\/2021\/11\/tokaj3-800x534.jpg 800w, https:\/\/www.keturist.sk\/info\/wp-content\/uploads\/2021\/11\/tokaj3-270x180.jpg 270w, https:\/\/www.keturist.sk\/info\/wp-content\/uploads\/2021\/11\/tokaj3-768x512.jpg 768w, https:\/\/www.keturist.sk\/info\/wp-content\/uploads\/2021\/11\/tokaj3.jpg 1000w\" sizes=\"auto, (max-width: 800px) 100vw, 800px\" \/><\/a><figcaption id=\"caption-attachment-43798\" class=\"wp-caption-text\">Vinohradn\u00edcka oblas\u0165 Tokaj, Fotograf: Jozef Mare\u010dek (https:\/\/www.facebook.com\/jozef.marecek.94)<\/figcaption><\/figure>\n<p>Je historickou aj teritori\u00e1lnou s\u00fa\u010das\u0165ou ve\u013ek\u00e9ho tokajsk\u00e9ho regi\u00f3nu, ktor\u00e9ho v\u00e4\u010d\u0161ia \u010das\u0165 sa rozprestiera na \u00fazem\u00ed Ma\u010farska (cca 5 000 ha).<\/p>\n<p>Na Slovensku je z\u00e1konom delimitovan\u00fdch 907 ha.<\/p>\n<figure id=\"attachment_62838\" aria-describedby=\"caption-attachment-62838\" style=\"width: 800px\" class=\"wp-caption aligncenter\"><a href=\"https:\/\/www.keturist.sk\/info\/wp-content\/uploads\/2023\/12\/mala-trna8.jpg\"><img loading=\"lazy\" decoding=\"async\" class=\"wp-image-62838 size-medium\" src=\"https:\/\/www.keturist.sk\/info\/wp-content\/uploads\/2023\/12\/mala-trna8-800x450.jpg\" alt=\"\" width=\"800\" height=\"450\" srcset=\"https:\/\/www.keturist.sk\/info\/wp-content\/uploads\/2023\/12\/mala-trna8-800x450.jpg 800w, https:\/\/www.keturist.sk\/info\/wp-content\/uploads\/2023\/12\/mala-trna8-270x152.jpg 270w, https:\/\/www.keturist.sk\/info\/wp-content\/uploads\/2023\/12\/mala-trna8-768x432.jpg 768w, https:\/\/www.keturist.sk\/info\/wp-content\/uploads\/2023\/12\/mala-trna8.jpg 1000w\" sizes=\"auto, (max-width: 800px) 100vw, 800px\" \/><\/a><figcaption id=\"caption-attachment-62838\" class=\"wp-caption-text\">Vinohradn\u00edcka oblas\u0165 Tokaj, Fotograf: Jozef Mare\u010dek (https:\/\/www.facebook.com\/jozef.marecek.94)<\/figcaption><\/figure>\n<p>Ide o plo\u0161ne najmen\u0161iu vinohradn\u00edcku oblas\u0165 na Slovensku.<\/p>\n<p>Pri zakladan\u00ed vinohradov a nahr\u00e1dzan\u00ed vyhynut\u00fdch krov vo vinohradn\u00edckej oblasti Tokaj na kvalifikovan\u00fdch honoch mo\u017eno vysadi\u0165 len vini\u010dov\u00e9 sadenice tokajsk\u00fdch odr\u00f4d registrovan\u00fdch v Listine registrovan\u00fdch odr\u00f4d, teda Furmint, Lipovina, Mu\u0161k\u00e1t \u017elt\u00fd a Zeta.<\/p>\n<p><strong>Tradi\u010dn\u00e9 n\u00e1zvy\u00a0tokajsk\u00fdch v\u00edn:<\/strong><\/p>\n<ul>\n<li>samorodn\u00e9\n<ul>\n<li>such\u00e9<\/li>\n<li>sladk\u00e9<\/li>\n<\/ul>\n<\/li>\n<li>v\u00fdber<\/li>\n<li>m\u00e1\u0161l\u00e1\u0161<\/li>\n<li>fordit\u00e1\u0161<\/li>\n<li>v\u00fdberov\u00e1 esencia<\/li>\n<li>esencia<\/li>\n<li>Furmint<\/li>\n<li>Lipovina<\/li>\n<li>Mu\u0161k\u00e1t \u017elt\u00fd<\/li>\n<\/ul>\n<h3><span style=\"color: #808000;\">Hist\u00f3ria<\/span><\/h3>\n<p>Vinohradn\u00edcka a vin\u00e1rska oblas\u0165 Tokaj je jednou z piatich oblast\u00ed na svete, v ktor\u00fdch mo\u017eno dopestova\u0165 hrozno na v\u00fdrobu pr\u00edrodne sladk\u00fdch v\u00edn.<\/p>\n<figure id=\"attachment_62839\" aria-describedby=\"caption-attachment-62839\" style=\"width: 800px\" class=\"wp-caption aligncenter\"><a href=\"https:\/\/www.keturist.sk\/info\/wp-content\/uploads\/2023\/12\/mala-trna9.jpg\"><img loading=\"lazy\" decoding=\"async\" class=\"wp-image-62839 size-medium\" src=\"https:\/\/www.keturist.sk\/info\/wp-content\/uploads\/2023\/12\/mala-trna9-800x449.jpg\" alt=\"\" width=\"800\" height=\"449\" srcset=\"https:\/\/www.keturist.sk\/info\/wp-content\/uploads\/2023\/12\/mala-trna9-800x449.jpg 800w, https:\/\/www.keturist.sk\/info\/wp-content\/uploads\/2023\/12\/mala-trna9-270x151.jpg 270w, https:\/\/www.keturist.sk\/info\/wp-content\/uploads\/2023\/12\/mala-trna9-768x431.jpg 768w, https:\/\/www.keturist.sk\/info\/wp-content\/uploads\/2023\/12\/mala-trna9.jpg 1000w\" sizes=\"auto, (max-width: 800px) 100vw, 800px\" \/><\/a><figcaption id=\"caption-attachment-62839\" class=\"wp-caption-text\">Vinohradn\u00edcka oblas\u0165 Tokaj, Fotograf: Jozef Mare\u010dek (https:\/\/www.facebook.com\/jozef.marecek.94)<\/figcaption><\/figure>\n<p>Pestovanie vini\u010da a celkov\u00fd rozvoj oblasti bol spomalen\u00fd vp\u00e1dom Mongolov, ke\u010f bol tento jedine\u010dn\u00fd kraj vy\u013eudnen\u00fd a vinohrady zni\u010den\u00e9.<\/p>\n<p>Ve\u013ek\u00fa z\u00e1sluhu na rozvoji kraja a prvopo\u010diatkoch v\u00fdroby tokajsk\u00fdch v\u00edn m\u00e1 kr\u00e1\u013e Belo IV., ktor\u00fd spustnut\u00fd a vy\u013eudnen\u00fd kraj kolonizoval talianskymi osadn\u00edkmi z oblasti Bari a Formini.<\/p>\n<p>T\u00edto priniesli nov\u00e9 sk\u00fasenosti, ale hlavne z\u00e1kladn\u00fa tokajsk\u00fa odrodu \u2013 Furmint, ktor\u00e1 d\u00e1va tokajsk\u00e9mu v\u00ednu jeho nenapodobite\u013en\u00fd a nezamenite\u013en\u00fd charakter.<\/p>\n<p>Prv\u00e1 p\u00edsomn\u00e1 zmienka o Tokajskej oblasti je z roku 1248, kedy kr\u00e1\u013e Belo IV. daroval vinicu a v\u00ednny dom\u010dek pri S\u00e1rospataku Levo\u010dsk\u00e9mu prepo\u0161tstvu.<\/p>\n<p>Od spom\u00ednan\u00e9ho roku s\u00fa liter\u00e1rne pramene o Tokaji a jeho viniciach pomerne \u010dast\u00e9.<\/p>\n<p>Prv\u00e1 p\u00edsomn\u00e1 zmienka o tokajsk\u00fdch v\u00fdberoch sa datuje do roku 1560, kedy sa v latinsko \u2013 ma\u010farskom slovn\u00edku Fabricia Bal\u00e1zsa stret\u00e1vame s term\u00ednom cib\u00e9by.<\/p>\n<p>S\u00fa definovan\u00e9 ako scvrknut\u00e9 bobule hrozna, ktor\u00e9 sa v priazniv\u00fdch ro\u010dn\u00edkoch tvoria v strapcoch tokajsk\u00fdch odr\u00f4d Furmint, Lipovina a Mu\u0161k\u00e1t \u017elt\u00fd napadnut\u00fdch u\u0161\u013eachtilou formou plesne Botrytis cinerea.<\/p>\n<p>Na schopnos\u0165 vyr\u00e1ba\u0165 toto jedine\u010dn\u00e9 sladk\u00e9 v\u00f4ne pri\u0161iel miestny kazate\u013e M\u00e1t\u00e9 Laczk\u00f3 Szepsi, ktor\u00fd bol tie\u017e zodpovedn\u00fd za v\u00fdrobu v\u00edna v t\u00fdch \u010dasoch.<\/p>\n<p>Tento vin\u00e1rsky odborn\u00edk a kalv\u00ednsky k\u0148az nariadil \u017eatvu v oneskoren\u00ed preto\u017ee sa b\u00e1l \u00fatokov Turkov.<\/p>\n<p>V\u010faka tomuto oneskoreniu z\u00edskali hrozn\u00e1 u\u0161\u013eachtil\u00fa plese\u0148 a boli zozbieran\u00e9 a tla\u010den\u00e9, pred t\u00fdm ako sa nalievali do mu\u0161tu.<\/p>\n<p>V\u00fdsledn\u00e9 v\u00edno pred\u00e1van\u00e9 po\u010das Ve\u013ekono\u010dn\u00fdch sviatkov si v \u010fal\u0161om roku z\u00edskalo ve\u013ek\u00fd obdiv.<\/p>\n<p>O ve\u013ek\u00fa propag\u00e1ciu tokajsk\u00e9ho v\u00edna sa zapr\u00ed\u010dinil knie\u017ea\u0165a <a href=\"https:\/\/sk.wikipedia.org\/wiki\/Franti%C5%A1ek_II._R%C3%A1koci\" target=\"_blank\" rel=\"noopener\">Franti\u0161kek R\u00e1kocziho II.<\/a> (ma\u010f. II. R\u00e1k\u00f3czi Ferenc; * 1676 \u2013 + 1735) , ktor\u00fd zo svojich pivn\u00edc vozil na dvor svojho spojenca a podporovate\u013ea franc\u00fackeho kr\u00e1\u013ea <a href=\"https:\/\/sk.wikipedia.org\/wiki\/%C4%BDudov%C3%ADt_XIV.\" target=\"_blank\" rel=\"noopener\">\u013dudov\u00edta XIV.<\/a> (*1638 \u2013 \u2020 1715).<\/p>\n<p>Z nov\u0161ej hist\u00f3rie je mo\u017en\u00e9 spomen\u00fa\u0165 zalo\u017eenie \u0160t\u00e1tnej v\u00fdskumnej stanice v Malej T\u0155ni v roku 1924, na z\u00e1klade jej dlhoro\u010dn\u00fdch v\u00fdsledkov bol vydan\u00fd z\u00e1kon Slovenskej n\u00e1rodnej rady zo d\u0148a 6. marca 1959 \u201eO rozvoji tokajskej vinohradn\u00edckej oblasti na Slovensku.<\/p>\n<h3><span style=\"color: #808000;\">V\u00ednne pivnice a vinot\u00e9ky:<\/span><\/h3>\n<div id=\"metaslider-id-59171\" style=\"max-width: 800px; margin: 0 auto;\" class=\"ml-slider-3-108-0 metaslider metaslider-flex metaslider-59171 ml-slider ms-theme-default nav-hidden\" role=\"region\" aria-label=\"Oddychov\u00e1 z\u00f3na so sochami a obecn\u00e1 pivnica v \u010cerhove\" data-height=\"250\" data-width=\"800\">\n    <div id=\"metaslider_container_59171\">\n        <div id=\"metaslider_59171\" class=\"flexslider\">\n            <ul class='slides'>\n                <li style=\"display: block; width: 100%;\" class=\"slide-59172 ms-image \" aria-roledescription=\"slide\" data-date=\"2023-09-01 09:38:38\" data-filename=\"cerhov1-800x250.jpg\" data-slide-type=\"image\"><a href=\"https:\/\/www.keturist.sk\/info\/tipy-na-vylety\/vinna-turistika\/vinohradnicka-oblast-tokaj\/oddychova-zona-so-sochami-a-obecna-pivnica\/\" target=\"_self\" aria-label=\"View Slide Details\" class=\"metaslider_image_link\"><img loading=\"lazy\" decoding=\"async\" src=\"https:\/\/www.keturist.sk\/info\/wp-content\/uploads\/2023\/09\/cerhov1-800x250.jpg\" height=\"250\" width=\"800\" alt=\"\" class=\"slider-59171 slide-59172 msDefaultImage\" title=\"cerhov1\" \/><\/a><div class=\"caption-wrap\"><div class=\"caption\"><b><a href=\"https:\/\/www.keturist.sk\/info\/tipy-na-vylety\/vinna-turistika\/vinohradnicka-oblast-tokaj\/oddychova-zona-so-sochami-a-obecna-pivnica\/\"><span style=\"color:#FFFF00;\">Oddychov\u00e1 z\u00f3na so sochami a obecn\u00e1 pivnica v \u010cerhove<\/span><\/a><\/b><\/div><\/div><\/li>\n            <\/ul>\n        <\/div>\n        \n    <\/div>\n<\/div><div id=\"metaslider-id-41470\" style=\"max-width: 800px; margin: 0 auto;\" class=\"ml-slider-3-108-0 metaslider metaslider-flex metaslider-41470 ml-slider ms-theme-default nav-hidden nav-hidden\" role=\"region\" aria-label=\"CHATEAU VINI\u010cKY\" data-height=\"250\" data-width=\"800\">\n    <div id=\"metaslider_container_41470\">\n        <div id=\"metaslider_41470\" class=\"flexslider\">\n            <ul class='slides'>\n                <li style=\"display: block; width: 100%;\" class=\"slide-41472 ms-image \" aria-roledescription=\"slide\" data-date=\"2021-08-27 17:06:53\" data-filename=\"vinicky-800x250.jpg\" data-slide-type=\"image\"><a href=\"https:\/\/www.vino-tokaj.sk\/\" target=\"_blank\" aria-label=\"View Slide Details\" class=\"metaslider_image_link\" rel=\"noopener\"><img loading=\"lazy\" decoding=\"async\" src=\"https:\/\/www.keturist.sk\/info\/wp-content\/uploads\/2020\/05\/vinicky-800x250.jpg\" height=\"250\" width=\"800\" alt=\"\" class=\"slider-41470 slide-41472 msDefaultImage\" title=\"vinicky\" \/><\/a><div class=\"caption-wrap\"><div class=\"caption\"><b><a href=\"https:\/\/www.vino-tokaj.sk\/\" target=\"_blank\" rel=\"noreferrer noopener\"><span style=\"color:#FFFF00;\"> CHATEAU VINI\u010cKY\n<\/span><\/a><\/b><\/div><\/div><\/li>\n            <\/ul>\n        <\/div>\n        \n    <\/div>\n<\/div><div id=\"metaslider-id-41449\" style=\"max-width: 800px; margin: 0 auto;\" class=\"ml-slider-3-108-0 metaslider metaslider-flex metaslider-41449 ml-slider ms-theme-default nav-hidden nav-hidden nav-hidden\" role=\"region\" aria-label=\"Tokaj and CO\" data-height=\"250\" data-width=\"800\">\n    <div id=\"metaslider_container_41449\">\n        <div id=\"metaslider_41449\" class=\"flexslider\">\n            <ul class='slides'>\n                <li style=\"display: block; width: 100%;\" class=\"slide-41451 ms-image \" aria-roledescription=\"slide\" data-date=\"2021-08-27 06:58:02\" data-filename=\"tokaj-s-mala-turna.jpg\" data-slide-type=\"image\"><a href=\"https:\/\/www.tokaj.sk\/\" target=\"_blank\" aria-label=\"View Slide Details\" class=\"metaslider_image_link\" rel=\"noopener\"><img loading=\"lazy\" decoding=\"async\" src=\"https:\/\/www.keturist.sk\/info\/wp-content\/uploads\/2020\/05\/tokaj-s-mala-turna.jpg\" height=\"250\" width=\"800\" alt=\"\" class=\"slider-41449 slide-41451 msDefaultImage\" title=\"tokaj s mala turna\" \/><\/a><div class=\"caption-wrap\"><div class=\"caption\"><b><a href=\"https:\/\/www.tokaj.sk\/\" target=\"_blank\" rel=\"noreferrer noopener\"><span style=\"color:#FFFF00;\">Tokaj &amp; CO, s.r.o. Mal\u00e1 Tr\u0148a\n<\/span><\/a><\/b><\/div><\/div><\/li>\n            <\/ul>\n        <\/div>\n        \n    <\/div>\n<\/div><div id=\"metaslider-id-41455\" style=\"max-width: 800px; margin: 0 auto;\" class=\"ml-slider-3-108-0 metaslider metaslider-flex metaslider-41455 ml-slider ms-theme-default nav-hidden nav-hidden nav-hidden nav-hidden\" role=\"region\" aria-label=\"Chateau GRAND BAR\" data-height=\"250\" data-width=\"800\">\n    <div id=\"metaslider_container_41455\">\n        <div id=\"metaslider_41455\" class=\"flexslider\">\n            <ul class='slides'>\n                <li style=\"display: block; width: 100%;\" class=\"slide-41457 ms-image \" aria-roledescription=\"slide\" data-date=\"2021-08-27 07:07:17\" data-filename=\"grand-bari.jpg\" data-slide-type=\"image\"><a href=\"https:\/\/www.grandbari.sk\/\" target=\"_blank\" aria-label=\"View Slide Details\" class=\"metaslider_image_link\" rel=\"noopener\"><img loading=\"lazy\" decoding=\"async\" src=\"https:\/\/www.keturist.sk\/info\/wp-content\/uploads\/2020\/05\/grand-bari.jpg\" height=\"250\" width=\"800\" alt=\"\" class=\"slider-41455 slide-41457 msDefaultImage\" title=\"grand bari\" \/><\/a><div class=\"caption-wrap\"><div class=\"caption\"><b><a href=\"https:\/\/www.grandbari.sk\/\" target=\"_blank\" rel=\"noreferrer noopener\"><span style=\"color:#FFFF00;\">Chateau GRAND BAR Ve\u013ek\u00e1 Bara\n<\/span><\/a><\/b><\/div><\/div><\/li>\n            <\/ul>\n        <\/div>\n        \n    <\/div>\n<\/div><div id=\"metaslider-id-41462\" style=\"max-width: 800px; margin: 0 auto;\" class=\"ml-slider-3-108-0 metaslider metaslider-flex metaslider-41462 ml-slider ms-theme-default nav-hidden nav-hidden nav-hidden nav-hidden nav-hidden\" role=\"region\" aria-label=\"TOKAJ MACIK WINERY\" data-height=\"250\" data-width=\"800\">\n    <div id=\"metaslider_container_41462\">\n        <div id=\"metaslider_41462\" class=\"flexslider\">\n            <ul class='slides'>\n                <li style=\"display: block; width: 100%;\" class=\"slide-41464 ms-image \" aria-roledescription=\"slide\" data-date=\"2021-08-27 16:20:00\" data-filename=\"TOKAJ-MACIK-WINERY.jpg\" data-slide-type=\"image\"><a href=\"https:\/\/www.tokajmacik.sk\/\" target=\"_blank\" aria-label=\"View Slide Details\" class=\"metaslider_image_link\" rel=\"noopener\"><img loading=\"lazy\" decoding=\"async\" src=\"https:\/\/www.keturist.sk\/info\/wp-content\/uploads\/2020\/05\/TOKAJ-MACIK-WINERY.jpg\" height=\"250\" width=\"800\" alt=\"\" class=\"slider-41462 slide-41464 msDefaultImage\" title=\"TOKAJ MACIK WINERY\" \/><\/a><div class=\"caption-wrap\"><div class=\"caption\"><b><a href=\"https:\/\/www.tokajmacik.sk\/\" target=\"_blank\" rel=\"noreferrer noopener\"><span style=\"color:#FFFF00;\">TOKAJ MACIK WINERY Mal\u00e1 T\u0155\u0148a\n<\/span><\/a><\/b><\/div><\/div><\/li>\n            <\/ul>\n        <\/div>\n        \n    <\/div>\n<\/div><div id=\"metaslider-id-41466\" style=\"max-width: 800px; margin: 0 auto;\" class=\"ml-slider-3-108-0 metaslider metaslider-flex metaslider-41466 ml-slider ms-theme-default nav-hidden nav-hidden nav-hidden nav-hidden nav-hidden nav-hidden\" role=\"region\" aria-label=\"J &amp; J Ostro\u017eovi\u010d Ve\u013ek\u00e1 T\u0155\u0148a\" data-height=\"250\" data-width=\"800\">\n    <div id=\"metaslider_container_41466\">\n        <div id=\"metaslider_41466\" class=\"flexslider\">\n            <ul class='slides'>\n                <li style=\"display: block; width: 100%;\" class=\"slide-41468 ms-image \" aria-roledescription=\"slide\" data-date=\"2021-08-27 16:47:06\" data-filename=\"ostrozovic-banner.jpg\" data-slide-type=\"image\"><a href=\"https:\/\/www.ostrozovic.sk\/\" target=\"_blank\" aria-label=\"View Slide Details\" class=\"metaslider_image_link\" rel=\"noopener\"><img loading=\"lazy\" decoding=\"async\" src=\"https:\/\/www.keturist.sk\/info\/wp-content\/uploads\/2020\/05\/ostrozovic-banner.jpg\" height=\"250\" width=\"800\" alt=\"\" class=\"slider-41466 slide-41468 msDefaultImage\" title=\"ostrozovic banner\" \/><\/a><div class=\"caption-wrap\"><div class=\"caption\"><b><a href=\"https:\/\/www.ostrozovic.sk\/\" target=\"_blank\" rel=\"noreferrer noopener\"><span style=\"color:#FFFF00;\"> J &amp; J Ostro\u017eovi\u010d Ve\u013ek\u00e1 T\u0155\u0148a\n<\/span><\/a><\/b><\/div><\/div><\/li>\n            <\/ul>\n        <\/div>\n        \n    <\/div>\n<\/div><div id=\"metaslider-id-41480\" style=\"max-width: 800px; margin: 0 auto;\" class=\"ml-slider-3-108-0 metaslider metaslider-flex metaslider-41480 ml-slider ms-theme-default nav-hidden nav-hidden nav-hidden nav-hidden nav-hidden nav-hidden nav-hidden\" role=\"region\" aria-label=\"V\u00cdNO VDOVJAK\" data-height=\"250\" data-width=\"800\">\n    <div id=\"metaslider_container_41480\">\n        <div id=\"metaslider_41480\" class=\"flexslider\">\n            <ul class='slides'>\n                <li style=\"display: block; width: 100%;\" class=\"slide-41482 ms-image \" aria-roledescription=\"slide\" data-date=\"2021-08-28 11:10:16\" data-filename=\"vinovdovjak-banner.jpg\" data-slide-type=\"image\"><a href=\"http:\/\/www.vinovdovjak.sk\/\" target=\"_blank\" aria-label=\"View Slide Details\" class=\"metaslider_image_link\" rel=\"noopener\"><img loading=\"lazy\" decoding=\"async\" src=\"https:\/\/www.keturist.sk\/info\/wp-content\/uploads\/2020\/05\/vinovdovjak-banner.jpg\" height=\"250\" width=\"800\" alt=\"\" class=\"slider-41480 slide-41482 msDefaultImage\" title=\"vinovdovjak banner\" \/><\/a><div class=\"caption-wrap\"><div class=\"caption\"><b><a href=\"http:\/\/www.vinovdovjak.sk\/\" target=\"_blank\" rel=\"noreferrer noopener\"><span style=\"color:#FFFF00;\"> V\u00cdNO VDOVJAK Ve\u013ek\u00e1 T\u0155\u0148a\n<\/span><\/a><\/b><\/div><\/div><\/li>\n            <\/ul>\n        <\/div>\n        \n    <\/div>\n<\/div><div id=\"metaslider-id-41484\" style=\"max-width: 800px; margin: 0 auto;\" class=\"ml-slider-3-108-0 metaslider metaslider-flex metaslider-41484 ml-slider ms-theme-default nav-hidden nav-hidden nav-hidden nav-hidden nav-hidden nav-hidden nav-hidden nav-hidden\" role=\"region\" aria-label=\"Zlat\u00fd Strapec - Vini\u010dky\" data-height=\"250\" data-width=\"800\">\n    <div id=\"metaslider_container_41484\">\n        <div id=\"metaslider_41484\" class=\"flexslider\">\n            <ul class='slides'>\n                <li style=\"display: block; width: 100%;\" class=\"slide-41486 ms-image \" aria-roledescription=\"slide\" data-date=\"2021-08-28 11:56:38\" data-filename=\"zlaty-strapec2.jpg\" data-slide-type=\"image\"><a href=\"https:\/\/zlatystrapec.com\/\" target=\"_blank\" aria-label=\"View Slide Details\" class=\"metaslider_image_link\" rel=\"noopener\"><img loading=\"lazy\" decoding=\"async\" src=\"https:\/\/www.keturist.sk\/info\/wp-content\/uploads\/2020\/05\/zlaty-strapec2.jpg\" height=\"250\" width=\"800\" alt=\"\" class=\"slider-41484 slide-41486 msDefaultImage\" title=\"zlaty strapec2\" \/><\/a><div class=\"caption-wrap\"><div class=\"caption\"><b><a href=\"https:\/\/zlatystrapec.com\/\" target=\"_blank\" rel=\"noreferrer noopener\"><span style=\"color:#FFFF00;\"> \nZlat\u00fd Strapec - Vini\u010dky\n<\/span><\/a><\/b><\/div><\/div><\/li>\n            <\/ul>\n        <\/div>\n        \n    <\/div>\n<\/div>\n<div class=\"su-divider su-divider-style-default\" style=\"margin:15px 0;border-width:2px;border-color:#000000\"><\/div>\n<h3><span style=\"color: #808000;\"><strong>Z\u00e1ver:<\/strong><\/span><\/h3>\n<p>Vinohradn\u00edcka oblas\u0165 Tokaj je skuto\u010dn\u00fdm pokladom vinohradn\u00edctva a vin\u00e1rstva, ktor\u00fd sp\u00e1ja bohat\u00fa hist\u00f3riu, jedine\u010dn\u00e9 odrody hrozna a v\u00fdnimo\u010dn\u00e9 tokajsk\u00e9 v\u00edna. S rozlohou 907 ha na Slovensku je s\u00edce najmen\u0161ou vinohradn\u00edckou oblas\u0165ou, no z\u00e1rove\u0148 patr\u00ed medzi svetov\u00e9 unik\u00e1ty v produkcii pr\u00edrodne sladk\u00fdch v\u00edn. Od hist\u00f3rie spojenej s kr\u00e1\u013eom Belom IV. a\u017e po modern\u00e9 vin\u00e1rske trad\u00edcie, Tokaj pon\u00faka nezamenite\u013en\u00fd z\u00e1\u017eitok pre v\u0161etk\u00fdch milovn\u00edkov v\u00edna. Presk\u00famajte t\u00fato fascinuj\u00facu oblas\u0165 a objavte, pre\u010do s\u00fa tokajsk\u00e9 v\u00edna pova\u017eovan\u00e9 za jedny z najlep\u0161\u00edch na svete.<\/p>\n<p>&nbsp;<\/p>\n","protected":false},"excerpt":{"rendered":"<p>Vinohradn\u00edcka oblas\u0165 Tokaj je unik\u00e1tna vini\u010dn\u00e1 oblas\u0165 na Slovensku a v Ma\u010farsku, zn\u00e1ma v\u00fdrobou pr\u00edrodne sladk\u00fdch v\u00edn. Objavte hist\u00f3riu, tradi\u010dn\u00e9 odrody ako Furmint a Lipovina, a jedine\u010dn\u00e9 tokajsk\u00e9 v\u00edna ako [&hellip;]<\/p>\n","protected":false},"author":1,"featured_media":0,"parent":41020,"menu_order":0,"comment_status":"closed","ping_status":"closed","template":"","meta":{"_uag_custom_page_level_css":"","_monsterinsights_skip_tracking":false,"_monsterinsights_sitenote_active":false,"_monsterinsights_sitenote_note":"","_monsterinsights_sitenote_category":0,"footnotes":""},"class_list":["post-41026","page","type-page","status-publish","hentry"],"featured_image_src":"","featured_image_src_square":false,"rbea_author_info":{"display_name":"admin","author_link":"https:\/\/www.keturist.sk\/info\/author\/admin\/"},"rbea_excerpt_info":"Vinohradn\u00edcka oblas\u0165 Tokaj je unik\u00e1tna vini\u010dn\u00e1 oblas\u0165 na Slovensku a v Ma\u010farsku, zn\u00e1ma v\u00fdrobou pr\u00edrodne sladk\u00fdch v\u00edn. Objavte hist\u00f3riu, tradi\u010dn\u00e9 odrody ako Furmint a Lipovina, a jedine\u010dn\u00e9 tokajsk\u00e9 v\u00edna ako [&hellip;]","uagb_featured_image_src":{"full":false,"thumbnail":false,"medium":false,"medium_large":false,"large":false,"1536x1536":false,"2048x2048":false},"uagb_author_info":{"display_name":"admin","author_link":"https:\/\/www.keturist.sk\/info\/author\/admin\/"},"uagb_comment_info":0,"uagb_excerpt":"Vinohradn\u00edcka oblas\u0165 Tokaj je unik\u00e1tna vini\u010dn\u00e1 oblas\u0165 na Slovensku a v Ma\u010farsku, zn\u00e1ma v\u00fdrobou pr\u00edrodne sladk\u00fdch v\u00edn. Objavte hist\u00f3riu, tradi\u010dn\u00e9 odrody ako Furmint a Lipovina, a jedine\u010dn\u00e9 tokajsk\u00e9 v\u00edna ako [&hellip;]","_links":{"self":[{"href":"https:\/\/www.keturist.sk\/info\/wp-json\/wp\/v2\/pages\/41026","targetHints":{"allow":["GET"]}}],"collection":[{"href":"https:\/\/www.keturist.sk\/info\/wp-json\/wp\/v2\/pages"}],"about":[{"href":"https:\/\/www.keturist.sk\/info\/wp-json\/wp\/v2\/types\/page"}],"author":[{"embeddable":true,"href":"https:\/\/www.keturist.sk\/info\/wp-json\/wp\/v2\/users\/1"}],"replies":[{"embeddable":true,"href":"https:\/\/www.keturist.sk\/info\/wp-json\/wp\/v2\/comments?post=41026"}],"version-history":[{"count":31,"href":"https:\/\/www.keturist.sk\/info\/wp-json\/wp\/v2\/pages\/41026\/revisions"}],"predecessor-version":[{"id":68739,"href":"https:\/\/www.keturist.sk\/info\/wp-json\/wp\/v2\/pages\/41026\/revisions\/68739"}],"up":[{"embeddable":true,"href":"https:\/\/www.keturist.sk\/info\/wp-json\/wp\/v2\/pages\/41020"}],"wp:attachment":[{"href":"https:\/\/www.keturist.sk\/info\/wp-json\/wp\/v2\/media?parent=41026"}],"curies":[{"name":"wp","href":"https:\/\/api.w.org\/{rel}","templated":true}]}}