{"id":41020,"date":"2021-08-04T15:50:22","date_gmt":"2021-08-04T13:50:22","guid":{"rendered":"https:\/\/www.keturist.sk\/info\/?page_id=41020"},"modified":"2025-03-16T06:37:12","modified_gmt":"2025-03-16T05:37:12","slug":"vinna-turistika","status":"publish","type":"page","link":"https:\/\/www.keturist.sk\/info\/tipy-na-vylety\/vinna-turistika\/","title":{"rendered":"Gastro, liehovary, v\u00ednna a pivn\u00e1 turistika v Ko\u0161ickom kraji"},"content":{"rendered":"<a href=\"https:\/\/www.keturist.sk\/info\/\" class=\"su-button su-button-style-default\" style=\"color:#000000;background-color:#FFCF2F;border-color:#cca626;border-radius:5px\" target=\"_self\"><span style=\"color:#000000;padding:6px 16px;font-size:13px;line-height:20px;border-color:#ffde6e;border-radius:5px;text-shadow:none\"><i class=\"sui sui-arrow-right\" style=\"font-size:13px;color:#000000\"><\/i>  Spravodaj <\/span><\/a>\n<a href=\"https:\/\/www.keturist.sk\/info\/tipy-na-vylety\/\" class=\"su-button su-button-style-default\" style=\"color:#000000;background-color:#FFCF2F;border-color:#cca626;border-radius:5px\" target=\"_self\"><span style=\"color:#000000;padding:6px 16px;font-size:13px;line-height:20px;border-color:#ffde6e;border-radius:5px;text-shadow:none\"><i class=\"sui sui-arrow-right\" style=\"font-size:13px;color:#000000\"><\/i>  TIPY NA V\u00ddLETY <\/span><\/a>\n<a href=\"https:\/\/www.keturist.sk\/info\/tipy-na-vylety\/vinna-turistika\/\" class=\"su-button su-button-style-default\" style=\"color:#000000;background-color:#FFCF2F;border-color:#cca626;border-radius:5px\" target=\"_self\"><span style=\"color:#000000;padding:6px 16px;font-size:13px;line-height:20px;border-color:#ffde6e;border-radius:5px;text-shadow:none\"><i class=\"sui sui-arrow-right\" style=\"font-size:13px;color:#000000\"><\/i>  Gastro, liehovary, v\u00ednna a pivn\u00e1 turistika <\/span><\/a>\n<div class=\"su-divider su-divider-style-default\" style=\"margin:15px 0;border-width:2px;border-color:#000000\"><\/div>\nObjavte bohat\u00fa gastron\u00f3miu, pivn\u00fa a v\u00ednnu turistiku v Ko\u0161ickom kraji. Ochutnajte miestne \u0161peciality, remeseln\u00e9 piv\u00e1 a v\u00edna z tradi\u010dn\u00fdch vinohradn\u00edckych oblast\u00ed. Poznajte kult\u00faru stolovania a degust\u00e1cie v\u00fdchodn\u00e9ho Slovenska.<\/p>\n<h2><span style=\"color: #800000;\">Gastro, pivn\u00e1 a v\u00ednna turistika v Ko\u0161ickom kraji<\/span><\/h2>\n<p>Ko\u0161ick\u00fd kraj je zn\u00e1my svojou bohatou gastronomickou trad\u00edciou, ktor\u00e1 l\u00e1kaj\u00fa milovn\u00edkov jedla a n\u00e1pojov z cel\u00e9ho sveta. \u00da\u010dastn\u00edci turistick\u00fdch z\u00e1\u017eitkov tu maj\u00fa mo\u017enos\u0165 spozna\u0165 destin\u00e1ciu z gastronomick\u00e9ho poh\u013eadu, vychutna\u0165 si miestne \u0161peciality a zozn\u00e1mi\u0165 sa s kult\u00farou stolovania a degust\u00e1cie.<\/p>\n<h3><span style=\"color: #808000;\">V\u00ednna (vin\u00e1rska) turistika<\/span><\/h3>\n<p>Trad\u00edcia vinohradn\u00edctva a vin\u00e1rstva v Ko\u0161ickom kraji siaha a\u017e do obdobia R\u00edmskej r\u00ed\u0161e. Tento regi\u00f3n sa m\u00f4\u017ee p\u00fd\u0161i\u0165 dvoma v\u00fdznamn\u00fdmi vinohradn\u00edckymi oblas\u0165ami:<\/p>\n<h4><span style=\"color: #993300;\">Tokajsk\u00e1 vinohradn\u00edcka oblas\u0165<\/span><\/h4>\n<p>Tokajsk\u00e1 oblas\u0165 je svetozn\u00e1ma svojimi v\u00fdnimo\u010dn\u00fdmi tokajsk\u00fdmi v\u00ednami. T\u00e1to oblas\u0165 pon\u00faka n\u00e1v\u0161tevn\u00edkom mo\u017enos\u0165 ochutna\u0165 v\u00edna s jedine\u010dn\u00fdm charakterom a dlhou hist\u00f3riou.<\/p>\n<div class=\"su-divider su-divider-style-default\" style=\"margin:15px 0;border-width:0px;border-color:#000000\"><\/div>\n<div id=\"metaslider-id-41028\" style=\"max-width: 800px; margin: 0 auto;\" class=\"ml-slider-3-108-0 metaslider metaslider-flex metaslider-41028 ml-slider ms-theme-default nav-hidden\" role=\"region\" aria-label=\"Vinohradn\u00edcka oblas\u0165 Tokaj\" data-height=\"250\" data-width=\"800\">\n    <div id=\"metaslider_container_41028\">\n        <div id=\"metaslider_41028\" class=\"flexslider\">\n            <ul class='slides'>\n                <li style=\"display: block; width: 100%;\" class=\"slide-41030 ms-image \" aria-roledescription=\"slide\" data-date=\"2021-08-04 16:16:42\" data-filename=\"tokar-800x250.jpg\" data-slide-type=\"image\"><a href=\"https:\/\/www.keturist.sk\/info\/tipy-na-vylety\/vinna-turistika\/vinohradnicka-oblast-tokaj\/\" target=\"_self\" aria-label=\"View Slide Details\" class=\"metaslider_image_link\"><img loading=\"lazy\" decoding=\"async\" src=\"https:\/\/www.keturist.sk\/info\/wp-content\/uploads\/2020\/05\/tokar-800x250.jpg\" height=\"250\" width=\"800\" alt=\"\" class=\"slider-41028 slide-41030 msDefaultImage\" title=\"tokar\" \/><\/a><div class=\"caption-wrap\"><div class=\"caption\"><b><a href=\"https:\/\/www.keturist.sk\/info\/tipy-na-vylety\/vinna-turistika\/vinohradnicka-oblast-tokaj\/\"><span style=\"color:#FFFF00;\">Vinohradn\u00edcka oblas\u0165 Tokaj\n\n<\/span><\/a><\/b><\/div><\/div><\/li>\n            <\/ul>\n        <\/div>\n        \n    <\/div>\n<\/div>\n<div class=\"su-divider su-divider-style-default\" style=\"margin:15px 0;border-width:0px;border-color:#000000\"><\/div>\n<h4><span style=\"color: #993300;\">V\u00fdchodoslovensk\u00e1 vinohradn\u00edcka oblas\u0165<\/span><\/h4>\n<p>T\u00e1to oblas\u0165 zah\u0155\u0148a vinohrady v troch historick\u00fdch regi\u00f3noch: Zempl\u00edn, Abov a Tur\u0148a. V\u00edna z tejto oblasti s\u00fa zn\u00e1me svojou kvalitou a rozmanitos\u0165ou.<\/p>\n<div class=\"su-divider su-divider-style-default\" style=\"margin:15px 0;border-width:0px;border-color:#000000\"><\/div>\n<div id=\"metaslider-id-41091\" style=\"max-width: 800px; margin: 0 auto;\" class=\"ml-slider-3-108-0 metaslider metaslider-flex metaslider-41091 ml-slider ms-theme-default nav-hidden nav-hidden\" role=\"region\" aria-label=\"V\u00fdchodoslovensk\u00e1 vinohradn\u00edcka oblas\u0165\" data-height=\"250\" data-width=\"800\">\n    <div id=\"metaslider_container_41091\">\n        <div id=\"metaslider_41091\" class=\"flexslider\">\n            <ul class='slides'>\n                <li style=\"display: block; width: 100%;\" class=\"slide-41093 ms-image \" aria-roledescription=\"slide\" data-date=\"2021-08-08 11:37:16\" data-filename=\"vinohrady-tibava-07.jpg\" data-slide-type=\"image\"><a href=\"https:\/\/www.keturist.sk\/info\/tipy-na-vylety\/vinna-turistika\/vychodoslovenska-vinohradnicka-oblast\/\" target=\"_self\" aria-label=\"View Slide Details\" class=\"metaslider_image_link\"><img loading=\"lazy\" decoding=\"async\" src=\"https:\/\/www.keturist.sk\/info\/wp-content\/uploads\/2020\/05\/vinohrady-tibava-07.jpg\" height=\"250\" width=\"800\" alt=\"\" class=\"slider-41091 slide-41093 msDefaultImage\" title=\"vinohrady-tibava-07\" \/><\/a><div class=\"caption-wrap\"><div class=\"caption\"><b><a href=\"https:\/\/www.keturist.sk\/info\/tipy-na-vylety\/vinna-turistika\/vychodoslovenska-vinohradnicka-oblast\/\"><span style=\"color:#FFFF00;\">V\u00fdchodoslovensk\u00e1 vinohradn\u00edcka oblas\u0165\n<\/span><\/a><\/b><\/div><\/div><\/li>\n            <\/ul>\n        <\/div>\n        \n    <\/div>\n<\/div>\n<div class=\"su-divider su-divider-style-default\" style=\"margin:15px 0;border-width:2px;border-color:#000000\"><\/div>\n<h3><span style=\"color: #808000;\">Pivn\u00e1 turistika<\/span><\/h3>\n<p>Pivn\u00e1 turistika je \u010doraz popul\u00e1rnej\u0161ia aj v Ko\u0161ickom kraji. Remeseln\u00e9 pivovary tu vyr\u00e1baj\u00fa unik\u00e1tne pivn\u00e9 \u0161peci\u00e1ly, ktor\u00e9 si z\u00edskavaj\u00fa ob\u013eubu u milovn\u00edkov piva. Tento typ turistiky prin\u00e1\u0161a mo\u017enos\u0165 spozna\u0165 pivn\u00fa kult\u00faru, vzdel\u00e1va\u0165 sa o procese v\u00fdroby piva a ochutna\u0165 poctiv\u00e9, zdrav\u00e9 a kvalitn\u00e9 piv\u00e1.<\/p>\n<h4><span style=\"color: #993300;\">Remeseln\u00e9 a re\u0161taura\u010dn\u00e9 pivovary v Ko\u0161ickom kraji<\/span><\/h4>\n<p>Ko\u0161ick\u00fd kraj je domovom nieko\u013ek\u00fdch remeseln\u00fdch a re\u0161taura\u010dn\u00fdch pivovarov, ktor\u00e9 pon\u00fakaj\u00fa n\u00e1v\u0161tevn\u00edkom jedine\u010dn\u00e9 pivn\u00e9 z\u00e1\u017eitky. <strong>Medzi najzn\u00e1mej\u0161ie patria:<\/strong><\/p>\n<div class=\"su-divider su-divider-style-default\" style=\"margin:15px 0;border-width:0px;border-color:#000000\"><\/div>\n<div id=\"metaslider-id-41085\" style=\"max-width: 800px; margin: 0 auto;\" class=\"ml-slider-3-108-0 metaslider metaslider-flex metaslider-41085 ml-slider ms-theme-default nav-hidden nav-hidden nav-hidden\" role=\"region\" aria-label=\"PIVOVAR KALTENECKER\" data-height=\"250\" data-width=\"800\">\n    <div id=\"metaslider_container_41085\">\n        <div id=\"metaslider_41085\" class=\"flexslider\">\n            <ul class='slides'>\n            <\/ul>\n        <\/div>\n        \n    <\/div>\n<\/div><div id=\"metaslider-id-41107\" style=\"max-width: 800px; margin: 0 auto;\" class=\"ml-slider-3-108-0 metaslider metaslider-flex metaslider-41107 ml-slider ms-theme-default nav-hidden nav-hidden nav-hidden nav-hidden\" role=\"region\" aria-label=\"Remeseln\u00e9 pivo zo srdca Spi\u0161a | Minipivovar BUCHVALD\" data-height=\"250\" data-width=\"800\">\n    <div id=\"metaslider_container_41107\">\n        <div id=\"metaslider_41107\" class=\"flexslider\">\n            <ul class='slides'>\n                <li style=\"display: block; width: 100%;\" class=\"slide-41109 ms-image \" aria-roledescription=\"slide\" data-date=\"2021-08-08 15:39:30\" data-filename=\"buchvald.jpg\" data-slide-type=\"image\"><a href=\"https:\/\/www.buchvald.sk\/\" target=\"_blank\" aria-label=\"View Slide Details\" class=\"metaslider_image_link\" rel=\"noopener\"><img loading=\"lazy\" decoding=\"async\" src=\"https:\/\/www.keturist.sk\/info\/wp-content\/uploads\/2020\/05\/buchvald.jpg\" height=\"250\" width=\"800\" alt=\"\" class=\"slider-41107 slide-41109 msDefaultImage\" title=\"buchvald\" \/><\/a><div class=\"caption-wrap\"><div class=\"caption\"><b><a href=\"https:\/\/www.buchvald.sk\/\" target=\"_blank\" rel=\"noreferrer noopener\"><span style=\"color:#FFFF00;\">Remeseln\u00e9 pivo zo srdca Spi\u0161a | Minipivovar BUCHVALD\n<\/span><\/a><\/b><\/div><\/div><\/li>\n            <\/ul>\n        <\/div>\n        \n    <\/div>\n<\/div> <div id=\"metaslider-id-41418\" style=\"max-width: 800px; margin: 0 auto;\" class=\"ml-slider-3-108-0 metaslider metaslider-flex metaslider-41418 ml-slider ms-theme-default nav-hidden nav-hidden nav-hidden nav-hidden nav-hidden\" role=\"region\" aria-label=\"Pivovar Hostinec\" data-height=\"250\" data-width=\"800\">\n    <div id=\"metaslider_container_41418\">\n        <div id=\"metaslider_41418\" class=\"flexslider\">\n            <ul class='slides'>\n                <li style=\"display: block; width: 100%;\" class=\"slide-41420 ms-image \" aria-roledescription=\"slide\" data-date=\"2021-08-26 07:16:18\" data-filename=\"hostinec.jpg\" data-slide-type=\"image\"><a href=\"https:\/\/www.pivovarhostinec.sk\/\" target=\"_blank\" aria-label=\"View Slide Details\" class=\"metaslider_image_link\" rel=\"noopener\"><img loading=\"lazy\" decoding=\"async\" src=\"https:\/\/www.keturist.sk\/info\/wp-content\/uploads\/2020\/05\/hostinec.jpg\" height=\"250\" width=\"800\" alt=\"\" class=\"slider-41418 slide-41420 msDefaultImage\" title=\"hostinec\" \/><\/a><div class=\"caption-wrap\"><div class=\"caption\"><b><a href=\"https:\/\/www.pivovarhostinec.sk\/\" target=\"_blank\" rel=\"noreferrer noopener\"><span style=\"color:#FFFF00;\">Pivovar Hostinec Ko\u0161ice\n<\/span><\/a><\/b><\/div><\/div><\/li>\n            <\/ul>\n        <\/div>\n        \n    <\/div>\n<\/div><div id=\"metaslider-id-41422\" style=\"max-width: 800px; margin: 0 auto;\" class=\"ml-slider-3-108-0 metaslider metaslider-flex metaslider-41422 ml-slider ms-theme-default nav-hidden nav-hidden nav-hidden nav-hidden nav-hidden nav-hidden\" role=\"region\" aria-label=\"Pivovar Golem Ko\u0161ice\" data-height=\"250\" data-width=\"800\">\n    <div id=\"metaslider_container_41422\">\n        <div id=\"metaslider_41422\" class=\"flexslider\">\n            <ul class='slides'>\n                <li style=\"display: block; width: 100%;\" class=\"slide-41424 ms-image \" aria-roledescription=\"slide\" data-date=\"2021-08-26 07:23:46\" data-filename=\"Pivovar-Golem-Pivo.jpg\" data-slide-type=\"image\"><a href=\"http:\/\/www.pivovargolem.sk\/\" target=\"_blank\" aria-label=\"View Slide Details\" class=\"metaslider_image_link\" rel=\"noopener\"><img loading=\"lazy\" decoding=\"async\" src=\"https:\/\/www.keturist.sk\/info\/wp-content\/uploads\/2020\/05\/Pivovar-Golem-Pivo.jpg\" height=\"250\" width=\"800\" alt=\"\" class=\"slider-41422 slide-41424 msDefaultImage\" title=\"Pivovar-Golem-Pivo\" \/><\/a><div class=\"caption-wrap\"><div class=\"caption\"><b><a href=\"http:\/\/www.pivovargolem.sk\/\" target=\"_blank\" rel=\"noreferrer noopener\"><span style=\"color:#FFFF00;\">Pivovar Golem Ko\u0161ice\n<\/span><\/a><\/b><\/div><\/div><\/li>\n            <\/ul>\n        <\/div>\n        \n    <\/div>\n<\/div> <div id=\"metaslider-id-41426\" style=\"max-width: 800px; margin: 0 auto;\" class=\"ml-slider-3-108-0 metaslider metaslider-flex metaslider-41426 ml-slider ms-theme-default nav-hidden nav-hidden nav-hidden nav-hidden nav-hidden nav-hidden nav-hidden\" role=\"region\" aria-label=\"Stani\u010dn\u00fd pivovar\" data-height=\"250\" data-width=\"800\">\n    <div id=\"metaslider_container_41426\">\n        <div id=\"metaslider_41426\" class=\"flexslider\">\n            <ul class='slides'>\n                <li style=\"display: block; width: 100%;\" class=\"slide-41428 ms-image \" aria-roledescription=\"slide\" data-date=\"2021-08-26 07:32:26\" data-filename=\"Stanicny-pivovar-05.jpg\" data-slide-type=\"image\"><a href=\"https:\/\/stanicnypivovar.sk\/\" target=\"_blank\" aria-label=\"View Slide Details\" class=\"metaslider_image_link\" rel=\"noopener\"><img loading=\"lazy\" decoding=\"async\" src=\"https:\/\/www.keturist.sk\/info\/wp-content\/uploads\/2020\/05\/Stanicny-pivovar-05.jpg\" height=\"250\" width=\"800\" alt=\"\" class=\"slider-41426 slide-41428 msDefaultImage\" title=\"Stani\u010dn\u00fd-pivovar-05\" \/><\/a><div class=\"caption-wrap\"><div class=\"caption\"><b><a href=\"https:\/\/stanicnypivovar.sk\/\" target=\"_blank\" rel=\"noreferrer noopener\"><span style=\"color:#FFFF00;\">Stani\u010dn\u00fd pivovar Ko\u0161ice\n<\/span><\/a><\/b><\/div><\/div><\/li>\n            <\/ul>\n        <\/div>\n        \n    <\/div>\n<\/div> <div id=\"metaslider-id-41430\" style=\"max-width: 800px; margin: 0 auto;\" class=\"ml-slider-3-108-0 metaslider metaslider-flex metaslider-41430 ml-slider ms-theme-default nav-hidden nav-hidden nav-hidden nav-hidden nav-hidden nav-hidden nav-hidden nav-hidden\" role=\"region\" aria-label=\"Pivovarsk\u00fd Dvor Corvus\" data-height=\"250\" data-width=\"800\">\n    <div id=\"metaslider_container_41430\">\n        <div id=\"metaslider_41430\" class=\"flexslider\">\n            <ul class='slides'>\n                <li style=\"display: block; width: 100%;\" class=\"slide-41432 ms-image \" aria-roledescription=\"slide\" data-date=\"2021-08-26 08:01:42\" data-filename=\"corvus-pivo.png\" data-slide-type=\"image\"><a href=\"http:\/\/www.corvusbrewery.sk\/\" target=\"_blank\" aria-label=\"View Slide Details\" class=\"metaslider_image_link\" rel=\"noopener\"><img loading=\"lazy\" decoding=\"async\" src=\"https:\/\/www.keturist.sk\/info\/wp-content\/uploads\/2020\/05\/corvus-pivo.png\" height=\"250\" width=\"800\" alt=\"\" class=\"slider-41430 slide-41432 msDefaultImage\" title=\"corvus pivo\" \/><\/a><div class=\"caption-wrap\"><div class=\"caption\"><b><a href=\"http:\/\/www.corvusbrewery.sk\/\" target=\"_blank\" rel=\"noreferrer noopener\"><span style=\"color:#FFFF00;\">Pivovarsk\u00fd Dvor Corvus Ko\u0161ice\n<\/span><\/a><\/b><\/div><\/div><\/li>\n            <\/ul>\n        <\/div>\n        \n    <\/div>\n<\/div> <div id=\"metaslider-id-41434\" style=\"max-width: 800px; margin: 0 auto;\" class=\"ml-slider-3-108-0 metaslider metaslider-flex metaslider-41434 ml-slider ms-theme-default nav-hidden nav-hidden nav-hidden nav-hidden nav-hidden nav-hidden nav-hidden nav-hidden nav-hidden\" role=\"region\" aria-label=\"HERRENWALD remeseln\u00fd pivovar Mal\u00e1 Ida\" data-height=\"250\" data-width=\"800\">\n    <div id=\"metaslider_container_41434\">\n        <div id=\"metaslider_41434\" class=\"flexslider\">\n            <ul class='slides'>\n                <li style=\"display: block; width: 100%;\" class=\"slide-41436 ms-image \" aria-roledescription=\"slide\" data-date=\"2021-08-26 08:23:31\" data-filename=\"Herrenwald.jpg\" data-slide-type=\"image\"><a href=\"https:\/\/www.herrenwald.sk\/\" target=\"_blank\" aria-label=\"View Slide Details\" class=\"metaslider_image_link\" rel=\"noopener\"><img loading=\"lazy\" decoding=\"async\" src=\"https:\/\/www.keturist.sk\/info\/wp-content\/uploads\/2020\/05\/Herrenwald.jpg\" height=\"250\" width=\"800\" alt=\"\" class=\"slider-41434 slide-41436 msDefaultImage\" title=\"Herrenwald\" \/><\/a><div class=\"caption-wrap\"><div class=\"caption\"><b><a href=\"https:\/\/www.herrenwald.sk\/\" target=\"_blank\" rel=\"noreferrer noopener\"><span style=\"color:#FFFF00;\">HERRENWALD remeseln\u00fd pivovar Mal\u00e1 Ida\n<\/span><\/a><\/b><\/div><\/div><\/li>\n            <\/ul>\n        <\/div>\n        \n    <\/div>\n<\/div><div id=\"metaslider-id-54501\" style=\"max-width: 800px; margin: 0 auto;\" class=\"ml-slider-3-108-0 metaslider metaslider-flex metaslider-54501 ml-slider ms-theme-default nav-hidden nav-hidden nav-hidden nav-hidden nav-hidden nav-hidden nav-hidden nav-hidden nav-hidden nav-hidden\" role=\"region\" aria-label=\"Remeseln\u00e9 pivo Myslavsk\u00e1 paskuda\" data-height=\"250\" data-width=\"800\">\n    <div id=\"metaslider_container_54501\">\n        <div id=\"metaslider_54501\" class=\"flexslider\">\n            <ul class='slides'>\n                <li style=\"display: block; width: 100%;\" class=\"slide-54508 ms-image \" aria-roledescription=\"slide\" data-date=\"2023-02-05 06:51:38\" data-filename=\"logo-myslavska-paskuda1.jpg\" data-slide-type=\"image\"><a href=\"https:\/\/www.keturist.sk\/info\/tipy-na-vylety\/vinna-turistika\/pivna-turistika\/remeselne-pivo-myslavska-paskuda\/\" target=\"_self\" aria-label=\"View Slide Details\" class=\"metaslider_image_link\"><img loading=\"lazy\" decoding=\"async\" src=\"https:\/\/www.keturist.sk\/info\/wp-content\/uploads\/2023\/02\/logo-myslavska-paskuda1.jpg\" height=\"250\" width=\"800\" alt=\"\" class=\"slider-54501 slide-54508 msDefaultImage\" title=\"logo myslavska paskuda1\" \/><\/a><div class=\"caption-wrap\"><div class=\"caption\"><b><a href=\"https:\/\/www.keturist.sk\/info\/tipy-na-vylety\/vinna-turistika\/pivna-turistika\/remeselne-pivo-myslavska-paskuda\/\"><span style=\"color:#FFFF00;\">Remeseln\u00e9 pivo Myslavsk\u00e1 paskuda<\/span><\/a><\/b><\/div><\/div><\/li>\n            <\/ul>\n        <\/div>\n        \n    <\/div>\n<\/div>\n<div class=\"su-divider su-divider-style-default\" style=\"margin:15px 0;border-width:2px;border-color:#000000\"><\/div>\n<h3><span style=\"color: #808000;\">Gatroturistika<\/span><\/h3>\n<p>Cestovanie a dobr\u00e9 jedlo s\u00fa dve aktivity, ktor\u00fdch prepojen\u00edm vznikla gastroturistika.<\/p>\n<p>Gastroturistika je jedno z najr\u00fdchlej\u0161ie sa rozv\u00edjaj\u00facich odvetv\u00ed cestovn\u00e9ho ruchu.<\/p>\n<p>Spoznajte Ko\u0161ick\u00fd kraj cez jedlo a doprajte si pri cestovan\u00ed okrem tradi\u010dn\u00fdch z\u00e1\u017eitkov aj tie gurm\u00e1nske.<\/p>\n<p>Tradi\u010dn\u00e1 a lok\u00e1lna strava maj\u00fa \u0161irok\u00e9 uplatnenie v prev\u00e1dzkach gastronomick\u00fdch zariaden\u00ed aj v cestovnom ruchu.<\/p>\n<p>Ponuka tradi\u010dn\u00fdch a lok\u00e1lnych jed\u00e1l pod\u013ea p\u00f4vodn\u00fdch recept\u00far m\u00f4\u017ee by\u0165 atrakt\u00edvnym obohaten\u00edm pobytu pre n\u00e1v\u0161tevn\u00edkov a turistov.<\/p>\n<p>Ko\u0161ick\u00fd regi\u00f3n m\u00e1 pomerne ve\u013emi rozmanit\u00fa tradi\u010dn\u00fa mestsk\u00fa a \u013eudov\u00fa kult\u00faru.<\/p>\n<p>Samozrejme, tento faktor m\u00e1 pozit\u00edvny vplyv na gastron\u00f3miu tohto regi\u00f3nu.<\/p>\n<p>Ke\u010f si odmysl\u00edme niektor\u00e9 negat\u00edvne historick\u00e9 udalosti n\u00e1\u0161ho regi\u00f3nu, \u017eili tu a dodnes \u017eij\u00fa v tolerancii Slov\u00e1ci, Ma\u010fari, \u010cesi, Nemci (Mant\u00e1ci), \u017didia, Ukrajinci a Rus\u00edni.<\/p>\n<p>V\u0161etky tieto n\u00e1rodnosti prispeli k obohateniu miestnej gastron\u00f3mie.<\/p>\n<div class=\"su-divider su-divider-style-default\" style=\"margin:15px 0;border-width:2px;border-color:#000000\"><\/div>\n<h3><span style=\"color: #808000;\">P\u00e1lenice a p\u00e1lenky<\/span><\/h3>\n<p>Hist\u00f3riu destilovan\u00fdch n\u00e1pojov na Slovensku dokazuje archeologick\u00fd n\u00e1lez v Ni\u017enej My\u0161li \u2013 pribli\u017ene 3600 rokov star\u00e1 zuho\u013enaten\u00e1 p\u0161enica v prenosnej keramickej piecke, ktor\u00e1 mohla sl\u00fa\u017ei\u0165 aj na v\u00fdrobu alkoholu.<\/p>\n<p>Dom\u00e1ca p\u00e1lenka (p\u00e1len\u00f4, gajst, kvit, \u0161piritus, tr\u00fanok) je v dobrom aj v zlom s\u00fa\u010das\u0165ou na\u0161ej hist\u00f3rie.<\/p>\n<p>V minulosti sa p\u00e1lenice zakladali hlavne pri \u0161\u013eachtick\u00fdch panstv\u00e1ch, aby mala vrchnos\u0165 pod kontrolou v\u00fdrobu aj distrib\u00faciu alkoholu.<\/p>\n<p>Kroniky s\u00fa v\u0161ak pln\u00e9 \u00fadajov o stovk\u00e1ch miestnych p\u00e1len\u00edc, ktor\u00e9 sa po\u010das socializmu likvidovali.<\/p>\n<p>Na Slovensku je v s\u00fa\u010dasnosti registrovan\u00fdch takmer 200 p\u00e1len\u00edc, kde sa na v\u00fdrobu liehu vz\u0165ahuj\u00fa ve\u013emi pr\u00edsne podmienky a kde je v\u00fdroba vykon\u00e1van\u00e1 len osobami, ktor\u00e9 maj\u00fa pr\u00edslu\u0161n\u00fa odborn\u00fa sp\u00f4sobilos\u0165.<\/p>\n<h4><span style=\"color: #993300;\"><strong>Remeseln\u00e9 liehovary v Ko\u0161ickom kraji:<\/strong><\/span><\/h4>\n<div class=\"su-divider su-divider-style-default\" style=\"margin:15px 0;border-width:0px;border-color:#000000\"><\/div>\n<div id=\"metaslider-id-58608\" style=\"max-width: 800px; margin: 0 auto;\" class=\"ml-slider-3-108-0 metaslider metaslider-flex metaslider-58608 ml-slider ms-theme-default nav-hidden nav-hidden nav-hidden nav-hidden nav-hidden nav-hidden nav-hidden nav-hidden nav-hidden nav-hidden nav-hidden\" role=\"region\" aria-label=\"Prv\u00fd ko\u0161ick\u00fd remeseln\u00fd liehovar VARADY`S DISTILLERY\" data-height=\"250\" data-width=\"800\">\n    <div id=\"metaslider_container_58608\">\n        <div id=\"metaslider_58608\" class=\"flexslider\">\n            <ul class='slides'>\n                <li style=\"display: block; width: 100%;\" class=\"slide-58610 ms-image \" aria-roledescription=\"slide\" data-date=\"2023-08-12 16:14:53\" data-filename=\"varadys-800_250.png\" data-slide-type=\"image\"><a href=\"http:\/\/www.varadys.sk\/\" target=\"_blank\" aria-label=\"View Slide Details\" class=\"metaslider_image_link\" rel=\"noopener\"><img loading=\"lazy\" decoding=\"async\" src=\"https:\/\/www.keturist.sk\/info\/wp-content\/uploads\/2023\/08\/varadys-800_250.png\" height=\"250\" width=\"800\" alt=\"\" class=\"slider-58608 slide-58610 msDefaultImage\" title=\"varadys 800_250\" \/><\/a><div class=\"caption-wrap\"><div class=\"caption\"><b><a href=\"http:\/\/www.varadys.sk\/\" target=\"_blank\" rel=\"noreferrer noopener\"><span style=\"color:#FFFF00;\">Prv\u00fd ko\u0161ick\u00fd remeseln\u00fd liehovar VARADY`S DISTILLERY\n<\/span><\/a><\/b><\/div><\/div><\/li>\n            <\/ul>\n        <\/div>\n        \n    <\/div>\n<\/div>\n<div class=\"su-divider su-divider-style-default\" style=\"margin:15px 0;border-width:2px;border-color:#000000\"><\/div>\n","protected":false},"excerpt":{"rendered":"<p>Objavte bohat\u00fa gastron\u00f3miu, pivn\u00fa a v\u00ednnu turistiku v Ko\u0161ickom kraji. Ochutnajte miestne \u0161peciality, remeseln\u00e9 piv\u00e1 a v\u00edna z tradi\u010dn\u00fdch vinohradn\u00edckych oblast\u00ed. Poznajte kult\u00faru stolovania a degust\u00e1cie v\u00fdchodn\u00e9ho Slovenska. Gastro, pivn\u00e1 [&hellip;]<\/p>\n","protected":false},"author":1,"featured_media":0,"parent":28928,"menu_order":0,"comment_status":"closed","ping_status":"closed","template":"","meta":{"_uag_custom_page_level_css":"","_monsterinsights_skip_tracking":false,"_monsterinsights_sitenote_active":false,"_monsterinsights_sitenote_note":"","_monsterinsights_sitenote_category":0,"footnotes":""},"class_list":["post-41020","page","type-page","status-publish","hentry"],"featured_image_src":"","featured_image_src_square":false,"rbea_author_info":{"display_name":"admin","author_link":"https:\/\/www.keturist.sk\/info\/author\/admin\/"},"rbea_excerpt_info":"Objavte bohat\u00fa gastron\u00f3miu, pivn\u00fa a v\u00ednnu turistiku v Ko\u0161ickom kraji. Ochutnajte miestne \u0161peciality, remeseln\u00e9 piv\u00e1 a v\u00edna z tradi\u010dn\u00fdch vinohradn\u00edckych oblast\u00ed. Poznajte kult\u00faru stolovania a degust\u00e1cie v\u00fdchodn\u00e9ho Slovenska. Gastro, pivn\u00e1 [&hellip;]","uagb_featured_image_src":{"full":false,"thumbnail":false,"medium":false,"medium_large":false,"large":false,"1536x1536":false,"2048x2048":false},"uagb_author_info":{"display_name":"admin","author_link":"https:\/\/www.keturist.sk\/info\/author\/admin\/"},"uagb_comment_info":0,"uagb_excerpt":"Objavte bohat\u00fa gastron\u00f3miu, pivn\u00fa a v\u00ednnu turistiku v Ko\u0161ickom kraji. Ochutnajte miestne \u0161peciality, remeseln\u00e9 piv\u00e1 a v\u00edna z tradi\u010dn\u00fdch vinohradn\u00edckych oblast\u00ed. Poznajte kult\u00faru stolovania a degust\u00e1cie v\u00fdchodn\u00e9ho Slovenska. Gastro, pivn\u00e1 [&hellip;]","_links":{"self":[{"href":"https:\/\/www.keturist.sk\/info\/wp-json\/wp\/v2\/pages\/41020","targetHints":{"allow":["GET"]}}],"collection":[{"href":"https:\/\/www.keturist.sk\/info\/wp-json\/wp\/v2\/pages"}],"about":[{"href":"https:\/\/www.keturist.sk\/info\/wp-json\/wp\/v2\/types\/page"}],"author":[{"embeddable":true,"href":"https:\/\/www.keturist.sk\/info\/wp-json\/wp\/v2\/users\/1"}],"replies":[{"embeddable":true,"href":"https:\/\/www.keturist.sk\/info\/wp-json\/wp\/v2\/comments?post=41020"}],"version-history":[{"count":64,"href":"https:\/\/www.keturist.sk\/info\/wp-json\/wp\/v2\/pages\/41020\/revisions"}],"predecessor-version":[{"id":68712,"href":"https:\/\/www.keturist.sk\/info\/wp-json\/wp\/v2\/pages\/41020\/revisions\/68712"}],"up":[{"embeddable":true,"href":"https:\/\/www.keturist.sk\/info\/wp-json\/wp\/v2\/pages\/28928"}],"wp:attachment":[{"href":"https:\/\/www.keturist.sk\/info\/wp-json\/wp\/v2\/media?parent=41020"}],"curies":[{"name":"wp","href":"https:\/\/api.w.org\/{rel}","templated":true}]}}