{"id":40829,"date":"2021-07-22T07:17:06","date_gmt":"2021-07-22T05:17:06","guid":{"rendered":"https:\/\/www.keturist.sk\/info\/?page_id=40829"},"modified":"2025-12-16T18:14:57","modified_gmt":"2025-12-16T17:14:57","slug":"chranene-vtacie-uzemie-senianske-rybniky","status":"publish","type":"page","link":"https:\/\/www.keturist.sk\/info\/kam-do-prirody\/kam-do-prirody-smer-zemplin\/ochrana-prirody\/chranene-vtacie-uzemie-senianske-rybniky\/","title":{"rendered":"Chr\u00e1nen\u00e9 vt\u00e1\u010die \u00fazemie Senianske rybn\u00edky"},"content":{"rendered":"<a href=\"https:\/\/www.keturist.sk\/info\/\" class=\"su-button su-button-style-default\" style=\"color:#000000;background-color:#FFCF2F;border-color:#cca626;border-radius:5px\" target=\"_self\"><span style=\"color:#000000;padding:6px 16px;font-size:13px;line-height:20px;border-color:#ffde6e;border-radius:5px;text-shadow:none\"><i class=\"sui sui-arrow-right\" style=\"font-size:13px;color:#000000\"><\/i>  Spravodaj <\/span><\/a>\n<a href=\"https:\/\/www.keturist.sk\/info\/tipy-na-vylety\/\" class=\"su-button su-button-style-default\" style=\"color:#000000;background-color:#FFCF2F;border-color:#cca626;border-radius:5px\" target=\"_self\"><span style=\"color:#000000;padding:6px 16px;font-size:13px;line-height:20px;border-color:#ffde6e;border-radius:5px;text-shadow:none\"><i class=\"sui sui-arrow-right\" style=\"font-size:13px;color:#000000\"><\/i>  TIPY NA V\u00ddLETY <\/span><\/a>\n<a href=\"https:\/\/www.keturist.sk\/info\/kam-do-prirody\/\" class=\"su-button su-button-style-default\" style=\"color:#000000;background-color:#FFCF2F;border-color:#cca626;border-radius:5px\" target=\"_self\"><span style=\"color:#000000;padding:6px 16px;font-size:13px;line-height:20px;border-color:#ffde6e;border-radius:5px;text-shadow:none\"><i class=\"sui sui-arrow-right\" style=\"font-size:13px;color:#000000\"><\/i>  Kam do pr\u00edrody <\/span><\/a>\n<a href=\"https:\/\/www.keturist.sk\/info\/kam-do-prirody\/kam-do-prirody-smer-zemplin\/\" class=\"su-button su-button-style-default\" style=\"color:#000000;background-color:#FFCF2F;border-color:#cca626;border-radius:5px\" target=\"_self\"><span style=\"color:#000000;padding:6px 16px;font-size:13px;line-height:20px;border-color:#ffde6e;border-radius:5px;text-shadow:none\"><i class=\"sui sui-arrow-right\" style=\"font-size:13px;color:#000000\"><\/i>  Smer Doln\u00fd Zempl\u00edn <\/span><\/a>\n<div class=\"su-divider su-divider-style-default\" style=\"margin:15px 0;border-width:0px;border-color:#000000\"><\/div>\n<strong>Podkateg\u00f3ria: <\/strong> <a href=\"https:\/\/www.keturist.sk\/info\/kam-do-prirody\/kam-do-prirody-smer-zemplin\/ochrana-prirody\/\" class=\"su-button su-button-style-default\" style=\"color:#000000;background-color:#afd144;border-color:#8ca837;border-radius:5px\" target=\"_self\"><span style=\"color:#000000;padding:6px 16px;font-size:13px;line-height:20px;border-color:#c7df7d;border-radius:5px;text-shadow:none\"><i class=\"sui sui-arrow-right\" style=\"font-size:13px;color:#000000\"><\/i>  Ochrana pr\u00edrody <\/span><\/a>\n<p><strong>Lokaliz\u00e1cia: <\/strong><a href=\"https:\/\/www.keturist.sk\/info\/vseobecne-informacie\/zemplin\/\"> Doln\u00fd Zempl\u00edn<\/a><\/p>\n<div class=\"su-divider su-divider-style-default\" style=\"margin:15px 0;border-width:2px;border-color:#000000\"><\/div>\n<figure id=\"attachment_40703\" aria-describedby=\"caption-attachment-40703\" style=\"width: 900px\" class=\"wp-caption aligncenter\"><a href=\"https:\/\/www.keturist.sk\/info\/wp-content\/uploads\/2020\/05\/senne-rybniky4.jpg\"><img loading=\"lazy\" decoding=\"async\" class=\"wp-image-40703\" src=\"https:\/\/www.keturist.sk\/info\/wp-content\/uploads\/2020\/05\/senne-rybniky4-800x534.jpg\" alt=\"Chr\u00e1nen\u00e9 vt\u00e1\u010die \u00fazemie Senianske rybn\u00edky\" width=\"900\" height=\"600\" srcset=\"https:\/\/www.keturist.sk\/info\/wp-content\/uploads\/2020\/05\/senne-rybniky4-800x534.jpg 800w, https:\/\/www.keturist.sk\/info\/wp-content\/uploads\/2020\/05\/senne-rybniky4-270x180.jpg 270w, https:\/\/www.keturist.sk\/info\/wp-content\/uploads\/2020\/05\/senne-rybniky4-768x512.jpg 768w, https:\/\/www.keturist.sk\/info\/wp-content\/uploads\/2020\/05\/senne-rybniky4.jpg 1000w\" sizes=\"auto, (max-width: 900px) 100vw, 900px\" \/><\/a><figcaption id=\"caption-attachment-40703\" class=\"wp-caption-text\">Chr\u00e1nen\u00e9 vt\u00e1\u010die \u00fazemie Senianske rybn\u00edky, Fotograf: Jozef Mare\u010dek (https:\/\/www.facebook.com\/jozef.marecek.94)<\/figcaption><\/figure>\n<div class=\"su-divider su-divider-style-default\" style=\"margin:15px 0;border-width:2px;border-color:#000000\"><\/div>\n<h2 class=\"ds-markdown-paragraph\"><span style=\"color: #800000;\">Pre\u010do je Chr\u00e1nen\u00e9 vt\u00e1\u010die \u00fazemie Senianske rybn\u00edky tak\u00e9 v\u00fdnimo\u010dn\u00e9 a chr\u00e1nen\u00e9?<\/span><\/h2>\n<p class=\"ds-markdown-paragraph\"><strong>Chr\u00e1nen\u00e9 vt\u00e1\u010die \u00fazemie Senianske rybn\u00edky<\/strong>\u00a0bolo vyhl\u00e1sen\u00e9 na z\u00e1klade vyhl\u00e1\u0161ky \u010d. 436\/2009 Z.z. s jasn\u00fdm cie\u013eom: chr\u00e1ni\u0165, zachova\u0165 a zabezpe\u010di\u0165 pre\u017eitie a rozmno\u017eovanie\u00a0<strong>biotopov vt\u00e1kov eur\u00f3pskeho v\u00fdznamu<\/strong>\u00a0a\u00a0<strong>biotopov s\u0165ahovav\u00fdch druhov vt\u00e1kov<\/strong>.<\/p>\n<p class=\"ds-markdown-paragraph\">Medzi tie najvz\u00e1cnej\u0161ie patria:\u00a0<strong>breh\u00e1r \u010diernochvost\u00fd, bu\u010diak ve\u013ek\u00fd, chavko\u0161 no\u010dn\u00fd, chochla\u010dka bielook\u00e1, kalu\u017eiak \u010dervenonoh\u00fd, ka\u0148a mo\u010diarna, ly\u017ei\u010diar biely, \u010dor\u00edk bahenn\u00fd, \u0161abliarka modronoh\u00e1, belu\u0161a ve\u013ek\u00e1, volavka purpurov\u00e1, belu\u0161a mal\u00e1 a \u017eeriav popolav\u00fd<\/strong>.<\/p>\n<p class=\"ds-markdown-paragraph\">Pre tieto druhy je\u00a0<strong>Senianske rybn\u00edky<\/strong>\u00a0jedn\u00fdm z troch \u00faplne\u00a0<strong>najv\u00fdznamnej\u0161\u00edch hniezdisk na celom Slovensku<\/strong>.<\/p>\n<h2 class=\"ds-markdown-paragraph\"><span style=\"color: #800000;\">Kde presne sa Chr\u00e1nen\u00e9 vt\u00e1\u010die \u00fazemie Senianske rybn\u00edky nach\u00e1dza?<\/span><\/h2>\n<p class=\"ds-markdown-paragraph\"><strong>Chr\u00e1nen\u00e9 vt\u00e1\u010die \u00fazemie Senianske rybn\u00edky<\/strong>\u00a0le\u017e\u00ed v oblasti v\u00fdchodn\u00e9ho Slovenska. Konkr\u00e9tne sa rozklad\u00e1 v\u00a0<strong>okrese Michalovce<\/strong>\u00a0(v katastroch obc\u00ed Ha\u017e\u00edn, I\u0148a\u010dovce a Senn\u00e9) a v\u00a0<strong>okrese Sobrance<\/strong>\u00a0(v katastroch Blatn\u00e1 Polianka a Blatn\u00e9 Remety).<\/p>\n<h2 class=\"ds-markdown-paragraph\"><span style=\"color: #800000;\">Ak\u00e9 s\u00fa rozloha a charakter Chr\u00e1nen\u00e9ho vt\u00e1\u010dieho \u00fazemia Senianske rybn\u00edky?<\/span><\/h2>\n<p class=\"ds-markdown-paragraph\">Rozloha <strong>chr\u00e1nen\u00e9ho \u00fazemia<\/strong>\u00a0je impozantn\u00fdch\u00a0<strong>2 668,47 hekt\u00e1ra<\/strong>. Jeho srdcom je samozrejme rozsiahla\u00a0<strong>rybni\u010dn\u00e1 s\u00fastava<\/strong>, no rovnako d\u00f4le\u017eitou s\u00fa\u010das\u0165ou s\u00fa aj okolit\u00e9\u00a0<strong>po\u013enohospod\u00e1rske pozemky<\/strong>\u00a0a\u00a0<strong>mokrade<\/strong>, ktor\u00e9 spolu vytv\u00e1raj\u00fa dokonal\u00fd ekosyst\u00e9m pre vt\u00e1ky.<\/p>\n<h2 class=\"ds-markdown-paragraph\"><span style=\"color: #800000;\">Ako je Chr\u00e1nen\u00e9 vt\u00e1\u010die \u00fazemie Senianske rybn\u00edky za\u010dlenen\u00e9 do eur\u00f3pskych syst\u00e9moch ochrany?<\/span><\/h2>\n<p class=\"ds-markdown-paragraph\">T\u00e1to lokalita nie je len slovensk\u00fdm pokladom. <strong>Chr\u00e1nen\u00e9 vt\u00e1\u010die \u00fazemie Senianske rybn\u00edky<\/strong>\u00a0je plnohodnotnou a k\u013e\u00fa\u010dovou s\u00fa\u010das\u0165ou\u00a0<strong>eur\u00f3pskej s\u00fastavy chr\u00e1nen\u00fdch \u00fazem\u00ed NATURA 2000<\/strong>, \u010do dokladuje jej mimoriadnu medzin\u00e1rodn\u00fa hodnotu pre ochranu biodiverzity.<\/p>\n<h2><span style=\"color: #800000;\">Fotogal\u00e9ria<\/span><\/h2>\n<style type=\"text\/css\">\n#foogallery-gallery-72173 .fg-image { width: 200px; }<\/style>\n\t\t\t<div class=\"foogallery foogallery-container foogallery-carousel foogallery-lightbox-foogallery fg-carousel fg-ready fg-light fg-border-medium fg-round-small fg-shadow-medium fg-loading-default fg-loaded-fade-in fg-hover-semi-zoomed fg-hover-fade fg-hover-circle-plus2\" id=\"foogallery-gallery-72173\" data-foogallery=\"{&quot;item&quot;:{&quot;showCaptionTitle&quot;:true,&quot;showCaptionDescription&quot;:true},&quot;lazy&quot;:true,&quot;template&quot;:{&quot;maxItems&quot;:5,&quot;scale&quot;:0.11999999999999999555910790149937383830547332763671875,&quot;gutter&quot;:{&quot;min&quot;:-40,&quot;max&quot;:-20,&quot;unit&quot;:&quot;%&quot;},&quot;autoplay&quot;:{&quot;time&quot;:0,&quot;interaction&quot;:&quot;pause&quot;},&quot;centerOnClick&quot;:true,&quot;align&quot;:&quot;center&quot;,&quot;activePosition&quot;:&quot;center&quot;}}\" data-foogallery-lightbox=\"{&quot;thumbs&quot;:&quot;bottom&quot;,&quot;thumbsCaptions&quot;:false,&quot;thumbsBestFit&quot;:false,&quot;thumbsSmall&quot;:false,&quot;thumbsCaptionsAlign&quot;:&quot;default&quot;,&quot;info&quot;:&quot;bottom&quot;,&quot;infoVisible&quot;:true,&quot;infoOverlay&quot;:true,&quot;infoAlign&quot;:&quot;default&quot;,&quot;transition&quot;:&quot;fade&quot;,&quot;hoverButtons&quot;:false,&quot;fitMedia&quot;:false,&quot;noScrollbars&quot;:true,&quot;preserveButtonSpace&quot;:true,&quot;buttons&quot;:{&quot;fullscreen&quot;:true,&quot;info&quot;:true,&quot;thumbs&quot;:false},&quot;video&quot;:{&quot;autoPlay&quot;:true}}\" style=\"--fg-title-line-clamp: 1; --fg-description-line-clamp: 2;\" >\n\t<button type=\"button\" class=\"fg-carousel-prev\" title=\"Previous\"><\/button>\n\t<div class=\"fg-carousel-inner\">\n\t\t<div class=\"fg-carousel-center\"><\/div>\n\t\t<div class=\"fg-item fg-type-image fg-idle\"><figure class=\"fg-item-inner\"><a href=\"https:\/\/www.keturist.sk\/info\/wp-content\/uploads\/2020\/05\/senne-rybniky4.jpg\" data-caption-title=\"Senianske rybn\u00edky\" data-caption-desc=\"Senianske rybn\u00edky, Fotograf: Jozef Mare\u010dek (https:\/\/www.facebook.com\/jozef.marecek.94)\" data-attachment-id=\"40703\" data-type=\"image\" class=\"fg-thumb\"><span class=\"fg-image-wrap\"><img decoding=\"async\" alt=\"Senianske rybn\u00edky\" title=\"Senianske rybn\u00edky\" width=\"200\" height=\"200\" class=\"skip-lazy fg-image\" data-src-fg=\"https:\/\/www.keturist.sk\/info\/wp-content\/uploads\/cache\/2020\/05\/senne-rybniky4\/208275725.jpg\" src=\"data:image\/svg+xml,%3Csvg%20xmlns%3D%22http%3A%2F%2Fwww.w3.org%2F2000%2Fsvg%22%20width%3D%22200%22%20height%3D%22200%22%20viewBox%3D%220%200%20200%20200%22%3E%3C%2Fsvg%3E\" loading=\"eager\"><\/span><span class=\"fg-image-overlay\"><\/span><\/a><figcaption class=\"fg-caption\"><div class=\"fg-caption-inner\"><div class=\"fg-caption-title\">Senianske rybn\u00edky<\/div><div class=\"fg-caption-desc\">Senianske rybn\u00edky, Fotograf: Jozef Mare\u010dek (https:\/\/www.facebook.com\/jozef.marecek.94)<\/div><\/div><\/figcaption><\/figure><div class=\"fg-loader\"><\/div><\/div><div class=\"fg-item fg-type-image fg-idle\"><figure class=\"fg-item-inner\"><a href=\"https:\/\/www.keturist.sk\/info\/wp-content\/uploads\/2021\/07\/senne-rybniky1.jpg\" data-caption-title=\"Senianske rybn\u00edky\" data-caption-desc=\"Senianske rybn\u00edky, Fotograf: Jozef Mare\u010dek (https:\/\/www.facebook.com\/jozef.marecek.94)\" data-attachment-id=\"40710\" data-type=\"image\" class=\"fg-thumb\"><span class=\"fg-image-wrap\"><img decoding=\"async\" alt=\"Senianske rybn\u00edky\" title=\"Senianske rybn\u00edky\" width=\"200\" height=\"200\" class=\"skip-lazy fg-image\" data-src-fg=\"https:\/\/www.keturist.sk\/info\/wp-content\/uploads\/cache\/2021\/07\/senne-rybniky1\/2913494807.jpg\" src=\"data:image\/svg+xml,%3Csvg%20xmlns%3D%22http%3A%2F%2Fwww.w3.org%2F2000%2Fsvg%22%20width%3D%22200%22%20height%3D%22200%22%20viewBox%3D%220%200%20200%20200%22%3E%3C%2Fsvg%3E\" loading=\"eager\"><\/span><span class=\"fg-image-overlay\"><\/span><\/a><figcaption class=\"fg-caption\"><div class=\"fg-caption-inner\"><div class=\"fg-caption-title\">Senianske rybn\u00edky<\/div><div class=\"fg-caption-desc\">Senianske rybn\u00edky, Fotograf: Jozef Mare\u010dek (https:\/\/www.facebook.com\/jozef.marecek.94)<\/div><\/div><\/figcaption><\/figure><div class=\"fg-loader\"><\/div><\/div><div class=\"fg-item fg-type-image fg-idle\"><figure class=\"fg-item-inner\"><a href=\"https:\/\/www.keturist.sk\/info\/wp-content\/uploads\/2021\/07\/senne-rybniky2.jpg\" data-caption-title=\"Senianske rybn\u00edky\" data-caption-desc=\"Senianske rybn\u00edky, Fotograf: Jozef Mare\u010dek (https:\/\/www.facebook.com\/jozef.marecek.94)\" data-attachment-id=\"40711\" data-type=\"image\" class=\"fg-thumb\"><span class=\"fg-image-wrap\"><img decoding=\"async\" alt=\"Senianske rybn\u00edky\" title=\"Senianske rybn\u00edky\" width=\"200\" height=\"200\" class=\"skip-lazy fg-image\" data-src-fg=\"https:\/\/www.keturist.sk\/info\/wp-content\/uploads\/cache\/2021\/07\/senne-rybniky2\/3891526861.jpg\" src=\"data:image\/svg+xml,%3Csvg%20xmlns%3D%22http%3A%2F%2Fwww.w3.org%2F2000%2Fsvg%22%20width%3D%22200%22%20height%3D%22200%22%20viewBox%3D%220%200%20200%20200%22%3E%3C%2Fsvg%3E\" loading=\"eager\"><\/span><span class=\"fg-image-overlay\"><\/span><\/a><figcaption class=\"fg-caption\"><div class=\"fg-caption-inner\"><div class=\"fg-caption-title\">Senianske rybn\u00edky<\/div><div class=\"fg-caption-desc\">Senianske rybn\u00edky, Fotograf: Jozef Mare\u010dek (https:\/\/www.facebook.com\/jozef.marecek.94)<\/div><\/div><\/figcaption><\/figure><div class=\"fg-loader\"><\/div><\/div><div class=\"fg-item fg-type-image fg-idle\"><figure class=\"fg-item-inner\"><a href=\"https:\/\/www.keturist.sk\/info\/wp-content\/uploads\/2021\/07\/senne-rybniky3.jpg\" data-caption-title=\"Senianske rybn\u00edky\" data-caption-desc=\"Senianske rybn\u00edky, Fotograf: Jozef Mare\u010dek (https:\/\/www.facebook.com\/jozef.marecek.94)\" data-attachment-id=\"40712\" data-type=\"image\" class=\"fg-thumb\"><span class=\"fg-image-wrap\"><img decoding=\"async\" alt=\"Senianske rybn\u00edky\" title=\"Senianske rybn\u00edky\" width=\"200\" height=\"200\" class=\"skip-lazy fg-image\" data-src-fg=\"https:\/\/www.keturist.sk\/info\/wp-content\/uploads\/cache\/2021\/07\/senne-rybniky3\/3176488537.jpg\" src=\"data:image\/svg+xml,%3Csvg%20xmlns%3D%22http%3A%2F%2Fwww.w3.org%2F2000%2Fsvg%22%20width%3D%22200%22%20height%3D%22200%22%20viewBox%3D%220%200%20200%20200%22%3E%3C%2Fsvg%3E\" loading=\"eager\"><\/span><span class=\"fg-image-overlay\"><\/span><\/a><figcaption class=\"fg-caption\"><div class=\"fg-caption-inner\"><div class=\"fg-caption-title\">Senianske rybn\u00edky<\/div><div class=\"fg-caption-desc\">Senianske rybn\u00edky, Fotograf: Jozef Mare\u010dek (https:\/\/www.facebook.com\/jozef.marecek.94)<\/div><\/div><\/figcaption><\/figure><div class=\"fg-loader\"><\/div><\/div><div class=\"fg-item fg-type-image fg-idle\"><figure class=\"fg-item-inner\"><a href=\"https:\/\/www.keturist.sk\/info\/wp-content\/uploads\/2021\/07\/senne-rybniky5.jpg\" data-caption-title=\"Senianske rybn\u00edky\" data-caption-desc=\"Senianske rybn\u00edky, Fotograf: Jozef Mare\u010dek (https:\/\/www.facebook.com\/jozef.marecek.94)\" data-attachment-id=\"40713\" data-type=\"image\" class=\"fg-thumb\"><span class=\"fg-image-wrap\"><img decoding=\"async\" alt=\"Senianske rybn\u00edky\" title=\"Senianske rybn\u00edky\" width=\"200\" height=\"200\" class=\"skip-lazy fg-image\" data-src-fg=\"https:\/\/www.keturist.sk\/info\/wp-content\/uploads\/cache\/2021\/07\/senne-rybniky5\/3220098023.jpg\" src=\"data:image\/svg+xml,%3Csvg%20xmlns%3D%22http%3A%2F%2Fwww.w3.org%2F2000%2Fsvg%22%20width%3D%22200%22%20height%3D%22200%22%20viewBox%3D%220%200%20200%20200%22%3E%3C%2Fsvg%3E\" loading=\"eager\"><\/span><span class=\"fg-image-overlay\"><\/span><\/a><figcaption class=\"fg-caption\"><div class=\"fg-caption-inner\"><div class=\"fg-caption-title\">Senianske rybn\u00edky<\/div><div class=\"fg-caption-desc\">Senianske rybn\u00edky, Fotograf: Jozef Mare\u010dek (https:\/\/www.facebook.com\/jozef.marecek.94)<\/div><\/div><\/figcaption><\/figure><div class=\"fg-loader\"><\/div><\/div><div class=\"fg-item fg-type-image fg-idle\"><figure class=\"fg-item-inner\"><a href=\"https:\/\/www.keturist.sk\/info\/wp-content\/uploads\/2021\/07\/senne-rybniky6.jpg\" data-caption-title=\"Senianske rybn\u00edky\" data-caption-desc=\"Senianske rybn\u00edky, Fotograf: Jozef Mare\u010dek (https:\/\/www.facebook.com\/jozef.marecek.94)\" data-attachment-id=\"40714\" data-type=\"image\" class=\"fg-thumb\"><span class=\"fg-image-wrap\"><img decoding=\"async\" alt=\"Senianske rybn\u00edky\" title=\"Senianske rybn\u00edky\" width=\"200\" height=\"200\" class=\"skip-lazy fg-image\" data-src-fg=\"https:\/\/www.keturist.sk\/info\/wp-content\/uploads\/cache\/2021\/07\/senne-rybniky6\/48042600.jpg\" src=\"data:image\/svg+xml,%3Csvg%20xmlns%3D%22http%3A%2F%2Fwww.w3.org%2F2000%2Fsvg%22%20width%3D%22200%22%20height%3D%22200%22%20viewBox%3D%220%200%20200%20200%22%3E%3C%2Fsvg%3E\" loading=\"eager\"><\/span><span class=\"fg-image-overlay\"><\/span><\/a><figcaption class=\"fg-caption\"><div class=\"fg-caption-inner\"><div class=\"fg-caption-title\">Senianske rybn\u00edky<\/div><div class=\"fg-caption-desc\">Senianske rybn\u00edky, Fotograf: Jozef Mare\u010dek (https:\/\/www.facebook.com\/jozef.marecek.94)<\/div><\/div><\/figcaption><\/figure><div class=\"fg-loader\"><\/div><\/div><div class=\"fg-item fg-type-image fg-idle\"><figure class=\"fg-item-inner\"><a href=\"https:\/\/www.keturist.sk\/info\/wp-content\/uploads\/2021\/07\/senne-rybniky7.jpg\" data-caption-title=\"Senianske rybn\u00edky\" data-caption-desc=\"Senianske rybn\u00edky, Fotograf: Jozef Mare\u010dek (https:\/\/www.facebook.com\/jozef.marecek.94)\" data-attachment-id=\"40715\" data-type=\"image\" class=\"fg-thumb\"><span class=\"fg-image-wrap\"><img decoding=\"async\" alt=\"Senianske rybn\u00edky\" title=\"Senianske rybn\u00edky\" width=\"200\" height=\"200\" class=\"skip-lazy fg-image\" data-src-fg=\"https:\/\/www.keturist.sk\/info\/wp-content\/uploads\/cache\/2021\/07\/senne-rybniky7\/178491087.jpg\" src=\"data:image\/svg+xml,%3Csvg%20xmlns%3D%22http%3A%2F%2Fwww.w3.org%2F2000%2Fsvg%22%20width%3D%22200%22%20height%3D%22200%22%20viewBox%3D%220%200%20200%20200%22%3E%3C%2Fsvg%3E\" loading=\"eager\"><\/span><span class=\"fg-image-overlay\"><\/span><\/a><figcaption class=\"fg-caption\"><div class=\"fg-caption-inner\"><div class=\"fg-caption-title\">Senianske rybn\u00edky<\/div><div class=\"fg-caption-desc\">Senianske rybn\u00edky, Fotograf: Jozef Mare\u010dek (https:\/\/www.facebook.com\/jozef.marecek.94)<\/div><\/div><\/figcaption><\/figure><div class=\"fg-loader\"><\/div><\/div>\t<\/div>\n\t<div class=\"fg-carousel-bottom\"><\/div>\n\t<div class=\"fg-carousel-progress\"><\/div>\n\t<button type=\"button\" class=\"fg-carousel-next\" title=\"Next\"><\/button>\n<\/div>\n<h2><span style=\"color: #800000;\">Zauj\u00edmav\u00e9 odkazy<\/span><\/h2>\n<h3><span style=\"color: #808000;\">Bl\u00edzke stredisko, turistick\u00e9 centrum, obec alebo mesto:<\/span><\/h3>\n<ul>\n<li>Obec Senn\u00e9 (\u010d\u00edtaj viac&#8230;)<\/li>\n<\/ul>\n<h2><span style=\"color: #800000;\">Mapy<\/span><\/h2>\n<p><strong>Vrstvy: <\/strong>Turistick\u00e1 mapa, Automapa, Cyklomapa, Ly\u017eiarska mapa, Satelitn\u00e1 mapa a OpenStreetMap.<\/p>\n<p><strong>Kliknut\u00edm na logo &#8222;Freemap.sk&#8220; sa V\u00e1m mapa zobraz\u00ed na celej ploche obrazovky.<\/strong><\/p>\n<p><iframe style=\"width: 900px; height: 617px;\" src=\"https:\/\/www.freemap.sk\/?map=14\/48.685068\/22.065268&amp;info-point=48.685068\/22.065268,Senianske rybn\u00edky&amp;layers=X&amp;embed=search\" allowfullscreen=\"allowfullscreen\"><span data-mce-type=\"bookmark\" style=\"display: inline-block; width: 0px; overflow: hidden; line-height: 0;\" class=\"mce_SELRES_start\">\ufeff<\/span><\/iframe><\/p>\n<div>\n<h2><span style=\"color: #800000;\">Po\u010dasie<\/span><\/h2>\n<p><iframe style=\"width: 900px; height: 617px;\" src=\"https:\/\/www.meteoblue.com\/sk\/po%C4%8Dasie\/widget\/three\/senn%c3%a9_slovensko_723625?geoloc=fixed&amp;nocurrent=0&amp;noforecast=0&amp;days=7&amp;tempunit=CELSIUS&amp;windunit=KILOMETER_PER_HOUR&amp;layout=image\" frameborder=\"0\" scrolling=\"NO\" sandbox=\"allow-same-origin allow-scripts allow-popups allow-popups-to-escape-sandbox\"><\/iframe><\/p>\n<div><!-- DO NOT REMOVE THIS LINK --><a href=\"https:\/\/www.meteoblue.com\/sk\/po%C4%8Dasie\/t%C3%BD%C5%BEde%C5%88\/senn%c3%a9_slovensko_723625?utm_source=weather_widget&amp;utm_medium=linkus&amp;utm_content=three&amp;utm_campaign=Weather%2BWidget\" target=\"_blank\" rel=\"noopener\">meteoblue<\/a><\/div>\n<\/div>\n","protected":false},"excerpt":{"rendered":"<p>Podkateg\u00f3ria: Lokaliz\u00e1cia: Doln\u00fd Zempl\u00edn Pre\u010do je Chr\u00e1nen\u00e9 vt\u00e1\u010die \u00fazemie Senianske rybn\u00edky tak\u00e9 v\u00fdnimo\u010dn\u00e9 a chr\u00e1nen\u00e9? Chr\u00e1nen\u00e9 vt\u00e1\u010die \u00fazemie Senianske rybn\u00edky\u00a0bolo vyhl\u00e1sen\u00e9 na z\u00e1klade vyhl\u00e1\u0161ky \u010d. 436\/2009 Z.z. s jasn\u00fdm cie\u013eom: [&hellip;]<\/p>\n","protected":false},"author":1,"featured_media":40711,"parent":40815,"menu_order":0,"comment_status":"closed","ping_status":"closed","template":"","meta":{"_uag_custom_page_level_css":"","_monsterinsights_skip_tracking":false,"_monsterinsights_sitenote_active":false,"_monsterinsights_sitenote_note":"","_monsterinsights_sitenote_category":0,"footnotes":""},"class_list":["post-40829","page","type-page","status-publish","has-post-thumbnail","hentry"],"featured_image_src":"https:\/\/www.keturist.sk\/info\/wp-content\/uploads\/2021\/07\/senne-rybniky2.jpg","featured_image_src_square":"https:\/\/www.keturist.sk\/info\/wp-content\/uploads\/2021\/07\/senne-rybniky2.jpg","rbea_author_info":{"display_name":"admin","author_link":"https:\/\/www.keturist.sk\/info\/author\/admin\/"},"rbea_excerpt_info":"Podkateg\u00f3ria: Lokaliz\u00e1cia: Doln\u00fd Zempl\u00edn Pre\u010do je Chr\u00e1nen\u00e9 vt\u00e1\u010die \u00fazemie Senianske rybn\u00edky tak\u00e9 v\u00fdnimo\u010dn\u00e9 a chr\u00e1nen\u00e9? Chr\u00e1nen\u00e9 vt\u00e1\u010die \u00fazemie Senianske rybn\u00edky\u00a0bolo vyhl\u00e1sen\u00e9 na z\u00e1klade vyhl\u00e1\u0161ky \u010d. 436\/2009 Z.z. s jasn\u00fdm cie\u013eom: [&hellip;]","uagb_featured_image_src":{"full":["https:\/\/www.keturist.sk\/info\/wp-content\/uploads\/2021\/07\/senne-rybniky2.jpg",1000,667,false],"thumbnail":["https:\/\/www.keturist.sk\/info\/wp-content\/uploads\/2021\/07\/senne-rybniky2-270x180.jpg",270,180,true],"medium":["https:\/\/www.keturist.sk\/info\/wp-content\/uploads\/2021\/07\/senne-rybniky2-800x534.jpg",800,534,true],"medium_large":["https:\/\/www.keturist.sk\/info\/wp-content\/uploads\/2021\/07\/senne-rybniky2-768x512.jpg",768,512,true],"large":["https:\/\/www.keturist.sk\/info\/wp-content\/uploads\/2021\/07\/senne-rybniky2.jpg",1000,667,false],"1536x1536":["https:\/\/www.keturist.sk\/info\/wp-content\/uploads\/2021\/07\/senne-rybniky2.jpg",1000,667,false],"2048x2048":["https:\/\/www.keturist.sk\/info\/wp-content\/uploads\/2021\/07\/senne-rybniky2.jpg",1000,667,false]},"uagb_author_info":{"display_name":"admin","author_link":"https:\/\/www.keturist.sk\/info\/author\/admin\/"},"uagb_comment_info":0,"uagb_excerpt":"Podkateg\u00f3ria: Lokaliz\u00e1cia: Doln\u00fd Zempl\u00edn Pre\u010do je Chr\u00e1nen\u00e9 vt\u00e1\u010die \u00fazemie Senianske rybn\u00edky tak\u00e9 v\u00fdnimo\u010dn\u00e9 a chr\u00e1nen\u00e9? Chr\u00e1nen\u00e9 vt\u00e1\u010die \u00fazemie Senianske rybn\u00edky\u00a0bolo vyhl\u00e1sen\u00e9 na z\u00e1klade vyhl\u00e1\u0161ky \u010d. 436\/2009 Z.z. s jasn\u00fdm cie\u013eom: [&hellip;]","_links":{"self":[{"href":"https:\/\/www.keturist.sk\/info\/wp-json\/wp\/v2\/pages\/40829","targetHints":{"allow":["GET"]}}],"collection":[{"href":"https:\/\/www.keturist.sk\/info\/wp-json\/wp\/v2\/pages"}],"about":[{"href":"https:\/\/www.keturist.sk\/info\/wp-json\/wp\/v2\/types\/page"}],"author":[{"embeddable":true,"href":"https:\/\/www.keturist.sk\/info\/wp-json\/wp\/v2\/users\/1"}],"replies":[{"embeddable":true,"href":"https:\/\/www.keturist.sk\/info\/wp-json\/wp\/v2\/comments?post=40829"}],"version-history":[{"count":9,"href":"https:\/\/www.keturist.sk\/info\/wp-json\/wp\/v2\/pages\/40829\/revisions"}],"predecessor-version":[{"id":72217,"href":"https:\/\/www.keturist.sk\/info\/wp-json\/wp\/v2\/pages\/40829\/revisions\/72217"}],"up":[{"embeddable":true,"href":"https:\/\/www.keturist.sk\/info\/wp-json\/wp\/v2\/pages\/40815"}],"wp:featuredmedia":[{"embeddable":true,"href":"https:\/\/www.keturist.sk\/info\/wp-json\/wp\/v2\/media\/40711"}],"wp:attachment":[{"href":"https:\/\/www.keturist.sk\/info\/wp-json\/wp\/v2\/media?parent=40829"}],"curies":[{"name":"wp","href":"https:\/\/api.w.org\/{rel}","templated":true}]}}