{"id":40815,"date":"2021-07-22T06:59:22","date_gmt":"2021-07-22T04:59:22","guid":{"rendered":"https:\/\/www.keturist.sk\/info\/?page_id=40815"},"modified":"2023-12-02T17:49:33","modified_gmt":"2023-12-02T16:49:33","slug":"ochrana-prirody","status":"publish","type":"page","link":"https:\/\/www.keturist.sk\/info\/kam-do-prirody\/kam-do-prirody-smer-zemplin\/ochrana-prirody\/","title":{"rendered":"Ochrana pr\u00edrody"},"content":{"rendered":"<a href=\"https:\/\/www.keturist.sk\/info\/\" class=\"su-button su-button-style-default\" style=\"color:#000000;background-color:#FFCF2F;border-color:#cca626;border-radius:5px\" target=\"_self\"><span style=\"color:#000000;padding:6px 16px;font-size:13px;line-height:20px;border-color:#ffde6e;border-radius:5px;text-shadow:none\"><i class=\"sui sui-arrow-right\" style=\"font-size:13px;color:#000000\"><\/i>  Spravodaj <\/span><\/a>\n<a href=\"https:\/\/www.keturist.sk\/info\/tipy-na-vylety\/\" class=\"su-button su-button-style-default\" style=\"color:#000000;background-color:#FFCF2F;border-color:#cca626;border-radius:5px\" target=\"_self\"><span style=\"color:#000000;padding:6px 16px;font-size:13px;line-height:20px;border-color:#ffde6e;border-radius:5px;text-shadow:none\"><i class=\"sui sui-arrow-right\" style=\"font-size:13px;color:#000000\"><\/i>  TIPY NA V\u00ddLETY <\/span><\/a>\n<a href=\"https:\/\/www.keturist.sk\/info\/kam-do-prirody\/\" class=\"su-button su-button-style-default\" style=\"color:#000000;background-color:#FFCF2F;border-color:#cca626;border-radius:5px\" target=\"_self\"><span style=\"color:#000000;padding:6px 16px;font-size:13px;line-height:20px;border-color:#ffde6e;border-radius:5px;text-shadow:none\"><i class=\"sui sui-arrow-right\" style=\"font-size:13px;color:#000000\"><\/i>  Kam do pr\u00edrody <\/span><\/a>\n<a href=\"https:\/\/www.keturist.sk\/info\/kam-do-prirody\/kam-do-prirody-smer-zemplin\/\" class=\"su-button su-button-style-default\" style=\"color:#000000;background-color:#FFCF2F;border-color:#cca626;border-radius:5px\" target=\"_self\"><span style=\"color:#000000;padding:6px 16px;font-size:13px;line-height:20px;border-color:#ffde6e;border-radius:5px;text-shadow:none\"><i class=\"sui sui-arrow-right\" style=\"font-size:13px;color:#000000\"><\/i>  Smer Doln\u00fd Zempl\u00edn <\/span><\/a>\n<div class=\"su-divider su-divider-style-default\" style=\"margin:15px 0;border-width:0px;border-color:#000000\"><\/div>\n<strong>Podkateg\u00f3ria: <\/strong> <a href=\"https:\/\/www.keturist.sk\/info\/kam-do-prirody\/kam-do-prirody-smer-zemplin\/ochrana-prirody\/\" class=\"su-button su-button-style-default\" style=\"color:#000000;background-color:#afd144;border-color:#8ca837;border-radius:5px\" target=\"_self\"><span style=\"color:#000000;padding:6px 16px;font-size:13px;line-height:20px;border-color:#c7df7d;border-radius:5px;text-shadow:none\"><i class=\"sui sui-arrow-right\" style=\"font-size:13px;color:#000000\"><\/i>  Ochrana pr\u00edrody <\/span><\/a>\n<div class=\"su-divider su-divider-style-default\" style=\"margin:15px 0;border-width:3px;border-color:#000000\"><\/div>\n<div id=\"metaslider-id-40820\" style=\"max-width: 800px; margin: 0 auto;\" class=\"ml-slider-3-108-0 metaslider metaslider-flex metaslider-40820 ml-slider ms-theme-default nav-hidden\" role=\"region\" aria-label=\"N\u00e1rodn\u00e1 pr\u00edrodn\u00e1 rezerv\u00e1cia (NPR) Senianske rybn\u00edky\" data-height=\"250\" data-width=\"800\">\n    <div id=\"metaslider_container_40820\">\n        <div id=\"metaslider_40820\" class=\"flexslider\">\n            <ul class='slides'>\n                <li style=\"display: block; width: 100%;\" class=\"slide-40821 ms-image \" aria-roledescription=\"slide\" data-date=\"2021-07-22 07:03:59\" data-filename=\"senne-rybniky7-800x250.jpg\" data-slide-type=\"image\"><a href=\"https:\/\/www.keturist.sk\/info\/kam-do-prirody\/kam-do-prirody-smer-zemplin\/ochrana-prirody\/narodna-prirodna-rezervacia-npr-senianske-rybniky\/\" target=\"_self\" aria-label=\"View Slide Details\" class=\"metaslider_image_link\"><img loading=\"lazy\" decoding=\"async\" src=\"https:\/\/www.keturist.sk\/info\/wp-content\/uploads\/2021\/07\/senne-rybniky7-800x250.jpg\" height=\"250\" width=\"800\" alt=\"Senianske rybn\u00edky\" class=\"slider-40820 slide-40821 msDefaultImage\" title=\"Senianske rybn\u00edky\" \/><\/a><div class=\"caption-wrap\"><div class=\"caption\"><b><a href=\"https:\/\/www.keturist.sk\/info\/kam-do-prirody\/kam-do-prirody-smer-zemplin\/ochrana-prirody\/narodna-prirodna-rezervacia-npr-senianske-rybniky\/\"><span style=\"color:#FFFF00;\">N\u00e1rodn\u00e1 pr\u00edrodn\u00e1 rezerv\u00e1cia (NPR) Senianske rybn\u00edky\n\n<\/span><\/a><\/b><\/div><\/div><\/li>\n            <\/ul>\n        <\/div>\n        \n    <\/div>\n<\/div><div id=\"metaslider-id-61919\" style=\"max-width: 800px; margin: 0 auto;\" class=\"ml-slider-3-108-0 metaslider metaslider-flex metaslider-61919 ml-slider ms-theme-default nav-hidden nav-hidden\" role=\"region\" aria-label=\"Chr\u00e1nen\u00fd are\u00e1l Bor\u0161iansky les\" data-height=\"250\" data-width=\"800\">\n    <div id=\"metaslider_container_61919\">\n        <div id=\"metaslider_61919\" class=\"flexslider\">\n            <ul class='slides'>\n                <li style=\"display: block; width: 100%;\" class=\"slide-61920 ms-image \" aria-roledescription=\"slide\" data-date=\"2023-12-02 17:48:09\" data-filename=\"chodnik-borsa-mokrad-2-800x250.jpg\" data-slide-type=\"image\"><a href=\"https:\/\/www.keturist.sk\/info\/kam-do-prirody\/kam-do-prirody-smer-zemplin\/ochrana-prirody\/chraneny-areal-borsiansky-les\/\" target=\"_self\" aria-label=\"View Slide Details\" class=\"metaslider_image_link\"><img loading=\"lazy\" decoding=\"async\" src=\"https:\/\/www.keturist.sk\/info\/wp-content\/uploads\/2023\/12\/chodnik-borsa-mokrad-2-800x250.jpg\" height=\"250\" width=\"800\" alt=\"Chr\u00e1nen\u00fd are\u00e1l Bor\u0161iansky les\" class=\"slider-61919 slide-61920 msDefaultImage\" title=\"Chr\u00e1nen\u00fd are\u00e1l Bor\u0161iansky les\" \/><\/a><div class=\"caption-wrap\"><div class=\"caption\"><b><a href=\"https:\/\/www.keturist.sk\/info\/kam-do-prirody\/kam-do-prirody-smer-zemplin\/ochrana-prirody\/chraneny-areal-borsiansky-les\/\"><span style=\"color:#FFFF00;\">Chr\u00e1nen\u00fd are\u00e1l Bor\u0161iansky les<\/span><\/a><\/b><\/div><\/div><\/li>\n            <\/ul>\n        <\/div>\n        \n    <\/div>\n<\/div><div id=\"metaslider-id-40833\" style=\"max-width: 800px; margin: 0 auto;\" class=\"ml-slider-3-108-0 metaslider metaslider-flex metaslider-40833 ml-slider ms-theme-default nav-hidden nav-hidden nav-hidden\" role=\"region\" aria-label=\"Chr\u00e1nen\u00e9 vt\u00e1\u010die \u00fazemie Senianske rybn\u00edky\" data-height=\"250\" data-width=\"800\">\n    <div id=\"metaslider_container_40833\">\n        <div id=\"metaslider_40833\" class=\"flexslider\">\n            <ul class='slides'>\n                <li style=\"display: block; width: 100%;\" class=\"slide-40834 ms-image \" aria-roledescription=\"slide\" data-date=\"2021-07-22 07:20:08\" data-filename=\"senne-rybniky2-800x250.jpg\" data-slide-type=\"image\"><a href=\"https:\/\/www.keturist.sk\/info\/kam-do-prirody\/kam-do-prirody-smer-zemplin\/ochrana-prirody\/chranene-vtacie-uzemie-senianske-rybniky\/\" target=\"_self\" aria-label=\"View Slide Details\" class=\"metaslider_image_link\"><img loading=\"lazy\" decoding=\"async\" src=\"https:\/\/www.keturist.sk\/info\/wp-content\/uploads\/2021\/07\/senne-rybniky2-800x250.jpg\" height=\"250\" width=\"800\" alt=\"Senianske rybn\u00edky\" class=\"slider-40833 slide-40834 msDefaultImage\" title=\"Senianske rybn\u00edky\" \/><\/a><div class=\"caption-wrap\"><div class=\"caption\"><b><a href=\"https:\/\/www.keturist.sk\/info\/kam-do-prirody\/kam-do-prirody-smer-zemplin\/ochrana-prirody\/chranene-vtacie-uzemie-senianske-rybniky\/\"><span style=\"color:#FFFF00;\">Chr\u00e1nen\u00e9 vt\u00e1\u010die \u00fazemie Senianske rybn\u00edky\n<\/span><\/a><\/b><\/div><\/div><\/li>\n            <\/ul>\n        <\/div>\n        \n    <\/div>\n<\/div><div id=\"metaslider-id-43054\" style=\"max-width: 800px; margin: 0 auto;\" class=\"ml-slider-3-108-0 metaslider metaslider-flex metaslider-43054 ml-slider ms-theme-default nav-hidden nav-hidden nav-hidden nav-hidden\" role=\"region\" aria-label=\"Chr\u00e1nen\u00fd are\u00e1l Zempl\u00ednska \u0161\u00edrava\" data-height=\"250\" data-width=\"800\">\n    <div id=\"metaslider_container_43054\">\n        <div id=\"metaslider_43054\" class=\"flexslider\">\n            <ul class='slides'>\n                <li style=\"display: block; width: 100%;\" class=\"slide-43055 ms-image \" aria-roledescription=\"slide\" data-date=\"2021-10-18 14:21:03\" data-filename=\"sirava5-800x250.jpg\" data-slide-type=\"image\"><a href=\"https:\/\/www.keturist.sk\/info\/kam-do-prirody\/kam-do-prirody-smer-zemplin\/ochrana-prirody\/chraneny-areal-zemplinska-sirava\/\" target=\"_self\" aria-label=\"View Slide Details\" class=\"metaslider_image_link\"><img loading=\"lazy\" decoding=\"async\" src=\"https:\/\/www.keturist.sk\/info\/wp-content\/uploads\/2020\/05\/sirava5-800x250.jpg\" height=\"250\" width=\"800\" alt=\"Zempl\u00ednska \u0161\u00edrava\" class=\"slider-43054 slide-43055 msDefaultImage\" title=\"Zempl\u00ednska \u0161\u00edrava\" \/><\/a><div class=\"caption-wrap\"><div class=\"caption\"><b><a href=\"https:\/\/www.keturist.sk\/info\/kam-do-prirody\/kam-do-prirody-smer-zemplin\/ochrana-prirody\/chraneny-areal-zemplinska-sirava\/\"><span style=\"color:#FFFF00;\">Chr\u00e1nen\u00fd are\u00e1l Zempl\u00ednska \u0161\u00edrava<\/span><\/a><\/b><\/div><\/div><\/li>\n            <\/ul>\n        <\/div>\n        \n    <\/div>\n<\/div><div id=\"metaslider-id-49397\" style=\"max-width: 800px; margin: 0 auto;\" class=\"ml-slider-3-108-0 metaslider metaslider-flex metaslider-49397 ml-slider ms-theme-default nav-hidden nav-hidden nav-hidden nav-hidden nav-hidden\" role=\"region\" aria-label=\"N\u00e1rodn\u00e1 pr\u00edrodn\u00e1 rezerv\u00e1cia Tajba\" data-height=\"250\" data-width=\"800\">\n    <div id=\"metaslider_container_49397\">\n        <div id=\"metaslider_49397\" class=\"flexslider\">\n            <ul class='slides'>\n                <li style=\"display: block; width: 100%;\" class=\"slide-49565 ms-image \" aria-roledescription=\"slide\" data-date=\"2022-07-06 08:17:47\" data-filename=\"tajba2-800x250.jpg\" data-slide-type=\"image\"><a href=\"https:\/\/www.keturist.sk\/info\/kam-do-prirody\/kam-do-prirody-smer-zemplin\/ochrana-prirody\/narodna-prirodna-rezervacia-tajba\/\" target=\"_self\" aria-label=\"View Slide Details\" class=\"metaslider_image_link\"><img loading=\"lazy\" decoding=\"async\" src=\"https:\/\/www.keturist.sk\/info\/wp-content\/uploads\/2022\/07\/tajba2-800x250.jpg\" height=\"250\" width=\"800\" alt=\"N\u00e1rodn\u00e1 pr\u00edrodn\u00e1 rezerv\u00e1cia Tajba\" class=\"slider-49397 slide-49565 msDefaultImage\" title=\"N\u00e1rodn\u00e1 pr\u00edrodn\u00e1 rezerv\u00e1cia Tajba\" \/><\/a><div class=\"caption-wrap\"><div class=\"caption\"><b><a href=\"https:\/\/www.keturist.sk\/info\/kam-do-prirody\/kam-do-prirody-smer-zemplin\/ochrana-prirody\/narodna-prirodna-rezervacia-tajba\/\"><span style=\"color:#FFFF00;\">N\u00e1rodn\u00e1 pr\u00edrodn\u00e1 rezerv\u00e1cia Tajba<\/span><\/a><\/b><\/div><\/div><\/li>\n            <\/ul>\n        <\/div>\n        \n    <\/div>\n<\/div>\n<div class=\"su-divider su-divider-style-default\" style=\"margin:15px 0;border-width:3px;border-color:#000000\"><\/div>\n","protected":false},"excerpt":{"rendered":"<p>Podkateg\u00f3ria:<\/p>\n","protected":false},"author":1,"featured_media":0,"parent":39448,"menu_order":0,"comment_status":"closed","ping_status":"closed","template":"","meta":{"_uag_custom_page_level_css":"","_monsterinsights_skip_tracking":false,"_monsterinsights_sitenote_active":false,"_monsterinsights_sitenote_note":"","_monsterinsights_sitenote_category":0,"footnotes":""},"class_list":["post-40815","page","type-page","status-publish","hentry"],"featured_image_src":"","featured_image_src_square":false,"rbea_author_info":{"display_name":"admin","author_link":"https:\/\/www.keturist.sk\/info\/author\/admin\/"},"rbea_excerpt_info":"Podkateg\u00f3ria:","uagb_featured_image_src":{"full":false,"thumbnail":false,"medium":false,"medium_large":false,"large":false,"1536x1536":false,"2048x2048":false},"uagb_author_info":{"display_name":"admin","author_link":"https:\/\/www.keturist.sk\/info\/author\/admin\/"},"uagb_comment_info":0,"uagb_excerpt":"Podkateg\u00f3ria:","_links":{"self":[{"href":"https:\/\/www.keturist.sk\/info\/wp-json\/wp\/v2\/pages\/40815","targetHints":{"allow":["GET"]}}],"collection":[{"href":"https:\/\/www.keturist.sk\/info\/wp-json\/wp\/v2\/pages"}],"about":[{"href":"https:\/\/www.keturist.sk\/info\/wp-json\/wp\/v2\/types\/page"}],"author":[{"embeddable":true,"href":"https:\/\/www.keturist.sk\/info\/wp-json\/wp\/v2\/users\/1"}],"replies":[{"embeddable":true,"href":"https:\/\/www.keturist.sk\/info\/wp-json\/wp\/v2\/comments?post=40815"}],"version-history":[{"count":11,"href":"https:\/\/www.keturist.sk\/info\/wp-json\/wp\/v2\/pages\/40815\/revisions"}],"predecessor-version":[{"id":61921,"href":"https:\/\/www.keturist.sk\/info\/wp-json\/wp\/v2\/pages\/40815\/revisions\/61921"}],"up":[{"embeddable":true,"href":"https:\/\/www.keturist.sk\/info\/wp-json\/wp\/v2\/pages\/39448"}],"wp:attachment":[{"href":"https:\/\/www.keturist.sk\/info\/wp-json\/wp\/v2\/media?parent=40815"}],"curies":[{"name":"wp","href":"https:\/\/api.w.org\/{rel}","templated":true}]}}