{"id":39446,"date":"2021-05-10T13:23:28","date_gmt":"2021-05-10T11:23:28","guid":{"rendered":"https:\/\/www.keturist.sk\/info\/?page_id=39446"},"modified":"2025-12-15T09:02:08","modified_gmt":"2025-12-15T08:02:08","slug":"ruskovsky-rybnik","status":"publish","type":"page","link":"https:\/\/www.keturist.sk\/info\/kam-do-prirody\/kam-do-prirody-smer-zemplin\/vodopady-jazierka-rieky\/ruskovsky-rybnik\/","title":{"rendered":"Ruskovsk\u00fd rybn\u00edk &#8211; vodn\u00e1 n\u00e1dr\u017e Mal\u00fd Ruskov"},"content":{"rendered":"<a href=\"https:\/\/www.keturist.sk\/info\/\" class=\"su-button su-button-style-default\" style=\"color:#000000;background-color:#FFCF2F;border-color:#cca626;border-radius:5px\" target=\"_self\"><span style=\"color:#000000;padding:6px 16px;font-size:13px;line-height:20px;border-color:#ffde6e;border-radius:5px;text-shadow:none\"><i class=\"sui sui-arrow-right\" style=\"font-size:13px;color:#000000\"><\/i>  Spravodaj <\/span><\/a>\n<a href=\"https:\/\/www.keturist.sk\/info\/tipy-na-vylety\/\" class=\"su-button su-button-style-default\" style=\"color:#000000;background-color:#FFCF2F;border-color:#cca626;border-radius:5px\" target=\"_self\"><span style=\"color:#000000;padding:6px 16px;font-size:13px;line-height:20px;border-color:#ffde6e;border-radius:5px;text-shadow:none\"><i class=\"sui sui-arrow-right\" style=\"font-size:13px;color:#000000\"><\/i>  TIPY NA V\u00ddLETY <\/span><\/a>\n<a href=\"https:\/\/www.keturist.sk\/info\/kam-do-prirody\/\" class=\"su-button su-button-style-default\" style=\"color:#000000;background-color:#FFCF2F;border-color:#cca626;border-radius:5px\" target=\"_self\"><span style=\"color:#000000;padding:6px 16px;font-size:13px;line-height:20px;border-color:#ffde6e;border-radius:5px;text-shadow:none\"><i class=\"sui sui-arrow-right\" style=\"font-size:13px;color:#000000\"><\/i>  Kam do pr\u00edrody <\/span><\/a>\n<a href=\"https:\/\/www.keturist.sk\/info\/kam-do-prirody\/kam-do-prirody-smer-zemplin\/\" class=\"su-button su-button-style-default\" style=\"color:#000000;background-color:#FFCF2F;border-color:#cca626;border-radius:5px\" target=\"_self\"><span style=\"color:#000000;padding:6px 16px;font-size:13px;line-height:20px;border-color:#ffde6e;border-radius:5px;text-shadow:none\"><i class=\"sui sui-arrow-right\" style=\"font-size:13px;color:#000000\"><\/i>  Smer Doln\u00fd Zempl\u00edn <\/span><\/a>\n<div class=\"su-divider su-divider-style-default\" style=\"margin:15px 0;border-width:0px;border-color:#000000\"><\/div>\n<strong>Podkateg\u00f3ria: <\/strong> <a href=\"https:\/\/www.keturist.sk\/info\/kam-do-prirody\/kam-do-prirody-smer-zemplin\/vodopady-jazierka-rieky\/\" class=\"su-button su-button-style-default\" style=\"color:#000000;background-color:#afd144;border-color:#8ca837;border-radius:5px\" target=\"_self\"><span style=\"color:#000000;padding:6px 16px;font-size:13px;line-height:20px;border-color:#c7df7d;border-radius:5px;text-shadow:none\"><i class=\"sui sui-arrow-right\" style=\"font-size:13px;color:#000000\"><\/i>  Vodop\u00e1dy, jazierka, rieky \u2026 <\/span><\/a>\n<p><strong>Lokaliz\u00e1cia: <\/strong><a href=\"https:\/\/www.keturist.sk\/info\/vseobecne-informacie\/zemplin\/\"> Doln\u00fd Zempl\u00edn<\/a><\/p>\n<div class=\"su-divider su-divider-style-default\" style=\"margin:15px 0;border-width:2px;border-color:#000000\"><\/div>\n<figure id=\"attachment_39543\" aria-describedby=\"caption-attachment-39543\" style=\"width: 900px\" class=\"wp-caption aligncenter\"><a href=\"https:\/\/www.keturist.sk\/info\/wp-content\/uploads\/2021\/05\/ruskovsky-rybnik5.jpg\"><img loading=\"lazy\" decoding=\"async\" class=\"wp-image-39543\" src=\"https:\/\/www.keturist.sk\/info\/wp-content\/uploads\/2021\/05\/ruskovsky-rybnik5-800x534.jpg\" alt=\"Ruskovsk\u00fd rybn\u00edk - vodn\u00e1 n\u00e1dr\u017e Mal\u00fd Ruskov\" width=\"900\" height=\"600\" srcset=\"https:\/\/www.keturist.sk\/info\/wp-content\/uploads\/2021\/05\/ruskovsky-rybnik5-800x534.jpg 800w, https:\/\/www.keturist.sk\/info\/wp-content\/uploads\/2021\/05\/ruskovsky-rybnik5-270x180.jpg 270w, https:\/\/www.keturist.sk\/info\/wp-content\/uploads\/2021\/05\/ruskovsky-rybnik5-768x512.jpg 768w, https:\/\/www.keturist.sk\/info\/wp-content\/uploads\/2021\/05\/ruskovsky-rybnik5.jpg 1000w\" sizes=\"auto, (max-width: 900px) 100vw, 900px\" \/><\/a><figcaption id=\"caption-attachment-39543\" class=\"wp-caption-text\">Ruskovsk\u00fd rybn\u00edk, Fotograf: Jozef Mare\u010dek (https:\/\/www.facebook.com\/jozef.marecek.94)<\/figcaption><\/figure>\n<div class=\"su-divider su-divider-style-default\" style=\"margin:15px 0;border-width:2px;border-color:#000000\"><\/div>\n<h2 class=\"ds-markdown-paragraph\"><span style=\"color: #800000;\">\u010co je Ruskovsk\u00fd rybn\u00edk a kde ho n\u00e1jdete?<\/span><\/h2>\n<p class=\"ds-markdown-paragraph\"><strong>Ruskovsk\u00fd rybn\u00edk<\/strong>\u00a0je pokojn\u00e1 vodn\u00e1 plocha, ktor\u00e1 vznikla v roku 1964 ne\u010faleko obce Mal\u00fd Ruskov. Pre turistov a v\u00fdletn\u00edkov je v\u00fdnimo\u010dne dobre dostupn\u00fd \u2013 nach\u00e1dza sa pribli\u017ene 0,7 km z\u00e1padne od mesta Trebi\u0161ov a len pribli\u017ene 0,35 km na v\u00fdchod od spom\u00ednanej obce Mal\u00fd Ruskov. T\u00e1to\u00a0<strong>vodn\u00e1 n\u00e1dr\u017e Mal\u00fd Ruskov<\/strong>, ako sa tie\u017e niekedy naz\u00fdva, je napojen\u00e1 na potok Drie\u0148ovec.<\/p>\n<h2 class=\"ds-markdown-paragraph\"><span style=\"color: #800000;\">Ak\u00e1 je rozloha Ruskovsk\u00e9ho rybn\u00edka?<\/span><\/h2>\n<p class=\"ds-markdown-paragraph\">Rozloha tohto p\u00f4vabn\u00e9ho rybn\u00edka je pribli\u017ene 5 hekt\u00e1rov, \u010do z neho rob\u00ed ide\u00e1lny cie\u013e na pokojn\u00fa polud\u0148aj\u0161iu prech\u00e1dzku alebo pozorovanie pr\u00edrody.<\/p>\n<h2 class=\"ds-markdown-paragraph\"><span style=\"color: #800000;\">Na \u010do sa Ruskovsk\u00fd rybn\u00edk vyu\u017e\u00edva?<\/span><\/h2>\n<p class=\"ds-markdown-paragraph\">Rybn\u00edk je prim\u00e1rne vyu\u017e\u00edvan\u00fd pre <strong>chov r\u00fdb<\/strong>, a to hlavne\u00a0<strong>kapra oby\u010dajn\u00e9ho<\/strong>\u00a0(lat. Cyprinus carpio). Z \u010fal\u0161\u00edch druhov r\u00fdb sa tu vyskytuj\u00fa\u00a0<strong>ovsienka striebrist\u00e1<\/strong>\u00a0(Leucaspius delineatus),\u00a0<strong>plesk\u00e1\u010d vysok\u00fd<\/strong>\u00a0(Abramis brama),\u00a0<strong>\u010dervenica ostrobruch\u00e1<\/strong>\u00a0(Scardinius erythrophthalmus) a\u00a0<strong>plotica \u010dervenook\u00e1<\/strong>\u00a0(Rutilus rutilus).<\/p>\n<h2 class=\"ds-markdown-paragraph\"><span style=\"color: #800000;\">Ak\u00e9 vt\u00e1ctvo a \u017eivo\u010d\u00edchy m\u00f4\u017eete pri Ruskovskom rybn\u00edku pozorova\u0165?<\/span><\/h2>\n<p class=\"ds-markdown-paragraph\"><strong>Ruskovsk\u00fd rybn\u00edk<\/strong>\u00a0je v\u00fdznamn\u00fdm\u00a0<strong>are\u00e1lom pre vodn\u00e9 vt\u00e1ctvo<\/strong>\u00a0a \u010fal\u0161ie \u017eivo\u010d\u00edchy, \u010d\u00edm l\u00e1kaj\u00fa milovn\u00edkov pr\u00edrody. Pravidelne tu mo\u017eno vidie\u0165\u00a0<strong>ka\u010dicu div\u00fa<\/strong>\u00a0(Anas platyrhyncha),\u00a0<strong>ryb\u00e1rika oby\u010dajn\u00e9ho<\/strong>\u00a0(Alcedo atthis),\u00a0<strong>bociana bieleho<\/strong>\u00a0(Ciconia ciconia),\u00a0<strong>bociana \u010dierneho<\/strong>\u00a0(Ciconia nigra),\u00a0<strong>volavku popolav\u00fa<\/strong>\u00a0(Ardea cinerea) a\u00a0<strong>trasochvosta \u017elt\u00e9ho<\/strong>\u00a0(Motacilla flava).<\/p>\n<p class=\"ds-markdown-paragraph\">Z oboj\u017eiveln\u00edkov tu n\u00e1jdete\u00a0<strong>mloka bodkovan\u00e9ho, mloka hrebenat\u00e9ho, mloka horsk\u00e9ho, salamandru \u0161kvrnit\u00e9ho, ropuchu bradavi\u010dnat\u00fa, kunku \u017eltobruch\u00fa a hrabavku \u0161kvrnit\u00fa<\/strong>. Z plazov s\u00fa to\u00a0<strong>u\u017eovka oby\u010dajn\u00e1<\/strong>\u00a0a\u00a0<strong>slep\u00fach l\u00e1mav\u00fd<\/strong>.<\/p>\n<h2 class=\"ds-markdown-paragraph\"><span style=\"color: #800000;\">Do akej pr\u00edrodnej oblasti Ruskovsk\u00fd rybn\u00edk patr\u00ed?<\/span><\/h2>\n<p class=\"ds-markdown-paragraph\">Z geomorfologick\u00e9ho h\u013eadiska patr\u00ed <strong>Ruskovsk\u00fd rybn\u00edk<\/strong>\u00a0do oblasti\u00a0<strong>V\u00fdchodoslovenskej n\u00ed\u017einy<\/strong>, konkr\u00e9tne do jej celku\u00a0<strong>V\u00fdchodoslovensk\u00e1 rovina<\/strong>, a podcelku\u00a0<strong>Trebi\u0161ovsk\u00e1 tabu\u013ea<\/strong>.<\/p>\n<h2><span style=\"color: #800000;\">Fotogal\u00e9ria<\/span><\/h2>\n<style type=\"text\/css\">\n#foogallery-gallery-72164 .fg-image { width: 200px; }<\/style>\n\t\t\t<div class=\"foogallery foogallery-container foogallery-carousel foogallery-lightbox-foogallery fg-carousel fg-ready fg-light fg-border-medium fg-round-small fg-shadow-medium fg-loading-default fg-loaded-fade-in fg-hover-semi-zoomed fg-hover-fade fg-hover-circle-plus2\" id=\"foogallery-gallery-72164\" data-foogallery=\"{&quot;item&quot;:{&quot;showCaptionTitle&quot;:true,&quot;showCaptionDescription&quot;:true},&quot;lazy&quot;:true,&quot;template&quot;:{&quot;maxItems&quot;:5,&quot;scale&quot;:0.11999999999999999555910790149937383830547332763671875,&quot;gutter&quot;:{&quot;min&quot;:-40,&quot;max&quot;:-20,&quot;unit&quot;:&quot;%&quot;},&quot;autoplay&quot;:{&quot;time&quot;:0,&quot;interaction&quot;:&quot;pause&quot;},&quot;centerOnClick&quot;:true,&quot;align&quot;:&quot;center&quot;,&quot;activePosition&quot;:&quot;center&quot;}}\" data-foogallery-lightbox=\"{&quot;thumbs&quot;:&quot;bottom&quot;,&quot;thumbsCaptions&quot;:false,&quot;thumbsBestFit&quot;:false,&quot;thumbsSmall&quot;:false,&quot;thumbsCaptionsAlign&quot;:&quot;default&quot;,&quot;info&quot;:&quot;bottom&quot;,&quot;infoVisible&quot;:true,&quot;infoOverlay&quot;:true,&quot;infoAlign&quot;:&quot;default&quot;,&quot;transition&quot;:&quot;fade&quot;,&quot;hoverButtons&quot;:false,&quot;fitMedia&quot;:false,&quot;noScrollbars&quot;:true,&quot;preserveButtonSpace&quot;:true,&quot;buttons&quot;:{&quot;fullscreen&quot;:true,&quot;info&quot;:true,&quot;thumbs&quot;:false},&quot;video&quot;:{&quot;autoPlay&quot;:true}}\" style=\"--fg-title-line-clamp: 1; --fg-description-line-clamp: 2;\" >\n\t<button type=\"button\" class=\"fg-carousel-prev\" title=\"Previous\"><\/button>\n\t<div class=\"fg-carousel-inner\">\n\t\t<div class=\"fg-carousel-center\"><\/div>\n\t\t<div class=\"fg-item fg-type-image fg-idle\"><figure class=\"fg-item-inner\"><a href=\"https:\/\/www.keturist.sk\/info\/wp-content\/uploads\/2021\/05\/ruskovsky-rybnik4.jpg\" data-caption-title=\"Ruskovsk\u00fd rybn\u00edk \u2013 vodn\u00e1 n\u00e1dr\u017e Mal\u00fd Ruskov\" data-caption-desc=\"Ruskovsk\u00fd rybn\u00edk, Fotograf: Jozef Mare\u010dek (https:\/\/www.facebook.com\/jozef.marecek.94)\" data-attachment-id=\"39545\" data-type=\"image\" class=\"fg-thumb\"><span class=\"fg-image-wrap\"><img decoding=\"async\" alt=\"Ruskovsk\u00fd rybn\u00edk \u2013 vodn\u00e1 n\u00e1dr\u017e Mal\u00fd Ruskov\" title=\"Ruskovsk\u00fd rybn\u00edk \u2013 vodn\u00e1 n\u00e1dr\u017e Mal\u00fd Ruskov\" width=\"200\" height=\"200\" class=\"skip-lazy fg-image\" data-src-fg=\"https:\/\/www.keturist.sk\/info\/wp-content\/uploads\/cache\/2021\/05\/ruskovsky-rybnik4\/1426110943.jpg\" src=\"data:image\/svg+xml,%3Csvg%20xmlns%3D%22http%3A%2F%2Fwww.w3.org%2F2000%2Fsvg%22%20width%3D%22200%22%20height%3D%22200%22%20viewBox%3D%220%200%20200%20200%22%3E%3C%2Fsvg%3E\" loading=\"eager\"><\/span><span class=\"fg-image-overlay\"><\/span><\/a><figcaption class=\"fg-caption\"><div class=\"fg-caption-inner\"><div class=\"fg-caption-title\">Ruskovsk\u00fd rybn\u00edk \u2013 vodn\u00e1 n\u00e1dr\u017e Mal\u00fd Ruskov<\/div><div class=\"fg-caption-desc\">Ruskovsk\u00fd rybn\u00edk, Fotograf: Jozef Mare\u010dek (https:\/\/www.facebook.com\/jozef.marecek.94)<\/div><\/div><\/figcaption><\/figure><div class=\"fg-loader\"><\/div><\/div><div class=\"fg-item fg-type-image fg-idle\"><figure class=\"fg-item-inner\"><a href=\"https:\/\/www.keturist.sk\/info\/wp-content\/uploads\/2021\/05\/ruskovsky-rybnik3.jpg\" data-caption-title=\"Ruskovsk\u00fd rybn\u00edk \u2013 vodn\u00e1 n\u00e1dr\u017e Mal\u00fd Ruskov\" data-caption-desc=\"Ruskovsk\u00fd rybn\u00edk, Fotograf: Jozef Mare\u010dek (https:\/\/www.facebook.com\/jozef.marecek.94)\" data-attachment-id=\"39544\" data-type=\"image\" class=\"fg-thumb\"><span class=\"fg-image-wrap\"><img decoding=\"async\" alt=\"Ruskovsk\u00fd rybn\u00edk \u2013 vodn\u00e1 n\u00e1dr\u017e Mal\u00fd Ruskov\" title=\"Ruskovsk\u00fd rybn\u00edk \u2013 vodn\u00e1 n\u00e1dr\u017e Mal\u00fd Ruskov\" width=\"200\" height=\"200\" class=\"skip-lazy fg-image\" data-src-fg=\"https:\/\/www.keturist.sk\/info\/wp-content\/uploads\/cache\/2021\/05\/ruskovsky-rybnik3\/2797656367.jpg\" src=\"data:image\/svg+xml,%3Csvg%20xmlns%3D%22http%3A%2F%2Fwww.w3.org%2F2000%2Fsvg%22%20width%3D%22200%22%20height%3D%22200%22%20viewBox%3D%220%200%20200%20200%22%3E%3C%2Fsvg%3E\" loading=\"eager\"><\/span><span class=\"fg-image-overlay\"><\/span><\/a><figcaption class=\"fg-caption\"><div class=\"fg-caption-inner\"><div class=\"fg-caption-title\">Ruskovsk\u00fd rybn\u00edk \u2013 vodn\u00e1 n\u00e1dr\u017e Mal\u00fd Ruskov<\/div><div class=\"fg-caption-desc\">Ruskovsk\u00fd rybn\u00edk, Fotograf: Jozef Mare\u010dek (https:\/\/www.facebook.com\/jozef.marecek.94)<\/div><\/div><\/figcaption><\/figure><div class=\"fg-loader\"><\/div><\/div><div class=\"fg-item fg-type-image fg-idle\"><figure class=\"fg-item-inner\"><a href=\"https:\/\/www.keturist.sk\/info\/wp-content\/uploads\/2021\/05\/ruskovsky-rybnik5.jpg\" data-caption-title=\"Ruskovsk\u00fd rybn\u00edk \u2013 vodn\u00e1 n\u00e1dr\u017e Mal\u00fd Ruskov\" data-caption-desc=\"Ruskovsk\u00fd rybn\u00edk, Fotograf: Jozef Mare\u010dek (https:\/\/www.facebook.com\/jozef.marecek.94)\" data-attachment-id=\"39543\" data-type=\"image\" class=\"fg-thumb\"><span class=\"fg-image-wrap\"><img decoding=\"async\" alt=\"Ruskovsk\u00fd rybn\u00edk \u2013 vodn\u00e1 n\u00e1dr\u017e Mal\u00fd Ruskov\" title=\"Ruskovsk\u00fd rybn\u00edk \u2013 vodn\u00e1 n\u00e1dr\u017e Mal\u00fd Ruskov\" width=\"200\" height=\"200\" class=\"skip-lazy fg-image\" data-src-fg=\"https:\/\/www.keturist.sk\/info\/wp-content\/uploads\/cache\/2021\/05\/ruskovsky-rybnik5\/4228838889.jpg\" src=\"data:image\/svg+xml,%3Csvg%20xmlns%3D%22http%3A%2F%2Fwww.w3.org%2F2000%2Fsvg%22%20width%3D%22200%22%20height%3D%22200%22%20viewBox%3D%220%200%20200%20200%22%3E%3C%2Fsvg%3E\" loading=\"eager\"><\/span><span class=\"fg-image-overlay\"><\/span><\/a><figcaption class=\"fg-caption\"><div class=\"fg-caption-inner\"><div class=\"fg-caption-title\">Ruskovsk\u00fd rybn\u00edk \u2013 vodn\u00e1 n\u00e1dr\u017e Mal\u00fd Ruskov<\/div><div class=\"fg-caption-desc\">Ruskovsk\u00fd rybn\u00edk, Fotograf: Jozef Mare\u010dek (https:\/\/www.facebook.com\/jozef.marecek.94)<\/div><\/div><\/figcaption><\/figure><div class=\"fg-loader\"><\/div><\/div><div class=\"fg-item fg-type-image fg-idle\"><figure class=\"fg-item-inner\"><a href=\"https:\/\/www.keturist.sk\/info\/wp-content\/uploads\/2020\/05\/ruskovsky-rybnik1.jpg\" data-caption-title=\"Ruskovsk\u00fd rybn\u00edk \u2013 vodn\u00e1 n\u00e1dr\u017e Mal\u00fd Ruskov\" data-caption-desc=\"Ruskovsk\u00fd rybn\u00edk, Fotograf: Jozef Mare\u010dek (https:\/\/www.facebook.com\/jozef.marecek.94)\" data-attachment-id=\"39462\" data-type=\"image\" class=\"fg-thumb\"><span class=\"fg-image-wrap\"><img decoding=\"async\" alt=\"Ruskovsk\u00fd rybn\u00edk \u2013 vodn\u00e1 n\u00e1dr\u017e Mal\u00fd Ruskov\" title=\"Ruskovsk\u00fd rybn\u00edk \u2013 vodn\u00e1 n\u00e1dr\u017e Mal\u00fd Ruskov\" width=\"200\" height=\"200\" class=\"skip-lazy fg-image\" data-src-fg=\"https:\/\/www.keturist.sk\/info\/wp-content\/uploads\/cache\/2020\/05\/ruskovsky-rybnik1\/317572192.jpg\" src=\"data:image\/svg+xml,%3Csvg%20xmlns%3D%22http%3A%2F%2Fwww.w3.org%2F2000%2Fsvg%22%20width%3D%22200%22%20height%3D%22200%22%20viewBox%3D%220%200%20200%20200%22%3E%3C%2Fsvg%3E\" loading=\"eager\"><\/span><span class=\"fg-image-overlay\"><\/span><\/a><figcaption class=\"fg-caption\"><div class=\"fg-caption-inner\"><div class=\"fg-caption-title\">Ruskovsk\u00fd rybn\u00edk \u2013 vodn\u00e1 n\u00e1dr\u017e Mal\u00fd Ruskov<\/div><div class=\"fg-caption-desc\">Ruskovsk\u00fd rybn\u00edk, Fotograf: Jozef Mare\u010dek (https:\/\/www.facebook.com\/jozef.marecek.94)<\/div><\/div><\/figcaption><\/figure><div class=\"fg-loader\"><\/div><\/div>\t<\/div>\n\t<div class=\"fg-carousel-bottom\"><\/div>\n\t<div class=\"fg-carousel-progress\"><\/div>\n\t<button type=\"button\" class=\"fg-carousel-next\" title=\"Next\"><\/button>\n<\/div>\n<h2><span style=\"color: #800000;\">Zauj\u00edmav\u00e9 odkazy<\/span><\/h2>\n<h3><span style=\"color: #808000;\">Okolit\u00e9 Stredisk\u00e1 a centr\u00e1:<\/span><\/h3>\n<ul>\n<li>Mesto Trebi\u0161ov (\u010d\u00edtaj viac&#8230;)<\/li>\n<\/ul>\n<ul>\n<li>Obec Mal\u00fd Ruskov (\u010d\u00edtaj viac&#8230;)<\/li>\n<\/ul>\n<h2><span style=\"color: #800000;\">Mapy<\/span><\/h2>\n<p><strong>Vrstvy: <\/strong>Turistick\u00e1 mapa, Automapa, Cyklomapa, Ly\u017eiarska mapa, Satelitn\u00e1 mapa a OpenStreetMap.<\/p>\n<p><strong>Kliknut\u00edm na logo &#8222;Freemap.sk&#8220; sa V\u00e1m mapa zobraz\u00ed na celej ploche obrazovky.<\/strong><\/p>\n<p><iframe style=\"width: 900px; height: 500px; border: 0;\" src=\"https:\/\/www.freemap.sk\/?map=13\/48.633456\/21.679166&amp;info-point=48.633456\/21.679166,Ruskovsk\u00fd rybn\u00edk&amp;layers=X&amp;embed=search\" allowfullscreen=\"allowfullscreen\"><span data-mce-type=\"bookmark\" style=\"display: inline-block; width: 0px; overflow: hidden; line-height: 0;\" class=\"mce_SELRES_start\">\ufeff<\/span><\/iframe><\/p>\n<h2><span style=\"color: #800000;\">Po\u010dasie<\/span><\/h2>\n<p><iframe style=\"width: 900px; height: 621px;\" src=\"https:\/\/www.meteoblue.com\/sk\/po%C4%8Dasie\/widget\/three\/mal%c3%bd-ruskov_slovensko_724188?geoloc=fixed&amp;nocurrent=0&amp;noforecast=0&amp;days=7&amp;tempunit=CELSIUS&amp;windunit=KILOMETER_PER_HOUR&amp;layout=image\" frameborder=\"0\" scrolling=\"NO\" sandbox=\"allow-same-origin allow-scripts allow-popups allow-popups-to-escape-sandbox\"><\/iframe><\/p>\n<div><!-- DO NOT REMOVE THIS LINK --><a href=\"https:\/\/www.meteoblue.com\/sk\/po%C4%8Dasie\/t%C3%BD%C5%BEde%C5%88\/mal%c3%bd-ruskov_slovensko_724188?utm_source=weather_widget&amp;utm_medium=linkus&amp;utm_content=three&amp;utm_campaign=Weather%2BWidget\" target=\"_blank\" rel=\"noopener\">meteoblue<\/a><\/div>\n","protected":false},"excerpt":{"rendered":"<p>Podkateg\u00f3ria: Lokaliz\u00e1cia: Doln\u00fd Zempl\u00edn \u010co je Ruskovsk\u00fd rybn\u00edk a kde ho n\u00e1jdete? Ruskovsk\u00fd rybn\u00edk\u00a0je pokojn\u00e1 vodn\u00e1 plocha, ktor\u00e1 vznikla v roku 1964 ne\u010faleko obce Mal\u00fd Ruskov. Pre turistov a v\u00fdletn\u00edkov [&hellip;]<\/p>\n","protected":false},"author":1,"featured_media":39543,"parent":39454,"menu_order":0,"comment_status":"closed","ping_status":"closed","template":"","meta":{"_uag_custom_page_level_css":"","_monsterinsights_skip_tracking":false,"_monsterinsights_sitenote_active":false,"_monsterinsights_sitenote_note":"","_monsterinsights_sitenote_category":0,"footnotes":""},"class_list":["post-39446","page","type-page","status-publish","has-post-thumbnail","hentry"],"featured_image_src":"https:\/\/www.keturist.sk\/info\/wp-content\/uploads\/2021\/05\/ruskovsky-rybnik5.jpg","featured_image_src_square":"https:\/\/www.keturist.sk\/info\/wp-content\/uploads\/2021\/05\/ruskovsky-rybnik5.jpg","rbea_author_info":{"display_name":"admin","author_link":"https:\/\/www.keturist.sk\/info\/author\/admin\/"},"rbea_excerpt_info":"Podkateg\u00f3ria: Lokaliz\u00e1cia: Doln\u00fd Zempl\u00edn \u010co je Ruskovsk\u00fd rybn\u00edk a kde ho n\u00e1jdete? Ruskovsk\u00fd rybn\u00edk\u00a0je pokojn\u00e1 vodn\u00e1 plocha, ktor\u00e1 vznikla v roku 1964 ne\u010faleko obce Mal\u00fd Ruskov. Pre turistov a v\u00fdletn\u00edkov [&hellip;]","uagb_featured_image_src":{"full":["https:\/\/www.keturist.sk\/info\/wp-content\/uploads\/2021\/05\/ruskovsky-rybnik5.jpg",1000,667,false],"thumbnail":["https:\/\/www.keturist.sk\/info\/wp-content\/uploads\/2021\/05\/ruskovsky-rybnik5-270x180.jpg",270,180,true],"medium":["https:\/\/www.keturist.sk\/info\/wp-content\/uploads\/2021\/05\/ruskovsky-rybnik5-800x534.jpg",800,534,true],"medium_large":["https:\/\/www.keturist.sk\/info\/wp-content\/uploads\/2021\/05\/ruskovsky-rybnik5-768x512.jpg",768,512,true],"large":["https:\/\/www.keturist.sk\/info\/wp-content\/uploads\/2021\/05\/ruskovsky-rybnik5.jpg",1000,667,false],"1536x1536":["https:\/\/www.keturist.sk\/info\/wp-content\/uploads\/2021\/05\/ruskovsky-rybnik5.jpg",1000,667,false],"2048x2048":["https:\/\/www.keturist.sk\/info\/wp-content\/uploads\/2021\/05\/ruskovsky-rybnik5.jpg",1000,667,false]},"uagb_author_info":{"display_name":"admin","author_link":"https:\/\/www.keturist.sk\/info\/author\/admin\/"},"uagb_comment_info":0,"uagb_excerpt":"Podkateg\u00f3ria: Lokaliz\u00e1cia: Doln\u00fd Zempl\u00edn \u010co je Ruskovsk\u00fd rybn\u00edk a kde ho n\u00e1jdete? Ruskovsk\u00fd rybn\u00edk\u00a0je pokojn\u00e1 vodn\u00e1 plocha, ktor\u00e1 vznikla v roku 1964 ne\u010faleko obce Mal\u00fd Ruskov. Pre turistov a v\u00fdletn\u00edkov [&hellip;]","_links":{"self":[{"href":"https:\/\/www.keturist.sk\/info\/wp-json\/wp\/v2\/pages\/39446","targetHints":{"allow":["GET"]}}],"collection":[{"href":"https:\/\/www.keturist.sk\/info\/wp-json\/wp\/v2\/pages"}],"about":[{"href":"https:\/\/www.keturist.sk\/info\/wp-json\/wp\/v2\/types\/page"}],"author":[{"embeddable":true,"href":"https:\/\/www.keturist.sk\/info\/wp-json\/wp\/v2\/users\/1"}],"replies":[{"embeddable":true,"href":"https:\/\/www.keturist.sk\/info\/wp-json\/wp\/v2\/comments?post=39446"}],"version-history":[{"count":30,"href":"https:\/\/www.keturist.sk\/info\/wp-json\/wp\/v2\/pages\/39446\/revisions"}],"predecessor-version":[{"id":72165,"href":"https:\/\/www.keturist.sk\/info\/wp-json\/wp\/v2\/pages\/39446\/revisions\/72165"}],"up":[{"embeddable":true,"href":"https:\/\/www.keturist.sk\/info\/wp-json\/wp\/v2\/pages\/39454"}],"wp:featuredmedia":[{"embeddable":true,"href":"https:\/\/www.keturist.sk\/info\/wp-json\/wp\/v2\/media\/39543"}],"wp:attachment":[{"href":"https:\/\/www.keturist.sk\/info\/wp-json\/wp\/v2\/media?parent=39446"}],"curies":[{"name":"wp","href":"https:\/\/api.w.org\/{rel}","templated":true}]}}