{"id":39142,"date":"2021-04-06T02:11:44","date_gmt":"2021-04-06T00:11:44","guid":{"rendered":"https:\/\/www.keturist.sk\/info\/?page_id=39142"},"modified":"2022-07-04T17:39:21","modified_gmt":"2022-07-04T15:39:21","slug":"najnizsie-polozene-miesto-na-slovensku-s-nadmorskou-vyskou-943-m-n-m","status":"publish","type":"page","link":"https:\/\/www.keturist.sk\/info\/zaujimavosti\/najnizsie-polozene-miesto-na-slovensku-s-nadmorskou-vyskou-943-m-n-m\/","title":{"rendered":"Najni\u017e\u0161ie polo\u017een\u00e9 miesto na Slovensku s nadmorskou v\u00fd\u0161kou 94,3 m n. m."},"content":{"rendered":"<a href=\"https:\/\/www.keturist.sk\/info\/\" class=\"su-button su-button-style-default\" style=\"color:#000000;background-color:#FFCF2F;border-color:#cca626;border-radius:5px\" target=\"_self\"><span style=\"color:#000000;padding:6px 16px;font-size:13px;line-height:20px;border-color:#ffde6e;border-radius:5px;text-shadow:none\"><i class=\"sui sui-arrow-right\" style=\"font-size:13px;color:#000000\"><\/i>  Spravodaj <\/span><\/a>\n<a href=\"https:\/\/www.keturist.sk\/info\/tipy-na-vylety\/\" class=\"su-button su-button-style-default\" style=\"color:#000000;background-color:#FFCF2F;border-color:#cca626;border-radius:5px\" target=\"_self\"><span style=\"color:#000000;padding:6px 16px;font-size:13px;line-height:20px;border-color:#ffde6e;border-radius:5px;text-shadow:none\"><i class=\"sui sui-arrow-right\" style=\"font-size:13px;color:#000000\"><\/i>  TIPY NA V\u00ddLETY <\/span><\/a>\n<a href=\"https:\/\/www.keturist.sk\/info\/zaujimavosti\/\" class=\"su-button su-button-style-default\" style=\"color:#000000;background-color:#FFCF2F;border-color:#cca626;border-radius:5px\" target=\"_self\"><span style=\"color:#000000;padding:6px 16px;font-size:13px;line-height:20px;border-color:#ffde6e;border-radius:5px;text-shadow:none\"><i class=\"sui sui-arrow-right\" style=\"font-size:13px;color:#000000\"><\/i>  Zauj\u00edmavosti <\/span><\/a>\n<div class=\"su-divider su-divider-style-default\" style=\"margin:15px 0;border-width:0px;border-color:#000000\"><\/div>\n<strong>Lokaliz\u00e1cia: <\/strong><a href=\"https:\/\/www.keturist.sk\/info\/vseobecne-informacie\/zemplin\/\">Doln\u00fd Zempl\u00edn<\/a><br \/>\n<div class=\"su-divider su-divider-style-default\" style=\"margin:15px 0;border-width:2px;border-color:#000000\"><\/div>\n<h3><span style=\"color: #808000;\">V\u0161eobecn\u00e9 inform\u00e1cie<\/span><\/h3>\n<p>Najni\u017e\u0161ie polo\u017een\u00e9 miesto na Slovensku s nadmorskou v\u00fd\u0161kou 94,3 m n. m. sa nach\u00e1dza katastr\u00e1lnom \u00fazem\u00ed obce Klin nad Bodrogom.<\/p>\n<figure id=\"attachment_47190\" aria-describedby=\"caption-attachment-47190\" style=\"width: 800px\" class=\"wp-caption aligncenter\"><a href=\"https:\/\/www.keturist.sk\/info\/wp-content\/uploads\/2022\/02\/klin-kostol4.jpg\"><img loading=\"lazy\" decoding=\"async\" class=\"wp-image-47190 size-medium\" src=\"https:\/\/www.keturist.sk\/info\/wp-content\/uploads\/2022\/02\/klin-kostol4-800x534.jpg\" alt=\"\" width=\"800\" height=\"534\" srcset=\"https:\/\/www.keturist.sk\/info\/wp-content\/uploads\/2022\/02\/klin-kostol4-800x534.jpg 800w, https:\/\/www.keturist.sk\/info\/wp-content\/uploads\/2022\/02\/klin-kostol4-270x180.jpg 270w, https:\/\/www.keturist.sk\/info\/wp-content\/uploads\/2022\/02\/klin-kostol4-768x512.jpg 768w, https:\/\/www.keturist.sk\/info\/wp-content\/uploads\/2022\/02\/klin-kostol4.jpg 1000w\" sizes=\"auto, (max-width: 800px) 100vw, 800px\" \/><\/a><figcaption id=\"caption-attachment-47190\" class=\"wp-caption-text\">\u017dulov\u00fd st\u013ap a r\u00edmskokatol\u00edcky kostol sv. Joachima a sv. Anny, Fotograf: Jozef Mare\u010dek (https:\/\/www.facebook.com\/jozef.marecek.94)<\/figcaption><\/figure>\n<p>Toto miesto je ozna\u010den\u00e9 \u017eulov\u00fdm st\u013apom, na ktorom je uveden\u00e1 jeho nadmorsk\u00e1 v\u00fd\u0161ka.<\/p>\n<p>Klin nad Bodrogom (v minulosti Bodrogsek, ma\u010f. Bodrogsz\u00f6g) je obec na Slovensku v Ko\u0161ickom kraji v okrese Trebi\u0161ov, v tesnej bl\u00edzkosti \u0161t\u00e1tnej hranice s Ma\u010farskom.<\/p>\n<figure id=\"attachment_47194\" aria-describedby=\"caption-attachment-47194\" style=\"width: 800px\" class=\"wp-caption aligncenter\"><a href=\"https:\/\/www.keturist.sk\/info\/wp-content\/uploads\/2022\/02\/stlp2.jpg\"><img loading=\"lazy\" decoding=\"async\" class=\"wp-image-47194 size-medium\" src=\"https:\/\/www.keturist.sk\/info\/wp-content\/uploads\/2022\/02\/stlp2-800x534.jpg\" alt=\"\" width=\"800\" height=\"534\" srcset=\"https:\/\/www.keturist.sk\/info\/wp-content\/uploads\/2022\/02\/stlp2-800x534.jpg 800w, https:\/\/www.keturist.sk\/info\/wp-content\/uploads\/2022\/02\/stlp2-270x180.jpg 270w, https:\/\/www.keturist.sk\/info\/wp-content\/uploads\/2022\/02\/stlp2-768x512.jpg 768w, https:\/\/www.keturist.sk\/info\/wp-content\/uploads\/2022\/02\/stlp2.jpg 1000w\" sizes=\"auto, (max-width: 800px) 100vw, 800px\" \/><\/a><figcaption id=\"caption-attachment-47194\" class=\"wp-caption-text\">\u017dulov\u00fdm st\u013ap, Fotograf: Jozef Mare\u010dek (https:\/\/www.facebook.com\/jozef.marecek.94)<\/figcaption><\/figure>\n<p>Obec le\u017e\u00ed pri rieke <a href=\"https:\/\/www.keturist.sk\/info\/kam-do-prirody\/kam-do-prirody-smer-zemplin\/vodopady-jazierka-rieky\/rieka-bodrog\/\">Bodrog<\/a> ne\u010faleko od ma\u010farskej \u0161t\u00e1tnej hranice a pribli\u017ene 22 kilometrov juhoz\u00e1padne od mesta Kr\u00e1\u013eovsk\u00fd Chlmec.<\/p>\n<p>V obdob\u00ed rokov 1961 a\u017e 1990 bola s\u00fa\u010das\u0165ou susednej obce Streda nad Bodrogom.<\/p>\n<figure id=\"attachment_47193\" aria-describedby=\"caption-attachment-47193\" style=\"width: 800px\" class=\"wp-caption aligncenter\"><a href=\"https:\/\/www.keturist.sk\/info\/wp-content\/uploads\/2022\/02\/stlp1.jpg\"><img loading=\"lazy\" decoding=\"async\" class=\"wp-image-47193 size-medium\" src=\"https:\/\/www.keturist.sk\/info\/wp-content\/uploads\/2022\/02\/stlp1-800x534.jpg\" alt=\"\" width=\"800\" height=\"534\" srcset=\"https:\/\/www.keturist.sk\/info\/wp-content\/uploads\/2022\/02\/stlp1-800x534.jpg 800w, https:\/\/www.keturist.sk\/info\/wp-content\/uploads\/2022\/02\/stlp1-270x180.jpg 270w, https:\/\/www.keturist.sk\/info\/wp-content\/uploads\/2022\/02\/stlp1-768x512.jpg 768w, https:\/\/www.keturist.sk\/info\/wp-content\/uploads\/2022\/02\/stlp1.jpg 1000w\" sizes=\"auto, (max-width: 800px) 100vw, 800px\" \/><\/a><figcaption id=\"caption-attachment-47193\" class=\"wp-caption-text\">\u017dulov\u00fdm st\u013ap a p\u00e1n Jozef mare\u010dek , Fotograf: Jozef Mare\u010dek (https:\/\/www.facebook.com\/jozef.marecek.94)<\/figcaption><\/figure>\n<p>Len len p\u00e1r metrov od od \u017eulov\u00e9ho st\u013apa sa nach\u00e1dza r\u00edmskokatol\u00edcky <a href=\"https:\/\/www.keturist.sk\/info\/kam-za-pamiatkami\/kam-za-pamiatkami-smer-zemplin\/nabozenske-pamiatky\/kostol-sv-joachima-a-sv-anny-v-kline-nad-bodrogom\/\">kostol sv. Joachima a sv. Anny<\/a> , z konca 13. storo\u010dia.<\/p>\n<p>Kostol\u00edk so samostatne stojacou zvonicou je najni\u017e\u0161ie polo\u017eenou sakr\u00e1lnou stavbou na Slovensku.<\/p>\n<figure id=\"attachment_47195\" aria-describedby=\"caption-attachment-47195\" style=\"width: 800px\" class=\"wp-caption aligncenter\"><a href=\"https:\/\/www.keturist.sk\/info\/wp-content\/uploads\/2022\/02\/klin-kostol1.jpg\"><img loading=\"lazy\" decoding=\"async\" class=\"wp-image-47195 size-medium\" src=\"https:\/\/www.keturist.sk\/info\/wp-content\/uploads\/2022\/02\/klin-kostol1-800x534.jpg\" alt=\"\" width=\"800\" height=\"534\" srcset=\"https:\/\/www.keturist.sk\/info\/wp-content\/uploads\/2022\/02\/klin-kostol1-800x534.jpg 800w, https:\/\/www.keturist.sk\/info\/wp-content\/uploads\/2022\/02\/klin-kostol1-270x180.jpg 270w, https:\/\/www.keturist.sk\/info\/wp-content\/uploads\/2022\/02\/klin-kostol1-768x512.jpg 768w, https:\/\/www.keturist.sk\/info\/wp-content\/uploads\/2022\/02\/klin-kostol1.jpg 1000w\" sizes=\"auto, (max-width: 800px) 100vw, 800px\" \/><\/a><figcaption id=\"caption-attachment-47195\" class=\"wp-caption-text\">R\u00edmskokatol\u00edcky kostol sv. Joachima a sv. Anny, Fotograf: Jozef Mare\u010dek (https:\/\/www.facebook.com\/jozef.marecek.94)<\/figcaption><\/figure>\n<p>Toto miesto je dobre dostupn\u00e9 pe\u0161i, ako aj na bicykli.<\/p>\n<p>Vedie tadia\u013eto po\u013en\u00e1 cesta popri m\u0155tvom ramene Bodrogu.<\/p>\n<figure id=\"attachment_47192\" aria-describedby=\"caption-attachment-47192\" style=\"width: 800px\" class=\"wp-caption aligncenter\"><a href=\"https:\/\/www.keturist.sk\/info\/wp-content\/uploads\/2022\/02\/klin-kostol2.jpg\"><img loading=\"lazy\" decoding=\"async\" class=\"wp-image-47192 size-medium\" src=\"https:\/\/www.keturist.sk\/info\/wp-content\/uploads\/2022\/02\/klin-kostol2-800x534.jpg\" alt=\"\" width=\"800\" height=\"534\" srcset=\"https:\/\/www.keturist.sk\/info\/wp-content\/uploads\/2022\/02\/klin-kostol2-800x534.jpg 800w, https:\/\/www.keturist.sk\/info\/wp-content\/uploads\/2022\/02\/klin-kostol2-270x180.jpg 270w, https:\/\/www.keturist.sk\/info\/wp-content\/uploads\/2022\/02\/klin-kostol2-768x512.jpg 768w, https:\/\/www.keturist.sk\/info\/wp-content\/uploads\/2022\/02\/klin-kostol2.jpg 1000w\" sizes=\"auto, (max-width: 800px) 100vw, 800px\" \/><\/a><figcaption id=\"caption-attachment-47192\" class=\"wp-caption-text\">R\u00edmskokatol\u00edcky kostol sv. Joachima a sv. Anny, Fotograf: Jozef Mare\u010dek (https:\/\/www.facebook.com\/jozef.marecek.94)<\/figcaption><\/figure>\n<p>M\u0155tve rameno je naz\u00fdvan\u00e9 ako <a href=\"https:\/\/www.keturist.sk\/info\/kam-do-prirody\/kam-do-prirody-smer-zemplin\/vodopady-jazierka-rieky\/mrtve-rameno-v-kline-nad-bodrogom\/\">Bodrogsek<\/a> alebo aj <a href=\"https:\/\/www.keturist.sk\/info\/kam-do-prirody\/kam-do-prirody-smer-zemplin\/vodopady-jazierka-rieky\/mrtve-rameno-v-kline-nad-bodrogom\/\">H\u00e1\u010dik<\/a> (n\u00e1zov odvoden\u00fd pod\u013ea svojho charakteristick\u00e9ho tvaru, pripom\u00ednaj\u00faceho tvar h\u00e1\u010dika).<\/p>\n<p>Na tejto trase m\u00f4\u017eete obdivova\u0165 men\u0161ie mokrade so vz\u00e1cnou mo\u010diarnou veget\u00e1ciou.<\/p>\n<figure id=\"attachment_47191\" aria-describedby=\"caption-attachment-47191\" style=\"width: 800px\" class=\"wp-caption aligncenter\"><a href=\"https:\/\/www.keturist.sk\/info\/wp-content\/uploads\/2022\/02\/klin-kostol3.jpg\"><img loading=\"lazy\" decoding=\"async\" class=\"wp-image-47191 size-medium\" src=\"https:\/\/www.keturist.sk\/info\/wp-content\/uploads\/2022\/02\/klin-kostol3-800x534.jpg\" alt=\"\" width=\"800\" height=\"534\" srcset=\"https:\/\/www.keturist.sk\/info\/wp-content\/uploads\/2022\/02\/klin-kostol3-800x534.jpg 800w, https:\/\/www.keturist.sk\/info\/wp-content\/uploads\/2022\/02\/klin-kostol3-270x180.jpg 270w, https:\/\/www.keturist.sk\/info\/wp-content\/uploads\/2022\/02\/klin-kostol3-768x512.jpg 768w, https:\/\/www.keturist.sk\/info\/wp-content\/uploads\/2022\/02\/klin-kostol3.jpg 1000w\" sizes=\"auto, (max-width: 800px) 100vw, 800px\" \/><\/a><figcaption id=\"caption-attachment-47191\" class=\"wp-caption-text\">R\u00edmskokatol\u00edcky kostol sv. Joachima a sv. Anny, Fotograf: Jozef Mare\u010dek (https:\/\/www.facebook.com\/jozef.marecek.94)<\/figcaption><\/figure>\n<p>Trasa vedie a\u017e k \u013eav\u00e9mu brehu hlavn\u00e9ho toku rieky <a href=\"https:\/\/www.keturist.sk\/info\/kam-do-prirody\/kam-do-prirody-smer-zemplin\/vodopady-jazierka-rieky\/rieka-bodrog\/\">Bodrog<\/a>.<\/p>\n<h3><span style=\"color: #808000;\">Bl\u00edzke stredisko, turistick\u00e9 centrum, obec alebo mesto:<\/span><\/h3>\n<ul>\n<li><a href=\"https:\/\/www.klinnadbodrogom.sk\/\" target=\"_blank\" rel=\"noopener\">Kl\u00edn nad Bodrogom (\u010d\u00edtaj viac&#8230;)<\/a><\/li>\n<\/ul>\n<h3><span style=\"color: #808000;\">Mapy:<\/span><\/h3>\n<p><strong>Vrstvy: <\/strong>Turistick\u00e1 mapa, Automapa, Cyklomapa, Ly\u017eiarska mapa, Satelitn\u00e1 mapa a OpenStreetMap.<\/p>\n<p><strong>Kliknut\u00edm na logo &#8222;Freemap.sk&#8220; sa V\u00e1m mapa zobraz\u00ed na celej ploche obrazovky.<\/strong><\/p>\n<p><iframe style=\"width: 800px; height: 500px; border: 0;\" src=\"https:\/\/www.freemap.sk\/?map=15\/48.384424\/21.720773&amp;info-point=48.384424\/21.720773,Najni\u017e\u0161ie polo\u017een\u00e9 miesto na Slovensku &amp;layers=T&amp;embed=search\" allowfullscreen=\"allowfullscreen\"><span data-mce-type=\"bookmark\" style=\"display: inline-block; width: 0px; overflow: hidden; line-height: 0;\" class=\"mce_SELRES_start\">\ufeff<\/span><\/iframe><\/p>\n<h3><span style=\"color: #808000;\">Po\u010dasie<\/span><\/h3>\n<p><iframe style=\"width: 805px; height: 623px;\" src=\"https:\/\/www.meteoblue.com\/sk\/po%C4%8Dasie\/widget\/three\/kl%c3%adn-nad-bodrogom_slovensko_724495?geoloc=fixed&amp;nocurrent=0&amp;noforecast=0&amp;days=7&amp;tempunit=CELSIUS&amp;windunit=KILOMETER_PER_HOUR&amp;layout=image\" frameborder=\"0\" scrolling=\"NO\" sandbox=\"allow-same-origin allow-scripts allow-popups allow-popups-to-escape-sandbox\"><\/iframe><\/p>\n<div><!-- DO NOT REMOVE THIS LINK --><a href=\"https:\/\/www.meteoblue.com\/sk\/po%C4%8Dasie\/t%C3%BD%C5%BEde%C5%88\/kl%c3%adn-nad-bodrogom_slovensko_724495?utm_source=weather_widget&amp;utm_medium=linkus&amp;utm_content=three&amp;utm_campaign=Weather%2BWidget\" target=\"_blank\" rel=\"noopener\">meteoblue<\/a><\/div>\n","protected":false},"excerpt":{"rendered":"<p>Lokaliz\u00e1cia: Doln\u00fd Zempl\u00edn V\u0161eobecn\u00e9 inform\u00e1cie Najni\u017e\u0161ie polo\u017een\u00e9 miesto na Slovensku s nadmorskou v\u00fd\u0161kou 94,3 m n. m. sa nach\u00e1dza katastr\u00e1lnom \u00fazem\u00ed obce Klin nad Bodrogom. Toto miesto je ozna\u010den\u00e9 \u017eulov\u00fdm [&hellip;]<\/p>\n","protected":false},"author":1,"featured_media":0,"parent":260,"menu_order":0,"comment_status":"closed","ping_status":"closed","template":"","meta":{"_uag_custom_page_level_css":"","_monsterinsights_skip_tracking":false,"_monsterinsights_sitenote_active":false,"_monsterinsights_sitenote_note":"","_monsterinsights_sitenote_category":0,"footnotes":""},"class_list":["post-39142","page","type-page","status-publish","hentry"],"featured_image_src":"","featured_image_src_square":false,"rbea_author_info":{"display_name":"admin","author_link":"https:\/\/www.keturist.sk\/info\/author\/admin\/"},"rbea_excerpt_info":"Lokaliz\u00e1cia: Doln\u00fd Zempl\u00edn V\u0161eobecn\u00e9 inform\u00e1cie Najni\u017e\u0161ie polo\u017een\u00e9 miesto na Slovensku s nadmorskou v\u00fd\u0161kou 94,3 m n. m. sa nach\u00e1dza katastr\u00e1lnom \u00fazem\u00ed obce Klin nad Bodrogom. Toto miesto je ozna\u010den\u00e9 \u017eulov\u00fdm [&hellip;]","uagb_featured_image_src":{"full":false,"thumbnail":false,"medium":false,"medium_large":false,"large":false,"1536x1536":false,"2048x2048":false},"uagb_author_info":{"display_name":"admin","author_link":"https:\/\/www.keturist.sk\/info\/author\/admin\/"},"uagb_comment_info":0,"uagb_excerpt":"Lokaliz\u00e1cia: Doln\u00fd Zempl\u00edn V\u0161eobecn\u00e9 inform\u00e1cie Najni\u017e\u0161ie polo\u017een\u00e9 miesto na Slovensku s nadmorskou v\u00fd\u0161kou 94,3 m n. m. sa nach\u00e1dza katastr\u00e1lnom \u00fazem\u00ed obce Klin nad Bodrogom. Toto miesto je ozna\u010den\u00e9 \u017eulov\u00fdm [&hellip;]","_links":{"self":[{"href":"https:\/\/www.keturist.sk\/info\/wp-json\/wp\/v2\/pages\/39142","targetHints":{"allow":["GET"]}}],"collection":[{"href":"https:\/\/www.keturist.sk\/info\/wp-json\/wp\/v2\/pages"}],"about":[{"href":"https:\/\/www.keturist.sk\/info\/wp-json\/wp\/v2\/types\/page"}],"author":[{"embeddable":true,"href":"https:\/\/www.keturist.sk\/info\/wp-json\/wp\/v2\/users\/1"}],"replies":[{"embeddable":true,"href":"https:\/\/www.keturist.sk\/info\/wp-json\/wp\/v2\/comments?post=39142"}],"version-history":[{"count":21,"href":"https:\/\/www.keturist.sk\/info\/wp-json\/wp\/v2\/pages\/39142\/revisions"}],"predecessor-version":[{"id":49524,"href":"https:\/\/www.keturist.sk\/info\/wp-json\/wp\/v2\/pages\/39142\/revisions\/49524"}],"up":[{"embeddable":true,"href":"https:\/\/www.keturist.sk\/info\/wp-json\/wp\/v2\/pages\/260"}],"wp:attachment":[{"href":"https:\/\/www.keturist.sk\/info\/wp-json\/wp\/v2\/media?parent=39142"}],"curies":[{"name":"wp","href":"https:\/\/api.w.org\/{rel}","templated":true}]}}