{"id":38418,"date":"2021-02-03T10:22:35","date_gmt":"2021-02-03T09:22:35","guid":{"rendered":"https:\/\/www.keturist.sk\/info\/?page_id=38418"},"modified":"2021-07-21T15:48:09","modified_gmt":"2021-07-21T13:48:09","slug":"naucny-chodnik-na-zeleznej-ceste-cucma","status":"publish","type":"page","link":"https:\/\/www.keturist.sk\/info\/aktivity\/naucny-chodnik-na-zeleznej-ceste-cucma\/","title":{"rendered":"N\u00e1u\u010dny chodn\u00edk na \u017deleznej ceste &#8211; \u010cu\u010dma"},"content":{"rendered":"<a href=\"https:\/\/www.keturist.sk\/info\/\" class=\"su-button su-button-style-default\" style=\"color:#000000;background-color:#FFCF2F;border-color:#cca626;border-radius:5px\" target=\"_self\"><span style=\"color:#000000;padding:6px 16px;font-size:13px;line-height:20px;border-color:#ffde6e;border-radius:5px;text-shadow:none\"><i class=\"sui sui-arrow-right\" style=\"font-size:13px;color:#000000\"><\/i>  Spravodaj <\/span><\/a><a href=\"https:\/\/www.keturist.sk\/info\/tipy-na-vylety\/\" class=\"su-button su-button-style-default\" style=\"color:#000000;background-color:#FFCF2F;border-color:#cca626;border-radius:5px\" target=\"_self\"><span style=\"color:#000000;padding:6px 16px;font-size:13px;line-height:20px;border-color:#ffde6e;border-radius:5px;text-shadow:none\"><i class=\"sui sui-arrow-right\" style=\"font-size:13px;color:#000000\"><\/i>  Tipy na v\u00fdlety <\/span><\/a>\n<div class=\"su-divider su-divider-style-default\" style=\"margin:15px 0;border-width:0px;border-color:#000000\"><\/div>\n<strong>Podkateg\u00f3ria: <\/strong> <a href=\"https:\/\/www.keturist.sk\/info\/aktivity\/naucne-chodniky\/\" class=\"su-button su-button-style-default\" style=\"color:#000000;background-color:#afd144;border-color:#8ca837;border-radius:5px\" target=\"_self\"><span style=\"color:#000000;padding:6px 16px;font-size:13px;line-height:20px;border-color:#c7df7d;border-radius:5px;text-shadow:none\"><i class=\"sui sui-arrow-right\" style=\"font-size:13px;color:#000000\"><\/i>  Nau\u010dn\u00e9 chodn\u00edky <\/span><\/a>\n<div class=\"su-divider su-divider-style-default\" style=\"margin:15px 0;border-width:0px;border-color:#000000\"><\/div>\n<strong>Lokaliz\u00e1cia: <\/strong><a href=\"https:\/\/www.keturist.sk\/info\/okolite-hory\/volovske-vrchy\/\">Volovsk\u00e9 vrchy<\/a><br \/>\n<div class=\"su-divider su-divider-style-default\" style=\"margin:15px 0;border-width:2px;border-color:#000000\"><\/div>\n<h3><span style=\"color: #808000;\">V\u0161eobecn\u00e9 inform\u00e1cie<\/span><\/h3>\n<p>N\u00e1u\u010dny chodn\u00edk na \u017deleznej ceste sa nach\u00e1dza v katastr\u00e1lnom \u00fazem\u00ed obce \u010cu\u010dma.<\/p>\n<figure id=\"attachment_28486\" aria-describedby=\"caption-attachment-28486\" style=\"width: 800px\" class=\"wp-caption aligncenter\"><a href=\"https:\/\/www.keturist.sk\/info\/wp-content\/uploads\/2019\/01\/cucma.jpeg\"><img loading=\"lazy\" decoding=\"async\" class=\"wp-image-28486\" src=\"https:\/\/www.keturist.sk\/info\/wp-content\/uploads\/2019\/01\/cucma-800x530.jpeg\" alt=\"\" width=\"800\" height=\"530\" srcset=\"https:\/\/www.keturist.sk\/info\/wp-content\/uploads\/2019\/01\/cucma-800x530.jpeg 800w, https:\/\/www.keturist.sk\/info\/wp-content\/uploads\/2019\/01\/cucma-270x180.jpeg 270w, https:\/\/www.keturist.sk\/info\/wp-content\/uploads\/2019\/01\/cucma-768x509.jpeg 768w, https:\/\/www.keturist.sk\/info\/wp-content\/uploads\/2019\/01\/cucma-400x265.jpeg 400w, https:\/\/www.keturist.sk\/info\/wp-content\/uploads\/2019\/01\/cucma.jpeg 868w\" sizes=\"auto, (max-width: 800px) 100vw, 800px\" \/><\/a><figcaption id=\"caption-attachment-28486\" class=\"wp-caption-text\">Obec \u010cu\u010dma<\/figcaption><\/figure>\n<p>Trasa tohto samoobslu\u017en\u00e9ho i l\u00edniov\u00e9ho chodn\u00edka za\u010d\u00edna a n\u00e1sledne prech\u00e1dza obcou \u010cu\u010dma.<\/p>\n<p>V minulosti sa tu \u0165a\u017eilo zlato, striebro, me\u010f a antim\u00f3n.<\/p>\n<figure id=\"attachment_28487\" aria-describedby=\"caption-attachment-28487\" style=\"width: 800px\" class=\"wp-caption aligncenter\"><a href=\"https:\/\/www.keturist.sk\/info\/wp-content\/uploads\/2019\/01\/cucma-chodnik.jpeg\"><img loading=\"lazy\" decoding=\"async\" class=\"wp-image-28487\" src=\"https:\/\/www.keturist.sk\/info\/wp-content\/uploads\/2019\/01\/cucma-chodnik-800x530.jpeg\" alt=\"\" width=\"800\" height=\"530\" srcset=\"https:\/\/www.keturist.sk\/info\/wp-content\/uploads\/2019\/01\/cucma-chodnik-800x530.jpeg 800w, https:\/\/www.keturist.sk\/info\/wp-content\/uploads\/2019\/01\/cucma-chodnik-270x180.jpeg 270w, https:\/\/www.keturist.sk\/info\/wp-content\/uploads\/2019\/01\/cucma-chodnik-768x509.jpeg 768w, https:\/\/www.keturist.sk\/info\/wp-content\/uploads\/2019\/01\/cucma-chodnik-400x265.jpeg 400w, https:\/\/www.keturist.sk\/info\/wp-content\/uploads\/2019\/01\/cucma-chodnik.jpeg 868w\" sizes=\"auto, (max-width: 800px) 100vw, 800px\" \/><\/a><figcaption id=\"caption-attachment-28487\" class=\"wp-caption-text\">N\u00e1u\u010dn\u00fd chodn\u00edk na \u017deleznej ceste<\/figcaption><\/figure>\n<p>Pribli\u017euje hist\u00f3riu ban\u00edctva i hutn\u00edctva v regi\u00f3ne a pozost\u00e1va z 9. informa\u010dn\u00fdch tab\u00fa\u013e.<\/p>\n<p>Jeho celkov\u00e1 d\u013a\u017eka je pribli\u017ene 3 km s prev\u00fd\u0161en\u00edm 150 m.<\/p>\n<figure id=\"attachment_35024\" aria-describedby=\"caption-attachment-35024\" style=\"width: 800px\" class=\"wp-caption aligncenter\"><a href=\"https:\/\/www.keturist.sk\/info\/wp-content\/uploads\/2020\/11\/800px-Cucma.jpg\"><img loading=\"lazy\" decoding=\"async\" class=\"wp-image-35024 size-full\" src=\"https:\/\/www.keturist.sk\/info\/wp-content\/uploads\/2020\/11\/800px-Cucma.jpg\" alt=\"\" width=\"800\" height=\"533\" srcset=\"https:\/\/www.keturist.sk\/info\/wp-content\/uploads\/2020\/11\/800px-Cucma.jpg 800w, https:\/\/www.keturist.sk\/info\/wp-content\/uploads\/2020\/11\/800px-Cucma-270x180.jpg 270w, https:\/\/www.keturist.sk\/info\/wp-content\/uploads\/2020\/11\/800px-Cucma-768x512.jpg 768w\" sizes=\"auto, (max-width: 800px) 100vw, 800px\" \/><\/a><figcaption id=\"caption-attachment-35024\" class=\"wp-caption-text\">Bansk\u00fd g\u00e1pe\u013e, fotograf: Luk\u00e1\u010d Peter, CC BY-SA 4.0 &lt;https:\/\/creativecommons.org\/licenses\/by-sa\/4.0&gt;, via Wikimedia Commons<\/figcaption><\/figure>\n<p><strong>Medzi jeho najzauj\u00edmavej\u0161ie \u010dasti patria:<\/strong><\/p>\n<p>Kresanica \u2013 ru\u010dne razen\u00e1 \u0161t\u00f4l\u0148a za pomoci kladiva a \u017eeliezka o celkovej d\u013a\u017eke pribli\u017ene 240m.<\/p>\n<p>Bansk\u00fd g\u00e1pe\u013e \u2013 sl\u00fa\u017eiaci na vertik\u00e1lnu prepravu, bol poh\u00e1\u0148an\u00fd \u0165a\u017enou silou kon\u00ed ).<\/p>\n<p>Zvonica \u2013 p\u00f4vodne Bansk\u00e1 klopa\u010dka \u2013 oznamovala za\u010diatok a koniec pracovnej \u0161ichty, upozor\u0148ovala na bl\u00ed\u017eiace sa nebezpe\u010denstvo. Jej zvon bol odliaty levo\u010dsk\u00fdm zvonolej\u00e1rom v roku 1794.<\/p>\n<p>Historick\u00fd bansk\u00fd voz\u00edk, replika vstupu do \u0161t\u00f4lne, b\u00fdval\u00e1 vod\u00e1re\u0148 a prekr\u00e1sny v\u00fdh\u013ead na obec i Ro\u017e\u0148avu.<\/p>\n<p><strong>N\u00e1zvy informa\u010dn\u00fdch panelov:<\/strong><br \/>\n1. Bansk\u00e9 pole Rozgang v \u010cu\u010dme,<br \/>\n2. Gravita\u010dn\u00e1 vod\u00e1re\u0148 pre mesto Ro\u017e\u0148ava,<br \/>\n3. Bansk\u00e1 obec \u010cu\u010dma,<br \/>\n4. Bansk\u00e9 dielo \u2013 Kresanica v \u010cu\u010dme,<br \/>\n5. Ban\u00edcka osada v Majerskej doline,<br \/>\n6. \u00daprav\u0148a antim\u00f3nov\u00fdch r\u00fad v \u010cu\u010dme,<br \/>\n7. Bansk\u00e9 pole Matej \u2013 Vincent,<br \/>\n8. Bansk\u00e9 pole Gabriela,<br \/>\n9. Ro\u017e\u0148avsk\u00e1 Metercia<\/p>\n<p><strong>Zameranie a typ chodn\u00edka:<\/strong> ban\u00edcke, historick\u00e9, technick\u00e9, samoobslu\u017en\u00fd, celoro\u010dn\u00e9 a l\u00edniov\u00e9<\/p>\n<p>N\u00e1u\u010dn\u00fd chodn\u00edk je nen\u00e1ro\u010dn\u00fd a vhodn\u00fd aj pre \u0161kolsk\u00e9 exkurzie.<\/p>\n<h3><span style=\"color: #808000;\">Okolit\u00e9 Stredisk\u00e1 a centr\u00e1<\/span><\/h3>\n<ul>\n<li><a href=\"https:\/\/www.keturist.sk\/info\/smer-volovske-vrchy\/obec-cucma\/\">Obec \u010cu\u010dma (\u010d\u00edtaj viac&#8230;)<\/a><\/li>\n<\/ul>\n<h3><span style=\"color: #808000;\">Mapy<\/span><\/h3>\n<p><strong>Vrstvy: <\/strong>Turistick\u00e1 mapa, Automapa, Cyklomapa, Ly\u017eiarska mapa, Satelitn\u00e1 mapa a OpenStreetMap.<\/p>\n<p><strong>Kliknut\u00edm na logo &#8222;Freemap.sk&#8220; sa V\u00e1m mapa zobraz\u00ed na celej ploche obrazovky.<\/strong><\/p>\n<p><iframe style=\"width: 800px; height: 500px; border: 0;\" src=\"https:\/\/www.freemap.sk\/?map=14\/48.689686\/20.542502&amp;info-point=48.689686\/20.542502,Obec \u010cu\u010dma&amp;layers=T&amp;embed=search\" allowfullscreen=\"allowfullscreen\"><span data-mce-type=\"bookmark\" style=\"display: inline-block; width: 0px; overflow: hidden; line-height: 0;\" class=\"mce_SELRES_start\">\ufeff<\/span><\/iframe><\/p>\n<h3><span style=\"color: #808000;\">Po\u010dasie<\/span><\/h3>\n<p><iframe style=\"width: 800px; height: 606px;\" src=\"https:\/\/www.meteoblue.com\/sk\/po%C4%8Dasie\/widget\/three\/%c4%8cu%c4%8dma_slovensk%c3%a1-republika_724924?geoloc=fixed&amp;nocurrent=0&amp;noforecast=0&amp;days=5&amp;tempunit=CELSIUS&amp;windunit=KILOMETER_PER_HOUR&amp;layout=image\" frameborder=\"0\" scrolling=\"NO\" sandbox=\"allow-same-origin allow-scripts allow-popups allow-popups-to-escape-sandbox\"><\/iframe><\/p>\n<div><!-- DO NOT REMOVE THIS LINK --><a href=\"https:\/\/www.meteoblue.com\/sk\/po%C4%8Dasie\/predpove%C4%8F\/t%C3%BD%C5%BEde%C5%88\/%c4%8cu%c4%8dma_slovensk%c3%a1-republika_724924?utm_source=weather_widget&amp;utm_medium=linkus&amp;utm_content=three&amp;utm_campaign=Weather%2BWidget\" target=\"_blank\" rel=\"noopener noreferrer\">meteoblue<\/a><\/div>\n","protected":false},"excerpt":{"rendered":"<p>Podkateg\u00f3ria: Lokaliz\u00e1cia: Volovsk\u00e9 vrchy V\u0161eobecn\u00e9 inform\u00e1cie N\u00e1u\u010dny chodn\u00edk na \u017deleznej ceste sa nach\u00e1dza v katastr\u00e1lnom \u00fazem\u00ed obce \u010cu\u010dma. Trasa tohto samoobslu\u017en\u00e9ho i l\u00edniov\u00e9ho chodn\u00edka za\u010d\u00edna a n\u00e1sledne prech\u00e1dza obcou \u010cu\u010dma. [&hellip;]<\/p>\n","protected":false},"author":1,"featured_media":0,"parent":258,"menu_order":0,"comment_status":"closed","ping_status":"closed","template":"","meta":{"_uag_custom_page_level_css":"","_monsterinsights_skip_tracking":false,"_monsterinsights_sitenote_active":false,"_monsterinsights_sitenote_note":"","_monsterinsights_sitenote_category":0,"footnotes":""},"class_list":["post-38418","page","type-page","status-publish","hentry"],"featured_image_src":"","featured_image_src_square":false,"rbea_author_info":{"display_name":"admin","author_link":"https:\/\/www.keturist.sk\/info\/author\/admin\/"},"rbea_excerpt_info":"Podkateg\u00f3ria: Lokaliz\u00e1cia: Volovsk\u00e9 vrchy V\u0161eobecn\u00e9 inform\u00e1cie N\u00e1u\u010dny chodn\u00edk na \u017deleznej ceste sa nach\u00e1dza v katastr\u00e1lnom \u00fazem\u00ed obce \u010cu\u010dma. Trasa tohto samoobslu\u017en\u00e9ho i l\u00edniov\u00e9ho chodn\u00edka za\u010d\u00edna a n\u00e1sledne prech\u00e1dza obcou \u010cu\u010dma. [&hellip;]","uagb_featured_image_src":{"full":false,"thumbnail":false,"medium":false,"medium_large":false,"large":false,"1536x1536":false,"2048x2048":false},"uagb_author_info":{"display_name":"admin","author_link":"https:\/\/www.keturist.sk\/info\/author\/admin\/"},"uagb_comment_info":0,"uagb_excerpt":"Podkateg\u00f3ria: Lokaliz\u00e1cia: Volovsk\u00e9 vrchy V\u0161eobecn\u00e9 inform\u00e1cie N\u00e1u\u010dny chodn\u00edk na \u017deleznej ceste sa nach\u00e1dza v katastr\u00e1lnom \u00fazem\u00ed obce \u010cu\u010dma. Trasa tohto samoobslu\u017en\u00e9ho i l\u00edniov\u00e9ho chodn\u00edka za\u010d\u00edna a n\u00e1sledne prech\u00e1dza obcou \u010cu\u010dma. [&hellip;]","_links":{"self":[{"href":"https:\/\/www.keturist.sk\/info\/wp-json\/wp\/v2\/pages\/38418","targetHints":{"allow":["GET"]}}],"collection":[{"href":"https:\/\/www.keturist.sk\/info\/wp-json\/wp\/v2\/pages"}],"about":[{"href":"https:\/\/www.keturist.sk\/info\/wp-json\/wp\/v2\/types\/page"}],"author":[{"embeddable":true,"href":"https:\/\/www.keturist.sk\/info\/wp-json\/wp\/v2\/users\/1"}],"replies":[{"embeddable":true,"href":"https:\/\/www.keturist.sk\/info\/wp-json\/wp\/v2\/comments?post=38418"}],"version-history":[{"count":15,"href":"https:\/\/www.keturist.sk\/info\/wp-json\/wp\/v2\/pages\/38418\/revisions"}],"predecessor-version":[{"id":40777,"href":"https:\/\/www.keturist.sk\/info\/wp-json\/wp\/v2\/pages\/38418\/revisions\/40777"}],"up":[{"embeddable":true,"href":"https:\/\/www.keturist.sk\/info\/wp-json\/wp\/v2\/pages\/258"}],"wp:attachment":[{"href":"https:\/\/www.keturist.sk\/info\/wp-json\/wp\/v2\/media?parent=38418"}],"curies":[{"name":"wp","href":"https:\/\/api.w.org\/{rel}","templated":true}]}}