{"id":38336,"date":"2021-01-30T16:33:16","date_gmt":"2021-01-30T15:33:16","guid":{"rendered":"https:\/\/www.keturist.sk\/info\/?page_id=38336"},"modified":"2021-11-11T06:31:25","modified_gmt":"2021-11-11T05:31:25","slug":"banicky-naucny-chodnik-zakarovce","status":"publish","type":"page","link":"https:\/\/www.keturist.sk\/info\/aktivity\/banicky-naucny-chodnik-zakarovce\/","title":{"rendered":"Ban\u00edcky n\u00e1u\u010dn\u00fd chodn\u00edk \u017dakarovce"},"content":{"rendered":"<a href=\"https:\/\/www.keturist.sk\/info\/\" class=\"su-button su-button-style-default\" style=\"color:#000000;background-color:#FFCF2F;border-color:#cca626;border-radius:5px\" target=\"_self\"><span style=\"color:#000000;padding:6px 16px;font-size:13px;line-height:20px;border-color:#ffde6e;border-radius:5px;text-shadow:none\"><i class=\"sui sui-arrow-right\" style=\"font-size:13px;color:#000000\"><\/i>  Spravodaj <\/span><\/a><a href=\"https:\/\/www.keturist.sk\/info\/tipy-na-vylety\/\" class=\"su-button su-button-style-default\" style=\"color:#000000;background-color:#FFCF2F;border-color:#cca626;border-radius:5px\" target=\"_self\"><span style=\"color:#000000;padding:6px 16px;font-size:13px;line-height:20px;border-color:#ffde6e;border-radius:5px;text-shadow:none\"><i class=\"sui sui-arrow-right\" style=\"font-size:13px;color:#000000\"><\/i>  Tipy na v\u00fdlety <\/span><\/a>\n<div class=\"su-divider su-divider-style-default\" style=\"margin:15px 0;border-width:0px;border-color:#000000\"><\/div>\n<strong>Podkateg\u00f3ria: <\/strong> <a href=\"https:\/\/www.keturist.sk\/info\/aktivity\/naucne-chodniky\/\" class=\"su-button su-button-style-default\" style=\"color:#000000;background-color:#afd144;border-color:#8ca837;border-radius:5px\" target=\"_self\"><span style=\"color:#000000;padding:6px 16px;font-size:13px;line-height:20px;border-color:#c7df7d;border-radius:5px;text-shadow:none\"><i class=\"sui sui-arrow-right\" style=\"font-size:13px;color:#000000\"><\/i>  Nau\u010dn\u00e9 chodn\u00edky <\/span><\/a>\n<div class=\"su-divider su-divider-style-default\" style=\"margin:15px 0;border-width:0px;border-color:#000000\"><\/div>\n<strong>Lokaliz\u00e1cia: <\/strong><a href=\"https:\/\/www.keturist.sk\/info\/okolite-hory\/volovske-vrchy\/\">Volovsk\u00e9 vrchy<\/a><br \/>\n<div class=\"su-divider su-divider-style-default\" style=\"margin:15px 0;border-width:2px;border-color:#000000\"><\/div>\n<h3><span style=\"color: #808000;\">V\u0161eobecn\u00e9 inform\u00e1cie<\/span><\/h3>\n<p>Ban\u00edcky n\u00e1u\u010dn\u00fd chodn\u00edk sa nach\u00e1dza v malebnej obci \u017dakarovce v okrese Gelnica.<\/p>\n<figure id=\"attachment_38347\" aria-describedby=\"caption-attachment-38347\" style=\"width: 800px\" class=\"wp-caption aligncenter\"><a href=\"https:\/\/www.keturist.sk\/info\/wp-content\/uploads\/2021\/01\/zakarovce-chodnik.jpg\"><img loading=\"lazy\" decoding=\"async\" class=\"wp-image-38347\" src=\"https:\/\/www.keturist.sk\/info\/wp-content\/uploads\/2021\/01\/zakarovce-chodnik-683x600.jpg\" alt=\"\" width=\"800\" height=\"703\" srcset=\"https:\/\/www.keturist.sk\/info\/wp-content\/uploads\/2021\/01\/zakarovce-chodnik-683x600.jpg 683w, https:\/\/www.keturist.sk\/info\/wp-content\/uploads\/2021\/01\/zakarovce-chodnik-205x180.jpg 205w, https:\/\/www.keturist.sk\/info\/wp-content\/uploads\/2021\/01\/zakarovce-chodnik-768x675.jpg 768w, https:\/\/www.keturist.sk\/info\/wp-content\/uploads\/2021\/01\/zakarovce-chodnik.jpg 904w\" sizes=\"auto, (max-width: 800px) 100vw, 800px\" \/><\/a><figcaption id=\"caption-attachment-38347\" class=\"wp-caption-text\">Ban\u00edcky n\u00e1u\u010dn\u00fd chodn\u00edk \u017dakarovce, zdroj: https:\/\/www.zakarovce.sk\/<\/figcaption><\/figure>\n<p>\u017dakarovce s\u00fa v\u00fdznamn\u00e1 ban\u00edcka obec s bohatou hist\u00f3riou.<\/p>\n<p>\u017delezorudn\u00e9 a meden\u00e9 bane tu boli v obci u\u017e v 16. storo\u010d\u00ed.<\/p>\n<p>V roku 1872 ich z\u00edskala T\u011b\u0161\u00ednsko-t\u0159ineck\u00e1 \u017eeleziarska spolo\u010dnos\u0165 Albrechta Habsbursk\u00e9ho.<\/p>\n<p>U\u017e pred zn\u00e1rodnen\u00edm boli lo\u017eiskov\u00e9 z\u00e1soby v \u017dakarovciach vy\u010derpan\u00e9 a prestalo sa v nich \u0165a\u017ei\u0165.<\/p>\n<p>N\u00e1u\u010dn\u00fd chodn\u00edk poukazuje na ban\u00edcku minulos\u0165 a jeho celkov\u00e1 d\u013a\u017eka je pribli\u017ene 3 km.<\/p>\n<p>Ban\u00edcky n\u00e1u\u010dn\u00fd chodn\u00edk so \u0161tyrmi informa\u010dn\u00fdmi tabu\u013eami je vhodn\u00fd aj pre rodiny s de\u0165mi.<\/p>\n<p>Prvou zast\u00e1vkou je \u017dakarovsk\u00e1 zuba\u010dka (kolajni\u010dka), ktor\u00e1 mala v minulosti d\u013a\u017eku pribli\u017ene \u0161tyri kilometre a sl\u00fa\u017eila na prepravu medenej a nesk\u00f4r \u017eeleznej rudy.<\/p>\n<p>\u017dakarovsk\u00e1 ko\u013eajni\u010dka, po ktorej prem\u00e1vala prv\u00e1 ozubnicov\u00e1 \u017eeleznica na \u00fazem\u00ed b\u00fdval\u00e9ho Rak\u00fasko-Uhorska a z\u00e1rove\u0148 prv\u00e1 v strednej Eur\u00f3pe.<\/p>\n<p>Druhou zast\u00e1vkou je replika banskej klopa\u010dky, zaklopan\u00edm na klopa\u010dku sa zvol\u00e1vali ban\u00edci do pr\u00e1ce.<\/p>\n<p>Tre\u0165ou zast\u00e1vkou je \u0160t\u00f4l\u0148a Zuzana so zauj\u00edmav\u00fdm dvojport\u00e1lov\u00fdm vstupom.<\/p>\n<p>Poslednou zast\u00e1vkou s\u00fa ban\u00edcke kol\u00f3nie.<\/p>\n<p>Ich s\u00fa\u010das\u0165ou bola samostatne postaven\u00e1 budova, kde pod spolo\u010dnou strechou bol rie\u0161en\u00fd aj priestor na pec pre pek\u00e1ra, \u010falej such\u00e1 toaleta a v p\u00f4vodnom stave zachovan\u00fd urinal z 18. storo\u010dia tzv. piso\u00e1r.<\/p>\n<p><span style=\"color: #ff0000;\"><strong>N\u00c1ZVY INFORMA\u010cN\u00ddCH PANELOV:<\/strong><\/span><br \/>\n<span style=\"color: #008000;\"><strong>Panel \u010d.1:<\/strong><\/span>\u00a0 \u017dakarovsk\u00e1 zuba\u010dka<br \/>\n<strong><span style=\"color: #008000;\">Panel \u010d.2:<\/span><\/strong> Bansk\u00e1 klopa\u010dka<br \/>\n<span style=\"color: #008000;\"><strong>Panel \u010d.3:<\/strong> <\/span>\u0160t\u00f4l\u0148a Zuzana<br \/>\n<strong><span style=\"color: #008000;\">Panel \u010d.4:<\/span> <\/strong>Ban\u00edcke kol\u00f3nie<\/p>\n<h3><span style=\"color: #808000;\">Bl\u00edzke stredisko, turistick\u00e9 centrum, obec alebo mesto:<\/span><\/h3>\n<ul>\n<li>Obec \u017dakarovce (\u010d\u00edtaj viac&#8230;)<\/li>\n<\/ul>\n<h3><strong><\/strong><span style=\"color: #808000;\">Mapy<\/span><\/h3>\n<p><strong>Vrstvy: <\/strong>Turistick\u00e1 mapa, Automapa, Cyklomapa, Ly\u017eiarska mapa, Satelitn\u00e1 mapa a OpenStreetMap.<\/p>\n<p><strong>Kliknut\u00edm na logo &#8222;Freemap.sk&#8220; sa V\u00e1m mapa zobraz\u00ed na celej ploche obrazovky.<\/strong><\/p>\n<p><iframe style=\"width: 800px; height: 500px; border: 0;\" src=\"https:\/\/www.freemap.sk\/?map=15\/48.880649\/20.926949&amp;info-point=48.880649\/20.926949,Obec \u017dakarovce&amp;layers=T&amp;embed=search\" allowfullscreen=\"allowfullscreen\"><\/iframe><\/p>\n<h3><span style=\"color: #808000;\">Po\u010dasie<\/span><\/h3>\n<p><iframe src=\"https:\/\/www.meteoblue.com\/sk\/po%C4%8Dasie\/widget\/three\/%c5%bdakarovce_slovensko_723109?geoloc=fixed&#038;nocurrent=0&#038;noforecast=0&#038;days=7&#038;tempunit=CELSIUS&#038;windunit=KILOMETER_PER_HOUR&#038;layout=image\"  frameborder=\"0\" scrolling=\"NO\" allowtransparency=\"true\" sandbox=\"allow-same-origin allow-scripts allow-popups allow-popups-to-escape-sandbox\" style=\"width: 805px; height: 621px\"><\/iframe><\/p>\n<div><!-- DO NOT REMOVE THIS LINK --><a href=\"https:\/\/www.meteoblue.com\/sk\/po%C4%8Dasie\/t%C3%BD%C5%BEde%C5%88\/%c5%bdakarovce_slovensko_723109?utm_source=weather_widget&#038;utm_medium=linkus&#038;utm_content=three&#038;utm_campaign=Weather%2BWidget\" target=\"_blank rel=\" rel=\"noopener\">meteoblue<\/a><\/div>\n","protected":false},"excerpt":{"rendered":"<p>Podkateg\u00f3ria: Lokaliz\u00e1cia: Volovsk\u00e9 vrchy V\u0161eobecn\u00e9 inform\u00e1cie Ban\u00edcky n\u00e1u\u010dn\u00fd chodn\u00edk sa nach\u00e1dza v malebnej obci \u017dakarovce v okrese Gelnica. \u017dakarovce s\u00fa v\u00fdznamn\u00e1 ban\u00edcka obec s bohatou hist\u00f3riou. \u017delezorudn\u00e9 a meden\u00e9 bane [&hellip;]<\/p>\n","protected":false},"author":1,"featured_media":0,"parent":258,"menu_order":0,"comment_status":"closed","ping_status":"closed","template":"","meta":{"_uag_custom_page_level_css":"","_monsterinsights_skip_tracking":false,"_monsterinsights_sitenote_active":false,"_monsterinsights_sitenote_note":"","_monsterinsights_sitenote_category":0,"footnotes":""},"class_list":["post-38336","page","type-page","status-publish","hentry"],"featured_image_src":"","featured_image_src_square":false,"rbea_author_info":{"display_name":"admin","author_link":"https:\/\/www.keturist.sk\/info\/author\/admin\/"},"rbea_excerpt_info":"Podkateg\u00f3ria: Lokaliz\u00e1cia: Volovsk\u00e9 vrchy V\u0161eobecn\u00e9 inform\u00e1cie Ban\u00edcky n\u00e1u\u010dn\u00fd chodn\u00edk sa nach\u00e1dza v malebnej obci \u017dakarovce v okrese Gelnica. \u017dakarovce s\u00fa v\u00fdznamn\u00e1 ban\u00edcka obec s bohatou hist\u00f3riou. \u017delezorudn\u00e9 a meden\u00e9 bane [&hellip;]","uagb_featured_image_src":{"full":false,"thumbnail":false,"medium":false,"medium_large":false,"large":false,"1536x1536":false,"2048x2048":false},"uagb_author_info":{"display_name":"admin","author_link":"https:\/\/www.keturist.sk\/info\/author\/admin\/"},"uagb_comment_info":0,"uagb_excerpt":"Podkateg\u00f3ria: Lokaliz\u00e1cia: Volovsk\u00e9 vrchy V\u0161eobecn\u00e9 inform\u00e1cie Ban\u00edcky n\u00e1u\u010dn\u00fd chodn\u00edk sa nach\u00e1dza v malebnej obci \u017dakarovce v okrese Gelnica. \u017dakarovce s\u00fa v\u00fdznamn\u00e1 ban\u00edcka obec s bohatou hist\u00f3riou. \u017delezorudn\u00e9 a meden\u00e9 bane [&hellip;]","_links":{"self":[{"href":"https:\/\/www.keturist.sk\/info\/wp-json\/wp\/v2\/pages\/38336","targetHints":{"allow":["GET"]}}],"collection":[{"href":"https:\/\/www.keturist.sk\/info\/wp-json\/wp\/v2\/pages"}],"about":[{"href":"https:\/\/www.keturist.sk\/info\/wp-json\/wp\/v2\/types\/page"}],"author":[{"embeddable":true,"href":"https:\/\/www.keturist.sk\/info\/wp-json\/wp\/v2\/users\/1"}],"replies":[{"embeddable":true,"href":"https:\/\/www.keturist.sk\/info\/wp-json\/wp\/v2\/comments?post=38336"}],"version-history":[{"count":15,"href":"https:\/\/www.keturist.sk\/info\/wp-json\/wp\/v2\/pages\/38336\/revisions"}],"predecessor-version":[{"id":43569,"href":"https:\/\/www.keturist.sk\/info\/wp-json\/wp\/v2\/pages\/38336\/revisions\/43569"}],"up":[{"embeddable":true,"href":"https:\/\/www.keturist.sk\/info\/wp-json\/wp\/v2\/pages\/258"}],"wp:attachment":[{"href":"https:\/\/www.keturist.sk\/info\/wp-json\/wp\/v2\/media?parent=38336"}],"curies":[{"name":"wp","href":"https:\/\/api.w.org\/{rel}","templated":true}]}}