{"id":38278,"date":"2021-01-29T06:22:53","date_gmt":"2021-01-29T05:22:53","guid":{"rendered":"https:\/\/www.keturist.sk\/info\/?page_id=38278"},"modified":"2021-07-21T15:46:25","modified_gmt":"2021-07-21T13:46:25","slug":"lesnicky-naucny-chodnik-smolnicka-osada","status":"publish","type":"page","link":"https:\/\/www.keturist.sk\/info\/aktivity\/lesnicky-naucny-chodnik-smolnicka-osada\/","title":{"rendered":"Lesn\u00edcky n\u00e1u\u010dn\u00fd chodn\u00edk Smoln\u00edcka osada"},"content":{"rendered":"<a href=\"https:\/\/www.keturist.sk\/info\/\" class=\"su-button su-button-style-default\" style=\"color:#000000;background-color:#FFCF2F;border-color:#cca626;border-radius:5px\" target=\"_self\"><span style=\"color:#000000;padding:6px 16px;font-size:13px;line-height:20px;border-color:#ffde6e;border-radius:5px;text-shadow:none\"><i class=\"sui sui-arrow-right\" style=\"font-size:13px;color:#000000\"><\/i>  Spravodaj <\/span><\/a><a href=\"https:\/\/www.keturist.sk\/info\/tipy-na-vylety\/\" class=\"su-button su-button-style-default\" style=\"color:#000000;background-color:#FFCF2F;border-color:#cca626;border-radius:5px\" target=\"_self\"><span style=\"color:#000000;padding:6px 16px;font-size:13px;line-height:20px;border-color:#ffde6e;border-radius:5px;text-shadow:none\"><i class=\"sui sui-arrow-right\" style=\"font-size:13px;color:#000000\"><\/i>  Tipy na v\u00fdlety <\/span><\/a>\n<div class=\"su-divider su-divider-style-default\" style=\"margin:15px 0;border-width:0px;border-color:#000000\"><\/div>\n<strong>Podkateg\u00f3ria: <\/strong> <a href=\"https:\/\/www.keturist.sk\/info\/aktivity\/naucne-chodniky\/\" class=\"su-button su-button-style-default\" style=\"color:#000000;background-color:#afd144;border-color:#8ca837;border-radius:5px\" target=\"_self\"><span style=\"color:#000000;padding:6px 16px;font-size:13px;line-height:20px;border-color:#c7df7d;border-radius:5px;text-shadow:none\"><i class=\"sui sui-arrow-right\" style=\"font-size:13px;color:#000000\"><\/i>  Nau\u010dn\u00e9 chodn\u00edky <\/span><\/a>\n<div class=\"su-divider su-divider-style-default\" style=\"margin:15px 0;border-width:0px;border-color:#000000\"><\/div>\n<strong>Lokaliz\u00e1cia: <\/strong><a href=\"https:\/\/www.keturist.sk\/info\/okolite-hory\/volovske-vrchy\/\">Volovsk\u00e9 vrchy<\/a><br \/>\n<div class=\"su-divider su-divider-style-default\" style=\"margin:15px 0;border-width:2px;border-color:#000000\"><\/div>\n<h3><span style=\"color: #808000;\">V\u0161eobecn\u00e9 inform\u00e1cie<\/span><\/h3>\n<p>Lesn\u00edcky n\u00e1u\u010dn\u00fd chodn\u00edk Smoln\u00edcka osada sa nach\u00e1dza v katastr\u00e1lnom \u00fazem\u00ed <a href=\"https:\/\/www.keturist.sk\/info\/turisticke-vychodiska\/smer-volovske-vrchy\/smolnicka-huta\/\">Smoln\u00edckej Huty<\/a>.<\/p>\n<figure id=\"attachment_38327\" aria-describedby=\"caption-attachment-38327\" style=\"width: 800px\" class=\"wp-caption aligncenter\"><a href=\"https:\/\/www.keturist.sk\/info\/wp-content\/uploads\/2021\/01\/naucny-chodnik-2020-005-mnisek.jpg\"><img loading=\"lazy\" decoding=\"async\" class=\"wp-image-38327 size-medium\" src=\"https:\/\/www.keturist.sk\/info\/wp-content\/uploads\/2021\/01\/naucny-chodnik-2020-005-mnisek-800x450.jpg\" alt=\"\" width=\"800\" height=\"450\" srcset=\"https:\/\/www.keturist.sk\/info\/wp-content\/uploads\/2021\/01\/naucny-chodnik-2020-005-mnisek-800x450.jpg 800w, https:\/\/www.keturist.sk\/info\/wp-content\/uploads\/2021\/01\/naucny-chodnik-2020-005-mnisek-270x152.jpg 270w, https:\/\/www.keturist.sk\/info\/wp-content\/uploads\/2021\/01\/naucny-chodnik-2020-005-mnisek-768x432.jpg 768w, https:\/\/www.keturist.sk\/info\/wp-content\/uploads\/2021\/01\/naucny-chodnik-2020-005-mnisek-1536x864.jpg 1536w, https:\/\/www.keturist.sk\/info\/wp-content\/uploads\/2021\/01\/naucny-chodnik-2020-005-mnisek-1200x675.jpg 1200w, https:\/\/www.keturist.sk\/info\/wp-content\/uploads\/2021\/01\/naucny-chodnik-2020-005-mnisek.jpg 1920w\" sizes=\"auto, (max-width: 800px) 100vw, 800px\" \/><\/a><figcaption id=\"caption-attachment-38327\" class=\"wp-caption-text\">Zdroj: https:\/\/www.mnisek.sk\/<\/figcaption><\/figure>\n<p>Pribli\u017euje lesn\u00edcku \u010dinnos\u0165, hospod\u00e1renie v lese a oboznamuje n\u00e1v\u0161tevn\u00edka s pr\u00edrodn\u00fdmi pomermi spom\u00ednanej oblasti.<\/p>\n<p>Jeho celkov\u00e1 d\u013a\u017eka je pribli\u017ene 4,5 km s prev\u00fd\u0161en\u00edm 190 m.<\/p>\n<figure id=\"attachment_38328\" aria-describedby=\"caption-attachment-38328\" style=\"width: 800px\" class=\"wp-caption aligncenter\"><a href=\"https:\/\/www.keturist.sk\/info\/wp-content\/uploads\/2021\/01\/lesny-chodnik-smolnicka-huta1.jpg\"><img loading=\"lazy\" decoding=\"async\" class=\"wp-image-38328 size-medium\" src=\"https:\/\/www.keturist.sk\/info\/wp-content\/uploads\/2021\/01\/lesny-chodnik-smolnicka-huta1-800x532.jpg\" alt=\"\" width=\"800\" height=\"532\" srcset=\"https:\/\/www.keturist.sk\/info\/wp-content\/uploads\/2021\/01\/lesny-chodnik-smolnicka-huta1-800x532.jpg 800w, https:\/\/www.keturist.sk\/info\/wp-content\/uploads\/2021\/01\/lesny-chodnik-smolnicka-huta1-270x180.jpg 270w, https:\/\/www.keturist.sk\/info\/wp-content\/uploads\/2021\/01\/lesny-chodnik-smolnicka-huta1-768x511.jpg 768w, https:\/\/www.keturist.sk\/info\/wp-content\/uploads\/2021\/01\/lesny-chodnik-smolnicka-huta1.jpg 900w\" sizes=\"auto, (max-width: 800px) 100vw, 800px\" \/><\/a><figcaption id=\"caption-attachment-38328\" class=\"wp-caption-text\">pam\u00e4tn\u00e1 tabu\u013ea &#8211; Ladislav Alcnauer, Zdroj: https:\/\/www.lesy.sk\/<\/figcaption><\/figure>\n<p>Jeho za\u010diatok sa nach\u00e1dza v lese nad osadou Smoln\u00edcka p\u00edla.<\/p>\n<p>Okru\u017en\u00e1 trasa vedie ku chate Tri duby, kde sa nach\u00e1dzaj\u00fa dreven\u00e9 lavi\u010dky, kryt\u00e9 ohnisko a mal\u00e9 jazierko.<\/p>\n<figure id=\"attachment_38329\" aria-describedby=\"caption-attachment-38329\" style=\"width: 800px\" class=\"wp-caption aligncenter\"><a href=\"https:\/\/www.keturist.sk\/info\/wp-content\/uploads\/2021\/01\/lesny-chodnik-smolnicka-huta3.jpg\"><img loading=\"lazy\" decoding=\"async\" class=\"wp-image-38329 size-medium\" src=\"https:\/\/www.keturist.sk\/info\/wp-content\/uploads\/2021\/01\/lesny-chodnik-smolnicka-huta3-800x532.jpg\" alt=\"\" width=\"800\" height=\"532\" srcset=\"https:\/\/www.keturist.sk\/info\/wp-content\/uploads\/2021\/01\/lesny-chodnik-smolnicka-huta3-800x532.jpg 800w, https:\/\/www.keturist.sk\/info\/wp-content\/uploads\/2021\/01\/lesny-chodnik-smolnicka-huta3-270x180.jpg 270w, https:\/\/www.keturist.sk\/info\/wp-content\/uploads\/2021\/01\/lesny-chodnik-smolnicka-huta3-768x511.jpg 768w, https:\/\/www.keturist.sk\/info\/wp-content\/uploads\/2021\/01\/lesny-chodnik-smolnicka-huta3.jpg 900w\" sizes=\"auto, (max-width: 800px) 100vw, 800px\" \/><\/a><figcaption id=\"caption-attachment-38329\" class=\"wp-caption-text\">Zdroj: https:\/\/www.lesy.sk\/<\/figcaption><\/figure>\n<p>Drevinov\u00fa skladbu lesn\u00e9ho celku tu tvor\u00ed buk lesn\u00fd 48%, jed\u013ea biela 28%, smrek oby\u010dajn\u00fd 15%, borovica 5%, javor horsk\u00fd 2% a ostatn\u00e9 dreviny 2 %.<\/p>\n<p>Tunaj\u0161ie jed\u013eobu\u010diny s\u00fa najm\u00e4 v\u010faka inovat\u00edvnemu pr\u00edstupu hor\u00e1ra Ladislava Alcnauera, priekopn\u00edka v\u00fdberkov\u00e9ho hospod\u00e1renia, obdivovan\u00e9 a oce\u0148ovan\u00e9 odborn\u00edkmi z cel\u00e9ho sveta.<\/p>\n<p>N\u00e1v\u0161tevn\u00edk tu nen\u00e1jde r\u00fabanisk\u00e1, holiny a ve\u013ek\u00e9 odlesnen\u00e9 plochy.<\/p>\n<p>Ladislav Alcnauer vy\u0161tudoval Stredn\u00fa lesn\u00edcku technick\u00fa \u0161kolu Jozefa Dekreta Matejovie v Liptovskom Hr\u00e1dku.<\/p>\n<p>Po maturite v roku 1966 nast\u00fapil do \u0161t\u00e1tnych lesov, kde pracoval na lesn\u00fdch spr\u00e1vach v Gelnici, Mn\u00ed\u0161ku nad Hnilcom a Smoln\u00edckej osade.<\/p>\n<p>S\u00fa\u010das\u0165ou nau\u010dn\u00e9ho chodn\u00edka je aj pam\u00e4tn\u00edk lesn\u00edkovi Ladislavovi Alcnauerovi (*1946- 2016).<\/p>\n<p><strong>Zameranie a typ chodn\u00edka:<\/strong> lesn\u00edcky, pr\u00edrodovedn\u00fd, ochran\u00e1rsk\u00fd, historick\u00fd, okru\u017en\u00fd a samoobslu\u017en\u00fd.<\/p>\n<p><strong>N\u00c1ZVY INFORMA\u010cN\u00ddCH PANELOV:<\/strong><br \/>\n1. Charakteristika \u00fazemia Smoln\u00edcka Osada<br \/>\n2. Stromy, rastliny \u2013 Smoln\u00edcka Osada<br \/>\n3. Chata Tri Duby \u2013 lesn\u00edcke stavby<br \/>\n4. Zver v Slovenskom rudohor\u00ed \u2013 Volovsk\u00e9 vrchy<br \/>\n5. Pestovanie lesa \u2013 v\u00fdberkov\u00e1 prebierka<br \/>\n6. Pestovanie lesa \u2013 v\u00fdchova bukov\u00fdch mlad\u00edn<br \/>\n7. Spolo\u010denstv\u00e1 z\u00e1ujmov\u00e9ho \u00fazemia \u2013 biotopy<br \/>\n8. Pestovanie lesa \u2013 v\u00fdchova jed\u013eovo &#8211; bukov\u00fdch mlad\u00edn<br \/>\n9. Mykol\u00f3gia \u2013 huby<br \/>\n10. Ide\u00e1lny v\u00fdberkov\u00fd les \u2013 pr\u00edrode bl\u00edzke obhospodarovanie lesa \u2013 pedologick\u00e9 pomery<br \/>\n11. Pr\u00edrode bl\u00edzke obhospodarovanie \u2013 v\u00fdberkov\u00fd sp\u00f4sob<br \/>\n12. Hydrologick\u00e9 pomery &#8211; vodstvo<br \/>\n13. Semen\u00e1rstvo<br \/>\n14. Lesn\u00e9 spolo\u010denstv\u00e1<br \/>\n15. Snehov\u00e1 jama \u2013 usklad\u0148ovanie saden\u00edc<br \/>\n16. Prezent\u00e1cia V\u00fdchodoslovenskej energetiky a. s. &#8211; vz\u0165ah k ekol\u00f3gii<\/p>\n<h3><span style=\"color: #808000;\">Kontakt<\/span><\/h3>\n<p>Lesy SR, \u0161. p.,<br \/>\nOd\u0161tepn\u00fd z\u00e1vod Ko\u0161ice,<br \/>\nMoyzesova 18,<br \/>\n042 39 Ko\u0161ice<\/p>\n<p>Je mo\u017en\u00e9 vy\u017eiada\u0165 si sprievodcu alebo lesn\u00e9ho pedag\u00f3ga z Lesnej spr\u00e1vy Smoln\u00edk.<br \/>\n<strong>Tel.:<\/strong> 053 \/ 4799 339, <strong>e-mail:<\/strong> ls.smolnik@lesy.sk.<\/p>\n<h3><span style=\"color: #808000;\">Bl\u00edzke stredisko, turistick\u00e9 centrum, obec alebo mesto:<\/span><\/h3>\n<ul>\n<li><a href=\"https:\/\/www.keturist.sk\/info\/turisticke-vychodiska\/smer-volovske-vrchy\/smolnicka-huta\/\">Obec Smoln\u00edcka Huta (\u010d\u00edtaj viac&#8230;)<\/a><\/li>\n<\/ul>\n<ul>\n<li><a href=\"https:\/\/www.keturist.sk\/info\/smer-volovske-vrchy\/obec-mnisek-nad-hnilcom\/\">Obec Mn\u00ed\u0161ek nad Hnilec (\u010d\u00edtaj viac&#8230;)<\/a><\/li>\n<\/ul>\n<h3><strong><br \/>\n<\/strong><span style=\"color: #808000;\">Mapy<\/span><\/h3>\n<p><strong>Vrstvy: <\/strong>Turistick\u00e1 mapa, Automapa, Cyklomapa, Ly\u017eiarska mapa, Satelitn\u00e1 mapa a OpenStreetMap.<\/p>\n<p><strong>Kliknut\u00edm na logo &#8222;Freemap.sk&#8220; sa V\u00e1m mapa zobraz\u00ed na celej ploche obrazovky.<\/strong><\/p>\n<p><iframe style=\"width: 800px; height: 500px; border: 0;\" src=\"https:\/\/www.freemap.sk\/?map=14\/48.804094\/20.805445&amp;info-point=48.804094\/20.805445,Mn\u00ed\u0161ek nad Hnilcom&amp;layers=T&amp;embed=search\" allowfullscreen=\"allowfullscreen\"><span data-mce-type=\"bookmark\" style=\"display: inline-block; width: 0px; overflow: hidden; line-height: 0;\" class=\"mce_SELRES_start\">\ufeff<\/span><\/iframe><\/p>\n<h3><span style=\"color: #808000;\">Po\u010dasie<\/span><\/h3>\n<p><iframe style=\"width: 800px; height: 606px;\" src=\"https:\/\/www.meteoblue.com\/sk\/po%C4%8Dasie\/widget\/three\/mn%c3%ad%c5%a1ek-nad-hnilcom_slovensk%c3%a1-republika_724122?geoloc=fixed&amp;nocurrent=0&amp;noforecast=0&amp;days=5&amp;tempunit=CELSIUS&amp;windunit=KILOMETER_PER_HOUR&amp;layout=image\" frameborder=\"0\" scrolling=\"NO\" sandbox=\"allow-same-origin allow-scripts allow-popups allow-popups-to-escape-sandbox\"><\/iframe><\/p>\n<div><!-- DO NOT REMOVE THIS LINK --><a href=\"https:\/\/www.meteoblue.com\/sk\/po%C4%8Dasie\/predpove%C4%8F\/t%C3%BD%C5%BEde%C5%88\/mn%c3%ad%c5%a1ek-nad-hnilcom_slovensk%c3%a1-republika_724122?utm_source=weather_widget&amp;utm_medium=linkus&amp;utm_content=three&amp;utm_campaign=Weather%2BWidget\" target=\"_blank\" rel=\"noopener noreferrer\">meteoblue<\/a><\/div>\n","protected":false},"excerpt":{"rendered":"<p>Podkateg\u00f3ria: Lokaliz\u00e1cia: Volovsk\u00e9 vrchy V\u0161eobecn\u00e9 inform\u00e1cie Lesn\u00edcky n\u00e1u\u010dn\u00fd chodn\u00edk Smoln\u00edcka osada sa nach\u00e1dza v katastr\u00e1lnom \u00fazem\u00ed Smoln\u00edckej Huty. Pribli\u017euje lesn\u00edcku \u010dinnos\u0165, hospod\u00e1renie v lese a oboznamuje n\u00e1v\u0161tevn\u00edka s pr\u00edrodn\u00fdmi pomermi [&hellip;]<\/p>\n","protected":false},"author":1,"featured_media":0,"parent":258,"menu_order":0,"comment_status":"closed","ping_status":"closed","template":"","meta":{"_uag_custom_page_level_css":"","_monsterinsights_skip_tracking":false,"_monsterinsights_sitenote_active":false,"_monsterinsights_sitenote_note":"","_monsterinsights_sitenote_category":0,"footnotes":""},"class_list":["post-38278","page","type-page","status-publish","hentry"],"featured_image_src":"","featured_image_src_square":false,"rbea_author_info":{"display_name":"admin","author_link":"https:\/\/www.keturist.sk\/info\/author\/admin\/"},"rbea_excerpt_info":"Podkateg\u00f3ria: Lokaliz\u00e1cia: Volovsk\u00e9 vrchy V\u0161eobecn\u00e9 inform\u00e1cie Lesn\u00edcky n\u00e1u\u010dn\u00fd chodn\u00edk Smoln\u00edcka osada sa nach\u00e1dza v katastr\u00e1lnom \u00fazem\u00ed Smoln\u00edckej Huty. Pribli\u017euje lesn\u00edcku \u010dinnos\u0165, hospod\u00e1renie v lese a oboznamuje n\u00e1v\u0161tevn\u00edka s pr\u00edrodn\u00fdmi pomermi [&hellip;]","uagb_featured_image_src":{"full":false,"thumbnail":false,"medium":false,"medium_large":false,"large":false,"1536x1536":false,"2048x2048":false},"uagb_author_info":{"display_name":"admin","author_link":"https:\/\/www.keturist.sk\/info\/author\/admin\/"},"uagb_comment_info":0,"uagb_excerpt":"Podkateg\u00f3ria: Lokaliz\u00e1cia: Volovsk\u00e9 vrchy V\u0161eobecn\u00e9 inform\u00e1cie Lesn\u00edcky n\u00e1u\u010dn\u00fd chodn\u00edk Smoln\u00edcka osada sa nach\u00e1dza v katastr\u00e1lnom \u00fazem\u00ed Smoln\u00edckej Huty. Pribli\u017euje lesn\u00edcku \u010dinnos\u0165, hospod\u00e1renie v lese a oboznamuje n\u00e1v\u0161tevn\u00edka s pr\u00edrodn\u00fdmi pomermi [&hellip;]","_links":{"self":[{"href":"https:\/\/www.keturist.sk\/info\/wp-json\/wp\/v2\/pages\/38278","targetHints":{"allow":["GET"]}}],"collection":[{"href":"https:\/\/www.keturist.sk\/info\/wp-json\/wp\/v2\/pages"}],"about":[{"href":"https:\/\/www.keturist.sk\/info\/wp-json\/wp\/v2\/types\/page"}],"author":[{"embeddable":true,"href":"https:\/\/www.keturist.sk\/info\/wp-json\/wp\/v2\/users\/1"}],"replies":[{"embeddable":true,"href":"https:\/\/www.keturist.sk\/info\/wp-json\/wp\/v2\/comments?post=38278"}],"version-history":[{"count":18,"href":"https:\/\/www.keturist.sk\/info\/wp-json\/wp\/v2\/pages\/38278\/revisions"}],"predecessor-version":[{"id":40775,"href":"https:\/\/www.keturist.sk\/info\/wp-json\/wp\/v2\/pages\/38278\/revisions\/40775"}],"up":[{"embeddable":true,"href":"https:\/\/www.keturist.sk\/info\/wp-json\/wp\/v2\/pages\/258"}],"wp:attachment":[{"href":"https:\/\/www.keturist.sk\/info\/wp-json\/wp\/v2\/media?parent=38278"}],"curies":[{"name":"wp","href":"https:\/\/api.w.org\/{rel}","templated":true}]}}