{"id":3677,"date":"2013-11-15T10:37:54","date_gmt":"2013-11-15T08:37:54","guid":{"rendered":"https:\/\/www.keturist.sk\/info\/?page_id=3677"},"modified":"2022-02-01T14:07:38","modified_gmt":"2022-02-01T13:07:38","slug":"obec-chrast-nad-hornadom","status":"publish","type":"page","link":"https:\/\/www.keturist.sk\/info\/turisticke-vychodiska\/smer-volovske-vrchy\/obec-chrast-nad-hornadom\/","title":{"rendered":"Obec Chras\u0165 nad Horn\u00e1dom"},"content":{"rendered":"<a href=\"https:\/\/www.keturist.sk\/info\/\" class=\"su-button su-button-style-default\" style=\"color:#000000;background-color:#FFCF2F;border-color:#cca626;border-radius:5px\" target=\"_self\"><span style=\"color:#000000;padding:6px 16px;font-size:13px;line-height:20px;border-color:#ffde6e;border-radius:5px;text-shadow:none\"><i class=\"sui sui-arrow-right\" style=\"font-size:13px;color:#000000\"><\/i>  Spravodaj <\/span><\/a>\n<a href=\"https:\/\/www.keturist.sk\/info\/tipy-na-vylety\/\" class=\"su-button su-button-style-default\" style=\"color:#000000;background-color:#FFCF2F;border-color:#cca626;border-radius:5px\" target=\"_self\"><span style=\"color:#000000;padding:6px 16px;font-size:13px;line-height:20px;border-color:#ffde6e;border-radius:5px;text-shadow:none\"><i class=\"sui sui-arrow-right\" style=\"font-size:13px;color:#000000\"><\/i>  TIPY NA V\u00ddLETY <\/span><\/a>\n<a href=\"https:\/\/www.keturist.sk\/info\/turisticke-vychodiska\/\" class=\"su-button su-button-style-default\" style=\"color:#000000;background-color:#FFCF2F;border-color:#cca626;border-radius:5px\" target=\"_self\"><span style=\"color:#000000;padding:6px 16px;font-size:13px;line-height:20px;border-color:#ffde6e;border-radius:5px;text-shadow:none\"><i class=\"sui sui-arrow-right\" style=\"font-size:13px;color:#000000\"><\/i>  Turistick\u00e9 v\u00fdchodisk\u00e1 <\/span><\/a>\n<a href=\"https:\/\/www.keturist.sk\/info\/turisticke-vychodiska\/smer-volovske-vrchy\/\" class=\"su-button su-button-style-default\" style=\"color:#000000;background-color:#FFCF2F;border-color:#cca626;border-radius:5px\" target=\"_self\"><span style=\"color:#000000;padding:6px 16px;font-size:13px;line-height:20px;border-color:#ffde6e;border-radius:5px;text-shadow:none\"><i class=\"sui sui-arrow-right\" style=\"font-size:13px;color:#000000\"><\/i>  Smer Volovsk\u00e9 vrchy <\/span><\/a>\n<div class=\"su-divider su-divider-style-default\" style=\"margin:15px 0;border-width:2px;border-color:#000000\"><\/div>\n<div class=\"su-accordion su-u-trim\">\n<div class=\"su-spoiler su-spoiler-style-fancy su-spoiler-icon-plus su-spoiler-closed\" data-scroll-offset=\"0\" data-anchor-in-url=\"no\"><div class=\"su-spoiler-title\" tabindex=\"0\" role=\"button\"><span class=\"su-spoiler-icon\"><\/span>Textov\u00e9 menu - Turistick\u00e9 v\u00fdchodisk\u00e1 - Volovsk\u00e9 vrchy<\/div><div class=\"su-spoiler-content su-u-clearfix su-u-trim\">\n<code><div class=\"column-group columns-2\"><div class=\"column column-number-1 column-span-1\"><p><\/code><strong>\u0160portovo-rekrea\u010dn\u00e9 stredisk\u00e1: <\/strong><br \/>\n<a href=\"https:\/\/www.keturist.sk\/info\/turisticke-vychodiska\/smer-volovske-vrchy\/sportovo-relaxacne-stredisko-porac-park-poracska-dolina\/\">\u0160portovo-relaxa\u010dn\u00e9 stredisko Pora\u010d PARK<\/a><br \/>\n<a href=\"https:\/\/www.keturist.sk\/info\/turisticke-vychodiska\/smer-volovske-vrchy\/stredisko-jahodna\/\">Stredisko Jahodn\u00e1<\/a><br \/>\n<a href=\"https:\/\/www.keturist.sk\/info\/smer-volovske-vrchy\/rekreacna-oblast-kojsovska-hola\/\">Rekrea\u010dn\u00e1 oblas\u0165 Koj\u0161ov\u00e1 Ho\u013ea<\/a><br \/>\n<a href=\"https:\/\/www.keturist.sk\/info\/smer-volovske-vrchy\/mesto-krompachy-stredisko-plejsy\/\">Mesto Krompachy &#8211; Plejsy<\/a><br \/>\n<a href=\"https:\/\/www.keturist.sk\/info\/turisticke-vychodiska\/smer-volovske-vrchy\/rekreacna-oblast-ruzin-kosicke-hamre\/\">Ru\u017e\u00edn-Ko\u0161ick\u00e9 H\u00e1mre<\/a><br \/>\n<a href=\"https:\/\/www.keturist.sk\/info\/smer-volovske-vrchy\/rekreacna-oblast-thurzov\/\">Rekrea\u010dn\u00e1 oblas\u0165 Turzov<\/a><br \/>\n<strong>Turistick\u00e9 oblasti Ko\u0161\u00edc<\/strong><br \/>\n<a href=\"https:\/\/www.keturist.sk\/info\/turisticke-vychodiska\/smer-volovske-vrchy\/stredisko-cermel\/\">Stredisko \u010cerme\u013e<\/a><br \/>\n<a href=\"https:\/\/www.keturist.sk\/info\/turisticke-vychodiska\/smer-volovske-vrchy\/stredisko-alpinka\/\">Stredisko Alpinka<\/a><br \/>\n<a href=\"https:\/\/www.keturist.sk\/info\/turisticke-vychodiska\/smer-volovske-vrchy\/stredisko-bankov\/\">Stredisko Bankov<\/a><br \/>\n<a href=\"https:\/\/www.keturist.sk\/info\/turisticke-vychodiska\/smer-volovske-vrchy\/mc-myslava\/\">M\u010c Myslava<\/a><br \/>\n<strong>Mest\u00e1<\/strong><br \/>\n<a href=\"https:\/\/www.keturist.sk\/info\/turisticke-vychodiska\/smer-volovske-vrchy\/mesto-gelnica\/\">Mesto Gelnica<\/a><br \/>\n<a href=\"https:\/\/www.keturist.sk\/info\/turisticke-vychodiska\/smer-volovske-vrchy\/mesto-medzev\/\">Mesto Medzev<\/a><br \/>\n<strong>Obce:<\/strong><br \/>\n<a href=\"https:\/\/www.keturist.sk\/info\/turisticke-vychodiska\/smer-volovske-vrchy\/obec-betliar\/\">Betliar<\/a><br \/>\n<a href=\"https:\/\/www.keturist.sk\/info\/turisticke-vychodiska\/smer-volovske-vrchy\/obec-bukovec-rekreacna-oblast-bukovec\/\">Bukovec<\/a><br \/>\n<a href=\"https:\/\/www.keturist.sk\/info\/turisticke-vychodiska\/smer-volovske-vrchy\/obec-cucma\/\">\u010cu\u010dma<\/a><br \/>\n<a href=\"https:\/\/www.keturist.sk\/info\/turisticke-vychodiska\/smer-volovske-vrchy\/obec-chrast-nad-hornadom\/\">Chras\u0165 nad Horn\u00e1dom<\/a><br \/>\n<a href=\"https:\/\/www.keturist.sk\/info\/turisticke-vychodiska\/smer-volovske-vrchy\/obec-dedinky\/\">Dedinky<\/a><br \/>\n<a href=\"https:\/\/www.keturist.sk\/info\/turisticke-vychodiska\/smer-volovske-vrchy\/obec-jaklovce\/\">Jaklovce<\/a><br \/>\n<a href=\"https:\/\/www.keturist.sk\/info\/turisticke-vychodiska\/smer-volovske-vrchy\/obec-henclova\/\">Henclov\u00e1<\/a><br \/>\n<a href=\"https:\/\/www.keturist.sk\/info\/turisticke-vychodiska\/smer-volovske-vrchy\/obec-hnilcik\/\">Hnil\u010d\u00edk<\/a><\/p>\n<\/div>\n<div class=\"column column-number-2 last column-span-1\"><p><a href=\"https:\/\/www.keturist.sk\/info\/turisticke-vychodiska\/smer-volovske-vrchy\/obec-hylov\/\">H\u00fd\u013eov<\/a><br \/>\n<a href=\"https:\/\/www.keturist.sk\/info\/turisticke-vychodiska\/smer-volovske-vrchy\/obec-kojsov\/\">Koj\u0161ov<\/a><br \/>\n<a href=\"https:\/\/www.keturist.sk\/info\/turisticke-vychodiska\/smer-volovske-vrchy\/obec-kosicka-bela\/\">Ko\u0161ick\u00e1 Bel\u00e1<\/a><br \/>\n<a href=\"https:\/\/www.keturist.sk\/info\/turisticke-vychodiska\/smer-volovske-vrchy\/obec-mnisek-nad-hnilcom\/\">Mn\u00ed\u0161ek nad Hnilcom<\/a><br \/>\n<a href=\"https:\/\/www.keturist.sk\/info\/turisticke-vychodiska\/smer-volovske-vrchy\/obec-nalepkovo\/\">N\u00e1lepkovo<\/a><br \/>\n<a href=\"https:\/\/www.keturist.sk\/info\/turisticke-vychodiska\/smer-volovske-vrchy\/obec-nizny-klatov\/\">Ni\u017en\u00fd Klatov<\/a><br \/>\n<a href=\"https:\/\/www.keturist.sk\/info\/turisticke-vychodiska\/smer-volovske-vrchy\/obec-novacany\/\">Nova\u010dany<\/a><br \/>\n<a href=\"https:\/\/www.keturist.sk\/info\/turisticke-vychodiska\/smer-volovske-vrchy\/obec-olcnava\/\">Olcnava<\/a><br \/>\n<a href=\"https:\/\/www.keturist.sk\/info\/turisticke-vychodiska\/smer-volovske-vrchy\/obec-opatka\/\">Op\u00e1tka<\/a><br \/>\n<a href=\"https:\/\/www.keturist.sk\/info\/turisticke-vychodiska\/smer-volovske-vrchy\/obec-paca\/\">Pa\u010da<\/a><br \/>\n<a href=\"https:\/\/www.keturist.sk\/info\/turisticke-vychodiska\/smer-volovske-vrchy\/obec-poproc\/\">Popro\u010d<\/a><br \/>\n<a href=\"https:\/\/www.keturist.sk\/info\/turisticke-vychodiska\/smer-volovske-vrchy\/obec-porac\/\">Por\u00e1\u010d<\/a><br \/>\n<a href=\"https:\/\/www.keturist.sk\/info\/turisticke-vychodiska\/smer-volovske-vrchy\/obec-slovinky\/\">Slovinky<\/a><br \/>\n<a href=\"https:\/\/www.keturist.sk\/info\/turisticke-vychodiska\/smer-volovske-vrchy\/obec-smolnik\/\">Smoln\u00edk<\/a><br \/>\n<a href=\"https:\/\/www.keturist.sk\/info\/turisticke-vychodiska\/smer-volovske-vrchy\/smolnicka-huta\/\">Smoln\u00edcka Huta<\/a><br \/>\n<a href=\"https:\/\/www.keturist.sk\/info\/turisticke-vychodiska\/smer-volovske-vrchy\/obec-stara-voda\/\">Star\u00e1 voda<\/a><br \/>\n<a href=\"https:\/\/www.keturist.sk\/info\/turisticke-vychodiska\/smer-volovske-vrchy\/obec-semsa\/\">\u0160em\u0161a<\/a><br \/>\n<a href=\"https:\/\/www.keturist.sk\/info\/turisticke-vychodiska\/smer-volovske-vrchy\/obec-stos-stos-kupele\/\">\u0160t\u00f3s &#8211; \u0160t\u00f3ske k\u00fapele<\/a><br \/>\n<a href=\"https:\/\/www.keturist.sk\/info\/turisticke-vychodiska\/smer-volovske-vrchy\/obec-svedlar\/\">\u0160vedl\u00e1r<\/a><br \/>\n<a href=\"https:\/\/www.keturist.sk\/info\/turisticke-vychodiska\/smer-volovske-vrchy\/obec-vysny-medzev\/\">Vysn\u00fd Medzev<\/a><br \/>\n<a href=\"https:\/\/www.keturist.sk\/info\/turisticke-vychodiska\/smer-volovske-vrchy\/obec-vysny-klatov\/\">Vy\u0161n\u00fd Klatov<\/a><br \/>\n<a href=\"https:\/\/www.keturist.sk\/info\/turisticke-vychodiska\/smer-volovske-vrchy\/obec-uhorna\/\">\u00dahorn\u00e1<\/a><br \/>\n<a href=\"https:\/\/www.keturist.sk\/info\/turisticke-vychodiska\/smer-volovske-vrchy\/obec-zavadka\/\">Z\u00e1vadka<\/a><br \/>\n<a href=\"https:\/\/www.keturist.sk\/info\/turisticke-vychodiska\/smer-volovske-vrchy\/obec-zlata-idka\/\">Zlat\u00e1 Idka<\/a><\/p>\n<\/div><\/div>\n<\/div><\/div>\n<\/div>\n<div class=\"su-divider su-divider-style-default\" style=\"margin:15px 0;border-width:2px;border-color:#000000\"><\/div>\n<h3><span style=\"color: #808000;\">V\u0161eobecn\u00e9 inform\u00e1cie<\/span><\/h3>\n<p>Chras\u0165 nad Horn\u00e1dom je obec na Slovensku v okrese Spi\u0161sk\u00e1 Nov\u00e1 Ves, v Ko\u0161ickom kraji.<\/p>\n<figure id=\"attachment_34582\" aria-describedby=\"caption-attachment-34582\" style=\"width: 800px\" class=\"wp-caption aligncenter\"><a href=\"https:\/\/www.keturist.sk\/info\/wp-content\/uploads\/2020\/11\/farska-skala5.jpg\"><img loading=\"lazy\" decoding=\"async\" class=\"wp-image-34582 size-medium\" src=\"https:\/\/www.keturist.sk\/info\/wp-content\/uploads\/2020\/11\/farska-skala5-800x534.jpg\" alt=\"\" width=\"800\" height=\"534\" srcset=\"https:\/\/www.keturist.sk\/info\/wp-content\/uploads\/2020\/11\/farska-skala5-800x534.jpg 800w, https:\/\/www.keturist.sk\/info\/wp-content\/uploads\/2020\/11\/farska-skala5-270x180.jpg 270w, https:\/\/www.keturist.sk\/info\/wp-content\/uploads\/2020\/11\/farska-skala5-768x512.jpg 768w, https:\/\/www.keturist.sk\/info\/wp-content\/uploads\/2020\/11\/farska-skala5.jpg 1000w\" sizes=\"auto, (max-width: 800px) 100vw, 800px\" \/><\/a><figcaption id=\"caption-attachment-34582\" class=\"wp-caption-text\">PP Farsk\u00e1 skala v obci Chras\u0165 nad Horn\u00e1dom, fotograf: Marcin\u010din Jozef<\/figcaption><\/figure>\n<p>Stred obce sa nach\u00e1dza v nadmorskej v\u00fd\u0161ke 420 m, k\u00fdm ostatn\u00e1 \u010das\u0165 obce spolu s pri\u013eahl\u00fdmi pozemkami v nadmorskej v\u00fd\u0161ke od 405 a\u017e do 624 m.<\/p>\n<p>Obec Chras\u0165 nad Horn\u00e1dom le\u017e\u00ed v ju\u017enej \u010dasti <strong>Horn\u00e1dskej kotliny <\/strong>na severnom \u00fap\u00e4t\u00ed <a title=\"\" href=\"https:\/\/www.keturist.sk\/info\/okolite-hory\/volovske-vrchy\/\">Volovsk\u00fdch vrchoch<\/a>.<\/p>\n<figure id=\"attachment_38411\" aria-describedby=\"caption-attachment-38411\" style=\"width: 800px\" class=\"wp-caption aligncenter\"><a href=\"https:\/\/www.keturist.sk\/info\/wp-content\/uploads\/2021\/02\/chrast-nad-hornadom.jpg\"><img loading=\"lazy\" decoding=\"async\" class=\"wp-image-38411 size-full\" src=\"https:\/\/www.keturist.sk\/info\/wp-content\/uploads\/2021\/02\/chrast-nad-hornadom.jpg\" alt=\"\" width=\"800\" height=\"600\" srcset=\"https:\/\/www.keturist.sk\/info\/wp-content\/uploads\/2021\/02\/chrast-nad-hornadom.jpg 800w, https:\/\/www.keturist.sk\/info\/wp-content\/uploads\/2021\/02\/chrast-nad-hornadom-240x180.jpg 240w, https:\/\/www.keturist.sk\/info\/wp-content\/uploads\/2021\/02\/chrast-nad-hornadom-768x576.jpg 768w\" sizes=\"auto, (max-width: 800px) 100vw, 800px\" \/><\/a><figcaption id=\"caption-attachment-38411\" class=\"wp-caption-text\">Obec Chras\u0165 nad Horn\u00e1dom<\/figcaption><\/figure>\n<p>Presnej\u0161ie 13,5 km na v\u00fdchod od <strong>Spi\u0161skej Novej Vsi<\/strong>.<\/p>\n<p>Dnes sa rozprestiera po obidvoch stran\u00e1ch rieky <a href=\"https:\/\/www.keturist.sk\/info\/kam-do-prirody\/rieka-hornad\/\">Horn\u00e1d<\/a>, pri\u010dom jej v\u00e4\u010d\u0161ia z\u00e1stavba spolu s farsk\u00fdm <a href=\"https:\/\/www.keturist.sk\/info\/nabozenske-pamiatky\/katolicky-kostol-najsvatejsej-trojice-v-chrasti-nad-hornadom\/\">kostolom Najsv\u00e4tej\u0161ej Trojice <\/a>je na \u013eavej strane na terasovitej vyv\u00fd\u0161enine.<\/p>\n<h4><span style=\"color: #993300;\">Kostol Najsv\u00e4tej\u0161ej Trojice<\/span><\/h4>\n<p>Kostol\u00edk a fara stoja na <a href=\"https:\/\/www.keturist.sk\/info\/ochrana-prirody\/pp-farska-skala-v-obci-chrast-nad-hornadom\/\">pr\u00edrodnej pamiatke Farsk\u00e1 skala<\/a>, strmej skalnej stene z obdobia tre\u0165oh\u00f4r v obci <a href=\"https:\/\/www.keturist.sk\/info\/smer-volovske-vrchy\/obec-chrast-nad-hornadom\/\">Chras\u0165 nad Horn\u00e1dom<\/a>.<\/p>\n<figure id=\"attachment_36937\" aria-describedby=\"caption-attachment-36937\" style=\"width: 800px\" class=\"wp-caption aligncenter\"><a href=\"https:\/\/www.keturist.sk\/info\/wp-content\/uploads\/2020\/12\/chrast-kostol.jpg\"><img loading=\"lazy\" decoding=\"async\" class=\"wp-image-36937 size-full\" src=\"https:\/\/www.keturist.sk\/info\/wp-content\/uploads\/2020\/12\/chrast-kostol.jpg\" alt=\"\" width=\"800\" height=\"600\" srcset=\"https:\/\/www.keturist.sk\/info\/wp-content\/uploads\/2020\/12\/chrast-kostol.jpg 800w, https:\/\/www.keturist.sk\/info\/wp-content\/uploads\/2020\/12\/chrast-kostol-240x180.jpg 240w, https:\/\/www.keturist.sk\/info\/wp-content\/uploads\/2020\/12\/chrast-kostol-768x576.jpg 768w\" sizes=\"auto, (max-width: 800px) 100vw, 800px\" \/><\/a><figcaption id=\"caption-attachment-36937\" class=\"wp-caption-text\">Kostol Najsv\u00e4tej\u0161ej Trojice<\/figcaption><\/figure>\n<p>Je to p\u00f4vodne rom\u00e1nska stavba so \u0161tyrmi apsidami okolo \u0161tvorcovej mohutnej ve\u017ee.<\/p>\n<p><strong>Viac info o kostole n\u00e1jdete tu:<\/strong><\/p>\n<ul>\n<li><a href=\"https:\/\/www.keturist.sk\/info\/katolicky-kostol-najsvatejsej-trojice-v-chrasti-nad-hornadom\/\" target=\"_blank\" rel=\"noopener\">Kostol Najsv\u00e4tej\u0161ej Trojice(\u010d\u00edtaj viac v novom okne&#8230;)<\/a><\/li>\n<\/ul>\n<h4><span style=\"color: #993300;\">PP Farsk\u00e1 skala<\/span><\/h4>\n<p>Priamo v obci, ktor\u00e1 m\u00e1 v s\u00fa\u010dasnosti 760 obyvate\u013eov sa nach\u00e1dza chr\u00e1nen\u00e1 pr\u00edrodn\u00e1 pamiatka naz\u00fdvan\u00e1 <a href=\"https:\/\/www.keturist.sk\/info\/ochrana-prirody\/pp-farska-skala-v-obci-chrast-nad-hornadom\/\">Farsk\u00e1 skala<\/a>.<\/p>\n<figure id=\"attachment_34584\" aria-describedby=\"caption-attachment-34584\" style=\"width: 800px\" class=\"wp-caption aligncenter\"><a href=\"https:\/\/www.keturist.sk\/info\/wp-content\/uploads\/2020\/11\/farska-skala3.jpg\"><img loading=\"lazy\" decoding=\"async\" class=\"wp-image-34584 size-medium\" src=\"https:\/\/www.keturist.sk\/info\/wp-content\/uploads\/2020\/11\/farska-skala3-800x534.jpg\" alt=\"\" width=\"800\" height=\"534\" srcset=\"https:\/\/www.keturist.sk\/info\/wp-content\/uploads\/2020\/11\/farska-skala3-800x534.jpg 800w, https:\/\/www.keturist.sk\/info\/wp-content\/uploads\/2020\/11\/farska-skala3-270x180.jpg 270w, https:\/\/www.keturist.sk\/info\/wp-content\/uploads\/2020\/11\/farska-skala3-768x512.jpg 768w, https:\/\/www.keturist.sk\/info\/wp-content\/uploads\/2020\/11\/farska-skala3.jpg 1000w\" sizes=\"auto, (max-width: 800px) 100vw, 800px\" \/><\/a><figcaption id=\"caption-attachment-34584\" class=\"wp-caption-text\">PP Farsk\u00e1 skala v obci Chras\u0165 nad Horn\u00e1dom. fotograf: Marcin\u010din Jozef<\/figcaption><\/figure>\n<p>Jej ochrana spo\u010d\u00edva v konzervovan\u00ed region\u00e1lneho geologick\u00e9ho \u0161ikm\u00e9ho zvrstvenia v baz\u00e1lnom paleog\u00e9ne, poukazuj\u00face na rekon\u0161truovan\u00e9 sediment\u00e1rne prostredie, sp\u00f4sob sediment\u00e1cie, zdroj i m\u00e9dium sediment\u00e1cie.<\/p>\n<p><strong>Viac info o pr\u00edrodnej pamiatke oblasti sa do\u010d\u00edtate tu:<\/strong><\/p>\n<ul>\n<li><a href=\"https:\/\/www.keturist.sk\/info\/ochrana-prirody\/pp-farska-skala-v-obci-chrast-nad-hornadom\/\" target=\"_blank\" rel=\"noopener\">PP Farsk\u00e1 skala (\u010d\u00edtaj viac v novom okne&#8230;)<\/a><\/li>\n<\/ul>\n<p>V obci 18 rokov \u017eil a tvoril zn\u00e1my slovensk\u00fd akademick\u00fd maliar <a href=\"http:\/\/sk.wikipedia.org\/wiki\/Jozef_Hanula\" target=\"_blank\" rel=\"noopener noreferrer\">Jozef Hanula<\/a>.<\/p>\n<p>Z \u010fal\u0161\u00edch pamiatok sa v obci zachovalo nieko\u013eko domov a hospod\u00e1rskych budov z konca 19. a za\u010diatku 20. storo\u010dia.<\/p>\n<h3><span style=\"color: #808000;\">Turistick\u00e9 ciele<\/span><\/h3>\n<h4><span style=\"color: #993300;\">\u0160ik\u013eav\u00e1 skala<\/span><\/h4>\n<p>V katastr\u00e1lnom \u00fazem\u00ed obce sa nach\u00e1dzaj\u00fa aj \u010fal\u0161ie pr\u00edrodn\u00e9 \u00fatvary ako je\u00a0<a href=\"https:\/\/www.keturist.sk\/info\/vodopad-matejovska-siklava-skala\/\">Vodop\u00e1d a \u013eadop\u00e1d Chrastianska \u0161ik\u013eav\u00e1 skala<\/a>, kde prame\u0148 nad rozsiahlym zlepencov\u00fdm previsom vytv\u00e1ra vysok\u00fd vodop\u00e1d a v zimnom obdob\u00ed mohutn\u00e9 \u013eadov\u00e9 \u00fatvary.<\/p>\n<figure id=\"attachment_36628\" aria-describedby=\"caption-attachment-36628\" style=\"width: 800px\" class=\"wp-caption aligncenter\"><a href=\"https:\/\/www.keturist.sk\/info\/wp-content\/uploads\/2020\/12\/siklava-skala.jpg\"><img loading=\"lazy\" decoding=\"async\" class=\"wp-image-36628 size-medium\" src=\"https:\/\/www.keturist.sk\/info\/wp-content\/uploads\/2020\/12\/siklava-skala-800x600.jpg\" alt=\"\" width=\"800\" height=\"600\" srcset=\"https:\/\/www.keturist.sk\/info\/wp-content\/uploads\/2020\/12\/siklava-skala-800x600.jpg 800w, https:\/\/www.keturist.sk\/info\/wp-content\/uploads\/2020\/12\/siklava-skala-240x180.jpg 240w, https:\/\/www.keturist.sk\/info\/wp-content\/uploads\/2020\/12\/siklava-skala-768x576.jpg 768w, https:\/\/www.keturist.sk\/info\/wp-content\/uploads\/2020\/12\/siklava-skala.jpg 900w\" sizes=\"auto, (max-width: 800px) 100vw, 800px\" \/><\/a><figcaption id=\"caption-attachment-36628\" class=\"wp-caption-text\">Vodop\u00e1d a \u013eadop\u00e1d Chrastianska \u0161ik\u013eav\u00e1 skala<\/figcaption><\/figure>\n<p>Vodop\u00e1d sa nach\u00e1dza 2 km na v\u00fdchod od obce <a href=\"http:\/\/www.matejovcenadhornadom.sk\/\" target=\"_blank\" rel=\"noopener noreferrer\">Matejovce nad Horn\u00e1dom<\/a> a 3 km na z\u00e1pad od obce <a href=\"https:\/\/www.keturist.sk\/info\/smer-volovske-vrchy\/obec-chrast-nad-hornadom\/\">Chras\u0165 nad Horn\u00e1dom<\/a>, na \u010dervenej cykloturistickej trase ved\u00facej cez obec <a href=\"https:\/\/www.keturist.sk\/info\/smer-volovske-vrchy\/obec-olcnava\/\">Olcnava<\/a> a\u017e do Spi\u0161sk\u00fdch Vlachov.<\/p>\n<p><strong>Viac info o vodop\u00e1de oblasti sa do\u010d\u00edtate tu:<\/strong><\/p>\n<ul>\n<li><a href=\"https:\/\/www.keturist.sk\/info\/vodopad-matejovska-siklava-skala\/\" target=\"_blank\" rel=\"noopener\">\u0160ik\u013eav\u00e1 skala (\u010d\u00edtaj viac v novom okne&#8230;)<\/a><\/li>\n<\/ul>\n<h3><span style=\"color: #808000;\">Hist\u00f3ria<\/span><\/h3>\n<p>Vznik obce Chras\u0165 nad Horn\u00e1dom pod\u013ea prvej p\u00edsomnej zmienky sa datuje do obdobia po roku 1255.<\/p>\n<p>I\u0161lo o \u00fazemie darovan\u00e9 komesovi Kuncovi.<\/p>\n<p>Jedn\u00fdm z \u010fal\u0161\u00edch p\u00edsomn\u00fdch prame\u0148ov o obci je listina kr\u00e1\u013eovnej Al\u017ebety z roku 1280 pod n\u00e1zvom Goroszt, t. j. Horoszt.<\/p>\n<p>N\u00e1zov obce Chras\u0165 je od hust\u00e9ho n\u00edzkeho porastu \u2013 krovia, teda chraste.<\/p>\n<p>Tento n\u00e1zov v\u0161ak tie\u017e znamen\u00e1 star\u00e9 slovansk\u00e9 sakr\u00e1lno-p\u00fatn\u00edcke miesto.<\/p>\n<p>N\u00e1zov je ve\u013emi star\u00fd a vyskytuje sa i na Morave a v \u010cech\u00e1ch.<\/p>\n<p>Od roku 1773 sa pou\u017e\u00edvali tieto tvary: Haraszt, Hrost a Hrascze, od roku 1920 u\u017e sa pou\u017e\u00edval n\u00e1zov Chras\u0165.<\/p>\n<p>Tento bol nesk\u00f4r doplnen\u00fd pr\u00edvlastkom \u201ena Slovensku\u201c, ktor\u00fd v roku 1932 bol zmenen\u00fd na \u201enad Horn\u00e1dom\u201c.<\/p>\n<p>Rom\u00e1nsky kostol zatia\u013e nie je historick\u00fd datovan\u00fd.<\/p>\n<p>Dne\u0161n\u00fa hlavn\u00fa lo\u010f mohli postavi\u0165 okolo polovice 18. storo\u010dia ako to uv\u00e1dza n\u00e1pis nad vchodom.<\/p>\n<p>\u010co sa t\u00fdka ve\u017ee, ani tu nie s\u00fa \u0165a\u017ekosti s jej datovan\u00edm.<\/p>\n<p>Jej neskororom\u00e1nske okn\u00e1 v porovnan\u00ed s podobn\u00fdmi ve\u017eami v okol\u00ed sa datuj\u00fa do poslednej \u0161tvrtiny 13. storo\u010dia.<\/p>\n<p>Rom\u00e1nsky tvar a \u0161tvorl\u00edstkov\u00fd p\u00f4dorys aps\u00edd sved\u010d\u00ed sk\u00f4r pre 10. \u2013 12. storo\u010die.<\/p>\n<p>Historik Ivan Chalupeck\u00fd na z\u00e1klade podobn\u00fdch stavieb (trikoncha S. Nicolo v Nome, trikoncha v Werden an der Ruhr, tetrakoncha z krakovsk\u00e9ho Wawelu), ktor\u00e9 poch\u00e1dzaj\u00fa z 9. \u2013 10. storo\u010dia predpoklad\u00e1, \u017ee aj chrastianska tetrakoncha poch\u00e1dza a\u017eda a\u017e z \u010dias Ve\u013ekomoravskej r\u00ed\u0161e.<\/p>\n<p>Star\u0161ie datovanie dok\u00e1zal archeologick\u00fd v\u00fdskum.<\/p>\n<p>Stal sa aj mot\u00edvom erbu obce.<\/p>\n<h3><span style=\"color: #808000;\">Pr\u00edroda<\/span><\/h3>\n<ul>\n<li><a href=\"https:\/\/www.keturist.sk\/info\/ochrana-prirody\/pp-farska-skala-v-obci-chrast-nad-hornadom\/\">PP Farsk\u00e1 skala (\u010d\u00edtaj viac&#8230;)<\/a><\/li>\n<\/ul>\n<ul>\n<li><a href=\"https:\/\/www.keturist.sk\/info\/kam-do-prirody\/rieka-hornad\/\">rieka Horn\u00e1d (\u010d\u00edtaj viac&#8230;)<\/a><\/li>\n<\/ul>\n<h3><span style=\"color: #808000;\">Pamiatky<\/span><\/h3>\n<ul>\n<li><a href=\"https:\/\/www.keturist.sk\/info\/nabozenske-pamiatky\/katolicky-kostol-najsvatejsej-trojice-v-chrasti-nad-hornadom\/\">Katol\u00edcky kostol Najsv\u00e4tej\u0161ej Trojice (\u010d\u00edtaj viac&#8230;)<\/a><\/li>\n<\/ul>\n<h3><span style=\"color: #808000;\">Ubytovanie a stravovanie<\/span><\/h3>\n<ul>\n<li><a href=\"http:\/\/keturist.sk\/shop\/kategoria-produktu\/ubytovanie\/volovske-vrchy\/\" target=\"_blank\" rel=\"noopener\">Ubytovanie (\u010d\u00edtaj viac v novom okne&#8230;)<\/a><\/li>\n<\/ul>\n<ul>\n<li><a href=\"http:\/\/keturist.sk\/shop\/kategoria-produktu\/stravovanie\/volovske-vrchy-stravovanie\/\" target=\"_blank\" rel=\"noopener\">Stravovanie (\u010d\u00edtaj viac v novom okne&#8230;)<\/a><\/li>\n<\/ul>\n<ul>\n<li><a href=\"http:\/\/keturist.sk\/shop\/kategoria-produktu\/sluzby\/wellness\/volovske-vrchy-w\/\" target=\"_blank\" rel=\"noopener\">Wellness (\u010d\u00edtaj viac v novom okne&#8230;)<\/a><\/li>\n<\/ul>\n<h3><span style=\"color: #808000;\">Mapy<\/span><\/h3>\n<p><strong>Vrstvy: <\/strong>Turistick\u00e1 mapa, Automapa, Cyklomapa, Ly\u017eiarska mapa, Satelitn\u00e1 mapa a OpenStreetMap.<\/p>\n<p><strong>Kliknut\u00edm na logo &#8222;Freemap.sk&#8220; sa V\u00e1m mapa zobraz\u00ed na celej ploche obrazovky.<\/strong><\/p>\n<p><iframe style=\"width: 800px; height: 500px; border: 0;\" src=\"https:\/\/www.freemap.sk\/?map=15\/48.926701\/20.698543&amp;info-point=48.926701\/20.698543,Obec Chras\u0165 nad Horn\u00e1dom&amp;layers=T&amp;embed=search\" allowfullscreen=\"allowfullscreen\"><\/iframe><\/p>\n<h3><span style=\"color: #808000;\">Po\u010dasie<\/span><\/h3>\n<p><iframe style=\"width: 800px; height: 606px;\" src=\"https:\/\/www.meteoblue.com\/sk\/po%C4%8Dasie\/widget\/three\/chras%c5%a5-nad-horn%c3%a1dom_slovensk%c3%a1-republika_724955?geoloc=fixed&amp;nocurrent=0&amp;noforecast=0&amp;days=5&amp;tempunit=CELSIUS&amp;windunit=KILOMETER_PER_HOUR&amp;layout=image\" frameborder=\"0\" scrolling=\"NO\" sandbox=\"allow-same-origin allow-scripts allow-popups allow-popups-to-escape-sandbox\"><\/iframe><\/p>\n<div><!-- DO NOT REMOVE THIS LINK --><a href=\"https:\/\/www.meteoblue.com\/sk\/po%C4%8Dasie\/predpove%C4%8F\/t%C3%BD%C5%BEde%C5%88\/chras%c5%a5-nad-horn%c3%a1dom_slovensk%c3%a1-republika_724955?utm_source=weather_widget&amp;utm_medium=linkus&amp;utm_content=three&amp;utm_campaign=Weather%2BWidget\" target=\"_blank\" rel=\"noopener noreferrer\">meteoblue<\/a><\/div>\n","protected":false},"excerpt":{"rendered":"<p>V\u0161eobecn\u00e9 inform\u00e1cie Chras\u0165 nad Horn\u00e1dom je obec na Slovensku v okrese Spi\u0161sk\u00e1 Nov\u00e1 Ves, v Ko\u0161ickom kraji. Stred obce sa nach\u00e1dza v nadmorskej v\u00fd\u0161ke 420 m, k\u00fdm ostatn\u00e1 \u010das\u0165 obce [&hellip;]<\/p>\n","protected":false},"author":1,"featured_media":0,"parent":1776,"menu_order":0,"comment_status":"closed","ping_status":"closed","template":"","meta":{"_uag_custom_page_level_css":"","_monsterinsights_skip_tracking":false,"_monsterinsights_sitenote_active":false,"_monsterinsights_sitenote_note":"","_monsterinsights_sitenote_category":0,"footnotes":""},"class_list":["post-3677","page","type-page","status-publish","hentry"],"featured_image_src":"","featured_image_src_square":false,"rbea_author_info":{"display_name":"admin","author_link":"https:\/\/www.keturist.sk\/info\/author\/admin\/"},"rbea_excerpt_info":"V\u0161eobecn\u00e9 inform\u00e1cie Chras\u0165 nad Horn\u00e1dom je obec na Slovensku v okrese Spi\u0161sk\u00e1 Nov\u00e1 Ves, v Ko\u0161ickom kraji. Stred obce sa nach\u00e1dza v nadmorskej v\u00fd\u0161ke 420 m, k\u00fdm ostatn\u00e1 \u010das\u0165 obce [&hellip;]","uagb_featured_image_src":{"full":false,"thumbnail":false,"medium":false,"medium_large":false,"large":false,"1536x1536":false,"2048x2048":false},"uagb_author_info":{"display_name":"admin","author_link":"https:\/\/www.keturist.sk\/info\/author\/admin\/"},"uagb_comment_info":0,"uagb_excerpt":"V\u0161eobecn\u00e9 inform\u00e1cie Chras\u0165 nad Horn\u00e1dom je obec na Slovensku v okrese Spi\u0161sk\u00e1 Nov\u00e1 Ves, v Ko\u0161ickom kraji. Stred obce sa nach\u00e1dza v nadmorskej v\u00fd\u0161ke 420 m, k\u00fdm ostatn\u00e1 \u010das\u0165 obce [&hellip;]","_links":{"self":[{"href":"https:\/\/www.keturist.sk\/info\/wp-json\/wp\/v2\/pages\/3677","targetHints":{"allow":["GET"]}}],"collection":[{"href":"https:\/\/www.keturist.sk\/info\/wp-json\/wp\/v2\/pages"}],"about":[{"href":"https:\/\/www.keturist.sk\/info\/wp-json\/wp\/v2\/types\/page"}],"author":[{"embeddable":true,"href":"https:\/\/www.keturist.sk\/info\/wp-json\/wp\/v2\/users\/1"}],"replies":[{"embeddable":true,"href":"https:\/\/www.keturist.sk\/info\/wp-json\/wp\/v2\/comments?post=3677"}],"version-history":[{"count":9,"href":"https:\/\/www.keturist.sk\/info\/wp-json\/wp\/v2\/pages\/3677\/revisions"}],"predecessor-version":[{"id":46764,"href":"https:\/\/www.keturist.sk\/info\/wp-json\/wp\/v2\/pages\/3677\/revisions\/46764"}],"up":[{"embeddable":true,"href":"https:\/\/www.keturist.sk\/info\/wp-json\/wp\/v2\/pages\/1776"}],"wp:attachment":[{"href":"https:\/\/www.keturist.sk\/info\/wp-json\/wp\/v2\/media?parent=3677"}],"curies":[{"name":"wp","href":"https:\/\/api.w.org\/{rel}","templated":true}]}}