{"id":3538,"date":"2013-11-10T09:11:01","date_gmt":"2013-11-10T07:11:01","guid":{"rendered":"https:\/\/www.keturist.sk\/info\/?page_id=3538"},"modified":"2021-11-18T18:11:47","modified_gmt":"2021-11-18T17:11:47","slug":"obec-slanska-huta","status":"publish","type":"page","link":"https:\/\/www.keturist.sk\/info\/turisticke-vychodiska\/smer-slanske-vrchy\/obec-slanska-huta\/","title":{"rendered":"Obec Slansk\u00e1 Huta"},"content":{"rendered":"<a href=\"https:\/\/www.keturist.sk\/info\/\" class=\"su-button su-button-style-default\" style=\"color:#000000;background-color:#FFCF2F;border-color:#cca626;border-radius:5px\" target=\"_self\"><span style=\"color:#000000;padding:6px 16px;font-size:13px;line-height:20px;border-color:#ffde6e;border-radius:5px;text-shadow:none\"><i class=\"sui sui-arrow-right\" style=\"font-size:13px;color:#000000\"><\/i>  Spravodaj <\/span><\/a>\n<a href=\"https:\/\/www.keturist.sk\/info\/tipy-na-vylety\/\" class=\"su-button su-button-style-default\" style=\"color:#000000;background-color:#FFCF2F;border-color:#cca626;border-radius:5px\" target=\"_self\"><span style=\"color:#000000;padding:6px 16px;font-size:13px;line-height:20px;border-color:#ffde6e;border-radius:5px;text-shadow:none\"><i class=\"sui sui-arrow-right\" style=\"font-size:13px;color:#000000\"><\/i>  TIPY NA V\u00ddLETY <\/span><\/a>\n<a href=\"https:\/\/www.keturist.sk\/info\/turisticke-vychodiska\/\" class=\"su-button su-button-style-default\" style=\"color:#000000;background-color:#FFCF2F;border-color:#cca626;border-radius:5px\" target=\"_self\"><span style=\"color:#000000;padding:6px 16px;font-size:13px;line-height:20px;border-color:#ffde6e;border-radius:5px;text-shadow:none\"><i class=\"sui sui-arrow-right\" style=\"font-size:13px;color:#000000\"><\/i>  Turistick\u00e9 v\u00fdchodisk\u00e1 <\/span><\/a>\n<a href=\"https:\/\/www.keturist.sk\/info\/turisticke-vychodiska\/smer-slanske-vrchy\/\" class=\"su-button su-button-style-default\" style=\"color:#000000;background-color:#FFCF2F;border-color:#cca626;border-radius:5px\" target=\"_self\"><span style=\"color:#000000;padding:6px 16px;font-size:13px;line-height:20px;border-color:#ffde6e;border-radius:5px;text-shadow:none\"><i class=\"sui sui-arrow-right\" style=\"font-size:13px;color:#000000\"><\/i>  Smer Slansk\u00e9 vrchy <\/span><\/a>\n<div class=\"su-divider su-divider-style-default\" style=\"margin:15px 0;border-width:2px;border-color:#000000\"><\/div>\n<div class=\"su-accordion su-u-trim\">\n<div class=\"su-spoiler su-spoiler-style-fancy su-spoiler-icon-plus su-spoiler-closed\" data-scroll-offset=\"0\" data-anchor-in-url=\"no\"><div class=\"su-spoiler-title\" tabindex=\"0\" role=\"button\"><span class=\"su-spoiler-icon\"><\/span>Textov\u00e9 menu - Turistick\u00e9 v\u00fdchodisk\u00e1 - Slansk\u00e9 vrchy - juh<\/div><div class=\"su-spoiler-content su-u-clearfix su-u-trim\">\n<code><div class=\"column-group columns-2\"><div class=\"column column-number-1 column-span-1\"><p><\/code><strong>\u0160portovo-rekrea\u010dn\u00e9 stredisk\u00e1: <\/strong><br \/>\n<a href=\"https:\/\/www.keturist.sk\/info\/smer-slanske-vrchy\/kupele-borda\/\">K\u00fapele Borda<\/a><br \/>\n<a href=\"https:\/\/www.keturist.sk\/info\/smer-slanske-vrchy\/obec-bysta-bysta-kupele\/\">K\u00fapele By\u0161ta-Obec By\u0161ta<\/a><br \/>\n<a href=\"https:\/\/www.keturist.sk\/info\/smer-slanske-vrchy\/rekreacne-stredisko-izra\/\">Stredisko Izra<\/a><br \/>\n<strong>Obce:<\/strong><br \/>\n<a href=\"https:\/\/www.keturist.sk\/info\/smer-slanske-vrchy\/obec-dargov\/\">Dargov<\/a><br \/>\n<a href=\"https:\/\/www.keturist.sk\/info\/smer-slanske-vrchy\/obec-herlany\/\">Her\u013eany<\/a><\/p>\n<\/div><div class=\"column column-number-2 last column-span-1\"><p><a href=\"https:\/\/www.keturist.sk\/info\/smer-slanske-vrchy\/obec-kalsa\/\">Obec Kal\u0161a<\/a><br \/>\n<a href=\"https:\/\/www.keturist.sk\/info\/kam-za-pamiatkami\/kam-za-pamiatkami-smer-slanske-vrchy\/obec-nizna-mysla\/\">Ni\u017en\u00e1 My\u0161\u013ea<\/a><br \/>\n<a href=\"https:\/\/www.keturist.sk\/info\/smer-slanske-vrchy\/obec-ruskov\/\">Ruskov<\/a><br \/>\n<a href=\"https:\/\/www.keturist.sk\/info\/smer-slanske-vrchy\/obec-skaros\/\">Sk\u00e1ro\u0161<\/a><br \/>\n<a href=\"https:\/\/www.keturist.sk\/info\/smer-slanske-vrchy\/obec-slanec\/\">Slanec<\/a><br \/>\n<a href=\"https:\/\/www.keturist.sk\/info\/smer-slanske-vrchy\/obec-slanska-huta\/\">Slansk\u00e1 Huta<\/a><br \/>\n<a href=\"https:\/\/www.keturist.sk\/info\/smer-slanske-vrchy\/obec-vysna-mysla\/\">Vy\u0161n\u00e1 My\u0161\u013ea<\/a><\/p>\n<\/div><\/div><\/div><\/div><\/div>\n<div class=\"su-divider su-divider-style-default\" style=\"margin:15px 0;border-width:2px;border-color:#000000\"><\/div>\n<h3><span style=\"color: #808000;\">V\u0161eobecn\u00e9 inform\u00e1cie<\/span><\/h3>\n<p>Obec Slansk\u00e1 Huta sa nach\u00e1dza v Ko\u0161ickom kraji v juhov\u00fdchodnej \u010dasti okresu Ko\u0161ice-okolie v <a href=\"https:\/\/www.keturist.sk\/info\/okolite-hory\/slanske-vrchy\/\">Slansk\u00fdch vrchoch<\/a>, v \u010dlenitom ter\u00e9ne.<\/p>\n<figure id=\"attachment_35904\" aria-describedby=\"caption-attachment-35904\" style=\"width: 800px\" class=\"wp-caption aligncenter\"><a href=\"https:\/\/www.keturist.sk\/info\/wp-content\/uploads\/2020\/11\/slanska-huta.jpg\"><img loading=\"lazy\" decoding=\"async\" class=\"wp-image-35904 size-full\" src=\"https:\/\/www.keturist.sk\/info\/wp-content\/uploads\/2020\/11\/slanska-huta.jpg\" alt=\"\" width=\"800\" height=\"580\" srcset=\"https:\/\/www.keturist.sk\/info\/wp-content\/uploads\/2020\/11\/slanska-huta.jpg 800w, https:\/\/www.keturist.sk\/info\/wp-content\/uploads\/2020\/11\/slanska-huta-248x180.jpg 248w, https:\/\/www.keturist.sk\/info\/wp-content\/uploads\/2020\/11\/slanska-huta-768x557.jpg 768w\" sizes=\"auto, (max-width: 800px) 100vw, 800px\" \/><\/a><figcaption id=\"caption-attachment-35904\" class=\"wp-caption-text\">Obec Slansk\u00e1 Huta<\/figcaption><\/figure>\n<p>Kataster obce s rozlohou 1416,7 ha le\u017e\u00ed v ju\u017enej \u010dasti <a href=\"https:\/\/www.keturist.sk\/info\/okolite-hory\/slanske-vrchy\/\">Slansk\u00fdch vrchov<\/a> v odlesnenej er\u00f3znej kotline potoka Tereb\u013ea vo v\u00fd\u0161ke 275-750 m n.m. so stredom obce v 460 m n.m.<\/p>\n<p>Z pamiatok sa v obci a v jej okol\u00ed nach\u00e1dzaj\u00fa <a href=\"https:\/\/www.keturist.sk\/info\/ostatne-pamiatky\/vojenske-bunkre-z-i-csr-pri-obci-slanska-huta\/\">vojensk\u00e9 bunkre z I. \u010cSR<\/a>.<\/p>\n<figure id=\"attachment_34883\" aria-describedby=\"caption-attachment-34883\" style=\"width: 800px\" class=\"wp-caption aligncenter\"><a href=\"https:\/\/www.keturist.sk\/info\/wp-content\/uploads\/2020\/11\/bunker1.jpg\"><img loading=\"lazy\" decoding=\"async\" class=\"wp-image-34883 size-medium\" src=\"https:\/\/www.keturist.sk\/info\/wp-content\/uploads\/2020\/11\/bunker1-800x450.jpg\" alt=\"\" width=\"800\" height=\"450\" srcset=\"https:\/\/www.keturist.sk\/info\/wp-content\/uploads\/2020\/11\/bunker1-800x450.jpg 800w, https:\/\/www.keturist.sk\/info\/wp-content\/uploads\/2020\/11\/bunker1-270x152.jpg 270w, https:\/\/www.keturist.sk\/info\/wp-content\/uploads\/2020\/11\/bunker1-768x432.jpg 768w, https:\/\/www.keturist.sk\/info\/wp-content\/uploads\/2020\/11\/bunker1.jpg 1000w\" sizes=\"auto, (max-width: 800px) 100vw, 800px\" \/><\/a><figcaption id=\"caption-attachment-34883\" class=\"wp-caption-text\">vojensk\u00fd bunker, fotograf: Marcin\u010din Jozef<\/figcaption><\/figure>\n<p>\u010eal\u0161ou v\u00fdznamnou pamiatkou je\u00a0 <strong>kostol nanebovzatia Panny M\u00e1rie<\/strong>.<\/p>\n<p>Vojensk\u00e9 bunkre boli postaven\u00e9 v rokoch 1937-1938 medzi obcami <a href=\"https:\/\/www.keturist.sk\/info\/smer-slanske-vrchy\/obec-slanska-huta\/\">Slansk\u00e1 huta<\/a>, <strong>Kuzmice<\/strong> a <strong>Micha\u013eany<\/strong>.<\/p>\n<figure id=\"attachment_34872\" aria-describedby=\"caption-attachment-34872\" style=\"width: 800px\" class=\"wp-caption aligncenter\"><a href=\"https:\/\/www.keturist.sk\/info\/wp-content\/uploads\/2020\/11\/izra4.jpg\"><img loading=\"lazy\" decoding=\"async\" class=\"wp-image-34872 size-medium\" src=\"https:\/\/www.keturist.sk\/info\/wp-content\/uploads\/2020\/11\/izra4-800x450.jpg\" alt=\"\" width=\"800\" height=\"450\" srcset=\"https:\/\/www.keturist.sk\/info\/wp-content\/uploads\/2020\/11\/izra4-800x450.jpg 800w, https:\/\/www.keturist.sk\/info\/wp-content\/uploads\/2020\/11\/izra4-270x152.jpg 270w, https:\/\/www.keturist.sk\/info\/wp-content\/uploads\/2020\/11\/izra4-768x432.jpg 768w, https:\/\/www.keturist.sk\/info\/wp-content\/uploads\/2020\/11\/izra4.jpg 1000w\" sizes=\"auto, (max-width: 800px) 100vw, 800px\" \/><\/a><figcaption id=\"caption-attachment-34872\" class=\"wp-caption-text\">Rekrea\u010dn\u00e9 stredisko Izra<\/figcaption><\/figure>\n<p>Dva bunkre sa nach\u00e1dzaj\u00fa priamo v obci Slansk\u00e1 huta.<\/p>\n<p>Podnebie v obci\u00a0 je mierne vlhk\u00e9 a mierne tepl\u00e9.<\/p>\n<p>Cel\u00e9 katastr\u00e1lne \u00fazemie je pahorkatinov\u00e9, p\u00f4da hned\u00e1, \u00edlovit\u00e1 kamenist\u00e1.<\/p>\n<p>V poraste lesov sa v preva\u017enej miere vyskytuj\u00fa duby a buky.<\/p>\n<p>Pozd\u013a\u017e potokov sa tiahnu najm\u00e4 p\u00e1sma v\u0155b, vt\u00e1\u010dieho hlohu a hlohu.<\/p>\n<p>Do katastra obce zasahuje <a href=\"https:\/\/www.keturist.sk\/info\/ochrana-prirody\/npr-maly-milic\/\" target=\"_blank\" rel=\"noopener noreferrer\">chr\u00e1nen\u00e9 \u00fazemie Mal\u00fd Mili\u010d<\/a> so skaln\u00fdmi stenami a sutami.<\/p>\n<p>Vyskytuj\u00fa sa tu lesn\u00e9 spolo\u010denstv\u00e1 dubovo-bukov\u00e9.<\/p>\n<p>Predmetom ochrany s\u00fa aj r\u00f4zne druhy vt\u00e1ctva, ktor\u00e9 tu hniezdia.<\/p>\n<p>Do katastr\u00e1lneho \u00fazemia obce patr\u00ed rekrea\u010dn\u00e9 <a href=\"https:\/\/www.keturist.sk\/info\/turisticke-vychodiska\/smer-slanske-vrchy\/rekreacne-stredisko-izra\/\">stredisko Izra<\/a>.<\/p>\n<h3><span style=\"color: #808000;\">Turistick\u00e9 ciele<\/span><\/h3>\n<p>Atrakt\u00edvne pr\u00edrodn\u00e9 prostredie m\u00e1 zna\u010dn\u00fd rozvojov\u00fd potenci\u00e1l rekrea\u010dn\u00e9ho vyu\u017eitia a to hlavne u <a href=\"https:\/\/www.keturist.sk\/info\/vodopady-jazierka-rieky\/jazero-izra\/\">jazera Izra<\/a>.<\/p>\n<figure id=\"attachment_34467\" aria-describedby=\"caption-attachment-34467\" style=\"width: 800px\" class=\"wp-caption aligncenter\"><a href=\"https:\/\/www.keturist.sk\/info\/wp-content\/uploads\/2020\/10\/mala-izra1.jpg\"><img loading=\"lazy\" decoding=\"async\" class=\"wp-image-34467 size-full\" src=\"https:\/\/www.keturist.sk\/info\/wp-content\/uploads\/2020\/10\/mala-izra1.jpg\" alt=\"\" width=\"800\" height=\"600\" srcset=\"https:\/\/www.keturist.sk\/info\/wp-content\/uploads\/2020\/10\/mala-izra1.jpg 800w, https:\/\/www.keturist.sk\/info\/wp-content\/uploads\/2020\/10\/mala-izra1-240x180.jpg 240w, https:\/\/www.keturist.sk\/info\/wp-content\/uploads\/2020\/10\/mala-izra1-768x576.jpg 768w\" sizes=\"auto, (max-width: 800px) 100vw, 800px\" \/><\/a><figcaption id=\"caption-attachment-34467\" class=\"wp-caption-text\">Jazero Mal\u00e1 Izra<\/figcaption><\/figure>\n<p>Krajin\u00e1rsky hodnotn\u00e9 a p\u00f4sobiv\u00e9 okolie strediska z neho rob\u00ed dobr\u00e9 v\u00fdchodisko do jeho okolia (<a href=\"https:\/\/www.keturist.sk\/info\/ochrana-prirody\/npr-marocka-hola\/\">NPR Marock\u00e1 ho\u013ea<\/a>, <a href=\"https:\/\/www.keturist.sk\/info\/ochrana-prirody\/npr-velky-milic\/\">NPR Ve\u013ek\u00fd Mili\u010d<\/a>, <a href=\"https:\/\/www.keturist.sk\/info\/ochrana-prirody\/prirodna-pamiatka-milicska-skala\/\">Pr\u00edrodn\u00e1 pamiatka Mili\u010dsk\u00e1 skala<\/a>, <a href=\"https:\/\/www.keturist.sk\/info\/vodopady-jazierka-rieky\/jazero-mala-izra\/\">Jazero Mal\u00e1 Izra<\/a>, <a href=\"https:\/\/www.keturist.sk\/info\/ochrana-prirody\/npr-maly-milic\/\">NPR Mal\u00fd Mili\u010d<\/a> a pre t\u00fdch zdatnej\u00edch aj k zr\u00facanine <a href=\"https:\/\/www.keturist.sk\/info\/smer-slanske-vrchy\/obec-slanec\/\">Slansk\u00e9ho hradu<\/a>).<\/p>\n<p>Pred Obecn\u00fdm \u00faradom za\u010d\u00edna <strong>n\u00e1u\u010dn\u00fd chodn\u00edk Slansk\u00e1 Huta \u2013 Ve\u013ek\u00fd Mili\u010d<\/strong>, ktor\u00fd kon\u010d\u00ed a\u017e na samotnom vrchole <a href=\"https:\/\/www.keturist.sk\/info\/vrchy-skaly-a-sedla\/vrch-velky-milic-895-m-n-m\/\">Ve\u013ek\u00e9ho Mili\u010da (895 m n.m.)<\/a>.<\/p>\n<figure id=\"attachment_15478\" aria-describedby=\"caption-attachment-15478\" style=\"width: 800px\" class=\"wp-caption aligncenter\"><a href=\"https:\/\/www.keturist.sk\/info\/wp-content\/uploads\/2016\/01\/skaros-1.jpg\"><img loading=\"lazy\" decoding=\"async\" class=\"wp-image-15478\" src=\"https:\/\/www.keturist.sk\/info\/wp-content\/uploads\/2016\/01\/skaros-1.jpg\" alt=\"skaros\" width=\"800\" height=\"530\" srcset=\"https:\/\/www.keturist.sk\/info\/wp-content\/uploads\/2016\/01\/skaros-1.jpg 800w, https:\/\/www.keturist.sk\/info\/wp-content\/uploads\/2016\/01\/skaros-1-768x509.jpg 768w\" sizes=\"auto, (max-width: 800px) 100vw, 800px\" \/><\/a><figcaption id=\"caption-attachment-15478\" class=\"wp-caption-text\">v\u00fdh\u013ead zo Sk\u00e1ro\u0161skej vyhliadky<\/figcaption><\/figure>\n<p>Ved\u00fa odtia\u013e zna\u010den\u00e9 turistick\u00e9 trasy do\u00a0<strong>podcelku Mili\u010d<\/strong>\u00a0(\u017elt\u00e1 trasa a zelen\u00e1 trasa).<\/p>\n<p><img loading=\"lazy\" decoding=\"async\" class=\"alignnone size-full wp-image-21626\" src=\"https:\/\/www.keturist.sk\/info\/wp-content\/uploads\/2013\/11\/zelena.png\" alt=\"\" width=\"20\" height=\"21\" \/>\u00a0Zelen\u00e1 turistick\u00e1 trasa v\u00e1s zavedie ku r\u00e1zcestn\u00edku\u00a0<strong>Vla\u0161sk\u00e1 l\u00faka (663 m n.m.)<\/strong>.<\/p>\n<figure id=\"attachment_34865\" aria-describedby=\"caption-attachment-34865\" style=\"width: 800px\" class=\"wp-caption aligncenter\"><a href=\"https:\/\/www.keturist.sk\/info\/wp-content\/uploads\/2020\/11\/velky-milic2.jpg\"><img loading=\"lazy\" decoding=\"async\" class=\"wp-image-34865 size-medium\" src=\"https:\/\/www.keturist.sk\/info\/wp-content\/uploads\/2020\/11\/velky-milic2-800x450.jpg\" alt=\"\" width=\"800\" height=\"450\" srcset=\"https:\/\/www.keturist.sk\/info\/wp-content\/uploads\/2020\/11\/velky-milic2-800x450.jpg 800w, https:\/\/www.keturist.sk\/info\/wp-content\/uploads\/2020\/11\/velky-milic2-270x152.jpg 270w, https:\/\/www.keturist.sk\/info\/wp-content\/uploads\/2020\/11\/velky-milic2-768x432.jpg 768w, https:\/\/www.keturist.sk\/info\/wp-content\/uploads\/2020\/11\/velky-milic2.jpg 1000w\" sizes=\"auto, (max-width: 800px) 100vw, 800px\" \/><\/a><figcaption id=\"caption-attachment-34865\" class=\"wp-caption-text\">Vrch Ve\u013ek\u00fd Mili\u010d (895 m n.m.), fotograf: Marcin\u010din Jozef<\/figcaption><\/figure>\n<figure id=\"attachment_15478\" class=\"wp-caption aligncenter\" aria-describedby=\"caption-attachment-15478\"><\/figure>\n<p>Odtia\u013e m\u00f4\u017eete pokra\u010dova\u0165 po\u00a0<img loading=\"lazy\" decoding=\"async\" class=\"alignnone size-full wp-image-21625\" src=\"https:\/\/www.keturist.sk\/info\/wp-content\/uploads\/2013\/11\/zlta.png\" sizes=\"auto, (max-width: 20px) 100vw, 20px\" srcset=\"https:\/\/www.keturist.sk\/info\/wp-content\/uploads\/2013\/11\/zlta.png 20w, https:\/\/www.keturist.sk\/info\/wp-content\/uploads\/2013\/11\/zlta-19x20.png 19w\" alt=\"\" width=\"20\" height=\"21\" \/>\u00a0\u017eltej turistickej trase, ktor\u00e1 v\u00e1s zavedie ku v\u00fdh\u013eadovej\u00a0<a href=\"https:\/\/www.keturist.sk\/info\/kam-do-prirody\/kam-do-prirody-smer-slanske-vrchy\/skarosska-vyhliadka-795-m-n-m\/\">Sk\u00e1ro\u0161skej vyhliadke (795 m n.m.)<\/a>,\u00a0 potom ku hrani\u010dn\u00e9mu vrchu\u00a0<a href=\"https:\/\/www.keturist.sk\/info\/vrchy-skaly-a-sedla\/vrch-velky-milic-895-m-n-m\/\">Ve\u013ek\u00fd Mili\u010d (895 m n.m.)<\/a>\u00a0a n\u00e1sledne ku pribli\u017ene 17 metrov vysokej vyhliadkovej ve\u017ei\u00a0<a href=\"https:\/\/www.keturist.sk\/info\/rozhladna-pod-velkym-milicom\/\">Rozh\u013ead\u0148a Karolyiovcov<\/a>\u00a0(ma\u010f. K\u00e1rolyi-kil\u00e1t\u00f3).<\/p>\n<figure id=\"attachment_27481\" aria-describedby=\"caption-attachment-27481\" style=\"width: 800px\" class=\"wp-caption aligncenter\"><a href=\"https:\/\/www.keturist.sk\/info\/wp-content\/uploads\/2019\/01\/karolovci1-1.jpeg\"><img loading=\"lazy\" decoding=\"async\" class=\"wp-image-27481 size-medium\" src=\"https:\/\/www.keturist.sk\/info\/wp-content\/uploads\/2019\/01\/karolovci1-1-800x532.jpeg\" alt=\"\" width=\"800\" height=\"532\" srcset=\"https:\/\/www.keturist.sk\/info\/wp-content\/uploads\/2019\/01\/karolovci1-1-800x532.jpeg 800w, https:\/\/www.keturist.sk\/info\/wp-content\/uploads\/2019\/01\/karolovci1-1-270x180.jpeg 270w, https:\/\/www.keturist.sk\/info\/wp-content\/uploads\/2019\/01\/karolovci1-1-768x511.jpeg 768w, https:\/\/www.keturist.sk\/info\/wp-content\/uploads\/2019\/01\/karolovci1-1-400x266.jpeg 400w, https:\/\/www.keturist.sk\/info\/wp-content\/uploads\/2019\/01\/karolovci1-1.jpeg 868w\" sizes=\"auto, (max-width: 800px) 100vw, 800px\" \/><\/a><figcaption id=\"caption-attachment-27481\" class=\"wp-caption-text\">Rozh\u013ead\u0148a Karolyiovcov<\/figcaption><\/figure>\n<h3><span style=\"color: #808000;\">Hist\u00f3ria<\/span><\/h3>\n<p>Obec Slansk\u00e1 Huta vznikla ako osada v chot\u00e1ri obce Nov\u00fd Sala\u0161.<\/p>\n<p>Vyvinula sa z kol\u00f3nie \u017eeliarov pracuj\u00facich v skl\u00e1rskych hut\u00e1ch na v\u00fdrobu \u00fa\u017eitkov\u00e9ho skla.<\/p>\n<p>Prv\u00e1 zmienka je z roku 1772.<\/p>\n<p>A\u017e do svojho osamostatnenia v roku 1880 patrila pod obec Nov\u00fd Sala\u0161.<\/p>\n<p>V rannom stredoveku obec patrila k panstvu Slansk\u00e9ho hradu a v 18. storo\u010d\u00ed patrila gr\u00f3fovi Forgachovi, ktor\u00fd bol zemep\u00e1nom v Slanci.<\/p>\n<p>V rokoch 1850 a\u017e 1918 obec administrat\u00edvne patrila k Sl\u00fa\u017enovsk\u00e9mu hradu v \u017ddani.<\/p>\n<p>Po viedenskej arbitr\u00e1\u017ei v novembri 1938 obec ostala na \u00fazem\u00ed Slovenska a nebola pri\u010dlenen\u00e1 k Ma\u010farsku ako ostatn\u00e9 obce.<\/p>\n<p>Z toho obdobia poch\u00e1dzaj\u00fa aj \u017eelezobet\u00f3nov\u00e9 bunkre v okol\u00ed obce.<\/p>\n<p>V roku 1945 bola obec pri\u010dlenen\u00e1 k okresu Ko\u0161ice-okolie, v roku 1960 k okresu Trebi\u0161ov a od j\u00fala 1968 je zasa s\u00fa\u010das\u0165ou okresu Ko\u0161ice-okolie.<\/p>\n<h3><span style=\"color: #808000;\">Pamiatky<\/span><\/h3>\n<ul>\n<li><a href=\"https:\/\/www.keturist.sk\/info\/ostatne-pamiatky\/vojenske-bunkre-z-i-csr-pri-obci-slanska-huta\/\">Vojensk\u00e9 bunkre z I. \u010cSR pri obci Slansk\u00e1 Huta (\u010d\u00edtaj viac&#8230;)<\/a><\/li>\n<\/ul>\n<h3><span style=\"color: #808000;\">Mapy<\/span><\/h3>\n<p><strong>Vrstvy: <\/strong>Turistick\u00e1 mapa, Automapa, Cyklomapa, Ly\u017eiarska mapa, Satelitn\u00e1 mapa a OpenStreetMap.<\/p>\n<p><strong>Kliknut\u00edm na logo &#8222;Freemap.sk&#8220; sa V\u00e1m mapa zobraz\u00ed na celej ploche obrazovky.<\/strong><\/p>\n<p><iframe style=\"width: 800px; height: 500px; border: 0;\" src=\"https:\/\/www.freemap.sk\/?map=14\/48.598778\/21.464753&amp;info-point=48.598778\/21.464753,Obec Slansk\u00e1 Huta&amp;layers=T&amp;embed=search\" allowfullscreen=\"allowfullscreen\"><\/iframe><\/p>\n<h3><span style=\"color: #808000;\">Po\u010dasie<\/span><\/h3>\n<p><iframe style=\"width: 800px; height: 605px;\" src=\"https:\/\/www.meteoblue.com\/sk\/po%C4%8Dasie\/widget\/three\/slansk%c3%a1-huta_slovensk%c3%a1-republika_723594?geoloc=fixed&amp;nocurrent=0&amp;noforecast=0&amp;days=5&amp;tempunit=CELSIUS&amp;windunit=KILOMETER_PER_HOUR&amp;layout=image\" frameborder=\"0\" scrolling=\"NO\" sandbox=\"allow-same-origin allow-scripts allow-popups allow-popups-to-escape-sandbox\"><span data-mce-type=\"bookmark\" style=\"display: inline-block; width: 0px; overflow: hidden; line-height: 0;\" class=\"mce_SELRES_start\">\ufeff<\/span><\/iframe><\/p>\n<div><!-- DO NOT REMOVE THIS LINK --><a href=\"https:\/\/www.meteoblue.com\/sk\/po%C4%8Dasie\/predpove%C4%8F\/t%C3%BD%C5%BEde%C5%88\/slansk%c3%a1-huta_slovensk%c3%a1-republika_723594?utm_source=weather_widget&amp;utm_medium=linkus&amp;utm_content=three&amp;utm_campaign=Weather%2BWidget\" target=\"_blank\" rel=\"noopener noreferrer\">meteoblue<\/a><\/div>\n","protected":false},"excerpt":{"rendered":"<p>V\u0161eobecn\u00e9 inform\u00e1cie Obec Slansk\u00e1 Huta sa nach\u00e1dza v Ko\u0161ickom kraji v juhov\u00fdchodnej \u010dasti okresu Ko\u0161ice-okolie v Slansk\u00fdch vrchoch, v \u010dlenitom ter\u00e9ne. Kataster obce s rozlohou 1416,7 ha le\u017e\u00ed v ju\u017enej [&hellip;]<\/p>\n","protected":false},"author":1,"featured_media":0,"parent":1782,"menu_order":0,"comment_status":"closed","ping_status":"closed","template":"","meta":{"_uag_custom_page_level_css":"","_monsterinsights_skip_tracking":false,"_monsterinsights_sitenote_active":false,"_monsterinsights_sitenote_note":"","_monsterinsights_sitenote_category":0,"footnotes":""},"class_list":["post-3538","page","type-page","status-publish","hentry"],"featured_image_src":"","featured_image_src_square":false,"rbea_author_info":{"display_name":"admin","author_link":"https:\/\/www.keturist.sk\/info\/author\/admin\/"},"rbea_excerpt_info":"V\u0161eobecn\u00e9 inform\u00e1cie Obec Slansk\u00e1 Huta sa nach\u00e1dza v Ko\u0161ickom kraji v juhov\u00fdchodnej \u010dasti okresu Ko\u0161ice-okolie v Slansk\u00fdch vrchoch, v \u010dlenitom ter\u00e9ne. Kataster obce s rozlohou 1416,7 ha le\u017e\u00ed v ju\u017enej [&hellip;]","uagb_featured_image_src":{"full":false,"thumbnail":false,"medium":false,"medium_large":false,"large":false,"1536x1536":false,"2048x2048":false},"uagb_author_info":{"display_name":"admin","author_link":"https:\/\/www.keturist.sk\/info\/author\/admin\/"},"uagb_comment_info":0,"uagb_excerpt":"V\u0161eobecn\u00e9 inform\u00e1cie Obec Slansk\u00e1 Huta sa nach\u00e1dza v Ko\u0161ickom kraji v juhov\u00fdchodnej \u010dasti okresu Ko\u0161ice-okolie v Slansk\u00fdch vrchoch, v \u010dlenitom ter\u00e9ne. Kataster obce s rozlohou 1416,7 ha le\u017e\u00ed v ju\u017enej [&hellip;]","_links":{"self":[{"href":"https:\/\/www.keturist.sk\/info\/wp-json\/wp\/v2\/pages\/3538","targetHints":{"allow":["GET"]}}],"collection":[{"href":"https:\/\/www.keturist.sk\/info\/wp-json\/wp\/v2\/pages"}],"about":[{"href":"https:\/\/www.keturist.sk\/info\/wp-json\/wp\/v2\/types\/page"}],"author":[{"embeddable":true,"href":"https:\/\/www.keturist.sk\/info\/wp-json\/wp\/v2\/users\/1"}],"replies":[{"embeddable":true,"href":"https:\/\/www.keturist.sk\/info\/wp-json\/wp\/v2\/comments?post=3538"}],"version-history":[{"count":8,"href":"https:\/\/www.keturist.sk\/info\/wp-json\/wp\/v2\/pages\/3538\/revisions"}],"predecessor-version":[{"id":43961,"href":"https:\/\/www.keturist.sk\/info\/wp-json\/wp\/v2\/pages\/3538\/revisions\/43961"}],"up":[{"embeddable":true,"href":"https:\/\/www.keturist.sk\/info\/wp-json\/wp\/v2\/pages\/1782"}],"wp:attachment":[{"href":"https:\/\/www.keturist.sk\/info\/wp-json\/wp\/v2\/media?parent=3538"}],"curies":[{"name":"wp","href":"https:\/\/api.w.org\/{rel}","templated":true}]}}