{"id":3522,"date":"2013-11-10T08:29:16","date_gmt":"2013-11-10T06:29:16","guid":{"rendered":"https:\/\/www.keturist.sk\/info\/?page_id=3522"},"modified":"2021-11-18T18:09:46","modified_gmt":"2021-11-18T17:09:46","slug":"obec-ruskov","status":"publish","type":"page","link":"https:\/\/www.keturist.sk\/info\/turisticke-vychodiska\/smer-slanske-vrchy\/obec-ruskov\/","title":{"rendered":"Obec Ruskov"},"content":{"rendered":"<a href=\"https:\/\/www.keturist.sk\/info\/\" class=\"su-button su-button-style-default\" style=\"color:#000000;background-color:#FFCF2F;border-color:#cca626;border-radius:5px\" target=\"_self\"><span style=\"color:#000000;padding:6px 16px;font-size:13px;line-height:20px;border-color:#ffde6e;border-radius:5px;text-shadow:none\"><i class=\"sui sui-arrow-right\" style=\"font-size:13px;color:#000000\"><\/i>  Spravodaj <\/span><\/a>\n<a href=\"https:\/\/www.keturist.sk\/info\/tipy-na-vylety\/\" class=\"su-button su-button-style-default\" style=\"color:#000000;background-color:#FFCF2F;border-color:#cca626;border-radius:5px\" target=\"_self\"><span style=\"color:#000000;padding:6px 16px;font-size:13px;line-height:20px;border-color:#ffde6e;border-radius:5px;text-shadow:none\"><i class=\"sui sui-arrow-right\" style=\"font-size:13px;color:#000000\"><\/i>  TIPY NA V\u00ddLETY <\/span><\/a>\n<a href=\"https:\/\/www.keturist.sk\/info\/turisticke-vychodiska\/\" class=\"su-button su-button-style-default\" style=\"color:#000000;background-color:#FFCF2F;border-color:#cca626;border-radius:5px\" target=\"_self\"><span style=\"color:#000000;padding:6px 16px;font-size:13px;line-height:20px;border-color:#ffde6e;border-radius:5px;text-shadow:none\"><i class=\"sui sui-arrow-right\" style=\"font-size:13px;color:#000000\"><\/i>  Turistick\u00e9 v\u00fdchodisk\u00e1 <\/span><\/a>\n<a href=\"https:\/\/www.keturist.sk\/info\/turisticke-vychodiska\/smer-slanske-vrchy\/\" class=\"su-button su-button-style-default\" style=\"color:#000000;background-color:#FFCF2F;border-color:#cca626;border-radius:5px\" target=\"_self\"><span style=\"color:#000000;padding:6px 16px;font-size:13px;line-height:20px;border-color:#ffde6e;border-radius:5px;text-shadow:none\"><i class=\"sui sui-arrow-right\" style=\"font-size:13px;color:#000000\"><\/i>  Smer Slansk\u00e9 vrchy <\/span><\/a>\n<div class=\"su-divider su-divider-style-default\" style=\"margin:15px 0;border-width:2px;border-color:#000000\"><\/div>\n<div class=\"su-accordion su-u-trim\">\n<div class=\"su-spoiler su-spoiler-style-fancy su-spoiler-icon-plus su-spoiler-closed\" data-scroll-offset=\"0\" data-anchor-in-url=\"no\"><div class=\"su-spoiler-title\" tabindex=\"0\" role=\"button\"><span class=\"su-spoiler-icon\"><\/span>Textov\u00e9 menu - Turistick\u00e9 v\u00fdchodisk\u00e1 - Slansk\u00e9 vrchy - juh<\/div><div class=\"su-spoiler-content su-u-clearfix su-u-trim\">\n<code><div class=\"column-group columns-2\"><div class=\"column column-number-1 column-span-1\"><p><\/code><strong>\u0160portovo-rekrea\u010dn\u00e9 stredisk\u00e1: <\/strong><br \/>\n<a href=\"https:\/\/www.keturist.sk\/info\/smer-slanske-vrchy\/kupele-borda\/\">K\u00fapele Borda<\/a><br \/>\n<a href=\"https:\/\/www.keturist.sk\/info\/smer-slanske-vrchy\/obec-bysta-bysta-kupele\/\">K\u00fapele By\u0161ta-Obec By\u0161ta<\/a><br \/>\n<a href=\"https:\/\/www.keturist.sk\/info\/smer-slanske-vrchy\/rekreacne-stredisko-izra\/\">Stredisko Izra<\/a><br \/>\n<strong>Obce:<\/strong><br \/>\n<a href=\"https:\/\/www.keturist.sk\/info\/smer-slanske-vrchy\/obec-dargov\/\">Dargov<\/a><br \/>\n<a href=\"https:\/\/www.keturist.sk\/info\/smer-slanske-vrchy\/obec-herlany\/\">Her\u013eany<\/a><\/p>\n<\/div><div class=\"column column-number-2 last column-span-1\"><p><a href=\"https:\/\/www.keturist.sk\/info\/smer-slanske-vrchy\/obec-kalsa\/\">Obec Kal\u0161a<\/a><br \/>\n<a href=\"https:\/\/www.keturist.sk\/info\/kam-za-pamiatkami\/kam-za-pamiatkami-smer-slanske-vrchy\/obec-nizna-mysla\/\">Ni\u017en\u00e1 My\u0161\u013ea<\/a><br \/>\n<a href=\"https:\/\/www.keturist.sk\/info\/smer-slanske-vrchy\/obec-ruskov\/\">Ruskov<\/a><br \/>\n<a href=\"https:\/\/www.keturist.sk\/info\/smer-slanske-vrchy\/obec-skaros\/\">Sk\u00e1ro\u0161<\/a><br \/>\n<a href=\"https:\/\/www.keturist.sk\/info\/smer-slanske-vrchy\/obec-slanec\/\">Slanec<\/a><br \/>\n<a href=\"https:\/\/www.keturist.sk\/info\/smer-slanske-vrchy\/obec-slanska-huta\/\">Slansk\u00e1 Huta<\/a><br \/>\n<a href=\"https:\/\/www.keturist.sk\/info\/smer-slanske-vrchy\/obec-vysna-mysla\/\">Vy\u0161n\u00e1 My\u0161\u013ea<\/a><\/p>\n<\/div><\/div><\/div><\/div><\/div>\n<div class=\"su-divider su-divider-style-default\" style=\"margin:15px 0;border-width:2px;border-color:#000000\"><\/div>\n<h3><span style=\"color: #808000;\">V\u0161eobecn\u00e9 inform\u00e1cie<\/span><\/h3>\n<p>Ruskov (ma\u010f. Regetruszka) je obec na Slovensku v okrese Ko\u0161ice-okolie.<\/p>\n<figure id=\"attachment_38646\" aria-describedby=\"caption-attachment-38646\" style=\"width: 800px\" class=\"wp-caption aligncenter\"><a href=\"https:\/\/www.keturist.sk\/info\/wp-content\/uploads\/2021\/02\/ruskov3.jpg\"><img loading=\"lazy\" decoding=\"async\" class=\"wp-image-38646 size-full\" src=\"https:\/\/www.keturist.sk\/info\/wp-content\/uploads\/2021\/02\/ruskov3.jpg\" alt=\"\" width=\"800\" height=\"530\" srcset=\"https:\/\/www.keturist.sk\/info\/wp-content\/uploads\/2021\/02\/ruskov3.jpg 800w, https:\/\/www.keturist.sk\/info\/wp-content\/uploads\/2021\/02\/ruskov3-270x180.jpg 270w, https:\/\/www.keturist.sk\/info\/wp-content\/uploads\/2021\/02\/ruskov3-768x509.jpg 768w\" sizes=\"auto, (max-width: 800px) 100vw, 800px\" \/><\/a><figcaption id=\"caption-attachment-38646\" class=\"wp-caption-text\">kostol Mena Panny M\u00e1rie<\/figcaption><\/figure>\n<p>Obec Ruskov le\u017e\u00ed vo v\u00fdchodnom okraji <a href=\"https:\/\/www.keturist.sk\/info\/kam-do-prirody\/kosicka-kotlina\/\">Ko\u0161ickej kotliny<\/a>.<\/p>\n<p>Nadmorsk\u00e1 v\u00fd\u0161ka v strede obce je 228 m n.m., 223-540 m n.m. v chot\u00e1ri.<\/p>\n<p>Nach\u00e1dza sa pribli\u017ene 21 km juhov\u00fdchodn\u00fdm smerom od mesta <a href=\"https:\/\/www.keturist.sk\/info\/vseobecne-informacie\/\">Ko\u0161ice<\/a>.<\/p>\n<p>V obci existoval r\u00edmsko-katol\u00edcky kostol u\u017e v r. 1204.<\/p>\n<p>Nesk\u00f4r, v \u010dasoch reform\u00e1cie a rekatoliz\u00e1cie, bol pod spr\u00e1vou kalv\u00ednov, a\u017e roku 1750 ho prevzali sp\u00e4\u0165 r\u00edmskokatol\u00edci.<\/p>\n<p>Po prvej svetovej vojne bol sa mieste star\u00e9ho kostol\u00edka z roku 1204 postaven\u00fd <strong>katol\u00edcky kostol Mena Panny M\u00e1rie<\/strong>.<\/p>\n<p>Z \u010fal\u0161\u00edch pamiatok sa v obci nah\u00e1dzaj\u00fa sedliacke domy z konca 19. a za\u010diatku 20. storo\u010dia.<\/p>\n<p>Obec m\u00e1 aj vlastn\u00fd <strong>Remeseln\u00edcky dom<\/strong>.<\/p>\n<h3><span style=\"color: #808000;\">Turistick\u00e9 ciele a mo\u017enosti<\/span><\/h3>\n<p>V obci za\u010d\u00edna <img loading=\"lazy\" decoding=\"async\" class=\"alignnone wp-image-21626 size-full\" src=\"https:\/\/www.keturist.sk\/info\/wp-content\/uploads\/2013\/11\/zelena.png\" alt=\"\" width=\"20\" height=\"21\" \/> zelen\u00e1 turistick\u00e1 trasa, ktor\u00e1 pokra\u010duje k r\u00e1zcestn\u00edku <strong>\u010crepn\u00edk, ch. Raka\u0165a (453 m n.m.)<\/strong>.<\/p>\n<figure id=\"attachment_27042\" aria-describedby=\"caption-attachment-27042\" style=\"width: 800px\" class=\"wp-caption aligncenter\"><a href=\"https:\/\/www.keturist.sk\/info\/wp-content\/uploads\/2018\/12\/okruhly-vrch1.jpg\"><img loading=\"lazy\" decoding=\"async\" class=\"wp-image-27042 size-medium\" src=\"https:\/\/www.keturist.sk\/info\/wp-content\/uploads\/2018\/12\/okruhly-vrch1-800x600.jpg\" alt=\"\" width=\"800\" height=\"600\" srcset=\"https:\/\/www.keturist.sk\/info\/wp-content\/uploads\/2018\/12\/okruhly-vrch1-800x600.jpg 800w, https:\/\/www.keturist.sk\/info\/wp-content\/uploads\/2018\/12\/okruhly-vrch1-240x180.jpg 240w, https:\/\/www.keturist.sk\/info\/wp-content\/uploads\/2018\/12\/okruhly-vrch1-768x576.jpg 768w, https:\/\/www.keturist.sk\/info\/wp-content\/uploads\/2018\/12\/okruhly-vrch1-400x300.jpg 400w, https:\/\/www.keturist.sk\/info\/wp-content\/uploads\/2018\/12\/okruhly-vrch1.jpg 960w\" sizes=\"auto, (max-width: 800px) 100vw, 800px\" \/><\/a><figcaption id=\"caption-attachment-27042\" class=\"wp-caption-text\">r\u00e1zcestn\u00edk Okr\u00fahly vrch (680 m n.m.) a informa\u010dn\u00e1 tabu\u013ea. Fotograf: Ondrej Liker<\/figcaption><\/figure>\n<p>Tu sa trasa nap\u00e1ja na hlavn\u00fa <img loading=\"lazy\" decoding=\"async\" class=\"alignnone wp-image-21433 size-full\" src=\"https:\/\/www.keturist.sk\/info\/wp-content\/uploads\/2013\/11\/cervena-1.png\" alt=\"\" width=\"20\" height=\"21\" \/> \u010derven\u00fa turistick\u00fa trasu.<\/p>\n<p>Po <img loading=\"lazy\" decoding=\"async\" class=\"alignnone wp-image-21433 size-full\" src=\"https:\/\/www.keturist.sk\/info\/wp-content\/uploads\/2013\/11\/cervena-1.png\" alt=\"\" width=\"20\" height=\"21\" \/> \u010dervenej turistickej trase sa m\u00f4\u017eete dosta\u0165 severn\u00fdm smerom na <a href=\"https:\/\/www.keturist.sk\/info\/vrchy-skaly-a-sedla\/dargovsky-priesmyk\/\">Dargovsk\u00fd priesmyk (474 m n.m.)<\/a> alebo ju\u017en\u00fdm smerom k <a href=\"https:\/\/www.keturist.sk\/info\/hrady-a-kastiele\/slansky-hrad\/\">Slansk\u00e9mu hradu<\/a>.<\/p>\n<figure id=\"attachment_37195\" aria-describedby=\"caption-attachment-37195\" style=\"width: 800px\" class=\"wp-caption aligncenter\"><a href=\"https:\/\/www.keturist.sk\/info\/wp-content\/uploads\/2020\/12\/hrad-slanec2.jpg\"><img loading=\"lazy\" decoding=\"async\" class=\"wp-image-37195 size-medium\" src=\"https:\/\/www.keturist.sk\/info\/wp-content\/uploads\/2020\/12\/hrad-slanec2-800x533.jpg\" alt=\"\" width=\"800\" height=\"533\" srcset=\"https:\/\/www.keturist.sk\/info\/wp-content\/uploads\/2020\/12\/hrad-slanec2-800x533.jpg 800w, https:\/\/www.keturist.sk\/info\/wp-content\/uploads\/2020\/12\/hrad-slanec2-270x180.jpg 270w, https:\/\/www.keturist.sk\/info\/wp-content\/uploads\/2020\/12\/hrad-slanec2-768x511.jpg 768w, https:\/\/www.keturist.sk\/info\/wp-content\/uploads\/2020\/12\/hrad-slanec2.jpg 960w\" sizes=\"auto, (max-width: 800px) 100vw, 800px\" \/><\/a><figcaption id=\"caption-attachment-37195\" class=\"wp-caption-text\">Slansk\u00fd hrad &#8211; Hrad Slanec &#8211; Slaneck\u00fd hrad<\/figcaption><\/figure>\n<p>Pr\u00e1ve na tejto turistickej trase sa nach\u00e1dza sa v smere na <a href=\"https:\/\/www.keturist.sk\/info\/vrchy-skaly-a-sedla\/dargovsky-priesmyk\/\">Dargovsk\u00fd priesmyk (474 m n.m.)<\/a> nach\u00e1dza <a href=\"https:\/\/www.keturist.sk\/info\/okruhly-vrch-680-m-n-m\/\">Okr\u00fahly vrch (680 m n.m.)<\/a>.<\/p>\n<p>V minulosti sa tu nach\u00e1dzal\u00a0<a href=\"https:\/\/www.keturist.sk\/info\/kam-za-pamiatkami\/kam-za-pamiatkami-smer-slanske-vrchy\/lovecky-zamocek-grofa-forgaca\/\">loveck\u00fd z\u00e1mo\u010dek gr\u00f3fa \u0160tefana Forg\u00e1\u010da<\/a>\u00a0(ma\u010f. Kerekhegyi vad\u00e1szlak).<\/p>\n<figure id=\"attachment_30770\" aria-describedby=\"caption-attachment-30770\" style=\"width: 800px\" class=\"wp-caption aligncenter\"><a href=\"https:\/\/www.keturist.sk\/info\/wp-content\/uploads\/2019\/12\/forgacs-1.jpg\"><img loading=\"lazy\" decoding=\"async\" class=\"wp-image-30770 size-medium\" src=\"https:\/\/www.keturist.sk\/info\/wp-content\/uploads\/2019\/12\/forgacs-1-800x497.jpg\" alt=\"\" width=\"800\" height=\"497\" srcset=\"https:\/\/www.keturist.sk\/info\/wp-content\/uploads\/2019\/12\/forgacs-1-800x497.jpg 800w, https:\/\/www.keturist.sk\/info\/wp-content\/uploads\/2019\/12\/forgacs-1-270x168.jpg 270w, https:\/\/www.keturist.sk\/info\/wp-content\/uploads\/2019\/12\/forgacs-1-768x477.jpg 768w, https:\/\/www.keturist.sk\/info\/wp-content\/uploads\/2019\/12\/forgacs-1-400x248.jpg 400w, https:\/\/www.keturist.sk\/info\/wp-content\/uploads\/2019\/12\/forgacs-1.jpg 1024w\" sizes=\"auto, (max-width: 800px) 100vw, 800px\" \/><\/a><figcaption id=\"caption-attachment-30770\" class=\"wp-caption-text\">Loveck\u00fd z\u00e1mo\u010dek gr\u00f3fa Forg\u00e1\u010da (Kerekhegyi)<\/figcaption><\/figure>\n<p>V s\u00fa\u010dasnosti je na Okr\u00fahlom vrchu odhalen\u00e1 trojjazy\u010dn\u00e1 informa\u010dn\u00e1 tabu\u013ea, ktor\u00e1 poskytuje n\u00e1v\u0161tevn\u00edkom vrchu inform\u00e1cie o spom\u00ednanom gr\u00f3fovi a jeho loveckom z\u00e1mo\u010dku.<\/p>\n<figure id=\"attachment_33149\" aria-describedby=\"caption-attachment-33149\" style=\"width: 800px\" class=\"wp-caption aligncenter\"><a href=\"https:\/\/www.keturist.sk\/info\/wp-content\/uploads\/2020\/06\/dar4.jpg\"><img loading=\"lazy\" decoding=\"async\" class=\"wp-image-33149 size-medium\" src=\"https:\/\/www.keturist.sk\/info\/wp-content\/uploads\/2020\/06\/dar4-800x451.jpg\" alt=\"\" width=\"800\" height=\"451\" srcset=\"https:\/\/www.keturist.sk\/info\/wp-content\/uploads\/2020\/06\/dar4-800x451.jpg 800w, https:\/\/www.keturist.sk\/info\/wp-content\/uploads\/2020\/06\/dar4-2000x1127.jpg 2000w, https:\/\/www.keturist.sk\/info\/wp-content\/uploads\/2020\/06\/dar4-270x152.jpg 270w, https:\/\/www.keturist.sk\/info\/wp-content\/uploads\/2020\/06\/dar4-768x433.jpg 768w, https:\/\/www.keturist.sk\/info\/wp-content\/uploads\/2020\/06\/dar4-1536x866.jpg 1536w, https:\/\/www.keturist.sk\/info\/wp-content\/uploads\/2020\/06\/dar4-1200x676.jpg 1200w, https:\/\/www.keturist.sk\/info\/wp-content\/uploads\/2020\/06\/dar4.jpg 2048w\" sizes=\"auto, (max-width: 800px) 100vw, 800px\" \/><\/a><figcaption id=\"caption-attachment-33149\" class=\"wp-caption-text\">Pam\u00e4tn\u00edk oslobodenia a v\u00ed\u0165azstva a Sie\u0148 bojovej sl\u00e1vy na Dargove Fotograf: Ondrej Liker<\/figcaption><\/figure>\n<p>V sedle <a href=\"https:\/\/www.keturist.sk\/info\/vrchy-skaly-a-sedla\/dargovsky-priesmyk\/\">Dargovsk\u00fd priesmyk (474 m n.m.)<\/a> sa nach\u00e1dza are\u00e1l pam\u00e4tn\u00edka naz\u00fdvan\u00fd \u201c<a href=\"https:\/\/www.keturist.sk\/info\/kam-za-pamiatkami\/kam-za-pamiatkami-smer-slanske-vrchy\/pamatnik-oslobodenia-a-vitazstva-a-sien-bojovej-slavy\/\">Pam\u00e4tn\u00edk oslobodenia a v\u00ed\u0165azstva<\/a>\u201c, pozostavajuc\u00e9ho zo s\u00faso\u0161ia pam\u00e4tn\u00edka Oslobodenia a v\u00ed\u0165azstva, expoz\u00edcie oslobodite\u013esk\u00fdch tankov a z pam\u00e4tnej <a href=\"https:\/\/www.keturist.sk\/info\/kam-za-pamiatkami\/kam-za-pamiatkami-smer-slanske-vrchy\/pamatnik-oslobodenia-a-vitazstva-a-sien-bojovej-slavy\/\">Siene bojovej sl\u00e1vy<\/a>.<\/p>\n<h3><span style=\"color: #808000;\">Hist\u00f3ria<\/span><\/h3>\n<p>V obci ako d\u00f4le\u017eitom strategickom bode na ceste z Pohorn\u00e1dia do Zempl\u00edna boli usaden\u00ed asi na rozhran\u00ed 11. a 12. storo\u010dia rusk\u00ed str\u00e1\u017ecovia.<\/p>\n<p>Obec sa spom\u00edna prv\u00fd raz roku 1220 (pod n\u00e1zvom Vruzca).<\/p>\n<p>Ke\u010f\u017ee pred r. 1332 \u2013 1337 bola tu katol\u00edcka farnos\u0165, mo\u017eno usudzova\u0165 \u017ee p\u00f4vodn\u00ed obyvatelia boli zamenen\u00ed in\u00fdmi.<\/p>\n<p>V roku 1427 mala 52 port patriacich trom zemep\u00e1nom.<\/p>\n<p>V 18. storo\u010d\u00ed splynula so susednou obcou Regete, ktor\u00e1 bola rovnako star\u00e1 ( prv\u00e1 spr\u00e1va z r.1298).<\/p>\n<p>Ruskov prisl\u00fachal zemi Slanec a bol majetkom Slansk\u00e9ho hradu, takmer jedno cel\u00e9 tis\u00edcro\u010die.<\/p>\n<p>Rozsiahle slansk\u00e9 panstvo vy\u0161e 400 rokov patrilo najv\u00fdznamnej\u0161iemu \u0161\u013eachtick\u00e9mu rodu Forg\u00e1\u010dovcov.<\/p>\n<p>Obec Ruskov bola u\u017e v 19. storo\u010d\u00ed zn\u00e1ma p\u00e1len\u00edm uhlia, p\u00e1len\u00edm ovocn\u00fdch destil\u00e1tov, hlavne ch\u00fdrnej ruskovskej slivovice.<\/p>\n<p>V roku 1949 Andrej Ander po pres\u0165ahovan\u00ed z Kucika pod \u017eelezni\u010dn\u00fa tra\u0165 vybudoval na tie \u010dasy technicky modern\u00fd liehovar na spracovanie ovocia vypestovan\u00e9ho v okol\u00ed.<\/p>\n<p>Obec bola zn\u00e1ma v\u00fdrobou sudov , kor\u00fdt a kov\u00e1\u010dstvom .<\/p>\n<p>Miestni remeseln\u00edci boli situovan\u00ed do najstar\u0161ej \u010dasti obce \u2013 Kucik.<\/p>\n<p>Na prelome storo\u010dia tu pracovali garbiari, tes\u00e1ri, obuvn\u00edci, tk\u00e1\u010di a kraj\u010d\u00edri.<\/p>\n<p>Ro\u013en\u00edci odv\u00e1\u017eali na jarmoky a priamym odberate\u013eom do Ko\u0161\u00edc, hydinu,hov\u00e4dz\u00ed dobytok, prasiatka, mlie\u010dne v\u00fdrobky, vaj\u00ed\u010dka, pl\u00e1tno, ovocie, zeleninu, ovocn\u00e9 destil\u00e1ty, v\u00fdrobky z ko\u017ee a dreva.<\/p>\n<p>V obci sa nach\u00e1dzali mlyn, vyhne a spom\u00ednan\u00fd liehovar.<\/p>\n<p>V rokoch 1938-1945 bola obec s\u00fa\u010das\u0165ou Ma\u010farska.<\/p>\n<h3><span style=\"color: #808000;\">Pamiatky<\/span><\/h3>\n<ul>\n<li>Katol\u00edcky kostol Mena Panny M\u00e1rie<\/li>\n<\/ul>\n<h3><span style=\"color: #808000;\">Mapy<\/span><\/h3>\n<p><strong>Vrstvy: <\/strong>Turistick\u00e1 mapa, Automapa, Cyklomapa, Ly\u017eiarska mapa, Satelitn\u00e1 mapa a OpenStreetMap.<\/p>\n<p><strong>Kliknut\u00edm na logo &#8222;Freemap.sk&#8220; sa V\u00e1m mapa zobraz\u00ed na celej ploche obrazovky.<\/strong><\/p>\n<p><iframe style=\"width: 800px; height: 500px; border: 0;\" src=\"https:\/\/www.freemap.sk\/?map=13\/48.681611\/21.432695&amp;info-point=48.681611\/21.432695,Obec Ruskov&amp;layers=T&amp;embed=search\" allowfullscreen=\"allowfullscreen\"><\/iframe><\/p>\n<h3><span style=\"color: #808000;\">Po\u010dasie<\/span><\/h3>\n<p><iframe style=\"width: 800px; height: 607px;\" src=\"https:\/\/www.meteoblue.com\/sk\/po%C4%8Dasie\/widget\/three\/ruskov_slovensk%c3%a1-republika_723686?geoloc=fixed&amp;nocurrent=0&amp;noforecast=0&amp;days=5&amp;tempunit=CELSIUS&amp;windunit=KILOMETER_PER_HOUR&amp;layout=image\" frameborder=\"0\" scrolling=\"NO\" sandbox=\"allow-same-origin allow-scripts allow-popups allow-popups-to-escape-sandbox\"><\/iframe><\/p>\n<div><!-- DO NOT REMOVE THIS LINK --><a href=\"https:\/\/www.meteoblue.com\/sk\/po%C4%8Dasie\/predpove%C4%8F\/t%C3%BD%C5%BEde%C5%88\/ruskov_slovensk%c3%a1-republika_723686?utm_source=weather_widget&amp;utm_medium=linkus&amp;utm_content=three&amp;utm_campaign=Weather%2BWidget\" target=\"_blank\" rel=\"noopener noreferrer\">meteoblue<\/a><\/div>\n","protected":false},"excerpt":{"rendered":"<p>V\u0161eobecn\u00e9 inform\u00e1cie Ruskov (ma\u010f. Regetruszka) je obec na Slovensku v okrese Ko\u0161ice-okolie. Obec Ruskov le\u017e\u00ed vo v\u00fdchodnom okraji Ko\u0161ickej kotliny. Nadmorsk\u00e1 v\u00fd\u0161ka v strede obce je 228 m n.m., 223-540 [&hellip;]<\/p>\n","protected":false},"author":1,"featured_media":0,"parent":1782,"menu_order":0,"comment_status":"closed","ping_status":"closed","template":"","meta":{"_uag_custom_page_level_css":"","_monsterinsights_skip_tracking":false,"_monsterinsights_sitenote_active":false,"_monsterinsights_sitenote_note":"","_monsterinsights_sitenote_category":0,"footnotes":""},"class_list":["post-3522","page","type-page","status-publish","hentry"],"featured_image_src":"","featured_image_src_square":false,"rbea_author_info":{"display_name":"admin","author_link":"https:\/\/www.keturist.sk\/info\/author\/admin\/"},"rbea_excerpt_info":"V\u0161eobecn\u00e9 inform\u00e1cie Ruskov (ma\u010f. Regetruszka) je obec na Slovensku v okrese Ko\u0161ice-okolie. Obec Ruskov le\u017e\u00ed vo v\u00fdchodnom okraji Ko\u0161ickej kotliny. Nadmorsk\u00e1 v\u00fd\u0161ka v strede obce je 228 m n.m., 223-540 [&hellip;]","uagb_featured_image_src":{"full":false,"thumbnail":false,"medium":false,"medium_large":false,"large":false,"1536x1536":false,"2048x2048":false},"uagb_author_info":{"display_name":"admin","author_link":"https:\/\/www.keturist.sk\/info\/author\/admin\/"},"uagb_comment_info":0,"uagb_excerpt":"V\u0161eobecn\u00e9 inform\u00e1cie Ruskov (ma\u010f. Regetruszka) je obec na Slovensku v okrese Ko\u0161ice-okolie. Obec Ruskov le\u017e\u00ed vo v\u00fdchodnom okraji Ko\u0161ickej kotliny. Nadmorsk\u00e1 v\u00fd\u0161ka v strede obce je 228 m n.m., 223-540 [&hellip;]","_links":{"self":[{"href":"https:\/\/www.keturist.sk\/info\/wp-json\/wp\/v2\/pages\/3522","targetHints":{"allow":["GET"]}}],"collection":[{"href":"https:\/\/www.keturist.sk\/info\/wp-json\/wp\/v2\/pages"}],"about":[{"href":"https:\/\/www.keturist.sk\/info\/wp-json\/wp\/v2\/types\/page"}],"author":[{"embeddable":true,"href":"https:\/\/www.keturist.sk\/info\/wp-json\/wp\/v2\/users\/1"}],"replies":[{"embeddable":true,"href":"https:\/\/www.keturist.sk\/info\/wp-json\/wp\/v2\/comments?post=3522"}],"version-history":[{"count":7,"href":"https:\/\/www.keturist.sk\/info\/wp-json\/wp\/v2\/pages\/3522\/revisions"}],"predecessor-version":[{"id":43958,"href":"https:\/\/www.keturist.sk\/info\/wp-json\/wp\/v2\/pages\/3522\/revisions\/43958"}],"up":[{"embeddable":true,"href":"https:\/\/www.keturist.sk\/info\/wp-json\/wp\/v2\/pages\/1782"}],"wp:attachment":[{"href":"https:\/\/www.keturist.sk\/info\/wp-json\/wp\/v2\/media?parent=3522"}],"curies":[{"name":"wp","href":"https:\/\/api.w.org\/{rel}","templated":true}]}}