{"id":3518,"date":"2013-11-10T08:22:01","date_gmt":"2013-11-10T06:22:01","guid":{"rendered":"https:\/\/www.keturist.sk\/info\/?page_id=3518"},"modified":"2021-11-18T18:07:16","modified_gmt":"2021-11-18T17:07:16","slug":"obec-kalsa","status":"publish","type":"page","link":"https:\/\/www.keturist.sk\/info\/turisticke-vychodiska\/smer-slanske-vrchy\/obec-kalsa\/","title":{"rendered":"Obec Kal\u0161a"},"content":{"rendered":"<a href=\"https:\/\/www.keturist.sk\/info\/\" class=\"su-button su-button-style-default\" style=\"color:#000000;background-color:#FFCF2F;border-color:#cca626;border-radius:5px\" target=\"_self\"><span style=\"color:#000000;padding:6px 16px;font-size:13px;line-height:20px;border-color:#ffde6e;border-radius:5px;text-shadow:none\"><i class=\"sui sui-arrow-right\" style=\"font-size:13px;color:#000000\"><\/i>  Spravodaj <\/span><\/a>\n<a href=\"https:\/\/www.keturist.sk\/info\/tipy-na-vylety\/\" class=\"su-button su-button-style-default\" style=\"color:#000000;background-color:#FFCF2F;border-color:#cca626;border-radius:5px\" target=\"_self\"><span style=\"color:#000000;padding:6px 16px;font-size:13px;line-height:20px;border-color:#ffde6e;border-radius:5px;text-shadow:none\"><i class=\"sui sui-arrow-right\" style=\"font-size:13px;color:#000000\"><\/i>  TIPY NA V\u00ddLETY <\/span><\/a>\n<a href=\"https:\/\/www.keturist.sk\/info\/turisticke-vychodiska\/\" class=\"su-button su-button-style-default\" style=\"color:#000000;background-color:#FFCF2F;border-color:#cca626;border-radius:5px\" target=\"_self\"><span style=\"color:#000000;padding:6px 16px;font-size:13px;line-height:20px;border-color:#ffde6e;border-radius:5px;text-shadow:none\"><i class=\"sui sui-arrow-right\" style=\"font-size:13px;color:#000000\"><\/i>  Turistick\u00e9 v\u00fdchodisk\u00e1 <\/span><\/a>\n<a href=\"https:\/\/www.keturist.sk\/info\/turisticke-vychodiska\/smer-slanske-vrchy\/\" class=\"su-button su-button-style-default\" style=\"color:#000000;background-color:#FFCF2F;border-color:#cca626;border-radius:5px\" target=\"_self\"><span style=\"color:#000000;padding:6px 16px;font-size:13px;line-height:20px;border-color:#ffde6e;border-radius:5px;text-shadow:none\"><i class=\"sui sui-arrow-right\" style=\"font-size:13px;color:#000000\"><\/i>  Smer Slansk\u00e9 vrchy <\/span><\/a>\n<div class=\"su-divider su-divider-style-default\" style=\"margin:15px 0;border-width:2px;border-color:#000000\"><\/div>\n<div class=\"su-accordion su-u-trim\">\n<div class=\"su-spoiler su-spoiler-style-fancy su-spoiler-icon-plus su-spoiler-closed\" data-scroll-offset=\"0\" data-anchor-in-url=\"no\"><div class=\"su-spoiler-title\" tabindex=\"0\" role=\"button\"><span class=\"su-spoiler-icon\"><\/span>Textov\u00e9 menu - Turistick\u00e9 v\u00fdchodisk\u00e1 - Slansk\u00e9 vrchy - juh<\/div><div class=\"su-spoiler-content su-u-clearfix su-u-trim\">\n<code><div class=\"column-group columns-2\"><div class=\"column column-number-1 column-span-1\"><p><\/code><strong>\u0160portovo-rekrea\u010dn\u00e9 stredisk\u00e1: <\/strong><br \/>\n<a href=\"https:\/\/www.keturist.sk\/info\/smer-slanske-vrchy\/kupele-borda\/\">K\u00fapele Borda<\/a><br \/>\n<a href=\"https:\/\/www.keturist.sk\/info\/smer-slanske-vrchy\/obec-bysta-bysta-kupele\/\">K\u00fapele By\u0161ta-Obec By\u0161ta<\/a><br \/>\n<a href=\"https:\/\/www.keturist.sk\/info\/smer-slanske-vrchy\/rekreacne-stredisko-izra\/\">Stredisko Izra<\/a><br \/>\n<strong>Obce:<\/strong><br \/>\n<a href=\"https:\/\/www.keturist.sk\/info\/smer-slanske-vrchy\/obec-dargov\/\">Dargov<\/a><br \/>\n<a href=\"https:\/\/www.keturist.sk\/info\/smer-slanske-vrchy\/obec-herlany\/\">Her\u013eany<\/a><\/p>\n<\/div><div class=\"column column-number-2 last column-span-1\"><p><a href=\"https:\/\/www.keturist.sk\/info\/smer-slanske-vrchy\/obec-kalsa\/\">Obec Kal\u0161a<\/a><br \/>\n<a href=\"https:\/\/www.keturist.sk\/info\/kam-za-pamiatkami\/kam-za-pamiatkami-smer-slanske-vrchy\/obec-nizna-mysla\/\">Ni\u017en\u00e1 My\u0161\u013ea<\/a><br \/>\n<a href=\"https:\/\/www.keturist.sk\/info\/smer-slanske-vrchy\/obec-ruskov\/\">Ruskov<\/a><br \/>\n<a href=\"https:\/\/www.keturist.sk\/info\/smer-slanske-vrchy\/obec-skaros\/\">Sk\u00e1ro\u0161<\/a><br \/>\n<a href=\"https:\/\/www.keturist.sk\/info\/smer-slanske-vrchy\/obec-slanec\/\">Slanec<\/a><br \/>\n<a href=\"https:\/\/www.keturist.sk\/info\/smer-slanske-vrchy\/obec-slanska-huta\/\">Slansk\u00e1 Huta<\/a><br \/>\n<a href=\"https:\/\/www.keturist.sk\/info\/smer-slanske-vrchy\/obec-vysna-mysla\/\">Vy\u0161n\u00e1 My\u0161\u013ea<\/a><\/p>\n<\/div><\/div><\/div><\/div><\/div>\n<div class=\"su-divider su-divider-style-default\" style=\"margin:15px 0;border-width:2px;border-color:#000000\"><\/div>\n<h3><span style=\"color: #808000;\">V\u0161eobecn\u00e9 inform\u00e1cie<\/span><\/h3>\n<p>Obec Kal\u0161a le\u017e\u00ed na juhov\u00fdchodnom \u00fap\u00e4t\u00ed <a href=\"https:\/\/www.keturist.sk\/info\/okolite-hory\/slanske-vrchy\/\">Slansk\u00fdch vrchov<\/a> v Podslanskej pahorkatine, pribli\u017ene 30 kilometrov v\u00fdchodne od <a href=\"https:\/\/www.keturist.sk\/info\/vseobecne-informacie\/\">Ko\u0161\u00edc<\/a> medzi obcami Slansk\u00e9 Nov\u00e9 Mesto a Slivn\u00edk.<\/p>\n<figure id=\"attachment_38640\" aria-describedby=\"caption-attachment-38640\" style=\"width: 800px\" class=\"wp-caption aligncenter\"><a href=\"https:\/\/www.keturist.sk\/info\/wp-content\/uploads\/2021\/02\/kalsa.jpg\"><img loading=\"lazy\" decoding=\"async\" class=\"wp-image-38640 size-full\" src=\"https:\/\/www.keturist.sk\/info\/wp-content\/uploads\/2021\/02\/kalsa.jpg\" alt=\"\" width=\"800\" height=\"601\" srcset=\"https:\/\/www.keturist.sk\/info\/wp-content\/uploads\/2021\/02\/kalsa.jpg 800w, https:\/\/www.keturist.sk\/info\/wp-content\/uploads\/2021\/02\/kalsa-240x180.jpg 240w, https:\/\/www.keturist.sk\/info\/wp-content\/uploads\/2021\/02\/kalsa-768x577.jpg 768w\" sizes=\"auto, (max-width: 800px) 100vw, 800px\" \/><\/a><figcaption id=\"caption-attachment-38640\" class=\"wp-caption-text\">www.kalsa.sk<\/figcaption><\/figure>\n<p>Stred obce le\u017e\u00ed vo v\u00fd\u0161ke 202 m, v chot\u00e1ri 185-385 m.<\/p>\n<p>V\u00fdrazn\u00fa krajin\u00e1rsku a biologick\u00fa hodnotu v \u00fazem\u00ed predstavuje dopravn\u00e1 zele\u0148 potoka Tereb\u013ea a jeho pr\u00edtokov.<\/p>\n<figure id=\"attachment_38641\" aria-describedby=\"caption-attachment-38641\" style=\"width: 800px\" class=\"wp-caption aligncenter\"><a href=\"https:\/\/www.keturist.sk\/info\/wp-content\/uploads\/2021\/02\/kalsa3.jpg\"><img loading=\"lazy\" decoding=\"async\" class=\"wp-image-38641 size-full\" src=\"https:\/\/www.keturist.sk\/info\/wp-content\/uploads\/2021\/02\/kalsa3.jpg\" alt=\"\" width=\"800\" height=\"598\" srcset=\"https:\/\/www.keturist.sk\/info\/wp-content\/uploads\/2021\/02\/kalsa3.jpg 800w, https:\/\/www.keturist.sk\/info\/wp-content\/uploads\/2021\/02\/kalsa3-241x180.jpg 241w, https:\/\/www.keturist.sk\/info\/wp-content\/uploads\/2021\/02\/kalsa3-768x574.jpg 768w\" sizes=\"auto, (max-width: 800px) 100vw, 800px\" \/><\/a><figcaption id=\"caption-attachment-38641\" class=\"wp-caption-text\">www.kalsa.sk<\/figcaption><\/figure>\n<p>V Kal\u0161i sa nach\u00e1dzaj\u00fa dva kostoly.<\/p>\n<p>Gr\u00e9ckokatol\u00edcky kostol, ktor\u00fd bol vysv\u00e4ten\u00fd v roku 1910.<\/p>\n<p>Zasv\u00e4ten\u00fd je Nanebovzatiu Panny M\u00e1rie.<\/p>\n<p>V roku 1966 boli nama\u013eovan\u00e9 ma\u013eby na strope kostola.<\/p>\n<p>R\u00edmskokatol\u00edcky kostol bol vysv\u00e4ten\u00fd 29. okt\u00f3bra v roku 1995.<\/p>\n<p>Je zasv\u00e4ten\u00fd Panne M\u00e1rii \u2013 Pomocnici kres\u0165anov .<\/p>\n<p>Okrem toho sa v Kal\u0161i nach\u00e1dza aj zvonica Reformovanej Cirkvi.<\/p>\n<p>Z \u010fal\u0161\u00edch pamiatok sa tu zachovalo nieko\u013eko domov zo za\u010diatku 20. storo\u010dia.<\/p>\n<h3><span style=\"color: #808000;\">Turistick\u00e9 ciele<\/span><\/h3>\n<p>V obci za\u010d\u00edna\u00a0<img loading=\"lazy\" decoding=\"async\" class=\"alignnone wp-image-21625 size-full\" src=\"https:\/\/www.keturist.sk\/info\/wp-content\/uploads\/2013\/11\/zlta.png\" alt=\"\" width=\"20\" height=\"21\" srcset=\"https:\/\/www.keturist.sk\/info\/wp-content\/uploads\/2013\/11\/zlta.png 20w, https:\/\/www.keturist.sk\/info\/wp-content\/uploads\/2013\/11\/zlta-19x20.png 19w\" sizes=\"auto, (max-width: 20px) 100vw, 20px\" \/> \u017elt\u00e1 turistick\u00e1 trasa ved\u00faca ku jazeru do <a href=\"https:\/\/www.keturist.sk\/info\/smer-slanske-vrchy\/rekreacne-stredisko-izra\/\">stredisko Izra<\/a>, pri ktorom sa nach\u00e1dza turistami vyh\u013ead\u00e1van\u00e9 <a href=\"https:\/\/www.keturist.sk\/info\/vodopady-jazierka-rieky\/jazero-izra\/\">jazero Izra<\/a>.<\/p>\n<figure id=\"attachment_34872\" aria-describedby=\"caption-attachment-34872\" style=\"width: 800px\" class=\"wp-caption aligncenter\"><a href=\"https:\/\/www.keturist.sk\/info\/wp-content\/uploads\/2020\/11\/izra4.jpg\"><img loading=\"lazy\" decoding=\"async\" class=\"wp-image-34872 size-medium\" src=\"https:\/\/www.keturist.sk\/info\/wp-content\/uploads\/2020\/11\/izra4-800x450.jpg\" alt=\"\" width=\"800\" height=\"450\" srcset=\"https:\/\/www.keturist.sk\/info\/wp-content\/uploads\/2020\/11\/izra4-800x450.jpg 800w, https:\/\/www.keturist.sk\/info\/wp-content\/uploads\/2020\/11\/izra4-270x152.jpg 270w, https:\/\/www.keturist.sk\/info\/wp-content\/uploads\/2020\/11\/izra4-768x432.jpg 768w, https:\/\/www.keturist.sk\/info\/wp-content\/uploads\/2020\/11\/izra4.jpg 1000w\" sizes=\"auto, (max-width: 800px) 100vw, 800px\" \/><\/a><figcaption id=\"caption-attachment-34872\" class=\"wp-caption-text\">Jazero Izra, fotograf: Marcin\u010din Jozef<\/figcaption><\/figure>\n<p>Zaber\u00e1 plochu okolo 3,70 ha, maxim\u00e1lna d\u013a\u017eka jazera je 250 m a \u0161\u00edrka 220 m.<\/p>\n<p>Okolie jazera je obkolesen\u00e9 lesmi.<\/p>\n<h3><span style=\"color: #808000;\">Hist\u00f3ria<\/span><\/h3>\n<p>Obec sa vyvinula na \u00fazem\u00ed patriacom kl\u00e1\u0161torom kri\u017eiakov.<\/p>\n<p>V stredoveku patrila miestnym zemep\u00e1nom, nesk\u00f4r sa z\u00e1lohou a predajom dostala do majetku mesta Ko\u0161ice.<\/p>\n<p>V minulosti sa obyvatelia obce \u017eivili po\u013enohospod\u00e1rstvom.<\/p>\n<p>Za prvej \u010cSR aj drevoruba\u010dstvom.<\/p>\n<h3><span style=\"color: #808000;\">Pamiatky<\/span><\/h3>\n<ul>\n<li>Gr\u00e9ckokatol\u00edcky kostol<\/li>\n<\/ul>\n<h3><span style=\"color: #808000;\">Mapy<\/span><\/h3>\n<p><strong>Vrstvy: <\/strong>Turistick\u00e1 mapa, Automapa, Cyklomapa, Ly\u017eiarska mapa, Satelitn\u00e1 mapa a OpenStreetMap.<\/p>\n<p><strong>Kliknut\u00edm na logo &#8222;Freemap.sk&#8220; sa V\u00e1m mapa zobraz\u00ed na celej ploche obrazovky.<\/strong><\/p>\n<p><iframe style=\"width: 800px; height: 500px; border: 0;\" src=\"https:\/\/www.freemap.sk\/?map=13\/48.613108\/21.524019&amp;info-point=48.613108\/21.524019,Obec Kal\u0161a&amp;layers=T&amp;embed=search\" allowfullscreen=\"allowfullscreen\"><\/iframe><\/p>\n<h3><span style=\"color: #808000;\">Po\u010dasie<\/span><\/h3>\n<p><iframe style=\"width: 800px; height: 600px;\" src=\"https:\/\/www.meteoblue.com\/sk\/po%C4%8Dasie\/widget\/three\/kal%c5%a1a_slovensk%c3%a1-republika_724540?geoloc=fixed&amp;nocurrent=0&amp;noforecast=0&amp;days=5&amp;tempunit=CELSIUS&amp;windunit=KILOMETER_PER_HOUR&amp;layout=image\" frameborder=\"0\" scrolling=\"NO\" sandbox=\"allow-same-origin allow-scripts allow-popups allow-popups-to-escape-sandbox\"><\/iframe><\/p>\n<div><!-- DO NOT REMOVE THIS LINK --><a href=\"https:\/\/www.meteoblue.com\/sk\/po%C4%8Dasie\/predpove%C4%8F\/t%C3%BD%C5%BEde%C5%88\/kal%c5%a1a_slovensk%c3%a1-republika_724540?utm_source=weather_widget&amp;utm_medium=linkus&amp;utm_content=three&amp;utm_campaign=Weather%2BWidget\" target=\"_blank\" rel=\"noopener noreferrer\">meteoblue<\/a><\/div>\n<p><strong>Zdroj inform\u00e1ci\u00ed:<\/strong> <a href=\"http:\/\/www.kalsa.sk\" target=\"_blank\" rel=\"noopener noreferrer\">www.kalsa.sk<\/a><\/p>\n","protected":false},"excerpt":{"rendered":"<p>V\u0161eobecn\u00e9 inform\u00e1cie Obec Kal\u0161a le\u017e\u00ed na juhov\u00fdchodnom \u00fap\u00e4t\u00ed Slansk\u00fdch vrchov v Podslanskej pahorkatine, pribli\u017ene 30 kilometrov v\u00fdchodne od Ko\u0161\u00edc medzi obcami Slansk\u00e9 Nov\u00e9 Mesto a Slivn\u00edk. Stred obce le\u017e\u00ed vo [&hellip;]<\/p>\n","protected":false},"author":1,"featured_media":0,"parent":1782,"menu_order":0,"comment_status":"closed","ping_status":"closed","template":"","meta":{"_uag_custom_page_level_css":"","_monsterinsights_skip_tracking":false,"_monsterinsights_sitenote_active":false,"_monsterinsights_sitenote_note":"","_monsterinsights_sitenote_category":0,"footnotes":""},"class_list":["post-3518","page","type-page","status-publish","hentry"],"featured_image_src":"","featured_image_src_square":false,"rbea_author_info":{"display_name":"admin","author_link":"https:\/\/www.keturist.sk\/info\/author\/admin\/"},"rbea_excerpt_info":"V\u0161eobecn\u00e9 inform\u00e1cie Obec Kal\u0161a le\u017e\u00ed na juhov\u00fdchodnom \u00fap\u00e4t\u00ed Slansk\u00fdch vrchov v Podslanskej pahorkatine, pribli\u017ene 30 kilometrov v\u00fdchodne od Ko\u0161\u00edc medzi obcami Slansk\u00e9 Nov\u00e9 Mesto a Slivn\u00edk. Stred obce le\u017e\u00ed vo [&hellip;]","uagb_featured_image_src":{"full":false,"thumbnail":false,"medium":false,"medium_large":false,"large":false,"1536x1536":false,"2048x2048":false},"uagb_author_info":{"display_name":"admin","author_link":"https:\/\/www.keturist.sk\/info\/author\/admin\/"},"uagb_comment_info":0,"uagb_excerpt":"V\u0161eobecn\u00e9 inform\u00e1cie Obec Kal\u0161a le\u017e\u00ed na juhov\u00fdchodnom \u00fap\u00e4t\u00ed Slansk\u00fdch vrchov v Podslanskej pahorkatine, pribli\u017ene 30 kilometrov v\u00fdchodne od Ko\u0161\u00edc medzi obcami Slansk\u00e9 Nov\u00e9 Mesto a Slivn\u00edk. Stred obce le\u017e\u00ed vo [&hellip;]","_links":{"self":[{"href":"https:\/\/www.keturist.sk\/info\/wp-json\/wp\/v2\/pages\/3518","targetHints":{"allow":["GET"]}}],"collection":[{"href":"https:\/\/www.keturist.sk\/info\/wp-json\/wp\/v2\/pages"}],"about":[{"href":"https:\/\/www.keturist.sk\/info\/wp-json\/wp\/v2\/types\/page"}],"author":[{"embeddable":true,"href":"https:\/\/www.keturist.sk\/info\/wp-json\/wp\/v2\/users\/1"}],"replies":[{"embeddable":true,"href":"https:\/\/www.keturist.sk\/info\/wp-json\/wp\/v2\/comments?post=3518"}],"version-history":[{"count":4,"href":"https:\/\/www.keturist.sk\/info\/wp-json\/wp\/v2\/pages\/3518\/revisions"}],"predecessor-version":[{"id":43956,"href":"https:\/\/www.keturist.sk\/info\/wp-json\/wp\/v2\/pages\/3518\/revisions\/43956"}],"up":[{"embeddable":true,"href":"https:\/\/www.keturist.sk\/info\/wp-json\/wp\/v2\/pages\/1782"}],"wp:attachment":[{"href":"https:\/\/www.keturist.sk\/info\/wp-json\/wp\/v2\/media?parent=3518"}],"curies":[{"name":"wp","href":"https:\/\/api.w.org\/{rel}","templated":true}]}}