{"id":34739,"date":"2020-11-04T15:23:40","date_gmt":"2020-11-04T14:23:40","guid":{"rendered":"https:\/\/www.keturist.sk\/info\/?page_id=34739"},"modified":"2026-03-29T07:20:57","modified_gmt":"2026-03-29T05:20:57","slug":"nova-krizova-stolna-v-gelnici","status":"publish","type":"page","link":"https:\/\/www.keturist.sk\/info\/kam-za-pamiatkami\/kam-za-pamiatkami-smer-volovske-vrchy\/nova-krizova-stolna-v-gelnici\/","title":{"rendered":"Nov\u00e1 Kr\u00ed\u017eov\u00e1 \u0161t\u00f4l\u0148a v Gelnici"},"content":{"rendered":"<a href=\"https:\/\/www.keturist.sk\/info\/\" class=\"su-button su-button-style-default\" style=\"color:#000000;background-color:#FFCF2F;border-color:#cca626;border-radius:5px\" target=\"_self\"><span style=\"color:#000000;padding:6px 16px;font-size:13px;line-height:20px;border-color:#ffde6e;border-radius:5px;text-shadow:none\"><i class=\"sui sui-arrow-right\" style=\"font-size:13px;color:#000000\"><\/i>  Spravodaj <\/span><\/a>\n<a href=\"https:\/\/www.keturist.sk\/info\/kam-za-pamiatkami\/\" class=\"su-button su-button-style-default\" style=\"color:#000000;background-color:#FFCF2F;border-color:#cca626;border-radius:5px\" target=\"_self\"><span style=\"color:#000000;padding:6px 16px;font-size:13px;line-height:20px;border-color:#ffde6e;border-radius:5px;text-shadow:none\"><i class=\"sui sui-arrow-right\" style=\"font-size:13px;color:#000000\"><\/i>  Kam za pamiatkami <\/span><\/a>\n<a href=\"https:\/\/www.keturist.sk\/info\/kam-za-pamiatkami\/kam-za-pamiatkami-smer-volovske-vrchy\/\" class=\"su-button su-button-style-default\" style=\"color:#000000;background-color:#FFCF2F;border-color:#cca626;border-radius:5px\" target=\"_self\"><span style=\"color:#000000;padding:6px 16px;font-size:13px;line-height:20px;border-color:#ffde6e;border-radius:5px;text-shadow:none\"><i class=\"sui sui-arrow-right\" style=\"font-size:13px;color:#000000\"><\/i>  smer Volovsk\u00e9 vrchy <\/span><\/a>\n<div class=\"su-divider su-divider-style-default\" style=\"margin:15px 0;border-width:0px;border-color:#000000\"><\/div>\n<strong>Podkateg\u00f3ria: <\/strong> <a href=\"https:\/\/www.keturist.sk\/info\/kam-za-pamiatkami\/kam-za-pamiatkami-smer-volovske-vrchy\/technicke-pamiatky\/\" class=\"su-button su-button-style-default\" style=\"color:#000000;background-color:#afd144;border-color:#8ca837;border-radius:5px\" target=\"_self\"><span style=\"color:#000000;padding:6px 16px;font-size:13px;line-height:20px;border-color:#c7df7d;border-radius:5px;text-shadow:none\"><i class=\"sui sui-arrow-right\" style=\"font-size:13px;color:#000000\"><\/i>  Technick\u00e9 pamiatky <\/span><\/a>\n<p><strong>Lokaliz\u00e1cia: <\/strong><a href=\"https:\/\/www.keturist.sk\/info\/okolite-hory\/volovske-vrchy\/\">Volovsk\u00e9 vrchy<\/a><\/p>\n<div class=\"su-divider su-divider-style-default\" style=\"margin:15px 0;border-width:2px;border-color:#000000\"><\/div>\n<figure id=\"attachment_34770\" aria-describedby=\"caption-attachment-34770\" style=\"width: 900px\" class=\"wp-caption aligncenter\"><a href=\"https:\/\/www.keturist.sk\/info\/wp-content\/uploads\/2020\/11\/stolna-krizova.jpg\"><img loading=\"lazy\" decoding=\"async\" class=\"wp-image-34770\" src=\"https:\/\/www.keturist.sk\/info\/wp-content\/uploads\/2020\/11\/stolna-krizova-800x534.jpg\" alt=\"Nov\u00e1 Kr\u00ed\u017eov\u00e1 \u0161t\u00f4l\u0148a v Gelnici\" width=\"900\" height=\"600\" srcset=\"https:\/\/www.keturist.sk\/info\/wp-content\/uploads\/2020\/11\/stolna-krizova-800x534.jpg 800w, https:\/\/www.keturist.sk\/info\/wp-content\/uploads\/2020\/11\/stolna-krizova-270x180.jpg 270w, https:\/\/www.keturist.sk\/info\/wp-content\/uploads\/2020\/11\/stolna-krizova-768x512.jpg 768w, https:\/\/www.keturist.sk\/info\/wp-content\/uploads\/2020\/11\/stolna-krizova.jpg 1000w\" sizes=\"auto, (max-width: 900px) 100vw, 900px\" \/><\/a><figcaption id=\"caption-attachment-34770\" class=\"wp-caption-text\">Nov\u00e1 Kr\u00ed\u017eov\u00e1 \u0161t\u00f4l\u0148a v Gelnici, fotograf: Marcin\u010din Jozef<\/figcaption><\/figure>\n<div class=\"su-divider su-divider-style-default\" style=\"margin:15px 0;border-width:2px;border-color:#000000\"><\/div>\n<h2 data-path-to-node=\"0\"><span style=\"color: #800000;\">Pre\u010do je Nov\u00e1 Kr\u00ed\u017eov\u00e1 \u0161t\u00f4l\u0148a v Gelnici fascinuj\u00facim cie\u013eom pre ka\u017ed\u00e9ho objavite\u013ea?<\/span><\/h2>\n<p data-path-to-node=\"1\">Predstavte si miesto, kde sa v h\u013abke zeme stret\u00e1va modern\u00e1 \u00e9ra s d\u00e1vnym ban\u00edckym remeslom, a kde ka\u017ed\u00fd krok odkr\u00fdva <b data-path-to-node=\"1\" data-index-in-node=\"116\">technick\u00fd unik\u00e1t<\/b> vytesan\u00fd do tvrd\u00fdch sk\u00e1l Spi\u0161a. <b data-path-to-node=\"1\" data-index-in-node=\"165\">Nov\u00e1 Kr\u00ed\u017eov\u00e1 \u0161t\u00f4l\u0148a v Gelnici<\/b> predstavuje fascinuj\u00facu br\u00e1nu do podzemia, ktor\u00e1 \u010dak\u00e1 na svoje znovuobjavenie zvedav\u00fdmi n\u00e1v\u0161tevn\u00edkmi. Tento <b data-path-to-node=\"1\" data-index-in-node=\"303\">monument\u00e1lny bansk\u00fd port\u00e1l<\/b>, vybudovan\u00fd z mas\u00edvneho bet\u00f3nu s prec\u00edznym kamenn\u00fdm obkladom a pevn\u00fdmi postrann\u00fdmi oporn\u00fdmi m\u00farmi, v\u00e1s v\u00edta priamo na Kr\u00ed\u017enej ulici v srdci historickej <a href=\"https:\/\/www.keturist.sk\/info\/turisticke-vychodiska\/smer-volovske-vrchy\/mesto-gelnica\/\"><b data-path-to-node=\"1\" data-index-in-node=\"482\">Gelnice<\/b><\/a>. U\u017e pri prvom poh\u013eade v\u00e1s zaujme vstupn\u00fd profil v nadmorskej v\u00fd\u0161ke <b data-path-to-node=\"1\" data-index-in-node=\"557\">411 metrov nad morom<\/b>, ktor\u00e9ho \u00favodn\u00fd, priestrann\u00fd \u00fasek je odborne podchyten\u00fd a stabilizovan\u00fd pomocou <b data-path-to-node=\"1\" data-index-in-node=\"658\">robustnej TH v\u00fdstu\u017ee<\/b>.<\/p>\n<h2 data-path-to-node=\"3\"><span style=\"color: #800000;\">Kedy a k\u00fdm bola Nov\u00e1 Kr\u00ed\u017eov\u00e1 \u0161t\u00f4l\u0148a v Gelnici vybudovan\u00e1?<\/span><\/h2>\n<p data-path-to-node=\"4\">Pr\u00edbeh tohto bansk\u00e9ho diela sa za\u010dal p\u00edsa\u0165 v <b data-path-to-node=\"4\" data-index-in-node=\"45\">70. rokoch 20. storo\u010dia<\/b>, kedy ho ako modern\u00fa z\u00e1klad\u0148u pre prieskum a n\u00e1sledn\u00fa \u0165a\u017ebu za\u010dal razi\u0165 n\u00e1rodn\u00fd podnik <b data-path-to-node=\"4\" data-index-in-node=\"156\">Geologick\u00fd prieskum Spi\u0161sk\u00e1 Nov\u00e1 Ves<\/b>. Prim\u00e1rnym cie\u013eom t\u00fdchto pr\u00e1c bolo spr\u00edstupnenie a exploat\u00e1cia bohatej <b data-path-to-node=\"4\" data-index-in-node=\"264\">Kr\u00ed\u017eovej \u017eily<\/b>, pri\u010dom sa po\u010das akt\u00edvnej prev\u00e1dzky vyrazilo \u00factyhodn\u00fdch <b data-path-to-node=\"4\" data-index-in-node=\"335\">11 kilometrov nov\u00fdch bansk\u00fdch chodieb<\/b>. Okrem budovania novej infra\u0161trukt\u00fary ban\u00edci v tomto obdob\u00ed zrekon\u0161truovali aj viac ako <b data-path-to-node=\"4\" data-index-in-node=\"461\">2 kilometre p\u00f4vodn\u00fdch historick\u00fdch podzemn\u00fdch priestorov<\/b>, \u010d\u00edm prepojili minulos\u0165 s vtedaj\u0161ou pr\u00edtomnos\u0165ou.<\/p>\n<h2 data-path-to-node=\"6\"><span style=\"color: #800000;\">Ak\u00e9 s\u00fa technick\u00e9 parametre Kr\u00ed\u017eovej \u017eily a \u010do sa tu v minulosti \u0165a\u017eilo?<\/span><\/h2>\n<p data-path-to-node=\"7\">Hlavn\u00fdm lo\u017eiskov\u00fdm telesom lokality je <b data-path-to-node=\"7\" data-index-in-node=\"39\">Kr\u00ed\u017eov\u00e1 \u017eila<\/b>, ktor\u00e1 sa tiahne v gener\u00e1lnom smere severoz\u00e1pad \u2013 juhov\u00fdchod v celkovej d\u013a\u017eke pribli\u017ene <b data-path-to-node=\"7\" data-index-in-node=\"140\">4 kilometre<\/b>. Tento geologick\u00fd \u00fatvar sa vyzna\u010duje mimoriadne strm\u00fdm sklonom dosahuj\u00facim <b data-path-to-node=\"7\" data-index-in-node=\"227\">70 a\u017e 90 stup\u0148ov<\/b> na obe strany, \u010do z neho robilo n\u00e1ro\u010dn\u00fd, no lukrat\u00edvny cie\u013e. V t\u00fdchto h\u013abkach sa po cel\u00e9 dek\u00e1dy intenz\u00edvne <b data-path-to-node=\"7\" data-index-in-node=\"351\">\u0165a\u017eila meden\u00e1 ruda<\/b>, a\u017e k\u00fdm sa v 90. rokoch 20. storo\u010dia neza\u010dal proces likvid\u00e1cie lo\u017eiska, po ktorom bola <b data-path-to-node=\"7\" data-index-in-node=\"457\">Nov\u00e1 Kr\u00ed\u017eov\u00e1 \u0161t\u00f4l\u0148a<\/b> definit\u00edvne zatvoren\u00e1.<\/p>\n<h2 data-path-to-node=\"9\"><span style=\"color: #800000;\">Kde presne n\u00e1jdete tento bansk\u00fd unik\u00e1t a \u010do uvid\u00edte v jeho okol\u00ed?<\/span><\/h2>\n<p data-path-to-node=\"10\">Aktu\u00e1lne je tento zachoval\u00fd <b data-path-to-node=\"10\" data-index-in-node=\"28\">vstupn\u00fd port\u00e1l<\/b> neoddelite\u013enou a atrakt\u00edvnou s\u00fa\u010das\u0165ou ob\u013e\u00faben\u00e9ho <a href=\"https:\/\/www.keturist.sk\/info\/aktivity\/bansky-naucny-chodnik-v-gelnici\/\"><b data-path-to-node=\"10\" data-index-in-node=\"92\">Bansk\u00e9ho n\u00e1u\u010dn\u00e9ho chodn\u00edka<\/b><\/a>, ktor\u00fd prev\u00e1dza turistov dejinami regi\u00f3nu. Lokalita pon\u00faka unik\u00e1tnu koncentr\u00e1ciu pamiatok, ke\u010f\u017ee v tesnej bl\u00edzkosti, konkr\u00e9tne na ne\u010falekej <b data-path-to-node=\"10\" data-index-in-node=\"259\">Turzovskej ulici<\/b>, sa nach\u00e1dza aj \u010fal\u0161\u00ed historick\u00fd skvost \u2013 port\u00e1l <a href=\"https:\/\/www.keturist.sk\/info\/kam-za-pamiatkami\/kam-za-pamiatkami-smer-volovske-vrchy\/dedicna-krizova-stolna\/\"><b data-path-to-node=\"10\" data-index-in-node=\"325\">starej dedi\u010dnej Kr\u00ed\u017eovej \u0161t\u00f4lne<\/b><\/a>. Pre milovn\u00edkov technick\u00fdch pamiatok je t\u00e1to oblas\u0165 ide\u00e1lnym miestom na pochopenie rozsahu banskej \u010dinnosti v okol\u00ed <b data-path-to-node=\"10\" data-index-in-node=\"473\">Gelnice<\/b>.<\/p>\n<h2 data-path-to-node=\"12\"><em><span style=\"color: #800000;\">Tajomstv\u00e1 hlb\u00edn Gelnice ako z\u00e1\u017eitok pre cel\u00fa rodinu<\/span><\/em><\/h2>\n<p data-path-to-node=\"13\"><em>N\u00e1v\u0161teva tejto lokality v\u00e1m otvor\u00ed o\u010di a uk\u00e1\u017ee, ak\u00fa obrovsk\u00fa n\u00e1mahu museli vynalo\u017ei\u0165 gener\u00e1cie ban\u00edkov pri h\u013eadan\u00ed drah\u00fdch kovov. Prech\u00e1dzka po stop\u00e1ch <b data-path-to-node=\"13\" data-index-in-node=\"152\">Novej Kr\u00ed\u017eovej \u0161t\u00f4lne<\/b> je bezpe\u010dn\u00fdm a vzdel\u00e1vac\u00edm dobrodru\u017estvom, ktor\u00e9 sp\u00e1ja akt\u00edvny pohyb v pr\u00edrode s hlbok\u00fdm poznan\u00edm slovenskej hist\u00f3rie. Nejde len o poh\u013ead na bet\u00f3nov\u00fd port\u00e1l, ale o dotyk s podzemn\u00fdm labyrintom, ktor\u00fd kedysi \u017eivil cel\u00e9 rodiny na Spi\u0161i. Va\u0161e deti bud\u00fa nad\u0161en\u00e9 z technick\u00fdch detailov <b data-path-to-node=\"13\" data-index-in-node=\"455\">TH obl\u00fakov<\/b> a vy si odnesiete fotografie miesta, kde sa p\u00edsali dejiny geol\u00f3gie. Je to ide\u00e1lna zast\u00e1vka pre ka\u017ed\u00e9ho, kto chce za\u017ei\u0165 autentick\u00fa atmosf\u00e9ru kr\u00e1\u013eovsk\u00e9ho bansk\u00e9ho mesta.<\/em><\/p>\n<h2><span style=\"color: #800000;\">Fotogal\u00e9ria<\/span><\/h2>\n<style type=\"text\/css\">\n#foogallery-gallery-74846 .fg-image { width: 200px; }<\/style>\n\t\t\t<div class=\"foogallery foogallery-container foogallery-carousel foogallery-lightbox-foogallery fg-carousel fg-ready fg-light fg-border-medium fg-round-small fg-shadow-medium fg-loading-default fg-loaded-fade-in fg-hover-semi-zoomed fg-hover-fade fg-hover-circle-plus2\" id=\"foogallery-gallery-74846\" data-foogallery=\"{&quot;item&quot;:{&quot;showCaptionTitle&quot;:true,&quot;showCaptionDescription&quot;:true},&quot;lazy&quot;:true,&quot;template&quot;:{&quot;maxItems&quot;:5,&quot;scale&quot;:0.11999999999999999555910790149937383830547332763671875,&quot;gutter&quot;:{&quot;min&quot;:-40,&quot;max&quot;:-20,&quot;unit&quot;:&quot;%&quot;},&quot;autoplay&quot;:{&quot;time&quot;:0,&quot;interaction&quot;:&quot;pause&quot;},&quot;centerOnClick&quot;:true,&quot;align&quot;:&quot;center&quot;,&quot;activePosition&quot;:&quot;center&quot;}}\" data-foogallery-lightbox=\"{&quot;thumbs&quot;:&quot;bottom&quot;,&quot;thumbsCaptions&quot;:false,&quot;thumbsBestFit&quot;:false,&quot;thumbsSmall&quot;:false,&quot;thumbsCaptionsAlign&quot;:&quot;default&quot;,&quot;info&quot;:&quot;bottom&quot;,&quot;infoVisible&quot;:true,&quot;infoOverlay&quot;:true,&quot;infoAlign&quot;:&quot;default&quot;,&quot;transition&quot;:&quot;fade&quot;,&quot;hoverButtons&quot;:false,&quot;fitMedia&quot;:false,&quot;noScrollbars&quot;:true,&quot;preserveButtonSpace&quot;:true,&quot;buttons&quot;:{&quot;fullscreen&quot;:true,&quot;info&quot;:true,&quot;thumbs&quot;:false},&quot;video&quot;:{&quot;autoPlay&quot;:true}}\" style=\"--fg-title-line-clamp: 1; --fg-description-line-clamp: 2;\" >\n\t<button type=\"button\" class=\"fg-carousel-prev\" title=\"Previous\"><\/button>\n\t<div class=\"fg-carousel-inner\">\n\t\t<div class=\"fg-carousel-center\"><\/div>\n\t\t<div class=\"fg-item fg-type-image fg-idle\"><figure class=\"fg-item-inner\"><a href=\"https:\/\/www.keturist.sk\/info\/wp-content\/uploads\/2020\/11\/stolna-krizova.jpg\" data-caption-title=\"Dedi\u010dn\u00e1 Kr\u00ed\u017eov\u00e1 \u0161t\u00f4l\u0148a v Gelnici\" data-caption-desc=\"Nov\u00e1 Kr\u00ed\u017eov\u00e1 \u0161t\u00f4l\u0148a v Gelnici, fotograf: Marcin\u010din Jozef\" data-attachment-id=\"34770\" data-type=\"image\" class=\"fg-thumb\"><span class=\"fg-image-wrap\"><img decoding=\"async\" alt=\"Nov\u00e1 Kr\u00ed\u017eov\u00e1 \u0161t\u00f4l\u0148a v Gelnici\" title=\"Dedi\u010dn\u00e1 Kr\u00ed\u017eov\u00e1 \u0161t\u00f4l\u0148a v Gelnici\" width=\"200\" height=\"200\" class=\"skip-lazy fg-image\" data-src-fg=\"https:\/\/www.keturist.sk\/info\/wp-content\/uploads\/cache\/2020\/11\/stolna-krizova\/2347090549.jpg\" src=\"data:image\/svg+xml,%3Csvg%20xmlns%3D%22http%3A%2F%2Fwww.w3.org%2F2000%2Fsvg%22%20width%3D%22200%22%20height%3D%22200%22%20viewBox%3D%220%200%20200%20200%22%3E%3C%2Fsvg%3E\" loading=\"eager\"><\/span><span class=\"fg-image-overlay\"><\/span><\/a><figcaption class=\"fg-caption\"><div class=\"fg-caption-inner\"><div class=\"fg-caption-title\">Dedi\u010dn\u00e1 Kr\u00ed\u017eov\u00e1 \u0161t\u00f4l\u0148a v Gelnici<\/div><div class=\"fg-caption-desc\">Nov\u00e1 Kr\u00ed\u017eov\u00e1 \u0161t\u00f4l\u0148a v Gelnici, fotograf: Marcin\u010din Jozef<\/div><\/div><\/figcaption><\/figure><div class=\"fg-loader\"><\/div><\/div><div class=\"fg-item fg-type-image fg-idle\"><figure class=\"fg-item-inner\"><a href=\"https:\/\/www.keturist.sk\/info\/wp-content\/uploads\/2020\/11\/stolna-krizova2.jpg\" data-caption-title=\"Dedi\u010dn\u00e1 Kr\u00ed\u017eov\u00e1 \u0161t\u00f4l\u0148a v Gelnici\" data-caption-desc=\"Nov\u00e1 Kr\u00ed\u017eov\u00e1 \u0161t\u00f4l\u0148a v Gelnici, fotograf: Marcin\u010din Jozef\" data-attachment-id=\"34769\" data-type=\"image\" class=\"fg-thumb\"><span class=\"fg-image-wrap\"><img decoding=\"async\" alt=\"Dedi\u010dn\u00e1 Kr\u00ed\u017eov\u00e1 \u0161t\u00f4l\u0148a v Gelnici\" title=\"Dedi\u010dn\u00e1 Kr\u00ed\u017eov\u00e1 \u0161t\u00f4l\u0148a v Gelnici\" width=\"200\" height=\"200\" class=\"skip-lazy fg-image\" data-src-fg=\"https:\/\/www.keturist.sk\/info\/wp-content\/uploads\/cache\/2020\/11\/stolna-krizova2\/2518016902.jpg\" src=\"data:image\/svg+xml,%3Csvg%20xmlns%3D%22http%3A%2F%2Fwww.w3.org%2F2000%2Fsvg%22%20width%3D%22200%22%20height%3D%22200%22%20viewBox%3D%220%200%20200%20200%22%3E%3C%2Fsvg%3E\" loading=\"eager\"><\/span><span class=\"fg-image-overlay\"><\/span><\/a><figcaption class=\"fg-caption\"><div class=\"fg-caption-inner\"><div class=\"fg-caption-title\">Dedi\u010dn\u00e1 Kr\u00ed\u017eov\u00e1 \u0161t\u00f4l\u0148a v Gelnici<\/div><div class=\"fg-caption-desc\">Nov\u00e1 Kr\u00ed\u017eov\u00e1 \u0161t\u00f4l\u0148a v Gelnici, fotograf: Marcin\u010din Jozef<\/div><\/div><\/figcaption><\/figure><div class=\"fg-loader\"><\/div><\/div>\t<\/div>\n\t<div class=\"fg-carousel-bottom\"><\/div>\n\t<div class=\"fg-carousel-progress\"><\/div>\n\t<button type=\"button\" class=\"fg-carousel-next\" title=\"Next\"><\/button>\n<\/div>\n<h2><span style=\"color: #800000;\">Zauj\u00edmav\u00e9 odkazy<\/span><\/h2>\n<h3><span style=\"color: #808000;\"><strong>Bl\u00edzke stredisko, turistick\u00e9 centrum, obec alebo mesto<\/strong><\/span><\/h3>\n<ul>\n<li><a href=\"https:\/\/www.keturist.sk\/info\/smer-volovske-vrchy\/mesto-gelnica\/\">Mesto Gelnica (\u010d\u00edtaj viac&#8230;)<\/a><\/li>\n<\/ul>\n<ul>\n<li><a href=\"https:\/\/www.keturist.sk\/info\/turisticke-vychodiska\/smer-volovske-vrchy\/rekreacna-oblast-thurzov\/\">Rekrea\u010dn\u00e1 oblas\u0165 Turzov (\u010d\u00edtaj viac&#8230;)<\/a><\/li>\n<\/ul>\n<h2><span style=\"color: #800000;\">Mapy<\/span><\/h2>\n<p><strong>Vrstvy: <\/strong>Turistick\u00e1 mapa, Automapa, Cyklomapa, Ly\u017eiarska mapa, Satelitn\u00e1 mapa a OpenStreetMap.<\/p>\n<p><strong>Kliknut\u00edm na logo &#8222;Freemap.sk&#8220; sa V\u00e1m mapa zobraz\u00ed na celej ploche obrazovky.<\/strong><\/p>\n<p><iframe style=\"width: 900px; height: 500px; border: 0;\" src=\"https:\/\/www.freemap.sk\/?map=15\/48.854927\/20.919824&amp;info-point=48.854927\/20.919824,Nov\u00e1 Kr\u00ed\u017eov\u00e1 \u0161t\u00f4l\u0148a&amp;layers=X&amp;embed=search\" allowfullscreen=\"allowfullscreen\"><\/iframe><\/p>\n<h2><span style=\"color: #800000;\">Po\u010dasie<\/span><\/h2>\n<p><iframe style=\"width: 900px; height: 600px;\" src=\"https:\/\/www.meteoblue.com\/sk\/po%C4%8Dasie\/widget\/three\/gelnica_slovensk%c3%a1-republika_724800?geoloc=fixed&amp;nocurrent=0&amp;noforecast=0&amp;days=5&amp;tempunit=CELSIUS&amp;windunit=KILOMETER_PER_HOUR&amp;layout=image\" frameborder=\"0\" scrolling=\"NO\" sandbox=\"allow-same-origin allow-scripts allow-popups allow-popups-to-escape-sandbox\"><span data-mce-type=\"bookmark\" style=\"display: inline-block; width: 0px; overflow: hidden; line-height: 0;\" class=\"mce_SELRES_start\">\ufeff<\/span><span data-mce-type=\"bookmark\" style=\"display: inline-block; width: 0px; overflow: hidden; line-height: 0;\" class=\"mce_SELRES_start\">\ufeff<\/span><\/iframe><\/p>\n<div><!-- DO NOT REMOVE THIS LINK --><a href=\"https:\/\/www.meteoblue.com\/sk\/po%C4%8Dasie\/predpove%C4%8F\/t%C3%BD%C5%BEde%C5%88\/gelnica_slovensk%c3%a1-republika_724800?utm_source=weather_widget&amp;utm_medium=linkus&amp;utm_content=three&amp;utm_campaign=Weather%2BWidget\" target=\"_blank\" rel=\"noopener noreferrer\">meteoblue<\/a><\/div>\n<p><strong>\u00a0<\/strong><\/p>\n","protected":false},"excerpt":{"rendered":"<p>Podkateg\u00f3ria: Lokaliz\u00e1cia: Volovsk\u00e9 vrchy Pre\u010do je Nov\u00e1 Kr\u00ed\u017eov\u00e1 \u0161t\u00f4l\u0148a v Gelnici fascinuj\u00facim cie\u013eom pre ka\u017ed\u00e9ho objavite\u013ea? Predstavte si miesto, kde sa v h\u013abke zeme stret\u00e1va modern\u00e1 \u00e9ra s d\u00e1vnym ban\u00edckym [&hellip;]<\/p>\n","protected":false},"author":1,"featured_media":34770,"parent":11613,"menu_order":0,"comment_status":"closed","ping_status":"closed","template":"","meta":{"_uag_custom_page_level_css":"","_monsterinsights_skip_tracking":false,"_monsterinsights_sitenote_active":false,"_monsterinsights_sitenote_note":"","_monsterinsights_sitenote_category":0,"footnotes":""},"class_list":["post-34739","page","type-page","status-publish","has-post-thumbnail","hentry"],"featured_image_src":"https:\/\/www.keturist.sk\/info\/wp-content\/uploads\/2020\/11\/stolna-krizova.jpg","featured_image_src_square":"https:\/\/www.keturist.sk\/info\/wp-content\/uploads\/2020\/11\/stolna-krizova.jpg","rbea_author_info":{"display_name":"admin","author_link":"https:\/\/www.keturist.sk\/info\/author\/admin\/"},"rbea_excerpt_info":"Podkateg\u00f3ria: Lokaliz\u00e1cia: Volovsk\u00e9 vrchy Pre\u010do je Nov\u00e1 Kr\u00ed\u017eov\u00e1 \u0161t\u00f4l\u0148a v Gelnici fascinuj\u00facim cie\u013eom pre ka\u017ed\u00e9ho objavite\u013ea? Predstavte si miesto, kde sa v h\u013abke zeme stret\u00e1va modern\u00e1 \u00e9ra s d\u00e1vnym ban\u00edckym [&hellip;]","uagb_featured_image_src":{"full":["https:\/\/www.keturist.sk\/info\/wp-content\/uploads\/2020\/11\/stolna-krizova.jpg",1000,667,false],"thumbnail":["https:\/\/www.keturist.sk\/info\/wp-content\/uploads\/2020\/11\/stolna-krizova-270x180.jpg",270,180,true],"medium":["https:\/\/www.keturist.sk\/info\/wp-content\/uploads\/2020\/11\/stolna-krizova-800x534.jpg",800,534,true],"medium_large":["https:\/\/www.keturist.sk\/info\/wp-content\/uploads\/2020\/11\/stolna-krizova-768x512.jpg",768,512,true],"large":["https:\/\/www.keturist.sk\/info\/wp-content\/uploads\/2020\/11\/stolna-krizova.jpg",1000,667,false],"1536x1536":["https:\/\/www.keturist.sk\/info\/wp-content\/uploads\/2020\/11\/stolna-krizova.jpg",1000,667,false],"2048x2048":["https:\/\/www.keturist.sk\/info\/wp-content\/uploads\/2020\/11\/stolna-krizova.jpg",1000,667,false]},"uagb_author_info":{"display_name":"admin","author_link":"https:\/\/www.keturist.sk\/info\/author\/admin\/"},"uagb_comment_info":0,"uagb_excerpt":"Podkateg\u00f3ria: Lokaliz\u00e1cia: Volovsk\u00e9 vrchy Pre\u010do je Nov\u00e1 Kr\u00ed\u017eov\u00e1 \u0161t\u00f4l\u0148a v Gelnici fascinuj\u00facim cie\u013eom pre ka\u017ed\u00e9ho objavite\u013ea? Predstavte si miesto, kde sa v h\u013abke zeme stret\u00e1va modern\u00e1 \u00e9ra s d\u00e1vnym ban\u00edckym [&hellip;]","_links":{"self":[{"href":"https:\/\/www.keturist.sk\/info\/wp-json\/wp\/v2\/pages\/34739","targetHints":{"allow":["GET"]}}],"collection":[{"href":"https:\/\/www.keturist.sk\/info\/wp-json\/wp\/v2\/pages"}],"about":[{"href":"https:\/\/www.keturist.sk\/info\/wp-json\/wp\/v2\/types\/page"}],"author":[{"embeddable":true,"href":"https:\/\/www.keturist.sk\/info\/wp-json\/wp\/v2\/users\/1"}],"replies":[{"embeddable":true,"href":"https:\/\/www.keturist.sk\/info\/wp-json\/wp\/v2\/comments?post=34739"}],"version-history":[{"count":21,"href":"https:\/\/www.keturist.sk\/info\/wp-json\/wp\/v2\/pages\/34739\/revisions"}],"predecessor-version":[{"id":74847,"href":"https:\/\/www.keturist.sk\/info\/wp-json\/wp\/v2\/pages\/34739\/revisions\/74847"}],"up":[{"embeddable":true,"href":"https:\/\/www.keturist.sk\/info\/wp-json\/wp\/v2\/pages\/11613"}],"wp:featuredmedia":[{"embeddable":true,"href":"https:\/\/www.keturist.sk\/info\/wp-json\/wp\/v2\/media\/34770"}],"wp:attachment":[{"href":"https:\/\/www.keturist.sk\/info\/wp-json\/wp\/v2\/media?parent=34739"}],"curies":[{"name":"wp","href":"https:\/\/api.w.org\/{rel}","templated":true}]}}