{"id":347,"date":"2013-08-02T19:26:21","date_gmt":"2013-08-02T17:26:21","guid":{"rendered":"https:\/\/www.keturist.sk\/info\/?page_id=347"},"modified":"2026-01-05T08:35:43","modified_gmt":"2026-01-05T07:35:43","slug":"basta-na-cajkovskeho-ulici-c-5","status":"publish","type":"page","link":"https:\/\/www.keturist.sk\/info\/kam-za-pamiatkami\/basta-na-cajkovskeho-ulici-c-5\/","title":{"rendered":"Ba\u0161ta na \u010cajkovsk\u00e9ho ulici"},"content":{"rendered":"<a href=\"https:\/\/www.keturist.sk\/info\/\" class=\"su-button su-button-style-default\" style=\"color:#000000;background-color:#FFCF2F;border-color:#cca626;border-radius:5px\" target=\"_self\"><span style=\"color:#000000;padding:6px 16px;font-size:13px;line-height:20px;border-color:#ffde6e;border-radius:5px;text-shadow:none\"><i class=\"sui sui-arrow-right\" style=\"font-size:13px;color:#000000\"><\/i>  Spravodaj <\/span><\/a>\n<a href=\"https:\/\/www.keturist.sk\/info\/tipy-na-vylety\/\" class=\"su-button su-button-style-default\" style=\"color:#000000;background-color:#FFCF2F;border-color:#cca626;border-radius:5px\" target=\"_self\"><span style=\"color:#000000;padding:6px 16px;font-size:13px;line-height:20px;border-color:#ffde6e;border-radius:5px;text-shadow:none\"><i class=\"sui sui-arrow-right\" style=\"font-size:13px;color:#000000\"><\/i>  TIPY NA V\u00ddLETY <\/span><\/a>\n<a href=\"https:\/\/www.keturist.sk\/info\/kam-za-pamiatkami\/\" class=\"su-button su-button-style-default\" style=\"color:#000000;background-color:#FFCF2F;border-color:#cca626;border-radius:5px\" target=\"_self\"><span style=\"color:#000000;padding:6px 16px;font-size:13px;line-height:20px;border-color:#ffde6e;border-radius:5px;text-shadow:none\"><i class=\"sui sui-arrow-right\" style=\"font-size:13px;color:#000000\"><\/i>  Kam za pamiatkami <\/span><\/a>\n<a href=\"https:\/\/www.keturist.sk\/info\/kam-za-pamiatkami\/kam-za-pamiatkami-smer-kosice\/\" class=\"su-button su-button-style-default\" style=\"color:#000000;background-color:#FFCF2F;border-color:#cca626;border-radius:5px\" target=\"_self\"><span style=\"color:#000000;padding:6px 16px;font-size:13px;line-height:20px;border-color:#ffde6e;border-radius:5px;text-shadow:none\"><i class=\"sui sui-arrow-right\" style=\"font-size:13px;color:#000000\"><\/i>  smer Ko\u0161ice <\/span><\/a>\n<div class=\"su-divider su-divider-style-default\" style=\"margin:15px 0;border-width:0px;border-color:#000000\"><\/div>\n<p><strong>Podkateg\u00f3ria: <\/strong> <a href=\"https:\/\/www.keturist.sk\/info\/kam-za-pamiatkami\/kam-za-pamiatkami-smer-kosice\/historicke-centrum\/\" class=\"su-button su-button-style-default\" style=\"color:#000000;background-color:#afd144;border-color:#8ca837;border-radius:5px\" target=\"_self\"><span style=\"color:#000000;padding:6px 16px;font-size:13px;line-height:20px;border-color:#c7df7d;border-radius:5px;text-shadow:none\"><i class=\"sui sui-arrow-right\" style=\"font-size:13px;color:#000000\"><\/i>  Historick\u00e9 centrum <\/span><\/a>\n<div class=\"su-divider su-divider-style-default\" style=\"margin:15px 0;border-width:0px;border-color:#000000\"><\/div>\n<strong>Lokaliz\u00e1cia: <\/strong><a href=\"https:\/\/www.keturist.sk\/info\/vseobecne-informacie\/\">Ko\u0161ice<\/a> a <a href=\"https:\/\/www.keturist.sk\/info\/turisticke-vychodiska\/strediska-a-centra\/m\">M\u010c Star\u00e9 mesto<\/a><br \/>\n<div class=\"su-divider su-divider-style-default\" style=\"margin:15px 0;border-width:2px;border-color:#000000\"><\/div>\n<figure id=\"attachment_37965\" aria-describedby=\"caption-attachment-37965\" style=\"width: 900px\" class=\"wp-caption aligncenter\"><a href=\"https:\/\/www.keturist.sk\/info\/wp-content\/uploads\/2021\/01\/cajakov.jpg\"><img loading=\"lazy\" decoding=\"async\" class=\"wp-image-37965\" src=\"https:\/\/www.keturist.sk\/info\/wp-content\/uploads\/2021\/01\/cajakov.jpg\" alt=\"Ba\u0161ta na \u010cajkovsk\u00e9ho ulici\" width=\"900\" height=\"600\" srcset=\"https:\/\/www.keturist.sk\/info\/wp-content\/uploads\/2021\/01\/cajakov.jpg 800w, https:\/\/www.keturist.sk\/info\/wp-content\/uploads\/2021\/01\/cajakov-270x180.jpg 270w, https:\/\/www.keturist.sk\/info\/wp-content\/uploads\/2021\/01\/cajakov-768x512.jpg 768w\" sizes=\"auto, (max-width: 900px) 100vw, 900px\" \/><\/a><figcaption id=\"caption-attachment-37965\" class=\"wp-caption-text\">Ba\u0161ta na \u010cajkovsk\u00e9ho ulici<\/figcaption><\/figure>\n<div class=\"su-divider su-divider-style-default\" style=\"margin:15px 0;border-width:2px;border-color:#000000\"><\/div>\n<h2 class=\"ds-markdown-paragraph\"><span style=\"color: #800000;\">\u010co je Ba\u0161ta na \u010cajkovsk\u00e9ho ulici a ak\u00fd je jej historick\u00fd v\u00fdznam?<\/span><\/h2>\n<p class=\"ds-markdown-paragraph\"><strong>Ba\u0161ta na \u010cajkovsk\u00e9ho ulici<\/strong>\u00a0je cenn\u00fd a m\u00e1lokedy spom\u00ednan\u00fd\u00a0<strong>zachovan\u00fd fragment<\/strong>\u00a0rozsiahleho\u00a0<strong>mestsk\u00e9ho opevnenia<\/strong>\u00a0Ko\u0161\u00edc. Jej p\u00f4vod siaha do obdobia v\u00fdstavby tzv.\u00a0<strong>Korv\u00ednovskej hradby<\/strong>\u00a0v rokoch 1484\u20131500, ktor\u00e1 tvorila druh\u00fd, modern\u00fd p\u00e1s\u00a0<strong>hradieb<\/strong>\u00a0postaven\u00fd za vl\u00e1dy Mateja Korv\u00edna ako reakcia na tureck\u00e9 ohrozenie. Ide o\u00a0<strong>fortifika\u010dn\u00fa stavbu<\/strong>\u00a0typu\u00a0<strong>rondel<\/strong>.<\/p>\n<p class=\"ds-markdown-paragraph\">V\u00a0<strong>16. storo\u010d\u00ed<\/strong>\u00a0bola t\u00e1to \u010das\u0165 prestavan\u00e1 v r\u00e1mci moderniz\u00e1cie na\u00a0<strong>basti\u00f3nov\u00fd syst\u00e9m<\/strong> a p\u00f4vodn\u00fd rondel bol roz\u0161\u00edren\u00fd na plnohodnotn\u00fa <strong>delostreleck\u00fa ba\u0161tu<\/strong>. Ako typick\u00fd\u00a0<strong>obrann\u00fd prvok<\/strong>\u00a0sl\u00fa\u017eila na akt\u00edvnu obranu, prevy\u0161ovala l\u00edniu hradieb a umo\u017e\u0148ovala bo\u010dn\u00fa pa\u013ebu.<\/p>\n<p>Rondel je v kontexte vojenskej architekt\u00fary polkruhov\u00fd alebo okr\u00fahly v\u00fd\u010dnelok v hradbe, ktor\u00fd sl\u00fa\u017eil na lep\u0161ie krytie a pa\u013ebu do \u00fazkych priestorov pred hradbou. V Ko\u0161iciach ide o typ fortifika\u010dnej stavby z 15. storo\u010dia, ktor\u00e1 bola s\u00fa\u010das\u0165ou druh\u00e9ho p\u00e1su mestsk\u00e9ho opevnenia postaven\u00e9ho po roku 1484<\/p>\n<h2 class=\"ds-markdown-paragraph\"><span style=\"color: #800000;\">Ako vyzer\u00e1 ba\u0161ta dnes a \u010do z p\u00f4vodnej stavby vidno?<\/span><\/h2>\n<p class=\"ds-markdown-paragraph\">Dnes sa na mieste nach\u00e1dzaj\u00fa <strong>zvy\u0161ky men\u0161ej okr\u00fahlej ba\u0161ty<\/strong>\u00a0z\u00a0<strong>pevnostn\u00fdch valov<\/strong>\u00a0zo 16. storo\u010dia. Jej horn\u00e1 \u010das\u0165 bola nesk\u00f4r nadstavan\u00e1.<\/p>\n<p class=\"ds-markdown-paragraph\"><strong>Po oboch stran\u00e1ch ba\u0161ty sa zachovali zvy\u0161ky obrann\u00e9ho m\u00faru so streleck\u00fdm parapetom<\/strong>. Tento autentick\u00fd vzh\u013ead dokazuje jej p\u00f4vodn\u00fa vojensk\u00fa funkciu a dnes tvor\u00ed fascinuj\u00facu s\u00fa\u010das\u0165\u00a0<strong>urbanistickej \u0161trukt\u00fary<\/strong>.<\/p>\n<h2 class=\"ds-markdown-paragraph\"><span style=\"color: #800000;\">Kde presne sa d\u00e1 Ba\u0161ta na \u010cajkovsk\u00e9ho ulici n\u00e1js\u0165 a je pr\u00edstupn\u00e1?<\/span><\/h2>\n<p class=\"ds-markdown-paragraph\">Tento historick\u00fd skvost je mo\u017en\u00e9 n\u00e1js\u0165 na <strong>dvore domu Zvon\u00e1rska 13<\/strong> (vn\u00fatorn\u00fd m\u00far). Lokalita je dobre dostupn\u00e1, nach\u00e1dza sa\u00a0<strong>priamo pri parkovisku na Krmanovej ulici a kri\u017eovatke s \u010cajkovsk\u00e9ho ulicou <\/strong>(vonkaj\u0161\u00ed m\u00far).<\/p>\n<p class=\"ds-markdown-paragraph\">Ba\u0161ta nie je ofici\u00e1lne spr\u00edstupnen\u00e1 ako m\u00fazejn\u00e1 expoz\u00edcia, ale je vidite\u013en\u00e1 z verejn\u00e9ho priestranstva alebo dvora. Je to ide\u00e1lny cie\u013e pre v\u0161etk\u00fdch, ktor\u00ed p\u00e1traj\u00fa po <strong>zachovan\u00fdch zvykoch<\/strong>\u00a0stredovekej minulosti mesta a chc\u00fa vidie\u0165\u00a0<strong>mestsk\u00e9 opevnenie<\/strong>\u00a0na vlastn\u00e9 o\u010di.<\/p>\n<h2 class=\"ds-markdown-paragraph\"><span style=\"color: #800000;\">\u010co bolo Korv\u00ednovsk\u00e9 opevnenie a pre\u010do sa z neho tak m\u00e1lo zachovalo?<\/span><\/h2>\n<p class=\"ds-markdown-paragraph\"><strong>Korv\u00ednovsk\u00e1 hradba<\/strong>\u00a0predstavovala ve\u013emi pokro\u010dil\u00fd obrann\u00fd syst\u00e9m s\u00a0<strong>rondelmi<\/strong>\u00a0vzdialen\u00fdmi pribli\u017ene 50 metrov od star\u0161\u00edch hradieb. Mala d\u013a\u017eku okolo 2335 metrov, v\u00fd\u0161ku 5 metrov a jej m\u00fary s hr\u00fabkou 120\u2013150 cm boli prisp\u00f4soben\u00e9 delostreleckej obrane so \u0161trbinov\u00fdmi strie\u013e\u0148ami.<\/p>\n<p class=\"ds-markdown-paragraph\">V\u00e4\u010d\u0161ina tohto rozsiahleho\u00a0<strong>opevnenia<\/strong>\u00a0bola zb\u00faran\u00e1 v 18. a 19. storo\u010d\u00ed po strate pevnostn\u00e9ho statusu mesta.\u00a0<strong>Ba\u0161ta na \u010cajkovsk\u00e9ho ulici<\/strong>\u00a0je preto v\u00fdnimo\u010dne zachovan\u00fdm dokladom tejto hist\u00f3rie, podobne ako \u010fal\u0161ie\u00a0<strong>fragmenty<\/strong>\u00a0na Hradbovej ulici \u010di pri Katovej ba\u0161te.<\/p>\n<h2><span style=\"color: #800000;\">Zauj\u00edmav\u00e9 odkazy<\/span><\/h2>\n<h3><span style=\"color: #808000;\">Bl\u00edzke stredisko, turistick\u00e9 centrum, obec alebo mesto:<\/span><\/h3>\n<ul>\n<li><a href=\"https:\/\/www.keturist.sk\/info\/strediska-a-centra\/mc-stare-mesto\/\">Ko\u0161ice &#8211; M\u010c Star\u00e9 mesto (\u010d\u00edtaj viac&#8230;)<\/a><\/li>\n<\/ul>\n<h2><span style=\"color: #800000;\">Mapy<\/span><\/h2>\n<p><strong>Vrstvy: <\/strong>Turistick\u00e1 mapa, Automapa, Cyklomapa, Ly\u017eiarska mapa, Satelitn\u00e1 mapa a OpenStreetMap.<\/p>\n<p><strong>Kliknut\u00edm na logo &#8222;Freemap.sk&#8220; sa V\u00e1m mapa zobraz\u00ed na celej ploche obrazovky.<\/strong><\/p>\n<p><iframe style=\"width: 800px; height: 500px; border: 0;\" src=\"https:\/\/www.freemap.sk\/?map=16\/48.719250\/21.260857&amp;info-point=48.719250\/21.260857,Ba\u0161ta na \u010cajkovsk\u00e9ho ulici \u010d.5&amp;layers=T&amp;embed=search\" allowfullscreen=\"allowfullscreen\"><\/iframe><\/p>\n<h2><span style=\"color: #800000;\">Po\u010dasie<\/span><\/h2>\n<p><iframe style=\"width: 800px; height: 607px;\" src=\"https:\/\/www.meteoblue.com\/sk\/po%C4%8Dasie\/widget\/three\/ko%c5%a1ice_slovensk%c3%a1-republika_724443?geoloc=fixed&amp;nocurrent=0&amp;noforecast=0&amp;days=5&amp;tempunit=CELSIUS&amp;windunit=KILOMETER_PER_HOUR&amp;layout=image\" frameborder=\"0\" scrolling=\"NO\" sandbox=\"allow-same-origin allow-scripts allow-popups allow-popups-to-escape-sandbox\"><\/iframe><\/p>\n<div><!-- DO NOT REMOVE THIS LINK --><a href=\"https:\/\/www.meteoblue.com\/sk\/po%C4%8Dasie\/predpove%C4%8F\/t%C3%BD%C5%BEde%C5%88\/ko%c5%a1ice_slovensk%c3%a1-republika_724443?utm_source=weather_widget&amp;utm_medium=linkus&amp;utm_content=three&amp;utm_campaign=Weather%2BWidget\" target=\"_blank\" rel=\"noopener\">meteoblue<\/a><\/div>\n","protected":false},"excerpt":{"rendered":"<p>Podkateg\u00f3ria: Lokaliz\u00e1cia: Ko\u0161ice a M\u010c Star\u00e9 mesto \u010co je Ba\u0161ta na \u010cajkovsk\u00e9ho ulici a ak\u00fd je jej historick\u00fd v\u00fdznam? Ba\u0161ta na \u010cajkovsk\u00e9ho ulici\u00a0je cenn\u00fd a m\u00e1lokedy spom\u00ednan\u00fd\u00a0zachovan\u00fd fragment\u00a0rozsiahleho\u00a0mestsk\u00e9ho opevnenia\u00a0Ko\u0161\u00edc. Jej [&hellip;]<\/p>\n","protected":false},"author":1,"featured_media":37965,"parent":51,"menu_order":0,"comment_status":"closed","ping_status":"closed","template":"","meta":{"_uag_custom_page_level_css":"","_monsterinsights_skip_tracking":false,"_monsterinsights_sitenote_active":false,"_monsterinsights_sitenote_note":"","_monsterinsights_sitenote_category":0,"footnotes":""},"class_list":["post-347","page","type-page","status-publish","has-post-thumbnail","hentry"],"featured_image_src":"https:\/\/www.keturist.sk\/info\/wp-content\/uploads\/2021\/01\/cajakov.jpg","featured_image_src_square":"https:\/\/www.keturist.sk\/info\/wp-content\/uploads\/2021\/01\/cajakov.jpg","rbea_author_info":{"display_name":"admin","author_link":"https:\/\/www.keturist.sk\/info\/author\/admin\/"},"rbea_excerpt_info":"Podkateg\u00f3ria: Lokaliz\u00e1cia: Ko\u0161ice a M\u010c Star\u00e9 mesto \u010co je Ba\u0161ta na \u010cajkovsk\u00e9ho ulici a ak\u00fd je jej historick\u00fd v\u00fdznam? Ba\u0161ta na \u010cajkovsk\u00e9ho ulici\u00a0je cenn\u00fd a m\u00e1lokedy spom\u00ednan\u00fd\u00a0zachovan\u00fd fragment\u00a0rozsiahleho\u00a0mestsk\u00e9ho opevnenia\u00a0Ko\u0161\u00edc. Jej [&hellip;]","uagb_featured_image_src":{"full":["https:\/\/www.keturist.sk\/info\/wp-content\/uploads\/2021\/01\/cajakov.jpg",800,533,false],"thumbnail":["https:\/\/www.keturist.sk\/info\/wp-content\/uploads\/2021\/01\/cajakov-270x180.jpg",270,180,true],"medium":["https:\/\/www.keturist.sk\/info\/wp-content\/uploads\/2021\/01\/cajakov.jpg",800,533,false],"medium_large":["https:\/\/www.keturist.sk\/info\/wp-content\/uploads\/2021\/01\/cajakov-768x512.jpg",768,512,true],"large":["https:\/\/www.keturist.sk\/info\/wp-content\/uploads\/2021\/01\/cajakov.jpg",800,533,false],"1536x1536":["https:\/\/www.keturist.sk\/info\/wp-content\/uploads\/2021\/01\/cajakov.jpg",800,533,false],"2048x2048":["https:\/\/www.keturist.sk\/info\/wp-content\/uploads\/2021\/01\/cajakov.jpg",800,533,false]},"uagb_author_info":{"display_name":"admin","author_link":"https:\/\/www.keturist.sk\/info\/author\/admin\/"},"uagb_comment_info":0,"uagb_excerpt":"Podkateg\u00f3ria: Lokaliz\u00e1cia: Ko\u0161ice a M\u010c Star\u00e9 mesto \u010co je Ba\u0161ta na \u010cajkovsk\u00e9ho ulici a ak\u00fd je jej historick\u00fd v\u00fdznam? Ba\u0161ta na \u010cajkovsk\u00e9ho ulici\u00a0je cenn\u00fd a m\u00e1lokedy spom\u00ednan\u00fd\u00a0zachovan\u00fd fragment\u00a0rozsiahleho\u00a0mestsk\u00e9ho opevnenia\u00a0Ko\u0161\u00edc. Jej [&hellip;]","_links":{"self":[{"href":"https:\/\/www.keturist.sk\/info\/wp-json\/wp\/v2\/pages\/347","targetHints":{"allow":["GET"]}}],"collection":[{"href":"https:\/\/www.keturist.sk\/info\/wp-json\/wp\/v2\/pages"}],"about":[{"href":"https:\/\/www.keturist.sk\/info\/wp-json\/wp\/v2\/types\/page"}],"author":[{"embeddable":true,"href":"https:\/\/www.keturist.sk\/info\/wp-json\/wp\/v2\/users\/1"}],"replies":[{"embeddable":true,"href":"https:\/\/www.keturist.sk\/info\/wp-json\/wp\/v2\/comments?post=347"}],"version-history":[{"count":5,"href":"https:\/\/www.keturist.sk\/info\/wp-json\/wp\/v2\/pages\/347\/revisions"}],"predecessor-version":[{"id":73038,"href":"https:\/\/www.keturist.sk\/info\/wp-json\/wp\/v2\/pages\/347\/revisions\/73038"}],"up":[{"embeddable":true,"href":"https:\/\/www.keturist.sk\/info\/wp-json\/wp\/v2\/pages\/51"}],"wp:featuredmedia":[{"embeddable":true,"href":"https:\/\/www.keturist.sk\/info\/wp-json\/wp\/v2\/media\/37965"}],"wp:attachment":[{"href":"https:\/\/www.keturist.sk\/info\/wp-json\/wp\/v2\/media?parent=347"}],"curies":[{"name":"wp","href":"https:\/\/api.w.org\/{rel}","templated":true}]}}