{"id":3467,"date":"2013-11-09T18:25:26","date_gmt":"2013-11-09T16:25:26","guid":{"rendered":"https:\/\/www.keturist.sk\/info\/?page_id=3467"},"modified":"2021-11-18T18:03:16","modified_gmt":"2021-11-18T17:03:16","slug":"kupele-borda","status":"publish","type":"page","link":"https:\/\/www.keturist.sk\/info\/turisticke-vychodiska\/smer-slanske-vrchy\/kupele-borda\/","title":{"rendered":"K\u00fapele Borda"},"content":{"rendered":"<a href=\"https:\/\/www.keturist.sk\/info\/\" class=\"su-button su-button-style-default\" style=\"color:#000000;background-color:#FFCF2F;border-color:#cca626;border-radius:5px\" target=\"_self\"><span style=\"color:#000000;padding:6px 16px;font-size:13px;line-height:20px;border-color:#ffde6e;border-radius:5px;text-shadow:none\"><i class=\"sui sui-arrow-right\" style=\"font-size:13px;color:#000000\"><\/i>  Spravodaj <\/span><\/a>\n<a href=\"https:\/\/www.keturist.sk\/info\/tipy-na-vylety\/\" class=\"su-button su-button-style-default\" style=\"color:#000000;background-color:#FFCF2F;border-color:#cca626;border-radius:5px\" target=\"_self\"><span style=\"color:#000000;padding:6px 16px;font-size:13px;line-height:20px;border-color:#ffde6e;border-radius:5px;text-shadow:none\"><i class=\"sui sui-arrow-right\" style=\"font-size:13px;color:#000000\"><\/i>  TIPY NA V\u00ddLETY <\/span><\/a>\n<a href=\"https:\/\/www.keturist.sk\/info\/turisticke-vychodiska\/\" class=\"su-button su-button-style-default\" style=\"color:#000000;background-color:#FFCF2F;border-color:#cca626;border-radius:5px\" target=\"_self\"><span style=\"color:#000000;padding:6px 16px;font-size:13px;line-height:20px;border-color:#ffde6e;border-radius:5px;text-shadow:none\"><i class=\"sui sui-arrow-right\" style=\"font-size:13px;color:#000000\"><\/i>  Turistick\u00e9 v\u00fdchodisk\u00e1 <\/span><\/a>\n<a href=\"https:\/\/www.keturist.sk\/info\/turisticke-vychodiska\/smer-slanske-vrchy\/\" class=\"su-button su-button-style-default\" style=\"color:#000000;background-color:#FFCF2F;border-color:#cca626;border-radius:5px\" target=\"_self\"><span style=\"color:#000000;padding:6px 16px;font-size:13px;line-height:20px;border-color:#ffde6e;border-radius:5px;text-shadow:none\"><i class=\"sui sui-arrow-right\" style=\"font-size:13px;color:#000000\"><\/i>  Smer Slansk\u00e9 vrchy <\/span><\/a>\n<div class=\"su-divider su-divider-style-default\" style=\"margin:15px 0;border-width:2px;border-color:#000000\"><\/div>\n<div class=\"su-accordion su-u-trim\">\n<div class=\"su-spoiler su-spoiler-style-fancy su-spoiler-icon-plus su-spoiler-closed\" data-scroll-offset=\"0\" data-anchor-in-url=\"no\"><div class=\"su-spoiler-title\" tabindex=\"0\" role=\"button\"><span class=\"su-spoiler-icon\"><\/span>Textov\u00e9 menu - Turistick\u00e9 v\u00fdchodisk\u00e1 - Slansk\u00e9 vrchy - juh<\/div><div class=\"su-spoiler-content su-u-clearfix su-u-trim\">\n<code><div class=\"column-group columns-2\"><div class=\"column column-number-1 column-span-1\"><p><\/code><strong>\u0160portovo-rekrea\u010dn\u00e9 stredisk\u00e1: <\/strong><br \/>\n<a href=\"https:\/\/www.keturist.sk\/info\/smer-slanske-vrchy\/kupele-borda\/\">K\u00fapele Borda<\/a><br \/>\n<a href=\"https:\/\/www.keturist.sk\/info\/smer-slanske-vrchy\/obec-bysta-bysta-kupele\/\">K\u00fapele By\u0161ta-Obec By\u0161ta<\/a><br \/>\n<a href=\"https:\/\/www.keturist.sk\/info\/smer-slanske-vrchy\/rekreacne-stredisko-izra\/\">Stredisko Izra<\/a><br \/>\n<strong>Obce:<\/strong><br \/>\n<a href=\"https:\/\/www.keturist.sk\/info\/smer-slanske-vrchy\/obec-dargov\/\">Dargov<\/a><br \/>\n<a href=\"https:\/\/www.keturist.sk\/info\/smer-slanske-vrchy\/obec-herlany\/\">Her\u013eany<\/a><\/p>\n<\/div><div class=\"column column-number-2 last column-span-1\"><p><a href=\"https:\/\/www.keturist.sk\/info\/smer-slanske-vrchy\/obec-kalsa\/\">Obec Kal\u0161a<\/a><br \/>\n<a href=\"https:\/\/www.keturist.sk\/info\/kam-za-pamiatkami\/kam-za-pamiatkami-smer-slanske-vrchy\/obec-nizna-mysla\/\">Ni\u017en\u00e1 My\u0161\u013ea<\/a><br \/>\n<a href=\"https:\/\/www.keturist.sk\/info\/smer-slanske-vrchy\/obec-ruskov\/\">Ruskov<\/a><br \/>\n<a href=\"https:\/\/www.keturist.sk\/info\/smer-slanske-vrchy\/obec-skaros\/\">Sk\u00e1ro\u0161<\/a><br \/>\n<a href=\"https:\/\/www.keturist.sk\/info\/smer-slanske-vrchy\/obec-slanec\/\">Slanec<\/a><br \/>\n<a href=\"https:\/\/www.keturist.sk\/info\/smer-slanske-vrchy\/obec-slanska-huta\/\">Slansk\u00e1 Huta<\/a><br \/>\n<a href=\"https:\/\/www.keturist.sk\/info\/smer-slanske-vrchy\/obec-vysna-mysla\/\">Vy\u0161n\u00e1 My\u0161\u013ea<\/a><\/p>\n<\/div><\/div><\/div><\/div><\/div>\n<div class=\"su-divider su-divider-style-default\" style=\"margin:15px 0;border-width:2px;border-color:#000000\"><\/div>\n<h3><span style=\"color: #808000;\">V\u0161eobecn\u00e9 inform\u00e1cie<\/span><\/h3>\n<p>Borda-k\u00fapele je mal\u00e1 rekrea\u010dno-k\u00fape\u013en\u00e1 osada pod z\u00e1padn\u00fdmi v\u00fdbe\u017ekami <a href=\"https:\/\/www.keturist.sk\/info\/okolite-hory\/slanske-vrchy\/\">Slansk\u00fdch vrchov<\/a>, v podcelku <strong>Mo\u0161n\u00edk<\/strong>, pri <strong>Bordianskom potoku<\/strong>.<\/p>\n<figure id=\"attachment_40629\" aria-describedby=\"caption-attachment-40629\" style=\"width: 800px\" class=\"wp-caption aligncenter\"><a href=\"https:\/\/www.keturist.sk\/info\/wp-content\/uploads\/2021\/07\/borda3.jpg\"><img loading=\"lazy\" decoding=\"async\" class=\"wp-image-40629 size-medium\" src=\"https:\/\/www.keturist.sk\/info\/wp-content\/uploads\/2021\/07\/borda3-800x534.jpg\" alt=\"\" width=\"800\" height=\"534\" srcset=\"https:\/\/www.keturist.sk\/info\/wp-content\/uploads\/2021\/07\/borda3-800x534.jpg 800w, https:\/\/www.keturist.sk\/info\/wp-content\/uploads\/2021\/07\/borda3-270x180.jpg 270w, https:\/\/www.keturist.sk\/info\/wp-content\/uploads\/2021\/07\/borda3-768x512.jpg 768w, https:\/\/www.keturist.sk\/info\/wp-content\/uploads\/2021\/07\/borda3.jpg 1000w\" sizes=\"auto, (max-width: 800px) 100vw, 800px\" \/><\/a><figcaption id=\"caption-attachment-40629\" class=\"wp-caption-text\">K\u00fapele Borda, Fotograf: Jozef Mare\u010dek (https:\/\/www.facebook.com\/jozef.marecek.94)<\/figcaption><\/figure>\n<p>Je administrat\u00edvnou s\u00fa\u010das\u0165ou obce Ko\u0161ick\u00fd Kle\u010denov, ktor\u00e1 je vzdialen\u00e1 4,5 km na juhoz\u00e1pad.<\/p>\n<p>K\u00fapele sa nach\u00e1dzaj\u00fa pribli\u017ene 35 km severoz\u00e1padne od mesta <a href=\"https:\/\/www.keturist.sk\/info\/vseobecne-informacie\/mesto-kosice\/\">Ko\u0161ice<\/a>.<\/p>\n<figure id=\"attachment_40630\" aria-describedby=\"caption-attachment-40630\" style=\"width: 800px\" class=\"wp-caption aligncenter\"><a href=\"https:\/\/www.keturist.sk\/info\/wp-content\/uploads\/2021\/07\/borda1.jpg\"><img loading=\"lazy\" decoding=\"async\" class=\"wp-image-40630 size-medium\" src=\"https:\/\/www.keturist.sk\/info\/wp-content\/uploads\/2021\/07\/borda1-800x534.jpg\" alt=\"\" width=\"800\" height=\"534\" srcset=\"https:\/\/www.keturist.sk\/info\/wp-content\/uploads\/2021\/07\/borda1-800x534.jpg 800w, https:\/\/www.keturist.sk\/info\/wp-content\/uploads\/2021\/07\/borda1-270x180.jpg 270w, https:\/\/www.keturist.sk\/info\/wp-content\/uploads\/2021\/07\/borda1-768x512.jpg 768w, https:\/\/www.keturist.sk\/info\/wp-content\/uploads\/2021\/07\/borda1.jpg 1000w\" sizes=\"auto, (max-width: 800px) 100vw, 800px\" \/><\/a><figcaption id=\"caption-attachment-40630\" class=\"wp-caption-text\">K\u00fapele Borda, Fotograf: Jozef Mare\u010dek (https:\/\/www.facebook.com\/jozef.marecek.94)<\/figcaption><\/figure>\n<p>V\u00fdchodn\u00fdm smerom od osady Borda vo vzdialenosti asi 1 km v roku 1893 vznikli vyh\u013ead\u00e1van\u00e9 k\u00fapele na lie\u010denie reumatick\u00fdch chor\u00f4b na b\u00e1ze \u00fadajne v\u00fddatn\u00e9ho prame\u0148a, ktor\u00e9ho voda bola ve\u013emi chutn\u00e1 s \u013eudov\u00fdm n\u00e1zvom \u201eZdrav\u00e1 voda\u201c.<\/p>\n<p>\u013dudia z bl\u00edzkeho okolia ju radi pili a a\u017e do zalo\u017eenia k\u00fape\u013eov ju nosili domov kde ju zohrievali a v nej sa aj k\u00fapali, pri\u010dom mnoh\u00ed sa po kr\u00e1tkej dobe aj vylie\u010dili.<\/p>\n<figure id=\"attachment_40631\" aria-describedby=\"caption-attachment-40631\" style=\"width: 800px\" class=\"wp-caption aligncenter\"><a href=\"https:\/\/www.keturist.sk\/info\/wp-content\/uploads\/2021\/07\/borda2.jpg\"><img loading=\"lazy\" decoding=\"async\" class=\"wp-image-40631 size-medium\" src=\"https:\/\/www.keturist.sk\/info\/wp-content\/uploads\/2021\/07\/borda2-800x534.jpg\" alt=\"\" width=\"800\" height=\"534\" srcset=\"https:\/\/www.keturist.sk\/info\/wp-content\/uploads\/2021\/07\/borda2-800x534.jpg 800w, https:\/\/www.keturist.sk\/info\/wp-content\/uploads\/2021\/07\/borda2-270x180.jpg 270w, https:\/\/www.keturist.sk\/info\/wp-content\/uploads\/2021\/07\/borda2-768x512.jpg 768w, https:\/\/www.keturist.sk\/info\/wp-content\/uploads\/2021\/07\/borda2.jpg 1000w\" sizes=\"auto, (max-width: 800px) 100vw, 800px\" \/><\/a><figcaption id=\"caption-attachment-40631\" class=\"wp-caption-text\">K\u00fapele Borda, Fotograf: Jozef Mare\u010dek (https:\/\/www.facebook.com\/jozef.marecek.94)<\/figcaption><\/figure>\n<p>Po t\u00fdchto sk\u00fasenostiach tu vznikli koncom 19. storo\u010dia mal\u00e9 k\u00fapele ba lie\u010denie reumatick\u00fdch chor\u00f4b.<\/p>\n<p>Zachyten\u00e1 voda z miestnych prame\u0148ov sa umelo ohrievala a poskytovala lie\u010debn\u00e9 k\u00fary v 15 vaniach.<\/p>\n<p>Po\u010das II. svetovej vojny boli k\u00fapele zni\u010den\u00e9 a zanikli.<\/p>\n<p>V roku 1951 tu bola zriaden\u00e1 lesn\u00edcka \u0161kola.<\/p>\n<p>Neskor\u0161ie v 60- ich rokoch tu bolo vybudovan\u00e9 rekrea\u010dn\u00e9 stredisko V\u00fdchodoslovensk\u00fdch \u017eeleziarni Ko\u0161ice.<\/p>\n<p>V s\u00fa\u010dasnosti sa tu nach\u00e1dza Salezi\u00e1nske anima\u010dn\u00e9 ml\u00e1de\u017en\u00edcke stredisko &#8211; <strong>Chata Salezi\u00e1nov don Bosca<\/strong>.<\/p>\n<p>Usporad\u00favaj\u00fa sa tu duchovn\u00e9 cvi\u010denia pre novoman\u017eelov a rekre\u00e1cia pre soci\u00e1lne slab\u0161ie rodiny.<\/p>\n<p>Cel\u00fd komplex sa nach\u00e1dza v n\u00e1dhernom tichom lesnom prostred\u00ed s kvitn\u00facimi l\u00fakami.<\/p>\n<h3><span style=\"color: #808000;\">Turistick\u00e9 ciele<\/span><\/h3>\n<p>Cez k\u00fapele prech\u00e1dza\u00a0<img loading=\"lazy\" decoding=\"async\" class=\"alignnone wp-image-21627 size-full\" src=\"https:\/\/www.keturist.sk\/info\/wp-content\/uploads\/2013\/11\/modra.png\" alt=\"\" width=\"20\" height=\"21\" \/> modr\u00e1 turistick\u00e1 trasa ved\u00faca ju\u017en\u00fdm smerom do <a href=\"https:\/\/www.keturist.sk\/info\/vrchy-skaly-a-sedla\/dargovsky-priesmyk\/\">Dargovsk\u00e9ho priesmyku (474 m n.m.)<\/a> a severn\u00fdm smerom na <strong>vrch Lazy (859 m.n.m.)<\/strong>.<\/p>\n<figure id=\"attachment_25826\" aria-describedby=\"caption-attachment-25826\" style=\"width: 800px\" class=\"wp-caption aligncenter\"><a href=\"https:\/\/www.keturist.sk\/info\/wp-content\/uploads\/2018\/07\/dargov.png\"><img loading=\"lazy\" decoding=\"async\" class=\"wp-image-25826 size-medium\" src=\"https:\/\/www.keturist.sk\/info\/wp-content\/uploads\/2018\/07\/dargov-800x523.png\" alt=\"\" width=\"800\" height=\"523\" srcset=\"https:\/\/www.keturist.sk\/info\/wp-content\/uploads\/2018\/07\/dargov-800x523.png 800w, https:\/\/www.keturist.sk\/info\/wp-content\/uploads\/2018\/07\/dargov-270x176.png 270w, https:\/\/www.keturist.sk\/info\/wp-content\/uploads\/2018\/07\/dargov-768x502.png 768w, https:\/\/www.keturist.sk\/info\/wp-content\/uploads\/2018\/07\/dargov-400x261.png 400w, https:\/\/www.keturist.sk\/info\/wp-content\/uploads\/2018\/07\/dargov.png 1056w\" sizes=\"auto, (max-width: 800px) 100vw, 800px\" \/><\/a><figcaption id=\"caption-attachment-25826\" class=\"wp-caption-text\">Dargovsk\u00fd priesmyk (zdroj: www.eastern-slovakia.com)<\/figcaption><\/figure>\n<p>Od vrhu Lazy<span class=\"st\"> za\u010d\u00edna <img loading=\"lazy\" decoding=\"async\" class=\"alignnone wp-image-21625 size-full\" src=\"https:\/\/www.keturist.sk\/info\/wp-content\/uploads\/2013\/11\/zlta.png\" alt=\"\" width=\"20\" height=\"21\" srcset=\"https:\/\/www.keturist.sk\/info\/wp-content\/uploads\/2013\/11\/zlta.png 20w, https:\/\/www.keturist.sk\/info\/wp-content\/uploads\/2013\/11\/zlta-19x20.png 19w\" sizes=\"auto, (max-width: 20px) 100vw, 20px\" \/> \u017elt\u00e1 turistick\u00e1 trasa k zr\u00facanin\u00e1m hradu <a href=\"https:\/\/www.keturist.sk\/info\/hrad-braniaev-paruaayan\/\">Parustan<\/a> a \u010falej a\u017e do obce <a href=\"https:\/\/www.keturist.sk\/info\/turisticke-vychodiska\/smer-slanske-vrchy\/obec-dargov\/\">Dargov<\/a>.<\/span><\/p>\n<p><a href=\"https:\/\/www.keturist.sk\/info\/vrchy-skaly-a-sedla\/dargovsky-priesmyk\/\">Dargovskom priesmyku (474 m n. m.)<\/a> sa nach\u00e1dza are\u00e1l pam\u00e4tn\u00edka naz\u00fdvan\u00fd \u201c<strong>Pam\u00e4tn\u00edk v Dargovskom priesmyku<\/strong>\u201c, pozostavajuc\u00e9ho zo s\u00faso\u0161ia pam\u00e4tn\u00edka Oslobodenia a v\u00ed\u0165azstva, expoz\u00edcie oslobodite\u013esk\u00fdch tankov a z pam\u00e4tnej siene bojovej sl\u00e1vy.<\/p>\n<h3><span style=\"color: #808000;\">Ubytovanie a stravovanie<\/span><strong><br \/>\n<\/strong><\/h3>\n<p>Vo vo\u013en\u00fdch term\u00ednoch mo\u017en\u00fd aj nekomer\u010dn\u00fd pren\u00e1jom chaty pre verejnos\u0165 (pre skupiny ml\u00e1de\u017ee so zodpovedn\u00fdm ved\u00facim, aj pre skupiny dospel\u00fdch).<\/p>\n<p>V chate je jednoduch\u00e9 ubytovanie v 5 izb\u00e1ch (1&#215;1, 1&#215;2, 1&#215;3, 1&#215;8, 1&#215;9 l\u00f4\u017eok), niektor\u00e9 postele s\u00fa poschodov\u00e9.<\/p>\n<p>Spolo\u010dn\u00e9 WC a sprcha (zvl\u00e1\u0161\u0165 pre diev\u010dat\u00e1 a pre chlapcov).<\/p>\n<p>Kuchy\u0148a, kde sa d\u00e1 samoobslu\u017ene pripravi\u0165 jedlo.<\/p>\n<p>Spolo\u010densk\u00e1 miestnos\u0165 s krbom a pr\u00edste\u013ekom.<\/p>\n<p>Potrebn\u00fd vlastn\u00fd spac\u00e1k, poskytn\u00fa\u0165 m\u00f4\u017eeme iba plachtu na matrac.<\/p>\n<p>Chata je s\u00fa\u010das\u0165ou are\u00e1lu b\u00fdval\u00e9ho Hotelu Borda.<\/p>\n<p><strong>Cena:<\/strong> Chata funguje na nekomer\u010dnom z\u00e1klade, plat\u00ed sa iba pr\u00edspevok na prev\u00e1dzku budovy.<\/p>\n<p><strong>Celoro\u010dne:<\/strong> dospel\u00fd 8 EUR\/os\/noc, die\u0165a 5 EUR\/os\/noc, min. 6 os\u00f4b.<\/p>\n<p>Plachta na matrac 0,50 EUR\/os\/pobyt. Ceny s\u00fa kone\u010dn\u00e9 a platn\u00e9 aj pri ubytovan\u00ed iba na 1 noc.<\/p>\n<p><strong>Chata Salezi\u00e1nov don Bosca<\/strong><br \/>\n(Salezi\u00e1nske anima\u010dn\u00e9 ml\u00e1de\u017en\u00edcke stredisko),<br \/>\nBorda-k\u00fapele (Bordaf\u00fcrd\u0151),<br \/>\n044 45 Ko\u0161ick\u00fd Kle\u010denov<br \/>\n<strong>Prev\u00e1dzkovate\u013e:<\/strong> Salezi\u00e1ni don Bosca (SDB), Lunik IX., 040 11 Ko\u0161ice.<br \/>\n<strong>Kontaktn\u00e1 osoba:<\/strong> Jozef \u017dembera.<br \/>\n<strong>Web:<\/strong> <a href=\"http:\/\/www.lunik9.sk\" target=\"_blank\" rel=\"noopener noreferrer\">www.lunik9.sk<\/a><\/p>\n<h3><span style=\"color: #808000;\">Mapy<\/span><\/h3>\n<p><strong>Vrstvy: <\/strong>Turistick\u00e1 mapa, Automapa, Cyklomapa, Ly\u017eiarska mapa, Satelitn\u00e1 mapa a OpenStreetMap.<\/p>\n<p><strong>Kliknut\u00edm na logo &#8222;Freemap.sk&#8220; sa V\u00e1m mapa zobraz\u00ed na celej ploche obrazovky.<\/strong><\/p>\n<p><iframe style=\"width: 800px; height: 500px; border: 0;\" src=\"https:\/\/www.freemap.sk\/?map=14\/48.754463\/21.508012&amp;info-point=48.754463\/21.508012,K\u00fapele Borda&amp;layers=T&amp;embed=search\" allowfullscreen=\"allowfullscreen\"><span data-mce-type=\"bookmark\" style=\"display: inline-block; width: 0px; overflow: hidden; line-height: 0;\" class=\"mce_SELRES_start\">\ufeff<\/span><\/iframe><\/p>\n<h3><span style=\"color: #808000;\">Po\u010dasie<\/span><\/h3>\n<p><iframe style=\"width: 800px; height: 606px;\" src=\"https:\/\/www.meteoblue.com\/sk\/po%C4%8Dasie\/widget\/three\/borda_slovensk%c3%a1-republika_725099?geoloc=fixed&amp;nocurrent=0&amp;noforecast=0&amp;days=5&amp;tempunit=CELSIUS&amp;windunit=KILOMETER_PER_HOUR&amp;layout=image\" frameborder=\"0\" scrolling=\"NO\" sandbox=\"allow-same-origin allow-scripts allow-popups allow-popups-to-escape-sandbox\"><\/iframe><\/p>\n<div><!-- DO NOT REMOVE THIS LINK --><a href=\"https:\/\/www.meteoblue.com\/sk\/po%C4%8Dasie\/predpove%C4%8F\/t%C3%BD%C5%BEde%C5%88\/borda_slovensk%c3%a1-republika_725099?utm_source=weather_widget&amp;utm_medium=linkus&amp;utm_content=three&amp;utm_campaign=Weather%2BWidget\" target=\"_blank\" rel=\"noopener noreferrer\">meteoblue<\/a><\/div>\n","protected":false},"excerpt":{"rendered":"<p>V\u0161eobecn\u00e9 inform\u00e1cie Borda-k\u00fapele je mal\u00e1 rekrea\u010dno-k\u00fape\u013en\u00e1 osada pod z\u00e1padn\u00fdmi v\u00fdbe\u017ekami Slansk\u00fdch vrchov, v podcelku Mo\u0161n\u00edk, pri Bordianskom potoku. Je administrat\u00edvnou s\u00fa\u010das\u0165ou obce Ko\u0161ick\u00fd Kle\u010denov, ktor\u00e1 je vzdialen\u00e1 4,5 km na [&hellip;]<\/p>\n","protected":false},"author":1,"featured_media":0,"parent":1782,"menu_order":0,"comment_status":"closed","ping_status":"closed","template":"","meta":{"_uag_custom_page_level_css":"","_monsterinsights_skip_tracking":false,"_monsterinsights_sitenote_active":false,"_monsterinsights_sitenote_note":"","_monsterinsights_sitenote_category":0,"footnotes":""},"class_list":["post-3467","page","type-page","status-publish","hentry"],"featured_image_src":"","featured_image_src_square":false,"rbea_author_info":{"display_name":"admin","author_link":"https:\/\/www.keturist.sk\/info\/author\/admin\/"},"rbea_excerpt_info":"V\u0161eobecn\u00e9 inform\u00e1cie Borda-k\u00fapele je mal\u00e1 rekrea\u010dno-k\u00fape\u013en\u00e1 osada pod z\u00e1padn\u00fdmi v\u00fdbe\u017ekami Slansk\u00fdch vrchov, v podcelku Mo\u0161n\u00edk, pri Bordianskom potoku. Je administrat\u00edvnou s\u00fa\u010das\u0165ou obce Ko\u0161ick\u00fd Kle\u010denov, ktor\u00e1 je vzdialen\u00e1 4,5 km na [&hellip;]","uagb_featured_image_src":{"full":false,"thumbnail":false,"medium":false,"medium_large":false,"large":false,"1536x1536":false,"2048x2048":false},"uagb_author_info":{"display_name":"admin","author_link":"https:\/\/www.keturist.sk\/info\/author\/admin\/"},"uagb_comment_info":0,"uagb_excerpt":"V\u0161eobecn\u00e9 inform\u00e1cie Borda-k\u00fapele je mal\u00e1 rekrea\u010dno-k\u00fape\u013en\u00e1 osada pod z\u00e1padn\u00fdmi v\u00fdbe\u017ekami Slansk\u00fdch vrchov, v podcelku Mo\u0161n\u00edk, pri Bordianskom potoku. Je administrat\u00edvnou s\u00fa\u010das\u0165ou obce Ko\u0161ick\u00fd Kle\u010denov, ktor\u00e1 je vzdialen\u00e1 4,5 km na [&hellip;]","_links":{"self":[{"href":"https:\/\/www.keturist.sk\/info\/wp-json\/wp\/v2\/pages\/3467","targetHints":{"allow":["GET"]}}],"collection":[{"href":"https:\/\/www.keturist.sk\/info\/wp-json\/wp\/v2\/pages"}],"about":[{"href":"https:\/\/www.keturist.sk\/info\/wp-json\/wp\/v2\/types\/page"}],"author":[{"embeddable":true,"href":"https:\/\/www.keturist.sk\/info\/wp-json\/wp\/v2\/users\/1"}],"replies":[{"embeddable":true,"href":"https:\/\/www.keturist.sk\/info\/wp-json\/wp\/v2\/comments?post=3467"}],"version-history":[{"count":6,"href":"https:\/\/www.keturist.sk\/info\/wp-json\/wp\/v2\/pages\/3467\/revisions"}],"predecessor-version":[{"id":43951,"href":"https:\/\/www.keturist.sk\/info\/wp-json\/wp\/v2\/pages\/3467\/revisions\/43951"}],"up":[{"embeddable":true,"href":"https:\/\/www.keturist.sk\/info\/wp-json\/wp\/v2\/pages\/1782"}],"wp:attachment":[{"href":"https:\/\/www.keturist.sk\/info\/wp-json\/wp\/v2\/media?parent=3467"}],"curies":[{"name":"wp","href":"https:\/\/api.w.org\/{rel}","templated":true}]}}