{"id":32728,"date":"2020-04-06T08:01:40","date_gmt":"2020-04-06T06:01:40","guid":{"rendered":"https:\/\/www.keturist.sk\/info\/?page_id=32728"},"modified":"2025-12-30T16:35:10","modified_gmt":"2025-12-30T15:35:10","slug":"idcianske-sedlo-954-m-n-m","status":"publish","type":"page","link":"https:\/\/www.keturist.sk\/info\/kam-do-prirody\/kam-do-prirody-smer-volovske-vrchy\/vrchy-skaly-a-sedla\/idcianske-sedlo-954-m-n-m\/","title":{"rendered":"Id\u010dianske sedlo (954 m n.m.)"},"content":{"rendered":"<a href=\"https:\/\/www.keturist.sk\/info\/\" class=\"su-button su-button-style-default\" style=\"color:#000000;background-color:#FFCF2F;border-color:#cca626;border-radius:5px\" target=\"_self\"><span style=\"color:#000000;padding:6px 16px;font-size:13px;line-height:20px;border-color:#ffde6e;border-radius:5px;text-shadow:none\"><i class=\"sui sui-arrow-right\" style=\"font-size:13px;color:#000000\"><\/i>  Spravodaj <\/span><\/a>\n<a href=\"https:\/\/www.keturist.sk\/info\/tipy-na-vylety\/\" class=\"su-button su-button-style-default\" style=\"color:#000000;background-color:#FFCF2F;border-color:#cca626;border-radius:5px\" target=\"_self\"><span style=\"color:#000000;padding:6px 16px;font-size:13px;line-height:20px;border-color:#ffde6e;border-radius:5px;text-shadow:none\"><i class=\"sui sui-arrow-right\" style=\"font-size:13px;color:#000000\"><\/i>  TIPY NA V\u00ddLETY <\/span><\/a>\n<a href=\"https:\/\/www.keturist.sk\/info\/kam-do-prirody\/\" class=\"su-button su-button-style-default\" style=\"color:#000000;background-color:#FFCF2F;border-color:#cca626;border-radius:5px\" target=\"_self\"><span style=\"color:#000000;padding:6px 16px;font-size:13px;line-height:20px;border-color:#ffde6e;border-radius:5px;text-shadow:none\"><i class=\"sui sui-arrow-right\" style=\"font-size:13px;color:#000000\"><\/i>  Kam do pr\u00edrody <\/span><\/a>\n<a href=\"https:\/\/www.keturist.sk\/info\/kam-do-prirody\/kam-do-prirody-smer-volovske-vrchy\/\" class=\"su-button su-button-style-default\" style=\"color:#000000;background-color:#FFCF2F;border-color:#cca626;border-radius:5px\" target=\"_self\"><span style=\"color:#000000;padding:6px 16px;font-size:13px;line-height:20px;border-color:#ffde6e;border-radius:5px;text-shadow:none\"><i class=\"sui sui-arrow-right\" style=\"font-size:13px;color:#000000\"><\/i>  Smer Volovsk\u00e9 vrchy <\/span><\/a>\n<div class=\"su-divider su-divider-style-default\" style=\"margin:15px 0;border-width:0px;border-color:#000000\"><\/div>\n<strong>Podkateg\u00f3ria: <\/strong> <a href=\"https:\/\/www.keturist.sk\/info\/kam-do-prirody\/kam-do-prirody-smer-volovske-vrchy\/vrchy-skaly-a-sedla\/\" class=\"su-button su-button-style-default\" style=\"color:#000000;background-color:#C5ED2C;border-color:#9ebe24;border-radius:5px\" target=\"_self\"><span style=\"color:#000000;padding:6px 16px;font-size:13px;line-height:20px;border-color:#d7f36c;border-radius:5px;text-shadow:none\"><i class=\"sui sui-arrow-right\" style=\"font-size:13px;color:#000000\"><\/i>  Vrchy, skaly a sedl\u00e1 <\/span><\/a>\n<p><strong>Lokaliz\u00e1cia: <\/strong><a href=\"https:\/\/www.keturist.sk\/info\/okolite-hory\/volovske-vrchy\/\">Volovsk\u00e9 vrchy<\/a><\/p>\n<div class=\"su-divider su-divider-style-default\" style=\"margin:15px 0;border-width:2px;border-color:#000000\"><\/div>\n<figure id=\"attachment_32732\" aria-describedby=\"caption-attachment-32732\" style=\"width: 900px\" class=\"wp-caption aligncenter\"><a href=\"https:\/\/www.keturist.sk\/info\/wp-content\/uploads\/2020\/04\/idcianske-sedlo.jpg\"><img loading=\"lazy\" decoding=\"async\" class=\"wp-image-32732\" src=\"https:\/\/www.keturist.sk\/info\/wp-content\/uploads\/2020\/04\/idcianske-sedlo-800x451.jpg\" alt=\"Id\u010dianske sedlo (954 m n.m.)\" width=\"900\" height=\"507\" srcset=\"https:\/\/www.keturist.sk\/info\/wp-content\/uploads\/2020\/04\/idcianske-sedlo-800x451.jpg 800w, https:\/\/www.keturist.sk\/info\/wp-content\/uploads\/2020\/04\/idcianske-sedlo-270x152.jpg 270w, https:\/\/www.keturist.sk\/info\/wp-content\/uploads\/2020\/04\/idcianske-sedlo-768x433.jpg 768w, https:\/\/www.keturist.sk\/info\/wp-content\/uploads\/2020\/04\/idcianske-sedlo-1536x866.jpg 1536w, https:\/\/www.keturist.sk\/info\/wp-content\/uploads\/2020\/04\/idcianske-sedlo-1200x676.jpg 1200w, https:\/\/www.keturist.sk\/info\/wp-content\/uploads\/2020\/04\/idcianske-sedlo.jpg 1824w\" sizes=\"auto, (max-width: 900px) 100vw, 900px\" \/><\/a><figcaption id=\"caption-attachment-32732\" class=\"wp-caption-text\">Id\u010dianske sedlo (954 m n.m.)-autor fotografie Ondrej Liker<\/figcaption><\/figure>\n<div class=\"su-divider su-divider-style-default\" style=\"margin:15px 0;border-width:2px;border-color:#000000\"><\/div>\n<h2 class=\"ds-markdown-paragraph\"><span style=\"color: #800000;\">\u010co je Id\u010dianske sedlo a kde sa nach\u00e1dza?<\/span><\/h2>\n<p class=\"ds-markdown-paragraph\"><strong>Id\u010dianske sedlo<\/strong>\u00a0je zalesnen\u00e9 sedlo nach\u00e1dzaj\u00face sa vo Volovsk\u00fdch vrchoch, konkr\u00e9tne v ich podcelku\u00a0<strong>Koj\u0161ovsk\u00e1 ho\u013ea<\/strong>. Le\u017e\u00ed na hlavnom hrebeni tohto podcelku, medzi \u0161irok\u00fdm, ploch\u00fdm\u00a0<strong>R\u00e1kociho vrchom<\/strong>\u00a0(1065 m n.m.) a vrchom\u00a0<strong>Tis\u00edcka \u2013 Hol\u00fd vrch<\/strong>\u00a0(1054 m n.m.). Jeho nadmorsk\u00e1 v\u00fd\u0161ka je\u00a0<strong>954 m n.m.<\/strong>\u00a0a predstavuje v\u00fdznamn\u00fa\u00a0<strong>kri\u017eovatku turistick\u00fdch tr\u00e1s<\/strong>.<\/p>\n<h2 class=\"ds-markdown-paragraph\"><span style=\"color: #800000;\">Pre\u010do je Id\u010dianske sedlo d\u00f4le\u017eitou turistickou kri\u017eovatkou?<\/span><\/h2>\n<p class=\"ds-markdown-paragraph\">Sedlom prech\u00e1dza v\u00fdznamn\u00e1\u00a0<strong>\u010derven\u00e1 turistick\u00e1 trasa<\/strong>, zn\u00e1ma ako\u00a0<strong>Cesta hrdinov SNP<\/strong>. T\u00e1to trasa ho rob\u00ed strategick\u00fdm bodom pre turistov putuj\u00facich po hlavnom hrebeni.<\/p>\n<h2 class=\"ds-markdown-paragraph\"><span style=\"color: #800000;\">Ako vyzeralo Id\u010dianske sedlo v minulosti a ako sa zmenilo?<\/span><\/h2>\n<p class=\"ds-markdown-paragraph\">Sedlo a jeho ju\u017en\u00e9 svahy boli v minulosti pokryt\u00e9 roz\u013eahl\u00fdmi horsk\u00fdmi l\u00fakami, ktor\u00e9 sl\u00fa\u017eili ako\u00a0<strong>pasienky a kosiace l\u00faky<\/strong>\u00a0a naz\u00fdvali sa\u00a0<strong>Zlatoidske l\u00faky<\/strong>. Ke\u010f v 60. a 70. rokoch 20. storo\u010dia prestalo by\u0165\u00a0<strong>hospod\u00e1rsky vyu\u017e\u00edvan\u00e9<\/strong>, za\u010dalo sa postupne zarasta\u0165\u00a0<strong>vresom, \u010du\u010doriedkami<\/strong>\u00a0a n\u00e1sledne\u00a0<strong>stromami<\/strong>.<\/p>\n<h2 class=\"ds-markdown-paragraph\"><span style=\"color: #800000;\">Ak\u00fa hist\u00f3riu \u0165a\u017eby m\u00e1 Id\u010dianske sedlo?<\/span><\/h2>\n<p class=\"ds-markdown-paragraph\">V 18. a 19. storo\u010d\u00ed prech\u00e1dzala sedlom tzv.\u00a0<strong>bansk\u00e1 cesta<\/strong>\u00a0(slovensk\u00e1 bansk\u00e1 cesta). Po tejto ceste sa prepravovala\u00a0<strong>meden\u00e1 ruda<\/strong>\u00a0\u0165a\u017een\u00e1 v obci\u00a0<strong>Zlat\u00e1 Idka<\/strong>\u00a0do mal\u00fdch taviarn\u00ed p\u00f4sobiacich v\u00a0<strong>Op\u00e1tke<\/strong>\u00a0na druhej strane hrebe\u0148a.<\/p>\n<h2><span style=\"color: #800000;\">Fotogal\u00e9ria<\/span><\/h2>\n<style type=\"text\/css\">\n#foogallery-gallery-72696 .fg-image { width: 200px; }<\/style>\n\t\t\t<div class=\"foogallery foogallery-container foogallery-carousel foogallery-lightbox-foogallery fg-carousel fg-ready fg-light fg-border-medium fg-round-small fg-shadow-medium fg-loading-default fg-loaded-fade-in fg-hover-semi-zoomed fg-hover-fade fg-hover-circle-plus2\" id=\"foogallery-gallery-72696\" data-foogallery=\"{&quot;item&quot;:{&quot;showCaptionTitle&quot;:true,&quot;showCaptionDescription&quot;:true},&quot;lazy&quot;:true,&quot;template&quot;:{&quot;maxItems&quot;:5,&quot;scale&quot;:0.11999999999999999555910790149937383830547332763671875,&quot;gutter&quot;:{&quot;min&quot;:-40,&quot;max&quot;:-20,&quot;unit&quot;:&quot;%&quot;},&quot;autoplay&quot;:{&quot;time&quot;:0,&quot;interaction&quot;:&quot;pause&quot;},&quot;centerOnClick&quot;:true,&quot;align&quot;:&quot;center&quot;,&quot;activePosition&quot;:&quot;center&quot;}}\" data-foogallery-lightbox=\"{&quot;thumbs&quot;:&quot;bottom&quot;,&quot;thumbsCaptions&quot;:false,&quot;thumbsBestFit&quot;:false,&quot;thumbsSmall&quot;:false,&quot;thumbsCaptionsAlign&quot;:&quot;default&quot;,&quot;info&quot;:&quot;bottom&quot;,&quot;infoVisible&quot;:true,&quot;infoOverlay&quot;:true,&quot;infoAlign&quot;:&quot;default&quot;,&quot;transition&quot;:&quot;fade&quot;,&quot;hoverButtons&quot;:false,&quot;fitMedia&quot;:false,&quot;noScrollbars&quot;:true,&quot;preserveButtonSpace&quot;:true,&quot;buttons&quot;:{&quot;fullscreen&quot;:true,&quot;info&quot;:true,&quot;thumbs&quot;:false},&quot;video&quot;:{&quot;autoPlay&quot;:true}}\" style=\"--fg-title-line-clamp: 1; --fg-description-line-clamp: 2;\" >\n\t<button type=\"button\" class=\"fg-carousel-prev\" title=\"Previous\"><\/button>\n\t<div class=\"fg-carousel-inner\">\n\t\t<div class=\"fg-carousel-center\"><\/div>\n\t\t<div class=\"fg-item fg-type-image fg-idle\"><figure class=\"fg-item-inner\"><a href=\"https:\/\/www.keturist.sk\/info\/wp-content\/uploads\/2020\/05\/sedlo-zl-idcianske.jpg\" data-caption-title=\"Id\u010dianske sedlo (954 m n.m.)\" data-caption-desc=\"Id\u010dianske sedlo (954 m n.m.)-autor fotografie Ondrej Liker\" data-attachment-id=\"32932\" data-type=\"image\" class=\"fg-thumb\"><span class=\"fg-image-wrap\"><img decoding=\"async\" title=\"Id\u010dianske sedlo (954 m n.m.)\" width=\"200\" height=\"200\" class=\"skip-lazy fg-image\" data-src-fg=\"https:\/\/www.keturist.sk\/info\/wp-content\/uploads\/cache\/2020\/05\/sedlo-zl-idcianske\/2816564116.jpg\" src=\"data:image\/svg+xml,%3Csvg%20xmlns%3D%22http%3A%2F%2Fwww.w3.org%2F2000%2Fsvg%22%20width%3D%22200%22%20height%3D%22200%22%20viewBox%3D%220%200%20200%20200%22%3E%3C%2Fsvg%3E\" loading=\"eager\"><\/span><span class=\"fg-image-overlay\"><\/span><\/a><figcaption class=\"fg-caption\"><div class=\"fg-caption-inner\"><div class=\"fg-caption-title\">Id\u010dianske sedlo (954 m n.m.)<\/div><div class=\"fg-caption-desc\">Id\u010dianske sedlo (954 m n.m.)-autor fotografie Ondrej Liker<\/div><\/div><\/figcaption><\/figure><div class=\"fg-loader\"><\/div><\/div><div class=\"fg-item fg-type-image fg-idle\"><figure class=\"fg-item-inner\"><a href=\"https:\/\/www.keturist.sk\/info\/wp-content\/uploads\/2020\/04\/idcianske-sedlo-1.jpg\" data-caption-title=\"Id\u010dianske sedlo (954 m n.m.)\" data-caption-desc=\"Id\u010dianske sedlo (954 m n.m.)-autor fotografie Ondrej Liker\" data-attachment-id=\"32736\" data-type=\"image\" class=\"fg-thumb\"><span class=\"fg-image-wrap\"><img decoding=\"async\" alt=\"Id\u010dianske sedlo (954 m n.m.)\" title=\"Id\u010dianske sedlo (954 m n.m.)\" width=\"200\" height=\"200\" class=\"skip-lazy fg-image\" data-src-fg=\"https:\/\/www.keturist.sk\/info\/wp-content\/uploads\/cache\/2020\/04\/idcianske-sedlo-1\/499059780.jpg\" src=\"data:image\/svg+xml,%3Csvg%20xmlns%3D%22http%3A%2F%2Fwww.w3.org%2F2000%2Fsvg%22%20width%3D%22200%22%20height%3D%22200%22%20viewBox%3D%220%200%20200%20200%22%3E%3C%2Fsvg%3E\" loading=\"eager\"><\/span><span class=\"fg-image-overlay\"><\/span><\/a><figcaption class=\"fg-caption\"><div class=\"fg-caption-inner\"><div class=\"fg-caption-title\">Id\u010dianske sedlo (954 m n.m.)<\/div><div class=\"fg-caption-desc\">Id\u010dianske sedlo (954 m n.m.)-autor fotografie Ondrej Liker<\/div><\/div><\/figcaption><\/figure><div class=\"fg-loader\"><\/div><\/div>\t<\/div>\n\t<div class=\"fg-carousel-bottom\"><\/div>\n\t<div class=\"fg-carousel-progress\"><\/div>\n\t<button type=\"button\" class=\"fg-carousel-next\" title=\"Next\"><\/button>\n<\/div>\n<h2><span style=\"color: #800000;\">Zauj\u00edmav\u00e9 odkazy<\/span><\/h2>\n<h3><span style=\"color: #808000;\">Okolit\u00e9 Stredisk\u00e1 a centr\u00e1:<\/span><\/h3>\n<ul>\n<li><a href=\"https:\/\/www.keturist.sk\/info\/smer-volovske-vrchy\/stredisko-jahodna\/\">\u0160portovo-rekrea\u010dn\u00e9 stredisko Jahodn\u00e1 (\u010d\u00edtaj viac&#8230;)<\/a><\/li>\n<\/ul>\n<ul>\n<li><a href=\"https:\/\/www.keturist.sk\/info\/smer-volovske-vrchy\/rekreacna-oblast-kojsovska-hola\/\">Rekrea\u010dn\u00e1 oblas\u0165 Koj\u0161ov\u00e1 Ho\u013ea (\u010d\u00edtaj viac&#8230;)<\/a><\/li>\n<\/ul>\n<ul>\n<li><a href=\"https:\/\/www.keturist.sk\/info\/smer-volovske-vrchy\/obec-vysny-klatov\/\">Vy\u0161n\u00fd Klatov \u010d\u00edtaj viac&#8230;)<\/a><\/li>\n<\/ul>\n<ul>\n<li><a href=\"https:\/\/www.keturist.sk\/info\/smer-volovske-vrchy\/obec-zlata-idka\/\">Zlat\u00e1 Idka (\u010d\u00edtaj viac&#8230;)<\/a><\/li>\n<\/ul>\n<ul>\n<li><a href=\"https:\/\/www.keturist.sk\/info\/smer-volovske-vrchy\/obec-opatka\/\">Op\u00e1tka (\u010d\u00edtaj viac&#8230;)<\/a><\/li>\n<\/ul>\n<ul>\n<li><a href=\"https:\/\/www.keturist.sk\/info\/smer-volovske-vrchy\/obec-kosicka-bela\/\">Ko\u0161ick\u00e1 Bel\u00e1 (\u010d\u00edtaj viac&#8230;)<\/a><\/li>\n<\/ul>\n<ul>\n<li><a href=\"https:\/\/www.keturist.sk\/info\/smer-volovske-vrchy\/obec-hylov\/\">H\u00fd\u013eov (\u010d\u00edtaj viac&#8230;)<\/a><\/li>\n<\/ul>\n<ul>\n<li><a href=\"https:\/\/www.keturist.sk\/info\/smer-volovske-vrchy\/obec-kojsov\/\">Koj\u0161ov (\u010d\u00edtaj viac&#8230;)<\/a><\/li>\n<\/ul>\n<h2><span style=\"color: #800000;\">Mapy<\/span><\/h2>\n<p><strong>Vrstvy: <\/strong>Turistick\u00e1 mapa, Automapa, Cyklomapa, Ly\u017eiarska mapa, Satelitn\u00e1 mapa a OpenStreetMap.<\/p>\n<p><strong>Kliknut\u00edm na logo &#8222;Freemap.sk&#8220; sa V\u00e1m mapa zobraz\u00ed na celej ploche obrazovky.<\/strong><\/p>\n<p><iframe style=\"width: 900px; height: 500px; border: 0;\" src=\"https:\/\/www.freemap.sk\/?map=14\/48.762186\/21.032596&amp;info-point=48.762186\/21.032596,Id\u010dianske sedlo (954 m n.m.)&amp;layers=X&amp;embed=search\" allowfullscreen=\"allowfullscreen\"><span data-mce-type=\"bookmark\" style=\"display: inline-block; width: 0px; overflow: hidden; line-height: 0;\" class=\"mce_SELRES_start\">\ufeff<\/span><span data-mce-type=\"bookmark\" style=\"display: inline-block; width: 0px; overflow: hidden; line-height: 0;\" class=\"mce_SELRES_start\">\ufeff<\/span><\/iframe><\/p>\n<h2><span style=\"color: #800000;\">Po\u010dasie<\/span><\/h2>\n<p><iframe style=\"width: 900px; height: 610px;\" src=\"https:\/\/www.meteoblue.com\/sk\/po%C4%8Dasie\/widget\/three\/48.761N21.045E1047_Europe%2FBratislava?geoloc=fixed&amp;nocurrent=0&amp;noforecast=0&amp;days=5&amp;tempunit=CELSIUS&amp;windunit=KILOMETER_PER_HOUR&amp;layout=image\" frameborder=\"0\" scrolling=\"NO\" sandbox=\"allow-same-origin allow-scripts allow-popups allow-popups-to-escape-sandbox\"><\/iframe><\/p>\n<div><!-- DO NOT REMOVE THIS LINK --><a href=\"https:\/\/www.meteoblue.com\/sk\/po%C4%8Dasie\/predpove%C4%8F\/t%C3%BD%C5%BEde%C5%88\/48.761N21.045E1047_Europe%2FBratislava?utm_source=weather_widget&amp;utm_medium=linkus&amp;utm_content=three&amp;utm_campaign=Weather%2BWidget\" target=\"_blank\" rel=\"noopener noreferrer\">meteoblue<\/a><\/div>\n","protected":false},"excerpt":{"rendered":"<p>Podkateg\u00f3ria: Lokaliz\u00e1cia: Volovsk\u00e9 vrchy \u010co je Id\u010dianske sedlo a kde sa nach\u00e1dza? Id\u010dianske sedlo\u00a0je zalesnen\u00e9 sedlo nach\u00e1dzaj\u00face sa vo Volovsk\u00fdch vrchoch, konkr\u00e9tne v ich podcelku\u00a0Koj\u0161ovsk\u00e1 ho\u013ea. Le\u017e\u00ed na hlavnom hrebeni [&hellip;]<\/p>\n","protected":false},"author":1,"featured_media":32736,"parent":19216,"menu_order":0,"comment_status":"closed","ping_status":"closed","template":"","meta":{"_uag_custom_page_level_css":"","_monsterinsights_skip_tracking":false,"_monsterinsights_sitenote_active":false,"_monsterinsights_sitenote_note":"","_monsterinsights_sitenote_category":0,"footnotes":""},"class_list":["post-32728","page","type-page","status-publish","has-post-thumbnail","hentry"],"featured_image_src":"https:\/\/www.keturist.sk\/info\/wp-content\/uploads\/2020\/04\/idcianske-sedlo-1.jpg","featured_image_src_square":"https:\/\/www.keturist.sk\/info\/wp-content\/uploads\/2020\/04\/idcianske-sedlo-1.jpg","rbea_author_info":{"display_name":"admin","author_link":"https:\/\/www.keturist.sk\/info\/author\/admin\/"},"rbea_excerpt_info":"Podkateg\u00f3ria: Lokaliz\u00e1cia: Volovsk\u00e9 vrchy \u010co je Id\u010dianske sedlo a kde sa nach\u00e1dza? Id\u010dianske sedlo\u00a0je zalesnen\u00e9 sedlo nach\u00e1dzaj\u00face sa vo Volovsk\u00fdch vrchoch, konkr\u00e9tne v ich podcelku\u00a0Koj\u0161ovsk\u00e1 ho\u013ea. Le\u017e\u00ed na hlavnom hrebeni [&hellip;]","uagb_featured_image_src":{"full":["https:\/\/www.keturist.sk\/info\/wp-content\/uploads\/2020\/04\/idcianske-sedlo-1.jpg",1824,1028,false],"thumbnail":["https:\/\/www.keturist.sk\/info\/wp-content\/uploads\/2020\/04\/idcianske-sedlo-1-270x152.jpg",270,152,true],"medium":["https:\/\/www.keturist.sk\/info\/wp-content\/uploads\/2020\/04\/idcianske-sedlo-1-800x451.jpg",800,451,true],"medium_large":["https:\/\/www.keturist.sk\/info\/wp-content\/uploads\/2020\/04\/idcianske-sedlo-1-768x433.jpg",768,433,true],"large":["https:\/\/www.keturist.sk\/info\/wp-content\/uploads\/2020\/04\/idcianske-sedlo-1.jpg",1824,1028,false],"1536x1536":["https:\/\/www.keturist.sk\/info\/wp-content\/uploads\/2020\/04\/idcianske-sedlo-1-1536x866.jpg",1536,866,true],"2048x2048":["https:\/\/www.keturist.sk\/info\/wp-content\/uploads\/2020\/04\/idcianske-sedlo-1.jpg",1824,1028,false]},"uagb_author_info":{"display_name":"admin","author_link":"https:\/\/www.keturist.sk\/info\/author\/admin\/"},"uagb_comment_info":0,"uagb_excerpt":"Podkateg\u00f3ria: Lokaliz\u00e1cia: Volovsk\u00e9 vrchy \u010co je Id\u010dianske sedlo a kde sa nach\u00e1dza? Id\u010dianske sedlo\u00a0je zalesnen\u00e9 sedlo nach\u00e1dzaj\u00face sa vo Volovsk\u00fdch vrchoch, konkr\u00e9tne v ich podcelku\u00a0Koj\u0161ovsk\u00e1 ho\u013ea. Le\u017e\u00ed na hlavnom hrebeni [&hellip;]","_links":{"self":[{"href":"https:\/\/www.keturist.sk\/info\/wp-json\/wp\/v2\/pages\/32728","targetHints":{"allow":["GET"]}}],"collection":[{"href":"https:\/\/www.keturist.sk\/info\/wp-json\/wp\/v2\/pages"}],"about":[{"href":"https:\/\/www.keturist.sk\/info\/wp-json\/wp\/v2\/types\/page"}],"author":[{"embeddable":true,"href":"https:\/\/www.keturist.sk\/info\/wp-json\/wp\/v2\/users\/1"}],"replies":[{"embeddable":true,"href":"https:\/\/www.keturist.sk\/info\/wp-json\/wp\/v2\/comments?post=32728"}],"version-history":[{"count":4,"href":"https:\/\/www.keturist.sk\/info\/wp-json\/wp\/v2\/pages\/32728\/revisions"}],"predecessor-version":[{"id":72698,"href":"https:\/\/www.keturist.sk\/info\/wp-json\/wp\/v2\/pages\/32728\/revisions\/72698"}],"up":[{"embeddable":true,"href":"https:\/\/www.keturist.sk\/info\/wp-json\/wp\/v2\/pages\/19216"}],"wp:featuredmedia":[{"embeddable":true,"href":"https:\/\/www.keturist.sk\/info\/wp-json\/wp\/v2\/media\/32736"}],"wp:attachment":[{"href":"https:\/\/www.keturist.sk\/info\/wp-json\/wp\/v2\/media?parent=32728"}],"curies":[{"name":"wp","href":"https:\/\/api.w.org\/{rel}","templated":true}]}}