{"id":3187,"date":"2016-11-05T11:04:44","date_gmt":"2016-11-05T10:04:44","guid":{"rendered":"https:\/\/www.keturist.sk\/info\/?page_id=3187"},"modified":"2026-04-13T14:07:21","modified_gmt":"2026-04-13T12:07:21","slug":"kaplnka-blahoslavenej-panny-marie-na-bankove","status":"publish","type":"page","link":"https:\/\/www.keturist.sk\/info\/kaplnka-blahoslavenej-panny-marie-na-bankove\/","title":{"rendered":"Kaplnka nanebovzatia Panny M\u00e1rie na Bankove"},"content":{"rendered":"<a href=\"https:\/\/www.keturist.sk\/info\/\" class=\"su-button su-button-style-default\" style=\"color:#000000;background-color:#FFCF2F;border-color:#cca626;border-radius:5px\" target=\"_self\"><span style=\"color:#000000;padding:6px 16px;font-size:13px;line-height:20px;border-color:#ffde6e;border-radius:5px;text-shadow:none\"><i class=\"sui sui-arrow-right\" style=\"font-size:13px;color:#000000\"><\/i>  Spravodaj <\/span><\/a>\n<a href=\"https:\/\/www.keturist.sk\/info\/tipy-na-vylety\/\" class=\"su-button su-button-style-default\" style=\"color:#000000;background-color:#FFCF2F;border-color:#cca626;border-radius:5px\" target=\"_self\"><span style=\"color:#000000;padding:6px 16px;font-size:13px;line-height:20px;border-color:#ffde6e;border-radius:5px;text-shadow:none\"><i class=\"sui sui-arrow-right\" style=\"font-size:13px;color:#000000\"><\/i>  TIPY NA V\u00ddLETY <\/span><\/a>\n<a href=\"https:\/\/www.keturist.sk\/info\/kam-za-pamiatkami\/\" class=\"su-button su-button-style-default\" style=\"color:#000000;background-color:#FFCF2F;border-color:#cca626;border-radius:5px\" target=\"_self\"><span style=\"color:#000000;padding:6px 16px;font-size:13px;line-height:20px;border-color:#ffde6e;border-radius:5px;text-shadow:none\"><i class=\"sui sui-arrow-right\" style=\"font-size:13px;color:#000000\"><\/i>  Kam za pamiatkami <\/span><\/a>\n<a href=\"https:\/\/www.keturist.sk\/info\/kam-za-pamiatkami\/kam-za-pamiatkami-smer-kosice\/\" class=\"su-button su-button-style-default\" style=\"color:#000000;background-color:#FFCF2F;border-color:#cca626;border-radius:5px\" target=\"_self\"><span style=\"color:#000000;padding:6px 16px;font-size:13px;line-height:20px;border-color:#ffde6e;border-radius:5px;text-shadow:none\"><i class=\"sui sui-arrow-right\" style=\"font-size:13px;color:#000000\"><\/i>  smer Ko\u0161ice <\/span><\/a>\n<div class=\"su-divider su-divider-style-default\" style=\"margin:15px 0;border-width:0px;border-color:#000000\"><\/div>\n<p><strong>Podkateg\u00f3ria: <\/strong> <a href=\"https:\/\/www.keturist.sk\/info\/kam-za-pamiatkami\/kam-za-pamiatkami-smer-kosice\/nabozenske-pamiatky\/\" class=\"su-button su-button-style-default\" style=\"color:#000000;background-color:#afd144;border-color:#8ca837;border-radius:5px\" target=\"_self\"><span style=\"color:#000000;padding:6px 16px;font-size:13px;line-height:20px;border-color:#c7df7d;border-radius:5px;text-shadow:none\"><i class=\"sui sui-arrow-right\" style=\"font-size:13px;color:#000000\"><\/i>  N\u00e1bo\u017eensk\u00e9 pamiatky <\/span><\/a>\n<p><strong>Lokaliz\u00e1cia: <\/strong><a href=\"https:\/\/www.keturist.sk\/info\/okolite-hory\/volovske-vrchy\/\">Volovsk\u00e9 vrchy<\/a>, <a href=\"https:\/\/www.keturist.sk\/info\/turisticke-vychodiska\/strediska-a-centra\/stredisko-bankov\/\">Stredisko Bankov<\/a> a <a href=\"https:\/\/www.keturist.sk\/info\/vseobecne-informacie\/\">Ko\u0161ice<\/a><br \/>\n<div class=\"su-divider su-divider-style-default\" style=\"margin:15px 0;border-width:2px;border-color:#000000\"><\/div>\n<figure id=\"attachment_75122\" aria-describedby=\"caption-attachment-75122\" style=\"width: 900px\" class=\"wp-caption aligncenter\"><a href=\"https:\/\/www.keturist.sk\/info\/wp-content\/uploads\/2026\/01\/bankov-jar2.jpeg\"><img loading=\"lazy\" decoding=\"async\" class=\"wp-image-75122\" src=\"https:\/\/www.keturist.sk\/info\/wp-content\/uploads\/2026\/01\/bankov-jar2-800x447.jpeg\" alt=\"Kaplnka nanebovzatia Panny M\u00e1rie na Bankove\" width=\"900\" height=\"502\" srcset=\"https:\/\/www.keturist.sk\/info\/wp-content\/uploads\/2026\/01\/bankov-jar2-800x447.jpeg 800w, https:\/\/www.keturist.sk\/info\/wp-content\/uploads\/2026\/01\/bankov-jar2-270x151.jpeg 270w, https:\/\/www.keturist.sk\/info\/wp-content\/uploads\/2026\/01\/bankov-jar2-768x429.jpeg 768w, https:\/\/www.keturist.sk\/info\/wp-content\/uploads\/2026\/01\/bankov-jar2.jpeg 1376w\" sizes=\"auto, (max-width: 900px) 100vw, 900px\" \/><\/a><figcaption id=\"caption-attachment-75122\" class=\"wp-caption-text\">Kaplnka nanebovzatia Panny M\u00e1rie na Bankove<\/figcaption><\/figure>\n<div class=\"su-divider su-divider-style-default\" style=\"margin:15px 0;border-width:2px;border-color:#000000\"><\/div>\n<p data-path-to-node=\"4\"><b data-path-to-node=\"4\" data-index-in-node=\"0\">\u201eNiekedy tie najkraj\u0161ie poklady nen\u00e1jdete v hlu\u010dnom centre mesta, ale tam, kde \u0161um\u00ed les a zastavil sa \u010das.\u201c<\/b><\/p>\n<h2 data-path-to-node=\"5\"><span style=\"color: #800000;\">Na\u0161li ste u\u017e skryt\u00fd neogotick\u00fd drahokam v ko\u0161ick\u00fdch lesoch?<\/span><\/h2>\n<p data-path-to-node=\"6\">Vyst\u00fapil som z autobusu na kone\u010dnej zast\u00e1vke a okam\u017eite ma obklopil svie\u017ei horsk\u00fd vzduch. Sta\u010dilo p\u00e1r krokov a medzi stromami sa mi odhalil poh\u013ead ako z historick\u00e9ho rom\u00e1nu. Hoci t\u00e1to stavba pre\u017eila kru\u0161n\u00e9 \u010dasy a takmer upadla do zabudnutia, dnes v\u010faka <b data-path-to-node=\"6\" data-index-in-node=\"253\">d\u00f4kladnej rekon\u0161trukcii<\/b> op\u00e4\u0165 \u017eiari v plnej kr\u00e1se.<\/p>\n<p data-path-to-node=\"7\">Ke\u010f som prist\u00fapil k jej <b data-path-to-node=\"7\" data-index-in-node=\"24\">kovan\u00fdm mre\u017eiam<\/b>, hne\u010f ma up\u00fatali detaily <b data-path-to-node=\"7\" data-index-in-node=\"65\">neogotickej architekt\u00fary<\/b>, ktor\u00e9 by ste v tomto prostred\u00ed ne\u010dakali. Nad vchodom na m\u0148a dozerala socha <b data-path-to-node=\"7\" data-index-in-node=\"166\">patr\u00f3nky salezi\u00e1nov<\/b> a nad strechou sa k nebu t\u00fd\u010dila elegantn\u00e1 <b data-path-to-node=\"7\" data-index-in-node=\"228\">murovan\u00e1 zvonica<\/b>. Vo vzduchu bolo c\u00edti\u0165 pokoj a prem\u00fd\u0161\u013eal som nad t\u00fdm, ko\u013eko \u0161tedrosti ko\u0161ick\u00fdch mecen\u00e1\u0161ov bolo potrebn\u00fdch, aby toto dielo vzniklo.<\/p>\n<p data-path-to-node=\"8\">Ak h\u013ead\u00e1te pokojn\u00e9, historick\u00e9 miesto s duchovn\u00fdm rozmerom priamo v Ko\u0161iciach, va\u0161ou destin\u00e1ciou je <b data-path-to-node=\"8\" data-index-in-node=\"100\">Kaplnka nanebovzatia Panny M\u00e1rie na Bankove<\/b>. T\u00e1to neogotick\u00e1 perla, ukryt\u00e1 v lokalite <b data-path-to-node=\"8\" data-index-in-node=\"186\">Horn\u00fd Bankov<\/b>, pon\u00faka nielen duchovn\u00fd z\u00e1\u017eitok, ale aj architektonick\u00fd k\u00fasok hist\u00f3rie, ktor\u00fd sa oplat\u00ed spozna\u0165 bli\u017e\u0161ie.<\/p>\n<p data-path-to-node=\"9\"><b data-path-to-node=\"9\" data-index-in-node=\"0\">Chcete vedie\u0165, kto st\u00e1l za jej zrodom, ak\u00e9 tajomstv\u00e1 ukr\u00fdva jej interi\u00e9r a pre\u010do je sp\u00e4t\u00e1 so sviatkom v polovici augusta? Do\u010d\u00edtate sa v nasleduj\u00facich riadkoch.<\/b><\/p>\n<h2><span style=\"color: #800000;\">\u010co je Kaplnka nanebovzatia Panny M\u00e1rie na Bankove a ak\u00fa m\u00e1 hist\u00f3riu?<\/span><\/h2>\n<p class=\"ds-markdown-paragraph\"><strong>Kaplnka nanebovzatia Panny M\u00e1rie na Bankove<\/strong>\u00a0je neogotick\u00e1 sakr\u00e1lna stavba, postaven\u00e1 v roku 1903. Vznikla z milodarov mecen\u00e1\u0161a Michala Kalchera a ko\u0161ickej verejnosti pod\u013ea pl\u00e1nov architekta J\u00e1na Andrejku, pri\u010dom stavebn\u00e9 pr\u00e1ce viedol mur\u00e1r \u0160imon Kalinovi\u010d.<\/p>\n<p class=\"ds-markdown-paragraph\">Kaplnka bola sl\u00e1vnostne vysv\u00e4ten\u00e1 15. augusta 1903 kanonikom Ondrejom Kozorom za ve\u013ekej \u00fa\u010dasti veriacich pri pr\u00edle\u017eitosti sviatku Nanebovzatia Panny M\u00e1rie, ktor\u00e9mu je zasv\u00e4ten\u00e1. Po druhej svetovej vojne stavba ch\u00e1trala, ale jej b\u00fdval\u00fa kr\u00e1su navr\u00e1tila\u00a0<strong>d\u00f4kladn\u00e1 rekon\u0161trukcia<\/strong>\u00a0v rokoch 2000-2001. V s\u00fa\u010dasnosti sa v nej op\u00e4\u0165 pravidelne konaj\u00fa om\u0161e.<\/p>\n<h2><span style=\"color: #800000;\">Ako vyzer\u00e1 architekt\u00fara a interi\u00e9r kaplnky?<\/span><\/h2>\n<p class=\"ds-markdown-paragraph\">Kaplnka je\u00a0<strong>jednolo\u010fov\u00e1 pr\u00edzemn\u00e1 stavba<\/strong>\u00a0obd\u013a\u017enikov\u00e9ho p\u00f4dorysu s polkruhov\u00fdm z\u00e1verom. Postaven\u00e1 je z kame\u0148a a teh\u00e1l a zakryt\u00e1 plechovou strechou. Hlavn\u00e9 prie\u010delie charakterizuje trojuholn\u00edkov\u00fd \u0161t\u00edt ohrani\u010den\u00fd r\u00edmsou, zakon\u010den\u00fd klasick\u00fdm kr\u00ed\u017eom.<\/p>\n<p class=\"ds-markdown-paragraph\">Do \u0161t\u00edtu je vsaden\u00fd v\u00fdklenok edikuly so sadrovou sochou\u00a0<strong>Panny M\u00e1rie Pomocnice<\/strong>, patr\u00f3nky salezi\u00e1nov. Nad strechou sa t\u00fd\u010di mal\u00e1 murovan\u00e1 zvonica s otvorom v tvare lomen\u00e9ho obl\u00faka, v ktorej je umiestnen\u00fd zvon.<\/p>\n<p class=\"ds-markdown-paragraph\">Vstup tvor\u00ed obl\u00fakovit\u00fd port\u00e1l, ktor\u00fd r\u00e1muje a lemuje \u0161ambr\u00e1na s trojuholn\u00edkov\u00fdm zakon\u010den\u00edm. Vstupn\u00e9 otvory chr\u00e1nia\u00a0<strong>dekorat\u00edvna kovan\u00e1 mre\u017ea<\/strong>\u00a0a dreven\u00e9 dvojkr\u00eddlov\u00e9 dvere. Bo\u010dn\u00e9 steny osvet\u013euj\u00fa ve\u013ek\u00e9 okn\u00e1 v tvare lomen\u00e9ho obl\u00faka, r\u00e1movan\u00e9 \u0161ambr\u00e1nami ozdoben\u00fdmi jemn\u00fdm \u0161tukov\u00fdm dekorom v podobe \u013ealiov\u00fdch kvetov.<\/p>\n<p class=\"ds-markdown-paragraph\"><strong>Na pravej strane olt\u00e1ra je in\u0161talovan\u00e1 mramorov\u00e1 pam\u00e4tn\u00e1 tabu\u013ea s vot\u00edvnym n\u00e1pisom v ma\u010far\u010dine:\u00a0<\/strong>*&#8220;Isten dics\u00f6nseg\u00e9re \/ emeltett\u00e9k \/ Kalher Mih\u00e1ly \u00e9s T\u00e1rsai \/ a kassai t\u00e1rsadalom \/ kegyes adom\u00e1nyaib\u00f3l \/ Urunk 1903-ik esztendej\u00e9ben&#8220;*\u00a0(Na ve\u010dn\u00fa sl\u00e1vu P\u00e1na postavil Michal Kalcher a spolo\u010dn\u00edci z milodarov ko\u0161ickej verejnosti roku P\u00e1na 1903).<\/p>\n<h2><span style=\"color: #800000;\">Kde presne sa Kaplnka nanebovzatia Panny M\u00e1rie na Bankove nach\u00e1dza a ako sa tam dostanem?<\/span><\/h2>\n<p class=\"ds-markdown-paragraph\"><strong>Kaplnka nanebovzatia Panny M\u00e1rie na Bankove<\/strong>\u00a0sa nach\u00e1dza v\u00a0<strong>stredisku Bankov<\/strong>, konkr\u00e9tne v jeho \u010dasti naz\u00fdvanej\u00a0<strong>Horn\u00fd Bankov<\/strong>. Najjednoduch\u0161ie sa k nej dostanete mestskou hromadnou dopravou. Kaplnka stoj\u00ed pri kone\u010dnej zast\u00e1vke autobusovej linky \u010d. 14, \u010do zabezpe\u010duje pohodln\u00fd a priamy pr\u00edstup.<\/p>\n<h2 data-path-to-node=\"3\"><span style=\"color: #800000;\">Vedeli ste, \u017ee toto miesto ukr\u00fdva z\u00e1zra\u010dn\u00fd pr\u00edbeh u\u017e zo 16. storo\u010dia?<\/span><\/h2>\n<p data-path-to-node=\"4\">Traduje sa, \u017ee u\u017e v roku <b data-path-to-node=\"4\" data-index-in-node=\"25\">1563<\/b> sa na tomto mieste odohralo nie\u010do nev\u00eddan\u00e9. Legenda hovor\u00ed o <b data-path-to-node=\"4\" data-index-in-node=\"91\">nevidiacom mu\u017eovi<\/b>, ktor\u00e9mu sa vo sne zjavila Panna M\u00e1ria a uk\u00e1zala mu cestu hlboko do ko\u0161ick\u00fdch lesov k <b data-path-to-node=\"4\" data-index-in-node=\"194\">skryt\u00e9mu prame\u0148u<\/b>.<\/p>\n<p data-path-to-node=\"5\">Mu\u017e s ve\u013ekou pokorou putoval k prame\u0148u a ke\u010f si unaven\u00fd z\u00e1zra\u010dnou vodou umyl o\u010di, stal sa z\u00e1zrak \u2013 <b data-path-to-node=\"5\" data-index-in-node=\"99\">vr\u00e1til sa mu zrak<\/b>. Z v\u010fa\u010dnosti za svoje uzdravenie tu dal postavi\u0165 dreven\u00fd kr\u00ed\u017e, ktor\u00fd sa stal cie\u013eom mnoh\u00fdch p\u00fatnikov h\u013eadaj\u00facich pomoc.<\/p>\n<p data-path-to-node=\"6\">Hoci dne\u0161n\u00e1 <b data-path-to-node=\"6\" data-index-in-node=\"12\">neogotick\u00e1 kaplnka<\/b> bola postaven\u00e1 a\u017e o st\u00e1ro\u010dia nesk\u00f4r v\u010faka milodarom <b data-path-to-node=\"6\" data-index-in-node=\"83\">Michala Kalchera<\/b> a ko\u0161ickej verejnosti, t\u00e1to poves\u0165 dod\u00e1va cel\u00e9mu Bankovu atmosf\u00e9ru miesta, kde sa \u013eudia od nepam\u00e4ti utiekali k viere a h\u013eadali vn\u00fatorn\u00fd pokoj.<\/p>\n<h2><span style=\"color: #800000;\">Fotogal\u00e9ria<\/span><\/h2>\n<style type=\"text\/css\">\n#foogallery-gallery-73237 .fg-image { width: 200px; }<\/style>\n\t\t\t<div class=\"foogallery foogallery-container foogallery-carousel foogallery-lightbox-foogallery fg-carousel fg-ready fg-light fg-border-medium fg-round-small fg-shadow-medium fg-loading-default fg-loaded-fade-in fg-hover-semi-zoomed fg-hover-fade fg-hover-circle-plus2\" id=\"foogallery-gallery-73237\" data-foogallery=\"{&quot;item&quot;:{&quot;showCaptionTitle&quot;:true,&quot;showCaptionDescription&quot;:true},&quot;lazy&quot;:true,&quot;template&quot;:{&quot;maxItems&quot;:5,&quot;scale&quot;:0.11999999999999999555910790149937383830547332763671875,&quot;gutter&quot;:{&quot;min&quot;:-40,&quot;max&quot;:-20,&quot;unit&quot;:&quot;%&quot;},&quot;autoplay&quot;:{&quot;time&quot;:0,&quot;interaction&quot;:&quot;pause&quot;},&quot;centerOnClick&quot;:true,&quot;align&quot;:&quot;center&quot;,&quot;activePosition&quot;:&quot;center&quot;}}\" data-foogallery-lightbox=\"{&quot;thumbs&quot;:&quot;bottom&quot;,&quot;thumbsCaptions&quot;:false,&quot;thumbsBestFit&quot;:false,&quot;thumbsSmall&quot;:false,&quot;thumbsCaptionsAlign&quot;:&quot;default&quot;,&quot;info&quot;:&quot;bottom&quot;,&quot;infoVisible&quot;:true,&quot;infoOverlay&quot;:true,&quot;infoAlign&quot;:&quot;default&quot;,&quot;transition&quot;:&quot;fade&quot;,&quot;hoverButtons&quot;:false,&quot;fitMedia&quot;:false,&quot;noScrollbars&quot;:true,&quot;preserveButtonSpace&quot;:true,&quot;buttons&quot;:{&quot;fullscreen&quot;:true,&quot;info&quot;:true,&quot;thumbs&quot;:false},&quot;video&quot;:{&quot;autoPlay&quot;:true}}\" style=\"--fg-title-line-clamp: 1; --fg-description-line-clamp: 2;\" >\n\t<button type=\"button\" class=\"fg-carousel-prev\" title=\"Previous\"><\/button>\n\t<div class=\"fg-carousel-inner\">\n\t\t<div class=\"fg-carousel-center\"><\/div>\n\t\t<div class=\"fg-item fg-type-image fg-idle\"><figure class=\"fg-item-inner\"><a href=\"https:\/\/www.keturist.sk\/info\/wp-content\/uploads\/2026\/01\/bankov-maria-zima.jpeg\" data-caption-title=\"Kaplnka nanebovzatia Panny M\u00e1rie na Bankove\" data-attachment-id=\"75120\" data-type=\"image\" class=\"fg-thumb\"><span class=\"fg-image-wrap\"><img decoding=\"async\" alt=\"Kaplnka nanebovzatia Panny M\u00e1rie na Bankove\" title=\"Kaplnka nanebovzatia Panny M\u00e1rie na Bankove\" width=\"200\" height=\"200\" class=\"skip-lazy fg-image\" data-src-fg=\"https:\/\/www.keturist.sk\/info\/wp-content\/uploads\/cache\/2026\/01\/bankov-maria-zima\/1990094974.jpeg\" src=\"data:image\/svg+xml,%3Csvg%20xmlns%3D%22http%3A%2F%2Fwww.w3.org%2F2000%2Fsvg%22%20width%3D%22200%22%20height%3D%22200%22%20viewBox%3D%220%200%20200%20200%22%3E%3C%2Fsvg%3E\" loading=\"eager\"><\/span><span class=\"fg-image-overlay\"><\/span><\/a><figcaption class=\"fg-caption\"><div class=\"fg-caption-inner\"><div class=\"fg-caption-title\">Kaplnka nanebovzatia Panny M\u00e1rie na Bankove<\/div><\/div><\/figcaption><\/figure><div class=\"fg-loader\"><\/div><\/div><div class=\"fg-item fg-type-image fg-idle\"><figure class=\"fg-item-inner\"><a href=\"https:\/\/www.keturist.sk\/info\/wp-content\/uploads\/2013\/08\/Kassa_-_Bank\u00f3i_k\u00e1polna_8.jpg\" data-caption-title=\"Kaplnka nanebovzatia Panny M\u00e1rie na Bankove\" data-attachment-id=\"9419\" data-type=\"image\" class=\"fg-thumb\"><span class=\"fg-image-wrap\"><img decoding=\"async\" alt=\"Kaplnka nanebovzatia Panny M\u00e1rie na Bankove\" title=\"Kaplnka nanebovzatia Panny M\u00e1rie na Bankove\" width=\"200\" height=\"200\" class=\"skip-lazy fg-image\" data-src-fg=\"https:\/\/www.keturist.sk\/info\/wp-content\/uploads\/cache\/2013\/08\/Kassa_-_Bank\u00f3i_k\u00e1polna_8\/570669741.jpg\" src=\"data:image\/svg+xml,%3Csvg%20xmlns%3D%22http%3A%2F%2Fwww.w3.org%2F2000%2Fsvg%22%20width%3D%22200%22%20height%3D%22200%22%20viewBox%3D%220%200%20200%20200%22%3E%3C%2Fsvg%3E\" loading=\"eager\"><\/span><span class=\"fg-image-overlay\"><\/span><\/a><figcaption class=\"fg-caption\"><div class=\"fg-caption-inner\"><div class=\"fg-caption-title\">Kaplnka nanebovzatia Panny M\u00e1rie na Bankove<\/div><\/div><\/figcaption><\/figure><div class=\"fg-loader\"><\/div><\/div><div class=\"fg-item fg-type-image fg-idle\"><figure class=\"fg-item-inner\"><a href=\"https:\/\/www.keturist.sk\/info\/wp-content\/uploads\/2026\/01\/bankov-maria-jesen.jpeg\" data-caption-title=\"Kaplnka nanebovzatia Panny M\u00e1rie na Bankove\" data-attachment-id=\"75121\" data-type=\"image\" class=\"fg-thumb\"><span class=\"fg-image-wrap\"><img decoding=\"async\" alt=\"Kaplnka nanebovzatia Panny M\u00e1rie na Bankove\" title=\"Kaplnka nanebovzatia Panny M\u00e1rie na Bankove\" width=\"200\" height=\"200\" class=\"skip-lazy fg-image\" data-src-fg=\"https:\/\/www.keturist.sk\/info\/wp-content\/uploads\/cache\/2026\/01\/bankov-maria-jesen\/32537731.jpeg\" src=\"data:image\/svg+xml,%3Csvg%20xmlns%3D%22http%3A%2F%2Fwww.w3.org%2F2000%2Fsvg%22%20width%3D%22200%22%20height%3D%22200%22%20viewBox%3D%220%200%20200%20200%22%3E%3C%2Fsvg%3E\" loading=\"eager\"><\/span><span class=\"fg-image-overlay\"><\/span><\/a><figcaption class=\"fg-caption\"><div class=\"fg-caption-inner\"><div class=\"fg-caption-title\">Kaplnka nanebovzatia Panny M\u00e1rie na Bankove<\/div><\/div><\/figcaption><\/figure><div class=\"fg-loader\"><\/div><\/div><div class=\"fg-item fg-type-image fg-idle\"><figure class=\"fg-item-inner\"><a href=\"https:\/\/www.keturist.sk\/info\/wp-content\/uploads\/2026\/01\/bankov-maria-jar-1.jpeg\" data-caption-title=\"Kaplnka nanebovzatia Panny M\u00e1rie na Bankove\" data-attachment-id=\"75123\" data-type=\"image\" class=\"fg-thumb\"><span class=\"fg-image-wrap\"><img decoding=\"async\" alt=\"Kaplnka nanebovzatia Panny M\u00e1rie na Bankove\" title=\"Kaplnka nanebovzatia Panny M\u00e1rie na Bankove\" width=\"200\" height=\"200\" class=\"skip-lazy fg-image\" data-src-fg=\"https:\/\/www.keturist.sk\/info\/wp-content\/uploads\/cache\/2026\/01\/bankov-maria-jar-1\/513558357.jpeg\" src=\"data:image\/svg+xml,%3Csvg%20xmlns%3D%22http%3A%2F%2Fwww.w3.org%2F2000%2Fsvg%22%20width%3D%22200%22%20height%3D%22200%22%20viewBox%3D%220%200%20200%20200%22%3E%3C%2Fsvg%3E\" loading=\"eager\"><\/span><span class=\"fg-image-overlay\"><\/span><\/a><figcaption class=\"fg-caption\"><div class=\"fg-caption-inner\"><div class=\"fg-caption-title\">Kaplnka nanebovzatia Panny M\u00e1rie na Bankove<\/div><\/div><\/figcaption><\/figure><div class=\"fg-loader\"><\/div><\/div><div class=\"fg-item fg-type-image fg-idle\"><figure class=\"fg-item-inner\"><a href=\"https:\/\/www.keturist.sk\/info\/wp-content\/uploads\/2026\/01\/bankov-jar2.jpeg\" data-caption-title=\"Kaplnka nanebovzatia Panny M\u00e1rie na Bankove\" data-attachment-id=\"75122\" data-type=\"image\" class=\"fg-thumb\"><span class=\"fg-image-wrap\"><img decoding=\"async\" alt=\"Kaplnka nanebovzatia Panny M\u00e1rie na Bankove\" title=\"Kaplnka nanebovzatia Panny M\u00e1rie na Bankove\" width=\"200\" height=\"200\" class=\"skip-lazy fg-image\" data-src-fg=\"https:\/\/www.keturist.sk\/info\/wp-content\/uploads\/cache\/2026\/01\/bankov-jar2\/4238314836.jpeg\" src=\"data:image\/svg+xml,%3Csvg%20xmlns%3D%22http%3A%2F%2Fwww.w3.org%2F2000%2Fsvg%22%20width%3D%22200%22%20height%3D%22200%22%20viewBox%3D%220%200%20200%20200%22%3E%3C%2Fsvg%3E\" loading=\"eager\"><\/span><span class=\"fg-image-overlay\"><\/span><\/a><figcaption class=\"fg-caption\"><div class=\"fg-caption-inner\"><div class=\"fg-caption-title\">Kaplnka nanebovzatia Panny M\u00e1rie na Bankove<\/div><\/div><\/figcaption><\/figure><div class=\"fg-loader\"><\/div><\/div><div class=\"fg-item fg-type-image fg-idle\"><figure class=\"fg-item-inner\"><a href=\"https:\/\/www.keturist.sk\/info\/wp-content\/uploads\/2026\/01\/bankov-maria-burka.jpeg\" data-caption-title=\"Kaplnka nanebovzatia Panny M\u00e1rie na Bankove\" data-attachment-id=\"75124\" data-type=\"image\" class=\"fg-thumb\"><span class=\"fg-image-wrap\"><img decoding=\"async\" alt=\"Kaplnka nanebovzatia Panny M\u00e1rie na Bankove\" title=\"Kaplnka nanebovzatia Panny M\u00e1rie na Bankove\" width=\"200\" height=\"200\" class=\"skip-lazy fg-image\" data-src-fg=\"https:\/\/www.keturist.sk\/info\/wp-content\/uploads\/cache\/2026\/01\/bankov-maria-burka\/135348872.jpeg\" src=\"data:image\/svg+xml,%3Csvg%20xmlns%3D%22http%3A%2F%2Fwww.w3.org%2F2000%2Fsvg%22%20width%3D%22200%22%20height%3D%22200%22%20viewBox%3D%220%200%20200%20200%22%3E%3C%2Fsvg%3E\" loading=\"eager\"><\/span><span class=\"fg-image-overlay\"><\/span><\/a><figcaption class=\"fg-caption\"><div class=\"fg-caption-inner\"><div class=\"fg-caption-title\">Kaplnka nanebovzatia Panny M\u00e1rie na Bankove<\/div><\/div><\/figcaption><\/figure><div class=\"fg-loader\"><\/div><\/div>\t<\/div>\n\t<div class=\"fg-carousel-bottom\"><\/div>\n\t<div class=\"fg-carousel-progress\"><\/div>\n\t<button type=\"button\" class=\"fg-carousel-next\" title=\"Next\"><\/button>\n<\/div>\n<h2><span style=\"color: #800000;\">Zauj\u00edmav\u00e9 odkazy<\/span><\/h2>\n<h3><span style=\"color: #808000;\">Bl\u00edzke stredisko, turistick\u00e9 centrum, obec alebo mesto: <\/span><\/h3>\n<ul>\n<li><a href=\"https:\/\/www.keturist.sk\/info\/strediska-a-centra\/stredisko-bankov\/\">Stredisko Bankov (\u010d\u00edtaj viac&#8230;)<\/a><\/li>\n<\/ul>\n<h2><span style=\"color: #800000;\">Mapy<\/span><\/h2>\n<p><strong>Vrstvy: <\/strong>Turistick\u00e1 mapa, Automapa, Cyklomapa, Ly\u017eiarska mapa, Satelitn\u00e1 mapa a OpenStreetMap.<\/p>\n<p><strong>Kliknut\u00edm na logo &#8222;Freemap.sk&#8220; sa V\u00e1m mapa zobraz\u00ed na celej ploche obrazovky.<\/strong><\/p>\n<p><iframe style=\"width: 900px; height: 500px; border: 0;\" src=\"https:\/\/www.freemap.sk\/?map=15\/48.744481\/21.209611&amp;info-point=48.744481\/21.209611,Kaplnka nanebovzatia Panny M\u00e1rie&amp;layers=X&amp;embed=search\" allowfullscreen=\"allowfullscreen\"><span data-mce-type=\"bookmark\" style=\"display: inline-block; width: 0px; overflow: hidden; line-height: 0;\" class=\"mce_SELRES_start\">\ufeff<\/span><\/iframe><\/p>\n<h2><span style=\"color: #800000;\">Po\u010dasie<\/span><\/h2>\n<p><iframe style=\"width: 900px; height: 606px;\" src=\"https:\/\/www.meteoblue.com\/sk\/po%C4%8Dasie\/widget\/three\/bankov_slovensk%c3%a1-republika_725176?geoloc=fixed&amp;nocurrent=0&amp;noforecast=0&amp;days=5&amp;tempunit=CELSIUS&amp;windunit=KILOMETER_PER_HOUR&amp;layout=image\" frameborder=\"0\" scrolling=\"NO\" sandbox=\"allow-same-origin allow-scripts allow-popups allow-popups-to-escape-sandbox\"><\/iframe><\/p>\n<div><!-- DO NOT REMOVE THIS LINK --><a href=\"https:\/\/www.meteoblue.com\/sk\/po%C4%8Dasie\/predpove%C4%8F\/t%C3%BD%C5%BEde%C5%88\/bankov_slovensk%c3%a1-republika_725176?utm_source=weather_widget&amp;utm_medium=linkus&amp;utm_content=three&amp;utm_campaign=Weather%2BWidget\" target=\"_blank\" rel=\"noopener noreferrer\">meteoblue<\/a><\/div>\n","protected":false},"excerpt":{"rendered":"<p>Podkateg\u00f3ria: Lokaliz\u00e1cia: Volovsk\u00e9 vrchy, Stredisko Bankov a Ko\u0161ice \u201eNiekedy tie najkraj\u0161ie poklady nen\u00e1jdete v hlu\u010dnom centre mesta, ale tam, kde \u0161um\u00ed les a zastavil sa \u010das.\u201c Na\u0161li ste u\u017e skryt\u00fd [&hellip;]<\/p>\n","protected":false},"author":1,"featured_media":75122,"parent":0,"menu_order":0,"comment_status":"closed","ping_status":"closed","template":"","meta":{"_uag_custom_page_level_css":"","_monsterinsights_skip_tracking":false,"_monsterinsights_sitenote_active":false,"_monsterinsights_sitenote_note":"","_monsterinsights_sitenote_category":0,"footnotes":""},"class_list":["post-3187","page","type-page","status-publish","has-post-thumbnail","hentry"],"featured_image_src":"https:\/\/www.keturist.sk\/info\/wp-content\/uploads\/2026\/01\/bankov-jar2.jpeg","featured_image_src_square":"https:\/\/www.keturist.sk\/info\/wp-content\/uploads\/2026\/01\/bankov-jar2.jpeg","rbea_author_info":{"display_name":"admin","author_link":"https:\/\/www.keturist.sk\/info\/author\/admin\/"},"rbea_excerpt_info":"Podkateg\u00f3ria: Lokaliz\u00e1cia: Volovsk\u00e9 vrchy, Stredisko Bankov a Ko\u0161ice \u201eNiekedy tie najkraj\u0161ie poklady nen\u00e1jdete v hlu\u010dnom centre mesta, ale tam, kde \u0161um\u00ed les a zastavil sa \u010das.\u201c Na\u0161li ste u\u017e skryt\u00fd [&hellip;]","uagb_featured_image_src":{"full":["https:\/\/www.keturist.sk\/info\/wp-content\/uploads\/2026\/01\/bankov-jar2.jpeg",1376,768,false],"thumbnail":["https:\/\/www.keturist.sk\/info\/wp-content\/uploads\/2026\/01\/bankov-jar2-270x151.jpeg",270,151,true],"medium":["https:\/\/www.keturist.sk\/info\/wp-content\/uploads\/2026\/01\/bankov-jar2-800x447.jpeg",800,447,true],"medium_large":["https:\/\/www.keturist.sk\/info\/wp-content\/uploads\/2026\/01\/bankov-jar2-768x429.jpeg",768,429,true],"large":["https:\/\/www.keturist.sk\/info\/wp-content\/uploads\/2026\/01\/bankov-jar2.jpeg",1376,768,false],"1536x1536":["https:\/\/www.keturist.sk\/info\/wp-content\/uploads\/2026\/01\/bankov-jar2.jpeg",1376,768,false],"2048x2048":["https:\/\/www.keturist.sk\/info\/wp-content\/uploads\/2026\/01\/bankov-jar2.jpeg",1376,768,false]},"uagb_author_info":{"display_name":"admin","author_link":"https:\/\/www.keturist.sk\/info\/author\/admin\/"},"uagb_comment_info":0,"uagb_excerpt":"Podkateg\u00f3ria: Lokaliz\u00e1cia: Volovsk\u00e9 vrchy, Stredisko Bankov a Ko\u0161ice \u201eNiekedy tie najkraj\u0161ie poklady nen\u00e1jdete v hlu\u010dnom centre mesta, ale tam, kde \u0161um\u00ed les a zastavil sa \u010das.\u201c Na\u0161li ste u\u017e skryt\u00fd [&hellip;]","_links":{"self":[{"href":"https:\/\/www.keturist.sk\/info\/wp-json\/wp\/v2\/pages\/3187","targetHints":{"allow":["GET"]}}],"collection":[{"href":"https:\/\/www.keturist.sk\/info\/wp-json\/wp\/v2\/pages"}],"about":[{"href":"https:\/\/www.keturist.sk\/info\/wp-json\/wp\/v2\/types\/page"}],"author":[{"embeddable":true,"href":"https:\/\/www.keturist.sk\/info\/wp-json\/wp\/v2\/users\/1"}],"replies":[{"embeddable":true,"href":"https:\/\/www.keturist.sk\/info\/wp-json\/wp\/v2\/comments?post=3187"}],"version-history":[{"count":9,"href":"https:\/\/www.keturist.sk\/info\/wp-json\/wp\/v2\/pages\/3187\/revisions"}],"predecessor-version":[{"id":75128,"href":"https:\/\/www.keturist.sk\/info\/wp-json\/wp\/v2\/pages\/3187\/revisions\/75128"}],"wp:featuredmedia":[{"embeddable":true,"href":"https:\/\/www.keturist.sk\/info\/wp-json\/wp\/v2\/media\/75122"}],"wp:attachment":[{"href":"https:\/\/www.keturist.sk\/info\/wp-json\/wp\/v2\/media?parent=3187"}],"curies":[{"name":"wp","href":"https:\/\/api.w.org\/{rel}","templated":true}]}}