{"id":3115,"date":"2016-11-03T12:05:17","date_gmt":"2016-11-03T11:05:17","guid":{"rendered":"https:\/\/www.keturist.sk\/info\/?page_id=3115"},"modified":"2026-03-26T07:23:15","modified_gmt":"2026-03-26T06:23:15","slug":"stolna-breuner-v-zlatej-idke","status":"publish","type":"page","link":"https:\/\/www.keturist.sk\/info\/stolna-breuner-v-zlatej-idke\/","title":{"rendered":"\u0160t\u00f4l\u0148a Breuner  v Zlatej Idke"},"content":{"rendered":"<a href=\"https:\/\/www.keturist.sk\/info\/\" class=\"su-button su-button-style-default\" style=\"color:#000000;background-color:#FFCF2F;border-color:#cca626;border-radius:5px\" target=\"_self\"><span style=\"color:#000000;padding:6px 16px;font-size:13px;line-height:20px;border-color:#ffde6e;border-radius:5px;text-shadow:none\"><i class=\"sui sui-arrow-right\" style=\"font-size:13px;color:#000000\"><\/i>  Spravodaj <\/span><\/a>\n<a href=\"https:\/\/www.keturist.sk\/info\/kam-za-pamiatkami\/\" class=\"su-button su-button-style-default\" style=\"color:#000000;background-color:#FFCF2F;border-color:#cca626;border-radius:5px\" target=\"_self\"><span style=\"color:#000000;padding:6px 16px;font-size:13px;line-height:20px;border-color:#ffde6e;border-radius:5px;text-shadow:none\"><i class=\"sui sui-arrow-right\" style=\"font-size:13px;color:#000000\"><\/i>  Kam za pamiatkami <\/span><\/a>\n<a href=\"https:\/\/www.keturist.sk\/info\/kam-za-pamiatkami\/kam-za-pamiatkami-smer-volovske-vrchy\/\" class=\"su-button su-button-style-default\" style=\"color:#000000;background-color:#FFCF2F;border-color:#cca626;border-radius:5px\" target=\"_self\"><span style=\"color:#000000;padding:6px 16px;font-size:13px;line-height:20px;border-color:#ffde6e;border-radius:5px;text-shadow:none\"><i class=\"sui sui-arrow-right\" style=\"font-size:13px;color:#000000\"><\/i>  smer Volovsk\u00e9 vrchy <\/span><\/a>\n<div class=\"su-divider su-divider-style-default\" style=\"margin:15px 0;border-width:0px;border-color:#000000\"><\/div>\n<strong>Podkateg\u00f3ria: <\/strong> <a href=\"https:\/\/www.keturist.sk\/info\/kam-za-pamiatkami\/kam-za-pamiatkami-smer-volovske-vrchy\/technicke-pamiatky\/\" class=\"su-button su-button-style-default\" style=\"color:#000000;background-color:#afd144;border-color:#8ca837;border-radius:5px\" target=\"_self\"><span style=\"color:#000000;padding:6px 16px;font-size:13px;line-height:20px;border-color:#c7df7d;border-radius:5px;text-shadow:none\"><i class=\"sui sui-arrow-right\" style=\"font-size:13px;color:#000000\"><\/i>  Technick\u00e9 pamiatky <\/span><\/a>\n<p><strong>Lokaliz\u00e1cia: <\/strong><a href=\"https:\/\/www.keturist.sk\/info\/okolite-hory\/volovske-vrchy\/\">Volovsk\u00e9 vrchy<\/a><\/p>\n<div class=\"su-divider su-divider-style-default\" style=\"margin:15px 0;border-width:2px;border-color:#000000\"><\/div>\n<figure id=\"attachment_74775\" aria-describedby=\"caption-attachment-74775\" style=\"width: 900px\" class=\"wp-caption aligncenter\"><a href=\"https:\/\/www.keturist.sk\/info\/wp-content\/uploads\/2026\/03\/breuner1.jpeg\"><img loading=\"lazy\" decoding=\"async\" class=\"wp-image-74775\" src=\"https:\/\/www.keturist.sk\/info\/wp-content\/uploads\/2026\/03\/breuner1-800x447.jpeg\" alt=\"\u0160t\u00f4l\u0148a Breuner v Zlatej Idke\" width=\"900\" height=\"502\" srcset=\"https:\/\/www.keturist.sk\/info\/wp-content\/uploads\/2026\/03\/breuner1-800x447.jpeg 800w, https:\/\/www.keturist.sk\/info\/wp-content\/uploads\/2026\/03\/breuner1-270x151.jpeg 270w, https:\/\/www.keturist.sk\/info\/wp-content\/uploads\/2026\/03\/breuner1-768x429.jpeg 768w, https:\/\/www.keturist.sk\/info\/wp-content\/uploads\/2026\/03\/breuner1.jpeg 1376w\" sizes=\"auto, (max-width: 900px) 100vw, 900px\" \/><\/a><figcaption id=\"caption-attachment-74775\" class=\"wp-caption-text\">\u0160t\u00f4l\u0148a Breuner v Zlatej Idke<\/figcaption><\/figure>\n<div class=\"su-divider su-divider-style-default\" style=\"margin:15px 0;border-width:2px;border-color:#000000\"><\/div>\n<h2 data-path-to-node=\"1\"><span style=\"color: #800000;\">Zastaven\u00fd \u010das v srdci zeme: \u0160t\u00f4l\u0148a Breuner v Zlatej Idke odkr\u00fdva svoje tajomstvo<\/span><\/h2>\n<p data-path-to-node=\"2\">Predstavte si, \u017ee kr\u00e1\u010date po lesnej ceste, kde sa ticho h\u00f4r mie\u0161a s ozvenami d\u00e1vnych \u00faderov klad\u00edv. Zrazu sa pred vami z hust\u00e9ho porastu vynor\u00ed monument\u00e1lny <b data-path-to-node=\"2\" data-index-in-node=\"157\">kamenn\u00fd port\u00e1l<\/b>, br\u00e1na do podzemia, ktor\u00e1 pre\u017eila storo\u010dia a pam\u00e4t\u00e1 \u010dasy, ke\u010f sa v h\u013abkach <b data-path-to-node=\"2\" data-index-in-node=\"247\">Zlatej Idky<\/b> trblietalo r\u00fddze striebro. <b data-path-to-node=\"2\" data-index-in-node=\"286\">\u0160t\u00f4l\u0148a Breuner v Zlatej Idke<\/b> nie je len dierou v skale; je to fascinuj\u00faci stroj \u010dasu, ktor\u00fd v\u00e1s jedin\u00fdm poh\u013eadom vtiahne do \u00e9ry neohrozen\u00fdch ban\u00edkov a technick\u00e9ho majstrovstva, ktor\u00e9 dodnes vyr\u00e1\u017ea dych.<\/p>\n<h2 data-path-to-node=\"4\"><span style=\"color: #800000;\">\u010c\u00edm je \u0160t\u00f4l\u0148a Breuner v Zlatej Idke v\u00fdnimo\u010dn\u00e1?<\/span><\/h2>\n<p data-path-to-node=\"5\"><b data-path-to-node=\"5\" data-index-in-node=\"0\">\u0160t\u00f4l\u0148a Breuner v Zlatej Idke<\/b> predstavuje unik\u00e1tny <b data-path-to-node=\"5\" data-index-in-node=\"50\">pamiatkovo chr\u00e1nen\u00fd objekt<\/b>, ktor\u00fd je pr\u00e1voplatne zap\u00edsan\u00fd v <b data-path-to-node=\"5\" data-index-in-node=\"110\">\u00dastrednom zozname pamiatok Slovenska<\/b> pod eviden\u010dn\u00fdm \u010d\u00edslom 4388. V kontexte slovensk\u00e9ho ban\u00edctva ide o <b data-path-to-node=\"5\" data-index-in-node=\"213\">pomerne vz\u00e1cny objekt<\/b>, ktor\u00e9ho hodnotu reprezentuje najm\u00e4 estetick\u00fd <b data-path-to-node=\"5\" data-index-in-node=\"281\">kamenn\u00fd port\u00e1l<\/b> a zachovan\u00e1 <b data-path-to-node=\"5\" data-index-in-node=\"308\">vstupn\u00e1 \u010das\u0165<\/b>. Vzh\u013eadom na to, \u017ee ide o <b data-path-to-node=\"5\" data-index-in-node=\"347\">jedin\u00e9 ve\u013emi dobre zachovan\u00e9 dielo<\/b> svojho druhu v celom tomto <b data-path-to-node=\"5\" data-index-in-node=\"409\">rudnom rev\u00edri<\/b>, je nevyhnutn\u00e9 venova\u0165 mu v nasleduj\u00facom obdob\u00ed <b data-path-to-node=\"5\" data-index-in-node=\"471\">zv\u00fd\u0161en\u00fa pozornos\u0165<\/b> a starostlivos\u0165.<\/p>\n<h2 data-path-to-node=\"6\"><span style=\"color: #800000;\">\u010co znamen\u00e1, \u017ee \u0160t\u00f4l\u0148a Breuner bola hlavn\u00e9 otv\u00e1rkov\u00e9 dielo?<\/span><\/h2>\n<p data-path-to-node=\"7\">V odbornom n\u00e1zvoslov\u00ed sa <b data-path-to-node=\"7\" data-index-in-node=\"25\">\u0160t\u00f4l\u0148a Breuner<\/b> definuje ako <b data-path-to-node=\"7\" data-index-in-node=\"53\">hlavn\u00e9 otv\u00e1rkov\u00e9, dopravn\u00e9 a odvod\u0148ovacie bansk\u00e9 dielo<\/b> cel\u00e9ho <b data-path-to-node=\"7\" data-index-in-node=\"115\">z\u00e1padn\u00e9ho rev\u00edru<\/b>. Pojem <b data-path-to-node=\"7\" data-index-in-node=\"139\">otv\u00e1rkov\u00e9 dielo<\/b> ozna\u010duje k\u013e\u00fa\u010dov\u00fa funkciu \u0161t\u00f4lne, ktor\u00e1 sl\u00fa\u017eila na prvotn\u00e9 <b data-path-to-node=\"7\" data-index-in-node=\"213\">spr\u00edstupnenie lo\u017eiska<\/b> a prepojenie podzemn\u00fdch \u017e\u00edl s povrchom. Jej hist\u00f3ria sa za\u010dala p\u00edsa\u0165 v <b data-path-to-node=\"7\" data-index-in-node=\"306\">40. rokoch 19. storo\u010dia<\/b>, kedy bola ofici\u00e1lne zalo\u017een\u00e1. Tento technick\u00fd unik\u00e1t sl\u00fa\u017eil nielen na <b data-path-to-node=\"7\" data-index-in-node=\"401\">transport vy\u0165a\u017eenej rudy<\/b>, ale zabezpe\u010doval aj \u017eivotne d\u00f4le\u017eit\u00e9 <b data-path-to-node=\"7\" data-index-in-node=\"464\">odvod\u0148ovanie podzemn\u00fdch priestorov<\/b>, \u010d\u00edm umo\u017e\u0148oval bezpe\u010dn\u00fa pr\u00e1cu v hlb\u0161\u00edch \u010dastiach bane.<\/p>\n<h2 data-path-to-node=\"8\"><span style=\"color: #800000;\">Kde presne sa nach\u00e1dza \u0160t\u00f4l\u0148a Breuner a ako sa k nej dosta\u0165?<\/span><\/h2>\n<p data-path-to-node=\"9\">Lokaliz\u00e1cia tohto miesta je pre turistov ve\u013emi priazniv\u00e1, nako\u013eko sa <b data-path-to-node=\"9\" data-index-in-node=\"69\">\u00fastie \u0161t\u00f4lne<\/b> nach\u00e1dza v nadmorskej v\u00fd\u0161ke pribli\u017ene <b data-path-to-node=\"9\" data-index-in-node=\"120\">630 m n. m.<\/b>, situovan\u00e9 tesne pod <b data-path-to-node=\"9\" data-index-in-node=\"153\">bo\u010dnou dolinkou Sandrov\u00e1<\/b>. <b data-path-to-node=\"9\" data-index-in-node=\"179\">\u0160t\u00f4l\u0148a Breuner<\/b> le\u017e\u00ed v bezprostrednej bl\u00edzkosti komunik\u00e1cie, ktor\u00e1 smeruje k zn\u00e1memu <b data-path-to-node=\"9\" data-index-in-node=\"263\">ly\u017eiarskemu stredisku<\/b> v obci <b data-path-to-node=\"9\" data-index-in-node=\"292\">Zlat\u00e1 Idka<\/b>. Pre presn\u00fa navig\u00e1ciu m\u00f4\u017eete vyu\u017ei\u0165 <b data-path-to-node=\"9\" data-index-in-node=\"339\">GPS s\u00faradnice<\/b> pribli\u017ene <b data-path-to-node=\"9\" data-index-in-node=\"363\">48.7416300, 21.0205363<\/b>, ktor\u00e9 v\u00e1s doved\u00fa k <b data-path-to-node=\"9\" data-index-in-node=\"406\">zachovan\u00e9mu kamenn\u00e9mu port\u00e1lu<\/b> s mimoriadne <b data-path-to-node=\"9\" data-index-in-node=\"449\">jednoduch\u00fdm pr\u00edstupom<\/b> priamo z cesty.<\/p>\n<h2 data-path-to-node=\"10\"><span style=\"color: #800000;\">Ak\u00e1 je hist\u00f3ria \u0165a\u017eby a rozkvetu ban\u00edctva v tejto lokalite?<\/span><\/h2>\n<p data-path-to-node=\"11\">Najv\u00fdraznej\u0161\u00ed <b data-path-to-node=\"11\" data-index-in-node=\"14\">rozkvet zlatoidsk\u00e9ho ban\u00edctva<\/b> nastal v rozmedz\u00ed rokov <b data-path-to-node=\"11\" data-index-in-node=\"68\">1800 \u2013 1925<\/b>, kedy sa miestna produkcia orientovala prim\u00e1rne na <b data-path-to-node=\"11\" data-index-in-node=\"131\">\u0165a\u017ebu striebra<\/b>. S postupn\u00fdm a prirodzen\u00fdm <b data-path-to-node=\"11\" data-index-in-node=\"173\">vy\u010derp\u00e1van\u00edm z\u00e1sob<\/b> drah\u00e9ho kovu sa v\u0161ak <b data-path-to-node=\"11\" data-index-in-node=\"213\">produkcia striebra<\/b> dramaticky obmedzovala, a\u017e k\u00fdm nedo\u0161lo k jej \u00fapln\u00e9mu zastaveniu. Po\u010das kritick\u00e9ho obdobia <b data-path-to-node=\"11\" data-index-in-node=\"322\">prvej svetovej vojny<\/b> sa preto ban\u00edcka aktivita preorientovala a s\u00fastredila na strategick\u00e9 <b data-path-to-node=\"11\" data-index-in-node=\"412\">antim\u00f3nov\u00e9 rudy<\/b>.<\/p>\n<h2 data-path-to-node=\"12\"><span style=\"color: #800000;\">\u010co sa dialo s bansk\u00fdmi dielami po roku 1925?<\/span><\/h2>\n<p data-path-to-node=\"13\">Zlomov\u00fd bod nastal po roku <b data-path-to-node=\"13\" data-index-in-node=\"27\">1925<\/b>, kedy bola <b data-path-to-node=\"13\" data-index-in-node=\"43\">\u0165a\u017eba definit\u00edvne zastaven\u00e1<\/b> a v\u00e4\u010d\u0161ina bansk\u00fdch diel pre\u0161la procesom likvid\u00e1cie. Nov\u00e1 kapitola sa otvorila po roku <b data-path-to-node=\"13\" data-index-in-node=\"157\">1939<\/b>, v \u010dase, ke\u010f <b data-path-to-node=\"13\" data-index-in-node=\"175\">Zlat\u00e1 Idka<\/b> administrat\u00edvne patrila pod <b data-path-to-node=\"13\" data-index-in-node=\"214\">Ma\u010farsk\u00e9 kr\u00e1\u013eovstvo<\/b> a bola op\u00e4tovne <b data-path-to-node=\"13\" data-index-in-node=\"250\">obnoven\u00e1 \u010dinnos\u0165<\/b> na k\u013e\u00fa\u010dov\u00fdch \u00fasekoch, medzi ktor\u00e9 patrili \u0161t\u00f4lne <b data-path-to-node=\"13\" data-index-in-node=\"316\">Breuner, Ludovika a Hauser<\/b>. Napriek vynalo\u017een\u00e9mu \u00fasiliu v\u0161ak tieto pokusy nepriniesli \u017eiadne <b data-path-to-node=\"13\" data-index-in-node=\"409\">pozoruhodnej\u0161ie v\u00fdsledky<\/b> a o\u010dak\u00e1van\u00fd \u00faspech sa nedostavil.<\/p>\n<h2 data-path-to-node=\"14\"><span style=\"color: #800000;\">Ak\u00fd bol povojnov\u00fd osud \u0160t\u00f4lne Breuner?<\/span><\/h2>\n<p data-path-to-node=\"15\">Ani po roku <b data-path-to-node=\"15\" data-index-in-node=\"12\">1948<\/b> neut\u00edchol z\u00e1ujem o t\u00fato oblas\u0165, pri\u010dom sa tu realizovali rozsiahle <b data-path-to-node=\"15\" data-index-in-node=\"84\">geologick\u00e9 pr\u00e1ce<\/b> zameran\u00e9 na prieskum podlo\u017eia. \u017dia\u013e, ani t\u00fdmito odborn\u00fdmi aktivitami sa hospod\u00e1rska <b data-path-to-node=\"15\" data-index-in-node=\"185\">perspekt\u00edva oblasti<\/b> nepotvrdila, \u010d\u00edm sa \u00e9ra akt\u00edvneho vyu\u017e\u00edvania podzemia uzavrela. Dnes tak <b data-path-to-node=\"15\" data-index-in-node=\"278\">\u0160t\u00f4l\u0148a Breuner<\/b>, nach\u00e1dzaj\u00faca sa v obci <b data-path-to-node=\"15\" data-index-in-node=\"317\">Zlat\u00e1 Idka<\/b> pri ceste k ly\u017eiarskemu stredisku, ost\u00e1va predov\u0161etk\u00fdm vz\u00e1cnym <b data-path-to-node=\"15\" data-index-in-node=\"391\">technick\u00fdm pam\u00e4tn\u00edkom<\/b> v dolinke <b data-path-to-node=\"15\" data-index-in-node=\"423\">Sandrov\u00e1<\/b>.<\/p>\n<h2 data-path-to-node=\"17\"><span style=\"color: #800000;\">Tajomstvo ukryt\u00e9 v kamennom port\u00e1li Zlatej Idky<\/span><\/h2>\n<p data-path-to-node=\"18\">N\u00e1v\u0161teva tohto miesta nie je len kr\u00e1tkou zast\u00e1vkou pri ceste, ale skuto\u010dn\u00fdm dotykom s <b data-path-to-node=\"18\" data-index-in-node=\"86\">bohatou ban\u00edckou hist\u00f3riou<\/b> v\u00fdchodn\u00e9ho Slovenska. Autentick\u00fd <b data-path-to-node=\"18\" data-index-in-node=\"146\">kamenn\u00fd port\u00e1l<\/b> pon\u00faka jedine\u010dn\u00fa pr\u00edle\u017eitos\u0165 vidie\u0165 remeseln\u00fa zru\u010dnos\u0165 star\u00fdch majstrov na vlastn\u00e9 o\u010di. V\u010faka nen\u00e1ro\u010dn\u00e9mu pr\u00edstupu je t\u00e1to <b data-path-to-node=\"18\" data-index-in-node=\"284\">pamiatka<\/b> ide\u00e1lnym cie\u013eom pre rodiny s de\u0165mi i fan\u00fa\u0161ikov technick\u00fdch pamiatok. Okolie <b data-path-to-node=\"18\" data-index-in-node=\"369\">Zlatej Idky<\/b> navy\u0161e poskytuje n\u00e1dhern\u00e9 pr\u00edrodn\u00e9 scen\u00e9rie, ktor\u00e9 umoc\u0148uj\u00fa z\u00e1\u017eitok z objavovania banskej minulosti. <b data-path-to-node=\"18\" data-index-in-node=\"482\">\u0160t\u00f4l\u0148a Breuner<\/b> tak ost\u00e1va tich\u00fdm, ale vzne\u0161en\u00fdm str\u00e1\u017ecom pr\u00edbehov o striebre, ktor\u00e9 kedysi formovalo tento kraj.<\/p>\n<h2 data-path-to-node=\"18\"><span style=\"color: #800000;\">Fotogal\u00e9ria<\/span><\/h2>\n<p data-path-to-node=\"18\"><style type=\"text\/css\">\n#foogallery-gallery-74772 .fg-image { width: 200px; }<\/style>\n\t\t\t<div class=\"foogallery foogallery-container foogallery-carousel foogallery-lightbox-foogallery fg-carousel fg-ready fg-light fg-border-medium fg-round-small fg-shadow-medium fg-loading-default fg-loaded-fade-in fg-hover-semi-zoomed fg-hover-fade fg-hover-circle-plus2\" id=\"foogallery-gallery-74772\" data-foogallery=\"{&quot;item&quot;:{&quot;showCaptionTitle&quot;:true,&quot;showCaptionDescription&quot;:true},&quot;lazy&quot;:true,&quot;template&quot;:{&quot;maxItems&quot;:5,&quot;scale&quot;:0.11999999999999999555910790149937383830547332763671875,&quot;gutter&quot;:{&quot;min&quot;:-40,&quot;max&quot;:-20,&quot;unit&quot;:&quot;%&quot;},&quot;autoplay&quot;:{&quot;time&quot;:0,&quot;interaction&quot;:&quot;pause&quot;},&quot;centerOnClick&quot;:true,&quot;align&quot;:&quot;center&quot;,&quot;activePosition&quot;:&quot;center&quot;}}\" data-foogallery-lightbox=\"{&quot;thumbs&quot;:&quot;bottom&quot;,&quot;thumbsCaptions&quot;:false,&quot;thumbsBestFit&quot;:false,&quot;thumbsSmall&quot;:false,&quot;thumbsCaptionsAlign&quot;:&quot;default&quot;,&quot;info&quot;:&quot;bottom&quot;,&quot;infoVisible&quot;:true,&quot;infoOverlay&quot;:true,&quot;infoAlign&quot;:&quot;default&quot;,&quot;transition&quot;:&quot;fade&quot;,&quot;hoverButtons&quot;:false,&quot;fitMedia&quot;:false,&quot;noScrollbars&quot;:true,&quot;preserveButtonSpace&quot;:true,&quot;buttons&quot;:{&quot;fullscreen&quot;:true,&quot;info&quot;:true,&quot;thumbs&quot;:false},&quot;video&quot;:{&quot;autoPlay&quot;:true}}\" style=\"--fg-title-line-clamp: 1; --fg-description-line-clamp: 2;\" >\n\t<button type=\"button\" class=\"fg-carousel-prev\" title=\"Previous\"><\/button>\n\t<div class=\"fg-carousel-inner\">\n\t\t<div class=\"fg-carousel-center\"><\/div>\n\t\t<div class=\"fg-item fg-type-image fg-idle\"><figure class=\"fg-item-inner\"><a href=\"https:\/\/www.keturist.sk\/info\/wp-content\/uploads\/2026\/03\/breuner3.jpeg\" data-attachment-id=\"74773\" data-type=\"image\" class=\"fg-thumb\"><span class=\"fg-image-wrap\"><img decoding=\"async\" alt=\"\u0160t\u00f4l\u0148a Breuner v Zlatej Idke\" width=\"200\" height=\"200\" class=\"skip-lazy fg-image\" data-src-fg=\"https:\/\/www.keturist.sk\/info\/wp-content\/uploads\/cache\/2026\/03\/breuner3\/3468174187.jpeg\" src=\"data:image\/svg+xml,%3Csvg%20xmlns%3D%22http%3A%2F%2Fwww.w3.org%2F2000%2Fsvg%22%20width%3D%22200%22%20height%3D%22200%22%20viewBox%3D%220%200%20200%20200%22%3E%3C%2Fsvg%3E\" loading=\"eager\"><\/span><span class=\"fg-image-overlay\"><\/span><\/a><\/figure><div class=\"fg-loader\"><\/div><\/div><div class=\"fg-item fg-type-image fg-idle\"><figure class=\"fg-item-inner\"><a href=\"https:\/\/www.keturist.sk\/info\/wp-content\/uploads\/2026\/03\/breuner2.jpeg\" data-attachment-id=\"74774\" data-type=\"image\" class=\"fg-thumb\"><span class=\"fg-image-wrap\"><img decoding=\"async\" alt=\"\u0160t\u00f4l\u0148a Breuner v Zlatej Idke\" width=\"200\" height=\"200\" class=\"skip-lazy fg-image\" data-src-fg=\"https:\/\/www.keturist.sk\/info\/wp-content\/uploads\/cache\/2026\/03\/breuner2\/3373785892.jpeg\" src=\"data:image\/svg+xml,%3Csvg%20xmlns%3D%22http%3A%2F%2Fwww.w3.org%2F2000%2Fsvg%22%20width%3D%22200%22%20height%3D%22200%22%20viewBox%3D%220%200%20200%20200%22%3E%3C%2Fsvg%3E\" loading=\"eager\"><\/span><span class=\"fg-image-overlay\"><\/span><\/a><\/figure><div class=\"fg-loader\"><\/div><\/div><div class=\"fg-item fg-type-image fg-idle\"><figure class=\"fg-item-inner\"><a href=\"https:\/\/www.keturist.sk\/info\/wp-content\/uploads\/2026\/03\/breuner1.jpeg\" data-caption-title=\"\u0160t\u00f4l\u0148a Breuner  v Zlatej Idke\" data-attachment-id=\"74775\" data-type=\"image\" class=\"fg-thumb\"><span class=\"fg-image-wrap\"><img decoding=\"async\" alt=\"\u0160t\u00f4l\u0148a Breuner v Zlatej Idke\" title=\"\u0160t\u00f4l\u0148a Breuner  v Zlatej Idke\" width=\"200\" height=\"200\" class=\"skip-lazy fg-image\" data-src-fg=\"https:\/\/www.keturist.sk\/info\/wp-content\/uploads\/cache\/2026\/03\/breuner1\/641035314.jpeg\" src=\"data:image\/svg+xml,%3Csvg%20xmlns%3D%22http%3A%2F%2Fwww.w3.org%2F2000%2Fsvg%22%20width%3D%22200%22%20height%3D%22200%22%20viewBox%3D%220%200%20200%20200%22%3E%3C%2Fsvg%3E\" loading=\"eager\"><\/span><span class=\"fg-image-overlay\"><\/span><\/a><figcaption class=\"fg-caption\"><div class=\"fg-caption-inner\"><div class=\"fg-caption-title\">\u0160t\u00f4l\u0148a Breuner  v Zlatej Idke<\/div><\/div><\/figcaption><\/figure><div class=\"fg-loader\"><\/div><\/div>\t<\/div>\n\t<div class=\"fg-carousel-bottom\"><\/div>\n\t<div class=\"fg-carousel-progress\"><\/div>\n\t<button type=\"button\" class=\"fg-carousel-next\" title=\"Next\"><\/button>\n<\/div>\n<h2 data-path-to-node=\"18\"><span style=\"color: #800000;\">Zauj\u00edmav\u00e9 odkazy<\/span><\/h2>\n<h3><span style=\"color: #808000;\">Bl\u00edzke stredisko, turistick\u00e9 centrum, obec alebo mesto<\/span><\/h3>\n<ul>\n<li><a href=\"https:\/\/www.keturist.sk\/info\/smer-volovske-vrchy\/obec-zlata-idka\/\">Obec Zlat\u00e1 Idka (\u010d\u00edtaj viac&#8230;)<\/a><\/li>\n<\/ul>\n<h2><span style=\"color: #800000;\">Mapy<\/span><\/h2>\n<p><strong>Vrstvy: <\/strong>Turistick\u00e1 mapa, Automapa, Cyklomapa, Ly\u017eiarska mapa, Satelitn\u00e1 mapa a OpenStreetMap.<\/p>\n<p><strong>Kliknut\u00edm na logo &#8222;Freemap.sk&#8220; sa V\u00e1m mapa zobraz\u00ed na celej ploche obrazovky.<\/strong><\/p>\n<p><iframe style=\"width: 900px; height: 500px; border: 0;\" src=\"https:\/\/www.freemap.sk\/?map=14\/48.754695\/20.992840&amp;info-point=48.754695\/20.992840,\u0160t\u00f4l\u0148a Breuner v Zlatej Idke&amp;layers=X&amp;embed=search\" allowfullscreen=\"allowfullscreen\"><\/iframe><\/p>\n<h2><span style=\"color: #800000;\">Po\u010dasie<\/span><\/h2>\n<p><iframe style=\"width: 900px; height: 605px;\" src=\"https:\/\/www.meteoblue.com\/sk\/po%C4%8Dasie\/widget\/three\/zlat%c3%a1-idka_slovensk%c3%a1-republika_723057?geoloc=fixed&amp;nocurrent=0&amp;noforecast=0&amp;days=5&amp;tempunit=CELSIUS&amp;windunit=KILOMETER_PER_HOUR&amp;layout=image\" frameborder=\"0\" scrolling=\"NO\" sandbox=\"allow-same-origin allow-scripts allow-popups allow-popups-to-escape-sandbox\"><\/iframe><\/p>\n<div><!-- DO NOT REMOVE THIS LINK --><a href=\"https:\/\/www.meteoblue.com\/sk\/po%C4%8Dasie\/predpove%C4%8F\/t%C3%BD%C5%BEde%C5%88\/zlat%c3%a1-idka_slovensk%c3%a1-republika_723057?utm_source=weather_widget&amp;utm_medium=linkus&amp;utm_content=three&amp;utm_campaign=Weather%2BWidget\" target=\"_blank\" rel=\"noopener noreferrer\">meteoblue<\/a><\/div>\n<p><strong>Zdroj inform\u00e1ci\u00ed + foto : <\/strong><a href=\"http:\/\/www.zlataidka.sk\" target=\"_blank\" rel=\"noopener noreferrer\">www.zlataidka.sk<\/a><\/p>\n","protected":false},"excerpt":{"rendered":"<p>Podkateg\u00f3ria: Lokaliz\u00e1cia: Volovsk\u00e9 vrchy Zastaven\u00fd \u010das v srdci zeme: \u0160t\u00f4l\u0148a Breuner v Zlatej Idke odkr\u00fdva svoje tajomstvo Predstavte si, \u017ee kr\u00e1\u010date po lesnej ceste, kde sa ticho h\u00f4r mie\u0161a s [&hellip;]<\/p>\n","protected":false},"author":1,"featured_media":74775,"parent":0,"menu_order":0,"comment_status":"closed","ping_status":"closed","template":"","meta":{"_uag_custom_page_level_css":"","_monsterinsights_skip_tracking":false,"_monsterinsights_sitenote_active":false,"_monsterinsights_sitenote_note":"","_monsterinsights_sitenote_category":0,"footnotes":""},"class_list":["post-3115","page","type-page","status-publish","has-post-thumbnail","hentry"],"featured_image_src":"https:\/\/www.keturist.sk\/info\/wp-content\/uploads\/2026\/03\/breuner1.jpeg","featured_image_src_square":"https:\/\/www.keturist.sk\/info\/wp-content\/uploads\/2026\/03\/breuner1.jpeg","rbea_author_info":{"display_name":"admin","author_link":"https:\/\/www.keturist.sk\/info\/author\/admin\/"},"rbea_excerpt_info":"Podkateg\u00f3ria: Lokaliz\u00e1cia: Volovsk\u00e9 vrchy Zastaven\u00fd \u010das v srdci zeme: \u0160t\u00f4l\u0148a Breuner v Zlatej Idke odkr\u00fdva svoje tajomstvo Predstavte si, \u017ee kr\u00e1\u010date po lesnej ceste, kde sa ticho h\u00f4r mie\u0161a s [&hellip;]","uagb_featured_image_src":{"full":["https:\/\/www.keturist.sk\/info\/wp-content\/uploads\/2026\/03\/breuner1.jpeg",1376,768,false],"thumbnail":["https:\/\/www.keturist.sk\/info\/wp-content\/uploads\/2026\/03\/breuner1-270x151.jpeg",270,151,true],"medium":["https:\/\/www.keturist.sk\/info\/wp-content\/uploads\/2026\/03\/breuner1-800x447.jpeg",800,447,true],"medium_large":["https:\/\/www.keturist.sk\/info\/wp-content\/uploads\/2026\/03\/breuner1-768x429.jpeg",768,429,true],"large":["https:\/\/www.keturist.sk\/info\/wp-content\/uploads\/2026\/03\/breuner1.jpeg",1376,768,false],"1536x1536":["https:\/\/www.keturist.sk\/info\/wp-content\/uploads\/2026\/03\/breuner1.jpeg",1376,768,false],"2048x2048":["https:\/\/www.keturist.sk\/info\/wp-content\/uploads\/2026\/03\/breuner1.jpeg",1376,768,false]},"uagb_author_info":{"display_name":"admin","author_link":"https:\/\/www.keturist.sk\/info\/author\/admin\/"},"uagb_comment_info":0,"uagb_excerpt":"Podkateg\u00f3ria: Lokaliz\u00e1cia: Volovsk\u00e9 vrchy Zastaven\u00fd \u010das v srdci zeme: \u0160t\u00f4l\u0148a Breuner v Zlatej Idke odkr\u00fdva svoje tajomstvo Predstavte si, \u017ee kr\u00e1\u010date po lesnej ceste, kde sa ticho h\u00f4r mie\u0161a s [&hellip;]","_links":{"self":[{"href":"https:\/\/www.keturist.sk\/info\/wp-json\/wp\/v2\/pages\/3115","targetHints":{"allow":["GET"]}}],"collection":[{"href":"https:\/\/www.keturist.sk\/info\/wp-json\/wp\/v2\/pages"}],"about":[{"href":"https:\/\/www.keturist.sk\/info\/wp-json\/wp\/v2\/types\/page"}],"author":[{"embeddable":true,"href":"https:\/\/www.keturist.sk\/info\/wp-json\/wp\/v2\/users\/1"}],"replies":[{"embeddable":true,"href":"https:\/\/www.keturist.sk\/info\/wp-json\/wp\/v2\/comments?post=3115"}],"version-history":[{"count":6,"href":"https:\/\/www.keturist.sk\/info\/wp-json\/wp\/v2\/pages\/3115\/revisions"}],"predecessor-version":[{"id":74777,"href":"https:\/\/www.keturist.sk\/info\/wp-json\/wp\/v2\/pages\/3115\/revisions\/74777"}],"wp:featuredmedia":[{"embeddable":true,"href":"https:\/\/www.keturist.sk\/info\/wp-json\/wp\/v2\/media\/74775"}],"wp:attachment":[{"href":"https:\/\/www.keturist.sk\/info\/wp-json\/wp\/v2\/media?parent=3115"}],"curies":[{"name":"wp","href":"https:\/\/api.w.org\/{rel}","templated":true}]}}