{"id":3104,"date":"2016-11-03T11:17:07","date_gmt":"2016-11-03T10:17:07","guid":{"rendered":"https:\/\/www.keturist.sk\/info\/?page_id=3104"},"modified":"2026-01-21T06:07:43","modified_gmt":"2026-01-21T05:07:43","slug":"margecansky-tunel","status":"publish","type":"page","link":"https:\/\/www.keturist.sk\/info\/margecansky-tunel\/","title":{"rendered":"Margeciansky tunel"},"content":{"rendered":"<a href=\"https:\/\/www.keturist.sk\/info\/\" class=\"su-button su-button-style-default\" style=\"color:#000000;background-color:#FFCF2F;border-color:#cca626;border-radius:5px\" target=\"_self\"><span style=\"color:#000000;padding:6px 16px;font-size:13px;line-height:20px;border-color:#ffde6e;border-radius:5px;text-shadow:none\"><i class=\"sui sui-arrow-right\" style=\"font-size:13px;color:#000000\"><\/i>  Spravodaj <\/span><\/a>\n<a href=\"https:\/\/www.keturist.sk\/info\/kam-za-pamiatkami\/\" class=\"su-button su-button-style-default\" style=\"color:#000000;background-color:#FFCF2F;border-color:#cca626;border-radius:5px\" target=\"_self\"><span style=\"color:#000000;padding:6px 16px;font-size:13px;line-height:20px;border-color:#ffde6e;border-radius:5px;text-shadow:none\"><i class=\"sui sui-arrow-right\" style=\"font-size:13px;color:#000000\"><\/i>  Kam za pamiatkami <\/span><\/a>\n<a href=\"https:\/\/www.keturist.sk\/info\/kam-za-pamiatkami\/kam-za-pamiatkami-smer-cierna-hora\/\" class=\"su-button su-button-style-default\" style=\"color:#000000;background-color:#FFCF2F;border-color:#cca626;border-radius:5px\" target=\"_self\"><span style=\"color:#000000;padding:6px 16px;font-size:13px;line-height:20px;border-color:#ffde6e;border-radius:5px;text-shadow:none\"><i class=\"sui sui-arrow-right\" style=\"font-size:13px;color:#000000\"><\/i>  smer \u010cierna hora <\/span><\/a>\n<div class=\"su-divider su-divider-style-default\" style=\"margin:15px 0;border-width:0px;border-color:#000000\"><\/div>\n<p><strong>Podkateg\u00f3ria: <\/strong> <a href=\"https:\/\/www.keturist.sk\/info\/kam-za-pamiatkami\/kam-za-pamiatkami-smer-cierna-hora\/technicke-pamiatky\/\" class=\"su-button su-button-style-default\" style=\"color:#000000;background-color:#afd144;border-color:#8ca837;border-radius:5px\" target=\"_self\"><span style=\"color:#000000;padding:6px 16px;font-size:13px;line-height:20px;border-color:#c7df7d;border-radius:5px;text-shadow:none\"><i class=\"sui sui-arrow-right\" style=\"font-size:13px;color:#000000\"><\/i>  Technick\u00e9 pamiatky <\/span><\/a>\n<p><strong>Lokaliz\u00e1cia: <\/strong><a href=\"https:\/\/www.keturist.sk\/info\/okolite-hory\/cierna-hora\/\">\u010cierna hora<\/a><\/p>\n<div class=\"su-divider su-divider-style-default\" style=\"margin:15px 0;border-width:2px;border-color:#000000\"><\/div>\n<figure id=\"attachment_31032\" aria-describedby=\"caption-attachment-31032\" style=\"width: 900px\" class=\"wp-caption aligncenter\"><a href=\"https:\/\/www.keturist.sk\/info\/wp-content\/uploads\/2019\/12\/margecany-tunel.jpg\"><img loading=\"lazy\" decoding=\"async\" class=\"wp-image-31032\" src=\"https:\/\/www.keturist.sk\/info\/wp-content\/uploads\/2019\/12\/margecany-tunel-800x573.jpg\" alt=\"Margeciansky tunel\" width=\"900\" height=\"645\" srcset=\"https:\/\/www.keturist.sk\/info\/wp-content\/uploads\/2019\/12\/margecany-tunel-800x573.jpg 800w, https:\/\/www.keturist.sk\/info\/wp-content\/uploads\/2019\/12\/margecany-tunel-251x180.jpg 251w, https:\/\/www.keturist.sk\/info\/wp-content\/uploads\/2019\/12\/margecany-tunel-768x550.jpg 768w, https:\/\/www.keturist.sk\/info\/wp-content\/uploads\/2019\/12\/margecany-tunel-400x287.jpg 400w, https:\/\/www.keturist.sk\/info\/wp-content\/uploads\/2019\/12\/margecany-tunel.jpg 1080w\" sizes=\"auto, (max-width: 900px) 100vw, 900px\" \/><\/a><figcaption id=\"caption-attachment-31032\" class=\"wp-caption-text\">Margecansk\u00fd tunel &#8211; Margeciansky tunel<\/figcaption><\/figure>\n<div class=\"su-divider su-divider-style-default\" style=\"margin:15px 0;border-width:2px;border-color:#000000\"><\/div>\n<h2 data-start=\"182\" data-end=\"266\"><span style=\"color: #800000;\">Margeciansky tunel \u2013 miesto, kde sa skala, voda a hist\u00f3ria nikdy nerozl\u00fa\u010dili<\/span><\/h2>\n<p data-start=\"268\" data-end=\"577\">Ke\u010f sa dnes prech\u00e1dza\u0161 <strong data-start=\"291\" data-end=\"347\">tmav\u00fdm, no pr\u00edjemne osvetlen\u00fdm Margecianskym tunelom<\/strong>, len \u0165a\u017eko si predstavi\u0165, ko\u013eko pr\u00edbehov sa tu za viac ne\u017e <strong data-start=\"407\" data-end=\"420\">150 rokov<\/strong> odohralo. Ticho, ktor\u00e9 preru\u0161uje len ozvena krokov alebo motor auta, v sebe nesie stopy <strong data-start=\"509\" data-end=\"530\">parn\u00fdch lokomot\u00edv<\/strong>, <strong data-start=\"532\" data-end=\"553\">vojnov\u00e9ho strachu<\/strong> aj <strong data-start=\"557\" data-end=\"576\">zmiznut\u00fdch obc\u00ed<\/strong>.<\/p>\n<p data-start=\"579\" data-end=\"988\">Tunel vznikol v \u010dasoch, ke\u010f sa <strong data-start=\"610\" data-end=\"640\">\u017eeleznica Ko\u0161ice \u2013 Bohum\u00edn<\/strong> pova\u017eovala za symbol pokroku a odvahy. V roku <strong data-start=\"687\" data-end=\"695\">1872<\/strong> tadia\u013eto prv\u00fdkr\u00e1t pre\u0161la \u017eeleznica a \u00fazka <strong data-start=\"738\" data-end=\"756\">dolina Horn\u00e1du<\/strong> sa nav\u017edy zmenila. <strong data-start=\"776\" data-end=\"785\">Skala<\/strong> sa musela podda\u0165 \u010dloveku \u2013 a dodnes je to vidie\u0165. Takmer polovica <strong data-start=\"852\" data-end=\"870\">tunelovej r\u00fary<\/strong> nem\u00e1 \u017eiadnu <strong data-start=\"883\" data-end=\"896\">obmurovku<\/strong>. Len surov\u00e1, opracovan\u00e1 <strong data-start=\"921\" data-end=\"932\">hornina<\/strong>, ktor\u00e1 dr\u017e\u00ed nad hlavami n\u00e1v\u0161tevn\u00edkov u\u017e cel\u00e9 gener\u00e1cie.<\/p>\n<p data-start=\"990\" data-end=\"1264\">Za tunelom kedysi pulzoval \u017eivot obce <strong data-start=\"1028\" data-end=\"1043\">Rolov\u00e1 Huta<\/strong>. Dnes z nej zostali len spomienky a ticho vodnej hladiny <strong data-start=\"1101\" data-end=\"1124\">Ru\u017e\u00ednskej priehrady<\/strong>. Domy, cesty aj z\u00e1hrady ust\u00fapili vode, no <strong data-start=\"1167\" data-end=\"1189\">Margeciansky tunel<\/strong> pre\u017eil. Akoby odmietol zmizn\u00fa\u0165 spolu s obcou, ktor\u00fa roky sp\u00e1jal so svetom.<\/p>\n<p data-start=\"1266\" data-end=\"1624\">Po\u010das <strong data-start=\"1272\" data-end=\"1297\">druhej svetovej vojny<\/strong> sa jeho osud takmer uzavrel. V <strong data-start=\"1329\" data-end=\"1345\">janu\u00e1ri 1945<\/strong> ho po\u0161kodili <strong data-start=\"1359\" data-end=\"1390\">ustupuj\u00face nemeck\u00e9 jednotky<\/strong> a o p\u00e1r rokov nesk\u00f4r ho definit\u00edvne nahradila <strong data-start=\"1437\" data-end=\"1452\">Tra\u0165 dru\u017eby<\/strong>. Vlaky sa presunuli do <strong data-start=\"1476\" data-end=\"1499\">Bujanovsk\u00e9ho tunela<\/strong>, najdlh\u0161ieho <strong data-start=\"1513\" data-end=\"1551\">dvojko\u013eajov\u00e9ho tunela na Slovensku<\/strong>, a Margeciansky tunel st\u00edchol. Na \u010das sa zdalo, \u017ee jeho pr\u00edbeh sa kon\u010d\u00ed.<\/p>\n<p data-start=\"1626\" data-end=\"1647\">Opak je v\u0161ak pravdou.<\/p>\n<p data-start=\"1649\" data-end=\"2052\">Dnes tunel op\u00e4\u0165 sl\u00fa\u017ei \u013eu\u010fom \u2013 u\u017e nie \u017eelezni\u010diarom, ale <strong data-start=\"1705\" data-end=\"1750\">turistom, cyklistom a n\u00e1v\u0161tevn\u00edkom Ru\u017e\u00edna<\/strong>. Od roku <strong data-start=\"1760\" data-end=\"1768\">2018<\/strong> je po celej d\u013a\u017eke <strong data-start=\"1787\" data-end=\"1800\">osvetlen\u00fd<\/strong> a jeho premena na projekt <strong data-start=\"1827\" data-end=\"1869\">\u201eMargeciansky tunel, otvoren\u00e1 gal\u00e9ria\u201c<\/strong> mu dodala nov\u00fd \u017eivot. <strong data-start=\"1892\" data-end=\"1912\">Bet\u00f3nov\u00e1 vozovka<\/strong>, <strong data-start=\"1914\" data-end=\"1939\">bezpe\u010dnostn\u00e9 v\u00fdklenky<\/strong> a <strong data-start=\"1942\" data-end=\"1963\">informa\u010dn\u00e1 tabu\u013ea<\/strong> robia z tohto miesta nielen <strong data-start=\"1992\" data-end=\"2014\">technick\u00fa pamiatku<\/strong>, ale aj bezpe\u010dn\u00fd a v\u00fdnimo\u010dn\u00fd z\u00e1\u017eitok.<\/p>\n<p data-start=\"2054\" data-end=\"2290\">Ke\u010f prejde\u0161 jeho <strong data-start=\"2071\" data-end=\"2085\">430 metrov<\/strong>, ocitne\u0161 sa pri <strong data-start=\"2102\" data-end=\"2128\">mohutnom skalnom brale<\/strong>, ktor\u00e9 vzniklo pri stavbe <strong data-start=\"2155\" data-end=\"2188\">Ko\u0161icko-bohum\u00ednskej \u017eeleznice<\/strong>. Je to miesto, kde sa <strong data-start=\"2211\" data-end=\"2235\">hist\u00f3ria dot\u00fdka sk\u00e1l<\/strong> a kde si \u010dlovek uvedom\u00ed, \u017ee niektor\u00e9 stavby maj\u00fa du\u0161u.<\/p>\n<p data-start=\"2292\" data-end=\"2582\"><strong data-start=\"2292\" data-end=\"2314\">Margeciansky tunel<\/strong> dnes nie je len skratkou do rekrea\u010dnej oblasti <strong data-start=\"2362\" data-end=\"2373\">Kozinec<\/strong>. Je to <strong data-start=\"2381\" data-end=\"2411\">n\u00e1rodn\u00e1 technick\u00e1 pamiatka<\/strong>, zap\u00edsan\u00e1 v <strong data-start=\"2424\" data-end=\"2467\">\u00dastrednom zozname pamiatkov\u00e9ho fondu SR<\/strong>, a tich\u00fd pam\u00e4tn\u00edk doby, ke\u010f sa hory prer\u00e1\u017eali ru\u010dne, dediny mizli pod vodou a <strong data-start=\"2546\" data-end=\"2581\">\u017eeleznica menila krajinu nav\u017edy<\/strong>.<\/p>\n<h2><span style=\"color: #800000;\">\u010co je Margeciansky tunel a ak\u00e1 je jeho hist\u00f3ria?<\/span><\/h2>\n<p class=\"ds-markdown-paragraph\"><strong>Margeciansky tunel<\/strong>\u00a0(zn\u00e1my aj ako\u00a0<strong>Rolovsk\u00fd tunel<\/strong>\u00a0alebo\u00a0<strong>Star\u00fd Bujanovsk\u00fd tunel<\/strong>) je unik\u00e1tna technick\u00e1 pamiatka v doline Horn\u00e1du pri obci <a href=\"https:\/\/www.keturist.sk\/info\/turisticke-vychodiska\/smer-cierna-hora\/obec-margecany\/\">Margecany<\/a>. P\u00f4vodne bol postaven\u00fd ako\u00a0<strong>\u017eelezni\u010dn\u00fd tunel<\/strong>\u00a0na jednoko\u013eajovej\u00a0<strong>Ko\u0161icko-bohum\u00ednskej \u017eeleznici<\/strong>, ktor\u00e1 bola uveden\u00e1 do prev\u00e1dzky v roku 1872. V s\u00fa\u010dasnosti sl\u00fa\u017ei ako osvetlen\u00fd\u00a0<strong>cestn\u00fd tunel<\/strong>\u00a0s d\u013a\u017ekou pribli\u017ene 430 metrov, ktor\u00fdm vedie miestna \u00fa\u010delov\u00e1 komunik\u00e1cia.<\/p>\n<h2><span style=\"color: #800000;\">Ak\u00fa m\u00e1 Margeciansky tunel vozovku a osvetlenie?<\/span><\/h2>\n<p class=\"ds-markdown-paragraph\">Po odstr\u00e1nen\u00ed ko\u013eajn\u00edc bolo dno tunelovej r\u00fary vybet\u00f3novan\u00e9.\u00a0<strong>Vozovka<\/strong>\u00a0m\u00e1 teda bet\u00f3nov\u00fd z\u00e1klad a je pokryt\u00e1 asfaltom. Od roku 2018 je v\u00a0<strong>tuneli<\/strong>\u00a0nain\u0161talovan\u00e9 po celej jeho d\u013a\u017eke <strong>elektrick\u00e9 osvetlenie<\/strong> v r\u00e1mci projektu &#8222;Margeciansky tunel, otvoren\u00e1 gal\u00e9ria&#8220;, \u010do ho rob\u00ed bezpe\u010dn\u00fdm a pr\u00ed\u0165a\u017eliv\u00fdm pre cestovate\u013eov.<\/p>\n<h2><span style=\"color: #800000;\">Ako sa tunel dostal na s\u00fa\u010dasn\u00e9 miesto a \u010do predch\u00e1dzalo jeho vzniku?<\/span><\/h2>\n<p class=\"ds-markdown-paragraph\">Tunel sa nach\u00e1dza za b\u00fdvalou obcou Rolov\u00e1 Huta, ktor\u00e1 sa v roku 1960 administrat\u00edvne spojila s obcou Margecany. V\u00e4\u010d\u0161ina tejto obce bola n\u00e1sledne asanovan\u00e1 kv\u00f4li v\u00fdstavbe vodnej priehrady Ru\u017e\u00edn.<\/p>\n<h2><span style=\"color: #800000;\">Ako sa zmenila funkcia Margecianskeho tunela?<\/span><\/h2>\n<p class=\"ds-markdown-paragraph\">P\u00f4vodn\u00fd\u00a0<strong>\u017eelezni\u010dn\u00fd tunel<\/strong>\u00a0prestal sl\u00fa\u017ei\u0165 \u017eelezni\u010dnej doprave v roku 1955, kedy sa dala do prev\u00e1dzky nov\u00e1 dvojko\u013eajov\u00e1\u00a0<strong>Tra\u0165 dru\u017eby<\/strong>. V roku 1985 bol zap\u00edsan\u00fd do \u00dastredn\u00e9ho zoznamu pamiatkov\u00e9ho fondu SR ako\u00a0<strong>technick\u00e1 pamiatka<\/strong>.<\/p>\n<h2><span style=\"color: #800000;\">\u010co rob\u00ed Margeciansky tunel v\u00fdnimo\u010dn\u00fdm a bezpe\u010dn\u00fdm?<\/span><\/h2>\n<p class=\"ds-markdown-paragraph\">Tento tunel je v\u00fdnimo\u010dn\u00fd t\u00fdm, \u017ee takmer polovica z celej d\u013a\u017eky tunelovej r\u00fary nem\u00e1 obmurovku a jej steny tvoria iba samotn\u00e9 opracovan\u00e9 skaly. Pre bezpe\u010dnos\u0165 sa v \u0148om nach\u00e1dzaj\u00fa 3 bezpe\u010dnostn\u00e9 v\u00fdklenky, umiestnen\u00e9 striedavo po jeho stran\u00e1ch. Pri vstupnom port\u00e1li bola umiestnen\u00e1 informa\u010dn\u00e1 tabu\u013ea o hist\u00f3rii a technick\u00fdch parametroch.<\/p>\n<h2><span style=\"color: #800000;\">Kam vedie cesta cez Margeciansky tunel a \u010do je v jeho okol\u00ed?<\/span><\/h2>\n<p class=\"ds-markdown-paragraph\"><strong>Tunelom<\/strong>\u00a0teraz prech\u00e1dza \u00fa\u010delov\u00e1 komunik\u00e1cia ved\u00faca do jednej z rekrea\u010dn\u00fdch oblast\u00ed\u00a0<a href=\"https:\/\/www.keturist.sk\/info\/vodna-nadrz-ruzin\/\"><strong>Ru\u017e\u00ednskej priehrady<\/strong><\/a>\u00a0naz\u00fdvanej Kozinec. Hne\u010f za tunelom sa nach\u00e1dza mohutn\u00e9 skaln\u00e9 bralo, ktor\u00e9 vzniklo pri stavbe Ko\u0161icko-bohum\u00ednskej \u017eeleznice.<\/p>\n<h2><span style=\"color: #800000;\">Ak\u00e9 \u010fal\u0161ie v\u00fdznamn\u00e9 stavby s\u00favisia s Tra\u0165ou dru\u017eby?<\/span><\/h2>\n<p class=\"ds-markdown-paragraph\">V\u00fdstavba\u00a0<strong>Trate dru\u017eby<\/strong>\u00a0si za Rolovou Hutou vy\u017eiadala vybudovanie najdlh\u0161ieho dvojko\u013eajov\u00e9ho tunela na Slovensku \u2013\u00a0<a href=\"https:\/\/www.keturist.sk\/info\/bujanovsky-tunel\/\"><strong>Bujanovsk\u00e9ho tunela<\/strong><\/a>\u00a0s celkovou d\u013a\u017ekou 3410 metrov. \u010eal\u0161\u00edmi v\u00fdznamn\u00fdmi technick\u00fdmi pamiatkami na tejto trati s\u00fa\u00a0<strong>\u017eelezni\u010dn\u00fd most <a href=\"https:\/\/www.keturist.sk\/info\/ruzinsky-viadukt\/\">Ru\u017e\u00ednsky viadukt<\/a><\/strong>\u00a0a najkrat\u0161\u00ed dvojko\u013eajov\u00fd\u00a0<strong>tunel<\/strong>\u00a0na Slovensku \u2013\u00a0<a href=\"https:\/\/www.keturist.sk\/info\/ruzinsky-tunel\/\"><strong>Ru\u017e\u00ednsky tunel<\/strong><\/a>\u00a0s d\u013a\u017ekou 131 metrov.<\/p>\n<h2><span style=\"color: #800000;\">Ak\u00fd bol osud tunela po\u010das vojny?<\/span><\/h2>\n<p class=\"ds-markdown-paragraph\"><strong>Margeciansky tunel<\/strong>\u00a0bol v janu\u00e1ri 1945 po\u0161koden\u00fd ustupuj\u00facimi nemeck\u00fdmi jednotkami.<\/p>\n<h2><span style=\"color: #800000;\">Fotogal\u00e9ria<\/span><\/h2>\n<style type=\"text\/css\">\n#foogallery-gallery-73509 .fg-image { width: 200px; }<\/style>\n\t\t\t<div class=\"foogallery foogallery-container foogallery-carousel foogallery-lightbox-foogallery fg-carousel fg-ready fg-light fg-border-medium fg-round-small fg-shadow-medium fg-loading-default fg-loaded-fade-in fg-hover-semi-zoomed fg-hover-fade fg-hover-circle-plus2\" id=\"foogallery-gallery-73509\" data-foogallery=\"{&quot;item&quot;:{&quot;showCaptionTitle&quot;:true,&quot;showCaptionDescription&quot;:true},&quot;lazy&quot;:true,&quot;template&quot;:{&quot;maxItems&quot;:5,&quot;scale&quot;:0.11999999999999999555910790149937383830547332763671875,&quot;gutter&quot;:{&quot;min&quot;:-40,&quot;max&quot;:-20,&quot;unit&quot;:&quot;%&quot;},&quot;autoplay&quot;:{&quot;time&quot;:0,&quot;interaction&quot;:&quot;pause&quot;},&quot;centerOnClick&quot;:true,&quot;align&quot;:&quot;center&quot;,&quot;activePosition&quot;:&quot;center&quot;}}\" data-foogallery-lightbox=\"{&quot;thumbs&quot;:&quot;bottom&quot;,&quot;thumbsCaptions&quot;:false,&quot;thumbsBestFit&quot;:false,&quot;thumbsSmall&quot;:false,&quot;thumbsCaptionsAlign&quot;:&quot;default&quot;,&quot;info&quot;:&quot;bottom&quot;,&quot;infoVisible&quot;:true,&quot;infoOverlay&quot;:true,&quot;infoAlign&quot;:&quot;default&quot;,&quot;transition&quot;:&quot;fade&quot;,&quot;hoverButtons&quot;:false,&quot;fitMedia&quot;:false,&quot;noScrollbars&quot;:true,&quot;preserveButtonSpace&quot;:true,&quot;buttons&quot;:{&quot;fullscreen&quot;:true,&quot;info&quot;:true,&quot;thumbs&quot;:false},&quot;video&quot;:{&quot;autoPlay&quot;:true}}\" style=\"--fg-title-line-clamp: 1; --fg-description-line-clamp: 2;\" >\n\t<button type=\"button\" class=\"fg-carousel-prev\" title=\"Previous\"><\/button>\n\t<div class=\"fg-carousel-inner\">\n\t\t<div class=\"fg-carousel-center\"><\/div>\n\t\t<div class=\"fg-item fg-type-image fg-idle\"><figure class=\"fg-item-inner\"><a href=\"https:\/\/www.keturist.sk\/info\/wp-content\/uploads\/2020\/12\/margecany-tunel3.jpg\" data-caption-title=\"Margeciansky tunel\" data-attachment-id=\"36746\" data-type=\"image\" class=\"fg-thumb\"><span class=\"fg-image-wrap\"><img decoding=\"async\" alt=\"Margeciansky tunel\" title=\"Margeciansky tunel\" width=\"200\" height=\"200\" class=\"skip-lazy fg-image\" data-src-fg=\"https:\/\/www.keturist.sk\/info\/wp-content\/uploads\/cache\/2020\/12\/margecany-tunel3\/1755837842.jpg\" src=\"data:image\/svg+xml,%3Csvg%20xmlns%3D%22http%3A%2F%2Fwww.w3.org%2F2000%2Fsvg%22%20width%3D%22200%22%20height%3D%22200%22%20viewBox%3D%220%200%20200%20200%22%3E%3C%2Fsvg%3E\" loading=\"eager\"><\/span><span class=\"fg-image-overlay\"><\/span><\/a><figcaption class=\"fg-caption\"><div class=\"fg-caption-inner\"><div class=\"fg-caption-title\">Margeciansky tunel<\/div><\/div><\/figcaption><\/figure><div class=\"fg-loader\"><\/div><\/div><div class=\"fg-item fg-type-image fg-idle\"><figure class=\"fg-item-inner\"><a href=\"https:\/\/www.keturist.sk\/info\/wp-content\/uploads\/2020\/12\/margecany-tunel2.jpg\" data-caption-title=\"Margeciansky tunel\" data-attachment-id=\"36745\" data-type=\"image\" class=\"fg-thumb\"><span class=\"fg-image-wrap\"><img decoding=\"async\" alt=\"Margeciansky tunel\" title=\"Margeciansky tunel\" width=\"200\" height=\"200\" class=\"skip-lazy fg-image\" data-src-fg=\"https:\/\/www.keturist.sk\/info\/wp-content\/uploads\/cache\/2020\/12\/margecany-tunel2\/2073093509.jpg\" src=\"data:image\/svg+xml,%3Csvg%20xmlns%3D%22http%3A%2F%2Fwww.w3.org%2F2000%2Fsvg%22%20width%3D%22200%22%20height%3D%22200%22%20viewBox%3D%220%200%20200%20200%22%3E%3C%2Fsvg%3E\" loading=\"eager\"><\/span><span class=\"fg-image-overlay\"><\/span><\/a><figcaption class=\"fg-caption\"><div class=\"fg-caption-inner\"><div class=\"fg-caption-title\">Margeciansky tunel<\/div><\/div><\/figcaption><\/figure><div class=\"fg-loader\"><\/div><\/div><div class=\"fg-item fg-type-image fg-idle\"><figure class=\"fg-item-inner\"><a href=\"https:\/\/www.keturist.sk\/info\/wp-content\/uploads\/2020\/12\/margecany-tunel1.jpg\" data-caption-title=\"Margeciansky tunel\" data-attachment-id=\"36744\" data-type=\"image\" class=\"fg-thumb\"><span class=\"fg-image-wrap\"><img decoding=\"async\" alt=\"Margeciansky tunel\" title=\"Margeciansky tunel\" width=\"200\" height=\"200\" class=\"skip-lazy fg-image\" data-src-fg=\"https:\/\/www.keturist.sk\/info\/wp-content\/uploads\/cache\/2020\/12\/margecany-tunel1\/35812455.jpg\" src=\"data:image\/svg+xml,%3Csvg%20xmlns%3D%22http%3A%2F%2Fwww.w3.org%2F2000%2Fsvg%22%20width%3D%22200%22%20height%3D%22200%22%20viewBox%3D%220%200%20200%20200%22%3E%3C%2Fsvg%3E\" loading=\"eager\"><\/span><span class=\"fg-image-overlay\"><\/span><\/a><figcaption class=\"fg-caption\"><div class=\"fg-caption-inner\"><div class=\"fg-caption-title\">Margeciansky tunel<\/div><\/div><\/figcaption><\/figure><div class=\"fg-loader\"><\/div><\/div><div class=\"fg-item fg-type-image fg-idle\"><figure class=\"fg-item-inner\"><a href=\"https:\/\/www.keturist.sk\/info\/wp-content\/uploads\/2019\/12\/margecany-tunel.jpg\" data-caption-title=\"Margeciansky tunel\" data-attachment-id=\"31032\" data-type=\"image\" class=\"fg-thumb\"><span class=\"fg-image-wrap\"><img decoding=\"async\" alt=\"Margeciansky tunel\" title=\"Margeciansky tunel\" width=\"200\" height=\"200\" class=\"skip-lazy fg-image\" data-src-fg=\"https:\/\/www.keturist.sk\/info\/wp-content\/uploads\/cache\/2019\/12\/margecany-tunel\/3243225060.jpg\" src=\"data:image\/svg+xml,%3Csvg%20xmlns%3D%22http%3A%2F%2Fwww.w3.org%2F2000%2Fsvg%22%20width%3D%22200%22%20height%3D%22200%22%20viewBox%3D%220%200%20200%20200%22%3E%3C%2Fsvg%3E\" loading=\"eager\"><\/span><span class=\"fg-image-overlay\"><\/span><\/a><figcaption class=\"fg-caption\"><div class=\"fg-caption-inner\"><div class=\"fg-caption-title\">Margeciansky tunel<\/div><\/div><\/figcaption><\/figure><div class=\"fg-loader\"><\/div><\/div>\t<\/div>\n\t<div class=\"fg-carousel-bottom\"><\/div>\n\t<div class=\"fg-carousel-progress\"><\/div>\n\t<button type=\"button\" class=\"fg-carousel-next\" title=\"Next\"><\/button>\n<\/div>\n<h2><span style=\"color: #800000;\">Zauj\u00edmav\u00e9 odkazy<\/span><\/h2>\n<h3><span style=\"color: #808000;\">Bl\u00edzke stredisko, turistick\u00e9 centrum, obec alebo mesto:<\/span><\/h3>\n<ul>\n<li><a href=\"https:\/\/www.keturist.sk\/info\/smer-cierna-hora\/obec-margecany\/\">Obec Margecany (\u010d\u00edtaj viac&#8230;)<\/a><\/li>\n<\/ul>\n<h2><span style=\"color: #800000;\">Mapy<\/span><\/h2>\n<p><strong>Vrstvy: <\/strong>Turistick\u00e1 mapa, Automapa, Cyklomapa, Ly\u017eiarska mapa, Satelitn\u00e1 mapa a OpenStreetMap.<\/p>\n<p><strong>Kliknut\u00edm na logo &#8222;Freemap.sk&#8220; sa V\u00e1m mapa zobraz\u00ed na celej ploche obrazovky.<\/strong><\/p>\n<p><iframe style=\"width: 900px; height: 500px; border: 0;\" src=\"https:\/\/www.freemap.sk\/?map=14\/48.884388\/21.049504&amp;info-point=48.884388\/21.049504,Margecansk\u00fd tunel - Margeciansky tunel&amp;layers=X&amp;embed=search\" allowfullscreen=\"allowfullscreen\"><span data-mce-type=\"bookmark\" style=\"display: inline-block; width: 0px; overflow: hidden; line-height: 0;\" class=\"mce_SELRES_start\">\ufeff<\/span><\/iframe><\/p>\n<h2><strong><br \/>\n<\/strong><span style=\"color: #800000;\">Po\u010dasie<\/span><\/h2>\n<p><iframe style=\"width: 900px; height: 607px;\" src=\"https:\/\/www.meteoblue.com\/sk\/po%C4%8Dasie\/widget\/three\/margecany_slovensk%c3%a1-republika_724182?geoloc=fixed&amp;nocurrent=0&amp;noforecast=0&amp;days=5&amp;tempunit=CELSIUS&amp;windunit=KILOMETER_PER_HOUR&amp;layout=image\" frameborder=\"0\" scrolling=\"NO\" sandbox=\"allow-same-origin allow-scripts allow-popups allow-popups-to-escape-sandbox\"><\/iframe><\/p>\n<div><!-- DO NOT REMOVE THIS LINK --><a href=\"https:\/\/www.meteoblue.com\/sk\/po%C4%8Dasie\/predpove%C4%8F\/t%C3%BD%C5%BEde%C5%88\/margecany_slovensk%c3%a1-republika_724182?utm_source=weather_widget&amp;utm_medium=linkus&amp;utm_content=three&amp;utm_campaign=Weather%2BWidget\" target=\"_blank\" rel=\"noopener noreferrer\">meteoblue<\/a><\/div>\n<p><strong>Zdroj prv\u00e9 foto: <\/strong> <a href=\"http:\/\/www.eastern-slovakia.com\/\" target=\"_blank\" rel=\"noopener noreferrer\"> Muro Miron Jesensky (www.eastern-slovakia.com)<\/a><\/p>\n","protected":false},"excerpt":{"rendered":"<p>Podkateg\u00f3ria: Lokaliz\u00e1cia: \u010cierna hora Margeciansky tunel \u2013 miesto, kde sa skala, voda a hist\u00f3ria nikdy nerozl\u00fa\u010dili Ke\u010f sa dnes prech\u00e1dza\u0161 tmav\u00fdm, no pr\u00edjemne osvetlen\u00fdm Margecianskym tunelom, len \u0165a\u017eko si predstavi\u0165, [&hellip;]<\/p>\n","protected":false},"author":1,"featured_media":31032,"parent":0,"menu_order":0,"comment_status":"closed","ping_status":"closed","template":"","meta":{"_uag_custom_page_level_css":"","_monsterinsights_skip_tracking":false,"_monsterinsights_sitenote_active":false,"_monsterinsights_sitenote_note":"","_monsterinsights_sitenote_category":0,"footnotes":""},"class_list":["post-3104","page","type-page","status-publish","has-post-thumbnail","hentry"],"featured_image_src":"https:\/\/www.keturist.sk\/info\/wp-content\/uploads\/2019\/12\/margecany-tunel.jpg","featured_image_src_square":"https:\/\/www.keturist.sk\/info\/wp-content\/uploads\/2019\/12\/margecany-tunel.jpg","rbea_author_info":{"display_name":"admin","author_link":"https:\/\/www.keturist.sk\/info\/author\/admin\/"},"rbea_excerpt_info":"Podkateg\u00f3ria: Lokaliz\u00e1cia: \u010cierna hora Margeciansky tunel \u2013 miesto, kde sa skala, voda a hist\u00f3ria nikdy nerozl\u00fa\u010dili Ke\u010f sa dnes prech\u00e1dza\u0161 tmav\u00fdm, no pr\u00edjemne osvetlen\u00fdm Margecianskym tunelom, len \u0165a\u017eko si predstavi\u0165, [&hellip;]","uagb_featured_image_src":{"full":["https:\/\/www.keturist.sk\/info\/wp-content\/uploads\/2019\/12\/margecany-tunel.jpg",1080,774,false],"thumbnail":["https:\/\/www.keturist.sk\/info\/wp-content\/uploads\/2019\/12\/margecany-tunel-251x180.jpg",251,180,true],"medium":["https:\/\/www.keturist.sk\/info\/wp-content\/uploads\/2019\/12\/margecany-tunel-800x573.jpg",800,573,true],"medium_large":["https:\/\/www.keturist.sk\/info\/wp-content\/uploads\/2019\/12\/margecany-tunel-768x550.jpg",768,550,true],"large":["https:\/\/www.keturist.sk\/info\/wp-content\/uploads\/2019\/12\/margecany-tunel.jpg",1080,774,false],"1536x1536":["https:\/\/www.keturist.sk\/info\/wp-content\/uploads\/2019\/12\/margecany-tunel.jpg",1080,774,false],"2048x2048":["https:\/\/www.keturist.sk\/info\/wp-content\/uploads\/2019\/12\/margecany-tunel.jpg",1080,774,false]},"uagb_author_info":{"display_name":"admin","author_link":"https:\/\/www.keturist.sk\/info\/author\/admin\/"},"uagb_comment_info":0,"uagb_excerpt":"Podkateg\u00f3ria: Lokaliz\u00e1cia: \u010cierna hora Margeciansky tunel \u2013 miesto, kde sa skala, voda a hist\u00f3ria nikdy nerozl\u00fa\u010dili Ke\u010f sa dnes prech\u00e1dza\u0161 tmav\u00fdm, no pr\u00edjemne osvetlen\u00fdm Margecianskym tunelom, len \u0165a\u017eko si predstavi\u0165, [&hellip;]","_links":{"self":[{"href":"https:\/\/www.keturist.sk\/info\/wp-json\/wp\/v2\/pages\/3104","targetHints":{"allow":["GET"]}}],"collection":[{"href":"https:\/\/www.keturist.sk\/info\/wp-json\/wp\/v2\/pages"}],"about":[{"href":"https:\/\/www.keturist.sk\/info\/wp-json\/wp\/v2\/types\/page"}],"author":[{"embeddable":true,"href":"https:\/\/www.keturist.sk\/info\/wp-json\/wp\/v2\/users\/1"}],"replies":[{"embeddable":true,"href":"https:\/\/www.keturist.sk\/info\/wp-json\/wp\/v2\/comments?post=3104"}],"version-history":[{"count":9,"href":"https:\/\/www.keturist.sk\/info\/wp-json\/wp\/v2\/pages\/3104\/revisions"}],"predecessor-version":[{"id":73518,"href":"https:\/\/www.keturist.sk\/info\/wp-json\/wp\/v2\/pages\/3104\/revisions\/73518"}],"wp:featuredmedia":[{"embeddable":true,"href":"https:\/\/www.keturist.sk\/info\/wp-json\/wp\/v2\/media\/31032"}],"wp:attachment":[{"href":"https:\/\/www.keturist.sk\/info\/wp-json\/wp\/v2\/media?parent=3104"}],"curies":[{"name":"wp","href":"https:\/\/api.w.org\/{rel}","templated":true}]}}