{"id":30874,"date":"2019-12-14T15:57:25","date_gmt":"2019-12-14T14:57:25","guid":{"rendered":"https:\/\/www.keturist.sk\/info\/?page_id=30874"},"modified":"2023-11-30T16:27:23","modified_gmt":"2023-11-30T15:27:23","slug":"ski-nalepkovo-krecno","status":"publish","type":"page","link":"https:\/\/www.keturist.sk\/info\/aktivity\/ski-nalepkovo-krecno\/","title":{"rendered":"SKI N\u00e1lepkovo &#8211; Kre\u010dno"},"content":{"rendered":"<a href=\"https:\/\/www.keturist.sk\/info\/\" class=\"su-button su-button-style-default\" style=\"color:#000000;background-color:#FFCF2F;border-color:#cca626;border-radius:5px\" target=\"_self\"><span style=\"color:#000000;padding:6px 16px;font-size:13px;line-height:20px;border-color:#ffde6e;border-radius:5px;text-shadow:none\"><i class=\"sui sui-arrow-right\" style=\"font-size:13px;color:#000000\"><\/i>  Spravodaj <\/span><\/a>\n<a href=\"https:\/\/www.keturist.sk\/info\/sport-a-kultura\/\" class=\"su-button su-button-style-default\" style=\"color:#000000;background-color:#FFCF2F;border-color:#cca626;border-radius:5px\" target=\"_self\"><span style=\"color:#000000;padding:6px 16px;font-size:13px;line-height:20px;border-color:#ffde6e;border-radius:5px;text-shadow:none\"><i class=\"sui sui-arrow-right\" style=\"font-size:13px;color:#000000\"><\/i>  Aktivity, kult\u00fara, hist\u00f3ria&#8230; <\/span><\/a>\n<a href=\"https:\/\/www.keturist.sk\/info\/lyziarske-strediska\/\" class=\"su-button su-button-style-default\" style=\"color:#000000;background-color:#FFCF2F;border-color:#cca626;border-radius:5px\" target=\"_self\"><span style=\"color:#000000;padding:6px 16px;font-size:13px;line-height:20px;border-color:#ffde6e;border-radius:5px;text-shadow:none\"><i class=\"sui sui-arrow-right\" style=\"font-size:13px;color:#000000\"><\/i>  Ly\u017eiarsk\u00e9 stredisk\u00e1 <\/span><\/a>\n<div class=\"su-divider su-divider-style-default\" style=\"margin:15px 0;border-width:0px;border-color:#000000\"><\/div>\n<strong>Podkateg\u00f3ria: <span style=\"color: #ff0000;\">Ly\u017eovanie<\/span><\/strong><\/p>\n<p><strong>Lokaliz\u00e1cia: <\/strong><a href=\"https:\/\/www.keturist.sk\/info\/okolite-hory\/volovske-vrchy\/\">Volovsk\u00e9 vrchy<\/a><\/p>\n<div class=\"su-divider su-divider-style-default\" style=\"margin:15px 0;border-width:2px;border-color:#000000\"><\/div>\n<h3><span style=\"color: #808000;\">Info ly\u017eovanie<\/span><\/h3>\n<p><strong>Uveden\u00e9 \u00fadaje maj\u00fa len informat\u00edvny charakter!!!<\/strong><\/p>\n<h4><span style=\"color: #993300;\">SKI N\u00e1lepkovo &#8211; Kre\u010dno<\/span><\/h4>\n<div class=\"rtbs  rtbs_lyziarske-stredisko-nalepkovo-krecno\"><div class=\"rtbs_slug\" style=\"display:none\">lyziarske-stredisko-nalepkovo-krecno<\/div><div class=\"rtbs_inactive_tab_background\" style=\"display:none\">transparent<\/div><div class=\"rtbs_breakpoint\" style=\"display:none\">600<\/div><div class=\"rtbs_color\" style=\"display:none\">#12bece<\/div>\r\n        <div class=\"rtbs_menu\">\r\n            <ul>\r\n                <li class=\"mobile_toggle\">&zwnj;<\/li><li class=\"current\"><a style=\"background:#12bece\" class=\"active lyziarske-stredisko-nalepkovo-krecno-tab-link-0\" href=\"#\" data-tab=\"#lyziarske-stredisko-nalepkovo-krecno-tab-0\">Ly\u017eiarske podmienky<\/a><\/li>\r\n            <\/ul>\r\n        <\/div><div style=\"border-top:7px solid #12bece;\" id=\"lyziarske-stredisko-nalepkovo-krecno-tab-0\" class=\"rtbs_content active\"><table class=\"mtr-table mtr-tr-th\">\n<tbody>\n<tr>\n<th bgcolor=\"#aaccff\" data-mtr-content=\"Sneh\" class=\"mtr-th-tag\"><div class=\"mtr-cell-content\">Sneh<\/div><\/th>\n<th bgcolor=\"#aaccff\" data-mtr-content=\"Prev\u00e1dzka\" class=\"mtr-th-tag\"><div class=\"mtr-cell-content\">Prev\u00e1dzka<\/div><\/th>\n<th bgcolor=\"#aaccff\" data-mtr-content=\"Vleky\" class=\"mtr-th-tag\"><div class=\"mtr-cell-content\">Vleky<\/div><\/th>\n<th bgcolor=\"#aaccff\" data-mtr-content=\"Zjazdovky\" class=\"mtr-th-tag\"><div class=\"mtr-cell-content\">Zjazdovky<\/div><\/th>\n<th bgcolor=\"#aaccff\" data-mtr-content=\"Podmienky\" class=\"mtr-th-tag\"><div class=\"mtr-cell-content\">Podmienky<\/div><\/th>\n<\/tr>\n<tr>\n<td bgcolor=\"#ffffff\" data-mtr-content=\"Sneh\" class=\"mtr-td-tag\"><div class=\"mtr-cell-content\"><span style=\"color: #000000\">0 cm<\/span><\/div><\/td>\n<td bgcolor=\"#ffffff\" data-mtr-content=\"Prev\u00e1dzka\" class=\"mtr-td-tag\"><div class=\"mtr-cell-content\"><span style=\"color: #000000\">zatvoren\u00e9<\/span><\/div><\/td>\n<td bgcolor=\"#ffffff\" data-mtr-content=\"Vleky\" class=\"mtr-td-tag\"><div class=\"mtr-cell-content\"><span style=\"color: #000000\">0\/1<\/span><\/div><\/td>\n<td bgcolor=\"#ffffff\" data-mtr-content=\"Zjazdovky\" class=\"mtr-td-tag\"><div class=\"mtr-cell-content\"><span style=\"color: #000000\">0\/2<\/span><\/div><\/td>\n<td bgcolor=\"#ffffff\" data-mtr-content=\"Podmienky\" class=\"mtr-td-tag\"><div class=\"mtr-cell-content\"><span style=\"color: #000000\">sez\u00f3na ukon\u010den\u00e1<\/span><\/div><\/td>\n<\/tr>\n<\/tbody>\n<\/table>\n<div style=\"margin-top:30px; clear:both;\"><\/div><\/div>\r\n    <\/div>\r\n    \n<h3><span style=\"color: #808000;\">Live kamera<\/span><\/h3>\n<p><iframe loading=\"lazy\" title=\"YouTube video player\" src=\"https:\/\/www.youtube.com\/embed\/bhR-dAIkEnk\" width=\"800\" height=\"515\" frameborder=\"0\" allowfullscreen=\"allowfullscreen\"><\/iframe><\/p>\n<h3><span style=\"color: #808000;\">Inform\u00e1cie o stredisku<\/span><\/h3>\n<p>Ly\u017eiarske stredisko N\u00e1lepkovo \u2013 Kre\u010dno sa nach\u00e1dza vo Volovsk\u00fdch vrchoch.<\/p>\n<figure id=\"attachment_30929\" aria-describedby=\"caption-attachment-30929\" style=\"width: 800px\" class=\"wp-caption aligncenter\"><a href=\"https:\/\/www.keturist.sk\/info\/wp-content\/uploads\/2019\/12\/krecno.jpg\"><img loading=\"lazy\" decoding=\"async\" class=\"wp-image-30929 size-medium\" src=\"https:\/\/www.keturist.sk\/info\/wp-content\/uploads\/2019\/12\/krecno-800x600.jpg\" alt=\"\" width=\"800\" height=\"600\" srcset=\"https:\/\/www.keturist.sk\/info\/wp-content\/uploads\/2019\/12\/krecno-800x600.jpg 800w, https:\/\/www.keturist.sk\/info\/wp-content\/uploads\/2019\/12\/krecno-240x180.jpg 240w, https:\/\/www.keturist.sk\/info\/wp-content\/uploads\/2019\/12\/krecno-768x576.jpg 768w, https:\/\/www.keturist.sk\/info\/wp-content\/uploads\/2019\/12\/krecno-400x300.jpg 400w, https:\/\/www.keturist.sk\/info\/wp-content\/uploads\/2019\/12\/krecno.jpg 960w\" sizes=\"auto, (max-width: 800px) 100vw, 800px\" \/><\/a><figcaption id=\"caption-attachment-30929\" class=\"wp-caption-text\">SKI N\u00e1lepkovo &#8211; Kre\u010dno<\/figcaption><\/figure>\n<p>Z\u00e1kladn\u00e1 stanica sa nach\u00e1dza v nadmorskej v\u00fd\u0161ke 533 m n.m. a najvy\u0161\u0161ie polo\u017een\u00fd bod strediska je vo v\u00fd\u0161ke 623 m n.m., celkov\u00e9 prev\u00fd\u0161enie teda predstavuje 90 metrov.<\/p>\n<p>Ly\u017eiarska sez\u00f3na sa v stredisku N\u00e1lepkovo \u2013 Kre\u010dno za\u010d\u00edna v decembri a trv\u00e1 do febru\u00e1ra.<\/p>\n<p>V are\u00e1li ly\u017eiarskeho strediska strediska N\u00e1lepkovo &#8211; Kre\u010dno sa nach\u00e1dzaj\u00fa 2 vleky s celkovou prepravnou kapacitou 700 os\u00f4b za hodinu.<\/p>\n<p>Zjazdovka\u00a0 s miernou n\u00e1ro\u010dnos\u0165ou je vhodn\u00e1 najm\u00e4 pre za\u010d\u00ednaj\u00facich ly\u017eiarov a je umelo zasne\u017eovan\u00e1.<\/p>\n<figure id=\"attachment_30930\" aria-describedby=\"caption-attachment-30930\" style=\"width: 960px\" class=\"wp-caption aligncenter\"><a href=\"https:\/\/www.keturist.sk\/info\/wp-content\/uploads\/2019\/12\/krecno2.jpg\"><img loading=\"lazy\" decoding=\"async\" class=\"wp-image-30930 size-full\" src=\"https:\/\/www.keturist.sk\/info\/wp-content\/uploads\/2019\/12\/krecno2.jpg\" alt=\"\" width=\"960\" height=\"720\" srcset=\"https:\/\/www.keturist.sk\/info\/wp-content\/uploads\/2019\/12\/krecno2.jpg 960w, https:\/\/www.keturist.sk\/info\/wp-content\/uploads\/2019\/12\/krecno2-800x600.jpg 800w, https:\/\/www.keturist.sk\/info\/wp-content\/uploads\/2019\/12\/krecno2-240x180.jpg 240w, https:\/\/www.keturist.sk\/info\/wp-content\/uploads\/2019\/12\/krecno2-768x576.jpg 768w, https:\/\/www.keturist.sk\/info\/wp-content\/uploads\/2019\/12\/krecno2-400x300.jpg 400w\" sizes=\"auto, (max-width: 960px) 100vw, 960px\" \/><\/a><figcaption id=\"caption-attachment-30930\" class=\"wp-caption-text\">SKI N\u00e1lepkovo &#8211; Kre\u010dno<\/figcaption><\/figure>\n<p>Celkov\u00e1 d\u013a\u017eka zjazdovky je 0,5 km.<\/p>\n<p>Rodi\u010dia s de\u0165mi maj\u00fa mo\u017enos\u0165 vyu\u017ei\u0165 detsk\u00fd vlek, ktor\u00fd sa nach\u00e1dza v are\u00e1li strediska.<\/p>\n<p>K ponuke je aj ve\u010dern\u00e9 ly\u017eovanie s d\u013a\u017ekou osvetlen\u00fdch trat\u00ed 450 metrov.<\/p>\n<p>V ly\u017eiarskom stredisku N\u00e1lepkovo \u2013 Kre\u010dno si na svoje pr\u00eddu aj priaznivci be\u017eeck\u00e9ho ly\u017eovania, ke\u010f\u017ee sa v r\u00e1mci strediska nach\u00e1dza 2 km udr\u017eiavan\u00fdch trat\u00ed pre fan\u00fa\u0161ikov tohto \u0161portu.<\/p>\n<h3><span style=\"color: #808000;\">Charakteristika strediska:<\/span><\/h3>\n<ul>\n<li>Po\u010det os\u00f4b za hodinu: 700<\/li>\n<\/ul>\n<ul>\n<li>Po\u010det vlekov: 2<\/li>\n<\/ul>\n<ul>\n<li>Po\u010det zjazdoviek: 1<\/li>\n<\/ul>\n<ul>\n<li>D\u013a\u017eka zjazdoviek (km): 0<\/li>\n<\/ul>\n<ul>\n<li>Min. nadmorsk\u00e1 v\u00fd\u0161ka (m): 533<\/li>\n<\/ul>\n<ul>\n<li>Max. nadmorsk\u00e1 v\u00fd\u0161ka (m): 623<\/li>\n<\/ul>\n<ul>\n<li>Po\u010det \u013eahk\u00fdch trat\u00ed: 1<\/li>\n<\/ul>\n<ul>\n<li>D\u013a\u017eka be\u017eeck\u00fdch trat\u00ed (km): 2<\/li>\n<\/ul>\n<h3><span style=\"color: #808000;\">Otv\u00e1racia doba a cenn\u00edk<\/span><\/h3>\n<ul>\n<li><a href=\"https:\/\/www.keturist.sk\/info\/ski-nalepkovo-krecno-otvorenie-sezony-bude-dna-29-12-2021\/\">SKI N\u00e1lepkovo \u2013 Kre\u010dno : otv\u00e1racia doba a cenn\u00edk (\u010d\u00edtaj viac info)<\/a><\/li>\n<\/ul>\n<h3><span style=\"color: #808000;\">Kontakt<\/span><\/h3>\n<p><strong>Ly\u017eiarsky vlek N\u00e1lepkovo &#8211; Kre\u010dno<\/strong><br \/>\n<strong>Kontaktn\u00e1 osoba :<\/strong> Mgr. Bo\u017eena Hajdu\u010dkov\u00e1<br \/>\n<strong>mobil:<\/strong> 0911 261 744<br \/>\n<strong>\u0160tefan \u0160tuller<\/strong><br \/>\n<strong>mobil:<\/strong> 0902 241 804<br \/>\nJanka Plencner, refer\u00e1t hospod\u00e1rskej prev\u00e1dzky<br \/>\n<strong>telef\u00f3n :<\/strong> 053\/4494 230<br \/>\n<strong>e-mail:<\/strong> janka.plencner@nalepkovo.sk<\/p>\n<h3><span style=\"color: #808000;\">Mapy<\/span><\/h3>\n<p><strong>Vrstvy: <\/strong>Turistick\u00e1 mapa, Automapa, Cyklomapa, Ly\u017eiarska mapa, Satelitn\u00e1 mapa a OpenStreetMap.<\/p>\n<p><strong>Kliknut\u00edm na logo &#8222;Freemap.sk&#8220; sa V\u00e1m mapa zobraz\u00ed na celej ploche obrazovky.<\/strong><\/p>\n<p><iframe style=\"width: 800px; height: 500px; border: 0;\" src=\"https:\/\/www.freemap.sk\/?map=15\/48.836490\/20.620115&amp;layers=KI&amp;embed=search\" allowfullscreen=\"allowfullscreen\"><\/iframe><\/p>\n<h3><span style=\"color: #808000;\">Po\u010dasie<\/span><\/h3>\n<p><iframe style=\"width: 800px; height: 606px;\" src=\"https:\/\/www.meteoblue.com\/sk\/po%C4%8Dasie\/widget\/three\/n%c3%a1lepkovo_slovensk%c3%a1-republika_724080?geoloc=fixed&amp;nocurrent=0&amp;noforecast=0&amp;days=5&amp;tempunit=CELSIUS&amp;windunit=KILOMETER_PER_HOUR&amp;layout=image\" frameborder=\"0\" scrolling=\"NO\" sandbox=\"allow-same-origin allow-scripts allow-popups allow-popups-to-escape-sandbox\"><\/iframe><\/p>\n<div><!-- DO NOT REMOVE THIS LINK --><a href=\"https:\/\/www.meteoblue.com\/sk\/po%C4%8Dasie\/predpove%C4%8F\/t%C3%BD%C5%BEde%C5%88\/n%c3%a1lepkovo_slovensk%c3%a1-republika_724080?utm_source=weather_widget&amp;utm_medium=linkus&amp;utm_content=three&amp;utm_campaign=Weather%2BWidget\" target=\"_blank\" rel=\"noopener noreferrer\">meteoblue<\/a><\/div>\n","protected":false},"excerpt":{"rendered":"<p>Podkateg\u00f3ria: Ly\u017eovanie Lokaliz\u00e1cia: Volovsk\u00e9 vrchy Info ly\u017eovanie Uveden\u00e9 \u00fadaje maj\u00fa len informat\u00edvny charakter!!! SKI N\u00e1lepkovo &#8211; Kre\u010dno Live kamera Inform\u00e1cie o stredisku Ly\u017eiarske stredisko N\u00e1lepkovo \u2013 Kre\u010dno sa nach\u00e1dza vo [&hellip;]<\/p>\n","protected":false},"author":1,"featured_media":0,"parent":258,"menu_order":0,"comment_status":"closed","ping_status":"closed","template":"","meta":{"_uag_custom_page_level_css":"","_monsterinsights_skip_tracking":false,"_monsterinsights_sitenote_active":false,"_monsterinsights_sitenote_note":"","_monsterinsights_sitenote_category":0,"footnotes":""},"class_list":["post-30874","page","type-page","status-publish","hentry"],"featured_image_src":"","featured_image_src_square":false,"rbea_author_info":{"display_name":"admin","author_link":"https:\/\/www.keturist.sk\/info\/author\/admin\/"},"rbea_excerpt_info":"Podkateg\u00f3ria: Ly\u017eovanie Lokaliz\u00e1cia: Volovsk\u00e9 vrchy Info ly\u017eovanie Uveden\u00e9 \u00fadaje maj\u00fa len informat\u00edvny charakter!!! SKI N\u00e1lepkovo &#8211; Kre\u010dno Live kamera Inform\u00e1cie o stredisku Ly\u017eiarske stredisko N\u00e1lepkovo \u2013 Kre\u010dno sa nach\u00e1dza vo [&hellip;]","uagb_featured_image_src":{"full":false,"thumbnail":false,"medium":false,"medium_large":false,"large":false,"1536x1536":false,"2048x2048":false},"uagb_author_info":{"display_name":"admin","author_link":"https:\/\/www.keturist.sk\/info\/author\/admin\/"},"uagb_comment_info":0,"uagb_excerpt":"Podkateg\u00f3ria: Ly\u017eovanie Lokaliz\u00e1cia: Volovsk\u00e9 vrchy Info ly\u017eovanie Uveden\u00e9 \u00fadaje maj\u00fa len informat\u00edvny charakter!!! SKI N\u00e1lepkovo &#8211; Kre\u010dno Live kamera Inform\u00e1cie o stredisku Ly\u017eiarske stredisko N\u00e1lepkovo \u2013 Kre\u010dno sa nach\u00e1dza vo [&hellip;]","_links":{"self":[{"href":"https:\/\/www.keturist.sk\/info\/wp-json\/wp\/v2\/pages\/30874","targetHints":{"allow":["GET"]}}],"collection":[{"href":"https:\/\/www.keturist.sk\/info\/wp-json\/wp\/v2\/pages"}],"about":[{"href":"https:\/\/www.keturist.sk\/info\/wp-json\/wp\/v2\/types\/page"}],"author":[{"embeddable":true,"href":"https:\/\/www.keturist.sk\/info\/wp-json\/wp\/v2\/users\/1"}],"replies":[{"embeddable":true,"href":"https:\/\/www.keturist.sk\/info\/wp-json\/wp\/v2\/comments?post=30874"}],"version-history":[{"count":11,"href":"https:\/\/www.keturist.sk\/info\/wp-json\/wp\/v2\/pages\/30874\/revisions"}],"predecessor-version":[{"id":61712,"href":"https:\/\/www.keturist.sk\/info\/wp-json\/wp\/v2\/pages\/30874\/revisions\/61712"}],"up":[{"embeddable":true,"href":"https:\/\/www.keturist.sk\/info\/wp-json\/wp\/v2\/pages\/258"}],"wp:attachment":[{"href":"https:\/\/www.keturist.sk\/info\/wp-json\/wp\/v2\/media?parent=30874"}],"curies":[{"name":"wp","href":"https:\/\/api.w.org\/{rel}","templated":true}]}}