{"id":29948,"date":"2019-07-01T06:37:37","date_gmt":"2019-07-01T04:37:37","guid":{"rendered":"https:\/\/www.keturist.sk\/info\/?page_id=29948"},"modified":"2024-06-18T08:16:26","modified_gmt":"2024-06-18T06:16:26","slug":"prirodne-kupalisko-lodenica-ruzin","status":"publish","type":"page","link":"https:\/\/www.keturist.sk\/info\/aktivity\/prirodne-kupalisko-lodenica-ruzin\/","title":{"rendered":"Pr\u00edrodn\u00e9 k\u00fapalisko Lodenica Ru\u017e\u00edn"},"content":{"rendered":"<a href=\"https:\/\/www.keturist.sk\/info\/\" class=\"su-button su-button-style-default\" style=\"color:#000000;background-color:#FFCF2F;border-color:#cca626;border-radius:5px\" target=\"_self\"><span style=\"color:#000000;padding:6px 16px;font-size:13px;line-height:20px;border-color:#ffde6e;border-radius:5px;text-shadow:none\"><i class=\"sui sui-arrow-right\" style=\"font-size:13px;color:#000000\"><\/i>  Spravodaj <\/span><\/a>\n<a href=\"https:\/\/www.keturist.sk\/info\/sport-a-kultura\/\" class=\"su-button su-button-style-default\" style=\"color:#000000;background-color:#FFCF2F;border-color:#cca626;border-radius:5px\" target=\"_self\"><span style=\"color:#000000;padding:6px 16px;font-size:13px;line-height:20px;border-color:#ffde6e;border-radius:5px;text-shadow:none\"><i class=\"sui sui-arrow-right\" style=\"font-size:13px;color:#000000\"><\/i>  Aktivity, kult\u00fara, hist\u00f3ria&#8230; <\/span><\/a>\n<a href=\"https:\/\/www.keturist.sk\/info\/kupaliska-bazeny\/\" class=\"su-button su-button-style-default\" style=\"color:#000000;background-color:#FFCF2F;border-color:#cca626;border-radius:5px\" target=\"_self\"><span style=\"color:#000000;padding:6px 16px;font-size:13px;line-height:20px;border-color:#ffde6e;border-radius:5px;text-shadow:none\"><i class=\"sui sui-arrow-right\" style=\"font-size:13px;color:#000000\"><\/i>  K\u00fapalisk\u00e1, baz\u00e9ny,&#8230; <\/span><\/a> <strong>+<\/strong> <a href=\"https:\/\/www.keturist.sk\/info\/aktivity\/vodna-turistika\/\" class=\"su-button su-button-style-default\" style=\"color:#000000;background-color:#FFCF2F;border-color:#cca626;border-radius:5px\" target=\"_self\"><span style=\"color:#000000;padding:6px 16px;font-size:13px;line-height:20px;border-color:#ffde6e;border-radius:5px;text-shadow:none\"><i class=\"sui sui-arrow-right\" style=\"font-size:13px;color:#000000\"><\/i>  Vodn\u00e1 turistika <\/span><\/a>\n<div class=\"su-divider su-divider-style-default\" style=\"margin:15px 0;border-width:0px;border-color:#000000\"><\/div>\n<strong>Podkateg\u00f3ria: <span style=\"color: #ff0000;\">K\u00fapalisk\u00e1, plav\u00e1rne, vodn\u00e9 plochy <\/span><\/strong><br \/>\n<div class=\"su-divider su-divider-style-default\" style=\"margin:15px 0;border-width:0px;border-color:#000000\"><\/div>\n<strong>Lokaliz\u00e1cia: <\/strong><a href=\"https:\/\/www.keturist.sk\/info\/okolite-hory\/cierna-hora\/\">\u010cierna hora<\/a><br \/>\n<div class=\"su-divider su-divider-style-default\" style=\"margin:15px 0;border-width:2px;border-color:#000000\"><\/div>\n<h3><span style=\"color: #808000;\">Info o k\u00fapan\u00ed<\/span><\/h3>\n<div class=\"rtbs  rtbs_bufet-lodenica-ruzin\"><div class=\"rtbs_slug\" style=\"display:none\">bufet-lodenica-ruzin<\/div><div class=\"rtbs_inactive_tab_background\" style=\"display:none\">transparent<\/div><div class=\"rtbs_breakpoint\" style=\"display:none\">600<\/div><div class=\"rtbs_color\" style=\"display:none\">#12bece<\/div>\r\n        <div class=\"rtbs_menu\">\r\n            <ul>\r\n                <li class=\"mobile_toggle\">&zwnj;<\/li><li class=\"current\"><a style=\"background:#12bece\" class=\"active bufet-lodenica-ruzin-tab-link-0\" href=\"#\" data-tab=\"#bufet-lodenica-ruzin-tab-0\">Aktuality<\/a><\/li>\r\n            <\/ul>\r\n        <\/div><div style=\"border-top:7px solid #12bece;\" id=\"bufet-lodenica-ruzin-tab-0\" class=\"rtbs_content active\"><table class=\"mtr-table mtr-tr-th\">\n<tbody>\n<tr>\n<th bgcolor=\"#cccccc\" data-mtr-content=\"D\u00e1tum\" class=\"mtr-th-tag\"><div class=\"mtr-cell-content\"><span style=\"color: #000000\">D\u00e1tum<\/span><\/div><\/th>\n<th bgcolor=\"#cccccc\" data-mtr-content=\"Prev\u00e1dzka\" class=\"mtr-th-tag\"><div class=\"mtr-cell-content\"><span style=\"color: #000000\">Prev\u00e1dzka<\/span><\/div><\/th>\n<th bgcolor=\"#cccccc\" data-mtr-content=\"Teplota vody\" class=\"mtr-th-tag\"><div class=\"mtr-cell-content\"><span style=\"color: #000000\">Teplota vody<\/span><\/div><\/th>\n<\/tr>\n<tr>\n<td bgcolor=\"#ffffff\" data-mtr-content=\"D\u00e1tum\" class=\"mtr-td-tag\"><div class=\"mtr-cell-content\"><span style=\"color: #000000\">15.06.2025<\/span><\/div><\/td>\n<td bgcolor=\"#ffffff\" data-mtr-content=\"Prev\u00e1dzka\" class=\"mtr-td-tag\"><div class=\"mtr-cell-content\"><span style=\"color: #000000\">Otvoren\u00e9<\/span><\/div><\/td>\n<td bgcolor=\"#ffffff\" data-mtr-content=\"Teplota vody\" class=\"mtr-td-tag\"><div class=\"mtr-cell-content\"><span style=\"color: #000000\">19\u00b0C<\/span><\/div><\/td>\n<\/tr>\n<\/tbody>\n<\/table>\n<div style=\"margin-top:30px; clear:both;\"><\/div><\/div>\r\n    <\/div>\r\n    \n<div class=\"su-divider su-divider-style-default\" style=\"margin:15px 0;border-width:2px;border-color:#000000\"><\/div>\n<p>&nbsp;<\/p>\n<h3><span style=\"color: #808000;\">Video<\/span><\/h3>\n<p><iframe loading=\"lazy\" src=\"https:\/\/www.youtube.com\/embed\/n21Ctv2hORE\" width=\"800\" height=\"515\" frameborder=\"0\" allowfullscreen=\"allowfullscreen\"><\/iframe><\/p>\n<h3><span style=\"color: #808000;\">V\u0161eobecn\u00e9 inform\u00e1cie<\/span><\/h3>\n<p>Pr\u00edrodn\u00e9 k\u00fapalisko Lodenica Ru\u017e\u00edn sa nach\u00e1dza v n\u00e1dhernom prostred\u00ed <a href=\"https:\/\/www.keturist.sk\/info\/vodopady-jazierka-rieky\/vodna-nadrz-ruzin\/\">vodnej n\u00e1dr\u017ee Ru\u017e\u00edn<\/a> v bl\u00edzkosti malebnej obce <a href=\"https:\/\/www.keturist.sk\/info\/turisticke-vychodiska\/smer-cierna-hora\/obec-kosicka-bela\/\">Ko\u0161ick\u00e1 Bel\u00e1<\/a> a rekrea\u010dnej oblasti <a href=\"https:\/\/www.keturist.sk\/info\/turisticke-vychodiska\/smer-cierna-hora\/rekreacna-oblast-ruzin-kosicke-hamre\/\">Ru\u017e\u00edn-Ko\u0161ick\u00e9 H\u00e1mre<\/a> (lokalita <strong>Vod\u00e1cka osada<\/strong>).<\/p>\n<figure id=\"attachment_29963\" aria-describedby=\"caption-attachment-29963\" style=\"width: 800px\" class=\"wp-caption aligncenter\"><a href=\"https:\/\/www.keturist.sk\/info\/wp-content\/uploads\/2019\/07\/lodenica1-1.jpg\"><img loading=\"lazy\" decoding=\"async\" class=\"wp-image-29963 size-medium\" src=\"https:\/\/www.keturist.sk\/info\/wp-content\/uploads\/2019\/07\/lodenica1-1-800x449.jpg\" alt=\"\" width=\"800\" height=\"449\" srcset=\"https:\/\/www.keturist.sk\/info\/wp-content\/uploads\/2019\/07\/lodenica1-1-800x449.jpg 800w, https:\/\/www.keturist.sk\/info\/wp-content\/uploads\/2019\/07\/lodenica1-1-270x152.jpg 270w, https:\/\/www.keturist.sk\/info\/wp-content\/uploads\/2019\/07\/lodenica1-1-768x431.jpg 768w, https:\/\/www.keturist.sk\/info\/wp-content\/uploads\/2019\/07\/lodenica1-1-400x225.jpg 400w, https:\/\/www.keturist.sk\/info\/wp-content\/uploads\/2019\/07\/lodenica1-1.jpg 960w\" sizes=\"auto, (max-width: 800px) 100vw, 800px\" \/><\/a><figcaption id=\"caption-attachment-29963\" class=\"wp-caption-text\">Pr\u00edrodn\u00e9 k\u00fapalisko Lodenica Ru\u017e\u00edn<\/figcaption><\/figure>\n<p>Je s\u00fa\u010das\u0165ou strediska cestovn\u00e9ho ruchu naz\u00fdvan\u00e9ho taktie\u017e <strong>Lodenica<\/strong>.<\/p>\n<p>Toto stredisko cestovn\u00e9ho ruchu a \u010das\u0165 vodn\u00e9ho diela Ru\u017e\u00edn je turisticky prisp\u00f4soben\u00e9 pre dovolenk\u00e1rov.<\/p>\n<figure id=\"attachment_29967\" aria-describedby=\"caption-attachment-29967\" style=\"width: 800px\" class=\"wp-caption aligncenter\"><a href=\"https:\/\/www.keturist.sk\/info\/wp-content\/uploads\/2019\/07\/lodenica2.jpg\"><img loading=\"lazy\" decoding=\"async\" class=\"wp-image-29967 size-medium\" src=\"https:\/\/www.keturist.sk\/info\/wp-content\/uploads\/2019\/07\/lodenica2-800x600.jpg\" alt=\"\" width=\"800\" height=\"600\" srcset=\"https:\/\/www.keturist.sk\/info\/wp-content\/uploads\/2019\/07\/lodenica2-800x600.jpg 800w, https:\/\/www.keturist.sk\/info\/wp-content\/uploads\/2019\/07\/lodenica2-240x180.jpg 240w, https:\/\/www.keturist.sk\/info\/wp-content\/uploads\/2019\/07\/lodenica2-768x576.jpg 768w, https:\/\/www.keturist.sk\/info\/wp-content\/uploads\/2019\/07\/lodenica2-400x300.jpg 400w, https:\/\/www.keturist.sk\/info\/wp-content\/uploads\/2019\/07\/lodenica2.jpg 1440w\" sizes=\"auto, (max-width: 800px) 100vw, 800px\" \/><\/a><figcaption id=\"caption-attachment-29967\" class=\"wp-caption-text\">Pr\u00edrodn\u00e9 k\u00fapalisko Lodenica Ru\u017e\u00edn<\/figcaption><\/figure>\n<p>S\u00fa\u010das\u0165ou pr\u00edrodn\u00e9ho k\u00fapaliska Lodenica Ru\u017e\u00edn je bufet s po\u017ei\u010dov\u0148ou \u010dlnov, vodn\u00fdch bicyklov a kajakov.<\/p>\n<p>Na brehu s\u00fa umiestnen\u00e9 leh\u00e1tka a slne\u010dn\u00edky s pr\u00edstupom do vody.<\/p>\n<p>V bufete r\u00fdchleho ob\u010derstvenia pon\u00fakaj\u00fa alko &#8211; nealko n\u00e1poje, nanuky, r\u00fdchle jedl\u00e1 a po\u017ei\u010dov\u0148u mal\u00fdch plavidiel.<\/p>\n<h3><span style=\"color: #808000;\">Otv\u00e1racie hodiny<\/span><\/h3>\n<ul>\n<li><a href=\"https:\/\/www.keturist.sk\/info\/bufet-lodenica-ruzin-otvaracie-hodiny\/\">Bufet Lodenica Ru\u017e\u00edn \u2013 otv\u00e1racie hodiny (\u010d\u00edtaj viac&#8230;)<\/a><\/li>\n<\/ul>\n<h3><span style=\"color: #808000;\">Bl\u00edzke stredisko, turistick\u00e9 centrum, obec alebo mesto<\/span><\/h3>\n<ul>\n<li><a href=\"https:\/\/www.keturist.sk\/info\/turisticke-vychodiska\/smer-cierna-hora\/rekreacna-oblast-ruzin-kosicke-hamre\/\">Rekrea\u010dn\u00e1 oblas\u0165 Ru\u017e\u00edn-Ko\u0161ick\u00e9 H\u00e1mre (\u010d\u00edtaj viac&#8230;)<\/a><\/li>\n<\/ul>\n<h3><span style=\"color: #808000;\"><strong><br \/>\n<\/strong>Mapy<\/span><\/h3>\n<p><strong>Vrstvy: <\/strong>Turistick\u00e1 mapa, Automapa, Cyklomapa, Ly\u017eiarska mapa, Satelitn\u00e1 mapa a OpenStreetMap.<\/p>\n<p><strong>Kliknut\u00edm na logo &#8222;Freemap.sk&#8220; sa V\u00e1m mapa zobraz\u00ed na celej ploche obrazovky.<\/strong><\/p>\n<p><iframe style=\"width: 800px; height: 600px; border: 0;\" src=\"https:\/\/www.freemap.sk\/?map=15\/48.826998\/21.078064&amp;info-point=48.826998\/21.078064,Pr\u00edrodn\u00e9 k\u00fapalisko Lodenica Ru\u017e\u00edn&amp;layers=A&amp;embed=search\" allowfullscreen=\"allowfullscreen\"><\/iframe><\/p>\n<h3><span style=\"color: #808000;\">Po\u010dasie<\/span><\/h3>\n<p><iframe style=\"width: 800px; height: 606px;\" src=\"https:\/\/www.meteoblue.com\/sk\/po%C4%8Dasie\/widget\/three\/ko%c5%a1ick%c3%a9-h%c3%a1mre_slovensk%c3%a1-republika_724438?geoloc=fixed&amp;nocurrent=0&amp;noforecast=0&amp;days=5&amp;tempunit=CELSIUS&amp;windunit=KILOMETER_PER_HOUR&amp;layout=image\" frameborder=\"0\" scrolling=\"NO\" sandbox=\"allow-same-origin allow-scripts allow-popups allow-popups-to-escape-sandbox\"><span data-mce-type=\"bookmark\" style=\"display: inline-block; width: 0px; overflow: hidden; line-height: 0;\" class=\"mce_SELRES_start\">\ufeff<\/span><\/iframe><\/p>\n<div><!-- DO NOT REMOVE THIS LINK --><a href=\"https:\/\/www.meteoblue.com\/sk\/po%C4%8Dasie\/predpove%C4%8F\/t%C3%BD%C5%BEde%C5%88\/ko%c5%a1ick%c3%a9-h%c3%a1mre_slovensk%c3%a1-republika_724438?utm_source=weather_widget&amp;utm_medium=linkus&amp;utm_content=three&amp;utm_campaign=Weather%2BWidget\" target=\"_blank\" rel=\"noopener noreferrer\">meteoblue<\/a><\/div>\n","protected":false},"excerpt":{"rendered":"<p>+ Podkateg\u00f3ria: K\u00fapalisk\u00e1, plav\u00e1rne, vodn\u00e9 plochy Lokaliz\u00e1cia: \u010cierna hora Info o k\u00fapan\u00ed &nbsp; Video V\u0161eobecn\u00e9 inform\u00e1cie Pr\u00edrodn\u00e9 k\u00fapalisko Lodenica Ru\u017e\u00edn sa nach\u00e1dza v n\u00e1dhernom prostred\u00ed vodnej n\u00e1dr\u017ee Ru\u017e\u00edn v bl\u00edzkosti [&hellip;]<\/p>\n","protected":false},"author":1,"featured_media":0,"parent":258,"menu_order":0,"comment_status":"closed","ping_status":"closed","template":"","meta":{"_uag_custom_page_level_css":"","_monsterinsights_skip_tracking":false,"_monsterinsights_sitenote_active":false,"_monsterinsights_sitenote_note":"","_monsterinsights_sitenote_category":0,"footnotes":""},"class_list":["post-29948","page","type-page","status-publish","hentry"],"featured_image_src":"","featured_image_src_square":false,"rbea_author_info":{"display_name":"admin","author_link":"https:\/\/www.keturist.sk\/info\/author\/admin\/"},"rbea_excerpt_info":"+ Podkateg\u00f3ria: K\u00fapalisk\u00e1, plav\u00e1rne, vodn\u00e9 plochy Lokaliz\u00e1cia: \u010cierna hora Info o k\u00fapan\u00ed &nbsp; Video V\u0161eobecn\u00e9 inform\u00e1cie Pr\u00edrodn\u00e9 k\u00fapalisko Lodenica Ru\u017e\u00edn sa nach\u00e1dza v n\u00e1dhernom prostred\u00ed vodnej n\u00e1dr\u017ee Ru\u017e\u00edn v bl\u00edzkosti [&hellip;]","uagb_featured_image_src":{"full":false,"thumbnail":false,"medium":false,"medium_large":false,"large":false,"1536x1536":false,"2048x2048":false},"uagb_author_info":{"display_name":"admin","author_link":"https:\/\/www.keturist.sk\/info\/author\/admin\/"},"uagb_comment_info":0,"uagb_excerpt":"+ Podkateg\u00f3ria: K\u00fapalisk\u00e1, plav\u00e1rne, vodn\u00e9 plochy Lokaliz\u00e1cia: \u010cierna hora Info o k\u00fapan\u00ed &nbsp; Video V\u0161eobecn\u00e9 inform\u00e1cie Pr\u00edrodn\u00e9 k\u00fapalisko Lodenica Ru\u017e\u00edn sa nach\u00e1dza v n\u00e1dhernom prostred\u00ed vodnej n\u00e1dr\u017ee Ru\u017e\u00edn v bl\u00edzkosti [&hellip;]","_links":{"self":[{"href":"https:\/\/www.keturist.sk\/info\/wp-json\/wp\/v2\/pages\/29948","targetHints":{"allow":["GET"]}}],"collection":[{"href":"https:\/\/www.keturist.sk\/info\/wp-json\/wp\/v2\/pages"}],"about":[{"href":"https:\/\/www.keturist.sk\/info\/wp-json\/wp\/v2\/types\/page"}],"author":[{"embeddable":true,"href":"https:\/\/www.keturist.sk\/info\/wp-json\/wp\/v2\/users\/1"}],"replies":[{"embeddable":true,"href":"https:\/\/www.keturist.sk\/info\/wp-json\/wp\/v2\/comments?post=29948"}],"version-history":[{"count":14,"href":"https:\/\/www.keturist.sk\/info\/wp-json\/wp\/v2\/pages\/29948\/revisions"}],"predecessor-version":[{"id":66123,"href":"https:\/\/www.keturist.sk\/info\/wp-json\/wp\/v2\/pages\/29948\/revisions\/66123"}],"up":[{"embeddable":true,"href":"https:\/\/www.keturist.sk\/info\/wp-json\/wp\/v2\/pages\/258"}],"wp:attachment":[{"href":"https:\/\/www.keturist.sk\/info\/wp-json\/wp\/v2\/media?parent=29948"}],"curies":[{"name":"wp","href":"https:\/\/api.w.org\/{rel}","templated":true}]}}