{"id":2967,"date":"2013-11-02T15:18:14","date_gmt":"2013-11-02T13:18:14","guid":{"rendered":"https:\/\/www.keturist.sk\/info\/?page_id=2967"},"modified":"2025-12-22T21:15:46","modified_gmt":"2025-12-22T20:15:46","slug":"kastiel-rodiny-csaky-v-jaklovciach","status":"publish","type":"page","link":"https:\/\/www.keturist.sk\/info\/kastiel-rodiny-csaky-v-jaklovciach\/","title":{"rendered":"Ka\u0161tie\u013e rodiny Cs\u00e1ky v Jaklovciach"},"content":{"rendered":"<a href=\"https:\/\/www.keturist.sk\/info\/\" class=\"su-button su-button-style-default\" style=\"color:#000000;background-color:#FFCF2F;border-color:#cca626;border-radius:5px\" target=\"_self\"><span style=\"color:#000000;padding:6px 16px;font-size:13px;line-height:20px;border-color:#ffde6e;border-radius:5px;text-shadow:none\"><i class=\"sui sui-arrow-right\" style=\"font-size:13px;color:#000000\"><\/i>  Spravodaj <\/span><\/a>\n<a href=\"https:\/\/www.keturist.sk\/info\/kam-za-pamiatkami\/\" class=\"su-button su-button-style-default\" style=\"color:#000000;background-color:#FFCF2F;border-color:#cca626;border-radius:5px\" target=\"_self\"><span style=\"color:#000000;padding:6px 16px;font-size:13px;line-height:20px;border-color:#ffde6e;border-radius:5px;text-shadow:none\"><i class=\"sui sui-arrow-right\" style=\"font-size:13px;color:#000000\"><\/i>  Kam za pamiatkami <\/span><\/a>\n<a href=\"https:\/\/www.keturist.sk\/info\/kam-za-pamiatkami\/kam-za-pamiatkami-smer-cierna-hora\/\" class=\"su-button su-button-style-default\" style=\"color:#000000;background-color:#FFCF2F;border-color:#cca626;border-radius:5px\" target=\"_self\"><span style=\"color:#000000;padding:6px 16px;font-size:13px;line-height:20px;border-color:#ffde6e;border-radius:5px;text-shadow:none\"><i class=\"sui sui-arrow-right\" style=\"font-size:13px;color:#000000\"><\/i>  smer \u010cierna hora <\/span><\/a>\n<div class=\"su-divider su-divider-style-default\" style=\"margin:15px 0;border-width:0px;border-color:#000000\"><\/div>\n<p><strong>Podkateg\u00f3ria: <\/strong> <a href=\"https:\/\/www.keturist.sk\/info\/kam-za-pamiatkami\/kam-za-pamiatkami-smer-cierna-hora\/hrady-a-kastiele\/\" class=\"su-button su-button-style-default\" style=\"color:#000000;background-color:#afd144;border-color:#8ca837;border-radius:5px\" target=\"_self\"><span style=\"color:#000000;padding:6px 16px;font-size:13px;line-height:20px;border-color:#c7df7d;border-radius:5px;text-shadow:none\"><i class=\"sui sui-arrow-right\" style=\"font-size:13px;color:#000000\"><\/i>  Hrady a ka\u0161tiele <\/span><\/a>\n<p><strong>Lokaliz\u00e1cia: <\/strong><a href=\"https:\/\/www.keturist.sk\/info\/okolite-hory\/cierna-hora\/\">\u010cierna hora<\/a><\/p>\n<div class=\"su-divider su-divider-style-default\" style=\"margin:15px 0;border-width:2px;border-color:#000000\"><\/div>\n<figure id=\"attachment_37026\" aria-describedby=\"caption-attachment-37026\" style=\"width: 900px\" class=\"wp-caption aligncenter\"><a href=\"https:\/\/www.keturist.sk\/info\/wp-content\/uploads\/2020\/12\/jaklovce-kastiel1.jpg\"><img loading=\"lazy\" decoding=\"async\" class=\"wp-image-37026\" src=\"https:\/\/www.keturist.sk\/info\/wp-content\/uploads\/2020\/12\/jaklovce-kastiel1.jpg\" alt=\"Ka\u0161tie\u013e rodiny Cs\u00e1ky v Jaklovciach\" width=\"900\" height=\"675\" srcset=\"https:\/\/www.keturist.sk\/info\/wp-content\/uploads\/2020\/12\/jaklovce-kastiel1.jpg 800w, https:\/\/www.keturist.sk\/info\/wp-content\/uploads\/2020\/12\/jaklovce-kastiel1-240x180.jpg 240w, https:\/\/www.keturist.sk\/info\/wp-content\/uploads\/2020\/12\/jaklovce-kastiel1-768x576.jpg 768w\" sizes=\"auto, (max-width: 900px) 100vw, 900px\" \/><\/a><figcaption id=\"caption-attachment-37026\" class=\"wp-caption-text\">Ka\u0161tie\u013e rodiny Cs\u00e1ky v Jaklovciach<\/figcaption><\/figure>\n<div class=\"su-divider su-divider-style-default\" style=\"margin:15px 0;border-width:2px;border-color:#000000\"><\/div>\n<p dir=\"auto\"><strong>Ka\u0161tie\u013e rodiny Cs\u00e1ky<\/strong> sa nach\u00e1dza v obci <strong>Jaklovce<\/strong> (okres Gelnica) priamo na za\u010diatku obce, hne\u010f pri hlavnej ceste z Ko\u0161\u00edc do Gelnice.<\/p>\n<h2 dir=\"auto\"><span style=\"color: #800000;\">Ak\u00fd bol p\u00f4vodn\u00fd \u00fa\u010del <strong>ka\u0161tie\u013ea rodiny Cs\u00e1ky<\/strong> v Jaklovciach?<\/span><\/h2>\n<p dir=\"auto\"><strong>Ka\u0161tie\u013e rodiny Cs\u00e1ky<\/strong> v Jaklovciach p\u00f4vodne sl\u00fa\u017eil ako <strong>po\u013eovn\u00edcky ka\u0161tie\u013e<\/strong>.<\/p>\n<h2 dir=\"auto\"><span style=\"color: #800000;\">Kedy a ako z\u00edskali Cs\u00e1kyovci obec Jaklovce?<\/span><\/h2>\n<p dir=\"auto\">Rod <strong>Cs\u00e1kyovcov<\/strong> (ma\u010f. Cs\u00e1ky) z\u00edskal obec Jaklovce do svojho vlastn\u00edctva v roku <strong>1638<\/strong> po vymret\u00ed rodu Turza (ma\u010f. Thurz\u00f3).<\/p>\n<h2 dir=\"auto\"><span style=\"color: #800000;\">Ako sa rozvetvil rod Cs\u00e1ky a kto z\u00edskal <strong>Jaklovce<\/strong>?<\/span><\/h2>\n<p dir=\"auto\">V roku <strong>1702<\/strong> do\u0161lo k v\u00fdznamnej de\u013ebe majetku rodu Cs\u00e1ky, ktor\u00e1 polo\u017eila z\u00e1klady nieko\u013ek\u00fdm vetv\u00e1m rodiny. Obec <strong>Jaklovce<\/strong> sa tak stala majetkom <strong>bijacovskej vetvy<\/strong> rodu Cs\u00e1kyovcov. Zakladate\u013eom tejto vetvy bol <strong>Michal IX. Cs\u00e1ky<\/strong> (ma\u010f. Mih\u00e1ly Cs\u00e1ky, 1676\u20131757).<\/p>\n<h2 dir=\"auto\"><span style=\"color: #800000;\">Kedy a kto dal postavi\u0165 <strong>ka\u0161tie\u013e rodiny Cs\u00e1ky<\/strong> v Jaklovciach?<\/span><\/h2>\n<p dir=\"auto\"><strong>Ka\u0161tie\u013e rodiny Cs\u00e1ky<\/strong> v Jaklovciach dal postavi\u0165 v rokoch <strong>1775\u20131780<\/strong> gr\u00f3f <strong>J\u00e1n Cs\u00e1ky<\/strong> (ma\u010f. J\u00e1nos Cs\u00e1ky, 1720\u20131795), ktor\u00fd bol pokra\u010dovate\u013eom bijacovskej vetvy rodu.<\/p>\n<h2 dir=\"auto\"><span style=\"color: #800000;\">V akom \u0161t\u00fdle a podobe bol <strong>ka\u0161tie\u013e rodiny Cs\u00e1ky<\/strong> postaven\u00fd?<\/span><\/h2>\n<p dir=\"auto\"><strong>Ka\u0161tie\u013e rodiny Cs\u00e1ky<\/strong> bol postaven\u00fd v <strong>barokovom \u0161t\u00fdle<\/strong> ako <strong>jednopodla\u017en\u00e1<\/strong> budova. Hospod\u00e1rske budovy s\u00fa taktie\u017e z druhej polovice 18. storo\u010dia.<\/p>\n<h2 dir=\"auto\"><span style=\"color: #800000;\">Ako sa menili majitelia <strong>ka\u0161tie\u013ea rodiny Cs\u00e1ky<\/strong> v 18. a 19. storo\u010d\u00ed?<\/span><\/h2>\n<p dir=\"auto\">Po smrti gr\u00f3fa J\u00e1na Cs\u00e1kyho sa stal majite\u013eom jeho syn gr\u00f3f <strong>Jozef Cs\u00e1ky<\/strong> (ma\u010f. J\u00f3zsef Cs\u00e1ky de K\u00f6r\u00f6sszegh et Adorj\u00e1n, 1743\u20131799). \u010eal\u0161\u00edm majite\u013eom ka\u0161tie\u013ea sa stal syn Jozefa Cs\u00e1kyho gr\u00f3f <strong>Karol Cs\u00e1ky<\/strong> (ma\u010f. K\u00e1roly Cs\u00e1ky, 1783\u20131848), ktor\u00fd v\u0161ak v roku <strong>1848<\/strong> zomrel bez potomkov.<\/p>\n<p dir=\"auto\">T\u00fdm vymrela <strong>bijacovsk\u00e1 vetva<\/strong> Cs\u00e1kyovcov. Ka\u0161tie\u013e n\u00e1sledne pre\u0161iel do vlastn\u00edctva <strong>Teodora Cs\u00e1kyho<\/strong> (ma\u010f. Theodor Cs\u00e1ky, 1798\u20131855) a nesk\u00f4r pripadol <strong>Alb\u00ednovi Cs\u00e1ky<\/strong> (ma\u010f. Albin Rudolf S\u00e1ndor \u00c1gost Cs\u00e1ky, 1841\u20131912).<\/p>\n<h2 dir=\"auto\"><span style=\"color: #800000;\">Ak\u00e9 zmeny pre\u0161iel <strong>ka\u0161tie\u013e rodiny Cs\u00e1ky<\/strong> v 19. storo\u010d\u00ed?<\/span><\/h2>\n<p dir=\"auto\">V 19. storo\u010d\u00ed pre\u0161iel <strong>ka\u0161tie\u013e rodiny Cs\u00e1ky<\/strong> v Jaklovciach klasicistickou \u00fapravou a bol k nemu pristavan\u00fd park s ovocn\u00fdmi sadmi a jazierkom, ktor\u00e9 sa do dne\u0161n\u00fdch \u010dias \u017eia\u013e nezachovali. Na ich mieste sa dnes nach\u00e1dzaj\u00fa cesty, rodinn\u00e9 domy, benz\u00ednov\u00e1 pumpa s motelom a re\u0161taur\u00e1ciou.<\/p>\n<h2 dir=\"auto\"><span style=\"color: #800000;\">\u010co sa dialo s <strong>ka\u0161tie\u013eom rodiny Cs\u00e1ky<\/strong> za\u010diatkom 20. storo\u010dia?<\/span><\/h2>\n<p dir=\"auto\">Za\u010diatkom 20. storo\u010dia pre\u0161iel <strong>ka\u0161tie\u013e rodiny Cs\u00e1ky<\/strong> drobn\u00fdmi \u00fapravami a v roku <strong>1920<\/strong> boli niektor\u00e9 \u010dasti ka\u0161tie\u013ea nadbudovan\u00e9 o jedno poschodie v duchu romantizmu.<\/p>\n<h2 dir=\"auto\"><span style=\"color: #800000;\">Kto bol posledn\u00fdm \u0161\u013eachtick\u00fdm majite\u013eom <strong>ka\u0161tie\u013ea rodiny Cs\u00e1ky<\/strong> v Jaklovciach?<\/span><\/h2>\n<p dir=\"auto\">Majite\u013eom <strong>ka\u0161tie\u013ea rodiny Cs\u00e1ky<\/strong> v tom \u010dase bol gr\u00f3f <strong>Karol Cs\u00e1ky<\/strong> (ma\u010f. K\u00e1roly Istv\u00e1n \u00c1gost Albin Cs\u00e1ky, 1873\u20131945). V rokoch <strong>1923\u20131929<\/strong> zast\u00e1val funkciu ministra obrany Ma\u010farsk\u00e9ho kr\u00e1\u013eovstva.<\/p>\n<h2 dir=\"auto\"><span style=\"color: #800000;\">Kedy a komu bol <strong>ka\u0161tie\u013e rodiny Cs\u00e1ky<\/strong> v Jaklovciach predan\u00fd?<\/span><\/h2>\n<p dir=\"auto\">V roku <strong>1926<\/strong> gr\u00f3f Karol Cs\u00e1ky vymenil <strong>ka\u0161tie\u013e rodiny Cs\u00e1ky<\/strong> v Jaklovciach spolu s majetkami v Op\u00e1tke a Koj\u0161ove s mestom Ko\u0161ice.<\/p>\n<h2 dir=\"auto\"><span style=\"color: #800000;\">Ak\u00e9 bolo vyu\u017eitie <strong>ka\u0161tie\u013ea rodiny Cs\u00e1ky<\/strong> v 20. storo\u010d\u00ed?<\/span><\/h2>\n<p dir=\"auto\">Mesto Ko\u0161ice n\u00e1sledne vyu\u017e\u00edvalo <strong>ka\u0161tie\u013e rodiny Cs\u00e1ky<\/strong> ako rekrea\u010dn\u00e9 zariadenie pre bohat\u00fdch Ko\u0161i\u010danov. Po druhej svetovej vojne v \u0148om bola zriaden\u00e1 matersk\u00e1 \u0161kola a\u017e do roku <strong>1968<\/strong>. Po roku <strong>1968<\/strong> pre\u0161iel do vlastn\u00edctva miestneho JRD, ktor\u00e9 vyu\u017e\u00edvalo <strong>ka\u0161tie\u013e rodiny Cs\u00e1ky<\/strong> na r\u00f4zne spolo\u010densk\u00e9 udalosti.<\/p>\n<h2 dir=\"auto\"><span style=\"color: #800000;\">V akom stave je <strong>ka\u0161tie\u013e rodiny Cs\u00e1ky<\/strong> v Jaklovciach dnes?<\/span><\/h2>\n<p dir=\"auto\">V s\u00fa\u010dasnosti je <strong>ka\u0161tie\u013e rodiny Cs\u00e1ky<\/strong> v Jaklovciach v s\u00fakromnom vlastn\u00edctve a \u010dak\u00e1 ho oprava.<\/p>\n<h2><span style=\"color: #800000;\">Fotogal\u00e9ria<\/span><\/h2>\n<style type=\"text\/css\">\n#foogallery-gallery-72426 .fg-image { width: 200px; }<\/style>\n\t\t\t<div class=\"foogallery foogallery-container foogallery-carousel foogallery-lightbox-foogallery fg-carousel fg-ready fg-light fg-border-medium fg-round-small fg-shadow-medium fg-loading-default fg-loaded-fade-in fg-hover-semi-zoomed fg-hover-fade fg-hover-circle-plus2\" id=\"foogallery-gallery-72426\" data-foogallery=\"{&quot;item&quot;:{&quot;showCaptionTitle&quot;:true,&quot;showCaptionDescription&quot;:true},&quot;lazy&quot;:true,&quot;template&quot;:{&quot;maxItems&quot;:5,&quot;scale&quot;:0.11999999999999999555910790149937383830547332763671875,&quot;gutter&quot;:{&quot;min&quot;:-40,&quot;max&quot;:-20,&quot;unit&quot;:&quot;%&quot;},&quot;autoplay&quot;:{&quot;time&quot;:0,&quot;interaction&quot;:&quot;pause&quot;},&quot;centerOnClick&quot;:true,&quot;align&quot;:&quot;center&quot;,&quot;activePosition&quot;:&quot;center&quot;}}\" data-foogallery-lightbox=\"{&quot;thumbs&quot;:&quot;bottom&quot;,&quot;thumbsCaptions&quot;:false,&quot;thumbsBestFit&quot;:false,&quot;thumbsSmall&quot;:false,&quot;thumbsCaptionsAlign&quot;:&quot;default&quot;,&quot;info&quot;:&quot;bottom&quot;,&quot;infoVisible&quot;:true,&quot;infoOverlay&quot;:true,&quot;infoAlign&quot;:&quot;default&quot;,&quot;transition&quot;:&quot;fade&quot;,&quot;hoverButtons&quot;:false,&quot;fitMedia&quot;:false,&quot;noScrollbars&quot;:true,&quot;preserveButtonSpace&quot;:true,&quot;buttons&quot;:{&quot;fullscreen&quot;:true,&quot;info&quot;:true,&quot;thumbs&quot;:false},&quot;video&quot;:{&quot;autoPlay&quot;:true}}\" style=\"--fg-title-line-clamp: 1; --fg-description-line-clamp: 2;\" >\n\t<button type=\"button\" class=\"fg-carousel-prev\" title=\"Previous\"><\/button>\n\t<div class=\"fg-carousel-inner\">\n\t\t<div class=\"fg-carousel-center\"><\/div>\n\t\t<div class=\"fg-item fg-type-image fg-idle\"><figure class=\"fg-item-inner\"><a href=\"https:\/\/www.keturist.sk\/info\/wp-content\/uploads\/2020\/12\/jaklovce-kastiel3.jpg\" data-caption-title=\"Ka\u0161tie\u013e rodiny Cs\u00e1ky v Jaklovciach\" data-attachment-id=\"37030\" data-type=\"image\" class=\"fg-thumb\"><span class=\"fg-image-wrap\"><img decoding=\"async\" alt=\"Ka\u0161tie\u013e rodiny Cs\u00e1ky v Jaklovciach\" title=\"Ka\u0161tie\u013e rodiny Cs\u00e1ky v Jaklovciach\" width=\"200\" height=\"200\" class=\"skip-lazy fg-image\" data-src-fg=\"https:\/\/www.keturist.sk\/info\/wp-content\/uploads\/cache\/2020\/12\/jaklovce-kastiel3\/2857057527.jpg\" src=\"data:image\/svg+xml,%3Csvg%20xmlns%3D%22http%3A%2F%2Fwww.w3.org%2F2000%2Fsvg%22%20width%3D%22200%22%20height%3D%22200%22%20viewBox%3D%220%200%20200%20200%22%3E%3C%2Fsvg%3E\" loading=\"eager\"><\/span><span class=\"fg-image-overlay\"><\/span><\/a><figcaption class=\"fg-caption\"><div class=\"fg-caption-inner\"><div class=\"fg-caption-title\">Ka\u0161tie\u013e rodiny Cs\u00e1ky v Jaklovciach<\/div><\/div><\/figcaption><\/figure><div class=\"fg-loader\"><\/div><\/div><div class=\"fg-item fg-type-image fg-idle\"><figure class=\"fg-item-inner\"><a href=\"https:\/\/www.keturist.sk\/info\/wp-content\/uploads\/2020\/12\/jaklovce-kastiel2.jpg\" data-caption-title=\"Ka\u0161tie\u013e rodiny Cs\u00e1ky v Jaklovciach\" data-attachment-id=\"37029\" data-type=\"image\" class=\"fg-thumb\"><span class=\"fg-image-wrap\"><img decoding=\"async\" alt=\"Ka\u0161tie\u013e rodiny Cs\u00e1ky v Jaklovciach\" title=\"Ka\u0161tie\u013e rodiny Cs\u00e1ky v Jaklovciach\" width=\"200\" height=\"200\" class=\"skip-lazy fg-image\" data-src-fg=\"https:\/\/www.keturist.sk\/info\/wp-content\/uploads\/cache\/2020\/12\/jaklovce-kastiel2\/2825767812.jpg\" src=\"data:image\/svg+xml,%3Csvg%20xmlns%3D%22http%3A%2F%2Fwww.w3.org%2F2000%2Fsvg%22%20width%3D%22200%22%20height%3D%22200%22%20viewBox%3D%220%200%20200%20200%22%3E%3C%2Fsvg%3E\" loading=\"eager\"><\/span><span class=\"fg-image-overlay\"><\/span><\/a><figcaption class=\"fg-caption\"><div class=\"fg-caption-inner\"><div class=\"fg-caption-title\">Ka\u0161tie\u013e rodiny Cs\u00e1ky v Jaklovciach<\/div><\/div><\/figcaption><\/figure><div class=\"fg-loader\"><\/div><\/div><div class=\"fg-item fg-type-image fg-idle\"><figure class=\"fg-item-inner\"><a href=\"https:\/\/www.keturist.sk\/info\/wp-content\/uploads\/2020\/12\/jaklovce-kastiel1.jpg\" data-caption-title=\"Ka\u0161tie\u013e rodiny Cs\u00e1ky v Jaklovciach\" data-attachment-id=\"37026\" data-type=\"image\" class=\"fg-thumb\"><span class=\"fg-image-wrap\"><img decoding=\"async\" alt=\"Ka\u0161tie\u013e rodiny Cs\u00e1ky v Jaklovciach\" title=\"Ka\u0161tie\u013e rodiny Cs\u00e1ky v Jaklovciach\" width=\"200\" height=\"200\" class=\"skip-lazy fg-image\" data-src-fg=\"https:\/\/www.keturist.sk\/info\/wp-content\/uploads\/cache\/2020\/12\/jaklovce-kastiel1\/3005320612.jpg\" src=\"data:image\/svg+xml,%3Csvg%20xmlns%3D%22http%3A%2F%2Fwww.w3.org%2F2000%2Fsvg%22%20width%3D%22200%22%20height%3D%22200%22%20viewBox%3D%220%200%20200%20200%22%3E%3C%2Fsvg%3E\" loading=\"eager\"><\/span><span class=\"fg-image-overlay\"><\/span><\/a><figcaption class=\"fg-caption\"><div class=\"fg-caption-inner\"><div class=\"fg-caption-title\">Ka\u0161tie\u013e rodiny Cs\u00e1ky v Jaklovciach<\/div><\/div><\/figcaption><\/figure><div class=\"fg-loader\"><\/div><\/div><div class=\"fg-item fg-type-image fg-idle\"><figure class=\"fg-item-inner\"><a href=\"https:\/\/www.keturist.sk\/info\/wp-content\/uploads\/2020\/12\/CsakyKaroly.gif\" data-caption-title=\"Karol \u010c\u00e1ky (ma\u010f. K\u00e1roly Istv\u00e1n \u00c1gost Albin Cs\u00e1ky) (1873-1945)\" data-caption-desc=\"Karol \u010c\u00e1ky (ma\u010f. K\u00e1roly Istv\u00e1n \u00c1gost Albin Cs\u00e1ky) (1873-1945)\" data-attachment-id=\"37031\" data-type=\"image\" class=\"fg-thumb\"><span class=\"fg-image-wrap\"><img decoding=\"async\" alt=\"Karol \u010c\u00e1ky (ma\u010f. K\u00e1roly Istv\u00e1n \u00c1gost Albin Cs\u00e1ky) (1873-1945)\" title=\"Karol \u010c\u00e1ky (ma\u010f. K\u00e1roly Istv\u00e1n \u00c1gost Albin Cs\u00e1ky) (1873-1945)\" width=\"200\" height=\"200\" class=\"skip-lazy fg-image\" data-src-fg=\"https:\/\/www.keturist.sk\/info\/wp-content\/uploads\/cache\/2020\/12\/CsakyKaroly\/2022761087.png\" src=\"data:image\/svg+xml,%3Csvg%20xmlns%3D%22http%3A%2F%2Fwww.w3.org%2F2000%2Fsvg%22%20width%3D%22200%22%20height%3D%22200%22%20viewBox%3D%220%200%20200%20200%22%3E%3C%2Fsvg%3E\" loading=\"eager\"><\/span><span class=\"fg-image-overlay\"><\/span><\/a><figcaption class=\"fg-caption\"><div class=\"fg-caption-inner\"><div class=\"fg-caption-title\">Karol \u010c\u00e1ky (ma\u010f. K\u00e1roly Istv\u00e1n \u00c1gost Albin Cs\u00e1ky) (1873-1945)<\/div><div class=\"fg-caption-desc\">Karol \u010c\u00e1ky (ma\u010f. K\u00e1roly Istv\u00e1n \u00c1gost Albin Cs\u00e1ky) (1873-1945)<\/div><\/div><\/figcaption><\/figure><div class=\"fg-loader\"><\/div><\/div>\t<\/div>\n\t<div class=\"fg-carousel-bottom\"><\/div>\n\t<div class=\"fg-carousel-progress\"><\/div>\n\t<button type=\"button\" class=\"fg-carousel-next\" title=\"Next\"><\/button>\n<\/div>\n<h2><span style=\"color: #800000;\">Zauj\u00edmav\u00e9 odkazy<\/span><\/h2>\n<h3><span style=\"color: #808000;\">Bl\u00edzke stredisko, turistick\u00e9 centrum, obec alebo mesto:<\/span><\/h3>\n<ul>\n<li><a href=\"https:\/\/www.keturist.sk\/info\/smer-cierna-hora\/obec-jaklovce\/\">Obec Jaklovce (\u010d\u00edtaj viac&#8230;)<\/a><\/li>\n<\/ul>\n<h2><span style=\"color: #800000;\">Mapy<\/span><\/h2>\n<p><strong>Vrstvy: <\/strong>Turistick\u00e1 mapa, Automapa, Cyklomapa, Ly\u017eiarska mapa, Satelitn\u00e1 mapa a OpenStreetMap.<\/p>\n<p><strong>Kliknut\u00edm na logo &#8222;Freemap.sk&#8220; sa V\u00e1m mapa zobraz\u00ed na celej ploche obrazovky.<\/strong><\/p>\n<p><iframe style=\"width: 900px; height: 500px; border: 0;\" src=\"https:\/\/www.freemap.sk\/?map=14\/48.875195\/20.997781&amp;info-point=48.875195\/20.997781,Ka\u0161tie\u013e rodiny Cs\u00e1ky&amp;layers=X&amp;embed=search\" allowfullscreen=\"allowfullscreen\"><span data-mce-type=\"bookmark\" style=\"display: inline-block; width: 0px; overflow: hidden; line-height: 0;\" class=\"mce_SELRES_start\">\ufeff<\/span><\/iframe><\/p>\n<h2><span style=\"color: #800000;\">Po\u010dasie<\/span><\/h2>\n<p><iframe style=\"width: 900px; height: 606px;\" src=\"https:\/\/www.meteoblue.com\/sk\/po%C4%8Dasie\/widget\/three\/jaklovce_slovensk%c3%a1-republika_724595?geoloc=fixed&amp;nocurrent=0&amp;noforecast=0&amp;days=5&amp;tempunit=CELSIUS&amp;windunit=KILOMETER_PER_HOUR&amp;layout=image\" frameborder=\"0\" scrolling=\"NO\" sandbox=\"allow-same-origin allow-scripts allow-popups allow-popups-to-escape-sandbox\"><\/iframe><\/p>\n<div><!-- DO NOT REMOVE THIS LINK --><a href=\"https:\/\/www.meteoblue.com\/sk\/po%C4%8Dasie\/predpove%C4%8F\/t%C3%BD%C5%BEde%C5%88\/jaklovce_slovensk%c3%a1-republika_724595?utm_source=weather_widget&amp;utm_medium=linkus&amp;utm_content=three&amp;utm_campaign=Weather%2BWidget\" target=\"_blank\" rel=\"noopener noreferrer\">meteoblue<\/a><\/div>\n<p>&nbsp;<\/p>\n","protected":false},"excerpt":{"rendered":"<p>Podkateg\u00f3ria: Lokaliz\u00e1cia: \u010cierna hora Ka\u0161tie\u013e rodiny Cs\u00e1ky sa nach\u00e1dza v obci Jaklovce (okres Gelnica) priamo na za\u010diatku obce, hne\u010f pri hlavnej ceste z Ko\u0161\u00edc do Gelnice. Ak\u00fd bol p\u00f4vodn\u00fd \u00fa\u010del [&hellip;]<\/p>\n","protected":false},"author":1,"featured_media":37026,"parent":0,"menu_order":0,"comment_status":"closed","ping_status":"closed","template":"","meta":{"_uag_custom_page_level_css":"","_monsterinsights_skip_tracking":false,"_monsterinsights_sitenote_active":false,"_monsterinsights_sitenote_note":"","_monsterinsights_sitenote_category":0,"footnotes":""},"class_list":["post-2967","page","type-page","status-publish","has-post-thumbnail","hentry"],"featured_image_src":"https:\/\/www.keturist.sk\/info\/wp-content\/uploads\/2020\/12\/jaklovce-kastiel1.jpg","featured_image_src_square":"https:\/\/www.keturist.sk\/info\/wp-content\/uploads\/2020\/12\/jaklovce-kastiel1.jpg","rbea_author_info":{"display_name":"admin","author_link":"https:\/\/www.keturist.sk\/info\/author\/admin\/"},"rbea_excerpt_info":"Podkateg\u00f3ria: Lokaliz\u00e1cia: \u010cierna hora Ka\u0161tie\u013e rodiny Cs\u00e1ky sa nach\u00e1dza v obci Jaklovce (okres Gelnica) priamo na za\u010diatku obce, hne\u010f pri hlavnej ceste z Ko\u0161\u00edc do Gelnice. Ak\u00fd bol p\u00f4vodn\u00fd \u00fa\u010del [&hellip;]","uagb_featured_image_src":{"full":["https:\/\/www.keturist.sk\/info\/wp-content\/uploads\/2020\/12\/jaklovce-kastiel1.jpg",800,600,false],"thumbnail":["https:\/\/www.keturist.sk\/info\/wp-content\/uploads\/2020\/12\/jaklovce-kastiel1-240x180.jpg",240,180,true],"medium":["https:\/\/www.keturist.sk\/info\/wp-content\/uploads\/2020\/12\/jaklovce-kastiel1.jpg",800,600,false],"medium_large":["https:\/\/www.keturist.sk\/info\/wp-content\/uploads\/2020\/12\/jaklovce-kastiel1-768x576.jpg",768,576,true],"large":["https:\/\/www.keturist.sk\/info\/wp-content\/uploads\/2020\/12\/jaklovce-kastiel1.jpg",800,600,false],"1536x1536":["https:\/\/www.keturist.sk\/info\/wp-content\/uploads\/2020\/12\/jaklovce-kastiel1.jpg",800,600,false],"2048x2048":["https:\/\/www.keturist.sk\/info\/wp-content\/uploads\/2020\/12\/jaklovce-kastiel1.jpg",800,600,false]},"uagb_author_info":{"display_name":"admin","author_link":"https:\/\/www.keturist.sk\/info\/author\/admin\/"},"uagb_comment_info":0,"uagb_excerpt":"Podkateg\u00f3ria: Lokaliz\u00e1cia: \u010cierna hora Ka\u0161tie\u013e rodiny Cs\u00e1ky sa nach\u00e1dza v obci Jaklovce (okres Gelnica) priamo na za\u010diatku obce, hne\u010f pri hlavnej ceste z Ko\u0161\u00edc do Gelnice. Ak\u00fd bol p\u00f4vodn\u00fd \u00fa\u010del [&hellip;]","_links":{"self":[{"href":"https:\/\/www.keturist.sk\/info\/wp-json\/wp\/v2\/pages\/2967","targetHints":{"allow":["GET"]}}],"collection":[{"href":"https:\/\/www.keturist.sk\/info\/wp-json\/wp\/v2\/pages"}],"about":[{"href":"https:\/\/www.keturist.sk\/info\/wp-json\/wp\/v2\/types\/page"}],"author":[{"embeddable":true,"href":"https:\/\/www.keturist.sk\/info\/wp-json\/wp\/v2\/users\/1"}],"replies":[{"embeddable":true,"href":"https:\/\/www.keturist.sk\/info\/wp-json\/wp\/v2\/comments?post=2967"}],"version-history":[{"count":7,"href":"https:\/\/www.keturist.sk\/info\/wp-json\/wp\/v2\/pages\/2967\/revisions"}],"predecessor-version":[{"id":72427,"href":"https:\/\/www.keturist.sk\/info\/wp-json\/wp\/v2\/pages\/2967\/revisions\/72427"}],"wp:featuredmedia":[{"embeddable":true,"href":"https:\/\/www.keturist.sk\/info\/wp-json\/wp\/v2\/media\/37026"}],"wp:attachment":[{"href":"https:\/\/www.keturist.sk\/info\/wp-json\/wp\/v2\/media?parent=2967"}],"curies":[{"name":"wp","href":"https:\/\/api.w.org\/{rel}","templated":true}]}}